{"id":389050,"date":"2025-05-10T12:06:23","date_gmt":"2025-05-10T11:06:23","guid":{"rendered":"https:\/\/www.purejewels.com\/?post_type=product&#038;p=389050"},"modified":"2026-03-17T12:17:30","modified_gmt":"2026-03-17T12:17:30","slug":"ovale-ohrstecker-aus-22-karat-sunrise-gold-mit-smaragd-51289","status":"publish","type":"product","link":"https:\/\/www.purejewels.com\/de\/product\/22ct-sunrise-gold-oval-shaped-studs-with-emerald-51289\/","title":{"rendered":"Solo Smaragd Ohrstecker"},"content":{"rendered":"<p data-start=\"625\" data-end=\"666\"><strong data-start=\"625\" data-end=\"664\">Zeitlose Sch\u00f6nheit in klassischem Design<\/strong><\/p>\n<p data-start=\"668\" data-end=\"990\">Diese <strong data-start=\"673\" data-end=\"703\">22ct Sunrise Gold Ohrstecker Set<\/strong> verk\u00f6rpert unaufdringlichen Luxus, mit <strong data-start=\"743\" data-end=\"770\">0,81ct nat\u00fcrliche Smaragde<\/strong> die einen fesselnden Farbakzent setzen. Die reiche <strong data-start=\"817\" data-end=\"837\">gold-rosa Ton<\/strong> von <strong data-start=\"841\" data-end=\"857\">Sonnenaufgang Gold<\/strong>Inspiriert vom ersten Licht der Morgend\u00e4mmerung, unterstreicht es die Brillanz der Smaragde und schafft eine harmonische Mischung aus W\u00e4rme und Lebendigkeit.<\/p>\n<p data-start=\"992\" data-end=\"1028\"><strong data-start=\"992\" data-end=\"1026\">Die Brillanz von Sunrise Gold<\/strong><\/p>\n<p data-start=\"1030\" data-end=\"1405\">Gefertigt aus unserem <strong data-start=\"1047\" data-end=\"1079\">exklusive Sunrise Gold-Legierung<\/strong>bietet dieses Ohrstecker-Set sowohl Sch\u00f6nheit als auch St\u00e4rke. Beibehaltung der Reinheit der <strong data-start=\"1152\" data-end=\"1165\">22 Karat Gold<\/strong>Die Elastizit\u00e4t der Legierung erm\u00f6glicht feine, zarte Designs, die lange haltbar sind. Die weiche und doch strahlende <strong data-start=\"1276\" data-end=\"1297\">rosa-goldener Schimmer<\/strong> passt zu allen Hautt\u00f6nen und macht diese Ohrstecker zu einer vielseitigen Wahl sowohl f\u00fcr moderne als auch f\u00fcr traditionelle Stile.<\/p>\n<p data-start=\"1407\" data-end=\"1434\"><strong data-start=\"1407\" data-end=\"1432\">Ein vielseitiges Essential<\/strong><\/p>\n<p data-start=\"1436\" data-end=\"1727\" data-is-last-node=\"\" data-is-only-node=\"\">Perfekt f\u00fcr besondere Anl\u00e4sse, aber auch f\u00fcr den Alltag, sind diese Edelsteine aus <strong data-start=\"1496\" data-end=\"1545\">22ct Sunrise Gold Ohrstecker mit nat\u00fcrlichen Smaragden<\/strong> sind eine m\u00fchelose M\u00f6glichkeit, jedem Outfit einen raffinierten Touch zu verleihen. Ob allein getragen f\u00fcr einen minimalistischen Look oder in Kombination mit anderem Schmuck, sie bieten zeitlose Eleganz und dauerhaften Charme.<\/p>\n<p data-start=\"1436\" data-end=\"1727\" data-is-last-node=\"\" data-is-only-node=\"\"><b>Bereichs-ID <\/b>SGERSTZC001<br \/>\n<b>SKU:<\/b> 54596<\/p>","protected":false},"excerpt":{"rendered":"<p>Verleihen Sie Ihrer Kollektion zeitlose Eleganz mit diesem 22-kar\u00e4tigen Sunrise Gold Ohrstecker-Set mit nat\u00fcrlichen Smaragden. Gefertigt aus unserer exklusiven Sunrise Gold-Legierung, bewahrt es die Reinheit von 22 Karat Gold und bietet gleichzeitig Langlebigkeit und einen strahlenden, ros\u00e9goldenen Farbton. Das Drahtdesign verleiht ihm St\u00e4rke und Eleganz, w\u00e4hrend die leuchtenden Smaragde seine Sch\u00f6nheit unterstreichen.<\/p>\n<p><strong>Material:<\/strong> 22ct Sonnenaufgang Gold<br \/>\n<strong>Reinheit: <\/strong>91.6% reines Gold<strong><br \/>\n<strong>Wahrzeichen: <\/strong><\/strong>Britisches G\u00fctesiegel<strong><strong><br \/>\n<strong>Edelstein: <\/strong><\/strong><\/strong>Nat\u00fcrliche Smaragde<strong><strong><br \/>\n<strong>Edelstein Gewicht: <\/strong><\/strong><\/strong>0,77ct<strong><strong><strong><br \/>\n<strong>Herkunft: <\/strong><\/strong><\/strong><\/strong>Sambia<strong><strong><strong><strong><br \/>\n<strong>Meiner: <\/strong><\/strong><\/strong><\/strong><\/strong>Gemfields<strong><strong><strong><strong><strong><br \/>\n<strong>Bruttogewicht: <\/strong><\/strong><\/strong><\/strong><\/strong><\/strong>2.0 Gms<strong><br \/>\nNettogewicht: <\/strong>1,9 Gramm<br \/>\n<strong><strong><strong><strong><strong><strong>SKU: <\/strong><\/strong><\/strong><\/strong><\/strong><\/strong>54596<br \/>\nIch m\u00f6chte diese Ohrringe mit einem passenden Anh\u00e4nger kombinieren. <a href=\"https:\/\/www.purejewels.com\/de\/produkt-2\/22ct-sunrise-goldanhanger-mit-smaragd-51285\/\">Klicken Sie hier<\/a><\/p>\n<p><strong><strong><strong><strong><strong><strong>Preis und Lieferung: <\/strong><\/strong><\/strong><\/strong><\/strong><\/strong>Inklusive Mehrwertsteuer und Lieferkosten<strong><strong><strong><strong><strong><br \/>\n<a href=\"https:\/\/www.purejewels.com\/de\/ruckgabepolitik\/\">R\u00fcckgabepolitik<\/a><\/strong><\/strong><\/strong><\/strong><\/strong><\/p>","protected":false},"featured_media":389225,"comment_status":"closed","ping_status":"closed","template":"","meta":{"_eb_attr":"","_crsspst_to_jayantr4sg-hostcom":false},"product_brand":[],"product_cat":[1791,5699,6190,5754,1254,5972,1229,1577,1569,1573,1574,5747],"product_tag":[66],"class_list":{"0":"post-389050","1":"product","2":"type-product","3":"status-publish","4":"has-post-thumbnail","6":"product_cat-anniversary-gifts","7":"product_cat-coloured-gemstone-jewellery","8":"product_cat-easter-jewellery","9":"product_cat-emerald","10":"product_cat-gold-earrings","11":"product_cat-gold-emerald-earrings","12":"product_cat-22ct-gold-jewellery","13":"product_cat-stud-earrings","14":"product_cat-valentine-day-gifts","15":"product_cat-wedding-gifts","16":"product_cat-womens-jewellery","17":"product_cat-mantra-collection","18":"product_tag-earrings","20":"first","21":"instock","22":"taxable","23":"shipping-taxable","24":"purchasable","25":"product-type-simple","26":"add-to-wishlist-before_image"},"yoast_head":"<!-- This site is optimized with the Yoast SEO plugin v27.4 - https:\/\/yoast.com\/product\/yoast-seo-wordpress\/ -->\n<title>Shop 22ct Gold Oval Shaped Emerald Stud | PureJewels UK<\/title>\n<meta name=\"description\" content=\"Shop 22ct gold oval-shaped stud earrings with emerald online at PureJewels UK. Timeless design, perfect for any occasion. Free delivery across UK.\" \/>\n<meta name=\"robots\" content=\"index, follow, max-snippet:-1, max-image-preview:large, max-video-preview:-1\" \/>\n<link rel=\"canonical\" href=\"https:\/\/www.purejewels.com\/de\/produkt-2\/ovale-ohrstecker-aus-22-karat-sunrise-gold-mit-smaragd-51289\/\" \/>\n<meta property=\"og:locale\" content=\"de_DE\" \/>\n<meta property=\"og:type\" content=\"article\" \/>\n<meta property=\"og:title\" content=\"Shop 22ct Gold Oval Shaped Emerald Stud | PureJewels UK\" \/>\n<meta property=\"og:description\" content=\"Shop 22ct gold oval-shaped stud earrings with emerald online at PureJewels UK. Timeless design, perfect for any occasion. Free delivery across UK.\" \/>\n<meta property=\"og:url\" content=\"https:\/\/www.purejewels.com\/de\/produkt-2\/ovale-ohrstecker-aus-22-karat-sunrise-gold-mit-smaragd-51289\/\" \/>\n<meta property=\"og:site_name\" content=\"PureJewels UK\" \/>\n<meta property=\"article:modified_time\" content=\"2026-03-17T12:17:30+00:00\" \/>\n<meta property=\"og:image\" content=\"https:\/\/static.purejewels.com\/wp-content\/uploads\/2025\/03\/51289.png\" \/>\n\t<meta property=\"og:image:width\" content=\"1000\" \/>\n\t<meta property=\"og:image:height\" content=\"1000\" \/>\n\t<meta property=\"og:image:type\" content=\"image\/png\" \/>\n<meta name=\"twitter:card\" content=\"summary_large_image\" \/>\n<meta name=\"twitter:label1\" content=\"Gesch\u00e4tzte Lesezeit\" \/>\n\t<meta name=\"twitter:data1\" content=\"1\u00a0Minute\" \/>\n<script type=\"application\/ld+json\" class=\"yoast-schema-graph\">{\"@context\":\"https:\\\/\\\/schema.org\",\"@graph\":[{\"@type\":[\"WebPage\",\"ItemPage\"],\"@id\":\"https:\\\/\\\/www.purejewels.com\\\/product\\\/22ct-sunrise-gold-oval-shaped-studs-with-emerald-51289\\\/\",\"url\":\"https:\\\/\\\/www.purejewels.com\\\/product\\\/22ct-sunrise-gold-oval-shaped-studs-with-emerald-51289\\\/\",\"name\":\"Shop 22ct Gold Oval Shaped Emerald Stud | PureJewels UK\",\"isPartOf\":{\"@id\":\"https:\\\/\\\/www.purejewels.com\\\/#website\"},\"primaryImageOfPage\":{\"@id\":\"https:\\\/\\\/www.purejewels.com\\\/product\\\/22ct-sunrise-gold-oval-shaped-studs-with-emerald-51289\\\/#primaryimage\"},\"image\":{\"@id\":\"https:\\\/\\\/www.purejewels.com\\\/product\\\/22ct-sunrise-gold-oval-shaped-studs-with-emerald-51289\\\/#primaryimage\"},\"thumbnailUrl\":\"https:\\\/\\\/static.purejewels.com\\\/wp-content\\\/uploads\\\/2025\\\/03\\\/51289.png\",\"datePublished\":\"2025-05-10T11:06:23+00:00\",\"dateModified\":\"2026-03-17T12:17:30+00:00\",\"description\":\"Shop 22ct gold oval-shaped stud earrings with emerald online at PureJewels UK. Timeless design, perfect for any occasion. Free delivery across UK.\",\"breadcrumb\":{\"@id\":\"https:\\\/\\\/www.purejewels.com\\\/product\\\/22ct-sunrise-gold-oval-shaped-studs-with-emerald-51289\\\/#breadcrumb\"},\"inLanguage\":\"de\",\"potentialAction\":[{\"@type\":\"ReadAction\",\"target\":[\"https:\\\/\\\/www.purejewels.com\\\/product\\\/22ct-sunrise-gold-oval-shaped-studs-with-emerald-51289\\\/\"]}]},{\"@type\":\"ImageObject\",\"inLanguage\":\"de\",\"@id\":\"https:\\\/\\\/www.purejewels.com\\\/product\\\/22ct-sunrise-gold-oval-shaped-studs-with-emerald-51289\\\/#primaryimage\",\"url\":\"https:\\\/\\\/static.purejewels.com\\\/wp-content\\\/uploads\\\/2025\\\/03\\\/51289.png\",\"contentUrl\":\"https:\\\/\\\/static.purejewels.com\\\/wp-content\\\/uploads\\\/2025\\\/03\\\/51289.png\",\"width\":1000,\"height\":1000},{\"@type\":\"BreadcrumbList\",\"@id\":\"https:\\\/\\\/www.purejewels.com\\\/product\\\/22ct-sunrise-gold-oval-shaped-studs-with-emerald-51289\\\/#breadcrumb\",\"itemListElement\":[{\"@type\":\"ListItem\",\"position\":1,\"name\":\"Home\",\"item\":\"https:\\\/\\\/www.purejewels.com\\\/\"},{\"@type\":\"ListItem\",\"position\":2,\"name\":\"Shop\",\"item\":\"https:\\\/\\\/www.purejewels.com\\\/shop\\\/\"},{\"@type\":\"ListItem\",\"position\":3,\"name\":\"Solo Emerald Studs\"}]},{\"@type\":\"WebSite\",\"@id\":\"https:\\\/\\\/www.purejewels.com\\\/#website\",\"url\":\"https:\\\/\\\/www.purejewels.com\\\/\",\"name\":\"PureJewels UK\",\"description\":\"Share the Love\",\"publisher\":{\"@id\":\"https:\\\/\\\/www.purejewels.com\\\/#organization\"},\"potentialAction\":[{\"@type\":\"SearchAction\",\"target\":{\"@type\":\"EntryPoint\",\"urlTemplate\":\"https:\\\/\\\/www.purejewels.com\\\/?s={search_term_string}\"},\"query-input\":{\"@type\":\"PropertyValueSpecification\",\"valueRequired\":true,\"valueName\":\"search_term_string\"}}],\"inLanguage\":\"de\"},{\"@type\":\"Organization\",\"@id\":\"https:\\\/\\\/www.purejewels.com\\\/#organization\",\"name\":\"PureJewels UK\",\"url\":\"https:\\\/\\\/www.purejewels.com\\\/\",\"logo\":{\"@type\":\"ImageObject\",\"inLanguage\":\"de\",\"@id\":\"https:\\\/\\\/www.purejewels.com\\\/#\\\/schema\\\/logo\\\/image\\\/\",\"url\":\"https:\\\/\\\/static.purejewels.com\\\/wp-content\\\/uploads\\\/2020\\\/11\\\/Logo-PJ-New-1.png\",\"contentUrl\":\"https:\\\/\\\/static.purejewels.com\\\/wp-content\\\/uploads\\\/2020\\\/11\\\/Logo-PJ-New-1.png\",\"width\":150,\"height\":80,\"caption\":\"PureJewels UK\"},\"image\":{\"@id\":\"https:\\\/\\\/www.purejewels.com\\\/#\\\/schema\\\/logo\\\/image\\\/\"}}]}<\/script>\n<!-- \/ Yoast SEO plugin. -->","yoast_head_json":{"title":"Shop 22ct Gold Oval Shaped Emerald Stud | PureJewels UK","description":"Kaufen Sie ovale Ohrstecker aus 22 Karat Gold mit Smaragd online bei PureJewels UK. Zeitloses Design, perfekt f\u00fcr jeden Anlass. Kostenlose Lieferung in ganz Gro\u00dfbritannien.","robots":{"index":"index","follow":"follow","max-snippet":"max-snippet:-1","max-image-preview":"max-image-preview:large","max-video-preview":"max-video-preview:-1"},"canonical":"https:\/\/www.purejewels.com\/de\/produkt-2\/ovale-ohrstecker-aus-22-karat-sunrise-gold-mit-smaragd-51289\/","og_locale":"de_DE","og_type":"article","og_title":"Shop 22ct Gold Oval Shaped Emerald Stud | PureJewels UK","og_description":"Shop 22ct gold oval-shaped stud earrings with emerald online at PureJewels UK. Timeless design, perfect for any occasion. Free delivery across UK.","og_url":"https:\/\/www.purejewels.com\/de\/produkt-2\/ovale-ohrstecker-aus-22-karat-sunrise-gold-mit-smaragd-51289\/","og_site_name":"PureJewels UK","article_modified_time":"2026-03-17T12:17:30+00:00","og_image":[{"width":1000,"height":1000,"url":"https:\/\/static.purejewels.com\/wp-content\/uploads\/2025\/03\/51289.png","type":"image\/png"}],"twitter_card":"summary_large_image","twitter_misc":{"Gesch\u00e4tzte Lesezeit":"1\u00a0Minute"},"schema":{"@context":"https:\/\/schema.org","@graph":[{"@type":["WebPage","ItemPage"],"@id":"https:\/\/www.purejewels.com\/product\/22ct-sunrise-gold-oval-shaped-studs-with-emerald-51289\/","url":"https:\/\/www.purejewels.com\/product\/22ct-sunrise-gold-oval-shaped-studs-with-emerald-51289\/","name":"Shop 22ct Gold Oval Shaped Emerald Stud | PureJewels UK","isPartOf":{"@id":"https:\/\/www.purejewels.com\/#website"},"primaryImageOfPage":{"@id":"https:\/\/www.purejewels.com\/product\/22ct-sunrise-gold-oval-shaped-studs-with-emerald-51289\/#primaryimage"},"image":{"@id":"https:\/\/www.purejewels.com\/product\/22ct-sunrise-gold-oval-shaped-studs-with-emerald-51289\/#primaryimage"},"thumbnailUrl":"https:\/\/static.purejewels.com\/wp-content\/uploads\/2025\/03\/51289.png","datePublished":"2025-05-10T11:06:23+00:00","dateModified":"2026-03-17T12:17:30+00:00","description":"Kaufen Sie ovale Ohrstecker aus 22 Karat Gold mit Smaragd online bei PureJewels UK. Zeitloses Design, perfekt f\u00fcr jeden Anlass. Kostenlose Lieferung in ganz Gro\u00dfbritannien.","breadcrumb":{"@id":"https:\/\/www.purejewels.com\/product\/22ct-sunrise-gold-oval-shaped-studs-with-emerald-51289\/#breadcrumb"},"inLanguage":"de","potentialAction":[{"@type":"ReadAction","target":["https:\/\/www.purejewels.com\/product\/22ct-sunrise-gold-oval-shaped-studs-with-emerald-51289\/"]}]},{"@type":"ImageObject","inLanguage":"de","@id":"https:\/\/www.purejewels.com\/product\/22ct-sunrise-gold-oval-shaped-studs-with-emerald-51289\/#primaryimage","url":"https:\/\/static.purejewels.com\/wp-content\/uploads\/2025\/03\/51289.png","contentUrl":"https:\/\/static.purejewels.com\/wp-content\/uploads\/2025\/03\/51289.png","width":1000,"height":1000},{"@type":"BreadcrumbList","@id":"https:\/\/www.purejewels.com\/product\/22ct-sunrise-gold-oval-shaped-studs-with-emerald-51289\/#breadcrumb","itemListElement":[{"@type":"ListItem","position":1,"name":"Home","item":"https:\/\/www.purejewels.com\/"},{"@type":"ListItem","position":2,"name":"Shop","item":"https:\/\/www.purejewels.com\/shop\/"},{"@type":"ListItem","position":3,"name":"Solo Emerald Studs"}]},{"@type":"WebSite","@id":"https:\/\/www.purejewels.com\/#website","url":"https:\/\/www.purejewels.com\/","name":"PureJewels UK","description":"Teile die Liebe","publisher":{"@id":"https:\/\/www.purejewels.com\/#organization"},"potentialAction":[{"@type":"SearchAction","target":{"@type":"EntryPoint","urlTemplate":"https:\/\/www.purejewels.com\/?s={search_term_string}"},"query-input":{"@type":"PropertyValueSpecification","valueRequired":true,"valueName":"search_term_string"}}],"inLanguage":"de"},{"@type":"Organization","@id":"https:\/\/www.purejewels.com\/#organization","name":"PureJewels UK","url":"https:\/\/www.purejewels.com\/","logo":{"@type":"ImageObject","inLanguage":"de","@id":"https:\/\/www.purejewels.com\/#\/schema\/logo\/image\/","url":"https:\/\/static.purejewels.com\/wp-content\/uploads\/2020\/11\/Logo-PJ-New-1.png","contentUrl":"https:\/\/static.purejewels.com\/wp-content\/uploads\/2020\/11\/Logo-PJ-New-1.png","width":150,"height":80,"caption":"PureJewels UK"},"image":{"@id":"https:\/\/www.purejewels.com\/#\/schema\/logo\/image\/"}}]}},"_links":{"self":[{"href":"https:\/\/www.purejewels.com\/de\/wp-json\/wp\/v2\/product\/389050","targetHints":{"allow":["GET"]}}],"collection":[{"href":"https:\/\/www.purejewels.com\/de\/wp-json\/wp\/v2\/product"}],"about":[{"href":"https:\/\/www.purejewels.com\/de\/wp-json\/wp\/v2\/types\/product"}],"replies":[{"embeddable":true,"href":"https:\/\/www.purejewels.com\/de\/wp-json\/wp\/v2\/comments?post=389050"}],"version-history":[{"count":6,"href":"https:\/\/www.purejewels.com\/de\/wp-json\/wp\/v2\/product\/389050\/revisions"}],"predecessor-version":[{"id":427269,"href":"https:\/\/www.purejewels.com\/de\/wp-json\/wp\/v2\/product\/389050\/revisions\/427269"}],"wp:featuredmedia":[{"embeddable":true,"href":"https:\/\/www.purejewels.com\/de\/wp-json\/wp\/v2\/media\/389225"}],"wp:attachment":[{"href":"https:\/\/www.purejewels.com\/de\/wp-json\/wp\/v2\/media?parent=389050"}],"wp:term":[{"taxonomy":"product_brand","embeddable":true,"href":"https:\/\/www.purejewels.com\/de\/wp-json\/wp\/v2\/product_brand?post=389050"},{"taxonomy":"product_cat","embeddable":true,"href":"https:\/\/www.purejewels.com\/de\/wp-json\/wp\/v2\/product_cat?post=389050"},{"taxonomy":"product_tag","embeddable":true,"href":"https:\/\/www.purejewels.com\/de\/wp-json\/wp\/v2\/product_tag?post=389050"}],"curies":[{"name":"wp","href":"https:\/\/api.w.org\/{rel}","templated":true}]}}