{"id":389053,"date":"2025-05-23T12:13:25","date_gmt":"2025-05-23T11:13:25","guid":{"rendered":"https:\/\/www.purejewels.com\/?post_type=product&#038;p=389053"},"modified":"2026-02-09T11:50:02","modified_gmt":"2026-02-09T11:50:02","slug":"22ct-sunrise-goldanhanger-mit-smaragd-51285","status":"publish","type":"product","link":"https:\/\/www.purejewels.com\/de\/product\/22ct-sunrise-gold-pendant-with-emerald-51285\/","title":{"rendered":"Solo-Smaragd-Anh\u00e4nger"},"content":{"rendered":"<h3 data-start=\"106\" data-end=\"138\">Ein Symbol der Gnade und des Erbes<\/h3>\n<p data-start=\"140\" data-end=\"189\"><strong>Die Essenz der Tradition trifft auf moderne Eleganz<\/strong><\/p>\n<p class=\"\" data-start=\"191\" data-end=\"624\">Treten Sie ein in eine Welt, in der zeitlose Tradition und zeitgen\u00f6ssische Kunst mit dem <strong data-start=\"279\" data-end=\"312\">22ct Sunrise Gold-Anh\u00e4nger-Set<\/strong>ein ausgezeichnetes Werk des renommierten <strong data-start=\"357\" data-end=\"378\">Zariya Kollektion<\/strong>. Dieses exquisite Anh\u00e4ngerset ist ein wahrer Beweis f\u00fcr die harmonische Verbindung von Tradition und moderner Handwerkskunst. Sein Herzst\u00fcck ist ein nat\u00fcrlicher Smaragd von 0,40 Karat, der f\u00fcr seine <strong data-start=\"564\" data-end=\"582\">l<\/strong>uschgr\u00fcner Farbton, der Vitalit\u00e4t und Charme ausstrahlt.<\/p>\n<p class=\"\" data-start=\"626\" data-end=\"1026\">Das satte, gr\u00fcne Leuchten des Smaragds wird durch die warmen, strahlenden T\u00f6ne von Sunrise Gold wundersch\u00f6n akzentuiert - einer einzigartigen Legierung, die den himmlischen Glanz des ersten Morgenlichts verk\u00f6rpert. Dieser faszinierende Kontrast verst\u00e4rkt nicht nur den \u00e4sthetischen Reiz des Anh\u00e4ngers, sondern verleiht ihm auch eine Aura von raffinierter Eleganz und macht ihn zu einem gesch\u00e4tzten Symbol f\u00fcr Anmut und Erbe.<\/p>\n<h3 data-start=\"1033\" data-end=\"1065\">Die Brillanz von Sunrise Gold<\/h3>\n<p data-start=\"1067\" data-end=\"1114\"><strong>Reinheit neu interpretiert mit einem Hauch von Innovation<\/strong><\/p>\n<p class=\"\" data-start=\"1116\" data-end=\"1589\">Dieses aus unserer exklusiven Sunrise Gold-Legierung gefertigte Anh\u00e4ngerset bietet die un\u00fcbertroffene Reinheit von 22 Karat Gold, angereichert mit \u00fcberlegener Haltbarkeit. Der charakteristische ros\u00e9goldene Glanz der Legierung, der von den sanften Farben des ersten Tageslichts inspiriert ist, verleiht eine luxuri\u00f6se W\u00e4rme, die zu jedem Hautton passt. Ob Sie einen hellen, mittleren oder kr\u00e4ftigen Teint haben, der strahlende Glanz von Sunrise Gold verleiht Ihrem Ensemble einen raffinierten, leuchtenden Touch.<\/p>\n<p class=\"\" data-start=\"1591\" data-end=\"1853\">Abgesehen von seiner Sch\u00f6nheit sorgt die verbesserte Haltbarkeit daf\u00fcr, dass dieses Anh\u00e4ngerset seine Brillanz beh\u00e4lt, was es zu einer zeitlosen Erg\u00e4nzung Ihrer Schmucksammlung macht. Es ist mehr als nur ein Accessoire - es ist eine Investition in best\u00e4ndige Eleganz und dauerhaften Charme.<\/p>\n<h3 data-start=\"1860\" data-end=\"1899\">Vielseitige Eleganz f\u00fcr jede Gelegenheit<\/h3>\n<p data-start=\"1901\" data-end=\"1946\"><strong>M\u00fchelose Eleganz, un\u00fcbertroffene Raffinesse<\/strong><\/p>\n<p class=\"\" data-start=\"1948\" data-end=\"2262\">Dieses vielseitig einsetzbare Anh\u00e4ngerset l\u00e4sst sich nahtlos von der Alltagskleidung bis hin zu formellen Anl\u00e4ssen tragen. Dank seines eleganten Designs passt es m\u00fchelos sowohl zu traditioneller Kleidung wie Sarees und Lehengas als auch zu modernen Outfits wie Kleidern und Ma\u00dfanz\u00fcgen.<\/p>\n<p class=\"\" data-start=\"2264\" data-end=\"2613\">Die aufwendige Handwerkskunst und der auff\u00e4llige Smaragdglanz machen ihn zu einem Statement, das zeitlosen Charme verspr\u00fcht, ohne Ihren Look zu erdr\u00fccken. Egal, ob Sie an einer Hochzeit, einer festlichen Feier oder einem legeren Brunch teilnehmen, dieses Anh\u00e4ngerset zeugt von Ihrem raffinierten Geschmack und Ihrer Wertsch\u00e4tzung f\u00fcr das Erbe.<\/p>\n<h3 data-start=\"2620\" data-end=\"2657\">Der Geist der Sammlung Zariya<\/h3>\n<p class=\"\" data-start=\"2659\" data-end=\"3044\">Die Zariya-Kollektion ist mehr als nur eine Schmucklinie - sie zelebriert das kulturelle Erbe, die raffinierte Kunstfertigkeit und die zeitlose Eleganz. Jedes St\u00fcck, einschlie\u00dflich dieses atemberaubenden Anh\u00e4ngersets, spiegelt eine Geschichte der Tradition wider, die mit modernem Flair neu interpretiert wurde. Es ist mehr als nur ein Schmuckst\u00fcck, es ist ein Verm\u00e4chtnis, das \u00fcber Generationen hinweg bewahrt werden soll.<\/p>\n<p class=\"\" data-start=\"3046\" data-end=\"3214\">Genie\u00dfen Sie den Glanz von Sunrise Gold und lassen Sie Ihren Stil mit der Anmut, dem Erbe und der Raffinesse erstrahlen, die nur die Zariya Kollektion bieten kann.<\/p>\n<p data-start=\"1293\" data-end=\"1633\" data-is-last-node=\"\" data-is-only-node=\"\"><b>Bereichs-ID <\/b>SGPNSPZC001<br \/>\n<b>SKU:<\/b>\u00a051285<\/p>","protected":false},"excerpt":{"rendered":"<p>Dieser Anh\u00e4nger aus 22-kar\u00e4tigem Sunrise Gold enth\u00e4lt einen 0,40-kar\u00e4tigen nat\u00fcrlichen Smaragd, der zeitlose Sch\u00f6nheit symbolisiert. Gefertigt aus unserer exklusiven Sunrise Gold-Legierung, bewahrt er die Reinheit von 22 Karat Gold und bietet gleichzeitig Langlebigkeit und einen strahlenden, ros\u00e9goldenen Farbton. Das filigrane Design unterstreicht seine Raffinesse und macht ihn zu einer exquisiten Wahl f\u00fcr die Eleganz des Alltags.<\/p>\n<p><strong>Material:<\/strong>\u00a022ct Gold<br \/>\n<strong>Reinheit<\/strong>: 91.6% reines Gold<br \/>\n<strong>Wahrzeichen<\/strong>: Britisches G\u00fctesiegel<br \/>\n<strong>Edelstein:<\/strong> Nat\u00fcrliche Smaragde<br \/>\n<strong>Edelstein Gewicht<\/strong>: 0,4ct gesamt<br \/>\n<strong>Herkunft<\/strong>: Sambia<br \/>\n<strong>Meine<\/strong>: Gemfields<br \/>\n<strong>Bruttogewicht:<\/strong> 1.0 Gms<br \/>\n<strong>SKU:<\/strong> 51285<\/p>\n<p><strong>Preis und Lieferung:<\/strong>\u00a0Inklusive Mehrwertsteuer und Lieferkosten<br \/>\n<a href=\"https:\/\/www.purejewels.com\/de\/ruckgabepolitik\/\">R\u00fcckgabepolitik<\/a><\/p>","protected":false},"featured_media":389235,"comment_status":"closed","ping_status":"closed","template":"","meta":{"_eb_attr":"","_crsspst_to_jayantr4sg-hostcom":false},"product_brand":[],"product_cat":[1791,5699,5754,1770,5959,1229,1255,1767,1569,1573,1574,5747],"product_tag":[66],"class_list":{"0":"post-389053","1":"product","2":"type-product","3":"status-publish","4":"has-post-thumbnail","6":"product_cat-anniversary-gifts","7":"product_cat-coloured-gemstone-jewellery","8":"product_cat-emerald","9":"product_cat-fancy-pendants","10":"product_cat-gold-emerald-pendant","11":"product_cat-22ct-gold-jewellery","12":"product_cat-gold-pendants","13":"product_cat-ladies-pendants","14":"product_cat-valentine-day-gifts","15":"product_cat-wedding-gifts","16":"product_cat-womens-jewellery","17":"product_cat-mantra-collection","18":"product_tag-earrings","20":"first","21":"onbackorder","22":"taxable","23":"shipping-taxable","24":"purchasable","25":"product-type-simple","26":"add-to-wishlist-before_image"},"yoast_head":"<!-- This site is optimized with the Yoast SEO plugin v27.5 - https:\/\/yoast.com\/product\/yoast-seo-wordpress\/ -->\n<title>22ct Gold Pendant with Emerald online at PureJewels UK<\/title>\n<meta name=\"description\" content=\"Shop the 22ct Sunrise Gold Pendant with Emerald at PureJewels UK. A sophisticated piece of fine jewellery, blending luxury with timeless elegance.\" \/>\n<meta name=\"robots\" content=\"index, follow, max-snippet:-1, max-image-preview:large, max-video-preview:-1\" \/>\n<link rel=\"canonical\" href=\"https:\/\/www.purejewels.com\/de\/produkt-2\/22ct-sunrise-goldanhanger-mit-smaragd-51285\/\" \/>\n<meta property=\"og:locale\" content=\"de_DE\" \/>\n<meta property=\"og:type\" content=\"article\" \/>\n<meta property=\"og:title\" content=\"22ct Gold Pendant with Emerald online at PureJewels UK\" \/>\n<meta property=\"og:description\" content=\"Shop the 22ct Sunrise Gold Pendant with Emerald at PureJewels UK. A sophisticated piece of fine jewellery, blending luxury with timeless elegance.\" \/>\n<meta property=\"og:url\" content=\"https:\/\/www.purejewels.com\/de\/produkt-2\/22ct-sunrise-goldanhanger-mit-smaragd-51285\/\" \/>\n<meta property=\"og:site_name\" content=\"PureJewels UK\" \/>\n<meta property=\"article:modified_time\" content=\"2026-02-09T11:50:02+00:00\" \/>\n<meta property=\"og:image\" content=\"https:\/\/static.purejewels.com\/wp-content\/uploads\/2025\/03\/51285.png\" \/>\n\t<meta property=\"og:image:width\" content=\"1000\" \/>\n\t<meta property=\"og:image:height\" content=\"1000\" \/>\n\t<meta property=\"og:image:type\" content=\"image\/png\" \/>\n<meta name=\"twitter:card\" content=\"summary_large_image\" \/>\n<meta name=\"twitter:label1\" content=\"Gesch\u00e4tzte Lesezeit\" \/>\n\t<meta name=\"twitter:data1\" content=\"3\u00a0Minuten\" \/>\n<script type=\"application\/ld+json\" class=\"yoast-schema-graph\">{\"@context\":\"https:\\\/\\\/schema.org\",\"@graph\":[{\"@type\":[\"WebPage\",\"ItemPage\"],\"@id\":\"https:\\\/\\\/www.purejewels.com\\\/product\\\/22ct-sunrise-gold-pendant-with-emerald-51285\\\/\",\"url\":\"https:\\\/\\\/www.purejewels.com\\\/product\\\/22ct-sunrise-gold-pendant-with-emerald-51285\\\/\",\"name\":\"22ct Gold Pendant with Emerald online at PureJewels UK\",\"isPartOf\":{\"@id\":\"https:\\\/\\\/www.purejewels.com\\\/#website\"},\"primaryImageOfPage\":{\"@id\":\"https:\\\/\\\/www.purejewels.com\\\/product\\\/22ct-sunrise-gold-pendant-with-emerald-51285\\\/#primaryimage\"},\"image\":{\"@id\":\"https:\\\/\\\/www.purejewels.com\\\/product\\\/22ct-sunrise-gold-pendant-with-emerald-51285\\\/#primaryimage\"},\"thumbnailUrl\":\"https:\\\/\\\/static.purejewels.com\\\/wp-content\\\/uploads\\\/2025\\\/03\\\/51285.png\",\"datePublished\":\"2025-05-23T11:13:25+00:00\",\"dateModified\":\"2026-02-09T11:50:02+00:00\",\"description\":\"Shop the 22ct Sunrise Gold Pendant with Emerald at PureJewels UK. A sophisticated piece of fine jewellery, blending luxury with timeless elegance.\",\"breadcrumb\":{\"@id\":\"https:\\\/\\\/www.purejewels.com\\\/product\\\/22ct-sunrise-gold-pendant-with-emerald-51285\\\/#breadcrumb\"},\"inLanguage\":\"de\",\"potentialAction\":[{\"@type\":\"ReadAction\",\"target\":[\"https:\\\/\\\/www.purejewels.com\\\/product\\\/22ct-sunrise-gold-pendant-with-emerald-51285\\\/\"]}]},{\"@type\":\"ImageObject\",\"inLanguage\":\"de\",\"@id\":\"https:\\\/\\\/www.purejewels.com\\\/product\\\/22ct-sunrise-gold-pendant-with-emerald-51285\\\/#primaryimage\",\"url\":\"https:\\\/\\\/static.purejewels.com\\\/wp-content\\\/uploads\\\/2025\\\/03\\\/51285.png\",\"contentUrl\":\"https:\\\/\\\/static.purejewels.com\\\/wp-content\\\/uploads\\\/2025\\\/03\\\/51285.png\",\"width\":1000,\"height\":1000},{\"@type\":\"BreadcrumbList\",\"@id\":\"https:\\\/\\\/www.purejewels.com\\\/product\\\/22ct-sunrise-gold-pendant-with-emerald-51285\\\/#breadcrumb\",\"itemListElement\":[{\"@type\":\"ListItem\",\"position\":1,\"name\":\"Home\",\"item\":\"https:\\\/\\\/www.purejewels.com\\\/\"},{\"@type\":\"ListItem\",\"position\":2,\"name\":\"Shop\",\"item\":\"https:\\\/\\\/www.purejewels.com\\\/shop\\\/\"},{\"@type\":\"ListItem\",\"position\":3,\"name\":\"Solo Emerald Pendant\"}]},{\"@type\":\"WebSite\",\"@id\":\"https:\\\/\\\/www.purejewels.com\\\/#website\",\"url\":\"https:\\\/\\\/www.purejewels.com\\\/\",\"name\":\"PureJewels UK\",\"description\":\"Share the Love\",\"publisher\":{\"@id\":\"https:\\\/\\\/www.purejewels.com\\\/#organization\"},\"potentialAction\":[{\"@type\":\"SearchAction\",\"target\":{\"@type\":\"EntryPoint\",\"urlTemplate\":\"https:\\\/\\\/www.purejewels.com\\\/?s={search_term_string}\"},\"query-input\":{\"@type\":\"PropertyValueSpecification\",\"valueRequired\":true,\"valueName\":\"search_term_string\"}}],\"inLanguage\":\"de\"},{\"@type\":\"Organization\",\"@id\":\"https:\\\/\\\/www.purejewels.com\\\/#organization\",\"name\":\"PureJewels UK\",\"url\":\"https:\\\/\\\/www.purejewels.com\\\/\",\"logo\":{\"@type\":\"ImageObject\",\"inLanguage\":\"de\",\"@id\":\"https:\\\/\\\/www.purejewels.com\\\/#\\\/schema\\\/logo\\\/image\\\/\",\"url\":\"https:\\\/\\\/static.purejewels.com\\\/wp-content\\\/uploads\\\/2020\\\/11\\\/Logo-PJ-New-1.png\",\"contentUrl\":\"https:\\\/\\\/static.purejewels.com\\\/wp-content\\\/uploads\\\/2020\\\/11\\\/Logo-PJ-New-1.png\",\"width\":150,\"height\":80,\"caption\":\"PureJewels UK\"},\"image\":{\"@id\":\"https:\\\/\\\/www.purejewels.com\\\/#\\\/schema\\\/logo\\\/image\\\/\"}}]}<\/script>\n<!-- \/ Yoast SEO plugin. -->","yoast_head_json":{"title":"22ct Gold Anh\u00e4nger mit Smaragd online bei PureJewels UK","description":"Kaufen Sie den 22ct Sunrise Gold Anh\u00e4nger mit Smaragd bei PureJewels UK. Ein anspruchsvolles Schmuckst\u00fcck, das Luxus mit zeitloser Eleganz verbindet.","robots":{"index":"index","follow":"follow","max-snippet":"max-snippet:-1","max-image-preview":"max-image-preview:large","max-video-preview":"max-video-preview:-1"},"canonical":"https:\/\/www.purejewels.com\/de\/produkt-2\/22ct-sunrise-goldanhanger-mit-smaragd-51285\/","og_locale":"de_DE","og_type":"article","og_title":"22ct Gold Pendant with Emerald online at PureJewels UK","og_description":"Shop the 22ct Sunrise Gold Pendant with Emerald at PureJewels UK. A sophisticated piece of fine jewellery, blending luxury with timeless elegance.","og_url":"https:\/\/www.purejewels.com\/de\/produkt-2\/22ct-sunrise-goldanhanger-mit-smaragd-51285\/","og_site_name":"PureJewels UK","article_modified_time":"2026-02-09T11:50:02+00:00","og_image":[{"width":1000,"height":1000,"url":"https:\/\/static.purejewels.com\/wp-content\/uploads\/2025\/03\/51285.png","type":"image\/png"}],"twitter_card":"summary_large_image","twitter_misc":{"Gesch\u00e4tzte Lesezeit":"3\u00a0Minuten"},"schema":{"@context":"https:\/\/schema.org","@graph":[{"@type":["WebPage","ItemPage"],"@id":"https:\/\/www.purejewels.com\/product\/22ct-sunrise-gold-pendant-with-emerald-51285\/","url":"https:\/\/www.purejewels.com\/product\/22ct-sunrise-gold-pendant-with-emerald-51285\/","name":"22ct Gold Anh\u00e4nger mit Smaragd online bei PureJewels UK","isPartOf":{"@id":"https:\/\/www.purejewels.com\/#website"},"primaryImageOfPage":{"@id":"https:\/\/www.purejewels.com\/product\/22ct-sunrise-gold-pendant-with-emerald-51285\/#primaryimage"},"image":{"@id":"https:\/\/www.purejewels.com\/product\/22ct-sunrise-gold-pendant-with-emerald-51285\/#primaryimage"},"thumbnailUrl":"https:\/\/static.purejewels.com\/wp-content\/uploads\/2025\/03\/51285.png","datePublished":"2025-05-23T11:13:25+00:00","dateModified":"2026-02-09T11:50:02+00:00","description":"Kaufen Sie den 22ct Sunrise Gold Anh\u00e4nger mit Smaragd bei PureJewels UK. Ein anspruchsvolles Schmuckst\u00fcck, das Luxus mit zeitloser Eleganz verbindet.","breadcrumb":{"@id":"https:\/\/www.purejewels.com\/product\/22ct-sunrise-gold-pendant-with-emerald-51285\/#breadcrumb"},"inLanguage":"de","potentialAction":[{"@type":"ReadAction","target":["https:\/\/www.purejewels.com\/product\/22ct-sunrise-gold-pendant-with-emerald-51285\/"]}]},{"@type":"ImageObject","inLanguage":"de","@id":"https:\/\/www.purejewels.com\/product\/22ct-sunrise-gold-pendant-with-emerald-51285\/#primaryimage","url":"https:\/\/static.purejewels.com\/wp-content\/uploads\/2025\/03\/51285.png","contentUrl":"https:\/\/static.purejewels.com\/wp-content\/uploads\/2025\/03\/51285.png","width":1000,"height":1000},{"@type":"BreadcrumbList","@id":"https:\/\/www.purejewels.com\/product\/22ct-sunrise-gold-pendant-with-emerald-51285\/#breadcrumb","itemListElement":[{"@type":"ListItem","position":1,"name":"Home","item":"https:\/\/www.purejewels.com\/"},{"@type":"ListItem","position":2,"name":"Shop","item":"https:\/\/www.purejewels.com\/shop\/"},{"@type":"ListItem","position":3,"name":"Solo Emerald Pendant"}]},{"@type":"WebSite","@id":"https:\/\/www.purejewels.com\/#website","url":"https:\/\/www.purejewels.com\/","name":"PureJewels UK","description":"Teile die Liebe","publisher":{"@id":"https:\/\/www.purejewels.com\/#organization"},"potentialAction":[{"@type":"SearchAction","target":{"@type":"EntryPoint","urlTemplate":"https:\/\/www.purejewels.com\/?s={search_term_string}"},"query-input":{"@type":"PropertyValueSpecification","valueRequired":true,"valueName":"search_term_string"}}],"inLanguage":"de"},{"@type":"Organization","@id":"https:\/\/www.purejewels.com\/#organization","name":"PureJewels UK","url":"https:\/\/www.purejewels.com\/","logo":{"@type":"ImageObject","inLanguage":"de","@id":"https:\/\/www.purejewels.com\/#\/schema\/logo\/image\/","url":"https:\/\/static.purejewels.com\/wp-content\/uploads\/2020\/11\/Logo-PJ-New-1.png","contentUrl":"https:\/\/static.purejewels.com\/wp-content\/uploads\/2020\/11\/Logo-PJ-New-1.png","width":150,"height":80,"caption":"PureJewels UK"},"image":{"@id":"https:\/\/www.purejewels.com\/#\/schema\/logo\/image\/"}}]}},"_links":{"self":[{"href":"https:\/\/www.purejewels.com\/de\/wp-json\/wp\/v2\/product\/389053","targetHints":{"allow":["GET"]}}],"collection":[{"href":"https:\/\/www.purejewels.com\/de\/wp-json\/wp\/v2\/product"}],"about":[{"href":"https:\/\/www.purejewels.com\/de\/wp-json\/wp\/v2\/types\/product"}],"replies":[{"embeddable":true,"href":"https:\/\/www.purejewels.com\/de\/wp-json\/wp\/v2\/comments?post=389053"}],"version-history":[{"count":7,"href":"https:\/\/www.purejewels.com\/de\/wp-json\/wp\/v2\/product\/389053\/revisions"}],"predecessor-version":[{"id":420555,"href":"https:\/\/www.purejewels.com\/de\/wp-json\/wp\/v2\/product\/389053\/revisions\/420555"}],"wp:featuredmedia":[{"embeddable":true,"href":"https:\/\/www.purejewels.com\/de\/wp-json\/wp\/v2\/media\/389235"}],"wp:attachment":[{"href":"https:\/\/www.purejewels.com\/de\/wp-json\/wp\/v2\/media?parent=389053"}],"wp:term":[{"taxonomy":"product_brand","embeddable":true,"href":"https:\/\/www.purejewels.com\/de\/wp-json\/wp\/v2\/product_brand?post=389053"},{"taxonomy":"product_cat","embeddable":true,"href":"https:\/\/www.purejewels.com\/de\/wp-json\/wp\/v2\/product_cat?post=389053"},{"taxonomy":"product_tag","embeddable":true,"href":"https:\/\/www.purejewels.com\/de\/wp-json\/wp\/v2\/product_tag?post=389053"}],"curies":[{"name":"wp","href":"https:\/\/api.w.org\/{rel}","templated":true}]}}