{"id":389055,"date":"2025-04-22T12:19:10","date_gmt":"2025-04-22T11:19:10","guid":{"rendered":"https:\/\/www.purejewels.com\/?post_type=product&#038;p=389055"},"modified":"2026-02-09T11:54:14","modified_gmt":"2026-02-09T11:54:14","slug":"smaragd-edelstein-ohrringe-51288","status":"publish","type":"product","link":"https:\/\/www.purejewels.com\/de\/product\/emerald-gemstone-earrings-51288\/","title":{"rendered":"Sternschnuppen Smaragdtropfen"},"content":{"rendered":"<p><strong><b>Bereich <\/b>ID:<\/strong> SGERDRZC002<strong><br \/>\n<b>SKU:<\/b><\/strong>51288<\/p>\n<h3>22 Karat Sunrise Gold-Ohrringtropfen: Eine himmlische Hommage an zeitlose Eleganz<\/h3>\n<h3><strong>Inspiration und Geschichte<\/strong><\/h3>\n<p>Stellen Sie sich den fl\u00fcchtigen Moment vor, in dem eine Sternschnuppe \u00fcber den Nachthimmel streift - ein Ausbruch von Brillanz, ein fl\u00fcchtiger Traum und ein Symbol f\u00fcr endlose M\u00f6glichkeiten. Inspiriert von diesem himmlischen Wunder, ist unser <strong>22ct Sunrise Gold Ohrringtropfen<\/strong> wurden entwickelt, um den Zauber dieser fl\u00fcchtigen Momente einzufangen und sie in zeitlose Sch\u00e4tze zu verwandeln.<\/p>\n<p>Diese Ohrringe sind mehr als nur ein Accessoire, sie sind ein kosmisches Fl\u00fcstern von Sch\u00f6nheit, Eleganz und Anmut. F\u00fcr diejenigen, die m\u00fchelos gl\u00e4nzen, wurde die kaskadenf\u00f6rmige Silhouette mit <strong>nat\u00fcrliche sambische Smaragde<\/strong> spiegelt sowohl Bewegung als auch Raffinesse wider. Jede Kurve, jedes Detail ist eine Hommage an den strahlenden Geist der Tr\u00e4gerin - eine Verk\u00f6rperung von Tr\u00e4umen, Gl\u00fcck und himmlischem Charme.<\/p>\n<p>Wir bei Purejewels glauben, dass Schmuck eine Geschichte erz\u00e4hlen sollte, und diese Ohrringe sind ein Beweis f\u00fcr diese Philosophie. Sie sind nicht nur Schmuck, sondern Ausdruck kosmischen Charmes, der mit der Seele der Tr\u00e4gerin in Einklang steht. Die <strong>Smaragd-Edelstein<\/strong> im Herzen eines jeden Tropfens ist mehr als nur ein Edelstein; er ist ein Symbol f\u00fcr Hoffnung, Wachstum und die ewige Sch\u00f6nheit des Universums.<\/p>\n<p>Ganz gleich, ob Sie einen besonderen Anlass feiern, einen Meilenstein begehen oder sich einfach ein Schmuckst\u00fcck g\u00f6nnen m\u00f6chten, das Ihre innere Ausstrahlung widerspiegelt - diese Ohrringe sind Ihre perfekten Begleiter.<\/p>\n<h3><strong>Material und Handwerkskunst: Die Kunst der himmlischen Eleganz<\/strong><\/h3>\n<p>Das mit viel Liebe zum Detail gefertigte <strong>22ct Sunrise Gold Ohrringtropfen<\/strong> sind aus 91,6% reinem 22-kar\u00e4tigem Gold gefertigt - einem Edelmetall, das f\u00fcr seinen satten, warmen Farbton und seine au\u00dfergew\u00f6hnliche Haltbarkeit bekannt ist. Dieses hochwertige Gold macht die Ohrringe nicht nur optisch attraktiv, sondern sorgt auch daf\u00fcr, dass sie \u00fcber Jahre hinweg ein gesch\u00e4tzter Teil Ihrer Schmucksammlung bleiben.<\/p>\n<p>Der wahre Zauber liegt im Herzen dieser Ohrringe: <strong>1,99ct nat\u00fcrliche sambische Smaragde<\/strong>aus ethischen Gr\u00fcnden von Gemfields bezogen. Diese leuchtend gr\u00fcnen Edelsteine sind f\u00fcr ihre satte Farbe, Klarheit und au\u00dfergew\u00f6hnliche Qualit\u00e4t bekannt. Das satte Gr\u00fcn des <strong>Smaragd-Edelstein<\/strong> symbolisiert Erneuerung, Wachstum und die \u00dcppigkeit der Natur selbst. Jeder Stein wurde sorgf\u00e4ltig ausgew\u00e4hlt, um sicherzustellen, dass er den h\u00f6chsten Anspr\u00fcchen an Sch\u00f6nheit und Authentizit\u00e4t gerecht wird.<\/p>\n<p>Die <strong>Smaragd-Edelstein<\/strong>Der Glanz der Sternschnuppe wird durch den warmen, strahlenden Schimmer des 22-kar\u00e4tigen Goldes hervorgehoben, wodurch ein auff\u00e4lliger Kontrast entsteht, der die Aufmerksamkeit auf sich zieht. Das kaskadenf\u00f6rmige Design verleiht ein Gef\u00fchl von Fl\u00fcssigkeit und Bewegung und ahmt den anmutigen Bogen einer Sternschnuppe am Nachthimmel nach.<\/p>\n<p>Um die h\u00f6chsten Qualit\u00e4ts- und Authentizit\u00e4tsstandards zu gew\u00e4hrleisten, wird jedes Paar Ohrringe mit einem britischen Pr\u00fcfzeichen zertifiziert. Dieses Zeichen ist ein Symbol f\u00fcr h\u00f6chste Handwerkskunst und spiegelt das Engagement von Purejewels f\u00fcr herausragende Qualit\u00e4t in jedem von uns geschaffenen St\u00fcck wider.<\/p>\n<p>Das Design bietet ein luxuri\u00f6ses und dennoch leichtes Tragegef\u00fchl und ist somit perfekt f\u00fcr den ganzen Tag. Egal, ob Sie eine Gala oder eine Hochzeit besuchen oder einfach nur einen Tag im Freien verbringen, diese Ohrringe bieten die perfekte Mischung aus Komfort und Eleganz.<\/p>\n<p>F\u00fcr diejenigen, die die feinen Details zu sch\u00e4tzen wissen, zeigt die Handwerkskunst dieser Ohrringe das empfindliche Gleichgewicht zwischen Tradition und Modernit\u00e4t. Die Kunstfertigkeit, die hinter jedem St\u00fcck steckt, unterstreicht die Brillanz der <strong>Smaragd-Edelstein<\/strong>Die modernen Designelemente verleihen der klassischen Eleganz einen frischen, innovativen Touch.<\/p>\n<h3><strong>Der Reiz von Smaragd-Edelsteinschmuck<\/strong><\/h3>\n<p><strong>Smaragd-Edelsteinschmuck<\/strong> wird seit langem mit K\u00f6nigtum, Raffinesse und zeitloser Sch\u00f6nheit assoziiert. Die satten Gr\u00fcnt\u00f6ne von Smaragden erinnern an \u00fcppige Landschaften, uralte W\u00e4lder und die pulsierende Energie der Natur. Diese Edelsteine werden seit Jahrhunderten gesch\u00e4tzt und nicht nur wegen ihrer Sch\u00f6nheit, sondern auch wegen ihrer Symbolik bewundert.<\/p>\n<p>In vielen Kulturen, <strong>Smaragd-Edelstein<\/strong> soll Liebe, Vitalit\u00e4t und Wohlstand bringen. Er wird oft mit Erneuerung, Wachstum und dem harmonischen Gleichgewicht von Herz und Geist in Verbindung gebracht. tragen <strong>Smaragd-Edelsteinschmuck<\/strong> soll Zuversicht, Klarheit und ein Gef\u00fchl des inneren Friedens vermitteln.<\/p>\n<p>Die <strong>22ct Sunrise Gold Ohrringtropfen<\/strong> sind ein perfektes Beispiel daf\u00fcr, wie <strong>Smaragd-Edelsteinschmuck<\/strong> kann Trends \u00fcberdauern und ein dauerhaftes Symbol f\u00fcr Eleganz und Anmut werden. Ganz gleich, ob Sie sich von den satten Gr\u00fcnt\u00f6nen der Smaragde angezogen f\u00fchlen oder sich von ihrer tief verwurzelten Geschichte inspirieren lassen, diese Ohrringe sind so gestaltet, dass sie Ihre Seele ansprechen.<\/p>\n<h3><strong>Styling-Tipps: Erh\u00f6hen Sie Ihren Look mit himmlischem Charme<\/strong><\/h3>\n<p>Bei Schmuck geht es nicht nur um Verzierung, sondern auch darum, Ihren einzigartigen Stil und Ihre Pers\u00f6nlichkeit zum Ausdruck zu bringen. Hier sind einige Styling-Tipps, mit denen Sie das Beste aus Ihrem <strong>22ct Sunrise Gold Ohrringtropfen<\/strong>:<\/p>\n<h3><strong>1. Himmlische Eleganz:<\/strong><\/h3>\n<p>Kombinieren Sie diese Ohrringe mit einer Sternschnuppen-Lariat-Halskette f\u00fcr ein himmlisch inspiriertes Ensemble, das sowohl faszinierend als auch anspruchsvoll ist. Diese Kombination schafft einen harmonischen Look, bei dem die Ohrringe und die Halskette die Sch\u00f6nheit des Nachthimmels widerspiegeln.<\/p>\n<p>Tragen Sie ein schlichtes schwarzes Kleid oder ein Kleid mit dezenten metallischen Akzenten, um den Schmuck zur Geltung zu bringen. F\u00fcgen Sie ein minimalistisches Make-up mit einem Hauch von Schimmer hinzu, um die Brillanz der Ohrringe zu betonen.<\/p>\n<h3><strong>2. M\u00fchelose Glamour:<\/strong><\/h3>\n<p>Lassen Sie die Ohrringe solo mit einer eleganten Hochsteckfrisur gl\u00e4nzen, um ihr Sternschnuppen-Design zu betonen. Dieser Look ist perfekt f\u00fcr Abendveranstaltungen, Hochzeiten oder formelle Anl\u00e4sse, bei denen Sie Anmut und Selbstbewusstsein ausstrahlen m\u00f6chten.<\/p>\n<p>Kombinieren Sie dazu ein tr\u00e4gerloses oder schulterfreies Kleid, um einen auff\u00e4lligen Kontrast zwischen den Ohrringen und Ihrem Dekollet\u00e9 zu schaffen. Ein kr\u00e4ftiger roter Lippenstift oder ein zarter Nude-Ton k\u00f6nnen diesem raffinierten Ensemble den letzten Schliff geben.<\/p>\n<h3><strong>3. Vielseitiger Chic:<\/strong><\/h3>\n<p>Ideal f\u00fcr den glamour\u00f6sen Abend und den eleganten Tag, diese <strong>Edelstein-Ohrringe<\/strong> werten jeden Look mit Anmut und Charme auf. F\u00fcr einen l\u00e4ssigen und doch eleganten Tageslook kombinieren Sie sie mit einem taillierten Blazer, einer schlichten Bluse und einer Hose mit hoher Taille.<\/p>\n<p>F\u00fcr einen entspannten Look tragen Sie sie mit einem flie\u00dfenden Maxikleid und minimalistischen Sandalen. Dieses vielseitige Styling macht sie zu einem Must-Have in Ihrer Schmucksammlung, geeignet f\u00fcr jeden Anlass.<\/p>\n<h3><strong>Warum Purejewels w\u00e4hlen?<\/strong><\/h3>\n<p>Wir bei Purejewels glauben daran, Schmuck zu kreieren, der Zeit und Trends \u00fcberdauert. Unser Engagement f\u00fcr ethische Beschaffung, au\u00dfergew\u00f6hnliche Handwerkskunst und zeitloses Design hebt uns in der Welt des Luxusschmucks hervor.<\/p>\n<p>Wir sind stolz darauf, dass wir au\u00dfergew\u00f6hnliche <strong>Smaragd-Edelsteinschmuck<\/strong> die Luxus mit Nachhaltigkeit verbindet. Jedes St\u00fcck aus unserer Kollektion ist so gestaltet, dass es Ihren einzigartigen Stil unterstreicht und gleichzeitig das reiche Erbe der Edelsteinkunst ehrt.<\/p>\n<p>Unser Schmuck ist mehr als nur sch\u00f6n - er ist ein Spiegelbild Ihrer Pers\u00f6nlichkeit, ein Symbol Ihrer Reise und ein Zeugnis f\u00fcr die Sch\u00f6nheit der sch\u00f6nsten Sch\u00f6pfungen der Natur.<\/p>\n<p>Verpassen Sie nicht unser <strong>neueste Angebote in Purejewels<\/strong>, um Luxus zug\u00e4nglicher zu machen. Ganz gleich, ob Sie in atemberaubende M\u00f6bel investieren m\u00f6chten <strong>Edelsteinschmuck<\/strong> oder auf der Suche nach dem perfekten Geschenk sind, bietet unser ausgew\u00e4hltes Sortiment f\u00fcr jeden etwas.<\/p>\n<p>Entdecken Sie die Faszination von <strong>Smaragd-Edelstein<\/strong> die Brillanz und die Eleganz der <strong>Edelstein-Ohrringe<\/strong> die Trends \u00fcberdauern. Kaufen Sie noch heute bei Purejewels ein und lassen Sie Ihren Stil so hell leuchten wie die Sterne.<\/p>\n<h3><strong>Abschlie\u00dfende \u00dcberlegungen<\/strong><\/h3>\n<p>Die <strong>22ct Sunrise Gold Ohrringtropfen<\/strong> sind mehr als nur Ohrringe - sie sind eine himmlische Hommage an die Sch\u00f6nheit der fl\u00fcchtigen Momente und des dauerhaften Glanzes. Mit ihrem fesselnden Design, der ethischen Beschaffung <strong>nat\u00fcrliche sambische Smaragde<\/strong>und au\u00dfergew\u00f6hnlicher Handwerkskunst sind sie eine perfekte Erg\u00e4nzung f\u00fcr jede Schmucksammlung.<\/p>\n<p>Ob Sie ein Jubil\u00e4um feiern <strong>besonderer Anlass<\/strong>Sie k\u00f6nnen Ihren einzigartigen Stil zum Ausdruck bringen oder sich einfach den Luxus g\u00f6nnen, den <strong>Edelsteinschmuck<\/strong>Diese Ohrringe sollen jeden Moment unvergesslich machen.<\/p>\n<p>Lassen Sie sich vom kosmischen Charme und der Eleganz der <strong>Smaragd-Edelsteinschmuck<\/strong>und die zeitlose Anziehungskraft von Purejewels. Ihr strahlender Geist verdient es, so hell zu leuchten wie die Sterne.<\/p>","protected":false},"excerpt":{"rendered":"<p>Diese Sternschnuppen-Ohrringe aus 22 Karat Sunrise Gold sind ein himmlisch inspiriertes Meisterwerk mit 1,99 Karat nat\u00fcrlichen sambischen Smaragden, die Anmut, Bewegung und strahlenden Luxus ausstrahlen.<\/p>\n<p><strong>Material:<\/strong>\u00a022ct Sonnenaufgang Gold<br \/>\n<strong>Reinheit:<\/strong>\u00a091.6% reines Gold<br \/>\n<strong>Wahrzeichen:<\/strong>\u00a0Britisches G\u00fctesiegel<br \/>\n<strong>Edelstein:<\/strong>\u00a0Nat\u00fcrliche Smaragde<br \/>\n<strong>Edelstein Gewicht:<\/strong> 1,99ct gesamt<br \/>\n<strong>Herkunft:<\/strong>\u00a0Sambia<br \/>\n<strong>Meiner:<\/strong> Gemfields<br \/>\n<strong>Bruttogewicht:<\/strong> 4.8 Gms<br \/>\n<strong>SKU:<\/strong> 51288<\/p>\n<p><strong>Preis und Lieferung:<\/strong>\u00a0Inklusive Mehrwertsteuer und Lieferkosten<br \/>\n<a href=\"https:\/\/www.purejewels.com\/de\/ruckgabepolitik\/\">R\u00fcckgabepolitik<\/a><\/p>","protected":false},"featured_media":389219,"comment_status":"closed","ping_status":"closed","template":"","meta":{"_eb_attr":"","_crsspst_to_jayantr4sg-hostcom":false},"product_brand":[],"product_cat":[1791,5699,1685,5754,1254,5972,1229,1569,1573,1574,5747],"product_tag":[66],"class_list":{"0":"post-389055","1":"product","2":"type-product","3":"status-publish","4":"has-post-thumbnail","6":"product_cat-anniversary-gifts","7":"product_cat-coloured-gemstone-jewellery","8":"product_cat-drop-earrings","9":"product_cat-emerald","10":"product_cat-gold-earrings","11":"product_cat-gold-emerald-earrings","12":"product_cat-22ct-gold-jewellery","13":"product_cat-valentine-day-gifts","14":"product_cat-wedding-gifts","15":"product_cat-womens-jewellery","16":"product_cat-mantra-collection","17":"product_tag-earrings","19":"first","20":"onbackorder","21":"taxable","22":"shipping-taxable","23":"purchasable","24":"product-type-simple","25":"add-to-wishlist-before_image"},"yoast_head":"<!-- This site is optimized with the Yoast SEO plugin v27.3 - https:\/\/yoast.com\/product\/yoast-seo-wordpress\/ -->\n<title>22ct Sunrise Gold Earring Droppers with 1.99ct Emerald<\/title>\n<meta name=\"description\" content=\"Buy 22ct Gold Earring Droppers, featuring 1.99ct natural emeralds. The rich green gemstones contrast beautifully with the golden-rose glow of Sunrise Gold.\" \/>\n<meta name=\"robots\" content=\"index, follow, max-snippet:-1, max-image-preview:large, max-video-preview:-1\" \/>\n<link rel=\"canonical\" href=\"https:\/\/www.purejewels.com\/de\/produkt-2\/smaragd-edelstein-ohrringe-51288\/\" \/>\n<meta property=\"og:locale\" content=\"de_DE\" \/>\n<meta property=\"og:type\" content=\"article\" \/>\n<meta property=\"og:title\" content=\"22ct Sunrise Gold Earring Droppers with 1.99ct Emerald\" \/>\n<meta property=\"og:description\" content=\"Buy 22ct Gold Earring Droppers, featuring 1.99ct natural emeralds. The rich green gemstones contrast beautifully with the golden-rose glow of Sunrise Gold.\" \/>\n<meta property=\"og:url\" content=\"https:\/\/www.purejewels.com\/de\/produkt-2\/smaragd-edelstein-ohrringe-51288\/\" \/>\n<meta property=\"og:site_name\" content=\"PureJewels UK\" \/>\n<meta property=\"article:modified_time\" content=\"2026-02-09T11:54:14+00:00\" \/>\n<meta property=\"og:image\" content=\"https:\/\/static.purejewels.com\/wp-content\/uploads\/2025\/03\/8_1.png\" \/>\n\t<meta property=\"og:image:width\" content=\"1000\" \/>\n\t<meta property=\"og:image:height\" content=\"1000\" \/>\n\t<meta property=\"og:image:type\" content=\"image\/png\" \/>\n<meta name=\"twitter:card\" content=\"summary_large_image\" \/>\n<meta name=\"twitter:label1\" content=\"Gesch\u00e4tzte Lesezeit\" \/>\n\t<meta name=\"twitter:data1\" content=\"6\u00a0Minuten\" \/>\n<script type=\"application\/ld+json\" class=\"yoast-schema-graph\">{\"@context\":\"https:\\\/\\\/schema.org\",\"@graph\":[{\"@type\":[\"WebPage\",\"ItemPage\"],\"@id\":\"https:\\\/\\\/www.purejewels.com\\\/product\\\/emerald-gemstone-earrings-51288\\\/\",\"url\":\"https:\\\/\\\/www.purejewels.com\\\/product\\\/emerald-gemstone-earrings-51288\\\/\",\"name\":\"22ct Sunrise Gold Earring Droppers with 1.99ct Emerald\",\"isPartOf\":{\"@id\":\"https:\\\/\\\/www.purejewels.com\\\/#website\"},\"primaryImageOfPage\":{\"@id\":\"https:\\\/\\\/www.purejewels.com\\\/product\\\/emerald-gemstone-earrings-51288\\\/#primaryimage\"},\"image\":{\"@id\":\"https:\\\/\\\/www.purejewels.com\\\/product\\\/emerald-gemstone-earrings-51288\\\/#primaryimage\"},\"thumbnailUrl\":\"https:\\\/\\\/static.purejewels.com\\\/wp-content\\\/uploads\\\/2025\\\/03\\\/8_1.png\",\"datePublished\":\"2025-04-22T11:19:10+00:00\",\"dateModified\":\"2026-02-09T11:54:14+00:00\",\"description\":\"Buy 22ct Gold Earring Droppers, featuring 1.99ct natural emeralds. The rich green gemstones contrast beautifully with the golden-rose glow of Sunrise Gold.\",\"breadcrumb\":{\"@id\":\"https:\\\/\\\/www.purejewels.com\\\/product\\\/emerald-gemstone-earrings-51288\\\/#breadcrumb\"},\"inLanguage\":\"de\",\"potentialAction\":[{\"@type\":\"ReadAction\",\"target\":[\"https:\\\/\\\/www.purejewels.com\\\/product\\\/emerald-gemstone-earrings-51288\\\/\"]}]},{\"@type\":\"ImageObject\",\"inLanguage\":\"de\",\"@id\":\"https:\\\/\\\/www.purejewels.com\\\/product\\\/emerald-gemstone-earrings-51288\\\/#primaryimage\",\"url\":\"https:\\\/\\\/static.purejewels.com\\\/wp-content\\\/uploads\\\/2025\\\/03\\\/8_1.png\",\"contentUrl\":\"https:\\\/\\\/static.purejewels.com\\\/wp-content\\\/uploads\\\/2025\\\/03\\\/8_1.png\",\"width\":1000,\"height\":1000,\"caption\":\"Emerald Earring Droppers in 22ct Sunrise Gold\"},{\"@type\":\"BreadcrumbList\",\"@id\":\"https:\\\/\\\/www.purejewels.com\\\/product\\\/emerald-gemstone-earrings-51288\\\/#breadcrumb\",\"itemListElement\":[{\"@type\":\"ListItem\",\"position\":1,\"name\":\"Home\",\"item\":\"https:\\\/\\\/www.purejewels.com\\\/\"},{\"@type\":\"ListItem\",\"position\":2,\"name\":\"Shop\",\"item\":\"https:\\\/\\\/www.purejewels.com\\\/shop\\\/\"},{\"@type\":\"ListItem\",\"position\":3,\"name\":\"Shooting Star Emerald Droppers\"}]},{\"@type\":\"WebSite\",\"@id\":\"https:\\\/\\\/www.purejewels.com\\\/#website\",\"url\":\"https:\\\/\\\/www.purejewels.com\\\/\",\"name\":\"PureJewels UK\",\"description\":\"Share the Love\",\"publisher\":{\"@id\":\"https:\\\/\\\/www.purejewels.com\\\/#organization\"},\"potentialAction\":[{\"@type\":\"SearchAction\",\"target\":{\"@type\":\"EntryPoint\",\"urlTemplate\":\"https:\\\/\\\/www.purejewels.com\\\/?s={search_term_string}\"},\"query-input\":{\"@type\":\"PropertyValueSpecification\",\"valueRequired\":true,\"valueName\":\"search_term_string\"}}],\"inLanguage\":\"de\"},{\"@type\":\"Organization\",\"@id\":\"https:\\\/\\\/www.purejewels.com\\\/#organization\",\"name\":\"PureJewels UK\",\"url\":\"https:\\\/\\\/www.purejewels.com\\\/\",\"logo\":{\"@type\":\"ImageObject\",\"inLanguage\":\"de\",\"@id\":\"https:\\\/\\\/www.purejewels.com\\\/#\\\/schema\\\/logo\\\/image\\\/\",\"url\":\"https:\\\/\\\/static.purejewels.com\\\/wp-content\\\/uploads\\\/2020\\\/11\\\/Logo-PJ-New-1.png\",\"contentUrl\":\"https:\\\/\\\/static.purejewels.com\\\/wp-content\\\/uploads\\\/2020\\\/11\\\/Logo-PJ-New-1.png\",\"width\":150,\"height\":80,\"caption\":\"PureJewels UK\"},\"image\":{\"@id\":\"https:\\\/\\\/www.purejewels.com\\\/#\\\/schema\\\/logo\\\/image\\\/\"}}]}<\/script>\n<!-- \/ Yoast SEO plugin. -->","yoast_head_json":{"title":"22ct Sunrise Gold Ohrringtropfen mit 1,99ct Smaragd","description":"Kaufen Sie Ohrringtropfen aus 22 Karat Gold mit 1,99 Karat nat\u00fcrlichen Smaragden. Die sattgr\u00fcnen Edelsteine kontrastieren wundersch\u00f6n mit dem gold-rosa Schimmer von Sunrise Gold.","robots":{"index":"index","follow":"follow","max-snippet":"max-snippet:-1","max-image-preview":"max-image-preview:large","max-video-preview":"max-video-preview:-1"},"canonical":"https:\/\/www.purejewels.com\/de\/produkt-2\/smaragd-edelstein-ohrringe-51288\/","og_locale":"de_DE","og_type":"article","og_title":"22ct Sunrise Gold Earring Droppers with 1.99ct Emerald","og_description":"Buy 22ct Gold Earring Droppers, featuring 1.99ct natural emeralds. The rich green gemstones contrast beautifully with the golden-rose glow of Sunrise Gold.","og_url":"https:\/\/www.purejewels.com\/de\/produkt-2\/smaragd-edelstein-ohrringe-51288\/","og_site_name":"PureJewels UK","article_modified_time":"2026-02-09T11:54:14+00:00","og_image":[{"width":1000,"height":1000,"url":"https:\/\/static.purejewels.com\/wp-content\/uploads\/2025\/03\/8_1.png","type":"image\/png"}],"twitter_card":"summary_large_image","twitter_misc":{"Gesch\u00e4tzte Lesezeit":"6\u00a0Minuten"},"schema":{"@context":"https:\/\/schema.org","@graph":[{"@type":["WebPage","ItemPage"],"@id":"https:\/\/www.purejewels.com\/product\/emerald-gemstone-earrings-51288\/","url":"https:\/\/www.purejewels.com\/product\/emerald-gemstone-earrings-51288\/","name":"22ct Sunrise Gold Ohrringtropfen mit 1,99ct Smaragd","isPartOf":{"@id":"https:\/\/www.purejewels.com\/#website"},"primaryImageOfPage":{"@id":"https:\/\/www.purejewels.com\/product\/emerald-gemstone-earrings-51288\/#primaryimage"},"image":{"@id":"https:\/\/www.purejewels.com\/product\/emerald-gemstone-earrings-51288\/#primaryimage"},"thumbnailUrl":"https:\/\/static.purejewels.com\/wp-content\/uploads\/2025\/03\/8_1.png","datePublished":"2025-04-22T11:19:10+00:00","dateModified":"2026-02-09T11:54:14+00:00","description":"Kaufen Sie Ohrringtropfen aus 22 Karat Gold mit 1,99 Karat nat\u00fcrlichen Smaragden. Die sattgr\u00fcnen Edelsteine kontrastieren wundersch\u00f6n mit dem gold-rosa Schimmer von Sunrise Gold.","breadcrumb":{"@id":"https:\/\/www.purejewels.com\/product\/emerald-gemstone-earrings-51288\/#breadcrumb"},"inLanguage":"de","potentialAction":[{"@type":"ReadAction","target":["https:\/\/www.purejewels.com\/product\/emerald-gemstone-earrings-51288\/"]}]},{"@type":"ImageObject","inLanguage":"de","@id":"https:\/\/www.purejewels.com\/product\/emerald-gemstone-earrings-51288\/#primaryimage","url":"https:\/\/static.purejewels.com\/wp-content\/uploads\/2025\/03\/8_1.png","contentUrl":"https:\/\/static.purejewels.com\/wp-content\/uploads\/2025\/03\/8_1.png","width":1000,"height":1000,"caption":"Emerald Earring Droppers in 22ct Sunrise Gold"},{"@type":"BreadcrumbList","@id":"https:\/\/www.purejewels.com\/product\/emerald-gemstone-earrings-51288\/#breadcrumb","itemListElement":[{"@type":"ListItem","position":1,"name":"Home","item":"https:\/\/www.purejewels.com\/"},{"@type":"ListItem","position":2,"name":"Shop","item":"https:\/\/www.purejewels.com\/shop\/"},{"@type":"ListItem","position":3,"name":"Shooting Star Emerald Droppers"}]},{"@type":"WebSite","@id":"https:\/\/www.purejewels.com\/#website","url":"https:\/\/www.purejewels.com\/","name":"PureJewels UK","description":"Teile die Liebe","publisher":{"@id":"https:\/\/www.purejewels.com\/#organization"},"potentialAction":[{"@type":"SearchAction","target":{"@type":"EntryPoint","urlTemplate":"https:\/\/www.purejewels.com\/?s={search_term_string}"},"query-input":{"@type":"PropertyValueSpecification","valueRequired":true,"valueName":"search_term_string"}}],"inLanguage":"de"},{"@type":"Organization","@id":"https:\/\/www.purejewels.com\/#organization","name":"PureJewels UK","url":"https:\/\/www.purejewels.com\/","logo":{"@type":"ImageObject","inLanguage":"de","@id":"https:\/\/www.purejewels.com\/#\/schema\/logo\/image\/","url":"https:\/\/static.purejewels.com\/wp-content\/uploads\/2020\/11\/Logo-PJ-New-1.png","contentUrl":"https:\/\/static.purejewels.com\/wp-content\/uploads\/2020\/11\/Logo-PJ-New-1.png","width":150,"height":80,"caption":"PureJewels UK"},"image":{"@id":"https:\/\/www.purejewels.com\/#\/schema\/logo\/image\/"}}]}},"_links":{"self":[{"href":"https:\/\/www.purejewels.com\/de\/wp-json\/wp\/v2\/product\/389055","targetHints":{"allow":["GET"]}}],"collection":[{"href":"https:\/\/www.purejewels.com\/de\/wp-json\/wp\/v2\/product"}],"about":[{"href":"https:\/\/www.purejewels.com\/de\/wp-json\/wp\/v2\/types\/product"}],"replies":[{"embeddable":true,"href":"https:\/\/www.purejewels.com\/de\/wp-json\/wp\/v2\/comments?post=389055"}],"version-history":[{"count":4,"href":"https:\/\/www.purejewels.com\/de\/wp-json\/wp\/v2\/product\/389055\/revisions"}],"predecessor-version":[{"id":391777,"href":"https:\/\/www.purejewels.com\/de\/wp-json\/wp\/v2\/product\/389055\/revisions\/391777"}],"wp:featuredmedia":[{"embeddable":true,"href":"https:\/\/www.purejewels.com\/de\/wp-json\/wp\/v2\/media\/389219"}],"wp:attachment":[{"href":"https:\/\/www.purejewels.com\/de\/wp-json\/wp\/v2\/media?parent=389055"}],"wp:term":[{"taxonomy":"product_brand","embeddable":true,"href":"https:\/\/www.purejewels.com\/de\/wp-json\/wp\/v2\/product_brand?post=389055"},{"taxonomy":"product_cat","embeddable":true,"href":"https:\/\/www.purejewels.com\/de\/wp-json\/wp\/v2\/product_cat?post=389055"},{"taxonomy":"product_tag","embeddable":true,"href":"https:\/\/www.purejewels.com\/de\/wp-json\/wp\/v2\/product_tag?post=389055"}],"curies":[{"name":"wp","href":"https:\/\/api.w.org\/{rel}","templated":true}]}}