{"id":389057,"date":"2025-04-21T12:28:46","date_gmt":"2025-04-21T11:28:46","guid":{"rendered":"https:\/\/www.purejewels.com\/?post_type=product&#038;p=389057"},"modified":"2026-02-09T11:55:59","modified_gmt":"2026-02-09T11:55:59","slug":"poncha-aus-22-karat-gold-mit-smaragd-51298","status":"publish","type":"product","link":"https:\/\/www.purejewels.com\/de\/product\/22ct-gold-poncha-with-emerald-51298\/","title":{"rendered":"Soar Emerald Poncha"},"content":{"rendered":"<p data-start=\"578\" data-end=\"620\"><strong data-start=\"578\" data-end=\"618\"><b>Bereich ID: <\/b><\/strong>SGPOHPZC001<strong data-start=\"578\" data-end=\"618\"><br \/>\n<b>SKU:<\/b><\/strong>51298<strong data-start=\"578\" data-end=\"618\"><br \/>\n<\/strong><\/p>\n<h3 data-start=\"127\" data-end=\"224\"><strong data-start=\"129\" data-end=\"222\">22ct Sunrise Gold Poncha aus der Zariya Kollektion: Ein k\u00f6nigliches Meisterwerk der Handwerkskunst<\/strong><\/h3>\n<h3 data-start=\"226\" data-end=\"271\"><strong data-start=\"229\" data-end=\"269\">Ein k\u00f6nigliches Meisterwerk der Handwerkskunst<\/strong><\/h3>\n<p class=\"\" data-start=\"273\" data-end=\"576\">Schmuck ist mehr als nur Schmuck, er ist ein Spiegelbild des Erbes, ein Ausdruck von Kunstfertigkeit und ein Zeugnis zeitloser Eleganz. Die <strong data-start=\"412\" data-end=\"440\">22ct Sunrise Gold Poncha<\/strong> von der renommierten <strong data-start=\"462\" data-end=\"483\">Zariya Kollektion<\/strong> verk\u00f6rpert all diese Qualit\u00e4ten und verbindet kulturellen Reichtum mit zeitgen\u00f6ssischer Raffinesse.<\/p>\n<p class=\"\" data-start=\"578\" data-end=\"985\">Diese Poncha ist nicht nur ein Schmuckst\u00fcck, sondern auch ein Verm\u00e4chtnis f\u00fcr alle, die die Sch\u00f6nheit der Tradition und der modernen Kunst zu sch\u00e4tzen wissen. Jedes Detail erz\u00e4hlt eine Geschichte, von der aufw\u00e4ndigen Handwerkskunst bis zu den sorgf\u00e4ltig ausgew\u00e4hlten nat\u00fcrlichen Smaragden, die das Design zieren. Es ist ein St\u00fcck, das Generationen \u00fcberdauert und nicht nur Sch\u00f6nheit, sondern auch den best\u00e4ndigen Geist von Kunstfertigkeit und kulturellem Stolz symbolisiert.<\/p>\n<p class=\"\" data-start=\"987\" data-end=\"1279\">Die <strong data-start=\"991\" data-end=\"1019\">22ct Sunrise Gold Poncha<\/strong> ist so gestaltet, dass es die Essenz des Erbes zelebriert und gleichzeitig die Eleganz des zeitgen\u00f6ssischen Designs aufgreift. Es ist ein exquisites Zeugnis der Kunsthandwerker, die ihr Handwerk der Herstellung von Schmuck gewidmet haben, in dem sowohl Geschichte als auch moderner Luxus mitschwingen.<\/p>\n<h3 data-start=\"1281\" data-end=\"1320\"><strong data-start=\"1284\" data-end=\"1318\">Die Brillanz von Sunrise Gold<\/strong><\/h3>\n<p class=\"\" data-start=\"1322\" data-end=\"1630\">Das Herzst\u00fcck dieses k\u00f6niglichen Meisterwerks ist die <strong data-start=\"1368\" data-end=\"1384\">Sonnenaufgang Gold<\/strong>Sunrise Gold ist eine exklusive Legierung, die die Reinheit von 22-kar\u00e4tigem Gold mit der f\u00fcr zeitlose Eleganz erforderlichen St\u00e4rke und Haltbarkeit verbindet. Sunrise Gold ist vom ersten Licht der Morgend\u00e4mmerung inspiriert und hat einen einzigartigen gold-rosa Farbton, der W\u00e4rme und Eleganz ausstrahlt.<\/p>\n<p class=\"\" data-start=\"1632\" data-end=\"1900\">Dieser bezaubernde Farbton ist mehr als nur eine Farbe - er ist ein Symbol f\u00fcr Neuanfang, Hoffnung und die Sch\u00f6nheit, die mit jedem Sonnenaufgang zum Vorschein kommt. Der ros\u00e9goldene Schimmer von Sunrise Gold unterstreicht jeden Hautton und verleiht ihm eine leuchtende Ausstrahlung, die sowohl schmeichelhaft als auch unvergesslich ist.<\/p>\n<p class=\"\" data-start=\"1902\" data-end=\"2271\">Das mit akribischer Pr\u00e4zision gefertigte <strong data-start=\"1941\" data-end=\"1969\">22ct Sunrise Gold Poncha<\/strong> bewahrt die reiche, reine Essenz des traditionellen 22-kar\u00e4tigen Goldes und bietet gleichzeitig die Haltbarkeit, die f\u00fcr das t\u00e4gliche Tragen oder gro\u00dfe Anl\u00e4sse erforderlich ist. Die \u00fcberragende Festigkeit der Legierung sorgt daf\u00fcr, dass dieses atemberaubende Schmuckst\u00fcck seine Sch\u00f6nheit \u00fcber Generationen hinweg bewahren wird, was es nicht nur zu einem Kauf, sondern zu einer Investition in zeitlose Eleganz macht.<\/p>\n<h3 data-start=\"2273\" data-end=\"2312\"><strong data-start=\"2276\" data-end=\"2310\">Der Reiz der nat\u00fcrlichen Smaragde<\/strong><\/h3>\n<p class=\"\" data-start=\"2314\" data-end=\"2603\">Der k\u00f6nigliche Charme der Poncha wird noch verst\u00e4rkt durch <strong data-start=\"2353\" data-end=\"2383\">1,39ct nat\u00fcrliche Smaragde<\/strong>Die Smaragde werden nach ethischen Gesichtspunkten gewonnen und sorgf\u00e4ltig wegen ihrer leuchtend gr\u00fcnen Farbe und au\u00dfergew\u00f6hnlichen Klarheit ausgew\u00e4hlt. Smaragde werden seit langem f\u00fcr ihre satte, \u00fcppige Farbe bewundert und symbolisieren Erneuerung, Wachstum und die ewige Sch\u00f6nheit der Natur.<\/p>\n<p class=\"\" data-start=\"2605\" data-end=\"2921\">Die nat\u00fcrlichen Smaragde in diesem Poncha sind mehr als nur Edelsteine - sie sind ein Zeugnis f\u00fcr die Handwerkskunst und die Hingabe, die die <strong data-start=\"2743\" data-end=\"2764\">Zariya Kollektion<\/strong>. Ihre tiefen Gr\u00fcnt\u00f6ne bilden einen auff\u00e4lligen Kontrast zu dem warmen, ros\u00e9goldenen Schimmer von Sunrise Gold und unterstreichen die Opulenz und Raffinesse der Poncha.<\/p>\n<p class=\"\" data-start=\"2923\" data-end=\"3208\">Smaragde werden oft mit K\u00f6nigtum und Luxus assoziiert, ihr Glanz ist in der zeitlosen Anziehungskraft alter Kulturen und K\u00f6nigsh\u00f6fe eingefangen. Beim Tragen eines mit Smaragden besetzten Ponchas geht es nicht nur um \u00c4sthetik, sondern auch darum, ein Erbe von Eleganz, St\u00e4rke und kulturellem Erbe anzunehmen.<\/p>\n<h3 data-start=\"3210\" data-end=\"3251\"><strong data-start=\"3213\" data-end=\"3249\">Ein Symbol f\u00fcr Tradition und Luxus<\/strong><\/h3>\n<p class=\"\" data-start=\"3253\" data-end=\"3500\">Die <strong data-start=\"3257\" data-end=\"3285\">22ct Sunrise Gold Poncha<\/strong> ist mehr als ein Schmuckst\u00fcck - es ist ein Symbol der Tradition, ein St\u00fcck, das die Vergangenheit mit der Gegenwart verbindet. Diese Poncha ist perfekt f\u00fcr gro\u00dfe Anl\u00e4sse, Hochzeiten und kulturelle Feiern und strahlt Raffinesse und Eleganz aus.<\/p>\n<p class=\"\" data-start=\"3502\" data-end=\"3774\">In vielen Kulturen hat die Poncha eine wichtige symbolische Bedeutung. Sie steht f\u00fcr St\u00e4rke, Sch\u00f6nheit und das reiche Erbe, das von Generation zu Generation weitergegeben wird. Sie wird oft bei bedeutenden Lebensereignissen getragen, als Zeichen von Feierlichkeiten, Wohlstand und pers\u00f6nlichen Meilensteinen.<\/p>\n<p class=\"\" data-start=\"3776\" data-end=\"4041\">Ganz gleich, ob Sie sie zu einer Hochzeit, einem Fest oder einer kulturellen Veranstaltung tragen, diese Poncha ist ein Ausdruck von Anmut und Erhabenheit. Das komplizierte Design und die fesselnden smaragdgr\u00fcnen Details sorgen daf\u00fcr, dass sie auff\u00e4llt und zum Mittelpunkt eines jeden Ensembles wird.<\/p>\n<p class=\"\" data-start=\"4043\" data-end=\"4267\">Au\u00dferdem ist die Poncha ein St\u00fcck, das die Zeit \u00fcberdauert. Es ist nicht nur etwas, das man tr\u00e4gt, sondern etwas, das man sch\u00e4tzt, ein Verm\u00e4chtnis, das als Erbst\u00fcck weitergegeben werden kann und die Geschichten und Erinnerungen von Generationen mit sich tr\u00e4gt.<\/p>\n<h3 data-start=\"4269\" data-end=\"4302\"><strong data-start=\"4272\" data-end=\"4300\">Die Kunst des Handwerks<\/strong><\/h3>\n<p class=\"\" data-start=\"4304\" data-end=\"4547\">Die Sch\u00f6nheit der <strong data-start=\"4322\" data-end=\"4350\">22ct Sunrise Gold Poncha<\/strong> liegt in seiner au\u00dfergew\u00f6hnlichen Handwerkskunst. Jedes Detail wurde von geschickten Handwerkern mit einem tiefen Verst\u00e4ndnis sowohl f\u00fcr traditionelle Techniken als auch f\u00fcr zeitgen\u00f6ssische Designprinzipien sorgf\u00e4ltig ausgearbeitet.<\/p>\n<p class=\"\" data-start=\"4549\" data-end=\"4856\">Die komplizierten Details spiegeln die Kunstfertigkeit wider, die in jahrelanger, wenn nicht gar generationenlanger Hingabe an das Handwerk geschliffen wurde. Von der pr\u00e4zisen Fassung jedes einzelnen nat\u00fcrlichen Smaragds bis zur nahtlosen Verschmelzung von Gold und Edelstein zeugt jedes Element von der Expertise und Leidenschaft der Kunsthandwerker, die hinter dieser Kreation stehen.<\/p>\n<p class=\"\" data-start=\"4858\" data-end=\"5209\">Das Design selbst ist ein harmonisches Gleichgewicht aus Tradition und Innovation. Es l\u00e4sst sich von klassischen Motiven inspirieren und greift gleichzeitig die moderne \u00c4sthetik auf, um ein St\u00fcck zu schaffen, das zeitlos und frisch zugleich wirkt. Die Poncha ist nicht einfach nur ein Schmuckst\u00fcck - sie ist ein Kunstwerk, ein Meisterwerk, das die Seele ihres Sch\u00f6pfers und das Erbe, das sie repr\u00e4sentiert, widerspiegelt.<\/p>\n<h3 data-start=\"5211\" data-end=\"5253\"><strong data-start=\"5214\" data-end=\"5251\">Warum die Zariya-Kollektion?<\/strong><\/h3>\n<p class=\"\" data-start=\"5255\" data-end=\"5567\">Bei Purejewels ist die <strong data-start=\"5274\" data-end=\"5295\">Zariya Kollektion<\/strong> ist mehr als nur eine Reihe sch\u00f6ner St\u00fccke - es ist eine Feier von Kultur, Erbe und Kunstfertigkeit. Jedes St\u00fcck der Kollektion wird mit \u00e4u\u00dferster Sorgfalt und Pr\u00e4zision gefertigt und spiegelt ein Engagement f\u00fcr Exzellenz wider, das in der Welt des Luxusschmucks seinesgleichen sucht.<\/p>\n<p class=\"\" data-start=\"5569\" data-end=\"5886\">Die <strong data-start=\"5573\" data-end=\"5594\">Zariya Kollektion<\/strong> ist ein Zeugnis f\u00fcr die dauerhafte Sch\u00f6nheit traditioneller Schmuckst\u00fccke, die mit einem modernen Touch neu interpretiert werden. Er wurde f\u00fcr diejenigen entworfen, die die feinen Details zu sch\u00e4tzen wissen, die die Geschichten sch\u00e4tzen, die in jeden Edelstein mit 22-kar\u00e4tigem Gold eingewoben sind, und die nach St\u00fccken suchen, die mit ihrem pers\u00f6nlichen Erbe und Stil \u00fcbereinstimmen.<\/p>\n<p class=\"\" data-start=\"5888\" data-end=\"6090\">Wenn Sie die Option <strong data-start=\"5908\" data-end=\"5936\">22ct Sunrise Gold Poncha<\/strong>kaufen Sie nicht einfach nur Schmuck, sondern ein St\u00fcck Geschichte, ein Symbol f\u00fcr Luxus und ein Zeugnis der zeitlosen Kunst des Handwerks.<\/p>\n<h3 data-start=\"6092\" data-end=\"6152\"><strong data-start=\"6095\" data-end=\"6150\">Styling-Tipps: Erh\u00f6hen Sie Ihren Look mit k\u00f6niglicher Eleganz<\/strong><\/h3>\n<p class=\"\" data-start=\"6154\" data-end=\"6327\">Beim Schmuck kommt es nicht nur darauf an, was man tr\u00e4gt, sondern auch, wie man ihn tr\u00e4gt. Hier sind einige Styling-Tipps, die Ihnen helfen, den k\u00f6niglichen Charme des Schmucks in Szene zu setzen. <strong data-start=\"6296\" data-end=\"6324\">22ct Sunrise Gold Poncha<\/strong>:<\/p>\n<h3 class=\"\" data-start=\"6329\" data-end=\"6383\"><strong data-start=\"6333\" data-end=\"6381\">1. Gro\u00dfe Anl\u00e4sse und kulturelle Feiern<\/strong><\/h3>\n<p class=\"\" data-start=\"6384\" data-end=\"6692\">Kombinieren Sie die Poncha mit traditioneller Kleidung wie einem Saree, Lehenga oder einem eleganten Kleid f\u00fcr Hochzeiten, Feste oder kulturelle Veranstaltungen. Der gold-rosa Schimmer von Sunrise Gold erg\u00e4nzt die reichen Stoffe und komplizierten Stickereien traditioneller Outfits und schafft einen k\u00f6niglichen Look, der sowohl raffiniert als auch auff\u00e4llig ist. Denn 22ct Gold kommt nie aus der Mode.<\/p>\n<h3 class=\"\" data-start=\"6694\" data-end=\"6728\"><strong data-start=\"6698\" data-end=\"6726\">2. Zeitgen\u00f6ssische Eleganz<\/strong><\/h3>\n<p class=\"\" data-start=\"6729\" data-end=\"6971\">Tragen Sie die Poncha zu einem minimalistischen Kleid oder einem ma\u00dfgeschneiderten Anzug, um einen modernen Touch zu erhalten. Dieser Kontrast zwischen traditionellem Schmuck und zeitgen\u00f6ssischer Mode verleiht Ihrem Look eine einzigartige Note und macht ihn perfekt f\u00fcr formelle Anl\u00e4sse oder gehobene Veranstaltungen.<\/p>\n<h3 class=\"\" data-start=\"6973\" data-end=\"7001\"><strong data-start=\"6977\" data-end=\"6999\">3. Erbe und Verm\u00e4chtnis<\/strong><\/h3>\n<p class=\"\" data-start=\"7002\" data-end=\"7222\">Erw\u00e4gen Sie, die Poncha als Erbst\u00fcck weiterzugeben, ein St\u00fcck, das die Geschichten von Generationen tr\u00e4gt. Ihr zeitloses Design aus 22-kar\u00e4tigem Gold sorgt daf\u00fcr, dass sie ein gesch\u00e4tzter Schatz bleibt, der das Familienerbe und dauerhafte Eleganz symbolisiert.<\/p>\n<h3 data-start=\"7224\" data-end=\"7258\"><strong data-start=\"7227\" data-end=\"7256\">Ein Verm\u00e4chtnis, das es wert ist, gepflegt zu werden<\/strong><\/h3>\n<p class=\"\" data-start=\"7260\" data-end=\"7535\">Die <strong data-start=\"7264\" data-end=\"7292\">22ct Sunrise Gold Poncha<\/strong> von der <strong data-start=\"7302\" data-end=\"7323\">Zariya Kollektion<\/strong> ist mehr als nur Schmuck - er ist ein Verm\u00e4chtnis, ein Symbol der Tradition und ein Meisterwerk der Handwerkskunst. Seine reiche Geschichte, seine au\u00dfergew\u00f6hnliche Kunstfertigkeit und seine fesselnden Smaragddetails machen ihn zu einem Schatz, der die Zeit \u00fcberdauert.<\/p>\n<p class=\"\" data-start=\"7537\" data-end=\"7725\">Ob zu einem besonderen Anlass getragen, an einen geliebten Menschen verschenkt oder als Erbst\u00fcck geh\u00fctet, diese Poncha ist ein Zeugnis f\u00fcr die dauerhafte Sch\u00f6nheit des Erbes und die Kunstfertigkeit von Purejewels.<\/p>\n<p class=\"\" data-start=\"7727\" data-end=\"7856\">Umarmen Sie die Eleganz, feiern Sie das Erbe, und lassen Sie die <strong data-start=\"7783\" data-end=\"7811\">22ct Sunrise Gold Poncha<\/strong> beleuchten Ihre Geschichte mit zeitloser Anmut.<\/p>","protected":false},"excerpt":{"rendered":"<div class=\"btn-atc atc-slide\">\n<p>Dieser Poncha aus 22-kar\u00e4tigem Sunrise Gold steht f\u00fcr zeitlose Eleganz und ist mit 1,39 Karat nat\u00fcrlichen Smaragden verziert, die Erbe und Anmut symbolisieren. Gefertigt aus unserer exklusiven Sunrise Gold-Legierung, bewahrt er die Reinheit von 22 Karat Gold und bietet gleichzeitig au\u00dfergew\u00f6hnliche Haltbarkeit und einen strahlenden, ros\u00e9goldenen Farbton.<\/p>\n<p><strong>Material:<\/strong>\u00a022ct Gold<br \/>\n<strong>Reinheit: <\/strong>91.6% reines Gold<strong><br \/>\n<strong>Wahrzeichen: <\/strong><\/strong>Britisches G\u00fctesiegel<strong><strong><br \/>\n<strong>Edelstein: <\/strong><\/strong><\/strong>Nat\u00fcrliche Smaragde\u00a0<strong><strong><br \/>\n<strong>Edelstein Gewicht: <\/strong><\/strong><\/strong>1,39ct gesamt<strong><strong><strong><br \/>\n<strong>Herkunft: <\/strong><\/strong><\/strong><\/strong>Sambia<strong><strong><strong><strong><br \/>\n<strong>Meiner: <\/strong><\/strong><\/strong><\/strong><\/strong>Gemfields<strong><strong><strong><strong><strong><br \/>\n<strong>Bruttogewicht: <\/strong><\/strong><\/strong><\/strong><\/strong><\/strong>5.7 Gms<strong><strong><strong><strong><strong><br \/>\n<strong>SKU: <\/strong><\/strong><\/strong><\/strong><\/strong><\/strong>51298<strong><strong><strong><strong><strong><br \/>\n<strong>L\u00e4nge: <\/strong><\/strong><\/strong><\/strong><\/strong><\/strong>6,5 Zoll<\/p>\n<p><strong>Preis und Lieferung:<\/strong>\u00a0Inklusive Mehrwertsteuer und Lieferkosten<br \/>\n<a href=\"https:\/\/www.purejewels.com\/de\/ruckgabepolitik\/\">R\u00fcckgabepolitik<\/a><\/p>\n<\/div>\n<div class=\"product_meta\"><\/div>","protected":false},"featured_media":389230,"comment_status":"closed","ping_status":"closed","template":"","meta":{"_eb_attr":"","_crsspst_to_jayantr4sg-hostcom":false},"product_brand":[],"product_cat":[1791,6009,5699,5754,5966,1229,1718,1573,1574,5349,5747],"product_tag":[1430],"class_list":{"0":"post-389057","1":"product","2":"type-product","3":"status-publish","4":"has-post-thumbnail","6":"product_cat-anniversary-gifts","7":"product_cat-bracelet-poncha","8":"product_cat-coloured-gemstone-jewellery","9":"product_cat-emerald","10":"product_cat-gold-emerald-bracelets","11":"product_cat-22ct-gold-jewellery","12":"product_cat-ladies-poncha","13":"product_cat-wedding-gifts","14":"product_cat-womens-jewellery","15":"product_cat-yellow-gold-jewellery","16":"product_cat-mantra-collection","17":"product_tag-diwali-gift","19":"first","20":"onbackorder","21":"taxable","22":"shipping-taxable","23":"purchasable","24":"product-type-simple","25":"add-to-wishlist-before_image"},"yoast_head":"<!-- This site is optimized with the Yoast SEO plugin v27.5 - https:\/\/yoast.com\/product\/yoast-seo-wordpress\/ -->\n<title>22ct Gold Poncha with Natural emerald | Shop Luxury Jewellery<\/title>\n<meta name=\"description\" content=\"Find your dream 22ct gold emerald poncha in our luxury jewellery range. Handcrafted with precious emeralds, these ponchas are a statement of elegance.\" \/>\n<meta name=\"robots\" content=\"index, follow, max-snippet:-1, max-image-preview:large, max-video-preview:-1\" \/>\n<link rel=\"canonical\" href=\"https:\/\/www.purejewels.com\/de\/produkt-2\/poncha-aus-22-karat-gold-mit-smaragd-51298\/\" \/>\n<meta property=\"og:locale\" content=\"de_DE\" \/>\n<meta property=\"og:type\" content=\"article\" \/>\n<meta property=\"og:title\" content=\"22ct Gold Poncha with Natural emerald | Shop Luxury Jewellery\" \/>\n<meta property=\"og:description\" content=\"Find your dream 22ct gold emerald poncha in our luxury jewellery range. Handcrafted with precious emeralds, these ponchas are a statement of elegance.\" \/>\n<meta property=\"og:url\" content=\"https:\/\/www.purejewels.com\/de\/produkt-2\/poncha-aus-22-karat-gold-mit-smaragd-51298\/\" \/>\n<meta property=\"og:site_name\" content=\"PureJewels UK\" \/>\n<meta property=\"article:modified_time\" content=\"2026-02-09T11:55:59+00:00\" \/>\n<meta property=\"og:image\" content=\"https:\/\/static.purejewels.com\/wp-content\/uploads\/2025\/03\/51298.png\" \/>\n\t<meta property=\"og:image:width\" content=\"1000\" \/>\n\t<meta property=\"og:image:height\" content=\"1000\" \/>\n\t<meta property=\"og:image:type\" content=\"image\/png\" \/>\n<meta name=\"twitter:card\" content=\"summary_large_image\" \/>\n<meta name=\"twitter:label1\" content=\"Gesch\u00e4tzte Lesezeit\" \/>\n\t<meta name=\"twitter:data1\" content=\"6\u00a0Minuten\" \/>\n<script type=\"application\/ld+json\" class=\"yoast-schema-graph\">{\"@context\":\"https:\\\/\\\/schema.org\",\"@graph\":[{\"@type\":[\"WebPage\",\"ItemPage\"],\"@id\":\"https:\\\/\\\/www.purejewels.com\\\/product\\\/22ct-gold-poncha-with-emerald-51298\\\/\",\"url\":\"https:\\\/\\\/www.purejewels.com\\\/product\\\/22ct-gold-poncha-with-emerald-51298\\\/\",\"name\":\"22ct Gold Poncha with Natural emerald | Shop Luxury Jewellery\",\"isPartOf\":{\"@id\":\"https:\\\/\\\/www.purejewels.com\\\/#website\"},\"primaryImageOfPage\":{\"@id\":\"https:\\\/\\\/www.purejewels.com\\\/product\\\/22ct-gold-poncha-with-emerald-51298\\\/#primaryimage\"},\"image\":{\"@id\":\"https:\\\/\\\/www.purejewels.com\\\/product\\\/22ct-gold-poncha-with-emerald-51298\\\/#primaryimage\"},\"thumbnailUrl\":\"https:\\\/\\\/static.purejewels.com\\\/wp-content\\\/uploads\\\/2025\\\/03\\\/51298.png\",\"datePublished\":\"2025-04-21T11:28:46+00:00\",\"dateModified\":\"2026-02-09T11:55:59+00:00\",\"description\":\"Find your dream 22ct gold emerald poncha in our luxury jewellery range. Handcrafted with precious emeralds, these ponchas are a statement of elegance.\",\"breadcrumb\":{\"@id\":\"https:\\\/\\\/www.purejewels.com\\\/product\\\/22ct-gold-poncha-with-emerald-51298\\\/#breadcrumb\"},\"inLanguage\":\"de\",\"potentialAction\":[{\"@type\":\"ReadAction\",\"target\":[\"https:\\\/\\\/www.purejewels.com\\\/product\\\/22ct-gold-poncha-with-emerald-51298\\\/\"]}]},{\"@type\":\"ImageObject\",\"inLanguage\":\"de\",\"@id\":\"https:\\\/\\\/www.purejewels.com\\\/product\\\/22ct-gold-poncha-with-emerald-51298\\\/#primaryimage\",\"url\":\"https:\\\/\\\/static.purejewels.com\\\/wp-content\\\/uploads\\\/2025\\\/03\\\/51298.png\",\"contentUrl\":\"https:\\\/\\\/static.purejewels.com\\\/wp-content\\\/uploads\\\/2025\\\/03\\\/51298.png\",\"width\":1000,\"height\":1000},{\"@type\":\"BreadcrumbList\",\"@id\":\"https:\\\/\\\/www.purejewels.com\\\/product\\\/22ct-gold-poncha-with-emerald-51298\\\/#breadcrumb\",\"itemListElement\":[{\"@type\":\"ListItem\",\"position\":1,\"name\":\"Home\",\"item\":\"https:\\\/\\\/www.purejewels.com\\\/\"},{\"@type\":\"ListItem\",\"position\":2,\"name\":\"Shop\",\"item\":\"https:\\\/\\\/www.purejewels.com\\\/shop\\\/\"},{\"@type\":\"ListItem\",\"position\":3,\"name\":\"Soar Emerald Poncha\"}]},{\"@type\":\"WebSite\",\"@id\":\"https:\\\/\\\/www.purejewels.com\\\/#website\",\"url\":\"https:\\\/\\\/www.purejewels.com\\\/\",\"name\":\"PureJewels UK\",\"description\":\"Share the Love\",\"publisher\":{\"@id\":\"https:\\\/\\\/www.purejewels.com\\\/#organization\"},\"potentialAction\":[{\"@type\":\"SearchAction\",\"target\":{\"@type\":\"EntryPoint\",\"urlTemplate\":\"https:\\\/\\\/www.purejewels.com\\\/?s={search_term_string}\"},\"query-input\":{\"@type\":\"PropertyValueSpecification\",\"valueRequired\":true,\"valueName\":\"search_term_string\"}}],\"inLanguage\":\"de\"},{\"@type\":\"Organization\",\"@id\":\"https:\\\/\\\/www.purejewels.com\\\/#organization\",\"name\":\"PureJewels UK\",\"url\":\"https:\\\/\\\/www.purejewels.com\\\/\",\"logo\":{\"@type\":\"ImageObject\",\"inLanguage\":\"de\",\"@id\":\"https:\\\/\\\/www.purejewels.com\\\/#\\\/schema\\\/logo\\\/image\\\/\",\"url\":\"https:\\\/\\\/static.purejewels.com\\\/wp-content\\\/uploads\\\/2020\\\/11\\\/Logo-PJ-New-1.png\",\"contentUrl\":\"https:\\\/\\\/static.purejewels.com\\\/wp-content\\\/uploads\\\/2020\\\/11\\\/Logo-PJ-New-1.png\",\"width\":150,\"height\":80,\"caption\":\"PureJewels UK\"},\"image\":{\"@id\":\"https:\\\/\\\/www.purejewels.com\\\/#\\\/schema\\\/logo\\\/image\\\/\"}}]}<\/script>\n<!-- \/ Yoast SEO plugin. -->","yoast_head_json":{"title":"22ct Gold Poncha mit nat\u00fcrlichem Smaragd | Shop Luxusschmuck","description":"Finden Sie Ihren Traum-Poncha aus 22 Karat Smaragdgold in unserem Luxusschmuck-Sortiment. Handgefertigt mit kostbaren Smaragden sind diese Ponchas ein Statement der Eleganz.","robots":{"index":"index","follow":"follow","max-snippet":"max-snippet:-1","max-image-preview":"max-image-preview:large","max-video-preview":"max-video-preview:-1"},"canonical":"https:\/\/www.purejewels.com\/de\/produkt-2\/poncha-aus-22-karat-gold-mit-smaragd-51298\/","og_locale":"de_DE","og_type":"article","og_title":"22ct Gold Poncha with Natural emerald | Shop Luxury Jewellery","og_description":"Find your dream 22ct gold emerald poncha in our luxury jewellery range. Handcrafted with precious emeralds, these ponchas are a statement of elegance.","og_url":"https:\/\/www.purejewels.com\/de\/produkt-2\/poncha-aus-22-karat-gold-mit-smaragd-51298\/","og_site_name":"PureJewels UK","article_modified_time":"2026-02-09T11:55:59+00:00","og_image":[{"width":1000,"height":1000,"url":"https:\/\/static.purejewels.com\/wp-content\/uploads\/2025\/03\/51298.png","type":"image\/png"}],"twitter_card":"summary_large_image","twitter_misc":{"Gesch\u00e4tzte Lesezeit":"6\u00a0Minuten"},"schema":{"@context":"https:\/\/schema.org","@graph":[{"@type":["WebPage","ItemPage"],"@id":"https:\/\/www.purejewels.com\/product\/22ct-gold-poncha-with-emerald-51298\/","url":"https:\/\/www.purejewels.com\/product\/22ct-gold-poncha-with-emerald-51298\/","name":"22ct Gold Poncha mit nat\u00fcrlichem Smaragd | Shop Luxusschmuck","isPartOf":{"@id":"https:\/\/www.purejewels.com\/#website"},"primaryImageOfPage":{"@id":"https:\/\/www.purejewels.com\/product\/22ct-gold-poncha-with-emerald-51298\/#primaryimage"},"image":{"@id":"https:\/\/www.purejewels.com\/product\/22ct-gold-poncha-with-emerald-51298\/#primaryimage"},"thumbnailUrl":"https:\/\/static.purejewels.com\/wp-content\/uploads\/2025\/03\/51298.png","datePublished":"2025-04-21T11:28:46+00:00","dateModified":"2026-02-09T11:55:59+00:00","description":"Finden Sie Ihren Traum-Poncha aus 22 Karat Smaragdgold in unserem Luxusschmuck-Sortiment. Handgefertigt mit kostbaren Smaragden sind diese Ponchas ein Statement der Eleganz.","breadcrumb":{"@id":"https:\/\/www.purejewels.com\/product\/22ct-gold-poncha-with-emerald-51298\/#breadcrumb"},"inLanguage":"de","potentialAction":[{"@type":"ReadAction","target":["https:\/\/www.purejewels.com\/product\/22ct-gold-poncha-with-emerald-51298\/"]}]},{"@type":"ImageObject","inLanguage":"de","@id":"https:\/\/www.purejewels.com\/product\/22ct-gold-poncha-with-emerald-51298\/#primaryimage","url":"https:\/\/static.purejewels.com\/wp-content\/uploads\/2025\/03\/51298.png","contentUrl":"https:\/\/static.purejewels.com\/wp-content\/uploads\/2025\/03\/51298.png","width":1000,"height":1000},{"@type":"BreadcrumbList","@id":"https:\/\/www.purejewels.com\/product\/22ct-gold-poncha-with-emerald-51298\/#breadcrumb","itemListElement":[{"@type":"ListItem","position":1,"name":"Home","item":"https:\/\/www.purejewels.com\/"},{"@type":"ListItem","position":2,"name":"Shop","item":"https:\/\/www.purejewels.com\/shop\/"},{"@type":"ListItem","position":3,"name":"Soar Emerald Poncha"}]},{"@type":"WebSite","@id":"https:\/\/www.purejewels.com\/#website","url":"https:\/\/www.purejewels.com\/","name":"PureJewels UK","description":"Teile die Liebe","publisher":{"@id":"https:\/\/www.purejewels.com\/#organization"},"potentialAction":[{"@type":"SearchAction","target":{"@type":"EntryPoint","urlTemplate":"https:\/\/www.purejewels.com\/?s={search_term_string}"},"query-input":{"@type":"PropertyValueSpecification","valueRequired":true,"valueName":"search_term_string"}}],"inLanguage":"de"},{"@type":"Organization","@id":"https:\/\/www.purejewels.com\/#organization","name":"PureJewels UK","url":"https:\/\/www.purejewels.com\/","logo":{"@type":"ImageObject","inLanguage":"de","@id":"https:\/\/www.purejewels.com\/#\/schema\/logo\/image\/","url":"https:\/\/static.purejewels.com\/wp-content\/uploads\/2020\/11\/Logo-PJ-New-1.png","contentUrl":"https:\/\/static.purejewels.com\/wp-content\/uploads\/2020\/11\/Logo-PJ-New-1.png","width":150,"height":80,"caption":"PureJewels UK"},"image":{"@id":"https:\/\/www.purejewels.com\/#\/schema\/logo\/image\/"}}]}},"_links":{"self":[{"href":"https:\/\/www.purejewels.com\/de\/wp-json\/wp\/v2\/product\/389057","targetHints":{"allow":["GET"]}}],"collection":[{"href":"https:\/\/www.purejewels.com\/de\/wp-json\/wp\/v2\/product"}],"about":[{"href":"https:\/\/www.purejewels.com\/de\/wp-json\/wp\/v2\/types\/product"}],"replies":[{"embeddable":true,"href":"https:\/\/www.purejewels.com\/de\/wp-json\/wp\/v2\/comments?post=389057"}],"version-history":[{"count":5,"href":"https:\/\/www.purejewels.com\/de\/wp-json\/wp\/v2\/product\/389057\/revisions"}],"predecessor-version":[{"id":424604,"href":"https:\/\/www.purejewels.com\/de\/wp-json\/wp\/v2\/product\/389057\/revisions\/424604"}],"wp:featuredmedia":[{"embeddable":true,"href":"https:\/\/www.purejewels.com\/de\/wp-json\/wp\/v2\/media\/389230"}],"wp:attachment":[{"href":"https:\/\/www.purejewels.com\/de\/wp-json\/wp\/v2\/media?parent=389057"}],"wp:term":[{"taxonomy":"product_brand","embeddable":true,"href":"https:\/\/www.purejewels.com\/de\/wp-json\/wp\/v2\/product_brand?post=389057"},{"taxonomy":"product_cat","embeddable":true,"href":"https:\/\/www.purejewels.com\/de\/wp-json\/wp\/v2\/product_cat?post=389057"},{"taxonomy":"product_tag","embeddable":true,"href":"https:\/\/www.purejewels.com\/de\/wp-json\/wp\/v2\/product_tag?post=389057"}],"curies":[{"name":"wp","href":"https:\/\/api.w.org\/{rel}","templated":true}]}}