{"id":389059,"date":"2025-05-11T12:45:51","date_gmt":"2025-05-11T11:45:51","guid":{"rendered":"https:\/\/www.purejewels.com\/?post_type=product&#038;p=389059"},"modified":"2026-03-06T09:49:53","modified_gmt":"2026-03-06T09:49:53","slug":"armband-aus-22-karat-gold-mit-smaragd-51295","status":"publish","type":"product","link":"https:\/\/www.purejewels.com\/de\/product\/22ct-gold-bracelet-with-emerald-51295\/","title":{"rendered":"Horizon Smaragd-Armband"},"content":{"rendered":"<p data-start=\"1674\" data-end=\"1925\" data-is-last-node=\"\" data-is-only-node=\"\"><b>Bereichs-ID <\/b>SGBRGSZC001<br \/>\n<b>SKU:<\/b>\u00a051295<\/p>\n<p class=\"\" data-start=\"0\" data-end=\"43\"><strong data-start=\"0\" data-end=\"43\">Eine Fusion aus St\u00e4rke und Raffinesse<\/strong><\/p>\n<p class=\"\" data-start=\"45\" data-end=\"528\">Das 22-kar\u00e4tige Sunrise-Goldarmband aus der Zariya-Kollektion ist ein perfektes Beispiel daf\u00fcr, wie Tradition und moderne Eleganz zu einem wahrhaft atemberaubenden Schmuckst\u00fcck verschmelzen k\u00f6nnen. Dieses exquisite Goldarmband ist mit einem brillanten 0,3-kar\u00e4tigen nat\u00fcrlichen Smaragd besetzt, einem Edelstein, der f\u00fcr seinen leuchtend gr\u00fcnen Farbton bekannt ist. Die tiefe, satte Farbe des Smaragds kontrastiert wundersch\u00f6n mit dem warmen, ros\u00e9goldenen Schimmer des Sunrise Goldes und schafft so eine luxuri\u00f6se und raffinierte \u00c4sthetik, die Sie mit Sicherheit begeistern wird.<\/p>\n<p class=\"\" data-start=\"530\" data-end=\"867\">Das Design des Armbands ist eine sch\u00f6ne Mischung aus klassischer Handwerkskunst und modernem Flair. Die Legierung Sunrise Gold, die exklusiv f\u00fcr dieses Schmuckst\u00fcck verwendet wird, bringt den Glanz von 22-kar\u00e4tigem Gold zur Geltung und verleiht ihm gleichzeitig eine zus\u00e4tzliche Schicht St\u00e4rke und Haltbarkeit. Dieses Goldarmband ist nicht nur ein optisches Meisterwerk, sondern auch eine dauerhafte Investition in zeitlosen Stil.<\/p>\n<p class=\"\" data-start=\"869\" data-end=\"918\"><strong data-start=\"869\" data-end=\"918\">Aufw\u00e4ndige Handwerkskunst mit dauerhafter St\u00e4rke<\/strong><\/p>\n<p class=\"\" data-start=\"920\" data-end=\"1315\">Die Zariya-Kollektion ist f\u00fcr ihre sorgf\u00e4ltige Handwerkskunst bekannt, und dieses Armband aus 22 Karat Sunrise Gold ist keine Ausnahme. Das Design besteht aus einem gedrehten Draht und einer Gliederkette, wodurch eine ausgewogene Struktur entsteht, die sowohl die Sch\u00f6nheit als auch die Langlebigkeit des Schmuckst\u00fccks unterstreicht. Der gedrehte Draht verleiht dem Armband eine zarte Struktur, w\u00e4hrend die Gliederkette f\u00fcr Flexibilit\u00e4t sorgt, sodass es den ganzen Tag \u00fcber bequem getragen werden kann.<\/p>\n<p class=\"\" data-start=\"1317\" data-end=\"1729\">Was dieses Armband noch au\u00dfergew\u00f6hnlicher macht, ist seine F\u00e4higkeit, St\u00e4rke mit Sch\u00f6nheit zu verbinden. Die sorgf\u00e4ltige Auswahl der Materialien und die geschickte Konstruktion des Armbands sorgen daf\u00fcr, dass es nicht nur \u00e4sthetisch ansprechend ist, sondern auch dem Test der Zeit standh\u00e4lt. Dieses Goldarmband zelebriert das Erbe durch sein kompliziertes Design, w\u00e4hrend es durch seine dauerhafte St\u00e4rke und Flexibilit\u00e4t einen modernen Touch erh\u00e4lt.<\/p>\n<p class=\"\" data-start=\"1731\" data-end=\"2012\">Ob Sie es zu einem besonderen Anlass oder als allt\u00e4gliches Accessoire tragen, dieses Armband passt zu einer Vielzahl von Stilen. Es verk\u00f6rpert das perfekte Gleichgewicht zwischen zarter Raffinesse und dauerhafter Best\u00e4ndigkeit und ist damit ein Muss f\u00fcr jede Schmucksammlung.<\/p>\n<p class=\"\" data-start=\"2014\" data-end=\"2048\"><strong data-start=\"2014\" data-end=\"2048\">Die Brillanz von Sunrise Gold<\/strong><\/p>\n<p class=\"\" data-start=\"2050\" data-end=\"2405\">Das Herzst\u00fcck dieses atemberaubenden Goldarmbands ist die exklusive Legierung Sunrise Gold, die die Reinheit von 22-kar\u00e4tigem Gold bewahrt und gleichzeitig eine au\u00dfergew\u00f6hnliche Festigkeit aufweist. Inspiriert vom ersten Licht der Morgend\u00e4mmerung, strahlt der ros\u00e9goldene Farbton dieser Legierung W\u00e4rme und Eleganz aus. Sein sanfter Schimmer passt zu jedem Hautton und verleiht jedem Outfit einen strahlenden und raffinierten Touch.<\/p>\n<p class=\"\" data-start=\"2407\" data-end=\"2837\">Sunrise Gold ist eine bemerkenswerte Legierung, die die Integrit\u00e4t und Reinheit von 22-kar\u00e4tigem Gold bewahrt und dieses Armband zu einer Investition in Sch\u00f6nheit und Langlebigkeit macht. Der ros\u00e9goldene Farbton, der einzigartig f\u00fcr die Sunrise Gold Kollektion ist, verleiht dem Armband eine romantische und zeitlose Qualit\u00e4t und macht es sowohl f\u00fcr legere als auch f\u00fcr formelle Anl\u00e4sse geeignet. Die Brillanz der Legierung sorgt daf\u00fcr, dass das Armband \u00fcber die Jahre hinweg mit Eleganz gl\u00e4nzt.<\/p>\n<p class=\"\" data-start=\"2839\" data-end=\"3128\">Das mit viel Liebe zum Detail gefertigte Armband bietet nicht nur ein luxuri\u00f6ses Aussehen, sondern verspricht auch Langlebigkeit. Das bedeutet, dass das Armband immer noch so sch\u00f6n aussehen wird wie an dem Tag, an dem Sie es gekauft haben, damit es f\u00fcr viele Jahre ein gesch\u00e4tztes St\u00fcck in Ihrer Sammlung bleibt.<\/p>\n<p class=\"\" data-start=\"3130\" data-end=\"3171\"><strong data-start=\"3130\" data-end=\"3171\">Vielseitige Eleganz f\u00fcr jede Gelegenheit<\/strong><\/p>\n<p class=\"\" data-start=\"3173\" data-end=\"3487\">Eines der wichtigsten Merkmale dieses Armbands aus 22 Karat Sunrise Gold ist seine Vielseitigkeit. Leicht und dennoch luxuri\u00f6s, eignet es sich sowohl f\u00fcr legere als auch f\u00fcr formelle Anl\u00e4sse. Egal, ob Sie sich f\u00fcr einen Abend in Schale werfen oder Ihrem Alltagslook einen Hauch von Eleganz verleihen, dieses Armband ist das perfekte Accessoire, um jedes Outfit zu vervollst\u00e4ndigen.<\/p>\n<p class=\"\" data-start=\"3489\" data-end=\"3827\">Sein elegantes Design macht ihn zum idealen Einzelst\u00fcck, das den nat\u00fcrlichen Smaragd und den gold-rosa Schimmer des Sunrise Goldes zur Geltung bringt. Es kann aber auch mit anderen Schmuckst\u00fccken kombiniert werden, um einen individuelleren Look zu erzielen. Kombinieren Sie es mit anderen Armb\u00e4ndern oder stapeln Sie es mit Ringen und Halsketten, um Ihren eigenen Stil zu kreieren.<\/p>\n<p class=\"\" data-start=\"3829\" data-end=\"4145\">Die Kombination aus aufw\u00e4ndigem Design und edlen Materialien macht dieses Goldarmband zu mehr als nur einem Accessoire - es ist ein Statement f\u00fcr Raffinesse und Stil. Ob allein getragen f\u00fcr einen raffinierten, unaufdringlichen Look oder kombiniert mit anderen St\u00fccken f\u00fcr mehr Dramatik, dieses Armband kann f\u00fcr jeden Anlass angepasst werden.<\/p>\n<p class=\"\" data-start=\"4147\" data-end=\"4198\"><strong data-start=\"4147\" data-end=\"4198\">Eine wertvolle Erg\u00e4nzung f\u00fcr Ihre Schmucksammlung<\/strong><\/p>\n<p class=\"\" data-start=\"4200\" data-end=\"4710\">Dieses Goldarmband mit seinem faszinierenden Smaragd und dem strahlenden Glanz von Sunrise Gold ist mehr als nur ein Schmuckst\u00fcck - es ist eine Investition in Eleganz, St\u00e4rke und dauerhafte Sch\u00f6nheit. Sein vielseitiges Design, kombiniert mit der zeitlosen Anziehungskraft von 22-kar\u00e4tigem Gold, macht es zu einer unverzichtbaren Erg\u00e4nzung jeder Schmucksammlung. Die Langlebigkeit des Armbands sorgt daf\u00fcr, dass es \u00fcber Jahre hinweg ein gesch\u00e4tztes Schmuckst\u00fcck bleibt. Es bietet die perfekte Mischung aus Edelsteinen, aufw\u00e4ndiger Handwerkskunst und unvergleichlicher Raffinesse.<\/p>\n<p class=\"\" data-start=\"4712\" data-end=\"5125\">Egal, ob Sie sich selbst verw\u00f6hnen oder jemandem ein besonderes Geschenk machen, dieses Armband wird mit Sicherheit zu einem beliebten Accessoire. Seine F\u00e4higkeit, m\u00fchelos von Tag zu Abend, von leger zu formell zu wechseln, macht es zu einem vielseitigen St\u00fcck, das nie aus der Mode kommen wird. Mit seinem einzigartigen Design und dem Glanz des Smaragds ist dieses Armband aus 22 Karat Sunrise Gold ein zeitloser Schatz, den man \u00fcber Generationen hinweg bewahren wird.<\/p>","protected":false},"excerpt":{"rendered":"<div class=\"btn-atc atc-slide\">\n<p>Dieses Armband aus 22-kar\u00e4tigem Sunrise-Gold aus der Zariya-Kollektion ist eine Mischung aus Eleganz und St\u00e4rke. Der nat\u00fcrliche Smaragd von 0,3 Karat strahlt zeitlose Sch\u00f6nheit aus. Der gedrehte Draht und die Gliederkette sorgen f\u00fcr Langlebigkeit und verleihen dem Armband einen raffinierten Charme.<\/p>\n<p><strong>Material:<\/strong>\u00a022ct Gold<br \/>\n<strong>Reinheit: <\/strong>91.6% reines Gold<strong><br \/>\n<strong>Wahrzeichen: <\/strong><\/strong>Britisches G\u00fctesiegel<strong><strong><br \/>\n<strong>Edelstein:<\/strong><\/strong><\/strong>Nat\u00fcrliche Smaragde<strong><strong><br \/>\n<strong>Edelstein Gewicht: <\/strong><\/strong><\/strong>0,3ct gesamt<strong><strong><strong><br \/>\n<strong>Herkunft: <\/strong><\/strong><\/strong><\/strong>Sambia<strong><strong><strong><strong><br \/>\n<strong>Meiner: <\/strong><\/strong><\/strong><\/strong><\/strong>Gemfields<strong><strong><strong><strong><strong><br \/>\n<strong>L\u00e4nge: <\/strong><\/strong><\/strong><\/strong><\/strong><\/strong>7,5 Zoll<strong><strong><strong><strong><strong><br \/>\n<strong>Kette: <\/strong><\/strong><\/strong><\/strong><\/strong><\/strong>Gliederkette<strong><strong><strong><strong><strong><br \/>\n<strong>Bruttogewicht: <\/strong><\/strong><\/strong><\/strong><\/strong><\/strong>3.7 Gms<strong><strong><strong><strong><strong><br \/>\n<strong>SKU: <\/strong><\/strong><\/strong><\/strong><\/strong><\/strong>51295<\/p>\n<p><strong>Preis und Lieferung:<\/strong>\u00a0Inklusive Mehrwertsteuer und Lieferkosten<br \/>\n<a href=\"https:\/\/www.purejewels.com\/de\/ruckgabepolitik\/\">R\u00fcckgabepolitik<\/a><\/p>\n<\/div>\n<div class=\"product_meta\"><\/div>","protected":false},"featured_media":389222,"comment_status":"closed","ping_status":"closed","template":"","meta":{"_eb_attr":"","_crsspst_to_jayantr4sg-hostcom":false},"product_brand":[],"product_cat":[1791,5699,6190,5754,6059,1324,5966,1229,1569,1573,1574,5349,5747],"product_tag":[1430],"class_list":{"0":"post-389059","1":"product","2":"type-product","3":"status-publish","4":"has-post-thumbnail","6":"product_cat-anniversary-gifts","7":"product_cat-coloured-gemstone-jewellery","8":"product_cat-easter-jewellery","9":"product_cat-emerald","10":"product_cat-fancy-bracelet","11":"product_cat-gold-bracelet","12":"product_cat-gold-emerald-bracelets","13":"product_cat-22ct-gold-jewellery","14":"product_cat-valentine-day-gifts","15":"product_cat-wedding-gifts","16":"product_cat-womens-jewellery","17":"product_cat-yellow-gold-jewellery","18":"product_cat-mantra-collection","19":"product_tag-diwali-gift","21":"first","22":"instock","23":"taxable","24":"shipping-taxable","25":"purchasable","26":"product-type-simple","27":"add-to-wishlist-before_image"},"yoast_head":"<!-- This site is optimized with the Yoast SEO plugin v27.5 - https:\/\/yoast.com\/product\/yoast-seo-wordpress\/ -->\n<title>22ct Sunrise Gold Emerald Bracelet | Fine Jewellery Online<\/title>\n<meta name=\"description\" content=\"Discover the 22ct Sunrise Gold Emerald Bracelet at Fine Jewellery Online. A stunning combination of luxury and elegance, perfect for any occasion.\" \/>\n<meta name=\"robots\" content=\"index, follow, max-snippet:-1, max-image-preview:large, max-video-preview:-1\" \/>\n<link rel=\"canonical\" href=\"https:\/\/www.purejewels.com\/de\/produkt-2\/armband-aus-22-karat-gold-mit-smaragd-51295\/\" \/>\n<meta property=\"og:locale\" content=\"de_DE\" \/>\n<meta property=\"og:type\" content=\"article\" \/>\n<meta property=\"og:title\" content=\"22ct Sunrise Gold Emerald Bracelet | Fine Jewellery Online\" \/>\n<meta property=\"og:description\" content=\"Discover the 22ct Sunrise Gold Emerald Bracelet at Fine Jewellery Online. A stunning combination of luxury and elegance, perfect for any occasion.\" \/>\n<meta property=\"og:url\" content=\"https:\/\/www.purejewels.com\/de\/produkt-2\/armband-aus-22-karat-gold-mit-smaragd-51295\/\" \/>\n<meta property=\"og:site_name\" content=\"PureJewels UK\" \/>\n<meta property=\"article:modified_time\" content=\"2026-03-06T09:49:53+00:00\" \/>\n<meta property=\"og:image\" content=\"https:\/\/static.purejewels.com\/wp-content\/uploads\/2025\/03\/51295.png\" \/>\n\t<meta property=\"og:image:width\" content=\"1000\" \/>\n\t<meta property=\"og:image:height\" content=\"1000\" \/>\n\t<meta property=\"og:image:type\" content=\"image\/png\" \/>\n<meta name=\"twitter:card\" content=\"summary_large_image\" \/>\n<meta name=\"twitter:label1\" content=\"Gesch\u00e4tzte Lesezeit\" \/>\n\t<meta name=\"twitter:data1\" content=\"4\u00a0Minuten\" \/>\n<script type=\"application\/ld+json\" class=\"yoast-schema-graph\">{\"@context\":\"https:\\\/\\\/schema.org\",\"@graph\":[{\"@type\":[\"WebPage\",\"ItemPage\"],\"@id\":\"https:\\\/\\\/www.purejewels.com\\\/product\\\/22ct-gold-bracelet-with-emerald-51295\\\/\",\"url\":\"https:\\\/\\\/www.purejewels.com\\\/product\\\/22ct-gold-bracelet-with-emerald-51295\\\/\",\"name\":\"22ct Sunrise Gold Emerald Bracelet | Fine Jewellery Online\",\"isPartOf\":{\"@id\":\"https:\\\/\\\/www.purejewels.com\\\/#website\"},\"primaryImageOfPage\":{\"@id\":\"https:\\\/\\\/www.purejewels.com\\\/product\\\/22ct-gold-bracelet-with-emerald-51295\\\/#primaryimage\"},\"image\":{\"@id\":\"https:\\\/\\\/www.purejewels.com\\\/product\\\/22ct-gold-bracelet-with-emerald-51295\\\/#primaryimage\"},\"thumbnailUrl\":\"https:\\\/\\\/static.purejewels.com\\\/wp-content\\\/uploads\\\/2025\\\/03\\\/51295.png\",\"datePublished\":\"2025-05-11T11:45:51+00:00\",\"dateModified\":\"2026-03-06T09:49:53+00:00\",\"description\":\"Discover the 22ct Sunrise Gold Emerald Bracelet at Fine Jewellery Online. A stunning combination of luxury and elegance, perfect for any occasion.\",\"breadcrumb\":{\"@id\":\"https:\\\/\\\/www.purejewels.com\\\/product\\\/22ct-gold-bracelet-with-emerald-51295\\\/#breadcrumb\"},\"inLanguage\":\"de\",\"potentialAction\":[{\"@type\":\"ReadAction\",\"target\":[\"https:\\\/\\\/www.purejewels.com\\\/product\\\/22ct-gold-bracelet-with-emerald-51295\\\/\"]}]},{\"@type\":\"ImageObject\",\"inLanguage\":\"de\",\"@id\":\"https:\\\/\\\/www.purejewels.com\\\/product\\\/22ct-gold-bracelet-with-emerald-51295\\\/#primaryimage\",\"url\":\"https:\\\/\\\/static.purejewels.com\\\/wp-content\\\/uploads\\\/2025\\\/03\\\/51295.png\",\"contentUrl\":\"https:\\\/\\\/static.purejewels.com\\\/wp-content\\\/uploads\\\/2025\\\/03\\\/51295.png\",\"width\":1000,\"height\":1000,\"caption\":\"22ct Sunrise Gold Bracelet with Emerald\"},{\"@type\":\"BreadcrumbList\",\"@id\":\"https:\\\/\\\/www.purejewels.com\\\/product\\\/22ct-gold-bracelet-with-emerald-51295\\\/#breadcrumb\",\"itemListElement\":[{\"@type\":\"ListItem\",\"position\":1,\"name\":\"Home\",\"item\":\"https:\\\/\\\/www.purejewels.com\\\/\"},{\"@type\":\"ListItem\",\"position\":2,\"name\":\"Shop\",\"item\":\"https:\\\/\\\/www.purejewels.com\\\/shop\\\/\"},{\"@type\":\"ListItem\",\"position\":3,\"name\":\"Horizon Emerald Bracelet\"}]},{\"@type\":\"WebSite\",\"@id\":\"https:\\\/\\\/www.purejewels.com\\\/#website\",\"url\":\"https:\\\/\\\/www.purejewels.com\\\/\",\"name\":\"PureJewels UK\",\"description\":\"Share the Love\",\"publisher\":{\"@id\":\"https:\\\/\\\/www.purejewels.com\\\/#organization\"},\"potentialAction\":[{\"@type\":\"SearchAction\",\"target\":{\"@type\":\"EntryPoint\",\"urlTemplate\":\"https:\\\/\\\/www.purejewels.com\\\/?s={search_term_string}\"},\"query-input\":{\"@type\":\"PropertyValueSpecification\",\"valueRequired\":true,\"valueName\":\"search_term_string\"}}],\"inLanguage\":\"de\"},{\"@type\":\"Organization\",\"@id\":\"https:\\\/\\\/www.purejewels.com\\\/#organization\",\"name\":\"PureJewels UK\",\"url\":\"https:\\\/\\\/www.purejewels.com\\\/\",\"logo\":{\"@type\":\"ImageObject\",\"inLanguage\":\"de\",\"@id\":\"https:\\\/\\\/www.purejewels.com\\\/#\\\/schema\\\/logo\\\/image\\\/\",\"url\":\"https:\\\/\\\/static.purejewels.com\\\/wp-content\\\/uploads\\\/2020\\\/11\\\/Logo-PJ-New-1.png\",\"contentUrl\":\"https:\\\/\\\/static.purejewels.com\\\/wp-content\\\/uploads\\\/2020\\\/11\\\/Logo-PJ-New-1.png\",\"width\":150,\"height\":80,\"caption\":\"PureJewels UK\"},\"image\":{\"@id\":\"https:\\\/\\\/www.purejewels.com\\\/#\\\/schema\\\/logo\\\/image\\\/\"}}]}<\/script>\n<!-- \/ Yoast SEO plugin. -->","yoast_head_json":{"title":"22ct Sunrise Gold Smaragd-Armband | Fine Jewellery Online","description":"Entdecken Sie das 22ct Sunrise Gold Emerald Bracelet bei Fine Jewellery Online. Eine atemberaubende Kombination aus Luxus und Eleganz, perfekt f\u00fcr jeden Anlass.","robots":{"index":"index","follow":"follow","max-snippet":"max-snippet:-1","max-image-preview":"max-image-preview:large","max-video-preview":"max-video-preview:-1"},"canonical":"https:\/\/www.purejewels.com\/de\/produkt-2\/armband-aus-22-karat-gold-mit-smaragd-51295\/","og_locale":"de_DE","og_type":"article","og_title":"22ct Sunrise Gold Emerald Bracelet | Fine Jewellery Online","og_description":"Discover the 22ct Sunrise Gold Emerald Bracelet at Fine Jewellery Online. A stunning combination of luxury and elegance, perfect for any occasion.","og_url":"https:\/\/www.purejewels.com\/de\/produkt-2\/armband-aus-22-karat-gold-mit-smaragd-51295\/","og_site_name":"PureJewels UK","article_modified_time":"2026-03-06T09:49:53+00:00","og_image":[{"width":1000,"height":1000,"url":"https:\/\/static.purejewels.com\/wp-content\/uploads\/2025\/03\/51295.png","type":"image\/png"}],"twitter_card":"summary_large_image","twitter_misc":{"Gesch\u00e4tzte Lesezeit":"4\u00a0Minuten"},"schema":{"@context":"https:\/\/schema.org","@graph":[{"@type":["WebPage","ItemPage"],"@id":"https:\/\/www.purejewels.com\/product\/22ct-gold-bracelet-with-emerald-51295\/","url":"https:\/\/www.purejewels.com\/product\/22ct-gold-bracelet-with-emerald-51295\/","name":"22ct Sunrise Gold Smaragd-Armband | Fine Jewellery Online","isPartOf":{"@id":"https:\/\/www.purejewels.com\/#website"},"primaryImageOfPage":{"@id":"https:\/\/www.purejewels.com\/product\/22ct-gold-bracelet-with-emerald-51295\/#primaryimage"},"image":{"@id":"https:\/\/www.purejewels.com\/product\/22ct-gold-bracelet-with-emerald-51295\/#primaryimage"},"thumbnailUrl":"https:\/\/static.purejewels.com\/wp-content\/uploads\/2025\/03\/51295.png","datePublished":"2025-05-11T11:45:51+00:00","dateModified":"2026-03-06T09:49:53+00:00","description":"Entdecken Sie das 22ct Sunrise Gold Emerald Bracelet bei Fine Jewellery Online. Eine atemberaubende Kombination aus Luxus und Eleganz, perfekt f\u00fcr jeden Anlass.","breadcrumb":{"@id":"https:\/\/www.purejewels.com\/product\/22ct-gold-bracelet-with-emerald-51295\/#breadcrumb"},"inLanguage":"de","potentialAction":[{"@type":"ReadAction","target":["https:\/\/www.purejewels.com\/product\/22ct-gold-bracelet-with-emerald-51295\/"]}]},{"@type":"ImageObject","inLanguage":"de","@id":"https:\/\/www.purejewels.com\/product\/22ct-gold-bracelet-with-emerald-51295\/#primaryimage","url":"https:\/\/static.purejewels.com\/wp-content\/uploads\/2025\/03\/51295.png","contentUrl":"https:\/\/static.purejewels.com\/wp-content\/uploads\/2025\/03\/51295.png","width":1000,"height":1000,"caption":"22ct Sunrise Gold Bracelet with Emerald"},{"@type":"BreadcrumbList","@id":"https:\/\/www.purejewels.com\/product\/22ct-gold-bracelet-with-emerald-51295\/#breadcrumb","itemListElement":[{"@type":"ListItem","position":1,"name":"Home","item":"https:\/\/www.purejewels.com\/"},{"@type":"ListItem","position":2,"name":"Shop","item":"https:\/\/www.purejewels.com\/shop\/"},{"@type":"ListItem","position":3,"name":"Horizon Emerald Bracelet"}]},{"@type":"WebSite","@id":"https:\/\/www.purejewels.com\/#website","url":"https:\/\/www.purejewels.com\/","name":"PureJewels UK","description":"Teile die Liebe","publisher":{"@id":"https:\/\/www.purejewels.com\/#organization"},"potentialAction":[{"@type":"SearchAction","target":{"@type":"EntryPoint","urlTemplate":"https:\/\/www.purejewels.com\/?s={search_term_string}"},"query-input":{"@type":"PropertyValueSpecification","valueRequired":true,"valueName":"search_term_string"}}],"inLanguage":"de"},{"@type":"Organization","@id":"https:\/\/www.purejewels.com\/#organization","name":"PureJewels UK","url":"https:\/\/www.purejewels.com\/","logo":{"@type":"ImageObject","inLanguage":"de","@id":"https:\/\/www.purejewels.com\/#\/schema\/logo\/image\/","url":"https:\/\/static.purejewels.com\/wp-content\/uploads\/2020\/11\/Logo-PJ-New-1.png","contentUrl":"https:\/\/static.purejewels.com\/wp-content\/uploads\/2020\/11\/Logo-PJ-New-1.png","width":150,"height":80,"caption":"PureJewels UK"},"image":{"@id":"https:\/\/www.purejewels.com\/#\/schema\/logo\/image\/"}}]}},"_links":{"self":[{"href":"https:\/\/www.purejewels.com\/de\/wp-json\/wp\/v2\/product\/389059","targetHints":{"allow":["GET"]}}],"collection":[{"href":"https:\/\/www.purejewels.com\/de\/wp-json\/wp\/v2\/product"}],"about":[{"href":"https:\/\/www.purejewels.com\/de\/wp-json\/wp\/v2\/types\/product"}],"replies":[{"embeddable":true,"href":"https:\/\/www.purejewels.com\/de\/wp-json\/wp\/v2\/comments?post=389059"}],"version-history":[{"count":6,"href":"https:\/\/www.purejewels.com\/de\/wp-json\/wp\/v2\/product\/389059\/revisions"}],"predecessor-version":[{"id":396925,"href":"https:\/\/www.purejewels.com\/de\/wp-json\/wp\/v2\/product\/389059\/revisions\/396925"}],"wp:featuredmedia":[{"embeddable":true,"href":"https:\/\/www.purejewels.com\/de\/wp-json\/wp\/v2\/media\/389222"}],"wp:attachment":[{"href":"https:\/\/www.purejewels.com\/de\/wp-json\/wp\/v2\/media?parent=389059"}],"wp:term":[{"taxonomy":"product_brand","embeddable":true,"href":"https:\/\/www.purejewels.com\/de\/wp-json\/wp\/v2\/product_brand?post=389059"},{"taxonomy":"product_cat","embeddable":true,"href":"https:\/\/www.purejewels.com\/de\/wp-json\/wp\/v2\/product_cat?post=389059"},{"taxonomy":"product_tag","embeddable":true,"href":"https:\/\/www.purejewels.com\/de\/wp-json\/wp\/v2\/product_tag?post=389059"}],"curies":[{"name":"wp","href":"https:\/\/api.w.org\/{rel}","templated":true}]}}