{"id":389066,"date":"2025-03-11T13:20:38","date_gmt":"2025-03-11T13:20:38","guid":{"rendered":"https:\/\/www.purejewels.com\/?post_type=product&#038;p=389066"},"modified":"2026-03-06T09:55:36","modified_gmt":"2026-03-06T09:55:36","slug":"smaragd-halskette-51304","status":"publish","type":"product","link":"https:\/\/www.purejewels.com\/de\/product\/emerald-necklace-51304\/","title":{"rendered":"Vision Smaragdhalskette"},"content":{"rendered":"<p data-start=\"607\" data-end=\"642\"><strong data-start=\"607\" data-end=\"640\">Ein Symbol f\u00fcr zeitlose Eleganz<\/strong><\/p>\n<p data-start=\"644\" data-end=\"960\">Diese <strong data-start=\"649\" data-end=\"679\">22ct Sunrise Gold Halskette<\/strong> von der <strong data-start=\"689\" data-end=\"710\">Zariya Kollektion<\/strong> ist ein Meisterwerk feiner Handwerkskunst, mit drei atemberaubenden Smaragden im Gesamtwert von<strong data-start=\"761\" data-end=\"804\"> 1,55ct<\/strong>. Ihre satten Gr\u00fcnt\u00f6ne bilden einen sch\u00f6nen Kontrast zu den warmen <strong data-start=\"863\" data-end=\"883\">gold-rosa leuchten<\/strong> von <strong data-start=\"887\" data-end=\"903\">Sonnenaufgang Gold<\/strong>und verleiht diesem exquisiten Design Tiefe und Raffinesse.<\/p>\n<p data-start=\"962\" data-end=\"1010\"><strong data-start=\"962\" data-end=\"1008\">Ausgefeilte Handwerkskunst &amp; dauerhafte St\u00e4rke<\/strong><\/p>\n<p data-start=\"1012\" data-end=\"1289\">Entworfen mit einer <strong data-start=\"1028\" data-end=\"1057\">verdrillter Draht und Gliederkette<\/strong>Diese Halskette unterstreicht nicht nur die Sch\u00f6nheit, sondern sorgt auch f\u00fcr Langlebigkeit und Flexibilit\u00e4t f\u00fcr einen hohen Tragekomfort. Die sorgf\u00e4ltige Detaillierung spiegelt die Finesse des <strong data-start=\"1217\" data-end=\"1238\">Zariya Kollektion<\/strong>und zelebriert das Erbe mit einem modernen Touch.<\/p>\n<p data-start=\"1291\" data-end=\"1327\"><strong data-start=\"1291\" data-end=\"1325\">Die Brillanz von Sunrise Gold<\/strong><\/p>\n<p data-start=\"1329\" data-end=\"1580\">Gefertigt aus unserem exklusiven <strong data-start=\"1356\" data-end=\"1378\">Sunrise Gold-Legierung<\/strong>beh\u00e4lt diese Halskette die <strong data-start=\"1406\" data-end=\"1429\">Reinheit von 22ct Gold<\/strong> und gleichzeitig St\u00e4rke gew\u00e4hrleisten. Inspiriert vom ersten Licht der Morgend\u00e4mmerung, seine <strong data-start=\"1496\" data-end=\"1515\">gold-rosa Farbton<\/strong> verleiht einen warmen, raffinierten Schimmer, der zu allen Hautt\u00f6nen passt.<\/p>\n<p data-start=\"1582\" data-end=\"1601\"><strong data-start=\"1582\" data-end=\"1599\">Styling-Tipps:<\/strong><\/p>\n<ul data-start=\"1602\" data-end=\"1890\">\n<li data-start=\"1602\" data-end=\"1704\"><strong data-start=\"1604\" data-end=\"1628\">M\u00fchelose Eleganz:<\/strong> Tragen Sie ihn allein zu einem klassischen Outfit, um ein subtiles, aber luxuri\u00f6ses Statement und das perfekte Accessoire zu erhalten.<\/li>\n<li data-start=\"1705\" data-end=\"1799\"><strong data-start=\"1707\" data-end=\"1724\">Mehrschichtiger Look:<\/strong> Kombinieren Sie es mit anderen <a href=\"https:\/\/www.purejewels.com\/de\/produkt-kategorie\/22-karatige-goldkette\/gliederkette\/\"><strong data-start=\"1744\" data-end=\"1767\">Sunrise Goldketten<\/strong><\/a> f\u00fcr einen trendigen, gestapelten Effekt.<\/li>\n<li data-start=\"1800\" data-end=\"1890\"><strong data-start=\"1802\" data-end=\"1820\">Festlicher Charme:<\/strong> Kombinieren Sie es mit <a href=\"https:\/\/www.purejewels.com\/de\/produkt-kategorie\/sammlungen\/mantra-sammlung\/\"><strong data-start=\"1835\" data-end=\"1866\">Smaragd-Ohrringe oder ein Armband<\/strong><\/a>\u00a0 oder eine <a href=\"https:\/\/www.purejewels.com\/de\/produkt-2\/poncha-aus-22-karat-gold-mit-smaragd-51298\/\">Poncha<\/a> f\u00fcr ein k\u00f6nigliches Ensemble.<\/li>\n<\/ul>\n<p data-start=\"1892\" data-end=\"2043\" data-is-last-node=\"\" data-is-only-node=\"\">Diese <strong data-start=\"1897\" data-end=\"1936\">Sonnenaufgang Gold Halskette mit Smaragden<\/strong> ist eine zeitlose Erg\u00e4nzung f\u00fcr jede Schmucksammlung, die Tradition, Handwerkskunst und moderne Eleganz miteinander verbindet.<\/p>\n<p data-start=\"1892\" data-end=\"2043\" data-is-last-node=\"\" data-is-only-node=\"\"><b>Bereichs-ID <\/b>SGNLSNZC002<br \/>\n<b>SKU:<\/b>\u00a051304<\/p>","protected":false},"excerpt":{"rendered":"<p>Vision Emerald Necklace, gefertigt aus luxuri\u00f6sem 22-kar\u00e4tigem Gold. Dieses 18-Zoll-Meisterwerk pr\u00e4sentiert einen 1,55-kar\u00e4tigen nat\u00fcrlichen Smaragd, der zart entlang einer anmutigen Kette gefasst ist. Die Drehdrahttechnik erh\u00f6ht sowohl die Sch\u00f6nheit als auch die Haltbarkeit, w\u00e4hrend das lebendige Gr\u00fcn der ovalen Smaragde einen eleganten Kontrast zum warmen Glanz des Goldes bildet.<\/p>\n<p><strong>Material:<\/strong> 22ct Sonnenaufgang Gold<br \/>\n<strong>Reinheit: <\/strong>91.6% reines Gold<strong><br \/>\n<strong>Wahrzeichen: <\/strong><\/strong>Britisches G\u00fctesiegel<strong><strong><br \/>\n<strong>Edelstein: <\/strong><\/strong><\/strong>Nat\u00fcrliche Smaragde<strong><strong><br \/>\n<strong>Edelstein Gewicht: <\/strong><\/strong><\/strong>1,55ct gesamt<strong><strong><strong><br \/>\n<strong>Herkunft: <\/strong><\/strong><\/strong><\/strong>Sambia<strong><strong><strong><strong><br \/>\n<strong>Meiner: <\/strong><\/strong><\/strong><\/strong><\/strong>Gemfields<strong><strong><strong><strong><strong><br \/>\n<strong>L\u00e4nge: <\/strong><\/strong><\/strong><\/strong><\/strong><\/strong>18 Zoll<strong><strong><strong><strong><strong><br \/>\n<strong>Gewicht: <\/strong><\/strong><\/strong><\/strong><\/strong><\/strong>6.2 Gms<strong><strong><strong><strong><strong><br \/>\n<strong>SKU: <\/strong><\/strong><\/strong><\/strong><\/strong><\/strong>51304<\/p>\n<p><strong>Preis und Lieferung:<\/strong>\u00a0Inklusive Mehrwertsteuer und Lieferkosten<br \/>\n<a href=\"https:\/\/www.purejewels.com\/de\/ruckgabepolitik\/\">R\u00fcckgabepolitik<\/a><\/p>","protected":false},"featured_media":389233,"comment_status":"closed","ping_status":"closed","template":"","meta":{"_eb_attr":"","_crsspst_to_jayantr4sg-hostcom":false},"product_brand":[],"product_cat":[6190,5754,5957,1229,1253,1778,5747],"product_tag":[],"class_list":{"0":"post-389066","1":"product","2":"type-product","3":"status-publish","4":"has-post-thumbnail","6":"product_cat-easter-jewellery","7":"product_cat-emerald","8":"product_cat-gold-emerald-necklaces","9":"product_cat-22ct-gold-jewellery","10":"product_cat-gold-necklaces","11":"product_cat-short-necklaces","12":"product_cat-mantra-collection","14":"first","15":"instock","16":"taxable","17":"shipping-taxable","18":"purchasable","19":"product-type-simple","20":"add-to-wishlist-before_image"},"yoast_head":"<!-- This site is optimized with the Yoast SEO plugin v27.3 - https:\/\/yoast.com\/product\/yoast-seo-wordpress\/ -->\n<title>Emerald Necklace | 22ct Sunrise Gold | Luxury Jewellery<\/title>\n<meta name=\"description\" content=\"Discover the elegance of the Emerald Necklace in 22ct Sunrise Gold. A luxurious piece of fine jewellery, crafted to perfection for a timeless, radiant look.\" \/>\n<meta name=\"robots\" content=\"index, follow, max-snippet:-1, max-image-preview:large, max-video-preview:-1\" \/>\n<link rel=\"canonical\" href=\"https:\/\/www.purejewels.com\/de\/produkt-2\/smaragd-halskette-51304\/\" \/>\n<meta property=\"og:locale\" content=\"de_DE\" \/>\n<meta property=\"og:type\" content=\"article\" \/>\n<meta property=\"og:title\" content=\"Emerald Necklace | 22ct Sunrise Gold | Luxury Jewellery\" \/>\n<meta property=\"og:description\" content=\"Discover the elegance of the Emerald Necklace in 22ct Sunrise Gold. A luxurious piece of fine jewellery, crafted to perfection for a timeless, radiant look.\" \/>\n<meta property=\"og:url\" content=\"https:\/\/www.purejewels.com\/de\/produkt-2\/smaragd-halskette-51304\/\" \/>\n<meta property=\"og:site_name\" content=\"PureJewels UK\" \/>\n<meta property=\"article:modified_time\" content=\"2026-03-06T09:55:36+00:00\" \/>\n<meta property=\"og:image\" content=\"https:\/\/static.purejewels.com\/wp-content\/uploads\/2025\/03\/51304.png\" \/>\n\t<meta property=\"og:image:width\" content=\"1000\" \/>\n\t<meta property=\"og:image:height\" content=\"1000\" \/>\n\t<meta property=\"og:image:type\" content=\"image\/png\" \/>\n<meta name=\"twitter:card\" content=\"summary_large_image\" \/>\n<meta name=\"twitter:label1\" content=\"Gesch\u00e4tzte Lesezeit\" \/>\n\t<meta name=\"twitter:data1\" content=\"2\u00a0Minuten\" \/>\n<script type=\"application\/ld+json\" class=\"yoast-schema-graph\">{\"@context\":\"https:\\\/\\\/schema.org\",\"@graph\":[{\"@type\":[\"WebPage\",\"ItemPage\"],\"@id\":\"https:\\\/\\\/www.purejewels.com\\\/product\\\/emerald-necklace-51304\\\/\",\"url\":\"https:\\\/\\\/www.purejewels.com\\\/product\\\/emerald-necklace-51304\\\/\",\"name\":\"Emerald Necklace | 22ct Sunrise Gold | Luxury Jewellery\",\"isPartOf\":{\"@id\":\"https:\\\/\\\/www.purejewels.com\\\/#website\"},\"primaryImageOfPage\":{\"@id\":\"https:\\\/\\\/www.purejewels.com\\\/product\\\/emerald-necklace-51304\\\/#primaryimage\"},\"image\":{\"@id\":\"https:\\\/\\\/www.purejewels.com\\\/product\\\/emerald-necklace-51304\\\/#primaryimage\"},\"thumbnailUrl\":\"https:\\\/\\\/static.purejewels.com\\\/wp-content\\\/uploads\\\/2025\\\/03\\\/51304.png\",\"datePublished\":\"2025-03-11T13:20:38+00:00\",\"dateModified\":\"2026-03-06T09:55:36+00:00\",\"description\":\"Discover the elegance of the Emerald Necklace in 22ct Sunrise Gold. A luxurious piece of fine jewellery, crafted to perfection for a timeless, radiant look.\",\"breadcrumb\":{\"@id\":\"https:\\\/\\\/www.purejewels.com\\\/product\\\/emerald-necklace-51304\\\/#breadcrumb\"},\"inLanguage\":\"de\",\"potentialAction\":[{\"@type\":\"ReadAction\",\"target\":[\"https:\\\/\\\/www.purejewels.com\\\/product\\\/emerald-necklace-51304\\\/\"]}]},{\"@type\":\"ImageObject\",\"inLanguage\":\"de\",\"@id\":\"https:\\\/\\\/www.purejewels.com\\\/product\\\/emerald-necklace-51304\\\/#primaryimage\",\"url\":\"https:\\\/\\\/static.purejewels.com\\\/wp-content\\\/uploads\\\/2025\\\/03\\\/51304.png\",\"contentUrl\":\"https:\\\/\\\/static.purejewels.com\\\/wp-content\\\/uploads\\\/2025\\\/03\\\/51304.png\",\"width\":1000,\"height\":1000},{\"@type\":\"BreadcrumbList\",\"@id\":\"https:\\\/\\\/www.purejewels.com\\\/product\\\/emerald-necklace-51304\\\/#breadcrumb\",\"itemListElement\":[{\"@type\":\"ListItem\",\"position\":1,\"name\":\"Home\",\"item\":\"https:\\\/\\\/www.purejewels.com\\\/\"},{\"@type\":\"ListItem\",\"position\":2,\"name\":\"Shop\",\"item\":\"https:\\\/\\\/www.purejewels.com\\\/shop\\\/\"},{\"@type\":\"ListItem\",\"position\":3,\"name\":\"Vision Emerald Necklace\"}]},{\"@type\":\"WebSite\",\"@id\":\"https:\\\/\\\/www.purejewels.com\\\/#website\",\"url\":\"https:\\\/\\\/www.purejewels.com\\\/\",\"name\":\"PureJewels UK\",\"description\":\"Share the Love\",\"publisher\":{\"@id\":\"https:\\\/\\\/www.purejewels.com\\\/#organization\"},\"potentialAction\":[{\"@type\":\"SearchAction\",\"target\":{\"@type\":\"EntryPoint\",\"urlTemplate\":\"https:\\\/\\\/www.purejewels.com\\\/?s={search_term_string}\"},\"query-input\":{\"@type\":\"PropertyValueSpecification\",\"valueRequired\":true,\"valueName\":\"search_term_string\"}}],\"inLanguage\":\"de\"},{\"@type\":\"Organization\",\"@id\":\"https:\\\/\\\/www.purejewels.com\\\/#organization\",\"name\":\"PureJewels UK\",\"url\":\"https:\\\/\\\/www.purejewels.com\\\/\",\"logo\":{\"@type\":\"ImageObject\",\"inLanguage\":\"de\",\"@id\":\"https:\\\/\\\/www.purejewels.com\\\/#\\\/schema\\\/logo\\\/image\\\/\",\"url\":\"https:\\\/\\\/static.purejewels.com\\\/wp-content\\\/uploads\\\/2020\\\/11\\\/Logo-PJ-New-1.png\",\"contentUrl\":\"https:\\\/\\\/static.purejewels.com\\\/wp-content\\\/uploads\\\/2020\\\/11\\\/Logo-PJ-New-1.png\",\"width\":150,\"height\":80,\"caption\":\"PureJewels UK\"},\"image\":{\"@id\":\"https:\\\/\\\/www.purejewels.com\\\/#\\\/schema\\\/logo\\\/image\\\/\"}}]}<\/script>\n<!-- \/ Yoast SEO plugin. -->","yoast_head_json":{"title":"Smaragd-Halskette | 22ct Sunrise Gold | Luxus-Schmuck","description":"Entdecken Sie die Eleganz der Smaragd-Halskette aus 22 Karat Sunrise Gold. Ein luxuri\u00f6ses Schmuckst\u00fcck, das in Perfektion gefertigt ist und einen zeitlosen, strahlenden Look bietet.","robots":{"index":"index","follow":"follow","max-snippet":"max-snippet:-1","max-image-preview":"max-image-preview:large","max-video-preview":"max-video-preview:-1"},"canonical":"https:\/\/www.purejewels.com\/de\/produkt-2\/smaragd-halskette-51304\/","og_locale":"de_DE","og_type":"article","og_title":"Emerald Necklace | 22ct Sunrise Gold | Luxury Jewellery","og_description":"Discover the elegance of the Emerald Necklace in 22ct Sunrise Gold. A luxurious piece of fine jewellery, crafted to perfection for a timeless, radiant look.","og_url":"https:\/\/www.purejewels.com\/de\/produkt-2\/smaragd-halskette-51304\/","og_site_name":"PureJewels UK","article_modified_time":"2026-03-06T09:55:36+00:00","og_image":[{"width":1000,"height":1000,"url":"https:\/\/static.purejewels.com\/wp-content\/uploads\/2025\/03\/51304.png","type":"image\/png"}],"twitter_card":"summary_large_image","twitter_misc":{"Gesch\u00e4tzte Lesezeit":"2\u00a0Minuten"},"schema":{"@context":"https:\/\/schema.org","@graph":[{"@type":["WebPage","ItemPage"],"@id":"https:\/\/www.purejewels.com\/product\/emerald-necklace-51304\/","url":"https:\/\/www.purejewels.com\/product\/emerald-necklace-51304\/","name":"Smaragd-Halskette | 22ct Sunrise Gold | Luxus-Schmuck","isPartOf":{"@id":"https:\/\/www.purejewels.com\/#website"},"primaryImageOfPage":{"@id":"https:\/\/www.purejewels.com\/product\/emerald-necklace-51304\/#primaryimage"},"image":{"@id":"https:\/\/www.purejewels.com\/product\/emerald-necklace-51304\/#primaryimage"},"thumbnailUrl":"https:\/\/static.purejewels.com\/wp-content\/uploads\/2025\/03\/51304.png","datePublished":"2025-03-11T13:20:38+00:00","dateModified":"2026-03-06T09:55:36+00:00","description":"Entdecken Sie die Eleganz der Smaragd-Halskette aus 22 Karat Sunrise Gold. Ein luxuri\u00f6ses Schmuckst\u00fcck, das in Perfektion gefertigt ist und einen zeitlosen, strahlenden Look bietet.","breadcrumb":{"@id":"https:\/\/www.purejewels.com\/product\/emerald-necklace-51304\/#breadcrumb"},"inLanguage":"de","potentialAction":[{"@type":"ReadAction","target":["https:\/\/www.purejewels.com\/product\/emerald-necklace-51304\/"]}]},{"@type":"ImageObject","inLanguage":"de","@id":"https:\/\/www.purejewels.com\/product\/emerald-necklace-51304\/#primaryimage","url":"https:\/\/static.purejewels.com\/wp-content\/uploads\/2025\/03\/51304.png","contentUrl":"https:\/\/static.purejewels.com\/wp-content\/uploads\/2025\/03\/51304.png","width":1000,"height":1000},{"@type":"BreadcrumbList","@id":"https:\/\/www.purejewels.com\/product\/emerald-necklace-51304\/#breadcrumb","itemListElement":[{"@type":"ListItem","position":1,"name":"Home","item":"https:\/\/www.purejewels.com\/"},{"@type":"ListItem","position":2,"name":"Shop","item":"https:\/\/www.purejewels.com\/shop\/"},{"@type":"ListItem","position":3,"name":"Vision Emerald Necklace"}]},{"@type":"WebSite","@id":"https:\/\/www.purejewels.com\/#website","url":"https:\/\/www.purejewels.com\/","name":"PureJewels UK","description":"Teile die Liebe","publisher":{"@id":"https:\/\/www.purejewels.com\/#organization"},"potentialAction":[{"@type":"SearchAction","target":{"@type":"EntryPoint","urlTemplate":"https:\/\/www.purejewels.com\/?s={search_term_string}"},"query-input":{"@type":"PropertyValueSpecification","valueRequired":true,"valueName":"search_term_string"}}],"inLanguage":"de"},{"@type":"Organization","@id":"https:\/\/www.purejewels.com\/#organization","name":"PureJewels UK","url":"https:\/\/www.purejewels.com\/","logo":{"@type":"ImageObject","inLanguage":"de","@id":"https:\/\/www.purejewels.com\/#\/schema\/logo\/image\/","url":"https:\/\/static.purejewels.com\/wp-content\/uploads\/2020\/11\/Logo-PJ-New-1.png","contentUrl":"https:\/\/static.purejewels.com\/wp-content\/uploads\/2020\/11\/Logo-PJ-New-1.png","width":150,"height":80,"caption":"PureJewels UK"},"image":{"@id":"https:\/\/www.purejewels.com\/#\/schema\/logo\/image\/"}}]}},"_links":{"self":[{"href":"https:\/\/www.purejewels.com\/de\/wp-json\/wp\/v2\/product\/389066","targetHints":{"allow":["GET"]}}],"collection":[{"href":"https:\/\/www.purejewels.com\/de\/wp-json\/wp\/v2\/product"}],"about":[{"href":"https:\/\/www.purejewels.com\/de\/wp-json\/wp\/v2\/types\/product"}],"replies":[{"embeddable":true,"href":"https:\/\/www.purejewels.com\/de\/wp-json\/wp\/v2\/comments?post=389066"}],"version-history":[{"count":6,"href":"https:\/\/www.purejewels.com\/de\/wp-json\/wp\/v2\/product\/389066\/revisions"}],"predecessor-version":[{"id":390209,"href":"https:\/\/www.purejewels.com\/de\/wp-json\/wp\/v2\/product\/389066\/revisions\/390209"}],"wp:featuredmedia":[{"embeddable":true,"href":"https:\/\/www.purejewels.com\/de\/wp-json\/wp\/v2\/media\/389233"}],"wp:attachment":[{"href":"https:\/\/www.purejewels.com\/de\/wp-json\/wp\/v2\/media?parent=389066"}],"wp:term":[{"taxonomy":"product_brand","embeddable":true,"href":"https:\/\/www.purejewels.com\/de\/wp-json\/wp\/v2\/product_brand?post=389066"},{"taxonomy":"product_cat","embeddable":true,"href":"https:\/\/www.purejewels.com\/de\/wp-json\/wp\/v2\/product_cat?post=389066"},{"taxonomy":"product_tag","embeddable":true,"href":"https:\/\/www.purejewels.com\/de\/wp-json\/wp\/v2\/product_tag?post=389066"}],"curies":[{"name":"wp","href":"https:\/\/api.w.org\/{rel}","templated":true}]}}