{"id":389070,"date":"2025-03-09T13:38:59","date_gmt":"2025-03-09T13:38:59","guid":{"rendered":"https:\/\/www.purejewels.com\/?post_type=product&#038;p=389070"},"modified":"2026-02-09T12:01:01","modified_gmt":"2026-02-09T12:01:01","slug":"22-kt-sunrise-gold-lariat-halskette-mit-smaragden-51287","status":"publish","type":"product","link":"https:\/\/www.purejewels.com\/de\/product\/22ct-sunrise-gold-lariat-necklace-with-emeralds-51287\/","title":{"rendered":"Shooting Star Smaragd Lariat"},"content":{"rendered":"<h4 data-start=\"59\" data-end=\"91\"><strong data-start=\"64\" data-end=\"89\">Inspiration und Geschichte<\/strong><\/h4>\n<p data-start=\"92\" data-end=\"567\">Diese 22-kar\u00e4tige Sunrise Gold Lariat-Halskette mit Smaragden ist eine Hommage an die sch\u00f6nsten Sch\u00e4tze der Natur und wurde f\u00fcr die Frau entworfen, die Eleganz mit m\u00fcheloser Anmut verk\u00f6rpert. Der satte, goldene Farbton des mit leuchtenden Smaragden besetzten Bandes erinnert an die Sch\u00f6nheit eines Sonnenaufgangs, der auf eine \u00fcppig gr\u00fcne Landschaft trifft. Inspiriert von zeitloser Raffinesse ist dieses Schmuckst\u00fcck eine Verk\u00f6rperung von Kraft, Erneuerung und raffiniertem Luxus - perfekt f\u00fcr alle, die eine harmonische Mischung aus Tradition und Moderne suchen.<\/p>\n<h4 data-start=\"569\" data-end=\"606\"><strong data-start=\"574\" data-end=\"604\">Material und Handwerkskunst<\/strong><\/h4>\n<p data-start=\"607\" data-end=\"1092\">Sorgf\u00e4ltig gefertigt aus <strong data-start=\"633\" data-end=\"665\">91.6% rein 22ct Sunrise Gold<\/strong>Dieses Lariat-Halsband ist ein Beispiel f\u00fcr au\u00dfergew\u00f6hnliche Kunstfertigkeit. Die nat\u00fcrlichen Smaragde aus Sambia, die aus <strong data-start=\"763\" data-end=\"776\">Gemfields<\/strong>Mit ihren tiefgr\u00fcnen Farbt\u00f6nen bilden sie einen auff\u00e4lligen Kontrast und symbolisieren Weisheit und Wohlstand. Mit einer <strong data-start=\"872\" data-end=\"892\">Britisches G\u00fctesiegel<\/strong> Um Authentizit\u00e4t und Qualit\u00e4t zu gew\u00e4hrleisten, ist jedes Detail sorgf\u00e4ltig durchdacht. Die zarte und doch robuste Kette reicht anmutig bis <strong data-start=\"1019\" data-end=\"1032\">18 Zoll<\/strong>Das macht ihn zu einem vielseitig einsetzbaren Statement dezenter Opulenz.<\/p>\n<h4 data-start=\"1094\" data-end=\"1117\"><strong data-start=\"1099\" data-end=\"1115\">Styling-Tipps<\/strong><\/h4>\n<ul data-start=\"1118\" data-end=\"1380\">\n<li data-start=\"1118\" data-end=\"1210\">Kombinieren Sie es mit einem passenden <a href=\"https:\/\/www.purejewels.com\/de\/produkt-2\/smaragd-armband-fur-frauen-51294\/\"><strong data-start=\"1144\" data-end=\"1174\">22ct Sunrise Gold Armband<\/strong><\/a>\u00a0 oder eine <a href=\"https:\/\/www.purejewels.com\/de\/produkt-2\/poncha-aus-22-karat-gold-mit-smaragd-51298\/\">22ct Sunrise Gold Poncha<\/a> f\u00fcr ein nahtloses, koordiniertes Aussehen.<\/li>\n<li data-start=\"1211\" data-end=\"1292\">Tragen Sie ihn \u00fcber einem Kleid mit tiefem V-Ausschnitt, um seine verf\u00fchrerische Lariat-Silhouette zu betonen.<\/li>\n<li data-start=\"1293\" data-end=\"1380\">\u00dcberlagern Sie es mit einer <a href=\"https:\/\/www.purejewels.com\/de\/produkt-2\/22ct-sunrise-goldanhanger-mit-smaragd-51285\/\">k\u00fcrzere goldene Halskette<\/a>\u00a0 um Ihrem Outfit Dimension und Eleganz zu verleihen.<\/li>\n<\/ul>\n<p><b>Bereichs-ID <\/b>SGNLLTZC001<br \/>\n<b>SKU:<\/b>\u00a051287<\/p>","protected":false},"excerpt":{"rendered":"<p>Dieses 22-kar\u00e4tige Shooting Star Lariat aus Sunrise-Gold ist eine zeitlose Mischung aus Eleganz und Raffinesse mit exquisiten nat\u00fcrlichen Smaragden aus Sambia. Gefertigt aus 91,6% reinem Gold und zertifiziert mit einer britischen Punze, ist es ein strahlendes Statement von Luxus und Anmut.<\/p>\n<p><strong>Material:<\/strong>\u00a022ct Sonnenaufgang Gold<br \/>\n<strong>Reinheit:<\/strong>\u00a091.6% reines Gold<br \/>\n<strong>Wahrzeichen:<\/strong>\u00a0Britisches G\u00fctesiegel<br \/>\n<strong>Edelstein:<\/strong>\u00a0Nat\u00fcrliche Smaragde<br \/>\n<strong>Edelstein Gewicht:<\/strong> 1,17ct gesamt<br \/>\n<strong>Herkunft:<\/strong>\u00a0Sambia<br \/>\n<strong>Meiner:<\/strong>\u00a0Gemfields<br \/>\n<strong>L\u00e4nge:<\/strong> 18 Zoll<br \/>\n<strong>Bruttogewicht:<\/strong> 7,9 Gramm<br \/>\n<strong>SKU:<\/strong> 51287<br \/>\nSuche nach passenden Nieten. <a href=\"https:\/\/www.purejewels.com\/de\/produkt-2\/ovale-ohrstecker-aus-22-karat-sunrise-gold-mit-smaragd-51289\/\">Klicken Sie hier<\/a> f\u00fcr <strong>Solo Smaragd Ohrstecker<\/strong><\/p>\n<p><strong>Preis und Lieferung:<\/strong>\u00a0Inklusive Mehrwertsteuer und Lieferkosten<br \/>\n<a href=\"https:\/\/www.purejewels.com\/de\/ruckgabepolitik\/\">R\u00fcckgabepolitik<\/a><\/p>","protected":false},"featured_media":389228,"comment_status":"closed","ping_status":"closed","template":"","meta":{"_eb_attr":"","_crsspst_to_jayantr4sg-hostcom":false},"product_brand":[],"product_cat":[5754,5957,1229,1253,5747],"product_tag":[],"class_list":{"0":"post-389070","1":"product","2":"type-product","3":"status-publish","4":"has-post-thumbnail","6":"product_cat-emerald","7":"product_cat-gold-emerald-necklaces","8":"product_cat-22ct-gold-jewellery","9":"product_cat-gold-necklaces","10":"product_cat-mantra-collection","12":"first","13":"onbackorder","14":"taxable","15":"shipping-taxable","16":"purchasable","17":"product-type-simple","18":"add-to-wishlist-before_image"},"yoast_head":"<!-- This site is optimized with the Yoast SEO plugin v27.5 - https:\/\/yoast.com\/product\/yoast-seo-wordpress\/ -->\n<title>22ct Sunrise Gold Lariat Necklace with Emeralds | PureJewels UK<\/title>\n<meta name=\"description\" content=\"Discover the beauty of the 22ct Sunrise Gold Lariat Necklace, adorned with natural Zambian emeralds (1.17ct). Crafted with pure gold and British Hallmark.\" \/>\n<meta name=\"robots\" content=\"index, follow, max-snippet:-1, max-image-preview:large, max-video-preview:-1\" \/>\n<link rel=\"canonical\" href=\"https:\/\/www.purejewels.com\/de\/produkt-2\/22-kt-sunrise-gold-lariat-halskette-mit-smaragden-51287\/\" \/>\n<meta property=\"og:locale\" content=\"de_DE\" \/>\n<meta property=\"og:type\" content=\"article\" \/>\n<meta property=\"og:title\" content=\"22ct Sunrise Gold Lariat Necklace with Emeralds | PureJewels UK\" \/>\n<meta property=\"og:description\" content=\"Discover the beauty of the 22ct Sunrise Gold Lariat Necklace, adorned with natural Zambian emeralds (1.17ct). Crafted with pure gold and British Hallmark.\" \/>\n<meta property=\"og:url\" content=\"https:\/\/www.purejewels.com\/de\/produkt-2\/22-kt-sunrise-gold-lariat-halskette-mit-smaragden-51287\/\" \/>\n<meta property=\"og:site_name\" content=\"PureJewels UK\" \/>\n<meta property=\"article:modified_time\" content=\"2026-02-09T12:01:01+00:00\" \/>\n<meta property=\"og:image\" content=\"https:\/\/static.purejewels.com\/wp-content\/uploads\/2025\/03\/51287.png\" \/>\n\t<meta property=\"og:image:width\" content=\"1000\" \/>\n\t<meta property=\"og:image:height\" content=\"1000\" \/>\n\t<meta property=\"og:image:type\" content=\"image\/png\" \/>\n<meta name=\"twitter:card\" content=\"summary_large_image\" \/>\n<meta name=\"twitter:label1\" content=\"Gesch\u00e4tzte Lesezeit\" \/>\n\t<meta name=\"twitter:data1\" content=\"1\u00a0Minute\" \/>\n<script type=\"application\/ld+json\" class=\"yoast-schema-graph\">{\"@context\":\"https:\\\/\\\/schema.org\",\"@graph\":[{\"@type\":[\"WebPage\",\"ItemPage\"],\"@id\":\"https:\\\/\\\/www.purejewels.com\\\/product\\\/22ct-sunrise-gold-lariat-necklace-with-emeralds-51287\\\/\",\"url\":\"https:\\\/\\\/www.purejewels.com\\\/product\\\/22ct-sunrise-gold-lariat-necklace-with-emeralds-51287\\\/\",\"name\":\"22ct Sunrise Gold Lariat Necklace with Emeralds | PureJewels UK\",\"isPartOf\":{\"@id\":\"https:\\\/\\\/www.purejewels.com\\\/#website\"},\"primaryImageOfPage\":{\"@id\":\"https:\\\/\\\/www.purejewels.com\\\/product\\\/22ct-sunrise-gold-lariat-necklace-with-emeralds-51287\\\/#primaryimage\"},\"image\":{\"@id\":\"https:\\\/\\\/www.purejewels.com\\\/product\\\/22ct-sunrise-gold-lariat-necklace-with-emeralds-51287\\\/#primaryimage\"},\"thumbnailUrl\":\"https:\\\/\\\/static.purejewels.com\\\/wp-content\\\/uploads\\\/2025\\\/03\\\/51287.png\",\"datePublished\":\"2025-03-09T13:38:59+00:00\",\"dateModified\":\"2026-02-09T12:01:01+00:00\",\"description\":\"Discover the beauty of the 22ct Sunrise Gold Lariat Necklace, adorned with natural Zambian emeralds (1.17ct). Crafted with pure gold and British Hallmark.\",\"breadcrumb\":{\"@id\":\"https:\\\/\\\/www.purejewels.com\\\/product\\\/22ct-sunrise-gold-lariat-necklace-with-emeralds-51287\\\/#breadcrumb\"},\"inLanguage\":\"de\",\"potentialAction\":[{\"@type\":\"ReadAction\",\"target\":[\"https:\\\/\\\/www.purejewels.com\\\/product\\\/22ct-sunrise-gold-lariat-necklace-with-emeralds-51287\\\/\"]}]},{\"@type\":\"ImageObject\",\"inLanguage\":\"de\",\"@id\":\"https:\\\/\\\/www.purejewels.com\\\/product\\\/22ct-sunrise-gold-lariat-necklace-with-emeralds-51287\\\/#primaryimage\",\"url\":\"https:\\\/\\\/static.purejewels.com\\\/wp-content\\\/uploads\\\/2025\\\/03\\\/51287.png\",\"contentUrl\":\"https:\\\/\\\/static.purejewels.com\\\/wp-content\\\/uploads\\\/2025\\\/03\\\/51287.png\",\"width\":1000,\"height\":1000},{\"@type\":\"BreadcrumbList\",\"@id\":\"https:\\\/\\\/www.purejewels.com\\\/product\\\/22ct-sunrise-gold-lariat-necklace-with-emeralds-51287\\\/#breadcrumb\",\"itemListElement\":[{\"@type\":\"ListItem\",\"position\":1,\"name\":\"Home\",\"item\":\"https:\\\/\\\/www.purejewels.com\\\/\"},{\"@type\":\"ListItem\",\"position\":2,\"name\":\"Shop\",\"item\":\"https:\\\/\\\/www.purejewels.com\\\/shop\\\/\"},{\"@type\":\"ListItem\",\"position\":3,\"name\":\"Shooting Star Emerald Lariat\"}]},{\"@type\":\"WebSite\",\"@id\":\"https:\\\/\\\/www.purejewels.com\\\/#website\",\"url\":\"https:\\\/\\\/www.purejewels.com\\\/\",\"name\":\"PureJewels UK\",\"description\":\"Share the Love\",\"publisher\":{\"@id\":\"https:\\\/\\\/www.purejewels.com\\\/#organization\"},\"potentialAction\":[{\"@type\":\"SearchAction\",\"target\":{\"@type\":\"EntryPoint\",\"urlTemplate\":\"https:\\\/\\\/www.purejewels.com\\\/?s={search_term_string}\"},\"query-input\":{\"@type\":\"PropertyValueSpecification\",\"valueRequired\":true,\"valueName\":\"search_term_string\"}}],\"inLanguage\":\"de\"},{\"@type\":\"Organization\",\"@id\":\"https:\\\/\\\/www.purejewels.com\\\/#organization\",\"name\":\"PureJewels UK\",\"url\":\"https:\\\/\\\/www.purejewels.com\\\/\",\"logo\":{\"@type\":\"ImageObject\",\"inLanguage\":\"de\",\"@id\":\"https:\\\/\\\/www.purejewels.com\\\/#\\\/schema\\\/logo\\\/image\\\/\",\"url\":\"https:\\\/\\\/static.purejewels.com\\\/wp-content\\\/uploads\\\/2020\\\/11\\\/Logo-PJ-New-1.png\",\"contentUrl\":\"https:\\\/\\\/static.purejewels.com\\\/wp-content\\\/uploads\\\/2020\\\/11\\\/Logo-PJ-New-1.png\",\"width\":150,\"height\":80,\"caption\":\"PureJewels UK\"},\"image\":{\"@id\":\"https:\\\/\\\/www.purejewels.com\\\/#\\\/schema\\\/logo\\\/image\\\/\"}}]}<\/script>\n<!-- \/ Yoast SEO plugin. -->","yoast_head_json":{"title":"22ct Sunrise Gold Lariat Halskette mit Smaragden | PureJewels UK","description":"Entdecken Sie die Sch\u00f6nheit der 22 Karat Sunrise Gold Lariat Halskette, die mit nat\u00fcrlichen sambischen Smaragden (1,17 Karat) verziert ist. Gefertigt aus reinem Gold und mit britischer Punze.","robots":{"index":"index","follow":"follow","max-snippet":"max-snippet:-1","max-image-preview":"max-image-preview:large","max-video-preview":"max-video-preview:-1"},"canonical":"https:\/\/www.purejewels.com\/de\/produkt-2\/22-kt-sunrise-gold-lariat-halskette-mit-smaragden-51287\/","og_locale":"de_DE","og_type":"article","og_title":"22ct Sunrise Gold Lariat Necklace with Emeralds | PureJewels UK","og_description":"Discover the beauty of the 22ct Sunrise Gold Lariat Necklace, adorned with natural Zambian emeralds (1.17ct). Crafted with pure gold and British Hallmark.","og_url":"https:\/\/www.purejewels.com\/de\/produkt-2\/22-kt-sunrise-gold-lariat-halskette-mit-smaragden-51287\/","og_site_name":"PureJewels UK","article_modified_time":"2026-02-09T12:01:01+00:00","og_image":[{"width":1000,"height":1000,"url":"https:\/\/static.purejewels.com\/wp-content\/uploads\/2025\/03\/51287.png","type":"image\/png"}],"twitter_card":"summary_large_image","twitter_misc":{"Gesch\u00e4tzte Lesezeit":"1\u00a0Minute"},"schema":{"@context":"https:\/\/schema.org","@graph":[{"@type":["WebPage","ItemPage"],"@id":"https:\/\/www.purejewels.com\/product\/22ct-sunrise-gold-lariat-necklace-with-emeralds-51287\/","url":"https:\/\/www.purejewels.com\/product\/22ct-sunrise-gold-lariat-necklace-with-emeralds-51287\/","name":"22ct Sunrise Gold Lariat Halskette mit Smaragden | PureJewels UK","isPartOf":{"@id":"https:\/\/www.purejewels.com\/#website"},"primaryImageOfPage":{"@id":"https:\/\/www.purejewels.com\/product\/22ct-sunrise-gold-lariat-necklace-with-emeralds-51287\/#primaryimage"},"image":{"@id":"https:\/\/www.purejewels.com\/product\/22ct-sunrise-gold-lariat-necklace-with-emeralds-51287\/#primaryimage"},"thumbnailUrl":"https:\/\/static.purejewels.com\/wp-content\/uploads\/2025\/03\/51287.png","datePublished":"2025-03-09T13:38:59+00:00","dateModified":"2026-02-09T12:01:01+00:00","description":"Entdecken Sie die Sch\u00f6nheit der 22 Karat Sunrise Gold Lariat Halskette, die mit nat\u00fcrlichen sambischen Smaragden (1,17 Karat) verziert ist. Gefertigt aus reinem Gold und mit britischer Punze.","breadcrumb":{"@id":"https:\/\/www.purejewels.com\/product\/22ct-sunrise-gold-lariat-necklace-with-emeralds-51287\/#breadcrumb"},"inLanguage":"de","potentialAction":[{"@type":"ReadAction","target":["https:\/\/www.purejewels.com\/product\/22ct-sunrise-gold-lariat-necklace-with-emeralds-51287\/"]}]},{"@type":"ImageObject","inLanguage":"de","@id":"https:\/\/www.purejewels.com\/product\/22ct-sunrise-gold-lariat-necklace-with-emeralds-51287\/#primaryimage","url":"https:\/\/static.purejewels.com\/wp-content\/uploads\/2025\/03\/51287.png","contentUrl":"https:\/\/static.purejewels.com\/wp-content\/uploads\/2025\/03\/51287.png","width":1000,"height":1000},{"@type":"BreadcrumbList","@id":"https:\/\/www.purejewels.com\/product\/22ct-sunrise-gold-lariat-necklace-with-emeralds-51287\/#breadcrumb","itemListElement":[{"@type":"ListItem","position":1,"name":"Home","item":"https:\/\/www.purejewels.com\/"},{"@type":"ListItem","position":2,"name":"Shop","item":"https:\/\/www.purejewels.com\/shop\/"},{"@type":"ListItem","position":3,"name":"Shooting Star Emerald Lariat"}]},{"@type":"WebSite","@id":"https:\/\/www.purejewels.com\/#website","url":"https:\/\/www.purejewels.com\/","name":"PureJewels UK","description":"Teile die Liebe","publisher":{"@id":"https:\/\/www.purejewels.com\/#organization"},"potentialAction":[{"@type":"SearchAction","target":{"@type":"EntryPoint","urlTemplate":"https:\/\/www.purejewels.com\/?s={search_term_string}"},"query-input":{"@type":"PropertyValueSpecification","valueRequired":true,"valueName":"search_term_string"}}],"inLanguage":"de"},{"@type":"Organization","@id":"https:\/\/www.purejewels.com\/#organization","name":"PureJewels UK","url":"https:\/\/www.purejewels.com\/","logo":{"@type":"ImageObject","inLanguage":"de","@id":"https:\/\/www.purejewels.com\/#\/schema\/logo\/image\/","url":"https:\/\/static.purejewels.com\/wp-content\/uploads\/2020\/11\/Logo-PJ-New-1.png","contentUrl":"https:\/\/static.purejewels.com\/wp-content\/uploads\/2020\/11\/Logo-PJ-New-1.png","width":150,"height":80,"caption":"PureJewels UK"},"image":{"@id":"https:\/\/www.purejewels.com\/#\/schema\/logo\/image\/"}}]}},"_links":{"self":[{"href":"https:\/\/www.purejewels.com\/de\/wp-json\/wp\/v2\/product\/389070","targetHints":{"allow":["GET"]}}],"collection":[{"href":"https:\/\/www.purejewels.com\/de\/wp-json\/wp\/v2\/product"}],"about":[{"href":"https:\/\/www.purejewels.com\/de\/wp-json\/wp\/v2\/types\/product"}],"replies":[{"embeddable":true,"href":"https:\/\/www.purejewels.com\/de\/wp-json\/wp\/v2\/comments?post=389070"}],"version-history":[{"count":4,"href":"https:\/\/www.purejewels.com\/de\/wp-json\/wp\/v2\/product\/389070\/revisions"}],"predecessor-version":[{"id":392492,"href":"https:\/\/www.purejewels.com\/de\/wp-json\/wp\/v2\/product\/389070\/revisions\/392492"}],"wp:featuredmedia":[{"embeddable":true,"href":"https:\/\/www.purejewels.com\/de\/wp-json\/wp\/v2\/media\/389228"}],"wp:attachment":[{"href":"https:\/\/www.purejewels.com\/de\/wp-json\/wp\/v2\/media?parent=389070"}],"wp:term":[{"taxonomy":"product_brand","embeddable":true,"href":"https:\/\/www.purejewels.com\/de\/wp-json\/wp\/v2\/product_brand?post=389070"},{"taxonomy":"product_cat","embeddable":true,"href":"https:\/\/www.purejewels.com\/de\/wp-json\/wp\/v2\/product_cat?post=389070"},{"taxonomy":"product_tag","embeddable":true,"href":"https:\/\/www.purejewels.com\/de\/wp-json\/wp\/v2\/product_tag?post=389070"}],"curies":[{"name":"wp","href":"https:\/\/api.w.org\/{rel}","templated":true}]}}