{"id":389311,"date":"2025-04-16T08:23:50","date_gmt":"2025-04-16T07:23:50","guid":{"rendered":"https:\/\/www.purejewels.com\/?post_type=product&#038;p=389311"},"modified":"2026-03-06T09:52:46","modified_gmt":"2026-03-06T09:52:46","slug":"smaragdring-50699","status":"publish","type":"product","link":"https:\/\/www.purejewels.com\/de\/product\/emerald-ring-50699\/","title":{"rendered":"Solo-Smaragdring"},"content":{"rendered":"<div class=\"woocommerce-tabs wc-tabs-wrapper tabs-layout\">\n<div class=\"tab-content-wrap\">\n<div id=\"tab-description\" class=\"woocommerce-Tabs-panel woocommerce-TabInspiration and Story A symbol of timeless elegance and individuality, the 22ct Sunrise Gold Solo Natural Emerald Ring is designed for those who appreciate refined simplicity. The singular natural Zambian emerald (0.5ct) represents strength, renewal, and harmony, making this ring more than just a piece of jewellery\u2014it\u2019s a statement of poise and sophistication. Perfect for everyday wear or as a cherished keepsake, this ring embodies effortless beauty. Material and Craftsmanship Crafted from 91.6% pure 22ct Sunrise Gold, this ring is a seamless fusion of luxury and craftsmanship. The natural Zambian emerald, ethically sourced from Gemfields, is set to showcase its rich green hue against the warm glow of gold. Certified with a British Hallmark, the ring ensures authenticity and premium quality. With a lightweight feel of 2.0g, it offers comfort without compromising elegance. Styling Tips Wear it solo for a minimalist, sophisticated look. Stack it with delicate 22ct Sunrise Gold bands for a layered elegance. Pair it with emerald earrings for a coordinated statement of luxury. s-panel--description panel entry-content wc-tab\" role=\"tabpanel\" aria-labelledby=\"tab-title-description\">\n<h4 data-start=\"55\" data-end=\"87\"><strong data-start=\"60\" data-end=\"85\">Inspiration und Geschichte<\/strong><\/h4>\n<p data-start=\"88\" data-end=\"528\">Als Symbol f\u00fcr zeitlose Eleganz und Individualit\u00e4t ist die\u00a0<strong data-start=\"141\" data-end=\"188\">22ct Sunrise Gold Solo Nat\u00fcrlicher Smaragd Ring<\/strong>\u00a0ist f\u00fcr diejenigen gedacht, die raffinierte Einfachheit sch\u00e4tzen. Die Einzigartigkeit\u00a0<strong data-start=\"259\" data-end=\"294\">nat\u00fcrlicher sambischer Smaragd (0,5ct)<\/strong>\u00a0steht f\u00fcr St\u00e4rke, Erneuerung und Harmonie und macht diesen Ring zu mehr als nur einem Schmuckst\u00fcck - er ist ein Statement f\u00fcr Selbstbewusstsein und Raffinesse. Dieser Ring ist perfekt f\u00fcr das t\u00e4gliche Tragen oder als wertvolles Andenken geeignet und verk\u00f6rpert m\u00fchelose Sch\u00f6nheit.<\/p>\n<h4 data-start=\"530\" data-end=\"567\"><strong data-start=\"535\" data-end=\"565\">Material und Handwerkskunst<\/strong><\/h4>\n<p data-start=\"568\" data-end=\"1013\">Gefertigt aus\u00a0<strong data-start=\"581\" data-end=\"613\">91.6% rein 22ct Sunrise Gold<\/strong>ist dieser Ring eine nahtlose Verschmelzung von Luxus und Handwerkskunst. Die\u00a0<strong data-start=\"679\" data-end=\"706\">nat\u00fcrlicher sambischer Smaragd<\/strong>, aus ethischer Sicht bezogen von\u00a0<strong data-start=\"731\" data-end=\"744\">Gemfields<\/strong>wird seinen satten gr\u00fcnen Farbton im warmen Glanz des Goldes zur Geltung bringen. Zertifiziert mit einer\u00a0<strong data-start=\"832\" data-end=\"852\">Britisches G\u00fctesiegel<\/strong>Der Ring garantiert Authentizit\u00e4t und h\u00f6chste Qualit\u00e4t. Mit einer\u00a0<strong data-start=\"912\" data-end=\"940\">leichtes Gewicht von 2,0 g<\/strong>Er bietet Komfort, ohne auf Eleganz zu verzichten.<\/p>\n<h4 data-start=\"1015\" data-end=\"1038\"><strong data-start=\"1020\" data-end=\"1036\">Styling-Tipps<\/strong><\/h4>\n<ul data-start=\"1039\" data-end=\"1245\">\n<li data-start=\"1039\" data-end=\"1093\">Tragen Sie ihn solo f\u00fcr einen minimalistischen, raffinierten Look.<\/li>\n<li data-start=\"1094\" data-end=\"1172\">Stapeln Sie es mit zarten\u00a0<a href=\"https:\/\/www.purejewels.com\/de\/produkt-2\/22ct-sunrise-gold-twist-ring-grose-k-47528\/\"><strong data-start=\"1119\" data-end=\"1146\">22ct Sunrise Goldb\u00e4nder<\/strong><\/a>\u00a0f\u00fcr eine mehrschichtige Eleganz.<\/li>\n<li data-start=\"1173\" data-end=\"1245\">Kombinieren Sie es mit\u00a0<a href=\"https:\/\/www.purejewels.com\/de\/produkt-2\/smaragdfarbene-reif-ohrringe-51293\/\">Smaragd-Ohrringe<\/a>\u00a0f\u00fcr einen koordinierten Ausdruck von Luxus.<\/li>\n<\/ul>\n<\/div>\n<\/div>\n<div class=\"tab-content-wrap\"><\/div>\n<\/div>","protected":false},"excerpt":{"rendered":"<div class=\"woocommerce-product-details__short-description\">\n<p>Dieser anmutige und doch auffallende 22-kar\u00e4tige Sunrise Gold Solo Emerald Ring pr\u00e4sentiert einen 0,5-kar\u00e4tigen nat\u00fcrlichen sambischen Smaragd und strahlt zeitlose Eleganz und Raffinesse aus.<\/p>\n<p><strong>Material:<\/strong>\u00a022ct Sonnenaufgang Gold<br \/>\n<strong>Reinheit:<\/strong>\u00a091.6% reines Gold<br \/>\n<strong>Wahrzeichen:<\/strong>\u00a0Britisches G\u00fctesiegel<br \/>\n<strong>Edelstein:<\/strong>\u00a0Nat\u00fcrliche Smaragde<br \/>\n<strong>Edelstein Gewicht:<\/strong>\u00a00,5ct<br \/>\n<strong>Herkunft:<\/strong>\u00a0Sambia<br \/>\n<strong>Meiner:<\/strong>\u00a0Gemfields<br \/>\n<strong>Ringgr\u00f6\u00dfe:<\/strong>\u00a0P<br \/>\n<strong>Bruttogewicht:<\/strong>\u00a02.0 Gms<br \/>\n<strong>SKU:<\/strong>\u00a050699<\/p>\n<p><strong>Preis und Lieferung:<\/strong>\u00a0Inklusive Mehrwertsteuer und Lieferkosten<br \/>\n<a href=\"https:\/\/www.purejewels.com\/de\/ruckgabepolitik\/\">R\u00fcckgabepolitik<\/a><\/p>\n<p>&nbsp;<\/p>\n<\/div>\n<div class=\"pls-deliver-return-ask-questions\">\n<div class=\"pls-ask-questions pls-ask-questions-ajax\" data-id=\"202\">Fragen Sie<\/div>\n<\/div>","protected":false},"featured_media":389407,"comment_status":"closed","ping_status":"closed","template":"","meta":{"_eb_attr":"","_crsspst_to_jayantr4sg-hostcom":false},"product_brand":[],"product_cat":[1791,1559,5699,6190,5754,5958,1229,1235,1783,1573,1574,5747],"product_tag":[],"class_list":{"0":"post-389311","1":"product","2":"type-product","3":"status-publish","4":"has-post-thumbnail","6":"product_cat-anniversary-gifts","7":"product_cat-birthday-gifts","8":"product_cat-coloured-gemstone-jewellery","9":"product_cat-easter-jewellery","10":"product_cat-emerald","11":"product_cat-22ct-gold-emerald-rings","12":"product_cat-22ct-gold-jewellery","13":"product_cat-gold-rings","14":"product_cat-ladies-rings","15":"product_cat-wedding-gifts","16":"product_cat-womens-jewellery","17":"product_cat-mantra-collection","19":"first","20":"onbackorder","21":"taxable","22":"shipping-taxable","23":"purchasable","24":"product-type-simple","25":"add-to-wishlist-before_image"},"yoast_head":"<!-- This site is optimized with the Yoast SEO plugin v27.3 - https:\/\/yoast.com\/product\/yoast-seo-wordpress\/ -->\n<title>22ct Sunrise Gold Solo Natural Emerald Ring \u2013 Timeless Elegance<\/title>\n<meta name=\"description\" content=\"delicate yet powerful statement, this 22ct Sunrise Gold Solo Emerald Ring features a 0.5ct natural Zambian emerald, embodying elegance and timeless charm.\" \/>\n<meta name=\"robots\" content=\"index, follow, max-snippet:-1, max-image-preview:large, max-video-preview:-1\" \/>\n<link rel=\"canonical\" href=\"https:\/\/www.purejewels.com\/de\/produkt-2\/smaragdring-50699\/\" \/>\n<meta property=\"og:locale\" content=\"de_DE\" \/>\n<meta property=\"og:type\" content=\"article\" \/>\n<meta property=\"og:title\" content=\"22ct Sunrise Gold Solo Natural Emerald Ring \u2013 Timeless Elegance\" \/>\n<meta property=\"og:description\" content=\"delicate yet powerful statement, this 22ct Sunrise Gold Solo Emerald Ring features a 0.5ct natural Zambian emerald, embodying elegance and timeless charm.\" \/>\n<meta property=\"og:url\" content=\"https:\/\/www.purejewels.com\/de\/produkt-2\/smaragdring-50699\/\" \/>\n<meta property=\"og:site_name\" content=\"PureJewels UK\" \/>\n<meta property=\"article:modified_time\" content=\"2026-03-06T09:52:46+00:00\" \/>\n<meta property=\"og:image\" content=\"https:\/\/static.purejewels.com\/wp-content\/uploads\/2025\/03\/6_1.png\" \/>\n\t<meta property=\"og:image:width\" content=\"1000\" \/>\n\t<meta property=\"og:image:height\" content=\"1000\" \/>\n\t<meta property=\"og:image:type\" content=\"image\/png\" \/>\n<meta name=\"twitter:card\" content=\"summary_large_image\" \/>\n<meta name=\"twitter:label1\" content=\"Gesch\u00e4tzte Lesezeit\" \/>\n\t<meta name=\"twitter:data1\" content=\"1\u00a0Minute\" \/>\n<script type=\"application\/ld+json\" class=\"yoast-schema-graph\">{\"@context\":\"https:\\\/\\\/schema.org\",\"@graph\":[{\"@type\":[\"WebPage\",\"ItemPage\"],\"@id\":\"https:\\\/\\\/www.purejewels.com\\\/product\\\/emerald-ring-50699\\\/\",\"url\":\"https:\\\/\\\/www.purejewels.com\\\/product\\\/emerald-ring-50699\\\/\",\"name\":\"22ct Sunrise Gold Solo Natural Emerald Ring \u2013 Timeless Elegance\",\"isPartOf\":{\"@id\":\"https:\\\/\\\/www.purejewels.com\\\/#website\"},\"primaryImageOfPage\":{\"@id\":\"https:\\\/\\\/www.purejewels.com\\\/product\\\/emerald-ring-50699\\\/#primaryimage\"},\"image\":{\"@id\":\"https:\\\/\\\/www.purejewels.com\\\/product\\\/emerald-ring-50699\\\/#primaryimage\"},\"thumbnailUrl\":\"https:\\\/\\\/static.purejewels.com\\\/wp-content\\\/uploads\\\/2025\\\/03\\\/6_1.png\",\"datePublished\":\"2025-04-16T07:23:50+00:00\",\"dateModified\":\"2026-03-06T09:52:46+00:00\",\"description\":\"delicate yet powerful statement, this 22ct Sunrise Gold Solo Emerald Ring features a 0.5ct natural Zambian emerald, embodying elegance and timeless charm.\",\"breadcrumb\":{\"@id\":\"https:\\\/\\\/www.purejewels.com\\\/product\\\/emerald-ring-50699\\\/#breadcrumb\"},\"inLanguage\":\"de\",\"potentialAction\":[{\"@type\":\"ReadAction\",\"target\":[\"https:\\\/\\\/www.purejewels.com\\\/product\\\/emerald-ring-50699\\\/\"]}]},{\"@type\":\"ImageObject\",\"inLanguage\":\"de\",\"@id\":\"https:\\\/\\\/www.purejewels.com\\\/product\\\/emerald-ring-50699\\\/#primaryimage\",\"url\":\"https:\\\/\\\/static.purejewels.com\\\/wp-content\\\/uploads\\\/2025\\\/03\\\/6_1.png\",\"contentUrl\":\"https:\\\/\\\/static.purejewels.com\\\/wp-content\\\/uploads\\\/2025\\\/03\\\/6_1.png\",\"width\":1000,\"height\":1000,\"caption\":\"Emerald Ring\"},{\"@type\":\"BreadcrumbList\",\"@id\":\"https:\\\/\\\/www.purejewels.com\\\/product\\\/emerald-ring-50699\\\/#breadcrumb\",\"itemListElement\":[{\"@type\":\"ListItem\",\"position\":1,\"name\":\"Home\",\"item\":\"https:\\\/\\\/www.purejewels.com\\\/\"},{\"@type\":\"ListItem\",\"position\":2,\"name\":\"Shop\",\"item\":\"https:\\\/\\\/www.purejewels.com\\\/shop\\\/\"},{\"@type\":\"ListItem\",\"position\":3,\"name\":\"Solo Emerald Ring\"}]},{\"@type\":\"WebSite\",\"@id\":\"https:\\\/\\\/www.purejewels.com\\\/#website\",\"url\":\"https:\\\/\\\/www.purejewels.com\\\/\",\"name\":\"PureJewels UK\",\"description\":\"Share the Love\",\"publisher\":{\"@id\":\"https:\\\/\\\/www.purejewels.com\\\/#organization\"},\"potentialAction\":[{\"@type\":\"SearchAction\",\"target\":{\"@type\":\"EntryPoint\",\"urlTemplate\":\"https:\\\/\\\/www.purejewels.com\\\/?s={search_term_string}\"},\"query-input\":{\"@type\":\"PropertyValueSpecification\",\"valueRequired\":true,\"valueName\":\"search_term_string\"}}],\"inLanguage\":\"de\"},{\"@type\":\"Organization\",\"@id\":\"https:\\\/\\\/www.purejewels.com\\\/#organization\",\"name\":\"PureJewels UK\",\"url\":\"https:\\\/\\\/www.purejewels.com\\\/\",\"logo\":{\"@type\":\"ImageObject\",\"inLanguage\":\"de\",\"@id\":\"https:\\\/\\\/www.purejewels.com\\\/#\\\/schema\\\/logo\\\/image\\\/\",\"url\":\"https:\\\/\\\/static.purejewels.com\\\/wp-content\\\/uploads\\\/2020\\\/11\\\/Logo-PJ-New-1.png\",\"contentUrl\":\"https:\\\/\\\/static.purejewels.com\\\/wp-content\\\/uploads\\\/2020\\\/11\\\/Logo-PJ-New-1.png\",\"width\":150,\"height\":80,\"caption\":\"PureJewels UK\"},\"image\":{\"@id\":\"https:\\\/\\\/www.purejewels.com\\\/#\\\/schema\\\/logo\\\/image\\\/\"}}]}<\/script>\n<!-- \/ Yoast SEO plugin. -->","yoast_head_json":{"title":"22ct Sunrise Gold Solo Natural Emerald Ring - Zeitlose Eleganz","description":"Dieser zarte und doch kraftvolle Ring aus 22 Karat Sunrise Gold mit einem nat\u00fcrlichen sambischen Smaragd von 0,5 Karat verk\u00f6rpert Eleganz und zeitlosen Charme.","robots":{"index":"index","follow":"follow","max-snippet":"max-snippet:-1","max-image-preview":"max-image-preview:large","max-video-preview":"max-video-preview:-1"},"canonical":"https:\/\/www.purejewels.com\/de\/produkt-2\/smaragdring-50699\/","og_locale":"de_DE","og_type":"article","og_title":"22ct Sunrise Gold Solo Natural Emerald Ring \u2013 Timeless Elegance","og_description":"delicate yet powerful statement, this 22ct Sunrise Gold Solo Emerald Ring features a 0.5ct natural Zambian emerald, embodying elegance and timeless charm.","og_url":"https:\/\/www.purejewels.com\/de\/produkt-2\/smaragdring-50699\/","og_site_name":"PureJewels UK","article_modified_time":"2026-03-06T09:52:46+00:00","og_image":[{"width":1000,"height":1000,"url":"https:\/\/static.purejewels.com\/wp-content\/uploads\/2025\/03\/6_1.png","type":"image\/png"}],"twitter_card":"summary_large_image","twitter_misc":{"Gesch\u00e4tzte Lesezeit":"1\u00a0Minute"},"schema":{"@context":"https:\/\/schema.org","@graph":[{"@type":["WebPage","ItemPage"],"@id":"https:\/\/www.purejewels.com\/product\/emerald-ring-50699\/","url":"https:\/\/www.purejewels.com\/product\/emerald-ring-50699\/","name":"22ct Sunrise Gold Solo Natural Emerald Ring - Zeitlose Eleganz","isPartOf":{"@id":"https:\/\/www.purejewels.com\/#website"},"primaryImageOfPage":{"@id":"https:\/\/www.purejewels.com\/product\/emerald-ring-50699\/#primaryimage"},"image":{"@id":"https:\/\/www.purejewels.com\/product\/emerald-ring-50699\/#primaryimage"},"thumbnailUrl":"https:\/\/static.purejewels.com\/wp-content\/uploads\/2025\/03\/6_1.png","datePublished":"2025-04-16T07:23:50+00:00","dateModified":"2026-03-06T09:52:46+00:00","description":"Dieser zarte und doch kraftvolle Ring aus 22 Karat Sunrise Gold mit einem nat\u00fcrlichen sambischen Smaragd von 0,5 Karat verk\u00f6rpert Eleganz und zeitlosen Charme.","breadcrumb":{"@id":"https:\/\/www.purejewels.com\/product\/emerald-ring-50699\/#breadcrumb"},"inLanguage":"de","potentialAction":[{"@type":"ReadAction","target":["https:\/\/www.purejewels.com\/product\/emerald-ring-50699\/"]}]},{"@type":"ImageObject","inLanguage":"de","@id":"https:\/\/www.purejewels.com\/product\/emerald-ring-50699\/#primaryimage","url":"https:\/\/static.purejewels.com\/wp-content\/uploads\/2025\/03\/6_1.png","contentUrl":"https:\/\/static.purejewels.com\/wp-content\/uploads\/2025\/03\/6_1.png","width":1000,"height":1000,"caption":"Emerald Ring"},{"@type":"BreadcrumbList","@id":"https:\/\/www.purejewels.com\/product\/emerald-ring-50699\/#breadcrumb","itemListElement":[{"@type":"ListItem","position":1,"name":"Home","item":"https:\/\/www.purejewels.com\/"},{"@type":"ListItem","position":2,"name":"Shop","item":"https:\/\/www.purejewels.com\/shop\/"},{"@type":"ListItem","position":3,"name":"Solo Emerald Ring"}]},{"@type":"WebSite","@id":"https:\/\/www.purejewels.com\/#website","url":"https:\/\/www.purejewels.com\/","name":"PureJewels UK","description":"Teile die Liebe","publisher":{"@id":"https:\/\/www.purejewels.com\/#organization"},"potentialAction":[{"@type":"SearchAction","target":{"@type":"EntryPoint","urlTemplate":"https:\/\/www.purejewels.com\/?s={search_term_string}"},"query-input":{"@type":"PropertyValueSpecification","valueRequired":true,"valueName":"search_term_string"}}],"inLanguage":"de"},{"@type":"Organization","@id":"https:\/\/www.purejewels.com\/#organization","name":"PureJewels UK","url":"https:\/\/www.purejewels.com\/","logo":{"@type":"ImageObject","inLanguage":"de","@id":"https:\/\/www.purejewels.com\/#\/schema\/logo\/image\/","url":"https:\/\/static.purejewels.com\/wp-content\/uploads\/2020\/11\/Logo-PJ-New-1.png","contentUrl":"https:\/\/static.purejewels.com\/wp-content\/uploads\/2020\/11\/Logo-PJ-New-1.png","width":150,"height":80,"caption":"PureJewels UK"},"image":{"@id":"https:\/\/www.purejewels.com\/#\/schema\/logo\/image\/"}}]}},"_links":{"self":[{"href":"https:\/\/www.purejewels.com\/de\/wp-json\/wp\/v2\/product\/389311","targetHints":{"allow":["GET"]}}],"collection":[{"href":"https:\/\/www.purejewels.com\/de\/wp-json\/wp\/v2\/product"}],"about":[{"href":"https:\/\/www.purejewels.com\/de\/wp-json\/wp\/v2\/types\/product"}],"replies":[{"embeddable":true,"href":"https:\/\/www.purejewels.com\/de\/wp-json\/wp\/v2\/comments?post=389311"}],"version-history":[{"count":4,"href":"https:\/\/www.purejewels.com\/de\/wp-json\/wp\/v2\/product\/389311\/revisions"}],"predecessor-version":[{"id":395259,"href":"https:\/\/www.purejewels.com\/de\/wp-json\/wp\/v2\/product\/389311\/revisions\/395259"}],"wp:featuredmedia":[{"embeddable":true,"href":"https:\/\/www.purejewels.com\/de\/wp-json\/wp\/v2\/media\/389407"}],"wp:attachment":[{"href":"https:\/\/www.purejewels.com\/de\/wp-json\/wp\/v2\/media?parent=389311"}],"wp:term":[{"taxonomy":"product_brand","embeddable":true,"href":"https:\/\/www.purejewels.com\/de\/wp-json\/wp\/v2\/product_brand?post=389311"},{"taxonomy":"product_cat","embeddable":true,"href":"https:\/\/www.purejewels.com\/de\/wp-json\/wp\/v2\/product_cat?post=389311"},{"taxonomy":"product_tag","embeddable":true,"href":"https:\/\/www.purejewels.com\/de\/wp-json\/wp\/v2\/product_tag?post=389311"}],"curies":[{"name":"wp","href":"https:\/\/api.w.org\/{rel}","templated":true}]}}