{"id":389531,"date":"2025-07-21T05:59:01","date_gmt":"2025-07-21T04:59:01","guid":{"rendered":"https:\/\/www.purejewels.com\/?post_type=product&#038;p=389531"},"modified":"2026-05-12T14:54:06","modified_gmt":"2026-05-12T13:54:06","slug":"goldarmreif-im-antiken-stil-51359","status":"publish","type":"product","link":"https:\/\/www.purejewels.com\/de\/product\/antique-style-gold-bangle-51359\/","title":{"rendered":"Armari | Gitter Stil Antik Finish Gold Armreif | Gr\u00f6\u00dfe 2.6"},"content":{"rendered":"<p data-start=\"153\" data-end=\"423\"><strong data-start=\"153\" data-end=\"163\">Gestaltung<\/strong><br data-start=\"163\" data-end=\"166\" \/>Die Armspange Armari Antique Lattice ist aus 22-kar\u00e4tigem Gold gefertigt und mit einem komplizierten geometrischen Gitter versehen, das durch gepr\u00e4gte Scheiben an jedem Knotenpunkt akzentuiert wird. Ein subtiles Antik-Finish verleiht dem Armreif Tiefe und Definition und verleiht ihm eine raffinierte und doch kraftvolle Pr\u00e4senz.<\/p>\n<p data-start=\"425\" data-end=\"694\"><strong data-start=\"425\" data-end=\"442\">Handwerkliches K\u00f6nnen<\/strong><br data-start=\"442\" data-end=\"445\" \/>Das Gitter wird durch traditionelle Pr\u00e4getechniken geformt und mit pr\u00e4zisen, gl\u00e4nzenden Details verziert, die das Licht wundersch\u00f6n einfangen. Die antike Beschichtung hebt die Textur hervor, w\u00e4hrend die Punzierung in London Authentizit\u00e4t und Qualit\u00e4t gew\u00e4hrleistet.<\/p>\n<p data-start=\"696\" data-end=\"925\"><strong data-start=\"696\" data-end=\"707\">Styling<\/strong><br data-start=\"707\" data-end=\"710\" \/>Ein ausdrucksstarkes St\u00fcck, das mit anderen Armreifen gestapelt oder einzeln als Zeichen der St\u00e4rke getragen werden kann. Sein antikes Finish macht ihn ideal f\u00fcr traditionelle Kleidung, aber er passt auch m\u00fchelos zu indisch-westlichen Looks.<\/p>\n<h4 data-start=\"568\" data-end=\"595\"><strong data-start=\"573\" data-end=\"593\">Sammlung Geschichte<\/strong><\/h4>\n<p data-start=\"197\" data-end=\"433\">Auf Gujarati, <em data-start=\"210\" data-end=\"218\">Armari<\/em> bedeutet \"Schrank\" und ist ein sicherer Ort, an dem Familien seit langem ihre wertvollsten Besitzt\u00fcmer aufbewahren. Er sch\u00fctzt mehr als nur Gold; er bewahrt die W\u00fcrde, den Stolz und das Erbe, das von einer Generation zur n\u00e4chsten weitergegeben wird.<\/p>\n<p data-start=\"435\" data-end=\"650\">Im Geiste erinnert Armari auch an R\u00fcstungen, die zum Schutz, zur Widerstandsf\u00e4higkeit und f\u00fcr den Mut, sich der Welt zu stellen, gefertigt werden. Jedes Design greift auf die traditionelle Goldschmiedekunst zur\u00fcck, w\u00e4hrend es gleichzeitig die ruhige St\u00e4rke eines modernen Talismans verk\u00f6rpert.<\/p>\n<p data-start=\"652\" data-end=\"1072\">Die charakteristischen Gitterelemente der Kollektion werden aus d\u00fcnnen 22-kar\u00e4tigen Goldblechen geschmiedet und geh\u00e4rtet, ihre St\u00e4rke entsteht durch Ausdauer. An jedem Gitterpunkt werden einzeln gepr\u00e4gte Scheiben sorgf\u00e4ltig platziert und blank geschliffen. Ihr Glanz wird durch ein feines Antik-Finish verst\u00e4rkt, das das Muster vertieft. Das Ergebnis ist ein Schmuckst\u00fcck, das ein Gleichgewicht zwischen Eleganz und St\u00e4rke herstellt, das die Vergangenheit ehrt und gleichzeitig die Gegenwart furchtlos st\u00e4rkt.<\/p>\n<p data-start=\"1074\" data-end=\"1192\">Armari wird nah an der Haut getragen und ist Schmuck und R\u00fcstung zugleich: ein Fest der Sch\u00f6nheit, das das Wertvolle sch\u00fctzt.<\/p>","protected":false},"excerpt":{"rendered":"<p>Dieser Armreif aus 22-kar\u00e4tigem Gold aus unserer Armari-Kollektion zeichnet sich durch ein feines Gittermuster aus, das durch einzeln gepr\u00e4gte Scheiben akzentuiert wird, von denen jede hell geschliffen ist, um den nat\u00fcrlichen Glanz des Metalls zu verst\u00e4rken. Ein subtiles Antik-Finish vertieft den Kontrast und bringt jedes handgefertigte Detail in ein lebendiges Relief.<\/p>\n<p><em>Hinweis: Der angegebene Preis gilt f\u00fcr einen einzelnen Armreif.<\/em><\/p>\n<p><strong>Art des Armreifs:<\/strong> Brautschmuck Armreif<br \/>\n<strong>Material:<\/strong> 22ct Gelbgold<br \/>\n<strong>Beenden:<\/strong> Antike Beschichtung auf 22ct Gold<br \/>\n<strong>Wahrzeichen:<\/strong> Britisches G\u00fctesiegel<br \/>\n<strong>Bruttogewicht:<\/strong> 14,5 g pro Armspange<br \/>\n<strong>Gr\u00f6\u00dfe:<\/strong> 2.6 (Weitere Gr\u00f6\u00dfen bitte anfragen)<br \/>\n<strong>SKU:<\/strong> 51358, 51359<br \/>\n<strong>Preis:<\/strong> Der angegebene Preis ist f\u00fcr einen Armreif<br \/>\n<strong>Preis und Lieferung<\/strong>: Inklusive Mehrwertsteuer und Lieferkosten<br \/>\nInternationaler Versand auf Anfrage m\u00f6glich<br \/>\n<a href=\"https:\/\/www.purejewels.com\/de\/ruckgabepolitik\/\">R\u00fcckgabepolitik<\/a><\/p>","protected":false},"featured_media":353005,"comment_status":"closed","ping_status":"closed","template":"","meta":{"_eb_attr":"","_crsspst_to_jayantr4sg-hostcom":false},"product_brand":[],"product_cat":[5640,245,1659,236,5701,1233,1229,5271,1573,1574,5349],"product_tag":[1514],"class_list":{"0":"post-389531","1":"product","2":"type-product","3":"status-publish","4":"has-post-thumbnail","6":"product_cat-armari-bangles","7":"product_cat-armari-collections","8":"product_cat-bridal-and-party-wear-gold-kada-bangle","9":"product_cat-collections","10":"product_cat-eid-jewellery","11":"product_cat-gold-bangles","12":"product_cat-22ct-gold-jewellery","13":"product_cat-occasion-wear-bangles","14":"product_cat-wedding-gifts","15":"product_cat-womens-jewellery","16":"product_cat-yellow-gold-jewellery","17":"product_tag-bangles","19":"first","20":"instock","21":"taxable","22":"shipping-taxable","23":"purchasable","24":"product-type-simple","25":"add-to-wishlist-before_image"},"yoast_head":"<!-- This site is optimized with the Yoast SEO plugin v27.5 - https:\/\/yoast.com\/product\/yoast-seo-wordpress\/ -->\n<title>Gold Bangle, Antique Design | Size 2.6 | Purejewels London<\/title>\n<meta name=\"description\" content=\"Find your perfect antique design gold bangle, size 2.6. View detailed images and specifications online. Secure your purchase today.\" \/>\n<meta name=\"robots\" content=\"index, follow, max-snippet:-1, max-image-preview:large, max-video-preview:-1\" \/>\n<link rel=\"canonical\" href=\"https:\/\/www.purejewels.com\/de\/produkt-2\/goldarmreif-im-antiken-stil-51359\/\" \/>\n<meta property=\"og:locale\" content=\"de_DE\" \/>\n<meta property=\"og:type\" content=\"article\" \/>\n<meta property=\"og:title\" content=\"Gold Bangle, Antique Design | Size 2.6 | Purejewels London\" \/>\n<meta property=\"og:description\" content=\"Find your perfect antique design gold bangle, size 2.6. View detailed images and specifications online. Secure your purchase today.\" \/>\n<meta property=\"og:url\" content=\"https:\/\/www.purejewels.com\/de\/produkt-2\/goldarmreif-im-antiken-stil-51359\/\" \/>\n<meta property=\"og:site_name\" content=\"PureJewels UK\" \/>\n<meta property=\"article:modified_time\" content=\"2026-05-12T13:54:06+00:00\" \/>\n<meta property=\"og:image\" content=\"https:\/\/static.purejewels.com\/wp-content\/uploads\/2023\/10\/46738-final.jpg\" \/>\n\t<meta property=\"og:image:width\" content=\"1000\" \/>\n\t<meta property=\"og:image:height\" content=\"1000\" \/>\n\t<meta property=\"og:image:type\" content=\"image\/jpeg\" \/>\n<meta name=\"twitter:card\" content=\"summary_large_image\" \/>\n<meta name=\"twitter:label1\" content=\"Gesch\u00e4tzte Lesezeit\" \/>\n\t<meta name=\"twitter:data1\" content=\"2\u00a0Minuten\" \/>\n<script type=\"application\/ld+json\" class=\"yoast-schema-graph\">{\"@context\":\"https:\\\/\\\/schema.org\",\"@graph\":[{\"@type\":[\"WebPage\",\"ItemPage\"],\"@id\":\"https:\\\/\\\/www.purejewels.com\\\/product\\\/antique-style-gold-bangle-51359\\\/\",\"url\":\"https:\\\/\\\/www.purejewels.com\\\/product\\\/antique-style-gold-bangle-51359\\\/\",\"name\":\"Gold Bangle, Antique Design | Size 2.6 | Purejewels London\",\"isPartOf\":{\"@id\":\"https:\\\/\\\/www.purejewels.com\\\/#website\"},\"primaryImageOfPage\":{\"@id\":\"https:\\\/\\\/www.purejewels.com\\\/product\\\/antique-style-gold-bangle-51359\\\/#primaryimage\"},\"image\":{\"@id\":\"https:\\\/\\\/www.purejewels.com\\\/product\\\/antique-style-gold-bangle-51359\\\/#primaryimage\"},\"thumbnailUrl\":\"https:\\\/\\\/static.purejewels.com\\\/wp-content\\\/uploads\\\/2023\\\/10\\\/46738-final.jpg\",\"datePublished\":\"2025-07-21T04:59:01+00:00\",\"dateModified\":\"2026-05-12T13:54:06+00:00\",\"description\":\"Find your perfect antique design gold bangle, size 2.6. View detailed images and specifications online. Secure your purchase today.\",\"breadcrumb\":{\"@id\":\"https:\\\/\\\/www.purejewels.com\\\/product\\\/antique-style-gold-bangle-51359\\\/#breadcrumb\"},\"inLanguage\":\"de\",\"potentialAction\":[{\"@type\":\"ReadAction\",\"target\":[\"https:\\\/\\\/www.purejewels.com\\\/product\\\/antique-style-gold-bangle-51359\\\/\"]}]},{\"@type\":\"ImageObject\",\"inLanguage\":\"de\",\"@id\":\"https:\\\/\\\/www.purejewels.com\\\/product\\\/antique-style-gold-bangle-51359\\\/#primaryimage\",\"url\":\"https:\\\/\\\/static.purejewels.com\\\/wp-content\\\/uploads\\\/2023\\\/10\\\/46738-final.jpg\",\"contentUrl\":\"https:\\\/\\\/static.purejewels.com\\\/wp-content\\\/uploads\\\/2023\\\/10\\\/46738-final.jpg\",\"width\":1000,\"height\":1000,\"caption\":\"Antique Style Gold Bangle\"},{\"@type\":\"BreadcrumbList\",\"@id\":\"https:\\\/\\\/www.purejewels.com\\\/product\\\/antique-style-gold-bangle-51359\\\/#breadcrumb\",\"itemListElement\":[{\"@type\":\"ListItem\",\"position\":1,\"name\":\"Home\",\"item\":\"https:\\\/\\\/www.purejewels.com\\\/\"},{\"@type\":\"ListItem\",\"position\":2,\"name\":\"Shop\",\"item\":\"https:\\\/\\\/www.purejewels.com\\\/shop\\\/\"},{\"@type\":\"ListItem\",\"position\":3,\"name\":\"Armari | Lattice Style Antique Finish Gold Bangle | Size 2.6\"}]},{\"@type\":\"WebSite\",\"@id\":\"https:\\\/\\\/www.purejewels.com\\\/#website\",\"url\":\"https:\\\/\\\/www.purejewels.com\\\/\",\"name\":\"PureJewels UK\",\"description\":\"Share the Love\",\"publisher\":{\"@id\":\"https:\\\/\\\/www.purejewels.com\\\/#organization\"},\"potentialAction\":[{\"@type\":\"SearchAction\",\"target\":{\"@type\":\"EntryPoint\",\"urlTemplate\":\"https:\\\/\\\/www.purejewels.com\\\/?s={search_term_string}\"},\"query-input\":{\"@type\":\"PropertyValueSpecification\",\"valueRequired\":true,\"valueName\":\"search_term_string\"}}],\"inLanguage\":\"de\"},{\"@type\":\"Organization\",\"@id\":\"https:\\\/\\\/www.purejewels.com\\\/#organization\",\"name\":\"PureJewels UK\",\"url\":\"https:\\\/\\\/www.purejewels.com\\\/\",\"logo\":{\"@type\":\"ImageObject\",\"inLanguage\":\"de\",\"@id\":\"https:\\\/\\\/www.purejewels.com\\\/#\\\/schema\\\/logo\\\/image\\\/\",\"url\":\"https:\\\/\\\/static.purejewels.com\\\/wp-content\\\/uploads\\\/2020\\\/11\\\/Logo-PJ-New-1.png\",\"contentUrl\":\"https:\\\/\\\/static.purejewels.com\\\/wp-content\\\/uploads\\\/2020\\\/11\\\/Logo-PJ-New-1.png\",\"width\":150,\"height\":80,\"caption\":\"PureJewels UK\"},\"image\":{\"@id\":\"https:\\\/\\\/www.purejewels.com\\\/#\\\/schema\\\/logo\\\/image\\\/\"}}]}<\/script>\n<!-- \/ Yoast SEO plugin. -->","yoast_head_json":{"title":"Goldarmreif, antikes Design | Gr\u00f6\u00dfe 2.6 | Purejewels London","description":"Finden Sie Ihren perfekten Goldarmreif im antiken Design, Gr\u00f6\u00dfe 2,6. Sehen Sie sich detaillierte Bilder und Spezifikationen online an. Sichern Sie sich Ihren Kauf noch heute.","robots":{"index":"index","follow":"follow","max-snippet":"max-snippet:-1","max-image-preview":"max-image-preview:large","max-video-preview":"max-video-preview:-1"},"canonical":"https:\/\/www.purejewels.com\/de\/produkt-2\/goldarmreif-im-antiken-stil-51359\/","og_locale":"de_DE","og_type":"article","og_title":"Gold Bangle, Antique Design | Size 2.6 | Purejewels London","og_description":"Find your perfect antique design gold bangle, size 2.6. View detailed images and specifications online. Secure your purchase today.","og_url":"https:\/\/www.purejewels.com\/de\/produkt-2\/goldarmreif-im-antiken-stil-51359\/","og_site_name":"PureJewels UK","article_modified_time":"2026-05-12T13:54:06+00:00","og_image":[{"width":1000,"height":1000,"url":"https:\/\/static.purejewels.com\/wp-content\/uploads\/2023\/10\/46738-final.jpg","type":"image\/jpeg"}],"twitter_card":"summary_large_image","twitter_misc":{"Gesch\u00e4tzte Lesezeit":"2\u00a0Minuten"},"schema":{"@context":"https:\/\/schema.org","@graph":[{"@type":["WebPage","ItemPage"],"@id":"https:\/\/www.purejewels.com\/product\/antique-style-gold-bangle-51359\/","url":"https:\/\/www.purejewels.com\/product\/antique-style-gold-bangle-51359\/","name":"Goldarmreif, antikes Design | Gr\u00f6\u00dfe 2.6 | Purejewels London","isPartOf":{"@id":"https:\/\/www.purejewels.com\/#website"},"primaryImageOfPage":{"@id":"https:\/\/www.purejewels.com\/product\/antique-style-gold-bangle-51359\/#primaryimage"},"image":{"@id":"https:\/\/www.purejewels.com\/product\/antique-style-gold-bangle-51359\/#primaryimage"},"thumbnailUrl":"https:\/\/static.purejewels.com\/wp-content\/uploads\/2023\/10\/46738-final.jpg","datePublished":"2025-07-21T04:59:01+00:00","dateModified":"2026-05-12T13:54:06+00:00","description":"Finden Sie Ihren perfekten Goldarmreif im antiken Design, Gr\u00f6\u00dfe 2,6. Sehen Sie sich detaillierte Bilder und Spezifikationen online an. Sichern Sie sich Ihren Kauf noch heute.","breadcrumb":{"@id":"https:\/\/www.purejewels.com\/product\/antique-style-gold-bangle-51359\/#breadcrumb"},"inLanguage":"de","potentialAction":[{"@type":"ReadAction","target":["https:\/\/www.purejewels.com\/product\/antique-style-gold-bangle-51359\/"]}]},{"@type":"ImageObject","inLanguage":"de","@id":"https:\/\/www.purejewels.com\/product\/antique-style-gold-bangle-51359\/#primaryimage","url":"https:\/\/static.purejewels.com\/wp-content\/uploads\/2023\/10\/46738-final.jpg","contentUrl":"https:\/\/static.purejewels.com\/wp-content\/uploads\/2023\/10\/46738-final.jpg","width":1000,"height":1000,"caption":"Antique Style Gold Bangle"},{"@type":"BreadcrumbList","@id":"https:\/\/www.purejewels.com\/product\/antique-style-gold-bangle-51359\/#breadcrumb","itemListElement":[{"@type":"ListItem","position":1,"name":"Home","item":"https:\/\/www.purejewels.com\/"},{"@type":"ListItem","position":2,"name":"Shop","item":"https:\/\/www.purejewels.com\/shop\/"},{"@type":"ListItem","position":3,"name":"Armari | Lattice Style Antique Finish Gold Bangle | Size 2.6"}]},{"@type":"WebSite","@id":"https:\/\/www.purejewels.com\/#website","url":"https:\/\/www.purejewels.com\/","name":"PureJewels UK","description":"Teile die Liebe","publisher":{"@id":"https:\/\/www.purejewels.com\/#organization"},"potentialAction":[{"@type":"SearchAction","target":{"@type":"EntryPoint","urlTemplate":"https:\/\/www.purejewels.com\/?s={search_term_string}"},"query-input":{"@type":"PropertyValueSpecification","valueRequired":true,"valueName":"search_term_string"}}],"inLanguage":"de"},{"@type":"Organization","@id":"https:\/\/www.purejewels.com\/#organization","name":"PureJewels UK","url":"https:\/\/www.purejewels.com\/","logo":{"@type":"ImageObject","inLanguage":"de","@id":"https:\/\/www.purejewels.com\/#\/schema\/logo\/image\/","url":"https:\/\/static.purejewels.com\/wp-content\/uploads\/2020\/11\/Logo-PJ-New-1.png","contentUrl":"https:\/\/static.purejewels.com\/wp-content\/uploads\/2020\/11\/Logo-PJ-New-1.png","width":150,"height":80,"caption":"PureJewels UK"},"image":{"@id":"https:\/\/www.purejewels.com\/#\/schema\/logo\/image\/"}}]}},"_links":{"self":[{"href":"https:\/\/www.purejewels.com\/de\/wp-json\/wp\/v2\/product\/389531","targetHints":{"allow":["GET"]}}],"collection":[{"href":"https:\/\/www.purejewels.com\/de\/wp-json\/wp\/v2\/product"}],"about":[{"href":"https:\/\/www.purejewels.com\/de\/wp-json\/wp\/v2\/types\/product"}],"replies":[{"embeddable":true,"href":"https:\/\/www.purejewels.com\/de\/wp-json\/wp\/v2\/comments?post=389531"}],"version-history":[{"count":4,"href":"https:\/\/www.purejewels.com\/de\/wp-json\/wp\/v2\/product\/389531\/revisions"}],"predecessor-version":[{"id":416845,"href":"https:\/\/www.purejewels.com\/de\/wp-json\/wp\/v2\/product\/389531\/revisions\/416845"}],"wp:featuredmedia":[{"embeddable":true,"href":"https:\/\/www.purejewels.com\/de\/wp-json\/wp\/v2\/media\/353005"}],"wp:attachment":[{"href":"https:\/\/www.purejewels.com\/de\/wp-json\/wp\/v2\/media?parent=389531"}],"wp:term":[{"taxonomy":"product_brand","embeddable":true,"href":"https:\/\/www.purejewels.com\/de\/wp-json\/wp\/v2\/product_brand?post=389531"},{"taxonomy":"product_cat","embeddable":true,"href":"https:\/\/www.purejewels.com\/de\/wp-json\/wp\/v2\/product_cat?post=389531"},{"taxonomy":"product_tag","embeddable":true,"href":"https:\/\/www.purejewels.com\/de\/wp-json\/wp\/v2\/product_tag?post=389531"}],"curies":[{"name":"wp","href":"https:\/\/api.w.org\/{rel}","templated":true}]}}