{"id":389716,"date":"2024-01-24T08:08:27","date_gmt":"2024-01-24T08:08:27","guid":{"rendered":"https:\/\/www.purejewels.com\/?post_type=product&#038;p=389716"},"modified":"2026-02-09T10:28:48","modified_gmt":"2026-02-09T10:28:48","slug":"niederschlag-lilypad-tropfer-diamant-ohrring-jacken-49573","status":"publish","type":"product","link":"https:\/\/www.purejewels.com\/de\/product\/rainfall-lilypad-dropper-diamond-earring-jackets-49573\/","title":{"rendered":"Rainfall Lilypad Ohrring Jacken"},"content":{"rendered":"<p data-start=\"171\" data-end=\"201\"><strong data-start=\"171\" data-end=\"199\">1. Inspiration und Geschichte<\/strong><\/p>\n<p data-start=\"203\" data-end=\"785\">Die Rainfall Lilypad Earring Jackets sind eine anmutige Erweiterung der sich entfaltenden Reise der Liebe - eine Hommage an die Schichten und Momente, die sich mit der Zeit vertiefen. Inspiriert von der zarten Kraft der Lotusblume und dem leisen Pl\u00e4tschern eines Seerosenblattes, das \u00fcber stilles Wasser treibt, f\u00fcgt dieses Design unserer charakteristischen Lotus-Kollektion ein neues Kapitel hinzu. Die Jacke wurde passend zu den Lotus Halo Studs entworfen und unterstreicht die bereits erz\u00e4hlte Geschichte durch Bewegung, Licht und Symbolik. Mit jedem Schimmern und Schwanken ehrt sie die sich entwickelnde Natur der Liebe: offen, lebendig und wunderbar unberechenbar.<\/p>\n<p data-start=\"787\" data-end=\"822\"><strong data-start=\"787\" data-end=\"820\">2. Material und handwerkliches K\u00f6nnen<\/strong><\/p>\n<p data-start=\"824\" data-end=\"1614\">Die Rainfall Lilypad Earring Jackets werden in London in Handarbeit aus exklusivem 22-kar\u00e4tigem Sunrise Gold von PureJewels gefertigt und sind reich an Details und Bewegung. Ihre wellenf\u00f6rmige Oberfl\u00e4che ist wie ein asymmetrisches Seerosenblatt geformt und f\u00e4ngt das Licht bei jedem Schritt ein. Darunter h\u00e4ngen mit Tautropfen und Brillanten besetzte Bl\u00fctenbl\u00e4tter, die sanft tanzen - wie Lotusbl\u00fcten, die in der Brise schweben. Jedes Element ist so gestaltet, dass es den Rhythmus der Natur widerspiegelt. Diese Jacke, die vor dem Ohrl\u00e4ppchen sitzt, passt perfekt zu den Lotus Halo Ohrsteckern, kann aber auch mit jedem anderen Solit\u00e4rstecker kombiniert werden, um einen eleganten, organischen Akzent zu setzen. Vom sanften Schimmern der Tautropfenfassungen bis hin zu den geschwungenen Goldlinien spiegelt jedes Detail die Kunstfertigkeit der Juweliere wider, die Sch\u00f6nheit aus Geschichte formen.<\/p>\n<p data-start=\"1616\" data-end=\"1637\"><strong data-start=\"1616\" data-end=\"1635\">3. Styling-Tipps<\/strong><\/p>\n<p data-start=\"1639\" data-end=\"2179\">Die Rainfall Lilypad Earring Jackets verwandeln Ihre allt\u00e4glichen Ohrstecker in ein Statement der Eleganz, das sowohl geerdet als auch anmutig wirkt. Ob in Kombination mit Bloom Halo Stud oder Ihren liebsten Solit\u00e4r-Ohrringen, die Jacke verleiht Ihrem Look Bewegung, Tiefe und Symbolik. Dieses vielseitige Kleidungsst\u00fcck ist ideal, um Ihr Outfit von morgens bis abends aufzuwerten oder einem schlichten Ensemble einen poetischen Touch zu verleihen. Lassen Sie die Bl\u00fctenbl\u00e4tter sanft unter Ihren Ohrl\u00e4ppchen schwingen, als Erinnerung an den Fluss der Liebe - immer wachsend, immer in Bewegung.<\/p>\n<p data-start=\"2181\" data-end=\"2265\"><strong data-start=\"2181\" data-end=\"2200\">Diamant Details<\/strong><br data-start=\"2200\" data-end=\"2203\" \/>Die Diamanten sind GLS-zertifiziert f\u00fcr Qualit\u00e4t und Echtheit.<\/p>","protected":false},"excerpt":{"rendered":"<p>Die eleganten und leuchtenden Rainfall Lilypad-Ohrstecker sind mit 0,63 Karat Diamanten besetzt, die wie Bl\u00fctenbl\u00e4tter auf dem Wasser schimmern - eine anmutige Erweiterung, die Ihre allt\u00e4glichen Ohrstecker aufwertet. Passend zu unseren Bloom Halo Ohrsteckern (separat erh\u00e4ltlich)<\/p>\n<p><strong>Material:<\/strong> 22ct Sonnenaufgang Gold<br \/>\n<strong><strong>Wahrzeichen: <\/strong><\/strong>Britisches G\u00fctesiegel<br \/>\n<strong>Zertifizierung:<\/strong> GLS-zertifiziert<strong><strong><br \/>\n<\/strong><\/strong><strong><strong>Stein: <\/strong><\/strong>Diamanten<strong><strong><br \/>\n<strong>Gewicht der Diamanten: <\/strong><\/strong><\/strong>0,63ct<strong><strong><strong><br \/>\n<\/strong><\/strong><\/strong><strong><strong><strong><strong><strong><strong>Bruttogewicht: <\/strong><\/strong><\/strong><\/strong><\/strong><\/strong>8.00 Gms<strong><strong><strong><strong><strong><br \/>\n<strong>SKU:<\/strong><\/strong><\/strong><\/strong><\/strong><\/strong>49573<\/p>\n<p><strong><strong><strong><strong><strong><strong>Preis und Lieferung:<\/strong><\/strong><\/strong><\/strong><\/strong><\/strong>Inklusive Mehrwertsteuer und Lieferkosten<strong><strong><strong><strong><strong><br \/>\n<a href=\"https:\/\/www.purejewels.com\/de\/ruckgabepolitik\/\">R\u00fcckgabepolitik<\/a><\/strong><\/strong><\/strong><\/strong><\/strong><\/p>","protected":false},"featured_media":390618,"comment_status":"closed","ping_status":"closed","template":"","meta":{"_eb_attr":"","_crsspst_to_jayantr4sg-hostcom":false},"product_brand":[],"product_cat":[1791,5458,5457,1685,1254,1229,1633,1569,1574],"product_tag":[66],"class_list":{"0":"post-389716","1":"product","2":"type-product","3":"status-publish","4":"has-post-thumbnail","6":"product_cat-anniversary-gifts","7":"product_cat-diamond-earring","8":"product_cat-diamond-jewellery","9":"product_cat-drop-earrings","10":"product_cat-gold-earrings","11":"product_cat-22ct-gold-jewellery","12":"product_cat-lotus-collections","13":"product_cat-valentine-day-gifts","14":"product_cat-womens-jewellery","15":"product_tag-earrings","17":"first","18":"onbackorder","19":"taxable","20":"shipping-taxable","21":"purchasable","22":"product-type-simple","23":"add-to-wishlist-before_image"},"yoast_head":"<!-- This site is optimized with the Yoast SEO plugin v27.6 - https:\/\/yoast.com\/product\/yoast-seo-wordpress\/ -->\n<title>Rainfall Lilypad Lotus Earrings Jackets | PureJewels UK<\/title>\n<meta name=\"description\" content=\"Experience the delicate beauty of our Rainfall Lilypad Earring Jackets. Featuring an intricate floral design, these earrings add a touch of elegance to any look.\" \/>\n<meta name=\"robots\" content=\"index, follow, max-snippet:-1, max-image-preview:large, max-video-preview:-1\" \/>\n<link rel=\"canonical\" href=\"https:\/\/www.purejewels.com\/de\/produkt-2\/niederschlag-lilypad-tropfer-diamant-ohrring-jacken-49573\/\" \/>\n<meta property=\"og:locale\" content=\"de_DE\" \/>\n<meta property=\"og:type\" content=\"article\" \/>\n<meta property=\"og:title\" content=\"Rainfall Lilypad Lotus Earrings Jackets | PureJewels UK\" \/>\n<meta property=\"og:description\" content=\"Experience the delicate beauty of our Rainfall Lilypad Earring Jackets. Featuring an intricate floral design, these earrings add a touch of elegance to any look.\" \/>\n<meta property=\"og:url\" content=\"https:\/\/www.purejewels.com\/de\/produkt-2\/niederschlag-lilypad-tropfer-diamant-ohrring-jacken-49573\/\" \/>\n<meta property=\"og:site_name\" content=\"PureJewels UK\" \/>\n<meta property=\"article:modified_time\" content=\"2026-02-09T10:28:48+00:00\" \/>\n<meta property=\"og:image\" content=\"https:\/\/static.purejewels.com\/wp-content\/uploads\/2024\/01\/49573-1.png\" \/>\n\t<meta property=\"og:image:width\" content=\"1000\" \/>\n\t<meta property=\"og:image:height\" content=\"1000\" \/>\n\t<meta property=\"og:image:type\" content=\"image\/png\" \/>\n<meta name=\"twitter:card\" content=\"summary_large_image\" \/>\n<meta name=\"twitter:label1\" content=\"Gesch\u00e4tzte Lesezeit\" \/>\n\t<meta name=\"twitter:data1\" content=\"2\u00a0Minuten\" \/>\n<script type=\"application\/ld+json\" class=\"yoast-schema-graph\">{\"@context\":\"https:\\\/\\\/schema.org\",\"@graph\":[{\"@type\":[\"WebPage\",\"ItemPage\"],\"@id\":\"https:\\\/\\\/www.purejewels.com\\\/product\\\/rainfall-lilypad-dropper-diamond-earring-jackets-49573\\\/\",\"url\":\"https:\\\/\\\/www.purejewels.com\\\/product\\\/rainfall-lilypad-dropper-diamond-earring-jackets-49573\\\/\",\"name\":\"Rainfall Lilypad Lotus Earrings Jackets | PureJewels UK\",\"isPartOf\":{\"@id\":\"https:\\\/\\\/www.purejewels.com\\\/#website\"},\"primaryImageOfPage\":{\"@id\":\"https:\\\/\\\/www.purejewels.com\\\/product\\\/rainfall-lilypad-dropper-diamond-earring-jackets-49573\\\/#primaryimage\"},\"image\":{\"@id\":\"https:\\\/\\\/www.purejewels.com\\\/product\\\/rainfall-lilypad-dropper-diamond-earring-jackets-49573\\\/#primaryimage\"},\"thumbnailUrl\":\"https:\\\/\\\/static.purejewels.com\\\/wp-content\\\/uploads\\\/2024\\\/01\\\/49573-1.png\",\"datePublished\":\"2024-01-24T08:08:27+00:00\",\"dateModified\":\"2026-02-09T10:28:48+00:00\",\"description\":\"Experience the delicate beauty of our Rainfall Lilypad Earring Jackets. Featuring an intricate floral design, these earrings add a touch of elegance to any look.\",\"breadcrumb\":{\"@id\":\"https:\\\/\\\/www.purejewels.com\\\/product\\\/rainfall-lilypad-dropper-diamond-earring-jackets-49573\\\/#breadcrumb\"},\"inLanguage\":\"de\",\"potentialAction\":[{\"@type\":\"ReadAction\",\"target\":[\"https:\\\/\\\/www.purejewels.com\\\/product\\\/rainfall-lilypad-dropper-diamond-earring-jackets-49573\\\/\"]}]},{\"@type\":\"ImageObject\",\"inLanguage\":\"de\",\"@id\":\"https:\\\/\\\/www.purejewels.com\\\/product\\\/rainfall-lilypad-dropper-diamond-earring-jackets-49573\\\/#primaryimage\",\"url\":\"https:\\\/\\\/static.purejewels.com\\\/wp-content\\\/uploads\\\/2024\\\/01\\\/49573-1.png\",\"contentUrl\":\"https:\\\/\\\/static.purejewels.com\\\/wp-content\\\/uploads\\\/2024\\\/01\\\/49573-1.png\",\"width\":1000,\"height\":1000},{\"@type\":\"BreadcrumbList\",\"@id\":\"https:\\\/\\\/www.purejewels.com\\\/product\\\/rainfall-lilypad-dropper-diamond-earring-jackets-49573\\\/#breadcrumb\",\"itemListElement\":[{\"@type\":\"ListItem\",\"position\":1,\"name\":\"Home\",\"item\":\"https:\\\/\\\/www.purejewels.com\\\/\"},{\"@type\":\"ListItem\",\"position\":2,\"name\":\"Shop\",\"item\":\"https:\\\/\\\/www.purejewels.com\\\/shop\\\/\"},{\"@type\":\"ListItem\",\"position\":3,\"name\":\"Rainfall Lilypad Earring Jackets\"}]},{\"@type\":\"WebSite\",\"@id\":\"https:\\\/\\\/www.purejewels.com\\\/#website\",\"url\":\"https:\\\/\\\/www.purejewels.com\\\/\",\"name\":\"PureJewels UK\",\"description\":\"Share the Love\",\"publisher\":{\"@id\":\"https:\\\/\\\/www.purejewels.com\\\/#organization\"},\"potentialAction\":[{\"@type\":\"SearchAction\",\"target\":{\"@type\":\"EntryPoint\",\"urlTemplate\":\"https:\\\/\\\/www.purejewels.com\\\/?s={search_term_string}\"},\"query-input\":{\"@type\":\"PropertyValueSpecification\",\"valueRequired\":true,\"valueName\":\"search_term_string\"}}],\"inLanguage\":\"de\"},{\"@type\":\"Organization\",\"@id\":\"https:\\\/\\\/www.purejewels.com\\\/#organization\",\"name\":\"PureJewels UK\",\"url\":\"https:\\\/\\\/www.purejewels.com\\\/\",\"logo\":{\"@type\":\"ImageObject\",\"inLanguage\":\"de\",\"@id\":\"https:\\\/\\\/www.purejewels.com\\\/#\\\/schema\\\/logo\\\/image\\\/\",\"url\":\"https:\\\/\\\/static.purejewels.com\\\/wp-content\\\/uploads\\\/2020\\\/11\\\/Logo-PJ-New-1.png\",\"contentUrl\":\"https:\\\/\\\/static.purejewels.com\\\/wp-content\\\/uploads\\\/2020\\\/11\\\/Logo-PJ-New-1.png\",\"width\":150,\"height\":80,\"caption\":\"PureJewels UK\"},\"image\":{\"@id\":\"https:\\\/\\\/www.purejewels.com\\\/#\\\/schema\\\/logo\\\/image\\\/\"}}]}<\/script>\n<!-- \/ Yoast SEO plugin. -->","yoast_head_json":{"title":"Rainfall Lilypad Lotus Ohrringe Jacken | PureJewels UK","description":"Erleben Sie die zarte Sch\u00f6nheit unserer Rainfall Lilypad Ohrring-Jackets. Mit ihrem filigranen Blumendesign verleihen diese Ohrringe jedem Look einen Hauch von Eleganz.","robots":{"index":"index","follow":"follow","max-snippet":"max-snippet:-1","max-image-preview":"max-image-preview:large","max-video-preview":"max-video-preview:-1"},"canonical":"https:\/\/www.purejewels.com\/de\/produkt-2\/niederschlag-lilypad-tropfer-diamant-ohrring-jacken-49573\/","og_locale":"de_DE","og_type":"article","og_title":"Rainfall Lilypad Lotus Earrings Jackets | PureJewels UK","og_description":"Experience the delicate beauty of our Rainfall Lilypad Earring Jackets. Featuring an intricate floral design, these earrings add a touch of elegance to any look.","og_url":"https:\/\/www.purejewels.com\/de\/produkt-2\/niederschlag-lilypad-tropfer-diamant-ohrring-jacken-49573\/","og_site_name":"PureJewels UK","article_modified_time":"2026-02-09T10:28:48+00:00","og_image":[{"width":1000,"height":1000,"url":"https:\/\/static.purejewels.com\/wp-content\/uploads\/2024\/01\/49573-1.png","type":"image\/png"}],"twitter_card":"summary_large_image","twitter_misc":{"Gesch\u00e4tzte Lesezeit":"2\u00a0Minuten"},"schema":{"@context":"https:\/\/schema.org","@graph":[{"@type":["WebPage","ItemPage"],"@id":"https:\/\/www.purejewels.com\/product\/rainfall-lilypad-dropper-diamond-earring-jackets-49573\/","url":"https:\/\/www.purejewels.com\/product\/rainfall-lilypad-dropper-diamond-earring-jackets-49573\/","name":"Rainfall Lilypad Lotus Ohrringe Jacken | PureJewels UK","isPartOf":{"@id":"https:\/\/www.purejewels.com\/#website"},"primaryImageOfPage":{"@id":"https:\/\/www.purejewels.com\/product\/rainfall-lilypad-dropper-diamond-earring-jackets-49573\/#primaryimage"},"image":{"@id":"https:\/\/www.purejewels.com\/product\/rainfall-lilypad-dropper-diamond-earring-jackets-49573\/#primaryimage"},"thumbnailUrl":"https:\/\/static.purejewels.com\/wp-content\/uploads\/2024\/01\/49573-1.png","datePublished":"2024-01-24T08:08:27+00:00","dateModified":"2026-02-09T10:28:48+00:00","description":"Erleben Sie die zarte Sch\u00f6nheit unserer Rainfall Lilypad Ohrring-Jackets. Mit ihrem filigranen Blumendesign verleihen diese Ohrringe jedem Look einen Hauch von Eleganz.","breadcrumb":{"@id":"https:\/\/www.purejewels.com\/product\/rainfall-lilypad-dropper-diamond-earring-jackets-49573\/#breadcrumb"},"inLanguage":"de","potentialAction":[{"@type":"ReadAction","target":["https:\/\/www.purejewels.com\/product\/rainfall-lilypad-dropper-diamond-earring-jackets-49573\/"]}]},{"@type":"ImageObject","inLanguage":"de","@id":"https:\/\/www.purejewels.com\/product\/rainfall-lilypad-dropper-diamond-earring-jackets-49573\/#primaryimage","url":"https:\/\/static.purejewels.com\/wp-content\/uploads\/2024\/01\/49573-1.png","contentUrl":"https:\/\/static.purejewels.com\/wp-content\/uploads\/2024\/01\/49573-1.png","width":1000,"height":1000},{"@type":"BreadcrumbList","@id":"https:\/\/www.purejewels.com\/product\/rainfall-lilypad-dropper-diamond-earring-jackets-49573\/#breadcrumb","itemListElement":[{"@type":"ListItem","position":1,"name":"Home","item":"https:\/\/www.purejewels.com\/"},{"@type":"ListItem","position":2,"name":"Shop","item":"https:\/\/www.purejewels.com\/shop\/"},{"@type":"ListItem","position":3,"name":"Rainfall Lilypad Earring Jackets"}]},{"@type":"WebSite","@id":"https:\/\/www.purejewels.com\/#website","url":"https:\/\/www.purejewels.com\/","name":"PureJewels UK","description":"Teile die Liebe","publisher":{"@id":"https:\/\/www.purejewels.com\/#organization"},"potentialAction":[{"@type":"SearchAction","target":{"@type":"EntryPoint","urlTemplate":"https:\/\/www.purejewels.com\/?s={search_term_string}"},"query-input":{"@type":"PropertyValueSpecification","valueRequired":true,"valueName":"search_term_string"}}],"inLanguage":"de"},{"@type":"Organization","@id":"https:\/\/www.purejewels.com\/#organization","name":"PureJewels UK","url":"https:\/\/www.purejewels.com\/","logo":{"@type":"ImageObject","inLanguage":"de","@id":"https:\/\/www.purejewels.com\/#\/schema\/logo\/image\/","url":"https:\/\/static.purejewels.com\/wp-content\/uploads\/2020\/11\/Logo-PJ-New-1.png","contentUrl":"https:\/\/static.purejewels.com\/wp-content\/uploads\/2020\/11\/Logo-PJ-New-1.png","width":150,"height":80,"caption":"PureJewels UK"},"image":{"@id":"https:\/\/www.purejewels.com\/#\/schema\/logo\/image\/"}}]}},"_links":{"self":[{"href":"https:\/\/www.purejewels.com\/de\/wp-json\/wp\/v2\/product\/389716","targetHints":{"allow":["GET"]}}],"collection":[{"href":"https:\/\/www.purejewels.com\/de\/wp-json\/wp\/v2\/product"}],"about":[{"href":"https:\/\/www.purejewels.com\/de\/wp-json\/wp\/v2\/types\/product"}],"replies":[{"embeddable":true,"href":"https:\/\/www.purejewels.com\/de\/wp-json\/wp\/v2\/comments?post=389716"}],"version-history":[{"count":4,"href":"https:\/\/www.purejewels.com\/de\/wp-json\/wp\/v2\/product\/389716\/revisions"}],"predecessor-version":[{"id":411579,"href":"https:\/\/www.purejewels.com\/de\/wp-json\/wp\/v2\/product\/389716\/revisions\/411579"}],"wp:featuredmedia":[{"embeddable":true,"href":"https:\/\/www.purejewels.com\/de\/wp-json\/wp\/v2\/media\/390618"}],"wp:attachment":[{"href":"https:\/\/www.purejewels.com\/de\/wp-json\/wp\/v2\/media?parent=389716"}],"wp:term":[{"taxonomy":"product_brand","embeddable":true,"href":"https:\/\/www.purejewels.com\/de\/wp-json\/wp\/v2\/product_brand?post=389716"},{"taxonomy":"product_cat","embeddable":true,"href":"https:\/\/www.purejewels.com\/de\/wp-json\/wp\/v2\/product_cat?post=389716"},{"taxonomy":"product_tag","embeddable":true,"href":"https:\/\/www.purejewels.com\/de\/wp-json\/wp\/v2\/product_tag?post=389716"}],"curies":[{"name":"wp","href":"https:\/\/api.w.org\/{rel}","templated":true}]}}