{"id":389737,"date":"2025-12-15T06:10:15","date_gmt":"2025-12-15T06:10:15","guid":{"rendered":"https:\/\/www.purejewels.com\/?post_type=product&#038;p=389737"},"modified":"2026-02-09T08:21:48","modified_gmt":"2026-02-09T08:21:48","slug":"lotus-ranken-ohrring-49481","status":"publish","type":"product","link":"https:\/\/www.purejewels.com\/de\/product\/lotus-tendril-earring-49481\/","title":{"rendered":"Knospenohrringe mit Ranken"},"content":{"rendered":"<ol>\n<li><strong> Inspiration und Geschichte<\/strong><br \/>\nDie Tendril Bud Earrings sind eine poetische Feier der Liebe in ihren fr\u00fchen, zarten Stadien - wo F\u00fcrsorge, Unterst\u00fctzung und stille St\u00e4rke etwas Sch\u00f6nes wurzeln und wachsen lassen. Inspiriert von der Lotusblume, die sich zu entfalten beginnt, ehren diese Ohrringe das n\u00e4hrende Band, das die Liebe erbl\u00fchen l\u00e4sst. Ihre anmutigen Linien und ihre flie\u00dfende Form spiegeln die nat\u00fcrliche Bewegung von Ranken wider, die sich absichtsvoll strecken und winden. Sie symbolisieren Verbindung, Wachstum und stille Widerstandsf\u00e4higkeit. Als Teil unserer Lotus-Kollektion verk\u00f6rpern sie die Eleganz der Liebe, wenn sie sich zu entfalten beginnt - zart, strahlend und voller Versprechen.<\/li>\n<li><strong> Material und Handwerkskunst<\/strong><br \/>\nDie in Handarbeit in London aus exklusivem 22-kar\u00e4tigem Sunrise Gold von PureJewels gefertigten Tendril Bud Earrings sind mit flie\u00dfenden Kurven gestaltet, die sich sanft vom Gesicht wegw\u00f6lben und eine schmeichelhafte und ausdrucksstarke Silhouette bieten. Die goldenen Ranken flie\u00dfen beweglich und sanft und stellen die St\u00e4ngel und Ranken dar, die einen wachsenden Lotus st\u00fctzen. An der Basis jedes Ohrrings ruht eine blaue Saphirbriolette - eine symbolische Knospe - zart umh\u00fcllt von einem Bl\u00fctenblatt aus Platin, was dem Design Kontrast, Tiefe und einen raffinierten Abschluss verleiht. Akzente aus brillengefassten Diamanten und unsere charakteristische Tautropfenfassung sorgen f\u00fcr ein subtiles Funkeln, das das Licht des fr\u00fchen Morgens auf den sich entfaltenden Bl\u00fctenbl\u00e4ttern imitiert. Jedes Element ist sorgf\u00e4ltig komponiert und spiegelt die Poesie des Erz\u00e4hlens und die sorgf\u00e4ltige Handwerkskunst wider.<\/li>\n<li><strong> Styling-Tipps<\/strong><br \/>\nDie eleganten und skulpturalen Tendril Bud Earrings sind ein raffiniertes Statement, das sowohl tags\u00fcber als auch abends getragen werden kann. Ihre sanfte Kurve und die zarten Details umrahmen das Gesicht mit Sanftheit und Anmut, w\u00e4hrend die saphirfarbenen Knospen einen dezenten Farbakzent setzen. Tragen Sie sie als bedeutungsvolles Symbol f\u00fcr einen Neuanfang oder verschenken Sie sie, um ein besonderes Kapitel auf dem Weg der Liebe zu markieren. Kombinieren Sie sie mit minimalistischen St\u00fccken oder lassen Sie sie solo erstrahlen - ein strahlender Ausdruck bl\u00fchender Anmut.<br \/>\n<strong><b>Diamant Details<\/b><\/strong><br \/>\nDie Diamanten sind GLS-zertifiziert f\u00fcr Qualit\u00e4t und Echtheit.<\/li>\n<\/ol>","protected":false},"excerpt":{"rendered":"<p>Die anmutigen und skulpturalen Tendril Bud Earrings aus 22ct Sunrise Gold schwingen sich sanft vom Gesicht weg und enden in einer platinumh\u00fcllten Saphirknospe - ein poetisches Symbol f\u00fcr die Liebe, die gerade zu bl\u00fchen beginnt.<\/p>\n<p><strong>Material:<\/strong> 22ct Sunrise Gold, Platin<strong><br \/>\n<strong>Wahrzeichen: <\/strong><\/strong>Britisches G\u00fctesiegel<strong><strong><br \/>\n<\/strong><\/strong><strong><strong>Stein: <\/strong><\/strong>Diamanten, Saphire<strong><strong><br \/>\n<strong>Gewicht der Diamanten:<\/strong><\/strong><\/strong>0,18ct<strong><strong><strong><br \/>\nSaphir Gewicht: <\/strong><\/strong><\/strong>1.61ct\u00a0<strong><strong><strong><br \/>\n<\/strong><\/strong><\/strong><strong><strong><strong><strong><strong><strong>Bruttogewicht: <\/strong><\/strong><\/strong><\/strong><\/strong><\/strong>17 Gms<strong><strong><strong><strong><strong><br \/>\n<strong>SKU: <\/strong><\/strong><\/strong><\/strong><\/strong><\/strong>49574<\/p>\n<p><strong><strong><strong><strong><strong><strong>Preis und Lieferung:<\/strong><\/strong><\/strong><\/strong><\/strong><\/strong>Inklusive Mehrwertsteuer und Lieferkosten<strong><strong><strong><strong><strong><br \/>\n<a href=\"https:\/\/www.purejewels.com\/de\/ruckgabepolitik\/\">R\u00fcckgabepolitik<\/a><\/strong><\/strong><\/strong><\/strong><\/strong><\/p>","protected":false},"featured_media":389956,"comment_status":"closed","ping_status":"closed","template":"","meta":{"_eb_attr":"","_crsspst_to_jayantr4sg-hostcom":false},"product_brand":[],"product_cat":[1791,5458,5457,1685,1254,1229,1633,1569,1573,1574],"product_tag":[66],"class_list":{"0":"post-389737","1":"product","2":"type-product","3":"status-publish","4":"has-post-thumbnail","6":"product_cat-anniversary-gifts","7":"product_cat-diamond-earring","8":"product_cat-diamond-jewellery","9":"product_cat-drop-earrings","10":"product_cat-gold-earrings","11":"product_cat-22ct-gold-jewellery","12":"product_cat-lotus-collections","13":"product_cat-valentine-day-gifts","14":"product_cat-wedding-gifts","15":"product_cat-womens-jewellery","16":"product_tag-earrings","18":"first","19":"instock","20":"taxable","21":"shipping-taxable","22":"purchasable","23":"product-type-simple","24":"add-to-wishlist-before_image"},"yoast_head":"<!-- This site is optimized with the Yoast SEO plugin v27.5 - https:\/\/yoast.com\/product\/yoast-seo-wordpress\/ -->\n<title>Tendril Lotus Earrings | Fine Jewellery | PureJewels UK<\/title>\n<meta name=\"description\" content=\"Discover the delicate beauty of Tendril Lotus Earrings from PureJewels UK. Fine jewellery, intricately crafted with a nature-inspired design. Explore our elegant collection.\" \/>\n<meta name=\"robots\" content=\"index, follow, max-snippet:-1, max-image-preview:large, max-video-preview:-1\" \/>\n<link rel=\"canonical\" href=\"https:\/\/www.purejewels.com\/de\/produkt-2\/lotus-ranken-ohrring-49481\/\" \/>\n<meta property=\"og:locale\" content=\"de_DE\" \/>\n<meta property=\"og:type\" content=\"article\" \/>\n<meta property=\"og:title\" content=\"Tendril Lotus Earrings | Fine Jewellery | PureJewels UK\" \/>\n<meta property=\"og:description\" content=\"Discover the delicate beauty of Tendril Lotus Earrings from PureJewels UK. Fine jewellery, intricately crafted with a nature-inspired design. Explore our elegant collection.\" \/>\n<meta property=\"og:url\" content=\"https:\/\/www.purejewels.com\/de\/produkt-2\/lotus-ranken-ohrring-49481\/\" \/>\n<meta property=\"og:site_name\" content=\"PureJewels UK\" \/>\n<meta property=\"article:modified_time\" content=\"2026-02-09T08:21:48+00:00\" \/>\n<meta property=\"og:image\" content=\"https:\/\/static.purejewels.com\/wp-content\/uploads\/2025\/03\/18_1-1.png\" \/>\n\t<meta property=\"og:image:width\" content=\"1000\" \/>\n\t<meta property=\"og:image:height\" content=\"1000\" \/>\n\t<meta property=\"og:image:type\" content=\"image\/png\" \/>\n<meta name=\"twitter:card\" content=\"summary_large_image\" \/>\n<meta name=\"twitter:label1\" content=\"Gesch\u00e4tzte Lesezeit\" \/>\n\t<meta name=\"twitter:data1\" content=\"2\u00a0Minuten\" \/>\n<script type=\"application\/ld+json\" class=\"yoast-schema-graph\">{\"@context\":\"https:\\\/\\\/schema.org\",\"@graph\":[{\"@type\":[\"WebPage\",\"ItemPage\"],\"@id\":\"https:\\\/\\\/www.purejewels.com\\\/product\\\/lotus-tendril-earring-49481\\\/\",\"url\":\"https:\\\/\\\/www.purejewels.com\\\/product\\\/lotus-tendril-earring-49481\\\/\",\"name\":\"Tendril Lotus Earrings | Fine Jewellery | PureJewels UK\",\"isPartOf\":{\"@id\":\"https:\\\/\\\/www.purejewels.com\\\/#website\"},\"primaryImageOfPage\":{\"@id\":\"https:\\\/\\\/www.purejewels.com\\\/product\\\/lotus-tendril-earring-49481\\\/#primaryimage\"},\"image\":{\"@id\":\"https:\\\/\\\/www.purejewels.com\\\/product\\\/lotus-tendril-earring-49481\\\/#primaryimage\"},\"thumbnailUrl\":\"https:\\\/\\\/static.purejewels.com\\\/wp-content\\\/uploads\\\/2025\\\/03\\\/18_1-1.png\",\"datePublished\":\"2025-12-15T06:10:15+00:00\",\"dateModified\":\"2026-02-09T08:21:48+00:00\",\"description\":\"Discover the delicate beauty of Tendril Lotus Earrings from PureJewels UK. Fine jewellery, intricately crafted with a nature-inspired design. Explore our elegant collection.\",\"breadcrumb\":{\"@id\":\"https:\\\/\\\/www.purejewels.com\\\/product\\\/lotus-tendril-earring-49481\\\/#breadcrumb\"},\"inLanguage\":\"de\",\"potentialAction\":[{\"@type\":\"ReadAction\",\"target\":[\"https:\\\/\\\/www.purejewels.com\\\/product\\\/lotus-tendril-earring-49481\\\/\"]}]},{\"@type\":\"ImageObject\",\"inLanguage\":\"de\",\"@id\":\"https:\\\/\\\/www.purejewels.com\\\/product\\\/lotus-tendril-earring-49481\\\/#primaryimage\",\"url\":\"https:\\\/\\\/static.purejewels.com\\\/wp-content\\\/uploads\\\/2025\\\/03\\\/18_1-1.png\",\"contentUrl\":\"https:\\\/\\\/static.purejewels.com\\\/wp-content\\\/uploads\\\/2025\\\/03\\\/18_1-1.png\",\"width\":1000,\"height\":1000,\"caption\":\"Tendril Lotus Earring\"},{\"@type\":\"BreadcrumbList\",\"@id\":\"https:\\\/\\\/www.purejewels.com\\\/product\\\/lotus-tendril-earring-49481\\\/#breadcrumb\",\"itemListElement\":[{\"@type\":\"ListItem\",\"position\":1,\"name\":\"Home\",\"item\":\"https:\\\/\\\/www.purejewels.com\\\/\"},{\"@type\":\"ListItem\",\"position\":2,\"name\":\"Shop\",\"item\":\"https:\\\/\\\/www.purejewels.com\\\/shop\\\/\"},{\"@type\":\"ListItem\",\"position\":3,\"name\":\"Tendril Bud Earrings\"}]},{\"@type\":\"WebSite\",\"@id\":\"https:\\\/\\\/www.purejewels.com\\\/#website\",\"url\":\"https:\\\/\\\/www.purejewels.com\\\/\",\"name\":\"PureJewels UK\",\"description\":\"Share the Love\",\"publisher\":{\"@id\":\"https:\\\/\\\/www.purejewels.com\\\/#organization\"},\"potentialAction\":[{\"@type\":\"SearchAction\",\"target\":{\"@type\":\"EntryPoint\",\"urlTemplate\":\"https:\\\/\\\/www.purejewels.com\\\/?s={search_term_string}\"},\"query-input\":{\"@type\":\"PropertyValueSpecification\",\"valueRequired\":true,\"valueName\":\"search_term_string\"}}],\"inLanguage\":\"de\"},{\"@type\":\"Organization\",\"@id\":\"https:\\\/\\\/www.purejewels.com\\\/#organization\",\"name\":\"PureJewels UK\",\"url\":\"https:\\\/\\\/www.purejewels.com\\\/\",\"logo\":{\"@type\":\"ImageObject\",\"inLanguage\":\"de\",\"@id\":\"https:\\\/\\\/www.purejewels.com\\\/#\\\/schema\\\/logo\\\/image\\\/\",\"url\":\"https:\\\/\\\/static.purejewels.com\\\/wp-content\\\/uploads\\\/2020\\\/11\\\/Logo-PJ-New-1.png\",\"contentUrl\":\"https:\\\/\\\/static.purejewels.com\\\/wp-content\\\/uploads\\\/2020\\\/11\\\/Logo-PJ-New-1.png\",\"width\":150,\"height\":80,\"caption\":\"PureJewels UK\"},\"image\":{\"@id\":\"https:\\\/\\\/www.purejewels.com\\\/#\\\/schema\\\/logo\\\/image\\\/\"}}]}<\/script>\n<!-- \/ Yoast SEO plugin. -->","yoast_head_json":{"title":"Tendril Lotus Ohrringe | Fine Jewellery | PureJewels UK","description":"Entdecken Sie die zarte Sch\u00f6nheit der Tendril Lotus Earrings von PureJewels UK. Feiner Schmuck, kunstvoll gefertigt mit einem von der Natur inspirierten Design. Entdecken Sie unsere elegante Kollektion.","robots":{"index":"index","follow":"follow","max-snippet":"max-snippet:-1","max-image-preview":"max-image-preview:large","max-video-preview":"max-video-preview:-1"},"canonical":"https:\/\/www.purejewels.com\/de\/produkt-2\/lotus-ranken-ohrring-49481\/","og_locale":"de_DE","og_type":"article","og_title":"Tendril Lotus Earrings | Fine Jewellery | PureJewels UK","og_description":"Discover the delicate beauty of Tendril Lotus Earrings from PureJewels UK. Fine jewellery, intricately crafted with a nature-inspired design. Explore our elegant collection.","og_url":"https:\/\/www.purejewels.com\/de\/produkt-2\/lotus-ranken-ohrring-49481\/","og_site_name":"PureJewels UK","article_modified_time":"2026-02-09T08:21:48+00:00","og_image":[{"width":1000,"height":1000,"url":"https:\/\/static.purejewels.com\/wp-content\/uploads\/2025\/03\/18_1-1.png","type":"image\/png"}],"twitter_card":"summary_large_image","twitter_misc":{"Gesch\u00e4tzte Lesezeit":"2\u00a0Minuten"},"schema":{"@context":"https:\/\/schema.org","@graph":[{"@type":["WebPage","ItemPage"],"@id":"https:\/\/www.purejewels.com\/product\/lotus-tendril-earring-49481\/","url":"https:\/\/www.purejewels.com\/product\/lotus-tendril-earring-49481\/","name":"Tendril Lotus Ohrringe | Fine Jewellery | PureJewels UK","isPartOf":{"@id":"https:\/\/www.purejewels.com\/#website"},"primaryImageOfPage":{"@id":"https:\/\/www.purejewels.com\/product\/lotus-tendril-earring-49481\/#primaryimage"},"image":{"@id":"https:\/\/www.purejewels.com\/product\/lotus-tendril-earring-49481\/#primaryimage"},"thumbnailUrl":"https:\/\/static.purejewels.com\/wp-content\/uploads\/2025\/03\/18_1-1.png","datePublished":"2025-12-15T06:10:15+00:00","dateModified":"2026-02-09T08:21:48+00:00","description":"Entdecken Sie die zarte Sch\u00f6nheit der Tendril Lotus Earrings von PureJewels UK. Feiner Schmuck, kunstvoll gefertigt mit einem von der Natur inspirierten Design. Entdecken Sie unsere elegante Kollektion.","breadcrumb":{"@id":"https:\/\/www.purejewels.com\/product\/lotus-tendril-earring-49481\/#breadcrumb"},"inLanguage":"de","potentialAction":[{"@type":"ReadAction","target":["https:\/\/www.purejewels.com\/product\/lotus-tendril-earring-49481\/"]}]},{"@type":"ImageObject","inLanguage":"de","@id":"https:\/\/www.purejewels.com\/product\/lotus-tendril-earring-49481\/#primaryimage","url":"https:\/\/static.purejewels.com\/wp-content\/uploads\/2025\/03\/18_1-1.png","contentUrl":"https:\/\/static.purejewels.com\/wp-content\/uploads\/2025\/03\/18_1-1.png","width":1000,"height":1000,"caption":"Tendril Lotus Earring"},{"@type":"BreadcrumbList","@id":"https:\/\/www.purejewels.com\/product\/lotus-tendril-earring-49481\/#breadcrumb","itemListElement":[{"@type":"ListItem","position":1,"name":"Home","item":"https:\/\/www.purejewels.com\/"},{"@type":"ListItem","position":2,"name":"Shop","item":"https:\/\/www.purejewels.com\/shop\/"},{"@type":"ListItem","position":3,"name":"Tendril Bud Earrings"}]},{"@type":"WebSite","@id":"https:\/\/www.purejewels.com\/#website","url":"https:\/\/www.purejewels.com\/","name":"PureJewels UK","description":"Teile die Liebe","publisher":{"@id":"https:\/\/www.purejewels.com\/#organization"},"potentialAction":[{"@type":"SearchAction","target":{"@type":"EntryPoint","urlTemplate":"https:\/\/www.purejewels.com\/?s={search_term_string}"},"query-input":{"@type":"PropertyValueSpecification","valueRequired":true,"valueName":"search_term_string"}}],"inLanguage":"de"},{"@type":"Organization","@id":"https:\/\/www.purejewels.com\/#organization","name":"PureJewels UK","url":"https:\/\/www.purejewels.com\/","logo":{"@type":"ImageObject","inLanguage":"de","@id":"https:\/\/www.purejewels.com\/#\/schema\/logo\/image\/","url":"https:\/\/static.purejewels.com\/wp-content\/uploads\/2020\/11\/Logo-PJ-New-1.png","contentUrl":"https:\/\/static.purejewels.com\/wp-content\/uploads\/2020\/11\/Logo-PJ-New-1.png","width":150,"height":80,"caption":"PureJewels UK"},"image":{"@id":"https:\/\/www.purejewels.com\/#\/schema\/logo\/image\/"}}]}},"_links":{"self":[{"href":"https:\/\/www.purejewels.com\/de\/wp-json\/wp\/v2\/product\/389737","targetHints":{"allow":["GET"]}}],"collection":[{"href":"https:\/\/www.purejewels.com\/de\/wp-json\/wp\/v2\/product"}],"about":[{"href":"https:\/\/www.purejewels.com\/de\/wp-json\/wp\/v2\/types\/product"}],"replies":[{"embeddable":true,"href":"https:\/\/www.purejewels.com\/de\/wp-json\/wp\/v2\/comments?post=389737"}],"version-history":[{"count":4,"href":"https:\/\/www.purejewels.com\/de\/wp-json\/wp\/v2\/product\/389737\/revisions"}],"predecessor-version":[{"id":413519,"href":"https:\/\/www.purejewels.com\/de\/wp-json\/wp\/v2\/product\/389737\/revisions\/413519"}],"wp:featuredmedia":[{"embeddable":true,"href":"https:\/\/www.purejewels.com\/de\/wp-json\/wp\/v2\/media\/389956"}],"wp:attachment":[{"href":"https:\/\/www.purejewels.com\/de\/wp-json\/wp\/v2\/media?parent=389737"}],"wp:term":[{"taxonomy":"product_brand","embeddable":true,"href":"https:\/\/www.purejewels.com\/de\/wp-json\/wp\/v2\/product_brand?post=389737"},{"taxonomy":"product_cat","embeddable":true,"href":"https:\/\/www.purejewels.com\/de\/wp-json\/wp\/v2\/product_cat?post=389737"},{"taxonomy":"product_tag","embeddable":true,"href":"https:\/\/www.purejewels.com\/de\/wp-json\/wp\/v2\/product_tag?post=389737"}],"curies":[{"name":"wp","href":"https:\/\/api.w.org\/{rel}","templated":true}]}}