{"id":389751,"date":"2025-05-11T10:11:43","date_gmt":"2025-05-11T09:11:43","guid":{"rendered":"https:\/\/www.purejewels.com\/?post_type=product&#038;p=389751"},"modified":"2026-03-23T05:29:16","modified_gmt":"2026-03-23T05:29:16","slug":"lotusblute-diamantarmband-fur-frauen-49052","status":"publish","type":"product","link":"https:\/\/www.purejewels.com\/de\/product\/lotus-bloom-diamond-bracelet-for-women-49052\/","title":{"rendered":"Bloom-Armband"},"content":{"rendered":"<p class=\"\" data-start=\"205\" data-end=\"233\"><strong data-start=\"205\" data-end=\"233\">1. Inspiration und Geschichte<\/strong><\/p>\n<p class=\"\" data-start=\"235\" data-end=\"817\">Das Bloom-Armband ist eine leuchtende Hommage an die sich entfaltende Reise der Liebe - ein Symbol f\u00fcr Sch\u00f6nheit, die aus der Tiefe aufsteigt, f\u00fcr eine Verbindung, die sich mit der Zeit festigt. Inspiriert von der Lotusblume in voller Bl\u00fcte, ehrt dieses Armband die stille St\u00e4rke und sich entwickelnde Anmut einer Beziehung, die durch die sich st\u00e4ndig ver\u00e4ndernden Gew\u00e4sser des Lebens gewachsen ist. Seine skulpturalen Formen und zarten Bewegungen spiegeln den Rhythmus der Liebe wider - flie\u00dfend, strahlend und voller Absicht. Als Teil unserer charakteristischen Lotus-Kollektion zelebriert er die Anmut, die mit emotionaler Tiefe und gemeinsamem Wachstum einhergeht - vom ersten Versprechen bis zur vollen Bl\u00fcte.<\/p>\n<p class=\"\" data-start=\"819\" data-end=\"852\"><strong data-start=\"819\" data-end=\"852\">2. Material und handwerkliches K\u00f6nnen<\/strong><\/p>\n<p class=\"\" data-start=\"854\" data-end=\"1603\">Das in London aus exklusivem 22-kar\u00e4tigem Sunrise-Gold von PureJewels handgefertigte Bloom-Armband strahlt mit sonnenbeschienener W\u00e4rme und raffinierter Textur. In seinem Zentrum liegt ein wellenf\u00f6rmiger Kranz aus modellierten Lotusbl\u00fcten - meisterhaft geformt, um das Licht aus jedem Winkel einzufangen, wobei jedes Bl\u00fctenblatt auf Vorder- und R\u00fcckseite gleicherma\u00dfen detailliert ausgearbeitet ist, um Sch\u00f6nheit aus jeder Perspektive zu gew\u00e4hrleisten. Unsere charakteristische Tautropfenfassung verleiht dem Design einen sanften Glanz, der das Morgenlicht auf einem stillen Gew\u00e4sser widerspiegelt. Eine feine Kette aus brillengefassten Diamanten verleiht dem Handgelenk ein subtiles Funkeln und geht nahtlos in die Lotusbl\u00fctenschlie\u00dfe \u00fcber. Eine Verl\u00e4ngerungskette und ein Punzierungsanh\u00e4nger in Form einer vom Tau gek\u00fcssten Bl\u00fcte vervollst\u00e4ndigen dieses symboltr\u00e4chtige Design, das von meisterhafter Hand gestaltet wurde.<\/p>\n<p class=\"\" data-start=\"1722\" data-end=\"1741\"><strong data-start=\"1722\" data-end=\"1741\">3. Styling-Tipps<\/strong><\/p>\n<p class=\"\" data-start=\"1743\" data-end=\"2246\">Das raffinierte und doch ausdrucksstarke Bloom-Armband wurde f\u00fcr die Eleganz des Alltags entworfen. Dank seiner Mischung aus sattem Gold und leuchtendem Platin l\u00e4sst es sich leicht mit anderen Schmuckst\u00fccken kombinieren - ob allein getragen als Ausdruck innerer St\u00e4rke oder in Kombination mit feinen <a href=\"https:\/\/www.purejewels.com\/de\/produkt-kategorie\/22-karatiger-goldschmuck\/goldarmband\/damenarmband\/\" target=\"_blank\" rel=\"noopener\">Goldarmband<\/a> f\u00fcr einen modernen Touch. Dieses Armband l\u00e4sst sich sowohl nach oben als auch nach unten tragen und l\u00e4sst sich m\u00fchelos vom Tag zum Abend kombinieren. Als bedeutungsvolles Geschenk oder pers\u00f6nliches Andenken verleiht es jeder Sammlung einen ruhigen Glanz - eine f\u00fchlbare Erinnerung an die immerw\u00e4hrende Reise der Liebe, die immer erbl\u00fcht.<\/p>\n<p data-start=\"1743\" data-end=\"2246\"><strong><b>Diamant Details<\/b><\/strong><br \/>\nDie Diamanten des Zentrums sind GIA-zertifiziert, um ihre Qualit\u00e4t und Echtheit zu gew\u00e4hrleisten.<\/p>\n<p>&nbsp;<\/p>","protected":false},"excerpt":{"rendered":"<p>Dieses zarte und strahlende Armband aus 22 Karat Sunrise Gold Bloom mit 0,31 Karat Diamanten in der Mitte ist eine leuchtende Hommage an die bl\u00fchende Liebe und die Sch\u00f6nheit in jedem Detail.<\/p>\n<p><strong>Material:<\/strong> 22ct Sonnenaufgang Gold<br \/>\n<strong><strong>Wahrzeichen: <\/strong><\/strong>Britisches G\u00fctesiegel<strong><strong><br \/>\n<\/strong><\/strong><strong><strong>Stein: <\/strong><\/strong>Nat\u00fcrliche Diamanten\u00a0<strong><strong><br \/>\n<strong>Gewicht der Diamanten: <\/strong><\/strong><\/strong>0,49ct(Gesamt)<strong><strong><strong><br \/>\n<strong><b>Zertifizierung: <\/b><\/strong><\/strong><\/strong><\/strong>GIA-zertifiziert<strong><strong><strong><strong><strong><br \/>\n<\/strong><\/strong><\/strong><strong><strong><strong><strong><strong><strong>Bruttogewicht:\u00a0 <\/strong><\/strong><\/strong><\/strong><\/strong><\/strong><\/strong><\/strong>4.9 Gms<strong><strong><strong><strong><strong><strong><strong><br \/>\n<strong>L\u00e4nge: <\/strong><\/strong><\/strong><\/strong><\/strong><\/strong><\/strong><\/strong>6 Zoll<strong><strong><br \/>\n<strong>SKU: <\/strong><\/strong><\/strong>49052<\/p>\n<p><strong><strong><strong><strong><strong><strong>Preis und Lieferung:<\/strong><\/strong><\/strong><\/strong><\/strong><\/strong>Inklusive Mehrwertsteuer und Lieferkosten<strong><strong><strong><strong><strong><br \/>\n<a href=\"https:\/\/www.purejewels.com\/de\/ruckgabepolitik\/\">R\u00fcckgabepolitik<\/a><\/strong><\/strong><\/strong><\/strong><\/strong><\/p>","protected":false},"featured_media":391870,"comment_status":"closed","ping_status":"closed","template":"","meta":{"_eb_attr":"","_crsspst_to_jayantr4sg-hostcom":false},"product_brand":[],"product_cat":[1791,6056,236,5462,5678,5457,1324,1229,1633,1569,1574],"product_tag":[5964,5965],"class_list":{"0":"post-389751","1":"product","2":"type-product","3":"status-publish","4":"has-post-thumbnail","6":"product_cat-anniversary-gifts","7":"product_cat-charm","8":"product_cat-collections","9":"product_cat-diamond-bracelet","10":"product_cat-diamond-bracelets-for-women","11":"product_cat-diamond-jewellery","12":"product_cat-gold-bracelet","13":"product_cat-22ct-gold-jewellery","14":"product_cat-lotus-collections","15":"product_cat-valentine-day-gifts","16":"product_cat-womens-jewellery","17":"product_tag-bracelet","18":"product_tag-diamonds","20":"first","21":"onbackorder","22":"taxable","23":"shipping-taxable","24":"purchasable","25":"product-type-simple","26":"add-to-wishlist-before_image"},"yoast_head":"<!-- This site is optimized with the Yoast SEO plugin v27.4 - https:\/\/yoast.com\/product\/yoast-seo-wordpress\/ -->\n<title>Gold Blooming Bracelet |Women&#039;s Floral Design | PureJewels UK<\/title>\n<meta name=\"description\" content=\"Find the perfect floral bracelet with PureJewels UK&#039;s Lotus design. Our women&#039;s collection features unique and high-quality jewellery. Shop now.\" \/>\n<meta name=\"robots\" content=\"index, follow, max-snippet:-1, max-image-preview:large, max-video-preview:-1\" \/>\n<link rel=\"canonical\" href=\"https:\/\/www.purejewels.com\/de\/produkt-2\/lotusblute-diamantarmband-fur-frauen-49052\/\" \/>\n<meta property=\"og:locale\" content=\"de_DE\" \/>\n<meta property=\"og:type\" content=\"article\" \/>\n<meta property=\"og:title\" content=\"Gold Blooming Bracelet |Women&#039;s Floral Design | PureJewels UK\" \/>\n<meta property=\"og:description\" content=\"Find the perfect floral bracelet with PureJewels UK&#039;s Lotus design. Our women&#039;s collection features unique and high-quality jewellery. Shop now.\" \/>\n<meta property=\"og:url\" content=\"https:\/\/www.purejewels.com\/de\/produkt-2\/lotusblute-diamantarmband-fur-frauen-49052\/\" \/>\n<meta property=\"og:site_name\" content=\"PureJewels UK\" \/>\n<meta property=\"article:modified_time\" content=\"2026-03-23T05:29:16+00:00\" \/>\n<meta property=\"og:image\" content=\"https:\/\/static.purejewels.com\/wp-content\/uploads\/2025\/03\/49052-2.png\" \/>\n\t<meta property=\"og:image:width\" content=\"1000\" \/>\n\t<meta property=\"og:image:height\" content=\"1000\" \/>\n\t<meta property=\"og:image:type\" content=\"image\/png\" \/>\n<meta name=\"twitter:card\" content=\"summary_large_image\" \/>\n<meta name=\"twitter:label1\" content=\"Gesch\u00e4tzte Lesezeit\" \/>\n\t<meta name=\"twitter:data1\" content=\"2\u00a0Minuten\" \/>\n<script type=\"application\/ld+json\" class=\"yoast-schema-graph\">{\"@context\":\"https:\\\/\\\/schema.org\",\"@graph\":[{\"@type\":[\"WebPage\",\"ItemPage\"],\"@id\":\"https:\\\/\\\/www.purejewels.com\\\/product\\\/lotus-bloom-diamond-bracelet-for-women-49052\\\/\",\"url\":\"https:\\\/\\\/www.purejewels.com\\\/product\\\/lotus-bloom-diamond-bracelet-for-women-49052\\\/\",\"name\":\"Gold Blooming Bracelet |Women's Floral Design | PureJewels UK\",\"isPartOf\":{\"@id\":\"https:\\\/\\\/www.purejewels.com\\\/#website\"},\"primaryImageOfPage\":{\"@id\":\"https:\\\/\\\/www.purejewels.com\\\/product\\\/lotus-bloom-diamond-bracelet-for-women-49052\\\/#primaryimage\"},\"image\":{\"@id\":\"https:\\\/\\\/www.purejewels.com\\\/product\\\/lotus-bloom-diamond-bracelet-for-women-49052\\\/#primaryimage\"},\"thumbnailUrl\":\"https:\\\/\\\/static.purejewels.com\\\/wp-content\\\/uploads\\\/2025\\\/03\\\/49052-2.png\",\"datePublished\":\"2025-05-11T09:11:43+00:00\",\"dateModified\":\"2026-03-23T05:29:16+00:00\",\"description\":\"Find the perfect floral bracelet with PureJewels UK's Lotus design. Our women's collection features unique and high-quality jewellery. Shop now.\",\"breadcrumb\":{\"@id\":\"https:\\\/\\\/www.purejewels.com\\\/product\\\/lotus-bloom-diamond-bracelet-for-women-49052\\\/#breadcrumb\"},\"inLanguage\":\"de\",\"potentialAction\":[{\"@type\":\"ReadAction\",\"target\":[\"https:\\\/\\\/www.purejewels.com\\\/product\\\/lotus-bloom-diamond-bracelet-for-women-49052\\\/\"]}]},{\"@type\":\"ImageObject\",\"inLanguage\":\"de\",\"@id\":\"https:\\\/\\\/www.purejewels.com\\\/product\\\/lotus-bloom-diamond-bracelet-for-women-49052\\\/#primaryimage\",\"url\":\"https:\\\/\\\/static.purejewels.com\\\/wp-content\\\/uploads\\\/2025\\\/03\\\/49052-2.png\",\"contentUrl\":\"https:\\\/\\\/static.purejewels.com\\\/wp-content\\\/uploads\\\/2025\\\/03\\\/49052-2.png\",\"width\":1000,\"height\":1000,\"caption\":\"Bloom Bracelet\"},{\"@type\":\"BreadcrumbList\",\"@id\":\"https:\\\/\\\/www.purejewels.com\\\/product\\\/lotus-bloom-diamond-bracelet-for-women-49052\\\/#breadcrumb\",\"itemListElement\":[{\"@type\":\"ListItem\",\"position\":1,\"name\":\"Home\",\"item\":\"https:\\\/\\\/www.purejewels.com\\\/\"},{\"@type\":\"ListItem\",\"position\":2,\"name\":\"Shop\",\"item\":\"https:\\\/\\\/www.purejewels.com\\\/shop\\\/\"},{\"@type\":\"ListItem\",\"position\":3,\"name\":\"Bloom Bracelet\"}]},{\"@type\":\"WebSite\",\"@id\":\"https:\\\/\\\/www.purejewels.com\\\/#website\",\"url\":\"https:\\\/\\\/www.purejewels.com\\\/\",\"name\":\"PureJewels UK\",\"description\":\"Share the Love\",\"publisher\":{\"@id\":\"https:\\\/\\\/www.purejewels.com\\\/#organization\"},\"potentialAction\":[{\"@type\":\"SearchAction\",\"target\":{\"@type\":\"EntryPoint\",\"urlTemplate\":\"https:\\\/\\\/www.purejewels.com\\\/?s={search_term_string}\"},\"query-input\":{\"@type\":\"PropertyValueSpecification\",\"valueRequired\":true,\"valueName\":\"search_term_string\"}}],\"inLanguage\":\"de\"},{\"@type\":\"Organization\",\"@id\":\"https:\\\/\\\/www.purejewels.com\\\/#organization\",\"name\":\"PureJewels UK\",\"url\":\"https:\\\/\\\/www.purejewels.com\\\/\",\"logo\":{\"@type\":\"ImageObject\",\"inLanguage\":\"de\",\"@id\":\"https:\\\/\\\/www.purejewels.com\\\/#\\\/schema\\\/logo\\\/image\\\/\",\"url\":\"https:\\\/\\\/static.purejewels.com\\\/wp-content\\\/uploads\\\/2020\\\/11\\\/Logo-PJ-New-1.png\",\"contentUrl\":\"https:\\\/\\\/static.purejewels.com\\\/wp-content\\\/uploads\\\/2020\\\/11\\\/Logo-PJ-New-1.png\",\"width\":150,\"height\":80,\"caption\":\"PureJewels UK\"},\"image\":{\"@id\":\"https:\\\/\\\/www.purejewels.com\\\/#\\\/schema\\\/logo\\\/image\\\/\"}}]}<\/script>\n<!-- \/ Yoast SEO plugin. -->","yoast_head_json":{"title":"Gold Blooming Armband |Frauen Floral Design | PureJewels UK","description":"Finden Sie das perfekte Blumenarmband mit dem Lotus-Design von PureJewels UK. Unsere Damenkollektion bietet einzigartigen und hochwertigen Schmuck. Jetzt einkaufen.","robots":{"index":"index","follow":"follow","max-snippet":"max-snippet:-1","max-image-preview":"max-image-preview:large","max-video-preview":"max-video-preview:-1"},"canonical":"https:\/\/www.purejewels.com\/de\/produkt-2\/lotusblute-diamantarmband-fur-frauen-49052\/","og_locale":"de_DE","og_type":"article","og_title":"Gold Blooming Bracelet |Women's Floral Design | PureJewels UK","og_description":"Find the perfect floral bracelet with PureJewels UK's Lotus design. Our women's collection features unique and high-quality jewellery. Shop now.","og_url":"https:\/\/www.purejewels.com\/de\/produkt-2\/lotusblute-diamantarmband-fur-frauen-49052\/","og_site_name":"PureJewels UK","article_modified_time":"2026-03-23T05:29:16+00:00","og_image":[{"width":1000,"height":1000,"url":"https:\/\/static.purejewels.com\/wp-content\/uploads\/2025\/03\/49052-2.png","type":"image\/png"}],"twitter_card":"summary_large_image","twitter_misc":{"Gesch\u00e4tzte Lesezeit":"2\u00a0Minuten"},"schema":{"@context":"https:\/\/schema.org","@graph":[{"@type":["WebPage","ItemPage"],"@id":"https:\/\/www.purejewels.com\/product\/lotus-bloom-diamond-bracelet-for-women-49052\/","url":"https:\/\/www.purejewels.com\/product\/lotus-bloom-diamond-bracelet-for-women-49052\/","name":"Gold Blooming Armband |Frauen Floral Design | PureJewels UK","isPartOf":{"@id":"https:\/\/www.purejewels.com\/#website"},"primaryImageOfPage":{"@id":"https:\/\/www.purejewels.com\/product\/lotus-bloom-diamond-bracelet-for-women-49052\/#primaryimage"},"image":{"@id":"https:\/\/www.purejewels.com\/product\/lotus-bloom-diamond-bracelet-for-women-49052\/#primaryimage"},"thumbnailUrl":"https:\/\/static.purejewels.com\/wp-content\/uploads\/2025\/03\/49052-2.png","datePublished":"2025-05-11T09:11:43+00:00","dateModified":"2026-03-23T05:29:16+00:00","description":"Finden Sie das perfekte Blumenarmband mit dem Lotus-Design von PureJewels UK. Unsere Damenkollektion bietet einzigartigen und hochwertigen Schmuck. Jetzt einkaufen.","breadcrumb":{"@id":"https:\/\/www.purejewels.com\/product\/lotus-bloom-diamond-bracelet-for-women-49052\/#breadcrumb"},"inLanguage":"de","potentialAction":[{"@type":"ReadAction","target":["https:\/\/www.purejewels.com\/product\/lotus-bloom-diamond-bracelet-for-women-49052\/"]}]},{"@type":"ImageObject","inLanguage":"de","@id":"https:\/\/www.purejewels.com\/product\/lotus-bloom-diamond-bracelet-for-women-49052\/#primaryimage","url":"https:\/\/static.purejewels.com\/wp-content\/uploads\/2025\/03\/49052-2.png","contentUrl":"https:\/\/static.purejewels.com\/wp-content\/uploads\/2025\/03\/49052-2.png","width":1000,"height":1000,"caption":"Bloom Bracelet"},{"@type":"BreadcrumbList","@id":"https:\/\/www.purejewels.com\/product\/lotus-bloom-diamond-bracelet-for-women-49052\/#breadcrumb","itemListElement":[{"@type":"ListItem","position":1,"name":"Home","item":"https:\/\/www.purejewels.com\/"},{"@type":"ListItem","position":2,"name":"Shop","item":"https:\/\/www.purejewels.com\/shop\/"},{"@type":"ListItem","position":3,"name":"Bloom Bracelet"}]},{"@type":"WebSite","@id":"https:\/\/www.purejewels.com\/#website","url":"https:\/\/www.purejewels.com\/","name":"PureJewels UK","description":"Teile die Liebe","publisher":{"@id":"https:\/\/www.purejewels.com\/#organization"},"potentialAction":[{"@type":"SearchAction","target":{"@type":"EntryPoint","urlTemplate":"https:\/\/www.purejewels.com\/?s={search_term_string}"},"query-input":{"@type":"PropertyValueSpecification","valueRequired":true,"valueName":"search_term_string"}}],"inLanguage":"de"},{"@type":"Organization","@id":"https:\/\/www.purejewels.com\/#organization","name":"PureJewels UK","url":"https:\/\/www.purejewels.com\/","logo":{"@type":"ImageObject","inLanguage":"de","@id":"https:\/\/www.purejewels.com\/#\/schema\/logo\/image\/","url":"https:\/\/static.purejewels.com\/wp-content\/uploads\/2020\/11\/Logo-PJ-New-1.png","contentUrl":"https:\/\/static.purejewels.com\/wp-content\/uploads\/2020\/11\/Logo-PJ-New-1.png","width":150,"height":80,"caption":"PureJewels UK"},"image":{"@id":"https:\/\/www.purejewels.com\/#\/schema\/logo\/image\/"}}]}},"_links":{"self":[{"href":"https:\/\/www.purejewels.com\/de\/wp-json\/wp\/v2\/product\/389751","targetHints":{"allow":["GET"]}}],"collection":[{"href":"https:\/\/www.purejewels.com\/de\/wp-json\/wp\/v2\/product"}],"about":[{"href":"https:\/\/www.purejewels.com\/de\/wp-json\/wp\/v2\/types\/product"}],"replies":[{"embeddable":true,"href":"https:\/\/www.purejewels.com\/de\/wp-json\/wp\/v2\/comments?post=389751"}],"version-history":[{"count":5,"href":"https:\/\/www.purejewels.com\/de\/wp-json\/wp\/v2\/product\/389751\/revisions"}],"predecessor-version":[{"id":427442,"href":"https:\/\/www.purejewels.com\/de\/wp-json\/wp\/v2\/product\/389751\/revisions\/427442"}],"wp:featuredmedia":[{"embeddable":true,"href":"https:\/\/www.purejewels.com\/de\/wp-json\/wp\/v2\/media\/391870"}],"wp:attachment":[{"href":"https:\/\/www.purejewels.com\/de\/wp-json\/wp\/v2\/media?parent=389751"}],"wp:term":[{"taxonomy":"product_brand","embeddable":true,"href":"https:\/\/www.purejewels.com\/de\/wp-json\/wp\/v2\/product_brand?post=389751"},{"taxonomy":"product_cat","embeddable":true,"href":"https:\/\/www.purejewels.com\/de\/wp-json\/wp\/v2\/product_cat?post=389751"},{"taxonomy":"product_tag","embeddable":true,"href":"https:\/\/www.purejewels.com\/de\/wp-json\/wp\/v2\/product_tag?post=389751"}],"curies":[{"name":"wp","href":"https:\/\/api.w.org\/{rel}","templated":true}]}}