{"id":389768,"date":"2024-03-24T10:21:56","date_gmt":"2024-03-24T10:21:56","guid":{"rendered":"https:\/\/www.purejewels.com\/?post_type=product&#038;p=389768"},"modified":"2026-02-09T10:28:05","modified_gmt":"2026-02-09T10:28:05","slug":"lotusblute-diamantarmband-49053","status":"publish","type":"product","link":"https:\/\/www.purejewels.com\/de\/product\/lotus-bloom-diamond-bracelet-49053\/","title":{"rendered":"Bloom Tautropfen-Armband"},"content":{"rendered":"<p class=\"\" data-start=\"194\" data-end=\"222\"><strong data-start=\"194\" data-end=\"222\">1. Inspiration und Geschichte<\/strong><\/p>\n<p class=\"\" data-start=\"224\" data-end=\"780\">Das Bloom Dew Drop Armband ist ein goldener Ausdruck der sanften Evolution der Liebe - eine Hommage an die stille St\u00e4rke und strahlende Sch\u00f6nheit, die entstehen, wenn zwei Seelen zusammenwachsen. Inspiriert von der Lotusblume in voller Bl\u00fcte, feiert dieses Armband eine Beziehung, die die Tiefen \u00fcberstanden hat und ins Licht aufgestiegen ist. Jede Kurve und jedes geformte Detail spiegelt den Rhythmus dieser Reise wider - lebendig, flie\u00dfend und voller Leben. Als Teil unserer charakteristischen Lotus-Kollektion f\u00e4ngt es die Essenz der Liebe in ihrer leuchtendsten Form ein: geerdet in der Bedeutung, aber offen f\u00fcr endlose Transformation.<\/p>\n<p class=\"\" data-start=\"782\" data-end=\"815\"><strong data-start=\"782\" data-end=\"815\">2. Material und handwerkliches K\u00f6nnen<\/strong><\/p>\n<p class=\"\" data-start=\"817\" data-end=\"1720\">Das in London handgefertigte Bloom Dew Drop Armband ist eine harmonische Komposition aus dem exklusiven 22ct Sunrise Gold und Platin von PureJewels. In seinem Zentrum liegt ein eleganter Platin-Halo aus modellierten Lotusbl\u00e4ttern - wellenf\u00f6rmig, lichtdurchflutet und mit aufwendigen Details auf Vorder- und R\u00fcckseite - und umarmt einen Moment der vollen Bl\u00fcte. Diese Komposition aus zwei Metallen sorgt f\u00fcr Kontrast und Klarheit: Platin unterstreicht die Reinheit der Form, w\u00e4hrend das umgebende Gold W\u00e4rme ausstrahlt. Die Kette ist aus einem anmutigen Rhythmus von brillengefassten Diamanten und Tautropfen-Bl\u00fctenbl\u00e4ttern gefertigt, die ein Gef\u00fchl von Bewegung und Schimmer erzeugen. Die charakteristische Tautropfen-Fassung von PureJewels verleiht der Kette einen sanften, schimmernden Glanz. Das Armband ist mit einem Lotusbl\u00fcten-Verschluss, einer bl\u00fctenblattf\u00f6rmigen Verl\u00e4ngerungskette und einem Punzierungsanh\u00e4nger in Form einer taufrischen Bl\u00fcte verziert - jedes Detail ist durchdacht, geformt und von symbolischer Sch\u00f6nheit.<\/p>\n<p class=\"\" data-start=\"1722\" data-end=\"1741\"><strong data-start=\"1722\" data-end=\"1741\">3. Styling-Tipps<\/strong><\/p>\n<p class=\"\" data-start=\"1743\" data-end=\"2246\">Das elegante und vielseitige Bloom Dew Drop Armband kombiniert sattes Gold mit leuchtendem Platin f\u00fcr ein m\u00fcheloses Styling. Tragen Sie es einzeln f\u00fcr ein gewagtes Statement oder \u00fcbereinander f\u00fcr einen modernen Touch. Als zeitloses Andenken symbolisiert es die Reise der Liebe, die immer wieder aufbl\u00fcht.<\/p>\n<p data-start=\"1743\" data-end=\"2246\"><strong><b>Diamant Details<\/b><\/strong><br \/>\nDie Diamanten des Zentrums sind GIA-zertifiziert, um ihre Qualit\u00e4t und Echtheit zu gew\u00e4hrleisten.<\/p>","protected":false},"excerpt":{"rendered":"<p>Dieses elegante und leuchtende Armband aus 22 Karat Sunrise Gold und Platin ist mit einem 0,19 Karat schweren Diamanten in der Mitte ausgestattet, der von einem 0,12 Karat schweren Heiligenschein umrahmt wird - ein strahlender Ausdruck der Liebe in zarter Bl\u00fcte.<\/p>\n<p><strong>Material:<\/strong> 22ct Sunrise Gold, Platin<br \/>\n<strong>Wahrzeichen:<\/strong> Britisches G\u00fctesiegel<br \/>\n<strong>Stein:<\/strong> Nat\u00fcrliche Diamanten<br \/>\n<strong>Zertifizierung:<\/strong>\u00a0GIA-zertifiziert<br \/>\n<strong>Gewicht der Diamanten: <\/strong>0,31ct (insgesamt)<strong><strong><strong><br \/>\n<\/strong><\/strong><\/strong><strong><strong><strong><strong><strong><strong>Bruttogewicht:\u00a0 <\/strong><\/strong><\/strong><\/strong><\/strong><\/strong>6.8 Gms<strong><strong><strong><strong><strong><br \/>\n<strong>L\u00e4nge: <\/strong><\/strong><\/strong><\/strong><\/strong><\/strong>7 Zoll<br \/>\n<strong>SKU: <\/strong>49053<\/p>\n<p><strong><strong><strong><strong><strong><strong>Preis und Lieferung: <\/strong><\/strong><\/strong><\/strong><\/strong><\/strong>Inklusive Mehrwertsteuer und Lieferkosten<strong><strong><strong><strong><strong><br \/>\n<a href=\"https:\/\/www.purejewels.com\/de\/ruckgabepolitik\/\">R\u00fcckgabepolitik<\/a><\/strong><\/strong><\/strong><\/strong><\/strong><\/p>","protected":false},"featured_media":392208,"comment_status":"closed","ping_status":"closed","template":"","meta":{"_eb_attr":"","_crsspst_to_jayantr4sg-hostcom":false},"product_brand":[],"product_cat":[1791,6056,236,5462,5678,5457,1324,1229,1633,1569,1574],"product_tag":[],"class_list":{"0":"post-389768","1":"product","2":"type-product","3":"status-publish","4":"has-post-thumbnail","6":"product_cat-anniversary-gifts","7":"product_cat-charm","8":"product_cat-collections","9":"product_cat-diamond-bracelet","10":"product_cat-diamond-bracelets-for-women","11":"product_cat-diamond-jewellery","12":"product_cat-gold-bracelet","13":"product_cat-22ct-gold-jewellery","14":"product_cat-lotus-collections","15":"product_cat-valentine-day-gifts","16":"product_cat-womens-jewellery","18":"first","19":"onbackorder","20":"taxable","21":"shipping-taxable","22":"purchasable","23":"product-type-simple","24":"add-to-wishlist-before_image"},"yoast_head":"<!-- This site is optimized with the Yoast SEO plugin v27.4 - https:\/\/yoast.com\/product\/yoast-seo-wordpress\/ -->\n<title>Lotus Bracelet | Women&#039;s Floral Design | PureJewels UK<\/title>\n<meta name=\"description\" content=\"Elevate your style with the 22ct gold Lotus Bracelet from PureJewels UK. Explore our range of fine women&#039;s jewellery featuring delicate floral designs.\" \/>\n<meta name=\"robots\" content=\"index, follow, max-snippet:-1, max-image-preview:large, max-video-preview:-1\" \/>\n<link rel=\"canonical\" href=\"https:\/\/www.purejewels.com\/de\/produkt-2\/lotusblute-diamantarmband-49053\/\" \/>\n<meta property=\"og:locale\" content=\"de_DE\" \/>\n<meta property=\"og:type\" content=\"article\" \/>\n<meta property=\"og:title\" content=\"Lotus Bracelet | Women&#039;s Floral Design | PureJewels UK\" \/>\n<meta property=\"og:description\" content=\"Elevate your style with the 22ct gold Lotus Bracelet from PureJewels UK. Explore our range of fine women&#039;s jewellery featuring delicate floral designs.\" \/>\n<meta property=\"og:url\" content=\"https:\/\/www.purejewels.com\/de\/produkt-2\/lotusblute-diamantarmband-49053\/\" \/>\n<meta property=\"og:site_name\" content=\"PureJewels UK\" \/>\n<meta property=\"article:modified_time\" content=\"2026-02-09T10:28:05+00:00\" \/>\n<meta property=\"og:image\" content=\"https:\/\/static.purejewels.com\/wp-content\/uploads\/2024\/03\/49053-CG-retouch-576x576.png\" \/>\n\t<meta property=\"og:image:width\" content=\"576\" \/>\n\t<meta property=\"og:image:height\" content=\"576\" \/>\n\t<meta property=\"og:image:type\" content=\"image\/png\" \/>\n<meta name=\"twitter:card\" content=\"summary_large_image\" \/>\n<meta name=\"twitter:label1\" content=\"Gesch\u00e4tzte Lesezeit\" \/>\n\t<meta name=\"twitter:data1\" content=\"1\u00a0Minute\" \/>\n<script type=\"application\/ld+json\" class=\"yoast-schema-graph\">{\"@context\":\"https:\\\/\\\/schema.org\",\"@graph\":[{\"@type\":[\"WebPage\",\"ItemPage\"],\"@id\":\"https:\\\/\\\/www.purejewels.com\\\/product\\\/lotus-bloom-diamond-bracelet-49053\\\/\",\"url\":\"https:\\\/\\\/www.purejewels.com\\\/product\\\/lotus-bloom-diamond-bracelet-49053\\\/\",\"name\":\"Lotus Bracelet | Women's Floral Design | PureJewels UK\",\"isPartOf\":{\"@id\":\"https:\\\/\\\/www.purejewels.com\\\/#website\"},\"primaryImageOfPage\":{\"@id\":\"https:\\\/\\\/www.purejewels.com\\\/product\\\/lotus-bloom-diamond-bracelet-49053\\\/#primaryimage\"},\"image\":{\"@id\":\"https:\\\/\\\/www.purejewels.com\\\/product\\\/lotus-bloom-diamond-bracelet-49053\\\/#primaryimage\"},\"thumbnailUrl\":\"https:\\\/\\\/static.purejewels.com\\\/wp-content\\\/uploads\\\/2024\\\/03\\\/49053-CG-retouch.png\",\"datePublished\":\"2024-03-24T10:21:56+00:00\",\"dateModified\":\"2026-02-09T10:28:05+00:00\",\"description\":\"Elevate your style with the 22ct gold Lotus Bracelet from PureJewels UK. Explore our range of fine women's jewellery featuring delicate floral designs.\",\"breadcrumb\":{\"@id\":\"https:\\\/\\\/www.purejewels.com\\\/product\\\/lotus-bloom-diamond-bracelet-49053\\\/#breadcrumb\"},\"inLanguage\":\"de\",\"potentialAction\":[{\"@type\":\"ReadAction\",\"target\":[\"https:\\\/\\\/www.purejewels.com\\\/product\\\/lotus-bloom-diamond-bracelet-49053\\\/\"]}]},{\"@type\":\"ImageObject\",\"inLanguage\":\"de\",\"@id\":\"https:\\\/\\\/www.purejewels.com\\\/product\\\/lotus-bloom-diamond-bracelet-49053\\\/#primaryimage\",\"url\":\"https:\\\/\\\/static.purejewels.com\\\/wp-content\\\/uploads\\\/2024\\\/03\\\/49053-CG-retouch.png\",\"contentUrl\":\"https:\\\/\\\/static.purejewels.com\\\/wp-content\\\/uploads\\\/2024\\\/03\\\/49053-CG-retouch.png\",\"width\":4480,\"height\":4480,\"caption\":\"Bloom Petal Bracelet\"},{\"@type\":\"BreadcrumbList\",\"@id\":\"https:\\\/\\\/www.purejewels.com\\\/product\\\/lotus-bloom-diamond-bracelet-49053\\\/#breadcrumb\",\"itemListElement\":[{\"@type\":\"ListItem\",\"position\":1,\"name\":\"Home\",\"item\":\"https:\\\/\\\/www.purejewels.com\\\/\"},{\"@type\":\"ListItem\",\"position\":2,\"name\":\"Shop\",\"item\":\"https:\\\/\\\/www.purejewels.com\\\/shop\\\/\"},{\"@type\":\"ListItem\",\"position\":3,\"name\":\"Bloom Dew Drop Bracelet\"}]},{\"@type\":\"WebSite\",\"@id\":\"https:\\\/\\\/www.purejewels.com\\\/#website\",\"url\":\"https:\\\/\\\/www.purejewels.com\\\/\",\"name\":\"PureJewels UK\",\"description\":\"Share the Love\",\"publisher\":{\"@id\":\"https:\\\/\\\/www.purejewels.com\\\/#organization\"},\"potentialAction\":[{\"@type\":\"SearchAction\",\"target\":{\"@type\":\"EntryPoint\",\"urlTemplate\":\"https:\\\/\\\/www.purejewels.com\\\/?s={search_term_string}\"},\"query-input\":{\"@type\":\"PropertyValueSpecification\",\"valueRequired\":true,\"valueName\":\"search_term_string\"}}],\"inLanguage\":\"de\"},{\"@type\":\"Organization\",\"@id\":\"https:\\\/\\\/www.purejewels.com\\\/#organization\",\"name\":\"PureJewels UK\",\"url\":\"https:\\\/\\\/www.purejewels.com\\\/\",\"logo\":{\"@type\":\"ImageObject\",\"inLanguage\":\"de\",\"@id\":\"https:\\\/\\\/www.purejewels.com\\\/#\\\/schema\\\/logo\\\/image\\\/\",\"url\":\"https:\\\/\\\/static.purejewels.com\\\/wp-content\\\/uploads\\\/2020\\\/11\\\/Logo-PJ-New-1.png\",\"contentUrl\":\"https:\\\/\\\/static.purejewels.com\\\/wp-content\\\/uploads\\\/2020\\\/11\\\/Logo-PJ-New-1.png\",\"width\":150,\"height\":80,\"caption\":\"PureJewels UK\"},\"image\":{\"@id\":\"https:\\\/\\\/www.purejewels.com\\\/#\\\/schema\\\/logo\\\/image\\\/\"}}]}<\/script>\n<!-- \/ Yoast SEO plugin. -->","yoast_head_json":{"title":"Lotus Armband | Women's Floral Design | PureJewels UK","description":"Erh\u00f6hen Sie Ihren Stil mit dem Lotus-Armband aus 22 Karat Gold von PureJewels UK. Entdecken Sie unser Angebot an feinem Damenschmuck mit zarten Blumenmustern.","robots":{"index":"index","follow":"follow","max-snippet":"max-snippet:-1","max-image-preview":"max-image-preview:large","max-video-preview":"max-video-preview:-1"},"canonical":"https:\/\/www.purejewels.com\/de\/produkt-2\/lotusblute-diamantarmband-49053\/","og_locale":"de_DE","og_type":"article","og_title":"Lotus Bracelet | Women's Floral Design | PureJewels UK","og_description":"Elevate your style with the 22ct gold Lotus Bracelet from PureJewels UK. Explore our range of fine women's jewellery featuring delicate floral designs.","og_url":"https:\/\/www.purejewels.com\/de\/produkt-2\/lotusblute-diamantarmband-49053\/","og_site_name":"PureJewels UK","article_modified_time":"2026-02-09T10:28:05+00:00","og_image":[{"width":576,"height":576,"url":"https:\/\/static.purejewels.com\/wp-content\/uploads\/2024\/03\/49053-CG-retouch-576x576.png","type":"image\/png"}],"twitter_card":"summary_large_image","twitter_misc":{"Gesch\u00e4tzte Lesezeit":"1\u00a0Minute"},"schema":{"@context":"https:\/\/schema.org","@graph":[{"@type":["WebPage","ItemPage"],"@id":"https:\/\/www.purejewels.com\/product\/lotus-bloom-diamond-bracelet-49053\/","url":"https:\/\/www.purejewels.com\/product\/lotus-bloom-diamond-bracelet-49053\/","name":"Lotus Armband | Women's Floral Design | PureJewels UK","isPartOf":{"@id":"https:\/\/www.purejewels.com\/#website"},"primaryImageOfPage":{"@id":"https:\/\/www.purejewels.com\/product\/lotus-bloom-diamond-bracelet-49053\/#primaryimage"},"image":{"@id":"https:\/\/www.purejewels.com\/product\/lotus-bloom-diamond-bracelet-49053\/#primaryimage"},"thumbnailUrl":"https:\/\/static.purejewels.com\/wp-content\/uploads\/2024\/03\/49053-CG-retouch.png","datePublished":"2024-03-24T10:21:56+00:00","dateModified":"2026-02-09T10:28:05+00:00","description":"Erh\u00f6hen Sie Ihren Stil mit dem Lotus-Armband aus 22 Karat Gold von PureJewels UK. Entdecken Sie unser Angebot an feinem Damenschmuck mit zarten Blumenmustern.","breadcrumb":{"@id":"https:\/\/www.purejewels.com\/product\/lotus-bloom-diamond-bracelet-49053\/#breadcrumb"},"inLanguage":"de","potentialAction":[{"@type":"ReadAction","target":["https:\/\/www.purejewels.com\/product\/lotus-bloom-diamond-bracelet-49053\/"]}]},{"@type":"ImageObject","inLanguage":"de","@id":"https:\/\/www.purejewels.com\/product\/lotus-bloom-diamond-bracelet-49053\/#primaryimage","url":"https:\/\/static.purejewels.com\/wp-content\/uploads\/2024\/03\/49053-CG-retouch.png","contentUrl":"https:\/\/static.purejewels.com\/wp-content\/uploads\/2024\/03\/49053-CG-retouch.png","width":4480,"height":4480,"caption":"Bloom Petal Bracelet"},{"@type":"BreadcrumbList","@id":"https:\/\/www.purejewels.com\/product\/lotus-bloom-diamond-bracelet-49053\/#breadcrumb","itemListElement":[{"@type":"ListItem","position":1,"name":"Home","item":"https:\/\/www.purejewels.com\/"},{"@type":"ListItem","position":2,"name":"Shop","item":"https:\/\/www.purejewels.com\/shop\/"},{"@type":"ListItem","position":3,"name":"Bloom Dew Drop Bracelet"}]},{"@type":"WebSite","@id":"https:\/\/www.purejewels.com\/#website","url":"https:\/\/www.purejewels.com\/","name":"PureJewels UK","description":"Teile die Liebe","publisher":{"@id":"https:\/\/www.purejewels.com\/#organization"},"potentialAction":[{"@type":"SearchAction","target":{"@type":"EntryPoint","urlTemplate":"https:\/\/www.purejewels.com\/?s={search_term_string}"},"query-input":{"@type":"PropertyValueSpecification","valueRequired":true,"valueName":"search_term_string"}}],"inLanguage":"de"},{"@type":"Organization","@id":"https:\/\/www.purejewels.com\/#organization","name":"PureJewels UK","url":"https:\/\/www.purejewels.com\/","logo":{"@type":"ImageObject","inLanguage":"de","@id":"https:\/\/www.purejewels.com\/#\/schema\/logo\/image\/","url":"https:\/\/static.purejewels.com\/wp-content\/uploads\/2020\/11\/Logo-PJ-New-1.png","contentUrl":"https:\/\/static.purejewels.com\/wp-content\/uploads\/2020\/11\/Logo-PJ-New-1.png","width":150,"height":80,"caption":"PureJewels UK"},"image":{"@id":"https:\/\/www.purejewels.com\/#\/schema\/logo\/image\/"}}]}},"_links":{"self":[{"href":"https:\/\/www.purejewels.com\/de\/wp-json\/wp\/v2\/product\/389768","targetHints":{"allow":["GET"]}}],"collection":[{"href":"https:\/\/www.purejewels.com\/de\/wp-json\/wp\/v2\/product"}],"about":[{"href":"https:\/\/www.purejewels.com\/de\/wp-json\/wp\/v2\/types\/product"}],"replies":[{"embeddable":true,"href":"https:\/\/www.purejewels.com\/de\/wp-json\/wp\/v2\/comments?post=389768"}],"version-history":[{"count":5,"href":"https:\/\/www.purejewels.com\/de\/wp-json\/wp\/v2\/product\/389768\/revisions"}],"predecessor-version":[{"id":411581,"href":"https:\/\/www.purejewels.com\/de\/wp-json\/wp\/v2\/product\/389768\/revisions\/411581"}],"wp:featuredmedia":[{"embeddable":true,"href":"https:\/\/www.purejewels.com\/de\/wp-json\/wp\/v2\/media\/392208"}],"wp:attachment":[{"href":"https:\/\/www.purejewels.com\/de\/wp-json\/wp\/v2\/media?parent=389768"}],"wp:term":[{"taxonomy":"product_brand","embeddable":true,"href":"https:\/\/www.purejewels.com\/de\/wp-json\/wp\/v2\/product_brand?post=389768"},{"taxonomy":"product_cat","embeddable":true,"href":"https:\/\/www.purejewels.com\/de\/wp-json\/wp\/v2\/product_cat?post=389768"},{"taxonomy":"product_tag","embeddable":true,"href":"https:\/\/www.purejewels.com\/de\/wp-json\/wp\/v2\/product_tag?post=389768"}],"curies":[{"name":"wp","href":"https:\/\/api.w.org\/{rel}","templated":true}]}}