{"id":389770,"date":"2025-05-21T10:35:14","date_gmt":"2025-05-21T09:35:14","guid":{"rendered":"https:\/\/www.purejewels.com\/?post_type=product&#038;p=389770"},"modified":"2026-02-09T10:15:50","modified_gmt":"2026-02-09T10:15:50","slug":"lotusblute-lillypad-diamant-armband-49054","status":"publish","type":"product","link":"https:\/\/www.purejewels.com\/de\/product\/lotus-bloom-lillypad-diamond-bracelet-49054\/","title":{"rendered":"Armband Bl\u00fcte und Lilypad"},"content":{"rendered":"<p data-pm-slice=\"0 0 []\"><strong>1. Inspiration und Geschichte<br \/>\n<\/strong>Das Bloom Lilypad Armband ist ein strahlendes Fest der Liebe in Bewegung - eine anmutige Hommage an die Sch\u00f6nheit, die sich entfaltet, wenn Herzen zusammenwachsen. Inspiriert von der Lotusblume in voller Bl\u00fcte, ehrt dieses Design eine Reise, die von Widerstandsf\u00e4higkeit, Vertrauen und Transformation gepr\u00e4gt ist. Von der Mitte des Armbands gehen zarte Seerosenbl\u00e4tter aus, die sich entlang der Form des Armbands bewegen und an die ruhige Bewegung des Wassers erinnern. Die skulptierten Bl\u00fctenbl\u00e4tter und die sich kr\u00e4uselnden Formen spiegeln den nat\u00fcrlichen Rhythmus der Liebe wider - flie\u00dfend, leuchtend und sich st\u00e4ndig weiterentwickelnd. Als Teil unserer charakteristischen Lotus-Kollektion f\u00e4ngt dieses Armband einen Moment der vollen Bl\u00fcte ein, in dem sich die Liebe in Licht, Textur und dauerhafter Anmut offenbart.<\/p>\n<p class=\"\" data-start=\"168\" data-end=\"707\"><strong data-start=\"168\" data-end=\"201\">2. Material und handwerkliches K\u00f6nnen<\/strong><br data-start=\"201\" data-end=\"204\" \/>Das in London in liebevoller Handarbeit gefertigte Bloom Lilypad Armband ist eine harmonische Mischung aus zwei Edelmetallen - PureJewels' exklusivem 22ct Sunrise Gold und Platin. Das Herzst\u00fcck des Armbands ist ein Platin-Mittelst\u00fcck, das einen runden Diamanten im Brillantschliff birgt, der Reinheit und St\u00e4rke ausstrahlt. Den Stein umgibt ein wellenf\u00f6rmiger Heiligenschein aus modellierten Lotusbl\u00e4ttern, die sorgf\u00e4ltig so geformt sind, dass sie das Licht aus jedem Winkel einfangen - wobei der R\u00fcckseite die gleiche Aufmerksamkeit gewidmet wird, um Sch\u00f6nheit aus jeder Perspektive zu gew\u00e4hrleisten.<\/p>\n<p class=\"\" data-start=\"709\" data-end=\"1146\">Jedes Seerosenblatt ist mit pav\u00e9gefassten Diamanten in unserer charakteristischen Tautropfenfassung verziert, die wie der Morgentau glitzern, der sanft auf der Oberfl\u00e4che ruht. Diese subtilen Diamantakzente schimmern bei jeder Bewegung und verleihen Textur und Brillanz, w\u00e4hrend sie die organische Eleganz eines bl\u00fchenden Teichs widerspiegeln.<\/p>\n<p class=\"\" data-start=\"1148\" data-end=\"1514\">Zu den letzten Details geh\u00f6ren ein Lotusbl\u00fctenverschluss, eine bl\u00fctenblattf\u00f6rmige Verl\u00e4ngerungskette und ein Punzierungsanh\u00e4nger in Form einer vom Tau gek\u00fcssten Bl\u00fcte - jedes Element wurde sorgf\u00e4ltig erwogen und gefertigt, um eine durchdachte Symbolik und meisterhafte Details zum Ausdruck zu bringen. Das Ergebnis ist ein Armband, das sowohl in der Natur verwurzelt als auch k\u00fcnstlerisch anspruchsvoll ist - eine strahlende Reflexion der sich entfaltenden Reise der Liebe.<\/p>\n<p><strong>3. Styling-Tipps<br \/>\n<\/strong>Das Lotus-Armband ist ein leuchtender Ausdruck von Anmut und Wachstum und eignet sich perfekt als Einzelst\u00fcck oder als Teil eines raffinierten Braut- oder Festtagsensembles. Dank seiner zweifarbigen Eleganz l\u00e4sst es sich m\u00fchelos sowohl mit Gold- als auch mit Platinschmuck kombinieren, darunter <a href=\"https:\/\/www.purejewels.com\/de\/produkt-2\/lotos-diamant-ohrstecker-51540\/\">Lotus Solit\u00e4r Ringe<\/a> oder Halo-Ohrringe. Ob als Geschenk f\u00fcr einen Meilenstein, an einem sch\u00f6nen Tag oder als t\u00e4gliches Symbol f\u00fcr die stille Kraft der Liebe - dieses Armband bereichert jede Sammlung um eine Schicht gef\u00fchlvoller Raffinesse.<\/p>\n<p><strong><b>Diamant Details<\/b><\/strong><br \/>\nDie Diamanten des Zentrums sind GIA-zertifiziert, um ihre Qualit\u00e4t und Echtheit zu gew\u00e4hrleisten.<\/p>\n<p>&nbsp;<\/p>","protected":false},"excerpt":{"rendered":"<p>Dieses strahlende und raffinierte Armband aus 22-kar\u00e4tigem Sunrise-Gold und Platin enth\u00e4lt in der Mitte einen Diamanten von 0,30 Karat mit einem Halo von 0,21 Karat - eine anmutige Hommage an die bl\u00fchende Liebe.<\/p>\n<p><strong>Material:<\/strong> 22ct Sunrise Gold, Platin<br \/>\n<strong>Wahrzeichen<\/strong>: Britisches G\u00fctesiegel<br \/>\n<strong>Zertifizierung:<\/strong>\u00a0GIA-zertifiziert<br \/>\n<strong>Stein:<\/strong> Nat\u00fcrliche Diamanten<br \/>\n<strong>Gewicht der Diamanten:<\/strong> 0,51ct (insgesamt)<br \/>\n<strong>Bruttogewicht:<\/strong>\u00a0 8,7 Gramm<br \/>\n<strong>L\u00e4nge:<\/strong> 7 Zoll<br \/>\n<strong>SKU:<\/strong> 49054<\/p>\n<p><strong><strong><strong><strong><strong><strong>Preis und Lieferung:<\/strong><\/strong><\/strong><\/strong><\/strong><\/strong>Inklusive Mehrwertsteuer und Lieferkosten<strong><strong><strong><strong><strong><br \/>\n<a href=\"https:\/\/www.purejewels.com\/de\/ruckgabepolitik\/\">R\u00fcckgabepolitik<\/a><\/strong><\/strong><\/strong><\/strong><\/strong><\/p>","protected":false},"featured_media":392209,"comment_status":"closed","ping_status":"closed","template":"","meta":{"_eb_attr":"","_crsspst_to_jayantr4sg-hostcom":false},"product_brand":[],"product_cat":[1791,6056,236,5462,5678,5457,1324,1229,1633,1569,1574],"product_tag":[5964,5965],"class_list":{"0":"post-389770","1":"product","2":"type-product","3":"status-publish","4":"has-post-thumbnail","6":"product_cat-anniversary-gifts","7":"product_cat-charm","8":"product_cat-collections","9":"product_cat-diamond-bracelet","10":"product_cat-diamond-bracelets-for-women","11":"product_cat-diamond-jewellery","12":"product_cat-gold-bracelet","13":"product_cat-22ct-gold-jewellery","14":"product_cat-lotus-collections","15":"product_cat-valentine-day-gifts","16":"product_cat-womens-jewellery","17":"product_tag-bracelet","18":"product_tag-diamonds","20":"first","21":"instock","22":"taxable","23":"shipping-taxable","24":"purchasable","25":"product-type-simple","26":"add-to-wishlist-before_image"},"yoast_head":"<!-- This site is optimized with the Yoast SEO plugin v27.4 - https:\/\/yoast.com\/product\/yoast-seo-wordpress\/ -->\n<title>22ct Gold Lotus &amp; Lillypad Bracelet | Lotus Collection<\/title>\n<meta name=\"description\" content=\"Adorn your wrist with the unique Lotus &amp; Lillypad Bracelet. This floral jewellery piece in 22ct gold captures the essence of nature.\" \/>\n<meta name=\"robots\" content=\"index, follow, max-snippet:-1, max-image-preview:large, max-video-preview:-1\" \/>\n<link rel=\"canonical\" href=\"https:\/\/www.purejewels.com\/de\/produkt-2\/lotusblute-lillypad-diamant-armband-49054\/\" \/>\n<meta property=\"og:locale\" content=\"de_DE\" \/>\n<meta property=\"og:type\" content=\"article\" \/>\n<meta property=\"og:title\" content=\"22ct Gold Lotus &amp; Lillypad Bracelet | Lotus Collection\" \/>\n<meta property=\"og:description\" content=\"Adorn your wrist with the unique Lotus &amp; Lillypad Bracelet. This floral jewellery piece in 22ct gold captures the essence of nature.\" \/>\n<meta property=\"og:url\" content=\"https:\/\/www.purejewels.com\/de\/produkt-2\/lotusblute-lillypad-diamant-armband-49054\/\" \/>\n<meta property=\"og:site_name\" content=\"PureJewels UK\" \/>\n<meta property=\"article:modified_time\" content=\"2026-02-09T10:15:50+00:00\" \/>\n<meta property=\"og:image\" content=\"https:\/\/static.purejewels.com\/wp-content\/uploads\/2024\/03\/49054-CG-retouch-576x576.png\" \/>\n\t<meta property=\"og:image:width\" content=\"576\" \/>\n\t<meta property=\"og:image:height\" content=\"576\" \/>\n\t<meta property=\"og:image:type\" content=\"image\/png\" \/>\n<meta name=\"twitter:card\" content=\"summary_large_image\" \/>\n<meta name=\"twitter:label1\" content=\"Gesch\u00e4tzte Lesezeit\" \/>\n\t<meta name=\"twitter:data1\" content=\"2\u00a0Minuten\" \/>\n<script type=\"application\/ld+json\" class=\"yoast-schema-graph\">{\"@context\":\"https:\\\/\\\/schema.org\",\"@graph\":[{\"@type\":[\"WebPage\",\"ItemPage\"],\"@id\":\"https:\\\/\\\/www.purejewels.com\\\/product\\\/lotus-bloom-lillypad-diamond-bracelet-49054\\\/\",\"url\":\"https:\\\/\\\/www.purejewels.com\\\/product\\\/lotus-bloom-lillypad-diamond-bracelet-49054\\\/\",\"name\":\"22ct Gold Lotus & Lillypad Bracelet | Lotus Collection\",\"isPartOf\":{\"@id\":\"https:\\\/\\\/www.purejewels.com\\\/#website\"},\"primaryImageOfPage\":{\"@id\":\"https:\\\/\\\/www.purejewels.com\\\/product\\\/lotus-bloom-lillypad-diamond-bracelet-49054\\\/#primaryimage\"},\"image\":{\"@id\":\"https:\\\/\\\/www.purejewels.com\\\/product\\\/lotus-bloom-lillypad-diamond-bracelet-49054\\\/#primaryimage\"},\"thumbnailUrl\":\"https:\\\/\\\/static.purejewels.com\\\/wp-content\\\/uploads\\\/2024\\\/03\\\/49054-CG-retouch.png\",\"datePublished\":\"2025-05-21T09:35:14+00:00\",\"dateModified\":\"2026-02-09T10:15:50+00:00\",\"description\":\"Adorn your wrist with the unique Lotus & Lillypad Bracelet. This floral jewellery piece in 22ct gold captures the essence of nature.\",\"breadcrumb\":{\"@id\":\"https:\\\/\\\/www.purejewels.com\\\/product\\\/lotus-bloom-lillypad-diamond-bracelet-49054\\\/#breadcrumb\"},\"inLanguage\":\"de\",\"potentialAction\":[{\"@type\":\"ReadAction\",\"target\":[\"https:\\\/\\\/www.purejewels.com\\\/product\\\/lotus-bloom-lillypad-diamond-bracelet-49054\\\/\"]}]},{\"@type\":\"ImageObject\",\"inLanguage\":\"de\",\"@id\":\"https:\\\/\\\/www.purejewels.com\\\/product\\\/lotus-bloom-lillypad-diamond-bracelet-49054\\\/#primaryimage\",\"url\":\"https:\\\/\\\/static.purejewels.com\\\/wp-content\\\/uploads\\\/2024\\\/03\\\/49054-CG-retouch.png\",\"contentUrl\":\"https:\\\/\\\/static.purejewels.com\\\/wp-content\\\/uploads\\\/2024\\\/03\\\/49054-CG-retouch.png\",\"width\":3890,\"height\":3890,\"caption\":\"Bloom Lilypad Bracelet\"},{\"@type\":\"BreadcrumbList\",\"@id\":\"https:\\\/\\\/www.purejewels.com\\\/product\\\/lotus-bloom-lillypad-diamond-bracelet-49054\\\/#breadcrumb\",\"itemListElement\":[{\"@type\":\"ListItem\",\"position\":1,\"name\":\"Home\",\"item\":\"https:\\\/\\\/www.purejewels.com\\\/\"},{\"@type\":\"ListItem\",\"position\":2,\"name\":\"Shop\",\"item\":\"https:\\\/\\\/www.purejewels.com\\\/shop\\\/\"},{\"@type\":\"ListItem\",\"position\":3,\"name\":\"Bloom and Lilypad Bracelet\"}]},{\"@type\":\"WebSite\",\"@id\":\"https:\\\/\\\/www.purejewels.com\\\/#website\",\"url\":\"https:\\\/\\\/www.purejewels.com\\\/\",\"name\":\"PureJewels UK\",\"description\":\"Share the Love\",\"publisher\":{\"@id\":\"https:\\\/\\\/www.purejewels.com\\\/#organization\"},\"potentialAction\":[{\"@type\":\"SearchAction\",\"target\":{\"@type\":\"EntryPoint\",\"urlTemplate\":\"https:\\\/\\\/www.purejewels.com\\\/?s={search_term_string}\"},\"query-input\":{\"@type\":\"PropertyValueSpecification\",\"valueRequired\":true,\"valueName\":\"search_term_string\"}}],\"inLanguage\":\"de\"},{\"@type\":\"Organization\",\"@id\":\"https:\\\/\\\/www.purejewels.com\\\/#organization\",\"name\":\"PureJewels UK\",\"url\":\"https:\\\/\\\/www.purejewels.com\\\/\",\"logo\":{\"@type\":\"ImageObject\",\"inLanguage\":\"de\",\"@id\":\"https:\\\/\\\/www.purejewels.com\\\/#\\\/schema\\\/logo\\\/image\\\/\",\"url\":\"https:\\\/\\\/static.purejewels.com\\\/wp-content\\\/uploads\\\/2020\\\/11\\\/Logo-PJ-New-1.png\",\"contentUrl\":\"https:\\\/\\\/static.purejewels.com\\\/wp-content\\\/uploads\\\/2020\\\/11\\\/Logo-PJ-New-1.png\",\"width\":150,\"height\":80,\"caption\":\"PureJewels UK\"},\"image\":{\"@id\":\"https:\\\/\\\/www.purejewels.com\\\/#\\\/schema\\\/logo\\\/image\\\/\"}}]}<\/script>\n<!-- \/ Yoast SEO plugin. -->","yoast_head_json":{"title":"22ct Gold Lotus &amp; Lillypad Armband | Lotus Kollektion","description":"Schm\u00fccken Sie Ihr Handgelenk mit dem einzigartigen Lotus &amp; Lillypad-Armband. Dieses florale Schmuckst\u00fcck aus 22 Karat Gold f\u00e4ngt die Essenz der Natur ein.","robots":{"index":"index","follow":"follow","max-snippet":"max-snippet:-1","max-image-preview":"max-image-preview:large","max-video-preview":"max-video-preview:-1"},"canonical":"https:\/\/www.purejewels.com\/de\/produkt-2\/lotusblute-lillypad-diamant-armband-49054\/","og_locale":"de_DE","og_type":"article","og_title":"22ct Gold Lotus & Lillypad Bracelet | Lotus Collection","og_description":"Adorn your wrist with the unique Lotus & Lillypad Bracelet. This floral jewellery piece in 22ct gold captures the essence of nature.","og_url":"https:\/\/www.purejewels.com\/de\/produkt-2\/lotusblute-lillypad-diamant-armband-49054\/","og_site_name":"PureJewels UK","article_modified_time":"2026-02-09T10:15:50+00:00","og_image":[{"width":576,"height":576,"url":"https:\/\/static.purejewels.com\/wp-content\/uploads\/2024\/03\/49054-CG-retouch-576x576.png","type":"image\/png"}],"twitter_card":"summary_large_image","twitter_misc":{"Gesch\u00e4tzte Lesezeit":"2\u00a0Minuten"},"schema":{"@context":"https:\/\/schema.org","@graph":[{"@type":["WebPage","ItemPage"],"@id":"https:\/\/www.purejewels.com\/product\/lotus-bloom-lillypad-diamond-bracelet-49054\/","url":"https:\/\/www.purejewels.com\/product\/lotus-bloom-lillypad-diamond-bracelet-49054\/","name":"22ct Gold Lotus &amp; Lillypad Armband | Lotus Kollektion","isPartOf":{"@id":"https:\/\/www.purejewels.com\/#website"},"primaryImageOfPage":{"@id":"https:\/\/www.purejewels.com\/product\/lotus-bloom-lillypad-diamond-bracelet-49054\/#primaryimage"},"image":{"@id":"https:\/\/www.purejewels.com\/product\/lotus-bloom-lillypad-diamond-bracelet-49054\/#primaryimage"},"thumbnailUrl":"https:\/\/static.purejewels.com\/wp-content\/uploads\/2024\/03\/49054-CG-retouch.png","datePublished":"2025-05-21T09:35:14+00:00","dateModified":"2026-02-09T10:15:50+00:00","description":"Schm\u00fccken Sie Ihr Handgelenk mit dem einzigartigen Lotus &amp; Lillypad-Armband. Dieses florale Schmuckst\u00fcck aus 22 Karat Gold f\u00e4ngt die Essenz der Natur ein.","breadcrumb":{"@id":"https:\/\/www.purejewels.com\/product\/lotus-bloom-lillypad-diamond-bracelet-49054\/#breadcrumb"},"inLanguage":"de","potentialAction":[{"@type":"ReadAction","target":["https:\/\/www.purejewels.com\/product\/lotus-bloom-lillypad-diamond-bracelet-49054\/"]}]},{"@type":"ImageObject","inLanguage":"de","@id":"https:\/\/www.purejewels.com\/product\/lotus-bloom-lillypad-diamond-bracelet-49054\/#primaryimage","url":"https:\/\/static.purejewels.com\/wp-content\/uploads\/2024\/03\/49054-CG-retouch.png","contentUrl":"https:\/\/static.purejewels.com\/wp-content\/uploads\/2024\/03\/49054-CG-retouch.png","width":3890,"height":3890,"caption":"Bloom Lilypad Bracelet"},{"@type":"BreadcrumbList","@id":"https:\/\/www.purejewels.com\/product\/lotus-bloom-lillypad-diamond-bracelet-49054\/#breadcrumb","itemListElement":[{"@type":"ListItem","position":1,"name":"Home","item":"https:\/\/www.purejewels.com\/"},{"@type":"ListItem","position":2,"name":"Shop","item":"https:\/\/www.purejewels.com\/shop\/"},{"@type":"ListItem","position":3,"name":"Bloom and Lilypad Bracelet"}]},{"@type":"WebSite","@id":"https:\/\/www.purejewels.com\/#website","url":"https:\/\/www.purejewels.com\/","name":"PureJewels UK","description":"Teile die Liebe","publisher":{"@id":"https:\/\/www.purejewels.com\/#organization"},"potentialAction":[{"@type":"SearchAction","target":{"@type":"EntryPoint","urlTemplate":"https:\/\/www.purejewels.com\/?s={search_term_string}"},"query-input":{"@type":"PropertyValueSpecification","valueRequired":true,"valueName":"search_term_string"}}],"inLanguage":"de"},{"@type":"Organization","@id":"https:\/\/www.purejewels.com\/#organization","name":"PureJewels UK","url":"https:\/\/www.purejewels.com\/","logo":{"@type":"ImageObject","inLanguage":"de","@id":"https:\/\/www.purejewels.com\/#\/schema\/logo\/image\/","url":"https:\/\/static.purejewels.com\/wp-content\/uploads\/2020\/11\/Logo-PJ-New-1.png","contentUrl":"https:\/\/static.purejewels.com\/wp-content\/uploads\/2020\/11\/Logo-PJ-New-1.png","width":150,"height":80,"caption":"PureJewels UK"},"image":{"@id":"https:\/\/www.purejewels.com\/#\/schema\/logo\/image\/"}}]}},"_links":{"self":[{"href":"https:\/\/www.purejewels.com\/de\/wp-json\/wp\/v2\/product\/389770","targetHints":{"allow":["GET"]}}],"collection":[{"href":"https:\/\/www.purejewels.com\/de\/wp-json\/wp\/v2\/product"}],"about":[{"href":"https:\/\/www.purejewels.com\/de\/wp-json\/wp\/v2\/types\/product"}],"replies":[{"embeddable":true,"href":"https:\/\/www.purejewels.com\/de\/wp-json\/wp\/v2\/comments?post=389770"}],"version-history":[{"count":4,"href":"https:\/\/www.purejewels.com\/de\/wp-json\/wp\/v2\/product\/389770\/revisions"}],"predecessor-version":[{"id":411330,"href":"https:\/\/www.purejewels.com\/de\/wp-json\/wp\/v2\/product\/389770\/revisions\/411330"}],"wp:featuredmedia":[{"embeddable":true,"href":"https:\/\/www.purejewels.com\/de\/wp-json\/wp\/v2\/media\/392209"}],"wp:attachment":[{"href":"https:\/\/www.purejewels.com\/de\/wp-json\/wp\/v2\/media?parent=389770"}],"wp:term":[{"taxonomy":"product_brand","embeddable":true,"href":"https:\/\/www.purejewels.com\/de\/wp-json\/wp\/v2\/product_brand?post=389770"},{"taxonomy":"product_cat","embeddable":true,"href":"https:\/\/www.purejewels.com\/de\/wp-json\/wp\/v2\/product_cat?post=389770"},{"taxonomy":"product_tag","embeddable":true,"href":"https:\/\/www.purejewels.com\/de\/wp-json\/wp\/v2\/product_tag?post=389770"}],"curies":[{"name":"wp","href":"https:\/\/api.w.org\/{rel}","templated":true}]}}