{"id":389776,"date":"2025-03-24T10:51:20","date_gmt":"2025-03-24T10:51:20","guid":{"rendered":"https:\/\/www.purejewels.com\/?post_type=product&#038;p=389776"},"modified":"2026-02-09T10:25:41","modified_gmt":"2026-02-09T10:25:41","slug":"blute-lilypad-diamant-halskette-50205","status":"publish","type":"product","link":"https:\/\/www.purejewels.com\/de\/product\/bloom-lilypad-diamond-necklace-50205\/","title":{"rendered":"Bloom Lilypad Halskette"},"content":{"rendered":"<p class=\"\" data-start=\"146\" data-end=\"1040\"><strong data-start=\"146\" data-end=\"174\">1. Inspiration und Geschichte<\/strong><br data-start=\"174\" data-end=\"177\" \/>Die Bloom Lilypad Halskette ist eine strahlende Hommage an die bl\u00fchende Liebe - ein Fest der St\u00e4rke, der Anmut und der stillen Kraft des emotionalen Wachstums. Inspiriert von der Lotusblume, die sich aus dem stillen Wasser erhebt, um ihre volle Sch\u00f6nheit zu offenbaren, ehrt diese Halskette die Reise einer Beziehung, die durch Zeit und Zweisamkeit erbl\u00fcht ist. Jedes Glitzern des Goldes und jedes Funkeln des Diamanten spiegelt die Tiefe, die Widerstandsf\u00e4higkeit und die Freude der sich entfaltenden Liebesgeschichte wider. Als Teil unserer Lotus-Kollektion f\u00e4ngt die Bloom Lilypad-Halskette den Moment ein, in dem sich die Liebe sowohl verwurzelt als auch pr\u00e4chtig anf\u00fchlt - offen, vollst\u00e4ndig und leuchtend.<br data-start=\"791\" data-end=\"794\" \/>Die Platinmitte ist von einem skulpturalen Lilienblatt umgeben, das in perfekter Harmonie nach au\u00dfen flie\u00dft, wie stilles Wasser, das sanft von neuen Anf\u00e4ngen bewegt wird. Seine sanft geschwungene Form spiegelt die Gelassenheit und Anmut wider, die die strahlendsten Momente der Liebe pr\u00e4gen.<\/p>\n<p class=\"\" data-start=\"1042\" data-end=\"1572\"><strong data-start=\"1042\" data-end=\"1075\">2. Material und handwerkliches K\u00f6nnen<\/strong><br data-start=\"1075\" data-end=\"1078\" \/>Die in London handgefertigte Bloom Lilypad-Halskette aus exklusivem 22-kar\u00e4tigem Sunrise Gold von PureJewels strahlt mit sonnenbeschienener W\u00e4rme und symbolischer Eleganz. In der Mitte befindet sich ein skulpturaler Platin-Halo, der einen brillanten, in Krallen gefassten Diamanten umschlie\u00dft - ein auff\u00e4lliger Farbkontrast, der die Bl\u00fcte in den Mittelpunkt stellt und ihr Glanz verleiht. Die wellenf\u00f6rmigen Bl\u00fctenbl\u00e4tter rund um den Heiligenschein sind so geformt, dass sie das Licht aus jedem Winkel einfangen. Sie werden durch unsere charakteristische Tautropfenfassung veredelt, die an das Glitzern des Morgentaus auf frisch ge\u00f6ffneten Bl\u00fctenbl\u00e4ttern erinnert.<\/p>\n<p class=\"\" data-start=\"1574\" data-end=\"1979\">Der Anh\u00e4nger h\u00e4ngt an einem diamantbesetzten, rankenartigen B\u00fcgel, der asymmetrisch geformt ist, um die Bl\u00fcte zu st\u00fctzen, und geht ganz nat\u00fcrlich in eine brillenbesetzte Diamantkette \u00fcber, die f\u00fcr Eleganz und Gleichgewicht sorgt. Zu den letzten Feinheiten geh\u00f6ren ein Lotusbl\u00fctenverschluss, eine Verl\u00e4ngerungskette und ein Punzierungsanh\u00e4nger in Form einer vom Tau gek\u00fcssten Bl\u00fcte - jedes Detail wurde sorgf\u00e4ltig bedacht, um Sch\u00f6nheit, Bedeutung und Handwerkskunst zu reflektieren.<\/p>\n<p class=\"\" data-start=\"1981\" data-end=\"2410\"><strong data-start=\"1981\" data-end=\"2000\">3. Styling-Tipps<\/strong><br data-start=\"2000\" data-end=\"2003\" \/>Die zarte und doch ausdrucksstarke Bloom Lilypad-Halskette ist ein leuchtendes Herzst\u00fcck f\u00fcr den eleganten Alltag und festliche Momente. Lassen Sie sie solo erstrahlen oder kombinieren Sie sie mit <a href=\"https:\/\/www.purejewels.com\/de\/produkt-2\/diamant-ohrstecker-aus-22-karat-51538\/\">Lotus Halo Ohrstecker<\/a> oder eine <a href=\"https:\/\/www.purejewels.com\/de\/produkt-2\/lotus-halo-ring-50504\/\">Halo-Ring<\/a> f\u00fcr einen koordinierten, symbolischen Look. Ob als Geschenk f\u00fcr einen Meilenstein oder als pers\u00f6nliches Zeichen des Wachstums, diese Kette ist ein strahlender Ausdruck der Liebe in voller Bl\u00fcte - ein bleibender Teil Ihrer Reise.<\/p>","protected":false},"excerpt":{"rendered":"<p>Als strahlendes Symbol der Liebe und Reinheit zelebriert die Bloom Lilypad Halskette die Hingabe durch die ewige Sch\u00f6nheit eines bl\u00fchenden Lotus. Gefertigt aus 22 Karat Sunrise Gold und Platin und verziert mit nat\u00fcrlichen Diamanten, f\u00e4ngt sie die Liebesgeschichte der Natur in Gold ein.<\/p>\n<p><strong>Material:<\/strong> 22ct Sunrise Gold und Platin<br \/>\n<strong>Wahrzeichen:<\/strong> Britisches G\u00fctesiegel<br \/>\n<strong>Zertifizierung:<\/strong>\u00a0GIA-zertifiziert<br \/>\n<strong>Stein:<\/strong> Nat\u00fcrliche Diamanten<br \/>\n<strong>Gewicht der Diamanten: <\/strong>0,51ct (Gesamt)<strong><strong><strong><br \/>\n<\/strong><\/strong><\/strong><strong><strong><strong><strong><strong><strong>Bruttogewicht: <\/strong><\/strong><\/strong><\/strong><\/strong><\/strong>13.10 Gms<strong><strong><strong><strong><strong><br \/>\n<strong>L\u00e4nge: <\/strong><\/strong><\/strong><\/strong><\/strong><\/strong>16 Zoll<br \/>\n<strong>SKU: <\/strong>50205<\/p>\n<p><strong><strong><strong><strong><strong><strong>Preis und Lieferung: <\/strong><\/strong><\/strong><\/strong><\/strong><\/strong>Inklusive Mehrwertsteuer und Lieferkosten<strong><strong><strong><strong><strong><br \/>\n<a href=\"https:\/\/www.purejewels.com\/de\/ruckgabepolitik\/\">R\u00fcckgabepolitik<\/a><\/strong><\/strong><\/strong><\/strong><\/strong><\/p>","protected":false},"featured_media":390741,"comment_status":"closed","ping_status":"closed","template":"","meta":{"_eb_attr":"","_crsspst_to_jayantr4sg-hostcom":false},"product_brand":[],"product_cat":[1791,236,5457,6082,1229,1253,5346,1633,6081,1569,1574],"product_tag":[5963,5974],"class_list":{"0":"post-389776","1":"product","2":"type-product","3":"status-publish","4":"has-post-thumbnail","6":"product_cat-anniversary-gifts","7":"product_cat-collections","8":"product_cat-diamond-jewellery","9":"product_cat-diamond-necklace","10":"product_cat-22ct-gold-jewellery","11":"product_cat-gold-necklaces","12":"product_cat-gold-pendant-necklace","13":"product_cat-lotus-collections","14":"product_cat-sunrise-gold","15":"product_cat-valentine-day-gifts","16":"product_cat-womens-jewellery","17":"product_tag-diamond","18":"product_tag-necklace","20":"first","21":"onbackorder","22":"taxable","23":"shipping-taxable","24":"purchasable","25":"product-type-simple","26":"add-to-wishlist-before_image"},"yoast_head":"<!-- This site is optimized with the Yoast SEO plugin v27.5 - https:\/\/yoast.com\/product\/yoast-seo-wordpress\/ -->\n<title>Bloom Lilypad Necklace in 22ct Gold with Natural Diamonds<\/title>\n<meta name=\"description\" content=\"Celebrate love with the Bloom Lilypad Necklace, crafted in 22ct Sunrise Gold and adorned with natural diamonds\u2014a radiant symbol of devotion and beauty.\" \/>\n<meta name=\"robots\" content=\"index, follow, max-snippet:-1, max-image-preview:large, max-video-preview:-1\" \/>\n<link rel=\"canonical\" href=\"https:\/\/www.purejewels.com\/de\/produkt-2\/blute-lilypad-diamant-halskette-50205\/\" \/>\n<meta property=\"og:locale\" content=\"de_DE\" \/>\n<meta property=\"og:type\" content=\"article\" \/>\n<meta property=\"og:title\" content=\"Bloom Lilypad Necklace in 22ct Gold with Natural Diamonds\" \/>\n<meta property=\"og:description\" content=\"Celebrate love with the Bloom Lilypad Necklace, crafted in 22ct Sunrise Gold and adorned with natural diamonds\u2014a radiant symbol of devotion and beauty.\" \/>\n<meta property=\"og:url\" content=\"https:\/\/www.purejewels.com\/de\/produkt-2\/blute-lilypad-diamant-halskette-50205\/\" \/>\n<meta property=\"og:site_name\" content=\"PureJewels UK\" \/>\n<meta property=\"article:modified_time\" content=\"2026-02-09T10:25:41+00:00\" \/>\n<meta property=\"og:image\" content=\"https:\/\/static.purejewels.com\/wp-content\/uploads\/2025\/03\/50205-1.png\" \/>\n\t<meta property=\"og:image:width\" content=\"1000\" \/>\n\t<meta property=\"og:image:height\" content=\"1000\" \/>\n\t<meta property=\"og:image:type\" content=\"image\/png\" \/>\n<meta name=\"twitter:card\" content=\"summary_large_image\" \/>\n<meta name=\"twitter:label1\" content=\"Gesch\u00e4tzte Lesezeit\" \/>\n\t<meta name=\"twitter:data1\" content=\"2\u00a0Minuten\" \/>\n<script type=\"application\/ld+json\" class=\"yoast-schema-graph\">{\"@context\":\"https:\\\/\\\/schema.org\",\"@graph\":[{\"@type\":[\"WebPage\",\"ItemPage\"],\"@id\":\"https:\\\/\\\/www.purejewels.com\\\/product\\\/bloom-lilypad-diamond-necklace-50205\\\/\",\"url\":\"https:\\\/\\\/www.purejewels.com\\\/product\\\/bloom-lilypad-diamond-necklace-50205\\\/\",\"name\":\"Bloom Lilypad Necklace in 22ct Gold with Natural Diamonds\",\"isPartOf\":{\"@id\":\"https:\\\/\\\/www.purejewels.com\\\/#website\"},\"primaryImageOfPage\":{\"@id\":\"https:\\\/\\\/www.purejewels.com\\\/product\\\/bloom-lilypad-diamond-necklace-50205\\\/#primaryimage\"},\"image\":{\"@id\":\"https:\\\/\\\/www.purejewels.com\\\/product\\\/bloom-lilypad-diamond-necklace-50205\\\/#primaryimage\"},\"thumbnailUrl\":\"https:\\\/\\\/static.purejewels.com\\\/wp-content\\\/uploads\\\/2025\\\/03\\\/50205-1.png\",\"datePublished\":\"2025-03-24T10:51:20+00:00\",\"dateModified\":\"2026-02-09T10:25:41+00:00\",\"description\":\"Celebrate love with the Bloom Lilypad Necklace, crafted in 22ct Sunrise Gold and adorned with natural diamonds\u2014a radiant symbol of devotion and beauty.\",\"breadcrumb\":{\"@id\":\"https:\\\/\\\/www.purejewels.com\\\/product\\\/bloom-lilypad-diamond-necklace-50205\\\/#breadcrumb\"},\"inLanguage\":\"de\",\"potentialAction\":[{\"@type\":\"ReadAction\",\"target\":[\"https:\\\/\\\/www.purejewels.com\\\/product\\\/bloom-lilypad-diamond-necklace-50205\\\/\"]}]},{\"@type\":\"ImageObject\",\"inLanguage\":\"de\",\"@id\":\"https:\\\/\\\/www.purejewels.com\\\/product\\\/bloom-lilypad-diamond-necklace-50205\\\/#primaryimage\",\"url\":\"https:\\\/\\\/static.purejewels.com\\\/wp-content\\\/uploads\\\/2025\\\/03\\\/50205-1.png\",\"contentUrl\":\"https:\\\/\\\/static.purejewels.com\\\/wp-content\\\/uploads\\\/2025\\\/03\\\/50205-1.png\",\"width\":1000,\"height\":1000},{\"@type\":\"BreadcrumbList\",\"@id\":\"https:\\\/\\\/www.purejewels.com\\\/product\\\/bloom-lilypad-diamond-necklace-50205\\\/#breadcrumb\",\"itemListElement\":[{\"@type\":\"ListItem\",\"position\":1,\"name\":\"Home\",\"item\":\"https:\\\/\\\/www.purejewels.com\\\/\"},{\"@type\":\"ListItem\",\"position\":2,\"name\":\"Shop\",\"item\":\"https:\\\/\\\/www.purejewels.com\\\/shop\\\/\"},{\"@type\":\"ListItem\",\"position\":3,\"name\":\"Bloom Lilypad Necklace\"}]},{\"@type\":\"WebSite\",\"@id\":\"https:\\\/\\\/www.purejewels.com\\\/#website\",\"url\":\"https:\\\/\\\/www.purejewels.com\\\/\",\"name\":\"PureJewels UK\",\"description\":\"Share the Love\",\"publisher\":{\"@id\":\"https:\\\/\\\/www.purejewels.com\\\/#organization\"},\"potentialAction\":[{\"@type\":\"SearchAction\",\"target\":{\"@type\":\"EntryPoint\",\"urlTemplate\":\"https:\\\/\\\/www.purejewels.com\\\/?s={search_term_string}\"},\"query-input\":{\"@type\":\"PropertyValueSpecification\",\"valueRequired\":true,\"valueName\":\"search_term_string\"}}],\"inLanguage\":\"de\"},{\"@type\":\"Organization\",\"@id\":\"https:\\\/\\\/www.purejewels.com\\\/#organization\",\"name\":\"PureJewels UK\",\"url\":\"https:\\\/\\\/www.purejewels.com\\\/\",\"logo\":{\"@type\":\"ImageObject\",\"inLanguage\":\"de\",\"@id\":\"https:\\\/\\\/www.purejewels.com\\\/#\\\/schema\\\/logo\\\/image\\\/\",\"url\":\"https:\\\/\\\/static.purejewels.com\\\/wp-content\\\/uploads\\\/2020\\\/11\\\/Logo-PJ-New-1.png\",\"contentUrl\":\"https:\\\/\\\/static.purejewels.com\\\/wp-content\\\/uploads\\\/2020\\\/11\\\/Logo-PJ-New-1.png\",\"width\":150,\"height\":80,\"caption\":\"PureJewels UK\"},\"image\":{\"@id\":\"https:\\\/\\\/www.purejewels.com\\\/#\\\/schema\\\/logo\\\/image\\\/\"}}]}<\/script>\n<!-- \/ Yoast SEO plugin. -->","yoast_head_json":{"title":"Bloom Lilypad Halskette aus 22 Karat Gold mit nat\u00fcrlichen Diamanten","description":"Feiern Sie die Liebe mit der Bloom Lilypad-Halskette aus 22 Karat Sunrise Gold, die mit nat\u00fcrlichen Diamanten besetzt ist - ein strahlendes Symbol f\u00fcr Hingabe und Sch\u00f6nheit.","robots":{"index":"index","follow":"follow","max-snippet":"max-snippet:-1","max-image-preview":"max-image-preview:large","max-video-preview":"max-video-preview:-1"},"canonical":"https:\/\/www.purejewels.com\/de\/produkt-2\/blute-lilypad-diamant-halskette-50205\/","og_locale":"de_DE","og_type":"article","og_title":"Bloom Lilypad Necklace in 22ct Gold with Natural Diamonds","og_description":"Celebrate love with the Bloom Lilypad Necklace, crafted in 22ct Sunrise Gold and adorned with natural diamonds\u2014a radiant symbol of devotion and beauty.","og_url":"https:\/\/www.purejewels.com\/de\/produkt-2\/blute-lilypad-diamant-halskette-50205\/","og_site_name":"PureJewels UK","article_modified_time":"2026-02-09T10:25:41+00:00","og_image":[{"width":1000,"height":1000,"url":"https:\/\/static.purejewels.com\/wp-content\/uploads\/2025\/03\/50205-1.png","type":"image\/png"}],"twitter_card":"summary_large_image","twitter_misc":{"Gesch\u00e4tzte Lesezeit":"2\u00a0Minuten"},"schema":{"@context":"https:\/\/schema.org","@graph":[{"@type":["WebPage","ItemPage"],"@id":"https:\/\/www.purejewels.com\/product\/bloom-lilypad-diamond-necklace-50205\/","url":"https:\/\/www.purejewels.com\/product\/bloom-lilypad-diamond-necklace-50205\/","name":"Bloom Lilypad Halskette aus 22 Karat Gold mit nat\u00fcrlichen Diamanten","isPartOf":{"@id":"https:\/\/www.purejewels.com\/#website"},"primaryImageOfPage":{"@id":"https:\/\/www.purejewels.com\/product\/bloom-lilypad-diamond-necklace-50205\/#primaryimage"},"image":{"@id":"https:\/\/www.purejewels.com\/product\/bloom-lilypad-diamond-necklace-50205\/#primaryimage"},"thumbnailUrl":"https:\/\/static.purejewels.com\/wp-content\/uploads\/2025\/03\/50205-1.png","datePublished":"2025-03-24T10:51:20+00:00","dateModified":"2026-02-09T10:25:41+00:00","description":"Feiern Sie die Liebe mit der Bloom Lilypad-Halskette aus 22 Karat Sunrise Gold, die mit nat\u00fcrlichen Diamanten besetzt ist - ein strahlendes Symbol f\u00fcr Hingabe und Sch\u00f6nheit.","breadcrumb":{"@id":"https:\/\/www.purejewels.com\/product\/bloom-lilypad-diamond-necklace-50205\/#breadcrumb"},"inLanguage":"de","potentialAction":[{"@type":"ReadAction","target":["https:\/\/www.purejewels.com\/product\/bloom-lilypad-diamond-necklace-50205\/"]}]},{"@type":"ImageObject","inLanguage":"de","@id":"https:\/\/www.purejewels.com\/product\/bloom-lilypad-diamond-necklace-50205\/#primaryimage","url":"https:\/\/static.purejewels.com\/wp-content\/uploads\/2025\/03\/50205-1.png","contentUrl":"https:\/\/static.purejewels.com\/wp-content\/uploads\/2025\/03\/50205-1.png","width":1000,"height":1000},{"@type":"BreadcrumbList","@id":"https:\/\/www.purejewels.com\/product\/bloom-lilypad-diamond-necklace-50205\/#breadcrumb","itemListElement":[{"@type":"ListItem","position":1,"name":"Home","item":"https:\/\/www.purejewels.com\/"},{"@type":"ListItem","position":2,"name":"Shop","item":"https:\/\/www.purejewels.com\/shop\/"},{"@type":"ListItem","position":3,"name":"Bloom Lilypad Necklace"}]},{"@type":"WebSite","@id":"https:\/\/www.purejewels.com\/#website","url":"https:\/\/www.purejewels.com\/","name":"PureJewels UK","description":"Teile die Liebe","publisher":{"@id":"https:\/\/www.purejewels.com\/#organization"},"potentialAction":[{"@type":"SearchAction","target":{"@type":"EntryPoint","urlTemplate":"https:\/\/www.purejewels.com\/?s={search_term_string}"},"query-input":{"@type":"PropertyValueSpecification","valueRequired":true,"valueName":"search_term_string"}}],"inLanguage":"de"},{"@type":"Organization","@id":"https:\/\/www.purejewels.com\/#organization","name":"PureJewels UK","url":"https:\/\/www.purejewels.com\/","logo":{"@type":"ImageObject","inLanguage":"de","@id":"https:\/\/www.purejewels.com\/#\/schema\/logo\/image\/","url":"https:\/\/static.purejewels.com\/wp-content\/uploads\/2020\/11\/Logo-PJ-New-1.png","contentUrl":"https:\/\/static.purejewels.com\/wp-content\/uploads\/2020\/11\/Logo-PJ-New-1.png","width":150,"height":80,"caption":"PureJewels UK"},"image":{"@id":"https:\/\/www.purejewels.com\/#\/schema\/logo\/image\/"}}]}},"_links":{"self":[{"href":"https:\/\/www.purejewels.com\/de\/wp-json\/wp\/v2\/product\/389776","targetHints":{"allow":["GET"]}}],"collection":[{"href":"https:\/\/www.purejewels.com\/de\/wp-json\/wp\/v2\/product"}],"about":[{"href":"https:\/\/www.purejewels.com\/de\/wp-json\/wp\/v2\/types\/product"}],"replies":[{"embeddable":true,"href":"https:\/\/www.purejewels.com\/de\/wp-json\/wp\/v2\/comments?post=389776"}],"version-history":[{"count":6,"href":"https:\/\/www.purejewels.com\/de\/wp-json\/wp\/v2\/product\/389776\/revisions"}],"predecessor-version":[{"id":417088,"href":"https:\/\/www.purejewels.com\/de\/wp-json\/wp\/v2\/product\/389776\/revisions\/417088"}],"wp:featuredmedia":[{"embeddable":true,"href":"https:\/\/www.purejewels.com\/de\/wp-json\/wp\/v2\/media\/390741"}],"wp:attachment":[{"href":"https:\/\/www.purejewels.com\/de\/wp-json\/wp\/v2\/media?parent=389776"}],"wp:term":[{"taxonomy":"product_brand","embeddable":true,"href":"https:\/\/www.purejewels.com\/de\/wp-json\/wp\/v2\/product_brand?post=389776"},{"taxonomy":"product_cat","embeddable":true,"href":"https:\/\/www.purejewels.com\/de\/wp-json\/wp\/v2\/product_cat?post=389776"},{"taxonomy":"product_tag","embeddable":true,"href":"https:\/\/www.purejewels.com\/de\/wp-json\/wp\/v2\/product_tag?post=389776"}],"curies":[{"name":"wp","href":"https:\/\/api.w.org\/{rel}","templated":true}]}}