{"id":389821,"date":"2025-05-15T12:27:10","date_gmt":"2025-05-15T11:27:10","guid":{"rendered":"https:\/\/www.purejewels.com\/?post_type=product&#038;p=389821"},"modified":"2026-02-24T09:01:08","modified_gmt":"2026-02-24T09:01:08","slug":"solitar-diamant-verlobungsring-in-22ct-50942","status":"publish","type":"product","link":"https:\/\/www.purejewels.com\/de\/product\/solitaire-diamond-engagement-ring-in-22ct-50942\/","title":{"rendered":"Knospe Verlobungsring 0,40ct"},"content":{"rendered":"<p><strong>1. Inspiration und Geschichte<\/strong><\/p>\n<p>Der Blossom Lotus Ring ist ein poetisches Symbol f\u00fcr die Entwicklung der Liebe - vom ersten Funken bis zu einer tiefen, dauerhaften Bindung. Inspiriert von der <strong>Lotosblume, die aus dem stillen Wasser aufsteigt<\/strong> Dieser Verlobungsring spiegelt die St\u00e4rke einer Beziehung wider, die in voller Pracht erbl\u00fchen soll. Sein Herzst\u00fcck ist die Geschichte des Wachstums - Zusammengeh\u00f6rigkeit durch<strong> die Schatten und das Licht des Lebens<\/strong>. Als Herzst\u00fcck unserer Lotus-Kollektion markiert dieses charakteristische Design einen Moment, in dem die Liebe nicht nur bl\u00fcht, sondern auch Wurzeln schl\u00e4gt, strahlt und gedeiht. Es ehrt die Reise der <strong>zwei Seelen, die zu einer einzigen erbl\u00fchen<\/strong>.<\/p>\n<p><strong>2. Material und handwerkliches K\u00f6nnen<\/strong><\/p>\n<p>Handgefertigt in London in PureJewels' exklusiver <strong>22ct Sonnenaufgang Gold<\/strong>Der Blossom Lotus Ring ist ein Fest der raffinierten Schlichtheit und des symbolischen Details. In seiner Mitte befindet sich ein einzelner Brillantschliff <strong>Diamant bl\u00fcht im Solit\u00e4r<\/strong> - anmutig gehalten von <strong>schlanke Ranken<\/strong> die sich unter ihm erheben und an die nat\u00fcrliche Kurve eines Lotusst\u00e4ngels erinnern. Im Inneren des Bandes bildet ein geformtes Seerosenblatt die ruhige Grundlage des Designs und st\u00fctzt den bl\u00fchenden Diamanten dar\u00fcber. Die Galerie unter dem Stein offenbart eine zarte <strong>Arabeske aus sich entfaltenden Bl\u00fctenbl\u00e4ttern<\/strong> - eine versteckte Bl\u00fcte, die die Sch\u00f6nheit der sich von innen heraus \u00f6ffnenden Liebe widerspiegelt. Von Meisterjuwelieren mit Bedacht gefertigt, h\u00e4lt jedes Element die Balance zwischen Eleganz und Bedeutung und erweckt den Geist des Lotus in einer subtilen, zeitlosen Form zum Leben.<\/p>\n<p><strong>3. Styling-Tipps<\/strong><\/p>\n<p>Dieser Verlobungsring ist ein dauerhafter Ausdruck der Liebe und passt wunderbar zu unseren <a href=\"https:\/\/www.purejewels.com\/de\/produkt-2\/lotos-rankenband-48134\/\">Ring der Lotusranke<\/a> oder steht als k\u00fchnes, aber anmutiges Statement f\u00fcr sich allein. Seine klassische Silhouette macht ihn ideal f\u00fcr Heiratsantr\u00e4ge, Jubil\u00e4en oder Gel\u00fcbdeerneuerungen. Tragen Sie sie mit dezenten goldenen Ohrsteckern oder einem passenden <a href=\"https:\/\/www.purejewels.com\/de\/produkt-2\/blute-lotus-diamant-halskette-50507\/\">Lotus-Anh\u00e4nger<\/a> f\u00fcr einen koordinierten Brautlook - oder lassen Sie seine skulpturale Sch\u00f6nheit als allt\u00e4gliches Emblem der Liebe, St\u00e4rke und des gemeinsamen Wachstums erstrahlen.<\/p>","protected":false},"excerpt":{"rendered":"<p class=\"\" data-start=\"0\" data-end=\"289\">Eine wahre Verk\u00f6rperung von Eleganz und Kunstfertigkeit, das <strong data-start=\"48\" data-end=\"70\">Knospe Lotus Ring<\/strong> ist ein Meisterwerk der Handwerkskunst. Sein Herzst\u00fcck, ein pr\u00e4chtiges <strong data-start=\"139\" data-end=\"165\">Naturdiamant<\/strong> ist anmutig in einem sorgf\u00e4ltig geformten Geh\u00e4use untergebracht. <strong data-start=\"219\" data-end=\"235\">Krallenstellung<\/strong>Sie symbolisiert Liebe, Wachstum und eine ewige Verbindung.<\/p>\n<p class=\"\" data-start=\"291\" data-end=\"500\">Dieser exquisite Verlobungsring ist individuell gestaltbar. Sie k\u00f6nnen Ihr bevorzugtes Karatgewicht, Schulterpav\u00e9-Diamanten und Metall ausw\u00e4hlen, um ein Schmuckst\u00fcck zu schaffen, das so einzigartig ist wie Ihre Liebesgeschichte. <a href=\"https:\/\/www.purejewels.com\/de\/kontakt\/\">Kontakt aufnehmen <\/a>um den perfekten Lotus-Verlobungsring f\u00fcr Sie zu bestellen<\/p>\n<p><strong>Material:<\/strong> 22ct Sonnenaufgang Gold<br \/>\n<strong><strong>Wahrzeichen: <\/strong><\/strong>Britisches G\u00fctesiegel<strong><strong><br \/>\n<\/strong><\/strong><strong><strong>Stein: <\/strong><\/strong>Nat\u00fcrlicher Diamant im Brillantschliff<strong><strong><br \/>\n<\/strong><\/strong><strong><strong><b>Zertifizierung: <\/b><\/strong><\/strong>GIA-zertifiziert<strong><strong><br \/>\n<strong>Gewicht der Diamanten: <\/strong><\/strong><\/strong>0,40ct<br \/>\n<b>Diamant-Reinheit: <\/b>IF - Internally Flawless<br \/>\n<strong>Farbskala: <\/strong>Q bis R Bereich<strong><br \/>\nRinggr\u00f6\u00dfe: <\/strong>M(Andere Gr\u00f6\u00dfen auf Anfrage erh\u00e4ltlich)<br \/>\n<strong>SKU: <\/strong>50942<br \/>\n<strong>Preis und Lieferung:<\/strong>\u00a0Inklusive Mehrwertsteuer und Lieferkosten<br \/>\n<strong>Garantie:<\/strong>\u00a0kostenloser Valet-Service und Schwachstellenkontrollen<br \/>\n<strong>Anmerkung:\u00a0<\/strong>Dieser Ring ist in allen Fingergr\u00f6\u00dfen erh\u00e4ltlich. Bitte\u00a0<strong id=\"btn_TawkLink\">sich melden\u00a0<\/strong>um die perfekte Passform f\u00fcr Sie zu bestellen.<\/p>\n<p><strong><strong><strong><strong><strong><strong><strong><strong><strong><strong><a href=\"https:\/\/www.purejewels.com\/de\/ruckgabepolitik\/\">R\u00fcckgabepolitik<\/a><\/strong><\/strong><\/strong><\/strong><\/strong><\/strong><\/strong><\/strong><\/strong><\/strong><\/p>","protected":false},"featured_media":390570,"comment_status":"closed","ping_status":"closed","template":"","meta":{"_eb_attr":"","_crsspst_to_jayantr4sg-hostcom":false},"product_brand":[],"product_cat":[1791,5457,5460,1796,231,1235,1633,6050,6042,1569,226,1574],"product_tag":[5963,5941,5962],"class_list":{"0":"post-389821","1":"product","2":"type-product","3":"status-publish","4":"has-post-thumbnail","6":"product_cat-anniversary-gifts","7":"product_cat-diamond-jewellery","8":"product_cat-diamond-ring","9":"product_cat-diamond-rings","10":"product_cat-engagement-rings","11":"product_cat-gold-rings","12":"product_cat-lotus-collections","13":"product_cat-lotus-ring","14":"product_cat-solitaire-ring","15":"product_cat-valentine-day-gifts","16":"product_cat-wedding-rings-bands","17":"product_cat-womens-jewellery","18":"product_tag-diamond","19":"product_tag-ring","20":"product_tag-solitaire","22":"first","23":"instock","24":"taxable","25":"shipping-taxable","26":"purchasable","27":"product-type-simple","28":"add-to-wishlist-before_image"},"yoast_head":"<!-- This site is optimized with the Yoast SEO plugin v27.5 - https:\/\/yoast.com\/product\/yoast-seo-wordpress\/ -->\n<title>22ct Gold Engagement Ring | Solitaire | PureJewels UK<\/title>\n<meta name=\"description\" content=\"PureJewels UK offers the Lotus Engagement Ring, a testament to our commitment to unique and high-quality jewellery. Explore our collection.\" \/>\n<meta name=\"robots\" content=\"index, follow, max-snippet:-1, max-image-preview:large, max-video-preview:-1\" \/>\n<link rel=\"canonical\" href=\"https:\/\/www.purejewels.com\/de\/produkt-2\/solitar-diamant-verlobungsring-in-22ct-50942\/\" \/>\n<meta property=\"og:locale\" content=\"de_DE\" \/>\n<meta property=\"og:type\" content=\"article\" \/>\n<meta property=\"og:title\" content=\"22ct Gold Engagement Ring | Solitaire | PureJewels UK\" \/>\n<meta property=\"og:description\" content=\"PureJewels UK offers the Lotus Engagement Ring, a testament to our commitment to unique and high-quality jewellery. Explore our collection.\" \/>\n<meta property=\"og:url\" content=\"https:\/\/www.purejewels.com\/de\/produkt-2\/solitar-diamant-verlobungsring-in-22ct-50942\/\" \/>\n<meta property=\"og:site_name\" content=\"PureJewels UK\" \/>\n<meta property=\"article:modified_time\" content=\"2026-02-24T09:01:08+00:00\" \/>\n<meta property=\"og:image\" content=\"https:\/\/static.purejewels.com\/wp-content\/uploads\/2024\/01\/50942-1.png\" \/>\n\t<meta property=\"og:image:width\" content=\"1000\" \/>\n\t<meta property=\"og:image:height\" content=\"1000\" \/>\n\t<meta property=\"og:image:type\" content=\"image\/png\" \/>\n<meta name=\"twitter:card\" content=\"summary_large_image\" \/>\n<meta name=\"twitter:label1\" content=\"Gesch\u00e4tzte Lesezeit\" \/>\n\t<meta name=\"twitter:data1\" content=\"2\u00a0Minuten\" \/>\n<script type=\"application\/ld+json\" class=\"yoast-schema-graph\">{\"@context\":\"https:\\\/\\\/schema.org\",\"@graph\":[{\"@type\":[\"WebPage\",\"ItemPage\"],\"@id\":\"https:\\\/\\\/www.purejewels.com\\\/product\\\/solitaire-diamond-engagement-ring-in-22ct-50942\\\/\",\"url\":\"https:\\\/\\\/www.purejewels.com\\\/product\\\/solitaire-diamond-engagement-ring-in-22ct-50942\\\/\",\"name\":\"22ct Gold Engagement Ring | Solitaire | PureJewels UK\",\"isPartOf\":{\"@id\":\"https:\\\/\\\/www.purejewels.com\\\/#website\"},\"primaryImageOfPage\":{\"@id\":\"https:\\\/\\\/www.purejewels.com\\\/product\\\/solitaire-diamond-engagement-ring-in-22ct-50942\\\/#primaryimage\"},\"image\":{\"@id\":\"https:\\\/\\\/www.purejewels.com\\\/product\\\/solitaire-diamond-engagement-ring-in-22ct-50942\\\/#primaryimage\"},\"thumbnailUrl\":\"https:\\\/\\\/static.purejewels.com\\\/wp-content\\\/uploads\\\/2024\\\/01\\\/50942-1.png\",\"datePublished\":\"2025-05-15T11:27:10+00:00\",\"dateModified\":\"2026-02-24T09:01:08+00:00\",\"description\":\"PureJewels UK offers the Lotus Engagement Ring, a testament to our commitment to unique and high-quality jewellery. Explore our collection.\",\"breadcrumb\":{\"@id\":\"https:\\\/\\\/www.purejewels.com\\\/product\\\/solitaire-diamond-engagement-ring-in-22ct-50942\\\/#breadcrumb\"},\"inLanguage\":\"de\",\"potentialAction\":[{\"@type\":\"ReadAction\",\"target\":[\"https:\\\/\\\/www.purejewels.com\\\/product\\\/solitaire-diamond-engagement-ring-in-22ct-50942\\\/\"]}]},{\"@type\":\"ImageObject\",\"inLanguage\":\"de\",\"@id\":\"https:\\\/\\\/www.purejewels.com\\\/product\\\/solitaire-diamond-engagement-ring-in-22ct-50942\\\/#primaryimage\",\"url\":\"https:\\\/\\\/static.purejewels.com\\\/wp-content\\\/uploads\\\/2024\\\/01\\\/50942-1.png\",\"contentUrl\":\"https:\\\/\\\/static.purejewels.com\\\/wp-content\\\/uploads\\\/2024\\\/01\\\/50942-1.png\",\"width\":1000,\"height\":1000},{\"@type\":\"BreadcrumbList\",\"@id\":\"https:\\\/\\\/www.purejewels.com\\\/product\\\/solitaire-diamond-engagement-ring-in-22ct-50942\\\/#breadcrumb\",\"itemListElement\":[{\"@type\":\"ListItem\",\"position\":1,\"name\":\"Home\",\"item\":\"https:\\\/\\\/www.purejewels.com\\\/\"},{\"@type\":\"ListItem\",\"position\":2,\"name\":\"Shop\",\"item\":\"https:\\\/\\\/www.purejewels.com\\\/shop\\\/\"},{\"@type\":\"ListItem\",\"position\":3,\"name\":\"Bud Engagement Ring 0.40ct\"}]},{\"@type\":\"WebSite\",\"@id\":\"https:\\\/\\\/www.purejewels.com\\\/#website\",\"url\":\"https:\\\/\\\/www.purejewels.com\\\/\",\"name\":\"PureJewels UK\",\"description\":\"Share the Love\",\"publisher\":{\"@id\":\"https:\\\/\\\/www.purejewels.com\\\/#organization\"},\"potentialAction\":[{\"@type\":\"SearchAction\",\"target\":{\"@type\":\"EntryPoint\",\"urlTemplate\":\"https:\\\/\\\/www.purejewels.com\\\/?s={search_term_string}\"},\"query-input\":{\"@type\":\"PropertyValueSpecification\",\"valueRequired\":true,\"valueName\":\"search_term_string\"}}],\"inLanguage\":\"de\"},{\"@type\":\"Organization\",\"@id\":\"https:\\\/\\\/www.purejewels.com\\\/#organization\",\"name\":\"PureJewels UK\",\"url\":\"https:\\\/\\\/www.purejewels.com\\\/\",\"logo\":{\"@type\":\"ImageObject\",\"inLanguage\":\"de\",\"@id\":\"https:\\\/\\\/www.purejewels.com\\\/#\\\/schema\\\/logo\\\/image\\\/\",\"url\":\"https:\\\/\\\/static.purejewels.com\\\/wp-content\\\/uploads\\\/2020\\\/11\\\/Logo-PJ-New-1.png\",\"contentUrl\":\"https:\\\/\\\/static.purejewels.com\\\/wp-content\\\/uploads\\\/2020\\\/11\\\/Logo-PJ-New-1.png\",\"width\":150,\"height\":80,\"caption\":\"PureJewels UK\"},\"image\":{\"@id\":\"https:\\\/\\\/www.purejewels.com\\\/#\\\/schema\\\/logo\\\/image\\\/\"}}]}<\/script>\n<!-- \/ Yoast SEO plugin. -->","yoast_head_json":{"title":"22ct Gold Verlobungsring | Solit\u00e4r | PureJewels UK","description":"PureJewels UK bietet den Lotus Verlobungsring an, ein Beweis f\u00fcr unser Engagement f\u00fcr einzigartigen und hochwertigen Schmuck. Entdecken Sie unsere Kollektion.","robots":{"index":"index","follow":"follow","max-snippet":"max-snippet:-1","max-image-preview":"max-image-preview:large","max-video-preview":"max-video-preview:-1"},"canonical":"https:\/\/www.purejewels.com\/de\/produkt-2\/solitar-diamant-verlobungsring-in-22ct-50942\/","og_locale":"de_DE","og_type":"article","og_title":"22ct Gold Engagement Ring | Solitaire | PureJewels UK","og_description":"PureJewels UK offers the Lotus Engagement Ring, a testament to our commitment to unique and high-quality jewellery. Explore our collection.","og_url":"https:\/\/www.purejewels.com\/de\/produkt-2\/solitar-diamant-verlobungsring-in-22ct-50942\/","og_site_name":"PureJewels UK","article_modified_time":"2026-02-24T09:01:08+00:00","og_image":[{"width":1000,"height":1000,"url":"https:\/\/static.purejewels.com\/wp-content\/uploads\/2024\/01\/50942-1.png","type":"image\/png"}],"twitter_card":"summary_large_image","twitter_misc":{"Gesch\u00e4tzte Lesezeit":"2\u00a0Minuten"},"schema":{"@context":"https:\/\/schema.org","@graph":[{"@type":["WebPage","ItemPage"],"@id":"https:\/\/www.purejewels.com\/product\/solitaire-diamond-engagement-ring-in-22ct-50942\/","url":"https:\/\/www.purejewels.com\/product\/solitaire-diamond-engagement-ring-in-22ct-50942\/","name":"22ct Gold Verlobungsring | Solit\u00e4r | PureJewels UK","isPartOf":{"@id":"https:\/\/www.purejewels.com\/#website"},"primaryImageOfPage":{"@id":"https:\/\/www.purejewels.com\/product\/solitaire-diamond-engagement-ring-in-22ct-50942\/#primaryimage"},"image":{"@id":"https:\/\/www.purejewels.com\/product\/solitaire-diamond-engagement-ring-in-22ct-50942\/#primaryimage"},"thumbnailUrl":"https:\/\/static.purejewels.com\/wp-content\/uploads\/2024\/01\/50942-1.png","datePublished":"2025-05-15T11:27:10+00:00","dateModified":"2026-02-24T09:01:08+00:00","description":"PureJewels UK bietet den Lotus Verlobungsring an, ein Beweis f\u00fcr unser Engagement f\u00fcr einzigartigen und hochwertigen Schmuck. Entdecken Sie unsere Kollektion.","breadcrumb":{"@id":"https:\/\/www.purejewels.com\/product\/solitaire-diamond-engagement-ring-in-22ct-50942\/#breadcrumb"},"inLanguage":"de","potentialAction":[{"@type":"ReadAction","target":["https:\/\/www.purejewels.com\/product\/solitaire-diamond-engagement-ring-in-22ct-50942\/"]}]},{"@type":"ImageObject","inLanguage":"de","@id":"https:\/\/www.purejewels.com\/product\/solitaire-diamond-engagement-ring-in-22ct-50942\/#primaryimage","url":"https:\/\/static.purejewels.com\/wp-content\/uploads\/2024\/01\/50942-1.png","contentUrl":"https:\/\/static.purejewels.com\/wp-content\/uploads\/2024\/01\/50942-1.png","width":1000,"height":1000},{"@type":"BreadcrumbList","@id":"https:\/\/www.purejewels.com\/product\/solitaire-diamond-engagement-ring-in-22ct-50942\/#breadcrumb","itemListElement":[{"@type":"ListItem","position":1,"name":"Home","item":"https:\/\/www.purejewels.com\/"},{"@type":"ListItem","position":2,"name":"Shop","item":"https:\/\/www.purejewels.com\/shop\/"},{"@type":"ListItem","position":3,"name":"Bud Engagement Ring 0.40ct"}]},{"@type":"WebSite","@id":"https:\/\/www.purejewels.com\/#website","url":"https:\/\/www.purejewels.com\/","name":"PureJewels UK","description":"Teile die Liebe","publisher":{"@id":"https:\/\/www.purejewels.com\/#organization"},"potentialAction":[{"@type":"SearchAction","target":{"@type":"EntryPoint","urlTemplate":"https:\/\/www.purejewels.com\/?s={search_term_string}"},"query-input":{"@type":"PropertyValueSpecification","valueRequired":true,"valueName":"search_term_string"}}],"inLanguage":"de"},{"@type":"Organization","@id":"https:\/\/www.purejewels.com\/#organization","name":"PureJewels UK","url":"https:\/\/www.purejewels.com\/","logo":{"@type":"ImageObject","inLanguage":"de","@id":"https:\/\/www.purejewels.com\/#\/schema\/logo\/image\/","url":"https:\/\/static.purejewels.com\/wp-content\/uploads\/2020\/11\/Logo-PJ-New-1.png","contentUrl":"https:\/\/static.purejewels.com\/wp-content\/uploads\/2020\/11\/Logo-PJ-New-1.png","width":150,"height":80,"caption":"PureJewels UK"},"image":{"@id":"https:\/\/www.purejewels.com\/#\/schema\/logo\/image\/"}}]}},"_links":{"self":[{"href":"https:\/\/www.purejewels.com\/de\/wp-json\/wp\/v2\/product\/389821","targetHints":{"allow":["GET"]}}],"collection":[{"href":"https:\/\/www.purejewels.com\/de\/wp-json\/wp\/v2\/product"}],"about":[{"href":"https:\/\/www.purejewels.com\/de\/wp-json\/wp\/v2\/types\/product"}],"replies":[{"embeddable":true,"href":"https:\/\/www.purejewels.com\/de\/wp-json\/wp\/v2\/comments?post=389821"}],"version-history":[{"count":7,"href":"https:\/\/www.purejewels.com\/de\/wp-json\/wp\/v2\/product\/389821\/revisions"}],"predecessor-version":[{"id":411351,"href":"https:\/\/www.purejewels.com\/de\/wp-json\/wp\/v2\/product\/389821\/revisions\/411351"}],"wp:featuredmedia":[{"embeddable":true,"href":"https:\/\/www.purejewels.com\/de\/wp-json\/wp\/v2\/media\/390570"}],"wp:attachment":[{"href":"https:\/\/www.purejewels.com\/de\/wp-json\/wp\/v2\/media?parent=389821"}],"wp:term":[{"taxonomy":"product_brand","embeddable":true,"href":"https:\/\/www.purejewels.com\/de\/wp-json\/wp\/v2\/product_brand?post=389821"},{"taxonomy":"product_cat","embeddable":true,"href":"https:\/\/www.purejewels.com\/de\/wp-json\/wp\/v2\/product_cat?post=389821"},{"taxonomy":"product_tag","embeddable":true,"href":"https:\/\/www.purejewels.com\/de\/wp-json\/wp\/v2\/product_tag?post=389821"}],"curies":[{"name":"wp","href":"https:\/\/api.w.org\/{rel}","templated":true}]}}