{"id":390025,"date":"2025-04-15T10:23:57","date_gmt":"2025-04-15T09:23:57","guid":{"rendered":"https:\/\/www.purejewels.com\/?post_type=product&#038;p=390025"},"modified":"2026-02-09T10:24:45","modified_gmt":"2026-02-09T10:24:45","slug":"lotusknospe-diamant-halskette-50507","status":"publish","type":"product","link":"https:\/\/www.purejewels.com\/de\/product\/lotus-bud-diamond-necklace-50507\/","title":{"rendered":"Lotusknospen-Halskette"},"content":{"rendered":"<p class=\"\" data-start=\"207\" data-end=\"734\"><strong data-start=\"207\" data-end=\"235\">1. Inspiration und Geschichte<\/strong><br data-start=\"235\" data-end=\"238\" \/>Die Lotusknospen-Halskette ist eine leuchtende Hommage an die Liebe in ihrer konzentriertesten und dauerhaftesten Form - ein Symbol f\u00fcr innere St\u00e4rke und gemeinsame Anf\u00e4nge. Inspiriert von der Lotusblume, die sich durch ruhiges Wasser erhebt, um ihre strahlende Bl\u00fcte zu offenbaren, spiegelt diese Halskette eine Liebe wider, die rein, zentriert und immer weiter wachsend ist. Als Teil unserer Lotus-Kollektion ehrt sie die Sch\u00f6nheit, die in der Einfachheit liegt - ein einzelner, brillanter Diamant, der mit ruhiger St\u00e4rke gehalten wird und den Moment widerspiegelt, in dem die Liebe Wurzeln schl\u00e4gt und zu erbl\u00fchen beginnt.<\/p>\n<p class=\"\" data-start=\"736\" data-end=\"1460\"><strong data-start=\"736\" data-end=\"769\">2. Material und handwerkliches K\u00f6nnen<\/strong><br data-start=\"769\" data-end=\"772\" \/>Die in London handgefertigte Lotus-Knospen-Halskette aus exklusivem 22-kar\u00e4tigem Sunrise-Gold von PureJewels erstrahlt in sanfter, sonnengek\u00fcsster W\u00e4rme. Das Herzst\u00fcck ist ein runder Brillant, der in einer arabeskenf\u00f6rmigen Galerie eingebettet ist - zarte bl\u00fctenblatt\u00e4hnliche Formen, die sich um den Stein herum entfalten und nur f\u00fcr die Tr\u00e4gerin sichtbar sind. Der Anh\u00e4nger h\u00e4ngt an einer asymmetrisch geformten, rankenartigen Spange, die den Diamanten wie einen Bl\u00fctenstiel h\u00e4lt. Abgerundet wird das Schmuckst\u00fcck durch einen Verschluss in Form einer Lotusbl\u00fcte, eine bl\u00fctenblattf\u00f6rmige Verl\u00e4ngerungskette und ein Punzierungsschild in Form eines von Tautropfen gek\u00fcssten Bl\u00fctenblattes - jedes Detail wurde sorgf\u00e4ltig bedacht, um Handwerkskunst, Symbolik und elegantes Design zum Ausdruck zu bringen.<\/p>\n<p class=\"\" data-start=\"1462\" data-end=\"1871\"><strong data-start=\"1462\" data-end=\"1481\">3. Styling-Tipps<\/strong><br data-start=\"1481\" data-end=\"1484\" \/>Die Lotusknospen-Halskette ist minimalistisch und doch aussagekr\u00e4ftig und eignet sich perfekt f\u00fcr den Alltag oder stille Feierlichkeiten. Lassen Sie sie als Einzelst\u00fcck gl\u00e4nzen oder kombinieren Sie sie mit dem Lotusknospenring oder einem Wasserwellenband f\u00fcr einen raffinierten, abgestimmten Look. Ob als Versprechen verschenkt, als Zeichen eines Neuanfangs getragen oder wegen ihrer zeitlosen Symbolik gew\u00e4hlt - diese Halskette ist ein anmutiger Ausdruck der sich entfaltenden Reise der Liebe.<\/p>","protected":false},"excerpt":{"rendered":"<p>Als strahlendes Symbol f\u00fcr Liebe und Reinheit zelebriert die Lotusknospen-Halskette die Hingabe durch die zeitlose Sch\u00f6nheit eines bl\u00fchenden Lotos. Gefertigt aus 22 Karat Sunrise Gold und verziert mit nat\u00fcrlichen Diamanten, ist die Liebesgeschichte der Natur in Gold eingefangen.<\/p>\n<p><strong>Material:<\/strong> 22ct Sonnenaufgang Gold<br \/>\n<strong><strong>Wahrzeichen: <\/strong><\/strong>Britisches G\u00fctesiegel<strong><strong><br \/>\n<\/strong><\/strong><strong><strong>Stein: <\/strong><\/strong>Nat\u00fcrlicher Diamant<br \/>\n<strong>Zertifizierung:<\/strong> GIA-zertifiziert<strong><strong><br \/>\n<strong>Gewicht der Diamanten: <\/strong><\/strong><\/strong>0,31ct<strong><strong><strong><br \/>\n<\/strong><\/strong><\/strong><strong><strong><strong><strong><strong><strong>Bruttogewicht: <\/strong><\/strong><\/strong><\/strong><\/strong><\/strong>9.20 Gms<strong><strong><strong><strong><strong><br \/>\n<strong>L\u00e4nge: <\/strong><\/strong><\/strong><\/strong><\/strong><\/strong>17 Zoll<br \/>\n<strong>SKU:<\/strong>50507<\/p>\n<p><strong><strong><strong><strong><strong><strong>Preis und Lieferung: <\/strong><\/strong><\/strong><\/strong><\/strong><\/strong>Inklusive Mehrwertsteuer und Lieferkosten<strong><strong><strong><strong><strong><br \/>\n<a href=\"https:\/\/www.purejewels.com\/de\/ruckgabepolitik\/\">R\u00fcckgabepolitik<\/a><\/strong><\/strong><\/strong><\/strong><\/strong><\/p>","protected":false},"featured_media":390562,"comment_status":"closed","ping_status":"closed","template":"","meta":{"_eb_attr":"","_crsspst_to_jayantr4sg-hostcom":false},"product_brand":[],"product_cat":[1791,236,5457,1533,6082,1229,1253,5346,1633,6081,1569,1574],"product_tag":[],"class_list":{"0":"post-390025","1":"product","2":"type-product","3":"status-publish","4":"has-post-thumbnail","6":"product_cat-anniversary-gifts","7":"product_cat-collections","8":"product_cat-diamond-jewellery","9":"product_cat-diamond-jewellery-set","10":"product_cat-diamond-necklace","11":"product_cat-22ct-gold-jewellery","12":"product_cat-gold-necklaces","13":"product_cat-gold-pendant-necklace","14":"product_cat-lotus-collections","15":"product_cat-sunrise-gold","16":"product_cat-valentine-day-gifts","17":"product_cat-womens-jewellery","19":"first","20":"onbackorder","21":"taxable","22":"shipping-taxable","23":"purchasable","24":"product-type-simple","25":"add-to-wishlist-before_image"},"yoast_head":"<!-- This site is optimized with the Yoast SEO plugin v27.5 - https:\/\/yoast.com\/product\/yoast-seo-wordpress\/ -->\n<title>Lotus Solitaire Pendant Necklace | 22Ct Gold | PureJewels UK<\/title>\n<meta name=\"description\" content=\"Discover the serene beauty of our Bud Lotus Necklace from PureJewels UK. Exquisitely crafted, this pendant embodies purity and enlightenment.\" \/>\n<meta name=\"robots\" content=\"index, follow, max-snippet:-1, max-image-preview:large, max-video-preview:-1\" \/>\n<link rel=\"canonical\" href=\"https:\/\/www.purejewels.com\/de\/produkt-2\/lotusknospe-diamant-halskette-50507\/\" \/>\n<meta property=\"og:locale\" content=\"de_DE\" \/>\n<meta property=\"og:type\" content=\"article\" \/>\n<meta property=\"og:title\" content=\"Lotus Solitaire Pendant Necklace | 22Ct Gold | PureJewels UK\" \/>\n<meta property=\"og:description\" content=\"Discover the serene beauty of our Bud Lotus Necklace from PureJewels UK. Exquisitely crafted, this pendant embodies purity and enlightenment.\" \/>\n<meta property=\"og:url\" content=\"https:\/\/www.purejewels.com\/de\/produkt-2\/lotusknospe-diamant-halskette-50507\/\" \/>\n<meta property=\"og:site_name\" content=\"PureJewels UK\" \/>\n<meta property=\"article:modified_time\" content=\"2026-02-09T10:24:45+00:00\" \/>\n<meta property=\"og:image\" content=\"https:\/\/static.purejewels.com\/wp-content\/uploads\/2025\/03\/50507-1.png\" \/>\n\t<meta property=\"og:image:width\" content=\"1000\" \/>\n\t<meta property=\"og:image:height\" content=\"1000\" \/>\n\t<meta property=\"og:image:type\" content=\"image\/png\" \/>\n<meta name=\"twitter:card\" content=\"summary_large_image\" \/>\n<meta name=\"twitter:label1\" content=\"Gesch\u00e4tzte Lesezeit\" \/>\n\t<meta name=\"twitter:data1\" content=\"1\u00a0Minute\" \/>\n<script type=\"application\/ld+json\" class=\"yoast-schema-graph\">{\"@context\":\"https:\\\/\\\/schema.org\",\"@graph\":[{\"@type\":[\"WebPage\",\"ItemPage\"],\"@id\":\"https:\\\/\\\/www.purejewels.com\\\/product\\\/lotus-bud-diamond-necklace-50507\\\/\",\"url\":\"https:\\\/\\\/www.purejewels.com\\\/product\\\/lotus-bud-diamond-necklace-50507\\\/\",\"name\":\"Lotus Solitaire Pendant Necklace | 22Ct Gold | PureJewels UK\",\"isPartOf\":{\"@id\":\"https:\\\/\\\/www.purejewels.com\\\/#website\"},\"primaryImageOfPage\":{\"@id\":\"https:\\\/\\\/www.purejewels.com\\\/product\\\/lotus-bud-diamond-necklace-50507\\\/#primaryimage\"},\"image\":{\"@id\":\"https:\\\/\\\/www.purejewels.com\\\/product\\\/lotus-bud-diamond-necklace-50507\\\/#primaryimage\"},\"thumbnailUrl\":\"https:\\\/\\\/static.purejewels.com\\\/wp-content\\\/uploads\\\/2025\\\/03\\\/50507-1.png\",\"datePublished\":\"2025-04-15T09:23:57+00:00\",\"dateModified\":\"2026-02-09T10:24:45+00:00\",\"description\":\"Discover the serene beauty of our Bud Lotus Necklace from PureJewels UK. Exquisitely crafted, this pendant embodies purity and enlightenment.\",\"breadcrumb\":{\"@id\":\"https:\\\/\\\/www.purejewels.com\\\/product\\\/lotus-bud-diamond-necklace-50507\\\/#breadcrumb\"},\"inLanguage\":\"de\",\"potentialAction\":[{\"@type\":\"ReadAction\",\"target\":[\"https:\\\/\\\/www.purejewels.com\\\/product\\\/lotus-bud-diamond-necklace-50507\\\/\"]}]},{\"@type\":\"ImageObject\",\"inLanguage\":\"de\",\"@id\":\"https:\\\/\\\/www.purejewels.com\\\/product\\\/lotus-bud-diamond-necklace-50507\\\/#primaryimage\",\"url\":\"https:\\\/\\\/static.purejewels.com\\\/wp-content\\\/uploads\\\/2025\\\/03\\\/50507-1.png\",\"contentUrl\":\"https:\\\/\\\/static.purejewels.com\\\/wp-content\\\/uploads\\\/2025\\\/03\\\/50507-1.png\",\"width\":1000,\"height\":1000},{\"@type\":\"BreadcrumbList\",\"@id\":\"https:\\\/\\\/www.purejewels.com\\\/product\\\/lotus-bud-diamond-necklace-50507\\\/#breadcrumb\",\"itemListElement\":[{\"@type\":\"ListItem\",\"position\":1,\"name\":\"Home\",\"item\":\"https:\\\/\\\/www.purejewels.com\\\/\"},{\"@type\":\"ListItem\",\"position\":2,\"name\":\"Shop\",\"item\":\"https:\\\/\\\/www.purejewels.com\\\/shop\\\/\"},{\"@type\":\"ListItem\",\"position\":3,\"name\":\"Lotus Bud Necklace\"}]},{\"@type\":\"WebSite\",\"@id\":\"https:\\\/\\\/www.purejewels.com\\\/#website\",\"url\":\"https:\\\/\\\/www.purejewels.com\\\/\",\"name\":\"PureJewels UK\",\"description\":\"Share the Love\",\"publisher\":{\"@id\":\"https:\\\/\\\/www.purejewels.com\\\/#organization\"},\"potentialAction\":[{\"@type\":\"SearchAction\",\"target\":{\"@type\":\"EntryPoint\",\"urlTemplate\":\"https:\\\/\\\/www.purejewels.com\\\/?s={search_term_string}\"},\"query-input\":{\"@type\":\"PropertyValueSpecification\",\"valueRequired\":true,\"valueName\":\"search_term_string\"}}],\"inLanguage\":\"de\"},{\"@type\":\"Organization\",\"@id\":\"https:\\\/\\\/www.purejewels.com\\\/#organization\",\"name\":\"PureJewels UK\",\"url\":\"https:\\\/\\\/www.purejewels.com\\\/\",\"logo\":{\"@type\":\"ImageObject\",\"inLanguage\":\"de\",\"@id\":\"https:\\\/\\\/www.purejewels.com\\\/#\\\/schema\\\/logo\\\/image\\\/\",\"url\":\"https:\\\/\\\/static.purejewels.com\\\/wp-content\\\/uploads\\\/2020\\\/11\\\/Logo-PJ-New-1.png\",\"contentUrl\":\"https:\\\/\\\/static.purejewels.com\\\/wp-content\\\/uploads\\\/2020\\\/11\\\/Logo-PJ-New-1.png\",\"width\":150,\"height\":80,\"caption\":\"PureJewels UK\"},\"image\":{\"@id\":\"https:\\\/\\\/www.purejewels.com\\\/#\\\/schema\\\/logo\\\/image\\\/\"}}]}<\/script>\n<!-- \/ Yoast SEO plugin. -->","yoast_head_json":{"title":"Lotus Solitaire Anh\u00e4nger Halskette | 22Ct Gold | PureJewels UK","description":"Entdecken Sie die heitere Sch\u00f6nheit unserer Bud Lotus Halskette von PureJewels UK. Exquisit gefertigt, verk\u00f6rpert dieser Anh\u00e4nger Reinheit und Erleuchtung.","robots":{"index":"index","follow":"follow","max-snippet":"max-snippet:-1","max-image-preview":"max-image-preview:large","max-video-preview":"max-video-preview:-1"},"canonical":"https:\/\/www.purejewels.com\/de\/produkt-2\/lotusknospe-diamant-halskette-50507\/","og_locale":"de_DE","og_type":"article","og_title":"Lotus Solitaire Pendant Necklace | 22Ct Gold | PureJewels UK","og_description":"Discover the serene beauty of our Bud Lotus Necklace from PureJewels UK. Exquisitely crafted, this pendant embodies purity and enlightenment.","og_url":"https:\/\/www.purejewels.com\/de\/produkt-2\/lotusknospe-diamant-halskette-50507\/","og_site_name":"PureJewels UK","article_modified_time":"2026-02-09T10:24:45+00:00","og_image":[{"width":1000,"height":1000,"url":"https:\/\/static.purejewels.com\/wp-content\/uploads\/2025\/03\/50507-1.png","type":"image\/png"}],"twitter_card":"summary_large_image","twitter_misc":{"Gesch\u00e4tzte Lesezeit":"1\u00a0Minute"},"schema":{"@context":"https:\/\/schema.org","@graph":[{"@type":["WebPage","ItemPage"],"@id":"https:\/\/www.purejewels.com\/product\/lotus-bud-diamond-necklace-50507\/","url":"https:\/\/www.purejewels.com\/product\/lotus-bud-diamond-necklace-50507\/","name":"Lotus Solitaire Anh\u00e4nger Halskette | 22Ct Gold | PureJewels UK","isPartOf":{"@id":"https:\/\/www.purejewels.com\/#website"},"primaryImageOfPage":{"@id":"https:\/\/www.purejewels.com\/product\/lotus-bud-diamond-necklace-50507\/#primaryimage"},"image":{"@id":"https:\/\/www.purejewels.com\/product\/lotus-bud-diamond-necklace-50507\/#primaryimage"},"thumbnailUrl":"https:\/\/static.purejewels.com\/wp-content\/uploads\/2025\/03\/50507-1.png","datePublished":"2025-04-15T09:23:57+00:00","dateModified":"2026-02-09T10:24:45+00:00","description":"Entdecken Sie die heitere Sch\u00f6nheit unserer Bud Lotus Halskette von PureJewels UK. Exquisit gefertigt, verk\u00f6rpert dieser Anh\u00e4nger Reinheit und Erleuchtung.","breadcrumb":{"@id":"https:\/\/www.purejewels.com\/product\/lotus-bud-diamond-necklace-50507\/#breadcrumb"},"inLanguage":"de","potentialAction":[{"@type":"ReadAction","target":["https:\/\/www.purejewels.com\/product\/lotus-bud-diamond-necklace-50507\/"]}]},{"@type":"ImageObject","inLanguage":"de","@id":"https:\/\/www.purejewels.com\/product\/lotus-bud-diamond-necklace-50507\/#primaryimage","url":"https:\/\/static.purejewels.com\/wp-content\/uploads\/2025\/03\/50507-1.png","contentUrl":"https:\/\/static.purejewels.com\/wp-content\/uploads\/2025\/03\/50507-1.png","width":1000,"height":1000},{"@type":"BreadcrumbList","@id":"https:\/\/www.purejewels.com\/product\/lotus-bud-diamond-necklace-50507\/#breadcrumb","itemListElement":[{"@type":"ListItem","position":1,"name":"Home","item":"https:\/\/www.purejewels.com\/"},{"@type":"ListItem","position":2,"name":"Shop","item":"https:\/\/www.purejewels.com\/shop\/"},{"@type":"ListItem","position":3,"name":"Lotus Bud Necklace"}]},{"@type":"WebSite","@id":"https:\/\/www.purejewels.com\/#website","url":"https:\/\/www.purejewels.com\/","name":"PureJewels UK","description":"Teile die Liebe","publisher":{"@id":"https:\/\/www.purejewels.com\/#organization"},"potentialAction":[{"@type":"SearchAction","target":{"@type":"EntryPoint","urlTemplate":"https:\/\/www.purejewels.com\/?s={search_term_string}"},"query-input":{"@type":"PropertyValueSpecification","valueRequired":true,"valueName":"search_term_string"}}],"inLanguage":"de"},{"@type":"Organization","@id":"https:\/\/www.purejewels.com\/#organization","name":"PureJewels UK","url":"https:\/\/www.purejewels.com\/","logo":{"@type":"ImageObject","inLanguage":"de","@id":"https:\/\/www.purejewels.com\/#\/schema\/logo\/image\/","url":"https:\/\/static.purejewels.com\/wp-content\/uploads\/2020\/11\/Logo-PJ-New-1.png","contentUrl":"https:\/\/static.purejewels.com\/wp-content\/uploads\/2020\/11\/Logo-PJ-New-1.png","width":150,"height":80,"caption":"PureJewels UK"},"image":{"@id":"https:\/\/www.purejewels.com\/#\/schema\/logo\/image\/"}}]}},"_links":{"self":[{"href":"https:\/\/www.purejewels.com\/de\/wp-json\/wp\/v2\/product\/390025","targetHints":{"allow":["GET"]}}],"collection":[{"href":"https:\/\/www.purejewels.com\/de\/wp-json\/wp\/v2\/product"}],"about":[{"href":"https:\/\/www.purejewels.com\/de\/wp-json\/wp\/v2\/types\/product"}],"replies":[{"embeddable":true,"href":"https:\/\/www.purejewels.com\/de\/wp-json\/wp\/v2\/comments?post=390025"}],"version-history":[{"count":5,"href":"https:\/\/www.purejewels.com\/de\/wp-json\/wp\/v2\/product\/390025\/revisions"}],"predecessor-version":[{"id":411583,"href":"https:\/\/www.purejewels.com\/de\/wp-json\/wp\/v2\/product\/390025\/revisions\/411583"}],"wp:featuredmedia":[{"embeddable":true,"href":"https:\/\/www.purejewels.com\/de\/wp-json\/wp\/v2\/media\/390562"}],"wp:attachment":[{"href":"https:\/\/www.purejewels.com\/de\/wp-json\/wp\/v2\/media?parent=390025"}],"wp:term":[{"taxonomy":"product_brand","embeddable":true,"href":"https:\/\/www.purejewels.com\/de\/wp-json\/wp\/v2\/product_brand?post=390025"},{"taxonomy":"product_cat","embeddable":true,"href":"https:\/\/www.purejewels.com\/de\/wp-json\/wp\/v2\/product_cat?post=390025"},{"taxonomy":"product_tag","embeddable":true,"href":"https:\/\/www.purejewels.com\/de\/wp-json\/wp\/v2\/product_tag?post=390025"}],"curies":[{"name":"wp","href":"https:\/\/api.w.org\/{rel}","templated":true}]}}