{"id":390161,"date":"2025-04-26T05:30:44","date_gmt":"2025-04-26T04:30:44","guid":{"rendered":"https:\/\/www.purejewels.com\/?post_type=product&#038;p=390161"},"modified":"2026-02-09T10:22:21","modified_gmt":"2026-02-09T10:22:21","slug":"wasserwelle-diamantband-48135","status":"publish","type":"product","link":"https:\/\/www.purejewels.com\/de\/product\/water-wave-diamond-band-48135\/","title":{"rendered":"Wasserwelle Diamantband"},"content":{"rendered":"<p class=\"\" data-start=\"190\" data-end=\"218\"><strong data-start=\"190\" data-end=\"218\">1. Inspiration und Geschichte<\/strong><\/p>\n<p class=\"\" data-start=\"220\" data-end=\"790\">Das Water Wave Diamond Band ist eine anmutige Ode an die Liebe in Harmonie - ein Design, das vom Fluss zweier Leben gepr\u00e4gt ist, die sich gemeinsam bewegen. Inspiriert von der ruhigen Sch\u00f6nheit der Lotusblume und dem flie\u00dfenden Rhythmus des Wassers, spiegelt dieser Ring die Eleganz der Liebe wider, die sanft umarmt, unterst\u00fctzt und erhebt. Seine geschwungene Form spiegelt den nat\u00fcrlichen Bogen der Reise wider - wo die Liebe, wie das Wasser, ihren eigenen Weg geht. Als Teil der Lotus-Kollektion zelebriert dieses Water Wave Band die Momente, in denen sich die Liebe biegt, ohne zu zerbrechen, mit der Zeit weicher wird und die stille Kraft der Zweisamkeit widerspiegelt.<\/p>\n<p class=\"\" data-start=\"792\" data-end=\"825\"><strong data-start=\"792\" data-end=\"825\">2. Material und handwerkliches K\u00f6nnen<\/strong><\/p>\n<p class=\"\" data-start=\"827\" data-end=\"1492\">Das in London aus 18-kar\u00e4tigem Gold von PureJewels handgefertigte Water Wave Diamond Band erstrahlt in einem leuchtenden, warmen Farbton. Seine glatte, skulpturale Oberfl\u00e4che f\u00e4ngt das Licht wie Wellen auf einem stillen Teich ein und verleiht seiner modernen Form einen sanften Glanz. Das Band schmiegt sich sanft an die Form des Lotus-Verlobungsrings an und passt perfekt zu einem Solit\u00e4r, wie zwei Herzen, die sich aneinander schmiegen. Eine feine Reihe von Diamanten zeichnet die Kurve der Wasserwelle nach und verleiht ihm gerade genug Glanz, um seine minimale Eleganz zu unterstreichen. Jedes Detail - von den klaren Linien bis zur flie\u00dfenden Silhouette - spiegelt das K\u00f6nnen unserer Meisterhandwerker wider, die Handwerkskunst mit stiller Symbolik verbinden.<\/p>\n<p class=\"\" data-start=\"1494\" data-end=\"1513\"><strong data-start=\"1494\" data-end=\"1513\">3. Styling-Tipps<\/strong><\/p>\n<p class=\"\" data-start=\"1515\" data-end=\"1974\">Das schlichte, elegante Water Wave Diamond Band ist der perfekte Partner f\u00fcr einen Verlobungsring, der dessen Brillanz hervorhebt und gleichzeitig eine anmutige Kurve zu Ihrem Brautstapel hinzuf\u00fcgt. Es ist auch ein wundersch\u00f6nes Geschenk zum Jahrestag oder Meilenstein, allein getragen oder mit anderen B\u00e4ndern geschichtet f\u00fcr einen modernen, skulpturalen Look. Egal, ob ein neues Kapitel aufgeschlagen wird oder eine Reise fortgesetzt wird, seine raffinierte Form und sein dezentes Funkeln machen ihn zu einer sinnvollen Erg\u00e4nzung jeder Schmucksammlung.<\/p>","protected":false},"excerpt":{"rendered":"<p>Dieses elegante und flie\u00dfende 18-kar\u00e4tige Gold-Wasserwellen-Diamantband ist mit 0,11 Karat Diamanten besetzt - eine schimmernde Hommage an den nat\u00fcrlichen Rhythmus und den klassischen Fluss der Liebe.<\/p>\n<p><strong>Material:<\/strong> 18ct Gelbgold<strong><br \/>\n<strong>Wahrzeichen: <\/strong><\/strong>Britisches G\u00fctesiegel<strong><strong><br \/>\n<\/strong><\/strong><strong><strong>Stein: <\/strong><\/strong>Diamant<strong><strong><br \/>\n<\/strong><\/strong><strong><strong><b>Diamant Farbe<\/b>: <\/strong><\/strong>J<br \/>\n<strong><strong>Diamant Wt:<\/strong><\/strong>0,11ct<strong><strong><br \/>\n<\/strong><\/strong><strong><strong><strong><strong><strong><strong>Bruttogewicht:\u00a0 <\/strong><\/strong><\/strong><\/strong><\/strong><\/strong>4.3 Gms<strong><strong><strong><strong><strong><br \/>\n<strong>Ringgr\u00f6\u00dfe: <\/strong><\/strong><\/strong><\/strong><\/strong><\/strong>M<br \/>\n<strong>SKU: <\/strong>48135<\/p>\n<p><strong><strong><strong><strong><strong><strong>Preis und Lieferung:<\/strong><\/strong><\/strong><\/strong><\/strong><\/strong>Inklusive Mehrwertsteuer und Lieferkosten<strong><strong><strong><strong><strong><br \/>\n<strong><strong><strong><strong><strong>Anmerkung: <\/strong><\/strong><\/strong><\/strong><\/strong><\/strong><\/strong><\/strong><\/strong><\/strong>Dieser Ring ist in allen Fingergr\u00f6\u00dfen erh\u00e4ltlich. Bitte <strong id=\"btn_TawkLink\">sich melden <\/strong>um die perfekte Passform f\u00fcr Sie zu bestellen.<br \/>\n<strong><a href=\"https:\/\/www.purejewels.com\/de\/ruckgabepolitik\/\">R\u00fcckgabepolitik<\/a><\/strong><\/p>","protected":false},"featured_media":391873,"comment_status":"closed","ping_status":"closed","template":"","meta":{"_eb_attr":"","_crsspst_to_jayantr4sg-hostcom":false},"product_brand":[],"product_cat":[1799,5679,5296,1791,1785,5457,5460,1235,1783,1633,6050,1569,229,1574,5297],"product_tag":[5961,5960,64],"class_list":{"0":"post-390161","1":"product","2":"type-product","3":"status-publish","4":"has-post-thumbnail","6":"product_cat-18ct-gold-bands","7":"product_cat-18ct-gold-jewellery","8":"product_cat-18ct-wedding-bands","9":"product_cat-anniversary-gifts","10":"product_cat-daily-wear-rings","11":"product_cat-diamond-jewellery","12":"product_cat-diamond-ring","13":"product_cat-gold-rings","14":"product_cat-ladies-rings","15":"product_cat-lotus-collections","16":"product_cat-lotus-ring","17":"product_cat-valentine-day-gifts","18":"product_cat-wedding-bands","19":"product_cat-womens-jewellery","20":"product_cat-yellow-gold-wedding-bands","21":"product_tag-18ct-gold","22":"product_tag-band","23":"product_tag-rings","25":"first","26":"onbackorder","27":"taxable","28":"shipping-taxable","29":"purchasable","30":"product-type-simple","31":"add-to-wishlist-before_image"},"yoast_head":"<!-- This site is optimized with the Yoast SEO plugin v27.4 - https:\/\/yoast.com\/product\/yoast-seo-wordpress\/ -->\n<title>18ct Gold Water Wave Diamond Band | Size M | PureJewels UK<\/title>\n<meta name=\"description\" content=\"Shop the exquisite 18ct Sunrise Gold Water Wave Diamond Band in Size M at PureJewels UK. This ring is a perfect statement piece.\" \/>\n<meta name=\"robots\" content=\"index, follow, max-snippet:-1, max-image-preview:large, max-video-preview:-1\" \/>\n<link rel=\"canonical\" href=\"https:\/\/www.purejewels.com\/de\/produkt-2\/wasserwelle-diamantband-48135\/\" \/>\n<meta property=\"og:locale\" content=\"de_DE\" \/>\n<meta property=\"og:type\" content=\"article\" \/>\n<meta property=\"og:title\" content=\"18ct Gold Water Wave Diamond Band | Size M | PureJewels UK\" \/>\n<meta property=\"og:description\" content=\"Shop the exquisite 18ct Sunrise Gold Water Wave Diamond Band in Size M at PureJewels UK. This ring is a perfect statement piece.\" \/>\n<meta property=\"og:url\" content=\"https:\/\/www.purejewels.com\/de\/produkt-2\/wasserwelle-diamantband-48135\/\" \/>\n<meta property=\"og:site_name\" content=\"PureJewels UK\" \/>\n<meta property=\"article:modified_time\" content=\"2026-02-09T10:22:21+00:00\" \/>\n<meta property=\"og:image\" content=\"https:\/\/static.purejewels.com\/wp-content\/uploads\/2024\/03\/48135.png\" \/>\n\t<meta property=\"og:image:width\" content=\"1000\" \/>\n\t<meta property=\"og:image:height\" content=\"1000\" \/>\n\t<meta property=\"og:image:type\" content=\"image\/png\" \/>\n<meta name=\"twitter:card\" content=\"summary_large_image\" \/>\n<meta name=\"twitter:label1\" content=\"Gesch\u00e4tzte Lesezeit\" \/>\n\t<meta name=\"twitter:data1\" content=\"2\u00a0Minuten\" \/>\n<script type=\"application\/ld+json\" class=\"yoast-schema-graph\">{\"@context\":\"https:\\\/\\\/schema.org\",\"@graph\":[{\"@type\":[\"WebPage\",\"ItemPage\"],\"@id\":\"https:\\\/\\\/www.purejewels.com\\\/product\\\/water-wave-diamond-band-48135\\\/\",\"url\":\"https:\\\/\\\/www.purejewels.com\\\/product\\\/water-wave-diamond-band-48135\\\/\",\"name\":\"18ct Gold Water Wave Diamond Band | Size M | PureJewels UK\",\"isPartOf\":{\"@id\":\"https:\\\/\\\/www.purejewels.com\\\/#website\"},\"primaryImageOfPage\":{\"@id\":\"https:\\\/\\\/www.purejewels.com\\\/product\\\/water-wave-diamond-band-48135\\\/#primaryimage\"},\"image\":{\"@id\":\"https:\\\/\\\/www.purejewels.com\\\/product\\\/water-wave-diamond-band-48135\\\/#primaryimage\"},\"thumbnailUrl\":\"https:\\\/\\\/static.purejewels.com\\\/wp-content\\\/uploads\\\/2024\\\/03\\\/48135.png\",\"datePublished\":\"2025-04-26T04:30:44+00:00\",\"dateModified\":\"2026-02-09T10:22:21+00:00\",\"description\":\"Shop the exquisite 18ct Sunrise Gold Water Wave Diamond Band in Size M at PureJewels UK. This ring is a perfect statement piece.\",\"breadcrumb\":{\"@id\":\"https:\\\/\\\/www.purejewels.com\\\/product\\\/water-wave-diamond-band-48135\\\/#breadcrumb\"},\"inLanguage\":\"de\",\"potentialAction\":[{\"@type\":\"ReadAction\",\"target\":[\"https:\\\/\\\/www.purejewels.com\\\/product\\\/water-wave-diamond-band-48135\\\/\"]}]},{\"@type\":\"ImageObject\",\"inLanguage\":\"de\",\"@id\":\"https:\\\/\\\/www.purejewels.com\\\/product\\\/water-wave-diamond-band-48135\\\/#primaryimage\",\"url\":\"https:\\\/\\\/static.purejewels.com\\\/wp-content\\\/uploads\\\/2024\\\/03\\\/48135.png\",\"contentUrl\":\"https:\\\/\\\/static.purejewels.com\\\/wp-content\\\/uploads\\\/2024\\\/03\\\/48135.png\",\"width\":1000,\"height\":1000,\"caption\":\"Water Wave Diamond Band\"},{\"@type\":\"BreadcrumbList\",\"@id\":\"https:\\\/\\\/www.purejewels.com\\\/product\\\/water-wave-diamond-band-48135\\\/#breadcrumb\",\"itemListElement\":[{\"@type\":\"ListItem\",\"position\":1,\"name\":\"Home\",\"item\":\"https:\\\/\\\/www.purejewels.com\\\/\"},{\"@type\":\"ListItem\",\"position\":2,\"name\":\"Shop\",\"item\":\"https:\\\/\\\/www.purejewels.com\\\/shop\\\/\"},{\"@type\":\"ListItem\",\"position\":3,\"name\":\"Water Wave Diamond Band\"}]},{\"@type\":\"WebSite\",\"@id\":\"https:\\\/\\\/www.purejewels.com\\\/#website\",\"url\":\"https:\\\/\\\/www.purejewels.com\\\/\",\"name\":\"PureJewels UK\",\"description\":\"Share the Love\",\"publisher\":{\"@id\":\"https:\\\/\\\/www.purejewels.com\\\/#organization\"},\"potentialAction\":[{\"@type\":\"SearchAction\",\"target\":{\"@type\":\"EntryPoint\",\"urlTemplate\":\"https:\\\/\\\/www.purejewels.com\\\/?s={search_term_string}\"},\"query-input\":{\"@type\":\"PropertyValueSpecification\",\"valueRequired\":true,\"valueName\":\"search_term_string\"}}],\"inLanguage\":\"de\"},{\"@type\":\"Organization\",\"@id\":\"https:\\\/\\\/www.purejewels.com\\\/#organization\",\"name\":\"PureJewels UK\",\"url\":\"https:\\\/\\\/www.purejewels.com\\\/\",\"logo\":{\"@type\":\"ImageObject\",\"inLanguage\":\"de\",\"@id\":\"https:\\\/\\\/www.purejewels.com\\\/#\\\/schema\\\/logo\\\/image\\\/\",\"url\":\"https:\\\/\\\/static.purejewels.com\\\/wp-content\\\/uploads\\\/2020\\\/11\\\/Logo-PJ-New-1.png\",\"contentUrl\":\"https:\\\/\\\/static.purejewels.com\\\/wp-content\\\/uploads\\\/2020\\\/11\\\/Logo-PJ-New-1.png\",\"width\":150,\"height\":80,\"caption\":\"PureJewels UK\"},\"image\":{\"@id\":\"https:\\\/\\\/www.purejewels.com\\\/#\\\/schema\\\/logo\\\/image\\\/\"}}]}<\/script>\n<!-- \/ Yoast SEO plugin. -->","yoast_head_json":{"title":"18ct Gold Wasserwelle Diamant Band | Gr\u00f6\u00dfe M | PureJewels UK","description":"Kaufen Sie das exquisite 18ct Sunrise Gold Water Wave Diamond Band in Gr\u00f6\u00dfe M bei PureJewels UK. Dieser Ring ist ein perfektes Statement St\u00fcck.","robots":{"index":"index","follow":"follow","max-snippet":"max-snippet:-1","max-image-preview":"max-image-preview:large","max-video-preview":"max-video-preview:-1"},"canonical":"https:\/\/www.purejewels.com\/de\/produkt-2\/wasserwelle-diamantband-48135\/","og_locale":"de_DE","og_type":"article","og_title":"18ct Gold Water Wave Diamond Band | Size M | PureJewels UK","og_description":"Shop the exquisite 18ct Sunrise Gold Water Wave Diamond Band in Size M at PureJewels UK. This ring is a perfect statement piece.","og_url":"https:\/\/www.purejewels.com\/de\/produkt-2\/wasserwelle-diamantband-48135\/","og_site_name":"PureJewels UK","article_modified_time":"2026-02-09T10:22:21+00:00","og_image":[{"width":1000,"height":1000,"url":"https:\/\/static.purejewels.com\/wp-content\/uploads\/2024\/03\/48135.png","type":"image\/png"}],"twitter_card":"summary_large_image","twitter_misc":{"Gesch\u00e4tzte Lesezeit":"2\u00a0Minuten"},"schema":{"@context":"https:\/\/schema.org","@graph":[{"@type":["WebPage","ItemPage"],"@id":"https:\/\/www.purejewels.com\/product\/water-wave-diamond-band-48135\/","url":"https:\/\/www.purejewels.com\/product\/water-wave-diamond-band-48135\/","name":"18ct Gold Wasserwelle Diamant Band | Gr\u00f6\u00dfe M | PureJewels UK","isPartOf":{"@id":"https:\/\/www.purejewels.com\/#website"},"primaryImageOfPage":{"@id":"https:\/\/www.purejewels.com\/product\/water-wave-diamond-band-48135\/#primaryimage"},"image":{"@id":"https:\/\/www.purejewels.com\/product\/water-wave-diamond-band-48135\/#primaryimage"},"thumbnailUrl":"https:\/\/static.purejewels.com\/wp-content\/uploads\/2024\/03\/48135.png","datePublished":"2025-04-26T04:30:44+00:00","dateModified":"2026-02-09T10:22:21+00:00","description":"Kaufen Sie das exquisite 18ct Sunrise Gold Water Wave Diamond Band in Gr\u00f6\u00dfe M bei PureJewels UK. Dieser Ring ist ein perfektes Statement St\u00fcck.","breadcrumb":{"@id":"https:\/\/www.purejewels.com\/product\/water-wave-diamond-band-48135\/#breadcrumb"},"inLanguage":"de","potentialAction":[{"@type":"ReadAction","target":["https:\/\/www.purejewels.com\/product\/water-wave-diamond-band-48135\/"]}]},{"@type":"ImageObject","inLanguage":"de","@id":"https:\/\/www.purejewels.com\/product\/water-wave-diamond-band-48135\/#primaryimage","url":"https:\/\/static.purejewels.com\/wp-content\/uploads\/2024\/03\/48135.png","contentUrl":"https:\/\/static.purejewels.com\/wp-content\/uploads\/2024\/03\/48135.png","width":1000,"height":1000,"caption":"Water Wave Diamond Band"},{"@type":"BreadcrumbList","@id":"https:\/\/www.purejewels.com\/product\/water-wave-diamond-band-48135\/#breadcrumb","itemListElement":[{"@type":"ListItem","position":1,"name":"Home","item":"https:\/\/www.purejewels.com\/"},{"@type":"ListItem","position":2,"name":"Shop","item":"https:\/\/www.purejewels.com\/shop\/"},{"@type":"ListItem","position":3,"name":"Water Wave Diamond Band"}]},{"@type":"WebSite","@id":"https:\/\/www.purejewels.com\/#website","url":"https:\/\/www.purejewels.com\/","name":"PureJewels UK","description":"Teile die Liebe","publisher":{"@id":"https:\/\/www.purejewels.com\/#organization"},"potentialAction":[{"@type":"SearchAction","target":{"@type":"EntryPoint","urlTemplate":"https:\/\/www.purejewels.com\/?s={search_term_string}"},"query-input":{"@type":"PropertyValueSpecification","valueRequired":true,"valueName":"search_term_string"}}],"inLanguage":"de"},{"@type":"Organization","@id":"https:\/\/www.purejewels.com\/#organization","name":"PureJewels UK","url":"https:\/\/www.purejewels.com\/","logo":{"@type":"ImageObject","inLanguage":"de","@id":"https:\/\/www.purejewels.com\/#\/schema\/logo\/image\/","url":"https:\/\/static.purejewels.com\/wp-content\/uploads\/2020\/11\/Logo-PJ-New-1.png","contentUrl":"https:\/\/static.purejewels.com\/wp-content\/uploads\/2020\/11\/Logo-PJ-New-1.png","width":150,"height":80,"caption":"PureJewels UK"},"image":{"@id":"https:\/\/www.purejewels.com\/#\/schema\/logo\/image\/"}}]}},"_links":{"self":[{"href":"https:\/\/www.purejewels.com\/de\/wp-json\/wp\/v2\/product\/390161","targetHints":{"allow":["GET"]}}],"collection":[{"href":"https:\/\/www.purejewels.com\/de\/wp-json\/wp\/v2\/product"}],"about":[{"href":"https:\/\/www.purejewels.com\/de\/wp-json\/wp\/v2\/types\/product"}],"replies":[{"embeddable":true,"href":"https:\/\/www.purejewels.com\/de\/wp-json\/wp\/v2\/comments?post=390161"}],"version-history":[{"count":5,"href":"https:\/\/www.purejewels.com\/de\/wp-json\/wp\/v2\/product\/390161\/revisions"}],"predecessor-version":[{"id":392345,"href":"https:\/\/www.purejewels.com\/de\/wp-json\/wp\/v2\/product\/390161\/revisions\/392345"}],"wp:featuredmedia":[{"embeddable":true,"href":"https:\/\/www.purejewels.com\/de\/wp-json\/wp\/v2\/media\/391873"}],"wp:attachment":[{"href":"https:\/\/www.purejewels.com\/de\/wp-json\/wp\/v2\/media?parent=390161"}],"wp:term":[{"taxonomy":"product_brand","embeddable":true,"href":"https:\/\/www.purejewels.com\/de\/wp-json\/wp\/v2\/product_brand?post=390161"},{"taxonomy":"product_cat","embeddable":true,"href":"https:\/\/www.purejewels.com\/de\/wp-json\/wp\/v2\/product_cat?post=390161"},{"taxonomy":"product_tag","embeddable":true,"href":"https:\/\/www.purejewels.com\/de\/wp-json\/wp\/v2\/product_tag?post=390161"}],"curies":[{"name":"wp","href":"https:\/\/api.w.org\/{rel}","templated":true}]}}