{"id":390246,"date":"2024-03-26T10:46:42","date_gmt":"2024-03-26T10:46:42","guid":{"rendered":"https:\/\/www.purejewels.com\/?post_type=product&#038;p=390246"},"modified":"2026-02-09T10:27:43","modified_gmt":"2026-02-09T10:27:43","slug":"lotos-diamant-ohrstecker-51541","status":"publish","type":"product","link":"https:\/\/www.purejewels.com\/de\/product\/lotus-diamond-stud-earring-51541\/","title":{"rendered":"Lotus-Knopfstecker 0,81ct"},"content":{"rendered":"<p class=\"\" data-start=\"202\" data-end=\"745\"><strong data-start=\"202\" data-end=\"230\">1. Inspiration und Geschichte<\/strong><br data-start=\"230\" data-end=\"233\" \/>Die Budding Lotus Earrings sind ein raffinierter Ausdruck von Anf\u00e4ngen - eine Hommage an die stille Kraft, die einer dauerhaften Liebe zugrunde liegt. Inspiriert von den ersten R\u00fchrungen eines Lotus, der sich dem Licht entgegenstreckt, symbolisieren diese Ohrringe das Versprechen einer Verbindung, die sich noch entfaltet. Jeder Ohrstecker spiegelt Gelassenheit, Hoffnung und Eleganz wider und f\u00e4ngt die sanfte Vorfreude auf die ersten Kapitel der Liebe ein. Als Teil der Lotus-Kollektion stehen sie f\u00fcr einen Moment in der Bl\u00fcte - wo Stille auf Wachstum trifft und die Absicht zum Strahlen wird.<\/p>\n<p class=\"\" data-start=\"747\" data-end=\"1410\"><strong data-start=\"747\" data-end=\"780\">2. Material und handwerkliches K\u00f6nnen<\/strong><br data-start=\"780\" data-end=\"783\" \/>Die in London in liebevoller Handarbeit aus exklusivem 22-Karat-Sunrise-Gold von PureJewels gefertigten Budding Lotus Earrings strahlen W\u00e4rme und Reinheit aus. Ein Diamant im Brillantschliff verankert jeden Ohrring, gehalten von schlanken, skulpturalen Zinken, die die Form von Lotusranken widerspiegeln - stark, anmutig und st\u00fctzend. Eine zarte arabeske Galerie unterhalb der Fassung erinnert an Bl\u00fctenbl\u00e4tter, die sich gerade zu entfalten beginnen - ein verstecktes Detail, das nur fl\u00fcchtig zu sehen ist, wie ein Geheimnis, das zwischen zwei Seelen gefl\u00fcstert wird. Das Gesamtdesign ist minimalistisch, aber dennoch mit durchdachten Nuancen versehen, die die nat\u00fcrliche Sch\u00f6nheit des Steins und des Metalls mit ruhigem Vertrauen sprechen lassen.<\/p>\n<p class=\"\" data-start=\"1412\" data-end=\"1949\"><strong data-start=\"1412\" data-end=\"1431\">3. Styling-Tipps<\/strong><br data-start=\"1431\" data-end=\"1434\" \/>Die zur\u00fcckhaltenden und doch ausdrucksstarken Budding Lotus Ohrringe sind ein sch\u00f6ner Begleiter f\u00fcr den Alltag. Ihre kompakte Form und die organischen Details bieten genau die richtige Balance aus Weichheit und Struktur. Tragen Sie sie allein f\u00fcr m\u00fchelose Eleganz oder kombinieren Sie sie mit anderen Lotus-St\u00fccken - wie einer zarten Kette oder einem geformten Band - f\u00fcr eine tiefere symbolische Verbindung. Ob als Geschenk f\u00fcr einen Neuanfang oder als pers\u00f6nlicher Talisman, sie erinnern an die Kraft der Einfachheit.<\/p>\n<p><strong><b>Diamant Details<\/b><\/strong><br \/>\nDie Diamanten des Zentrums sind GIA-zertifiziert, um ihre Qualit\u00e4t und Echtheit zu gew\u00e4hrleisten.<\/p>","protected":false},"excerpt":{"rendered":"<p>Diese anmutigen und bedeutungsvollen 22ct Sunrise Gold Budding Lotus Ohrringe sind mit 0,81ct nat\u00fcrlichen Diamanten besetzt - eine strahlende Hommage an die Liebe, die gerade zu bl\u00fchen beginnt.<\/p>\n<p><strong>Material:<\/strong> 22ct Sonnenaufgang Gold<br \/>\n<strong><strong>Wahrzeichen: <\/strong><\/strong>Britisches G\u00fctesiegel<strong><strong><br \/>\n<\/strong><\/strong><strong><strong>Stein: <\/strong><\/strong>Nat\u00fcrliche Diamanten<strong><strong><br \/>\n<strong>Gewicht der Diamanten: <\/strong><\/strong><\/strong>0,81ct (insgesamt)<strong><strong><strong><br \/>\n<\/strong><\/strong><\/strong><strong><strong><strong><strong><strong><strong>Bruttogewicht:\u00a0 <\/strong><\/strong><\/strong><\/strong><\/strong><\/strong>2.1 Gms<strong><strong><strong><strong><strong><br \/>\n<strong>SKU: <\/strong><\/strong><\/strong><\/strong><\/strong><\/strong>51541<\/p>\n<p><strong><strong><strong><strong><strong><strong>Preis und Lieferung: <\/strong><\/strong><\/strong><\/strong><\/strong><\/strong>Inklusive Mehrwertsteuer und Lieferkosten<strong><strong><strong><strong><strong><br \/>\n<a href=\"https:\/\/www.purejewels.com\/de\/ruckgabepolitik\/\">R\u00fcckgabepolitik<\/a><\/strong><\/strong><\/strong><\/strong><\/strong><\/p>","protected":false},"featured_media":391394,"comment_status":"closed","ping_status":"closed","template":"","meta":{"_eb_attr":"","_crsspst_to_jayantr4sg-hostcom":false},"product_brand":[],"product_cat":[1791,5458,5457,1254,1229,1633,1577,1569,1573,1574],"product_tag":[5963,66],"class_list":{"0":"post-390246","1":"product","2":"type-product","3":"status-publish","4":"has-post-thumbnail","6":"product_cat-anniversary-gifts","7":"product_cat-diamond-earring","8":"product_cat-diamond-jewellery","9":"product_cat-gold-earrings","10":"product_cat-22ct-gold-jewellery","11":"product_cat-lotus-collections","12":"product_cat-stud-earrings","13":"product_cat-valentine-day-gifts","14":"product_cat-wedding-gifts","15":"product_cat-womens-jewellery","16":"product_tag-diamond","17":"product_tag-earrings","19":"first","20":"instock","21":"taxable","22":"shipping-taxable","23":"purchasable","24":"product-type-simple","25":"add-to-wishlist-before_image"},"yoast_head":"<!-- This site is optimized with the Yoast SEO plugin v27.5 - https:\/\/yoast.com\/product\/yoast-seo-wordpress\/ -->\n<title>22ct Solitaire Stud Earring | Diamond Earring online at PureJewels<\/title>\n<meta name=\"description\" content=\"Elegant 22ct gold solitaire studs featuring a brilliant diamond, tendril-inspired prongs, and a hidden petal gallery. A timeless symbol of love and growth.\" \/>\n<meta name=\"robots\" content=\"index, follow, max-snippet:-1, max-image-preview:large, max-video-preview:-1\" \/>\n<link rel=\"canonical\" href=\"https:\/\/www.purejewels.com\/de\/produkt-2\/lotos-diamant-ohrstecker-51541\/\" \/>\n<meta property=\"og:locale\" content=\"de_DE\" \/>\n<meta property=\"og:type\" content=\"article\" \/>\n<meta property=\"og:title\" content=\"22ct Solitaire Stud Earring | Diamond Earring online at PureJewels\" \/>\n<meta property=\"og:description\" content=\"Elegant 22ct gold solitaire studs featuring a brilliant diamond, tendril-inspired prongs, and a hidden petal gallery. A timeless symbol of love and growth.\" \/>\n<meta property=\"og:url\" content=\"https:\/\/www.purejewels.com\/de\/produkt-2\/lotos-diamant-ohrstecker-51541\/\" \/>\n<meta property=\"og:site_name\" content=\"PureJewels UK\" \/>\n<meta property=\"article:modified_time\" content=\"2026-02-09T10:27:43+00:00\" \/>\n<meta property=\"og:image\" content=\"https:\/\/static.purejewels.com\/wp-content\/uploads\/2024\/03\/4_1.png\" \/>\n\t<meta property=\"og:image:width\" content=\"1742\" \/>\n\t<meta property=\"og:image:height\" content=\"1742\" \/>\n\t<meta property=\"og:image:type\" content=\"image\/png\" \/>\n<meta name=\"twitter:card\" content=\"summary_large_image\" \/>\n<meta name=\"twitter:label1\" content=\"Gesch\u00e4tzte Lesezeit\" \/>\n\t<meta name=\"twitter:data1\" content=\"2\u00a0Minuten\" \/>\n<script type=\"application\/ld+json\" class=\"yoast-schema-graph\">{\"@context\":\"https:\\\/\\\/schema.org\",\"@graph\":[{\"@type\":[\"WebPage\",\"ItemPage\"],\"@id\":\"https:\\\/\\\/www.purejewels.com\\\/product\\\/lotus-diamond-stud-earring-51541\\\/\",\"url\":\"https:\\\/\\\/www.purejewels.com\\\/product\\\/lotus-diamond-stud-earring-51541\\\/\",\"name\":\"22ct Solitaire Stud Earring | Diamond Earring online at PureJewels\",\"isPartOf\":{\"@id\":\"https:\\\/\\\/www.purejewels.com\\\/#website\"},\"primaryImageOfPage\":{\"@id\":\"https:\\\/\\\/www.purejewels.com\\\/product\\\/lotus-diamond-stud-earring-51541\\\/#primaryimage\"},\"image\":{\"@id\":\"https:\\\/\\\/www.purejewels.com\\\/product\\\/lotus-diamond-stud-earring-51541\\\/#primaryimage\"},\"thumbnailUrl\":\"https:\\\/\\\/static.purejewels.com\\\/wp-content\\\/uploads\\\/2024\\\/03\\\/4_1.png\",\"datePublished\":\"2024-03-26T10:46:42+00:00\",\"dateModified\":\"2026-02-09T10:27:43+00:00\",\"description\":\"Elegant 22ct gold solitaire studs featuring a brilliant diamond, tendril-inspired prongs, and a hidden petal gallery. A timeless symbol of love and growth.\",\"breadcrumb\":{\"@id\":\"https:\\\/\\\/www.purejewels.com\\\/product\\\/lotus-diamond-stud-earring-51541\\\/#breadcrumb\"},\"inLanguage\":\"de\",\"potentialAction\":[{\"@type\":\"ReadAction\",\"target\":[\"https:\\\/\\\/www.purejewels.com\\\/product\\\/lotus-diamond-stud-earring-51541\\\/\"]}]},{\"@type\":\"ImageObject\",\"inLanguage\":\"de\",\"@id\":\"https:\\\/\\\/www.purejewels.com\\\/product\\\/lotus-diamond-stud-earring-51541\\\/#primaryimage\",\"url\":\"https:\\\/\\\/static.purejewels.com\\\/wp-content\\\/uploads\\\/2024\\\/03\\\/4_1.png\",\"contentUrl\":\"https:\\\/\\\/static.purejewels.com\\\/wp-content\\\/uploads\\\/2024\\\/03\\\/4_1.png\",\"width\":1742,\"height\":1742,\"caption\":\"Budding Lotus Earring\"},{\"@type\":\"BreadcrumbList\",\"@id\":\"https:\\\/\\\/www.purejewels.com\\\/product\\\/lotus-diamond-stud-earring-51541\\\/#breadcrumb\",\"itemListElement\":[{\"@type\":\"ListItem\",\"position\":1,\"name\":\"Home\",\"item\":\"https:\\\/\\\/www.purejewels.com\\\/\"},{\"@type\":\"ListItem\",\"position\":2,\"name\":\"Shop\",\"item\":\"https:\\\/\\\/www.purejewels.com\\\/shop\\\/\"},{\"@type\":\"ListItem\",\"position\":3,\"name\":\"Lotus Bud Studs 0.81ct\"}]},{\"@type\":\"WebSite\",\"@id\":\"https:\\\/\\\/www.purejewels.com\\\/#website\",\"url\":\"https:\\\/\\\/www.purejewels.com\\\/\",\"name\":\"PureJewels UK\",\"description\":\"Share the Love\",\"publisher\":{\"@id\":\"https:\\\/\\\/www.purejewels.com\\\/#organization\"},\"potentialAction\":[{\"@type\":\"SearchAction\",\"target\":{\"@type\":\"EntryPoint\",\"urlTemplate\":\"https:\\\/\\\/www.purejewels.com\\\/?s={search_term_string}\"},\"query-input\":{\"@type\":\"PropertyValueSpecification\",\"valueRequired\":true,\"valueName\":\"search_term_string\"}}],\"inLanguage\":\"de\"},{\"@type\":\"Organization\",\"@id\":\"https:\\\/\\\/www.purejewels.com\\\/#organization\",\"name\":\"PureJewels UK\",\"url\":\"https:\\\/\\\/www.purejewels.com\\\/\",\"logo\":{\"@type\":\"ImageObject\",\"inLanguage\":\"de\",\"@id\":\"https:\\\/\\\/www.purejewels.com\\\/#\\\/schema\\\/logo\\\/image\\\/\",\"url\":\"https:\\\/\\\/static.purejewels.com\\\/wp-content\\\/uploads\\\/2020\\\/11\\\/Logo-PJ-New-1.png\",\"contentUrl\":\"https:\\\/\\\/static.purejewels.com\\\/wp-content\\\/uploads\\\/2020\\\/11\\\/Logo-PJ-New-1.png\",\"width\":150,\"height\":80,\"caption\":\"PureJewels UK\"},\"image\":{\"@id\":\"https:\\\/\\\/www.purejewels.com\\\/#\\\/schema\\\/logo\\\/image\\\/\"}}]}<\/script>\n<!-- \/ Yoast SEO plugin. -->","yoast_head_json":{"title":"22ct Solit\u00e4r-Ohrstecker | Diamant-Ohrring online bei PureJewels","description":"Elegante Solit\u00e4r-Ohrstecker aus 22-kar\u00e4tigem Gold mit einem Brillanten, von Ranken inspirierten Zacken und einer versteckten Bl\u00fctenblattgalerie. Ein zeitloses Symbol f\u00fcr Liebe und Wachstum.","robots":{"index":"index","follow":"follow","max-snippet":"max-snippet:-1","max-image-preview":"max-image-preview:large","max-video-preview":"max-video-preview:-1"},"canonical":"https:\/\/www.purejewels.com\/de\/produkt-2\/lotos-diamant-ohrstecker-51541\/","og_locale":"de_DE","og_type":"article","og_title":"22ct Solitaire Stud Earring | Diamond Earring online at PureJewels","og_description":"Elegant 22ct gold solitaire studs featuring a brilliant diamond, tendril-inspired prongs, and a hidden petal gallery. A timeless symbol of love and growth.","og_url":"https:\/\/www.purejewels.com\/de\/produkt-2\/lotos-diamant-ohrstecker-51541\/","og_site_name":"PureJewels UK","article_modified_time":"2026-02-09T10:27:43+00:00","og_image":[{"width":1742,"height":1742,"url":"https:\/\/static.purejewels.com\/wp-content\/uploads\/2024\/03\/4_1.png","type":"image\/png"}],"twitter_card":"summary_large_image","twitter_misc":{"Gesch\u00e4tzte Lesezeit":"2\u00a0Minuten"},"schema":{"@context":"https:\/\/schema.org","@graph":[{"@type":["WebPage","ItemPage"],"@id":"https:\/\/www.purejewels.com\/product\/lotus-diamond-stud-earring-51541\/","url":"https:\/\/www.purejewels.com\/product\/lotus-diamond-stud-earring-51541\/","name":"22ct Solit\u00e4r-Ohrstecker | Diamant-Ohrring online bei PureJewels","isPartOf":{"@id":"https:\/\/www.purejewels.com\/#website"},"primaryImageOfPage":{"@id":"https:\/\/www.purejewels.com\/product\/lotus-diamond-stud-earring-51541\/#primaryimage"},"image":{"@id":"https:\/\/www.purejewels.com\/product\/lotus-diamond-stud-earring-51541\/#primaryimage"},"thumbnailUrl":"https:\/\/static.purejewels.com\/wp-content\/uploads\/2024\/03\/4_1.png","datePublished":"2024-03-26T10:46:42+00:00","dateModified":"2026-02-09T10:27:43+00:00","description":"Elegante Solit\u00e4r-Ohrstecker aus 22-kar\u00e4tigem Gold mit einem Brillanten, von Ranken inspirierten Zacken und einer versteckten Bl\u00fctenblattgalerie. Ein zeitloses Symbol f\u00fcr Liebe und Wachstum.","breadcrumb":{"@id":"https:\/\/www.purejewels.com\/product\/lotus-diamond-stud-earring-51541\/#breadcrumb"},"inLanguage":"de","potentialAction":[{"@type":"ReadAction","target":["https:\/\/www.purejewels.com\/product\/lotus-diamond-stud-earring-51541\/"]}]},{"@type":"ImageObject","inLanguage":"de","@id":"https:\/\/www.purejewels.com\/product\/lotus-diamond-stud-earring-51541\/#primaryimage","url":"https:\/\/static.purejewels.com\/wp-content\/uploads\/2024\/03\/4_1.png","contentUrl":"https:\/\/static.purejewels.com\/wp-content\/uploads\/2024\/03\/4_1.png","width":1742,"height":1742,"caption":"Budding Lotus Earring"},{"@type":"BreadcrumbList","@id":"https:\/\/www.purejewels.com\/product\/lotus-diamond-stud-earring-51541\/#breadcrumb","itemListElement":[{"@type":"ListItem","position":1,"name":"Home","item":"https:\/\/www.purejewels.com\/"},{"@type":"ListItem","position":2,"name":"Shop","item":"https:\/\/www.purejewels.com\/shop\/"},{"@type":"ListItem","position":3,"name":"Lotus Bud Studs 0.81ct"}]},{"@type":"WebSite","@id":"https:\/\/www.purejewels.com\/#website","url":"https:\/\/www.purejewels.com\/","name":"PureJewels UK","description":"Teile die Liebe","publisher":{"@id":"https:\/\/www.purejewels.com\/#organization"},"potentialAction":[{"@type":"SearchAction","target":{"@type":"EntryPoint","urlTemplate":"https:\/\/www.purejewels.com\/?s={search_term_string}"},"query-input":{"@type":"PropertyValueSpecification","valueRequired":true,"valueName":"search_term_string"}}],"inLanguage":"de"},{"@type":"Organization","@id":"https:\/\/www.purejewels.com\/#organization","name":"PureJewels UK","url":"https:\/\/www.purejewels.com\/","logo":{"@type":"ImageObject","inLanguage":"de","@id":"https:\/\/www.purejewels.com\/#\/schema\/logo\/image\/","url":"https:\/\/static.purejewels.com\/wp-content\/uploads\/2020\/11\/Logo-PJ-New-1.png","contentUrl":"https:\/\/static.purejewels.com\/wp-content\/uploads\/2020\/11\/Logo-PJ-New-1.png","width":150,"height":80,"caption":"PureJewels UK"},"image":{"@id":"https:\/\/www.purejewels.com\/#\/schema\/logo\/image\/"}}]}},"_links":{"self":[{"href":"https:\/\/www.purejewels.com\/de\/wp-json\/wp\/v2\/product\/390246","targetHints":{"allow":["GET"]}}],"collection":[{"href":"https:\/\/www.purejewels.com\/de\/wp-json\/wp\/v2\/product"}],"about":[{"href":"https:\/\/www.purejewels.com\/de\/wp-json\/wp\/v2\/types\/product"}],"replies":[{"embeddable":true,"href":"https:\/\/www.purejewels.com\/de\/wp-json\/wp\/v2\/comments?post=390246"}],"version-history":[{"count":6,"href":"https:\/\/www.purejewels.com\/de\/wp-json\/wp\/v2\/product\/390246\/revisions"}],"predecessor-version":[{"id":420056,"href":"https:\/\/www.purejewels.com\/de\/wp-json\/wp\/v2\/product\/390246\/revisions\/420056"}],"wp:featuredmedia":[{"embeddable":true,"href":"https:\/\/www.purejewels.com\/de\/wp-json\/wp\/v2\/media\/391394"}],"wp:attachment":[{"href":"https:\/\/www.purejewels.com\/de\/wp-json\/wp\/v2\/media?parent=390246"}],"wp:term":[{"taxonomy":"product_brand","embeddable":true,"href":"https:\/\/www.purejewels.com\/de\/wp-json\/wp\/v2\/product_brand?post=390246"},{"taxonomy":"product_cat","embeddable":true,"href":"https:\/\/www.purejewels.com\/de\/wp-json\/wp\/v2\/product_cat?post=390246"},{"taxonomy":"product_tag","embeddable":true,"href":"https:\/\/www.purejewels.com\/de\/wp-json\/wp\/v2\/product_tag?post=390246"}],"curies":[{"name":"wp","href":"https:\/\/api.w.org\/{rel}","templated":true}]}}