{"id":390265,"date":"2025-04-15T11:08:14","date_gmt":"2025-04-15T10:08:14","guid":{"rendered":"https:\/\/www.purejewels.com\/?post_type=product&#038;p=390265"},"modified":"2026-02-09T10:24:28","modified_gmt":"2026-02-09T10:24:28","slug":"lotus-solitar-diamant-ohrringe-48856","status":"publish","type":"product","link":"https:\/\/www.purejewels.com\/de\/product\/lotus-solitaire-diamond-earrings-48856\/","title":{"rendered":"Lotus-Knopfstecker 0,61ct"},"content":{"rendered":"<p><strong>1. Inspiration und Geschichte<\/strong><\/p>\n<p>Die Budding Lotus Earring sind eine stille und doch kraftvolle Feier der Liebe in ihrer reinsten Form - strahlend, verwurzelt und immer bl\u00fchend. Inspiriert von der Lotusblume, die sich dem Licht \u00f6ffnet, ehren diese Ohrringe die St\u00e4rke und Sch\u00f6nheit, die in der Einfachheit liegt. Ein einzelner Brillant sitzt im Herzen jedes Ohrsteckers und f\u00e4ngt die Essenz einer aufkeimenden Liebesgeschichte ein. Als Teil der Lotus-Kollektion verk\u00f6rpern diese Ohrringe die Stille und Klarheit, die eine tiefe Verbindung mit sich bringt - ein Symbol f\u00fcr dauerhafte Anmut und emotionales Wachstum, das sich Bl\u00fctenblatt f\u00fcr Bl\u00fctenblatt auf der Reise des Lebens entfaltet.<\/p>\n<p><strong>2. Material und handwerkliches K\u00f6nnen<\/strong><\/p>\n<p>Die in London handgefertigten Budding Lotus Earring werden aus 22 Karat Sunrise Gold von PureJewels gefertigt und strahlen einen sanften, goldenen Schimmer aus. In der Mitte jedes Ohrrings befindet sich ein Diamant im Brillantschliff, der von ranken\u00e4hnlichen Zacken gehalten wird, die an die sanfte und doch unersch\u00fctterliche Umarmung eines Lotosbl\u00fctenstiels erinnern. Unterhalb des Diamanten ahmt eine verschlungene Arabeskengalerie die sich entfaltenden Bl\u00fctenbl\u00e4tter nach und schafft eine verborgene Ebene der Sch\u00f6nheit, die nur in Momenten der Bewegung sichtbar wird. Diese subtile, bl\u00fctenblatt\u00e4hnliche Struktur unterstreicht das Lichtspiel um den Stein und verleiht dem Design eine ruhige Tiefe. Raffiniert und minimalistisch, spiegelt jedes Detail die Kunstfertigkeit unserer Meisterhandwerker wider - wo nat\u00fcrliche Inspiration auf zeitlose Eleganz trifft.<\/p>\n<p><strong>3. Styling-Tipps<\/strong><\/p>\n<p>Die eleganten und vielseitigen Budding Lotus Ohrringe sind so konzipiert, dass sie m\u00fchelos getragen werden k\u00f6nnen - von morgendlichen Ritualen bis hin zu abendlichen Reflektionen. Ihre zeitlose Silhouette macht sie perfekt f\u00fcr den t\u00e4glichen Gebrauch, w\u00e4hrend die symbolischen Details f\u00fcr bedeutungsvolle Anl\u00e4sse mehr Tiefe verleihen. Kombinieren Sie sie mit dem Lotus-Verlobungsring oder einem von Bl\u00fctenbl\u00e4ttern inspirierten Anh\u00e4nger f\u00fcr einen harmonischen Look, oder lassen Sie sie allein als Ihr Markenzeichen erstrahlen - eine stille Erinnerung an Sch\u00f6nheit, Wachstum und innere St\u00e4rke.<\/p>\n<p><strong>Diamant Details<\/strong><\/p>\n<p>Die Diamanten des Zentrums sind GIA-zertifiziert, um ihre Qualit\u00e4t und Echtheit zu gew\u00e4hrleisten.<\/p>","protected":false},"excerpt":{"rendered":"<p>Die zarten und symboltr\u00e4chtigen 22ct Sunrise Gold Budding Lotus Earrings sind mit 0,61ct nat\u00fcrlichen Diamanten besetzt und fangen die stille Sch\u00f6nheit der Liebe in ihrer fr\u00fchesten Bl\u00fcte ein.<\/p>\n<p><strong>Material:<\/strong> 22ct Sonnenaufgang Gold<br \/>\n<strong><strong>Wahrzeichen: <\/strong><\/strong>Britisches G\u00fctesiegel<strong><strong><br \/>\n<\/strong><\/strong><strong><strong>Stein: <\/strong><\/strong>Nat\u00fcrliche Diamanten<strong><strong><br \/>\n<strong>Gewicht der Diamanten: <\/strong><\/strong><\/strong>0,61ct (insgesamt)<strong><strong><strong><br \/>\n<\/strong><\/strong><\/strong><strong><strong><strong><strong><strong><strong>Bruttogewicht:\u00a0 <\/strong><\/strong><\/strong><\/strong><\/strong><\/strong>1,80 Gramm<strong><strong><strong><strong><strong><br \/>\n<strong>SKU: <\/strong><\/strong><\/strong><\/strong><\/strong><\/strong>51540<\/p>\n<p><strong><strong><strong><strong><strong><strong>Preis und Lieferung: <\/strong><\/strong><\/strong><\/strong><\/strong><\/strong>Inklusive Mehrwertsteuer und Lieferkosten<strong><strong><strong><strong><strong><br \/>\n<a href=\"https:\/\/www.purejewels.com\/de\/ruckgabepolitik\/\">R\u00fcckgabepolitik<\/a><\/strong><\/strong><\/strong><\/strong><\/strong><\/p>","protected":false},"featured_media":391389,"comment_status":"closed","ping_status":"closed","template":"","meta":{"_eb_attr":"","_crsspst_to_jayantr4sg-hostcom":false},"product_brand":[],"product_cat":[1791,5458,5457,1254,1229,1633,1577,1569,1573,1574],"product_tag":[66],"class_list":{"0":"post-390265","1":"product","2":"type-product","3":"status-publish","4":"has-post-thumbnail","6":"product_cat-anniversary-gifts","7":"product_cat-diamond-earring","8":"product_cat-diamond-jewellery","9":"product_cat-gold-earrings","10":"product_cat-22ct-gold-jewellery","11":"product_cat-lotus-collections","12":"product_cat-stud-earrings","13":"product_cat-valentine-day-gifts","14":"product_cat-wedding-gifts","15":"product_cat-womens-jewellery","16":"product_tag-earrings","18":"first","19":"instock","20":"taxable","21":"shipping-taxable","22":"purchasable","23":"product-type-simple","24":"add-to-wishlist-before_image"},"yoast_head":"<!-- This site is optimized with the Yoast SEO plugin v27.5 - https:\/\/yoast.com\/product\/yoast-seo-wordpress\/ -->\n<title>22ct Budding Lotus Earring | Diamond Earring | PureJewels UK<\/title>\n<meta name=\"description\" content=\"Discover the Budding Lotus Earring at PureJewels UK. Shop exquisite craftsmanship and timeless beauty. Perfect for any occasion.\" \/>\n<meta name=\"robots\" content=\"index, follow, max-snippet:-1, max-image-preview:large, max-video-preview:-1\" \/>\n<link rel=\"canonical\" href=\"https:\/\/www.purejewels.com\/de\/produkt-2\/lotus-solitar-diamant-ohrringe-48856\/\" \/>\n<meta property=\"og:locale\" content=\"de_DE\" \/>\n<meta property=\"og:type\" content=\"article\" \/>\n<meta property=\"og:title\" content=\"22ct Budding Lotus Earring | Diamond Earring | PureJewels UK\" \/>\n<meta property=\"og:description\" content=\"Discover the Budding Lotus Earring at PureJewels UK. Shop exquisite craftsmanship and timeless beauty. Perfect for any occasion.\" \/>\n<meta property=\"og:url\" content=\"https:\/\/www.purejewels.com\/de\/produkt-2\/lotus-solitar-diamant-ohrringe-48856\/\" \/>\n<meta property=\"og:site_name\" content=\"PureJewels UK\" \/>\n<meta property=\"article:modified_time\" content=\"2026-02-09T10:24:28+00:00\" \/>\n<meta property=\"og:image\" content=\"https:\/\/static.purejewels.com\/wp-content\/uploads\/2024\/03\/3_1.png\" \/>\n\t<meta property=\"og:image:width\" content=\"1742\" \/>\n\t<meta property=\"og:image:height\" content=\"1742\" \/>\n\t<meta property=\"og:image:type\" content=\"image\/png\" \/>\n<meta name=\"twitter:card\" content=\"summary_large_image\" \/>\n<meta name=\"twitter:label1\" content=\"Gesch\u00e4tzte Lesezeit\" \/>\n\t<meta name=\"twitter:data1\" content=\"2\u00a0Minuten\" \/>\n<script type=\"application\/ld+json\" class=\"yoast-schema-graph\">{\"@context\":\"https:\\\/\\\/schema.org\",\"@graph\":[{\"@type\":[\"WebPage\",\"ItemPage\"],\"@id\":\"https:\\\/\\\/www.purejewels.com\\\/product\\\/lotus-solitaire-diamond-earrings-48856\\\/\",\"url\":\"https:\\\/\\\/www.purejewels.com\\\/product\\\/lotus-solitaire-diamond-earrings-48856\\\/\",\"name\":\"22ct Budding Lotus Earring | Diamond Earring | PureJewels UK\",\"isPartOf\":{\"@id\":\"https:\\\/\\\/www.purejewels.com\\\/#website\"},\"primaryImageOfPage\":{\"@id\":\"https:\\\/\\\/www.purejewels.com\\\/product\\\/lotus-solitaire-diamond-earrings-48856\\\/#primaryimage\"},\"image\":{\"@id\":\"https:\\\/\\\/www.purejewels.com\\\/product\\\/lotus-solitaire-diamond-earrings-48856\\\/#primaryimage\"},\"thumbnailUrl\":\"https:\\\/\\\/static.purejewels.com\\\/wp-content\\\/uploads\\\/2024\\\/03\\\/3_1.png\",\"datePublished\":\"2025-04-15T10:08:14+00:00\",\"dateModified\":\"2026-02-09T10:24:28+00:00\",\"description\":\"Discover the Budding Lotus Earring at PureJewels UK. Shop exquisite craftsmanship and timeless beauty. Perfect for any occasion.\",\"breadcrumb\":{\"@id\":\"https:\\\/\\\/www.purejewels.com\\\/product\\\/lotus-solitaire-diamond-earrings-48856\\\/#breadcrumb\"},\"inLanguage\":\"de\",\"potentialAction\":[{\"@type\":\"ReadAction\",\"target\":[\"https:\\\/\\\/www.purejewels.com\\\/product\\\/lotus-solitaire-diamond-earrings-48856\\\/\"]}]},{\"@type\":\"ImageObject\",\"inLanguage\":\"de\",\"@id\":\"https:\\\/\\\/www.purejewels.com\\\/product\\\/lotus-solitaire-diamond-earrings-48856\\\/#primaryimage\",\"url\":\"https:\\\/\\\/static.purejewels.com\\\/wp-content\\\/uploads\\\/2024\\\/03\\\/3_1.png\",\"contentUrl\":\"https:\\\/\\\/static.purejewels.com\\\/wp-content\\\/uploads\\\/2024\\\/03\\\/3_1.png\",\"width\":1742,\"height\":1742,\"caption\":\"Budding Lotus Earring\"},{\"@type\":\"BreadcrumbList\",\"@id\":\"https:\\\/\\\/www.purejewels.com\\\/product\\\/lotus-solitaire-diamond-earrings-48856\\\/#breadcrumb\",\"itemListElement\":[{\"@type\":\"ListItem\",\"position\":1,\"name\":\"Home\",\"item\":\"https:\\\/\\\/www.purejewels.com\\\/\"},{\"@type\":\"ListItem\",\"position\":2,\"name\":\"Shop\",\"item\":\"https:\\\/\\\/www.purejewels.com\\\/shop\\\/\"},{\"@type\":\"ListItem\",\"position\":3,\"name\":\"Lotus Bud Studs 0.61ct\"}]},{\"@type\":\"WebSite\",\"@id\":\"https:\\\/\\\/www.purejewels.com\\\/#website\",\"url\":\"https:\\\/\\\/www.purejewels.com\\\/\",\"name\":\"PureJewels UK\",\"description\":\"Share the Love\",\"publisher\":{\"@id\":\"https:\\\/\\\/www.purejewels.com\\\/#organization\"},\"potentialAction\":[{\"@type\":\"SearchAction\",\"target\":{\"@type\":\"EntryPoint\",\"urlTemplate\":\"https:\\\/\\\/www.purejewels.com\\\/?s={search_term_string}\"},\"query-input\":{\"@type\":\"PropertyValueSpecification\",\"valueRequired\":true,\"valueName\":\"search_term_string\"}}],\"inLanguage\":\"de\"},{\"@type\":\"Organization\",\"@id\":\"https:\\\/\\\/www.purejewels.com\\\/#organization\",\"name\":\"PureJewels UK\",\"url\":\"https:\\\/\\\/www.purejewels.com\\\/\",\"logo\":{\"@type\":\"ImageObject\",\"inLanguage\":\"de\",\"@id\":\"https:\\\/\\\/www.purejewels.com\\\/#\\\/schema\\\/logo\\\/image\\\/\",\"url\":\"https:\\\/\\\/static.purejewels.com\\\/wp-content\\\/uploads\\\/2020\\\/11\\\/Logo-PJ-New-1.png\",\"contentUrl\":\"https:\\\/\\\/static.purejewels.com\\\/wp-content\\\/uploads\\\/2020\\\/11\\\/Logo-PJ-New-1.png\",\"width\":150,\"height\":80,\"caption\":\"PureJewels UK\"},\"image\":{\"@id\":\"https:\\\/\\\/www.purejewels.com\\\/#\\\/schema\\\/logo\\\/image\\\/\"}}]}<\/script>\n<!-- \/ Yoast SEO plugin. -->","yoast_head_json":{"title":"22ct Knospen Lotus Ohrring | Diamant-Ohrring | PureJewels UK","description":"Entdecken Sie den Knospenden Lotus-Ohrring bei PureJewels UK. Shop exquisite Handwerkskunst und zeitlose Sch\u00f6nheit. Perfekt f\u00fcr jeden Anlass.","robots":{"index":"index","follow":"follow","max-snippet":"max-snippet:-1","max-image-preview":"max-image-preview:large","max-video-preview":"max-video-preview:-1"},"canonical":"https:\/\/www.purejewels.com\/de\/produkt-2\/lotus-solitar-diamant-ohrringe-48856\/","og_locale":"de_DE","og_type":"article","og_title":"22ct Budding Lotus Earring | Diamond Earring | PureJewels UK","og_description":"Discover the Budding Lotus Earring at PureJewels UK. Shop exquisite craftsmanship and timeless beauty. Perfect for any occasion.","og_url":"https:\/\/www.purejewels.com\/de\/produkt-2\/lotus-solitar-diamant-ohrringe-48856\/","og_site_name":"PureJewels UK","article_modified_time":"2026-02-09T10:24:28+00:00","og_image":[{"width":1742,"height":1742,"url":"https:\/\/static.purejewels.com\/wp-content\/uploads\/2024\/03\/3_1.png","type":"image\/png"}],"twitter_card":"summary_large_image","twitter_misc":{"Gesch\u00e4tzte Lesezeit":"2\u00a0Minuten"},"schema":{"@context":"https:\/\/schema.org","@graph":[{"@type":["WebPage","ItemPage"],"@id":"https:\/\/www.purejewels.com\/product\/lotus-solitaire-diamond-earrings-48856\/","url":"https:\/\/www.purejewels.com\/product\/lotus-solitaire-diamond-earrings-48856\/","name":"22ct Knospen Lotus Ohrring | Diamant-Ohrring | PureJewels UK","isPartOf":{"@id":"https:\/\/www.purejewels.com\/#website"},"primaryImageOfPage":{"@id":"https:\/\/www.purejewels.com\/product\/lotus-solitaire-diamond-earrings-48856\/#primaryimage"},"image":{"@id":"https:\/\/www.purejewels.com\/product\/lotus-solitaire-diamond-earrings-48856\/#primaryimage"},"thumbnailUrl":"https:\/\/static.purejewels.com\/wp-content\/uploads\/2024\/03\/3_1.png","datePublished":"2025-04-15T10:08:14+00:00","dateModified":"2026-02-09T10:24:28+00:00","description":"Entdecken Sie den Knospenden Lotus-Ohrring bei PureJewels UK. Shop exquisite Handwerkskunst und zeitlose Sch\u00f6nheit. Perfekt f\u00fcr jeden Anlass.","breadcrumb":{"@id":"https:\/\/www.purejewels.com\/product\/lotus-solitaire-diamond-earrings-48856\/#breadcrumb"},"inLanguage":"de","potentialAction":[{"@type":"ReadAction","target":["https:\/\/www.purejewels.com\/product\/lotus-solitaire-diamond-earrings-48856\/"]}]},{"@type":"ImageObject","inLanguage":"de","@id":"https:\/\/www.purejewels.com\/product\/lotus-solitaire-diamond-earrings-48856\/#primaryimage","url":"https:\/\/static.purejewels.com\/wp-content\/uploads\/2024\/03\/3_1.png","contentUrl":"https:\/\/static.purejewels.com\/wp-content\/uploads\/2024\/03\/3_1.png","width":1742,"height":1742,"caption":"Budding Lotus Earring"},{"@type":"BreadcrumbList","@id":"https:\/\/www.purejewels.com\/product\/lotus-solitaire-diamond-earrings-48856\/#breadcrumb","itemListElement":[{"@type":"ListItem","position":1,"name":"Home","item":"https:\/\/www.purejewels.com\/"},{"@type":"ListItem","position":2,"name":"Shop","item":"https:\/\/www.purejewels.com\/shop\/"},{"@type":"ListItem","position":3,"name":"Lotus Bud Studs 0.61ct"}]},{"@type":"WebSite","@id":"https:\/\/www.purejewels.com\/#website","url":"https:\/\/www.purejewels.com\/","name":"PureJewels UK","description":"Teile die Liebe","publisher":{"@id":"https:\/\/www.purejewels.com\/#organization"},"potentialAction":[{"@type":"SearchAction","target":{"@type":"EntryPoint","urlTemplate":"https:\/\/www.purejewels.com\/?s={search_term_string}"},"query-input":{"@type":"PropertyValueSpecification","valueRequired":true,"valueName":"search_term_string"}}],"inLanguage":"de"},{"@type":"Organization","@id":"https:\/\/www.purejewels.com\/#organization","name":"PureJewels UK","url":"https:\/\/www.purejewels.com\/","logo":{"@type":"ImageObject","inLanguage":"de","@id":"https:\/\/www.purejewels.com\/#\/schema\/logo\/image\/","url":"https:\/\/static.purejewels.com\/wp-content\/uploads\/2020\/11\/Logo-PJ-New-1.png","contentUrl":"https:\/\/static.purejewels.com\/wp-content\/uploads\/2020\/11\/Logo-PJ-New-1.png","width":150,"height":80,"caption":"PureJewels UK"},"image":{"@id":"https:\/\/www.purejewels.com\/#\/schema\/logo\/image\/"}}]}},"_links":{"self":[{"href":"https:\/\/www.purejewels.com\/de\/wp-json\/wp\/v2\/product\/390265","targetHints":{"allow":["GET"]}}],"collection":[{"href":"https:\/\/www.purejewels.com\/de\/wp-json\/wp\/v2\/product"}],"about":[{"href":"https:\/\/www.purejewels.com\/de\/wp-json\/wp\/v2\/types\/product"}],"replies":[{"embeddable":true,"href":"https:\/\/www.purejewels.com\/de\/wp-json\/wp\/v2\/comments?post=390265"}],"version-history":[{"count":6,"href":"https:\/\/www.purejewels.com\/de\/wp-json\/wp\/v2\/product\/390265\/revisions"}],"predecessor-version":[{"id":420161,"href":"https:\/\/www.purejewels.com\/de\/wp-json\/wp\/v2\/product\/390265\/revisions\/420161"}],"wp:featuredmedia":[{"embeddable":true,"href":"https:\/\/www.purejewels.com\/de\/wp-json\/wp\/v2\/media\/391389"}],"wp:attachment":[{"href":"https:\/\/www.purejewels.com\/de\/wp-json\/wp\/v2\/media?parent=390265"}],"wp:term":[{"taxonomy":"product_brand","embeddable":true,"href":"https:\/\/www.purejewels.com\/de\/wp-json\/wp\/v2\/product_brand?post=390265"},{"taxonomy":"product_cat","embeddable":true,"href":"https:\/\/www.purejewels.com\/de\/wp-json\/wp\/v2\/product_cat?post=390265"},{"taxonomy":"product_tag","embeddable":true,"href":"https:\/\/www.purejewels.com\/de\/wp-json\/wp\/v2\/product_tag?post=390265"}],"curies":[{"name":"wp","href":"https:\/\/api.w.org\/{rel}","templated":true}]}}