{"id":390534,"date":"2025-04-30T07:55:31","date_gmt":"2025-04-30T06:55:31","guid":{"rendered":"https:\/\/www.purejewels.com\/?post_type=product&#038;p=390534"},"modified":"2026-02-09T10:21:58","modified_gmt":"2026-02-09T10:21:58","slug":"blutenblatt-wasserfall-diamant-ohrring","status":"publish","type":"product","link":"https:\/\/www.purejewels.com\/de\/product\/petal-waterfall-diamond-earring\/","title":{"rendered":"Monsun-Ohrringe"},"content":{"rendered":"<p class=\"\" data-start=\"169\" data-end=\"727\"><strong data-start=\"169\" data-end=\"197\">1. Inspiration und Geschichte<\/strong><br data-start=\"197\" data-end=\"200\" \/>Die Petal Waterfall Earring sind eine anmutige Hommage an die Liebe in Bewegung - flie\u00dfend, leuchtend und sich st\u00e4ndig weiterentwickelnd. Inspiriert von der Reise der Lotusblume von der Stille zur Bl\u00fcte, ehren diese Ohrringe die Sch\u00f6nheit von Beziehungen, die sich mit der Zeit vertiefen und erbl\u00fchen. Mit jeder kaskadenf\u00f6rmigen Kurve spiegeln sie den Rhythmus der Liebe wider, die sanft und doch kraftvoll w\u00e4chst, wie Bl\u00fctenbl\u00e4tter, die sich in der Brise entfalten. Als Teil unserer Lotus-Kollektion verk\u00f6rpern sie die Gelassenheit, die Bewegung und den Glanz, die aus Verbindung, Widerstandsf\u00e4higkeit und emotionalem Fluss entstehen.<\/p>\n<p class=\"\" data-start=\"729\" data-end=\"1415\"><strong data-start=\"729\" data-end=\"762\">2. Material und handwerkliches K\u00f6nnen<\/strong><br data-start=\"762\" data-end=\"765\" \/>Die in London aus exklusivem 22-kar\u00e4tigem Sunrise Gold von PureJewels handgefertigten Petal Waterfall Earring sind mit arabeskenartigen Details versehen, die die elegante Silhouette einer Lotusbl\u00fcte nachzeichnen. Ihre vom Wasserfall inspirierte, kaskadenartige Form flie\u00dft m\u00fchelos und erzeugt bei jedem Schritt eine sanfte Bewegung. Tautropfenbesetzte Bl\u00fctenbl\u00e4tter und brillenbesetzte Diamanten sind zart aufgeh\u00e4ngt und fangen das Licht ein und reflektieren es wie Bl\u00fctenbl\u00e4tter, die im Wind tanzen. Jedes einzelne Element wurde sorgf\u00e4ltig gefertigt, um sowohl visuelle Poesie als auch technische Pr\u00e4zision zum Ausdruck zu bringen - vom sanften Goldglanz bis zur kompliziert ausbalancierten Struktur sind diese Ohrringe daf\u00fcr gemacht, sich mit Anmut und Bedeutung zu bewegen.<\/p>\n<p class=\"\" data-start=\"1417\" data-end=\"1895\"><strong data-start=\"1417\" data-end=\"1436\">3. Styling-Tipps<\/strong><br data-start=\"1436\" data-end=\"1439\" \/>Die leichten und doch auff\u00e4lligen Petal Waterfall Earrings verleihen jedem Look einen Hauch von Poesie. Perfekt f\u00fcr festliche Anl\u00e4sse, abendliche Zusammenk\u00fcnfte oder einfach, wenn Ihr Schmuck Eleganz und Emotionen ausstrahlen soll. Lassen Sie die Ohrringe als Einzelst\u00fcck erstrahlen oder kombinieren Sie sie mit einem eleganten Lotus Tendril-Band oder einem Anh\u00e4nger f\u00fcr eine vielschichtige Geschichte von Liebe und Wachstum. Ihre flie\u00dfende Form und ihr zartes Funkeln machen sie zu einer bedeutungsvollen Wahl sowohl f\u00fcr Feierlichkeiten als auch f\u00fcr die Anmut des Alltags.<\/p>\n<p><strong><b>Diamant Details<\/b><\/strong><br \/>\nDie Diamanten sind GLS-zertifiziert f\u00fcr Qualit\u00e4t und Echtheit.<\/p>","protected":false},"excerpt":{"rendered":"<p>Anmutig und flie\u00dfend fallen die Petal Waterfall Earrings aus 22 Karat Sunrise Gold mit in Tautropfen gefassten Bl\u00fctenbl\u00e4ttern und 0,64 Karat funkelnden Diamanten herab - sie fangen die Liebe in eleganter Bewegung ein. Inspiriert vom Lotus, tanzen sie wie Bl\u00fctenbl\u00e4tter im Wind.<\/p>\n<p><strong>Material:<\/strong> 22ct Sonnenaufgang Gold<strong><br \/>\n<strong>Wahrzeichen: <\/strong><\/strong>Britisches G\u00fctesiegel<br \/>\n<strong>Zertifizierung:<\/strong> GLS-zertifiziert<strong><strong><br \/>\n<\/strong><\/strong><strong><strong>Stein: <\/strong><\/strong>Diamanten<strong><strong><br \/>\n<strong>Gewicht der Diamanten: <\/strong><\/strong><\/strong>0,64ct<strong><strong><strong><br \/>\n<\/strong><\/strong><\/strong><strong><strong><strong><strong><strong><strong>Bruttogewicht: <\/strong><\/strong><\/strong><\/strong><\/strong><\/strong>12.10 Gms<strong><strong><strong><strong><strong><br \/>\n<strong>SKU: <\/strong><\/strong><\/strong><\/strong><\/strong><\/strong>51542<\/p>\n<p><strong><strong><strong><strong><strong><strong>Preis und Lieferung:<\/strong><\/strong><\/strong><\/strong><\/strong><\/strong>Inklusive Mehrwertsteuer und Lieferkosten<strong><strong><strong><strong><strong><br \/>\n<a href=\"https:\/\/www.purejewels.com\/de\/ruckgabepolitik\/\">R\u00fcckgabepolitik<\/a><\/strong><\/strong><\/strong><\/strong><\/strong><\/p>","protected":false},"featured_media":390538,"comment_status":"closed","ping_status":"closed","template":"","meta":{"_eb_attr":"","_crsspst_to_jayantr4sg-hostcom":false},"product_brand":[],"product_cat":[1791,5458,5457,1685,1254,1229,1633,1569,1574],"product_tag":[66,5995],"class_list":{"0":"post-390534","1":"product","2":"type-product","3":"status-publish","4":"has-post-thumbnail","6":"product_cat-anniversary-gifts","7":"product_cat-diamond-earring","8":"product_cat-diamond-jewellery","9":"product_cat-drop-earrings","10":"product_cat-gold-earrings","11":"product_cat-22ct-gold-jewellery","12":"product_cat-lotus-collections","13":"product_cat-valentine-day-gifts","14":"product_cat-womens-jewellery","15":"product_tag-earrings","16":"product_tag-waterfall","18":"first","19":"instock","20":"taxable","21":"shipping-taxable","22":"purchasable","23":"product-type-simple","24":"add-to-wishlist-before_image"},"yoast_head":"<!-- This site is optimized with the Yoast SEO plugin v27.4 - https:\/\/yoast.com\/product\/yoast-seo-wordpress\/ -->\n<title>Petal Waterfall Earring | Waterfall Earring | PureJewels<\/title>\n<meta name=\"description\" content=\"Experience the delicate beauty of our Dew Drop Petal Waterfall Earrings. Featuring an intricate arabesque design, these earrings add a touch of elegance to any look.\" \/>\n<meta name=\"robots\" content=\"index, follow, max-snippet:-1, max-image-preview:large, max-video-preview:-1\" \/>\n<link rel=\"canonical\" href=\"https:\/\/www.purejewels.com\/de\/produkt-2\/blutenblatt-wasserfall-diamant-ohrring\/\" \/>\n<meta property=\"og:locale\" content=\"de_DE\" \/>\n<meta property=\"og:type\" content=\"article\" \/>\n<meta property=\"og:title\" content=\"Petal Waterfall Earring | Waterfall Earring | PureJewels\" \/>\n<meta property=\"og:description\" content=\"Experience the delicate beauty of our Dew Drop Petal Waterfall Earrings. Featuring an intricate arabesque design, these earrings add a touch of elegance to any look.\" \/>\n<meta property=\"og:url\" content=\"https:\/\/www.purejewels.com\/de\/produkt-2\/blutenblatt-wasserfall-diamant-ohrring\/\" \/>\n<meta property=\"og:site_name\" content=\"PureJewels UK\" \/>\n<meta property=\"article:modified_time\" content=\"2026-02-09T10:21:58+00:00\" \/>\n<meta property=\"og:image\" content=\"https:\/\/static.purejewels.com\/wp-content\/uploads\/2025\/03\/2_1-1.png\" \/>\n\t<meta property=\"og:image:width\" content=\"1000\" \/>\n\t<meta property=\"og:image:height\" content=\"1000\" \/>\n\t<meta property=\"og:image:type\" content=\"image\/png\" \/>\n<meta name=\"twitter:card\" content=\"summary_large_image\" \/>\n<meta name=\"twitter:label1\" content=\"Gesch\u00e4tzte Lesezeit\" \/>\n\t<meta name=\"twitter:data1\" content=\"1\u00a0Minute\" \/>\n<script type=\"application\/ld+json\" class=\"yoast-schema-graph\">{\"@context\":\"https:\\\/\\\/schema.org\",\"@graph\":[{\"@type\":[\"WebPage\",\"ItemPage\"],\"@id\":\"https:\\\/\\\/www.purejewels.com\\\/product\\\/petal-waterfall-diamond-earring\\\/\",\"url\":\"https:\\\/\\\/www.purejewels.com\\\/product\\\/petal-waterfall-diamond-earring\\\/\",\"name\":\"Petal Waterfall Earring | Waterfall Earring | PureJewels\",\"isPartOf\":{\"@id\":\"https:\\\/\\\/www.purejewels.com\\\/#website\"},\"primaryImageOfPage\":{\"@id\":\"https:\\\/\\\/www.purejewels.com\\\/product\\\/petal-waterfall-diamond-earring\\\/#primaryimage\"},\"image\":{\"@id\":\"https:\\\/\\\/www.purejewels.com\\\/product\\\/petal-waterfall-diamond-earring\\\/#primaryimage\"},\"thumbnailUrl\":\"https:\\\/\\\/static.purejewels.com\\\/wp-content\\\/uploads\\\/2025\\\/03\\\/2_1-1.png\",\"datePublished\":\"2025-04-30T06:55:31+00:00\",\"dateModified\":\"2026-02-09T10:21:58+00:00\",\"description\":\"Experience the delicate beauty of our Dew Drop Petal Waterfall Earrings. Featuring an intricate arabesque design, these earrings add a touch of elegance to any look.\",\"breadcrumb\":{\"@id\":\"https:\\\/\\\/www.purejewels.com\\\/product\\\/petal-waterfall-diamond-earring\\\/#breadcrumb\"},\"inLanguage\":\"de\",\"potentialAction\":[{\"@type\":\"ReadAction\",\"target\":[\"https:\\\/\\\/www.purejewels.com\\\/product\\\/petal-waterfall-diamond-earring\\\/\"]}]},{\"@type\":\"ImageObject\",\"inLanguage\":\"de\",\"@id\":\"https:\\\/\\\/www.purejewels.com\\\/product\\\/petal-waterfall-diamond-earring\\\/#primaryimage\",\"url\":\"https:\\\/\\\/static.purejewels.com\\\/wp-content\\\/uploads\\\/2025\\\/03\\\/2_1-1.png\",\"contentUrl\":\"https:\\\/\\\/static.purejewels.com\\\/wp-content\\\/uploads\\\/2025\\\/03\\\/2_1-1.png\",\"width\":1000,\"height\":1000},{\"@type\":\"BreadcrumbList\",\"@id\":\"https:\\\/\\\/www.purejewels.com\\\/product\\\/petal-waterfall-diamond-earring\\\/#breadcrumb\",\"itemListElement\":[{\"@type\":\"ListItem\",\"position\":1,\"name\":\"Home\",\"item\":\"https:\\\/\\\/www.purejewels.com\\\/\"},{\"@type\":\"ListItem\",\"position\":2,\"name\":\"Shop\",\"item\":\"https:\\\/\\\/www.purejewels.com\\\/shop\\\/\"},{\"@type\":\"ListItem\",\"position\":3,\"name\":\"Monsoon Earrings\"}]},{\"@type\":\"WebSite\",\"@id\":\"https:\\\/\\\/www.purejewels.com\\\/#website\",\"url\":\"https:\\\/\\\/www.purejewels.com\\\/\",\"name\":\"PureJewels UK\",\"description\":\"Share the Love\",\"publisher\":{\"@id\":\"https:\\\/\\\/www.purejewels.com\\\/#organization\"},\"potentialAction\":[{\"@type\":\"SearchAction\",\"target\":{\"@type\":\"EntryPoint\",\"urlTemplate\":\"https:\\\/\\\/www.purejewels.com\\\/?s={search_term_string}\"},\"query-input\":{\"@type\":\"PropertyValueSpecification\",\"valueRequired\":true,\"valueName\":\"search_term_string\"}}],\"inLanguage\":\"de\"},{\"@type\":\"Organization\",\"@id\":\"https:\\\/\\\/www.purejewels.com\\\/#organization\",\"name\":\"PureJewels UK\",\"url\":\"https:\\\/\\\/www.purejewels.com\\\/\",\"logo\":{\"@type\":\"ImageObject\",\"inLanguage\":\"de\",\"@id\":\"https:\\\/\\\/www.purejewels.com\\\/#\\\/schema\\\/logo\\\/image\\\/\",\"url\":\"https:\\\/\\\/static.purejewels.com\\\/wp-content\\\/uploads\\\/2020\\\/11\\\/Logo-PJ-New-1.png\",\"contentUrl\":\"https:\\\/\\\/static.purejewels.com\\\/wp-content\\\/uploads\\\/2020\\\/11\\\/Logo-PJ-New-1.png\",\"width\":150,\"height\":80,\"caption\":\"PureJewels UK\"},\"image\":{\"@id\":\"https:\\\/\\\/www.purejewels.com\\\/#\\\/schema\\\/logo\\\/image\\\/\"}}]}<\/script>\n<!-- \/ Yoast SEO plugin. -->","yoast_head_json":{"title":"Bl\u00fctenblatt-Wasserfall-Ohrring | Wasserfall-Ohrring | PureJewels","description":"Erleben Sie die zarte Sch\u00f6nheit unserer Dew Drop Petal Waterfall Earrings. Mit ihrem verschlungenen Arabesken-Design verleihen diese Ohrringe jedem Look einen Hauch von Eleganz.","robots":{"index":"index","follow":"follow","max-snippet":"max-snippet:-1","max-image-preview":"max-image-preview:large","max-video-preview":"max-video-preview:-1"},"canonical":"https:\/\/www.purejewels.com\/de\/produkt-2\/blutenblatt-wasserfall-diamant-ohrring\/","og_locale":"de_DE","og_type":"article","og_title":"Petal Waterfall Earring | Waterfall Earring | PureJewels","og_description":"Experience the delicate beauty of our Dew Drop Petal Waterfall Earrings. Featuring an intricate arabesque design, these earrings add a touch of elegance to any look.","og_url":"https:\/\/www.purejewels.com\/de\/produkt-2\/blutenblatt-wasserfall-diamant-ohrring\/","og_site_name":"PureJewels UK","article_modified_time":"2026-02-09T10:21:58+00:00","og_image":[{"width":1000,"height":1000,"url":"https:\/\/static.purejewels.com\/wp-content\/uploads\/2025\/03\/2_1-1.png","type":"image\/png"}],"twitter_card":"summary_large_image","twitter_misc":{"Gesch\u00e4tzte Lesezeit":"1\u00a0Minute"},"schema":{"@context":"https:\/\/schema.org","@graph":[{"@type":["WebPage","ItemPage"],"@id":"https:\/\/www.purejewels.com\/product\/petal-waterfall-diamond-earring\/","url":"https:\/\/www.purejewels.com\/product\/petal-waterfall-diamond-earring\/","name":"Bl\u00fctenblatt-Wasserfall-Ohrring | Wasserfall-Ohrring | PureJewels","isPartOf":{"@id":"https:\/\/www.purejewels.com\/#website"},"primaryImageOfPage":{"@id":"https:\/\/www.purejewels.com\/product\/petal-waterfall-diamond-earring\/#primaryimage"},"image":{"@id":"https:\/\/www.purejewels.com\/product\/petal-waterfall-diamond-earring\/#primaryimage"},"thumbnailUrl":"https:\/\/static.purejewels.com\/wp-content\/uploads\/2025\/03\/2_1-1.png","datePublished":"2025-04-30T06:55:31+00:00","dateModified":"2026-02-09T10:21:58+00:00","description":"Erleben Sie die zarte Sch\u00f6nheit unserer Dew Drop Petal Waterfall Earrings. Mit ihrem verschlungenen Arabesken-Design verleihen diese Ohrringe jedem Look einen Hauch von Eleganz.","breadcrumb":{"@id":"https:\/\/www.purejewels.com\/product\/petal-waterfall-diamond-earring\/#breadcrumb"},"inLanguage":"de","potentialAction":[{"@type":"ReadAction","target":["https:\/\/www.purejewels.com\/product\/petal-waterfall-diamond-earring\/"]}]},{"@type":"ImageObject","inLanguage":"de","@id":"https:\/\/www.purejewels.com\/product\/petal-waterfall-diamond-earring\/#primaryimage","url":"https:\/\/static.purejewels.com\/wp-content\/uploads\/2025\/03\/2_1-1.png","contentUrl":"https:\/\/static.purejewels.com\/wp-content\/uploads\/2025\/03\/2_1-1.png","width":1000,"height":1000},{"@type":"BreadcrumbList","@id":"https:\/\/www.purejewels.com\/product\/petal-waterfall-diamond-earring\/#breadcrumb","itemListElement":[{"@type":"ListItem","position":1,"name":"Home","item":"https:\/\/www.purejewels.com\/"},{"@type":"ListItem","position":2,"name":"Shop","item":"https:\/\/www.purejewels.com\/shop\/"},{"@type":"ListItem","position":3,"name":"Monsoon Earrings"}]},{"@type":"WebSite","@id":"https:\/\/www.purejewels.com\/#website","url":"https:\/\/www.purejewels.com\/","name":"PureJewels UK","description":"Teile die Liebe","publisher":{"@id":"https:\/\/www.purejewels.com\/#organization"},"potentialAction":[{"@type":"SearchAction","target":{"@type":"EntryPoint","urlTemplate":"https:\/\/www.purejewels.com\/?s={search_term_string}"},"query-input":{"@type":"PropertyValueSpecification","valueRequired":true,"valueName":"search_term_string"}}],"inLanguage":"de"},{"@type":"Organization","@id":"https:\/\/www.purejewels.com\/#organization","name":"PureJewels UK","url":"https:\/\/www.purejewels.com\/","logo":{"@type":"ImageObject","inLanguage":"de","@id":"https:\/\/www.purejewels.com\/#\/schema\/logo\/image\/","url":"https:\/\/static.purejewels.com\/wp-content\/uploads\/2020\/11\/Logo-PJ-New-1.png","contentUrl":"https:\/\/static.purejewels.com\/wp-content\/uploads\/2020\/11\/Logo-PJ-New-1.png","width":150,"height":80,"caption":"PureJewels UK"},"image":{"@id":"https:\/\/www.purejewels.com\/#\/schema\/logo\/image\/"}}]}},"_links":{"self":[{"href":"https:\/\/www.purejewels.com\/de\/wp-json\/wp\/v2\/product\/390534","targetHints":{"allow":["GET"]}}],"collection":[{"href":"https:\/\/www.purejewels.com\/de\/wp-json\/wp\/v2\/product"}],"about":[{"href":"https:\/\/www.purejewels.com\/de\/wp-json\/wp\/v2\/types\/product"}],"replies":[{"embeddable":true,"href":"https:\/\/www.purejewels.com\/de\/wp-json\/wp\/v2\/comments?post=390534"}],"version-history":[{"count":4,"href":"https:\/\/www.purejewels.com\/de\/wp-json\/wp\/v2\/product\/390534\/revisions"}],"predecessor-version":[{"id":411306,"href":"https:\/\/www.purejewels.com\/de\/wp-json\/wp\/v2\/product\/390534\/revisions\/411306"}],"wp:featuredmedia":[{"embeddable":true,"href":"https:\/\/www.purejewels.com\/de\/wp-json\/wp\/v2\/media\/390538"}],"wp:attachment":[{"href":"https:\/\/www.purejewels.com\/de\/wp-json\/wp\/v2\/media?parent=390534"}],"wp:term":[{"taxonomy":"product_brand","embeddable":true,"href":"https:\/\/www.purejewels.com\/de\/wp-json\/wp\/v2\/product_brand?post=390534"},{"taxonomy":"product_cat","embeddable":true,"href":"https:\/\/www.purejewels.com\/de\/wp-json\/wp\/v2\/product_cat?post=390534"},{"taxonomy":"product_tag","embeddable":true,"href":"https:\/\/www.purejewels.com\/de\/wp-json\/wp\/v2\/product_tag?post=390534"}],"curies":[{"name":"wp","href":"https:\/\/api.w.org\/{rel}","templated":true}]}}