{"id":391823,"date":"2025-07-03T10:04:38","date_gmt":"2025-07-03T09:04:38","guid":{"rendered":"https:\/\/www.purejewels.com\/?post_type=product&#038;p=391823"},"modified":"2026-01-30T09:30:27","modified_gmt":"2026-01-30T09:30:27","slug":"22-karat-gold-ovale-armspange-51366","status":"publish","type":"product","link":"https:\/\/www.purejewels.com\/de\/product\/22ct-gold-oval-shaped-armari-bangle-51366\/","title":{"rendered":"22ct Gold Oval geformt Armari Armreif | Gr\u00f6\u00dfe 2.2"},"content":{"rendered":"<p><b>Bereichs-ID <\/b>JWBNOBAR004S2<br \/>\n<b>SKU:<\/b>\u00a051366<\/p>","protected":false},"excerpt":{"rendered":"<div class=\"woocommerce-product-details__short-description\">\n<table class=\"sh_desc\" style=\"width: 100%; height: 298px;\">\n<tbody>\n<tr style=\"height: 27px;\">\n<td style=\"height: 27px;\">Art des Armreifs<\/td>\n<td style=\"height: 27px;\">Ovale Brautmode Kada mit Schraube<\/td>\n<\/tr>\n<tr style=\"height: 27px;\">\n<td style=\"height: 27px;\">SKU<\/td>\n<td style=\"height: 27px;\">51366<\/td>\n<\/tr>\n<tr style=\"height: 27px;\">\n<td style=\"height: 27px;\">Gewicht<\/td>\n<td style=\"height: 27px;\">18.3 Gms<\/td>\n<\/tr>\n<tr style=\"height: 27px;\">\n<td style=\"height: 27px;\">Metall<\/td>\n<td style=\"height: 27px;\">22ct Gold<\/td>\n<\/tr>\n<tr style=\"height: 27px;\">\n<td style=\"height: 27px;\">Armreif Gr\u00f6\u00dfe<\/td>\n<td style=\"height: 27px;\">2.2 (Weitere Gr\u00f6\u00dfen bitte anfragen)<\/td>\n<\/tr>\n<tr style=\"height: 27px;\">\n<td style=\"height: 27px;\">Sammlung<\/td>\n<td style=\"height: 27px;\"><strong>Sammlung Armari<\/strong><\/td>\n<\/tr>\n<tr style=\"height: 27px;\">\n<td style=\"height: 27px;\">Wahrzeichen<\/td>\n<td style=\"height: 27px;\">22ct Gold gestempelt von London Assay Office<\/td>\n<\/tr>\n<tr style=\"height: 27px;\">\n<td style=\"height: 27px;\">Entgelte<\/td>\n<td style=\"height: 27px;\">Lieferung und Mehrwertsteuer inbegriffen<\/td>\n<\/tr>\n<tr style=\"height: 27px;\">\n<td style=\"height: 27px;\">Verpackung<\/td>\n<td style=\"height: 27px;\">Mit einer Pr\u00e4sentationsbox<\/td>\n<\/tr>\n<tr style=\"height: 55px;\">\n<td style=\"height: 55px;\">Mehr Informationen<\/td>\n<td style=\"height: 55px;\">\n<ul>\n<li>Hinweis: Live-Chat mit uns f\u00fcr die Verf\u00fcgbarkeit und mehr Bilder<\/li>\n<li>Klicken Sie hier zur \u00dcberpr\u00fcfung Ihrer <strong>Armreif Gr\u00f6\u00dfe<\/strong><\/li>\n<li>Der hier angegebene Preis gilt f\u00fcr einen einzelnen Armreif<\/li>\n<\/ul>\n<\/td>\n<\/tr>\n<\/tbody>\n<\/table>\n<\/div>\n<p>&nbsp;<\/p>","protected":false},"featured_media":392063,"comment_status":"closed","ping_status":"closed","template":"","meta":{"_eb_attr":"","_crsspst_to_jayantr4sg-hostcom":false},"product_brand":[],"product_cat":[5640,245,1659,236,1233,1229,5271,1573],"product_tag":[],"class_list":{"0":"post-391823","1":"product","2":"type-product","3":"status-publish","4":"has-post-thumbnail","6":"product_cat-armari-bangles","7":"product_cat-armari-collections","8":"product_cat-bridal-and-party-wear-gold-kada-bangle","9":"product_cat-collections","10":"product_cat-gold-bangles","11":"product_cat-22ct-gold-jewellery","12":"product_cat-occasion-wear-bangles","13":"product_cat-wedding-gifts","15":"first","16":"instock","17":"taxable","18":"shipping-taxable","19":"purchasable","20":"product-type-simple","21":"add-to-wishlist-before_image"},"yoast_head":"<!-- This site is optimized with the Yoast SEO plugin v27.3 - https:\/\/yoast.com\/product\/yoast-seo-wordpress\/ -->\n<title>Oval Shaped 22ct Gold Armari Bangle | 2.2 Size | PureJewels UK<\/title>\n<meta name=\"description\" content=\"Find the perfect fit with our 2.4 size Oval Shaped 22ct Gold Armari Bangle. A stunning piece of fine gold jewellery, available at PureJewels UK. Browse our selection.\" \/>\n<meta name=\"robots\" content=\"index, follow, max-snippet:-1, max-image-preview:large, max-video-preview:-1\" \/>\n<link rel=\"canonical\" href=\"https:\/\/www.purejewels.com\/de\/produkt-2\/22-karat-gold-ovale-armspange-51366\/\" \/>\n<meta property=\"og:locale\" content=\"de_DE\" \/>\n<meta property=\"og:type\" content=\"article\" \/>\n<meta property=\"og:title\" content=\"Oval Shaped 22ct Gold Armari Bangle | 2.2 Size | PureJewels UK\" \/>\n<meta property=\"og:description\" content=\"Find the perfect fit with our 2.4 size Oval Shaped 22ct Gold Armari Bangle. A stunning piece of fine gold jewellery, available at PureJewels UK. Browse our selection.\" \/>\n<meta property=\"og:url\" content=\"https:\/\/www.purejewels.com\/de\/produkt-2\/22-karat-gold-ovale-armspange-51366\/\" \/>\n<meta property=\"og:site_name\" content=\"PureJewels UK\" \/>\n<meta property=\"article:modified_time\" content=\"2026-01-30T09:30:27+00:00\" \/>\n<meta property=\"og:image\" content=\"https:\/\/static.purejewels.com\/wp-content\/uploads\/2025\/02\/51366.png\" \/>\n\t<meta property=\"og:image:width\" content=\"1000\" \/>\n\t<meta property=\"og:image:height\" content=\"1000\" \/>\n\t<meta property=\"og:image:type\" content=\"image\/png\" \/>\n<meta name=\"twitter:card\" content=\"summary_large_image\" \/>\n<meta name=\"twitter:label1\" content=\"Gesch\u00e4tzte Lesezeit\" \/>\n\t<meta name=\"twitter:data1\" content=\"1\u00a0Minute\" \/>\n<script type=\"application\/ld+json\" class=\"yoast-schema-graph\">{\"@context\":\"https:\\\/\\\/schema.org\",\"@graph\":[{\"@type\":[\"WebPage\",\"ItemPage\"],\"@id\":\"https:\\\/\\\/www.purejewels.com\\\/product\\\/22ct-gold-oval-shaped-armari-bangle-51366\\\/\",\"url\":\"https:\\\/\\\/www.purejewels.com\\\/product\\\/22ct-gold-oval-shaped-armari-bangle-51366\\\/\",\"name\":\"Oval Shaped 22ct Gold Armari Bangle | 2.2 Size | PureJewels UK\",\"isPartOf\":{\"@id\":\"https:\\\/\\\/www.purejewels.com\\\/#website\"},\"primaryImageOfPage\":{\"@id\":\"https:\\\/\\\/www.purejewels.com\\\/product\\\/22ct-gold-oval-shaped-armari-bangle-51366\\\/#primaryimage\"},\"image\":{\"@id\":\"https:\\\/\\\/www.purejewels.com\\\/product\\\/22ct-gold-oval-shaped-armari-bangle-51366\\\/#primaryimage\"},\"thumbnailUrl\":\"https:\\\/\\\/static.purejewels.com\\\/wp-content\\\/uploads\\\/2025\\\/02\\\/51366.png\",\"datePublished\":\"2025-07-03T09:04:38+00:00\",\"dateModified\":\"2026-01-30T09:30:27+00:00\",\"description\":\"Find the perfect fit with our 2.4 size Oval Shaped 22ct Gold Armari Bangle. A stunning piece of fine gold jewellery, available at PureJewels UK. Browse our selection.\",\"breadcrumb\":{\"@id\":\"https:\\\/\\\/www.purejewels.com\\\/product\\\/22ct-gold-oval-shaped-armari-bangle-51366\\\/#breadcrumb\"},\"inLanguage\":\"de\",\"potentialAction\":[{\"@type\":\"ReadAction\",\"target\":[\"https:\\\/\\\/www.purejewels.com\\\/product\\\/22ct-gold-oval-shaped-armari-bangle-51366\\\/\"]}]},{\"@type\":\"ImageObject\",\"inLanguage\":\"de\",\"@id\":\"https:\\\/\\\/www.purejewels.com\\\/product\\\/22ct-gold-oval-shaped-armari-bangle-51366\\\/#primaryimage\",\"url\":\"https:\\\/\\\/static.purejewels.com\\\/wp-content\\\/uploads\\\/2025\\\/02\\\/51366.png\",\"contentUrl\":\"https:\\\/\\\/static.purejewels.com\\\/wp-content\\\/uploads\\\/2025\\\/02\\\/51366.png\",\"width\":1000,\"height\":1000,\"caption\":\"22ct Gold Oval Shaped Armari Bangle\"},{\"@type\":\"BreadcrumbList\",\"@id\":\"https:\\\/\\\/www.purejewels.com\\\/product\\\/22ct-gold-oval-shaped-armari-bangle-51366\\\/#breadcrumb\",\"itemListElement\":[{\"@type\":\"ListItem\",\"position\":1,\"name\":\"Home\",\"item\":\"https:\\\/\\\/www.purejewels.com\\\/\"},{\"@type\":\"ListItem\",\"position\":2,\"name\":\"Shop\",\"item\":\"https:\\\/\\\/www.purejewels.com\\\/shop\\\/\"},{\"@type\":\"ListItem\",\"position\":3,\"name\":\"22ct Gold Oval Shaped Armari Bangle | Size 2.2\"}]},{\"@type\":\"WebSite\",\"@id\":\"https:\\\/\\\/www.purejewels.com\\\/#website\",\"url\":\"https:\\\/\\\/www.purejewels.com\\\/\",\"name\":\"PureJewels UK\",\"description\":\"Share the Love\",\"publisher\":{\"@id\":\"https:\\\/\\\/www.purejewels.com\\\/#organization\"},\"potentialAction\":[{\"@type\":\"SearchAction\",\"target\":{\"@type\":\"EntryPoint\",\"urlTemplate\":\"https:\\\/\\\/www.purejewels.com\\\/?s={search_term_string}\"},\"query-input\":{\"@type\":\"PropertyValueSpecification\",\"valueRequired\":true,\"valueName\":\"search_term_string\"}}],\"inLanguage\":\"de\"},{\"@type\":\"Organization\",\"@id\":\"https:\\\/\\\/www.purejewels.com\\\/#organization\",\"name\":\"PureJewels UK\",\"url\":\"https:\\\/\\\/www.purejewels.com\\\/\",\"logo\":{\"@type\":\"ImageObject\",\"inLanguage\":\"de\",\"@id\":\"https:\\\/\\\/www.purejewels.com\\\/#\\\/schema\\\/logo\\\/image\\\/\",\"url\":\"https:\\\/\\\/static.purejewels.com\\\/wp-content\\\/uploads\\\/2020\\\/11\\\/Logo-PJ-New-1.png\",\"contentUrl\":\"https:\\\/\\\/static.purejewels.com\\\/wp-content\\\/uploads\\\/2020\\\/11\\\/Logo-PJ-New-1.png\",\"width\":150,\"height\":80,\"caption\":\"PureJewels UK\"},\"image\":{\"@id\":\"https:\\\/\\\/www.purejewels.com\\\/#\\\/schema\\\/logo\\\/image\\\/\"}}]}<\/script>\n<!-- \/ Yoast SEO plugin. -->","yoast_head_json":{"title":"Oval geformt 22ct Gold Armari Armreif | 2,2 Gr\u00f6\u00dfe | PureJewels UK","description":"Finden Sie die perfekte Passform mit unserer 2,4 Gr\u00f6\u00dfe Oval Shaped 22ct Gold Armari Armreif. Ein atemberaubendes St\u00fcck von feinem Goldschmuck, erh\u00e4ltlich bei PureJewels UK. Durchsuchen Sie unsere Auswahl.","robots":{"index":"index","follow":"follow","max-snippet":"max-snippet:-1","max-image-preview":"max-image-preview:large","max-video-preview":"max-video-preview:-1"},"canonical":"https:\/\/www.purejewels.com\/de\/produkt-2\/22-karat-gold-ovale-armspange-51366\/","og_locale":"de_DE","og_type":"article","og_title":"Oval Shaped 22ct Gold Armari Bangle | 2.2 Size | PureJewels UK","og_description":"Find the perfect fit with our 2.4 size Oval Shaped 22ct Gold Armari Bangle. A stunning piece of fine gold jewellery, available at PureJewels UK. Browse our selection.","og_url":"https:\/\/www.purejewels.com\/de\/produkt-2\/22-karat-gold-ovale-armspange-51366\/","og_site_name":"PureJewels UK","article_modified_time":"2026-01-30T09:30:27+00:00","og_image":[{"width":1000,"height":1000,"url":"https:\/\/static.purejewels.com\/wp-content\/uploads\/2025\/02\/51366.png","type":"image\/png"}],"twitter_card":"summary_large_image","twitter_misc":{"Gesch\u00e4tzte Lesezeit":"1\u00a0Minute"},"schema":{"@context":"https:\/\/schema.org","@graph":[{"@type":["WebPage","ItemPage"],"@id":"https:\/\/www.purejewels.com\/product\/22ct-gold-oval-shaped-armari-bangle-51366\/","url":"https:\/\/www.purejewels.com\/product\/22ct-gold-oval-shaped-armari-bangle-51366\/","name":"Oval geformt 22ct Gold Armari Armreif | 2,2 Gr\u00f6\u00dfe | PureJewels UK","isPartOf":{"@id":"https:\/\/www.purejewels.com\/#website"},"primaryImageOfPage":{"@id":"https:\/\/www.purejewels.com\/product\/22ct-gold-oval-shaped-armari-bangle-51366\/#primaryimage"},"image":{"@id":"https:\/\/www.purejewels.com\/product\/22ct-gold-oval-shaped-armari-bangle-51366\/#primaryimage"},"thumbnailUrl":"https:\/\/static.purejewels.com\/wp-content\/uploads\/2025\/02\/51366.png","datePublished":"2025-07-03T09:04:38+00:00","dateModified":"2026-01-30T09:30:27+00:00","description":"Finden Sie die perfekte Passform mit unserer 2,4 Gr\u00f6\u00dfe Oval Shaped 22ct Gold Armari Armreif. Ein atemberaubendes St\u00fcck von feinem Goldschmuck, erh\u00e4ltlich bei PureJewels UK. Durchsuchen Sie unsere Auswahl.","breadcrumb":{"@id":"https:\/\/www.purejewels.com\/product\/22ct-gold-oval-shaped-armari-bangle-51366\/#breadcrumb"},"inLanguage":"de","potentialAction":[{"@type":"ReadAction","target":["https:\/\/www.purejewels.com\/product\/22ct-gold-oval-shaped-armari-bangle-51366\/"]}]},{"@type":"ImageObject","inLanguage":"de","@id":"https:\/\/www.purejewels.com\/product\/22ct-gold-oval-shaped-armari-bangle-51366\/#primaryimage","url":"https:\/\/static.purejewels.com\/wp-content\/uploads\/2025\/02\/51366.png","contentUrl":"https:\/\/static.purejewels.com\/wp-content\/uploads\/2025\/02\/51366.png","width":1000,"height":1000,"caption":"22ct Gold Oval Shaped Armari Bangle"},{"@type":"BreadcrumbList","@id":"https:\/\/www.purejewels.com\/product\/22ct-gold-oval-shaped-armari-bangle-51366\/#breadcrumb","itemListElement":[{"@type":"ListItem","position":1,"name":"Home","item":"https:\/\/www.purejewels.com\/"},{"@type":"ListItem","position":2,"name":"Shop","item":"https:\/\/www.purejewels.com\/shop\/"},{"@type":"ListItem","position":3,"name":"22ct Gold Oval Shaped Armari Bangle | Size 2.2"}]},{"@type":"WebSite","@id":"https:\/\/www.purejewels.com\/#website","url":"https:\/\/www.purejewels.com\/","name":"PureJewels UK","description":"Teile die Liebe","publisher":{"@id":"https:\/\/www.purejewels.com\/#organization"},"potentialAction":[{"@type":"SearchAction","target":{"@type":"EntryPoint","urlTemplate":"https:\/\/www.purejewels.com\/?s={search_term_string}"},"query-input":{"@type":"PropertyValueSpecification","valueRequired":true,"valueName":"search_term_string"}}],"inLanguage":"de"},{"@type":"Organization","@id":"https:\/\/www.purejewels.com\/#organization","name":"PureJewels UK","url":"https:\/\/www.purejewels.com\/","logo":{"@type":"ImageObject","inLanguage":"de","@id":"https:\/\/www.purejewels.com\/#\/schema\/logo\/image\/","url":"https:\/\/static.purejewels.com\/wp-content\/uploads\/2020\/11\/Logo-PJ-New-1.png","contentUrl":"https:\/\/static.purejewels.com\/wp-content\/uploads\/2020\/11\/Logo-PJ-New-1.png","width":150,"height":80,"caption":"PureJewels UK"},"image":{"@id":"https:\/\/www.purejewels.com\/#\/schema\/logo\/image\/"}}]}},"_links":{"self":[{"href":"https:\/\/www.purejewels.com\/de\/wp-json\/wp\/v2\/product\/391823","targetHints":{"allow":["GET"]}}],"collection":[{"href":"https:\/\/www.purejewels.com\/de\/wp-json\/wp\/v2\/product"}],"about":[{"href":"https:\/\/www.purejewels.com\/de\/wp-json\/wp\/v2\/types\/product"}],"replies":[{"embeddable":true,"href":"https:\/\/www.purejewels.com\/de\/wp-json\/wp\/v2\/comments?post=391823"}],"version-history":[{"count":3,"href":"https:\/\/www.purejewels.com\/de\/wp-json\/wp\/v2\/product\/391823\/revisions"}],"predecessor-version":[{"id":405693,"href":"https:\/\/www.purejewels.com\/de\/wp-json\/wp\/v2\/product\/391823\/revisions\/405693"}],"wp:featuredmedia":[{"embeddable":true,"href":"https:\/\/www.purejewels.com\/de\/wp-json\/wp\/v2\/media\/392063"}],"wp:attachment":[{"href":"https:\/\/www.purejewels.com\/de\/wp-json\/wp\/v2\/media?parent=391823"}],"wp:term":[{"taxonomy":"product_brand","embeddable":true,"href":"https:\/\/www.purejewels.com\/de\/wp-json\/wp\/v2\/product_brand?post=391823"},{"taxonomy":"product_cat","embeddable":true,"href":"https:\/\/www.purejewels.com\/de\/wp-json\/wp\/v2\/product_cat?post=391823"},{"taxonomy":"product_tag","embeddable":true,"href":"https:\/\/www.purejewels.com\/de\/wp-json\/wp\/v2\/product_tag?post=391823"}],"curies":[{"name":"wp","href":"https:\/\/api.w.org\/{rel}","templated":true}]}}