{"id":392091,"date":"2025-04-04T13:10:23","date_gmt":"2025-04-04T12:10:23","guid":{"rendered":"https:\/\/www.purejewels.com\/?post_type=product&#038;p=392091"},"modified":"2026-03-02T05:03:28","modified_gmt":"2026-03-02T05:03:28","slug":"florale-anhanger-halskette-fur-frauen","status":"publish","type":"product","link":"https:\/\/www.purejewels.com\/de\/product\/floral-pendant-necklace-for-women\/","title":{"rendered":"Floral Anh\u00e4nger Halskette f\u00fcr Frauen"},"content":{"rendered":"<p data-start=\"0\" data-end=\"419\"><strong data-start=\"0\" data-end=\"18\">Designkonzept<\/strong><br data-start=\"18\" data-end=\"21\" \/>Dieser florale Anh\u00e4nger aus 22 Karat Sunrise Gold aus der Rosettes Collection f\u00e4ngt die Zartheit einer bl\u00fchenden Blume in einer raffinierten, skulpturalen Form ein. Zarte Bl\u00fctenbl\u00e4tter und subtile Kurven schaffen eine feminine Silhouette, die an einer 18-Zoll-Kette anmutig am Schl\u00fcsselbein sitzt. Das Design ist romantisch und doch modern und bringt einen sanften Schimmer und einen Hauch von naturinspirierter Sch\u00f6nheit in Ihren Alltagsstil.<\/p>\n<p data-start=\"421\" data-end=\"853\"><strong data-start=\"421\" data-end=\"438\">Handwerkliches K\u00f6nnen<\/strong><br data-start=\"438\" data-end=\"441\" \/>Der Anh\u00e4nger und die Kette sind aus dem f\u00fcr PureJewels charakteristischen 22-kar\u00e4tigen Sunrise Gold gefertigt und mit feinen Details versehen, die das komplizierte Blumenmotiv hervorheben. Mit einem Gewicht von 6,5 Gramm liegt er leicht am Hals und \u00fcberzeugt dennoch durch seine Qualit\u00e4t, da jedes Element auf eine glatte, gl\u00e4nzende Oberfl\u00e4che poliert ist. Der Anh\u00e4nger ist im Vereinigten K\u00f6nigreich mit einem Reinheitszertifikat versehen und wird in einer sch\u00fctzenden Geschenkbox geliefert, die die Sorgfalt und \u00dcberlegung widerspiegelt, die hinter jedem St\u00fcck stehen.<\/p>\n<p data-start=\"855\" data-end=\"1280\" data-is-last-node=\"\" data-is-only-node=\"\"><strong data-start=\"855\" data-end=\"872\">Styling-Ideen<\/strong><br data-start=\"872\" data-end=\"875\" \/>Tragen Sie diesen floralen Anh\u00e4nger als Ihr t\u00e4gliches Markenzeichen, kombiniert mit einer schlichten Bluse, einem Seidenhemd oder einem Sari, um das Design in aller Ruhe zur Geltung zu bringen. Er l\u00e4sst sich wunderbar mit einer feineren 22-kar\u00e4tigen Kette oder einer zarten Diamantkette kombinieren, wenn Sie einen ausdrucksstarken, anlassbezogenen Look w\u00fcnschen. Ideal f\u00fcr Geburtstage, Jahrestage oder als Geschenk f\u00fcr sich selbst. Ein vielseitiges Schmuckst\u00fcck, das sich leicht von einem Termin am Tag zu einem Abendessen am Abend tragen l\u00e4sst.<\/p>","protected":false},"excerpt":{"rendered":"<div class=\"woocommerce-product-details__short-description\">\n<table class=\"sh_desc\" style=\"width: 100%; height: 259px;\">\n<tbody>\n<tr style=\"height: 28px;\">\n<td style=\"height: 28px;\">Art der Halskette<\/td>\n<td style=\"height: 28px;\">Anh\u00e4nger-Halsketten<\/td>\n<\/tr>\n<tr style=\"height: 28px;\">\n<td style=\"height: 28px;\">SKU<\/td>\n<td style=\"height: 28px;\">51135<\/td>\n<\/tr>\n<tr style=\"height: 28px;\">\n<td style=\"height: 28px;\">Gewicht<\/td>\n<td style=\"height: 28px;\">6,5 Gramm<\/td>\n<\/tr>\n<tr style=\"height: 28px;\">\n<td style=\"height: 28px;\">Metall<\/td>\n<td style=\"height: 28px;\">22ct Sonnenaufgang Gold<\/td>\n<\/tr>\n<tr style=\"height: 28px;\">\n<td style=\"height: 28px;\">L\u00e4nge<\/td>\n<td style=\"height: 28px;\">18 Zoll<\/td>\n<\/tr>\n<tr style=\"height: 28px;\">\n<td style=\"height: 28px;\">Sammlung<\/td>\n<td style=\"height: 28px;\"><strong>Kollektion Rosetten<\/strong><\/td>\n<\/tr>\n<tr style=\"height: 28px;\">\n<td style=\"height: 28px;\">Entgelte<\/td>\n<td style=\"height: 28px;\">Lieferung und Mehrwertsteuer inbegriffen<\/td>\n<\/tr>\n<tr style=\"height: 28px;\">\n<td style=\"height: 28px;\">Verpackung<\/td>\n<td style=\"height: 28px;\">Mit Pr\u00e4sentationsbox<\/td>\n<\/tr>\n<tr style=\"height: 112px;\">\n<td style=\"height: 35px;\">Mehr Informationen<\/td>\n<td style=\"height: 35px;\">Live-Chat mit uns f\u00fcr Verf\u00fcgbarkeit und mehr Bilder<\/td>\n<\/tr>\n<\/tbody>\n<\/table>\n<\/div>\n<div class=\"btn-atc atc-slide\"><\/div>\n<div class=\"product_meta\"><\/div>","protected":false},"featured_media":392092,"comment_status":"closed","ping_status":"closed","template":"","meta":{"_eb_attr":"","_crsspst_to_jayantr4sg-hostcom":false},"product_brand":[],"product_cat":[1793,1790,1229,1253,1777,1779,1656,5275,1573,1574,5349],"product_tag":[],"class_list":{"0":"post-392091","1":"product","2":"type-product","3":"status-publish","4":"has-post-thumbnail","6":"product_cat-diwali-gifts","7":"product_cat-for-whom-when","8":"product_cat-22ct-gold-jewellery","9":"product_cat-gold-necklaces","10":"product_cat-long-necklaces","11":"product_cat-mala-style-necklaces","12":"product_cat-rosettes-collections","13":"product_cat-rosettes-necklace","14":"product_cat-wedding-gifts","15":"product_cat-womens-jewellery","16":"product_cat-yellow-gold-jewellery","18":"first","19":"outofstock","20":"taxable","21":"shipping-taxable","22":"product-type-simple","23":"add-to-wishlist-before_image"},"yoast_head":"<!-- This site is optimized with the Yoast SEO plugin v27.3 - https:\/\/yoast.com\/product\/yoast-seo-wordpress\/ -->\n<title>Women&#039;s Floral Pendant Necklaces - Shop Online | PureJewels UK<\/title>\n<meta name=\"description\" content=\"Discover a beautiful collection of women&#039;s floral pendant necklaces online at PureJewels UK. Shop unique designs and find the ideal floral necklace for yourself.\" \/>\n<meta name=\"robots\" content=\"index, follow, max-snippet:-1, max-image-preview:large, max-video-preview:-1\" \/>\n<link rel=\"canonical\" href=\"https:\/\/www.purejewels.com\/de\/produkt-2\/florale-anhanger-halskette-fur-frauen\/\" \/>\n<meta property=\"og:locale\" content=\"de_DE\" \/>\n<meta property=\"og:type\" content=\"article\" \/>\n<meta property=\"og:title\" content=\"Women&#039;s Floral Pendant Necklaces - Shop Online | PureJewels UK\" \/>\n<meta property=\"og:description\" content=\"Discover a beautiful collection of women&#039;s floral pendant necklaces online at PureJewels UK. Shop unique designs and find the ideal floral necklace for yourself.\" \/>\n<meta property=\"og:url\" content=\"https:\/\/www.purejewels.com\/de\/produkt-2\/florale-anhanger-halskette-fur-frauen\/\" \/>\n<meta property=\"og:site_name\" content=\"PureJewels UK\" \/>\n<meta property=\"article:modified_time\" content=\"2026-03-02T05:03:28+00:00\" \/>\n<meta property=\"og:image\" content=\"https:\/\/static.purejewels.com\/wp-content\/uploads\/2025\/04\/51135.png\" \/>\n\t<meta property=\"og:image:width\" content=\"1000\" \/>\n\t<meta property=\"og:image:height\" content=\"1000\" \/>\n\t<meta property=\"og:image:type\" content=\"image\/png\" \/>\n<meta name=\"twitter:card\" content=\"summary_large_image\" \/>\n<meta name=\"twitter:label1\" content=\"Gesch\u00e4tzte Lesezeit\" \/>\n\t<meta name=\"twitter:data1\" content=\"2\u00a0Minuten\" \/>\n<script type=\"application\/ld+json\" class=\"yoast-schema-graph\">{\"@context\":\"https:\\\/\\\/schema.org\",\"@graph\":[{\"@type\":[\"WebPage\",\"ItemPage\"],\"@id\":\"https:\\\/\\\/www.purejewels.com\\\/product\\\/floral-pendant-necklace-for-women\\\/\",\"url\":\"https:\\\/\\\/www.purejewels.com\\\/product\\\/floral-pendant-necklace-for-women\\\/\",\"name\":\"Women's Floral Pendant Necklaces - Shop Online | PureJewels UK\",\"isPartOf\":{\"@id\":\"https:\\\/\\\/www.purejewels.com\\\/#website\"},\"primaryImageOfPage\":{\"@id\":\"https:\\\/\\\/www.purejewels.com\\\/product\\\/floral-pendant-necklace-for-women\\\/#primaryimage\"},\"image\":{\"@id\":\"https:\\\/\\\/www.purejewels.com\\\/product\\\/floral-pendant-necklace-for-women\\\/#primaryimage\"},\"thumbnailUrl\":\"https:\\\/\\\/static.purejewels.com\\\/wp-content\\\/uploads\\\/2025\\\/04\\\/51135.png\",\"datePublished\":\"2025-04-04T12:10:23+00:00\",\"dateModified\":\"2026-03-02T05:03:28+00:00\",\"description\":\"Discover a beautiful collection of women's floral pendant necklaces online at PureJewels UK. Shop unique designs and find the ideal floral necklace for yourself.\",\"breadcrumb\":{\"@id\":\"https:\\\/\\\/www.purejewels.com\\\/product\\\/floral-pendant-necklace-for-women\\\/#breadcrumb\"},\"inLanguage\":\"de\",\"potentialAction\":[{\"@type\":\"ReadAction\",\"target\":[\"https:\\\/\\\/www.purejewels.com\\\/product\\\/floral-pendant-necklace-for-women\\\/\"]}]},{\"@type\":\"ImageObject\",\"inLanguage\":\"de\",\"@id\":\"https:\\\/\\\/www.purejewels.com\\\/product\\\/floral-pendant-necklace-for-women\\\/#primaryimage\",\"url\":\"https:\\\/\\\/static.purejewels.com\\\/wp-content\\\/uploads\\\/2025\\\/04\\\/51135.png\",\"contentUrl\":\"https:\\\/\\\/static.purejewels.com\\\/wp-content\\\/uploads\\\/2025\\\/04\\\/51135.png\",\"width\":1000,\"height\":1000,\"caption\":\"22ct Gold Pendant Necklace\"},{\"@type\":\"BreadcrumbList\",\"@id\":\"https:\\\/\\\/www.purejewels.com\\\/product\\\/floral-pendant-necklace-for-women\\\/#breadcrumb\",\"itemListElement\":[{\"@type\":\"ListItem\",\"position\":1,\"name\":\"Home\",\"item\":\"https:\\\/\\\/www.purejewels.com\\\/\"},{\"@type\":\"ListItem\",\"position\":2,\"name\":\"Shop\",\"item\":\"https:\\\/\\\/www.purejewels.com\\\/shop\\\/\"},{\"@type\":\"ListItem\",\"position\":3,\"name\":\"Floral Pendant Necklace for Women\"}]},{\"@type\":\"WebSite\",\"@id\":\"https:\\\/\\\/www.purejewels.com\\\/#website\",\"url\":\"https:\\\/\\\/www.purejewels.com\\\/\",\"name\":\"PureJewels UK\",\"description\":\"Share the Love\",\"publisher\":{\"@id\":\"https:\\\/\\\/www.purejewels.com\\\/#organization\"},\"potentialAction\":[{\"@type\":\"SearchAction\",\"target\":{\"@type\":\"EntryPoint\",\"urlTemplate\":\"https:\\\/\\\/www.purejewels.com\\\/?s={search_term_string}\"},\"query-input\":{\"@type\":\"PropertyValueSpecification\",\"valueRequired\":true,\"valueName\":\"search_term_string\"}}],\"inLanguage\":\"de\"},{\"@type\":\"Organization\",\"@id\":\"https:\\\/\\\/www.purejewels.com\\\/#organization\",\"name\":\"PureJewels UK\",\"url\":\"https:\\\/\\\/www.purejewels.com\\\/\",\"logo\":{\"@type\":\"ImageObject\",\"inLanguage\":\"de\",\"@id\":\"https:\\\/\\\/www.purejewels.com\\\/#\\\/schema\\\/logo\\\/image\\\/\",\"url\":\"https:\\\/\\\/static.purejewels.com\\\/wp-content\\\/uploads\\\/2020\\\/11\\\/Logo-PJ-New-1.png\",\"contentUrl\":\"https:\\\/\\\/static.purejewels.com\\\/wp-content\\\/uploads\\\/2020\\\/11\\\/Logo-PJ-New-1.png\",\"width\":150,\"height\":80,\"caption\":\"PureJewels UK\"},\"image\":{\"@id\":\"https:\\\/\\\/www.purejewels.com\\\/#\\\/schema\\\/logo\\\/image\\\/\"}}]}<\/script>\n<!-- \/ Yoast SEO plugin. -->","yoast_head_json":{"title":"Florale Halsketten mit Anh\u00e4nger f\u00fcr Frauen - Online Shop | PureJewels UK","description":"Entdecken Sie eine sch\u00f6ne Kollektion von Blumen-Halsketten f\u00fcr Damen online bei PureJewels UK. Shoppen Sie einzigartige Designs und finden Sie die ideale Blumen-Halskette f\u00fcr sich selbst.","robots":{"index":"index","follow":"follow","max-snippet":"max-snippet:-1","max-image-preview":"max-image-preview:large","max-video-preview":"max-video-preview:-1"},"canonical":"https:\/\/www.purejewels.com\/de\/produkt-2\/florale-anhanger-halskette-fur-frauen\/","og_locale":"de_DE","og_type":"article","og_title":"Women's Floral Pendant Necklaces - Shop Online | PureJewels UK","og_description":"Discover a beautiful collection of women's floral pendant necklaces online at PureJewels UK. Shop unique designs and find the ideal floral necklace for yourself.","og_url":"https:\/\/www.purejewels.com\/de\/produkt-2\/florale-anhanger-halskette-fur-frauen\/","og_site_name":"PureJewels UK","article_modified_time":"2026-03-02T05:03:28+00:00","og_image":[{"width":1000,"height":1000,"url":"https:\/\/static.purejewels.com\/wp-content\/uploads\/2025\/04\/51135.png","type":"image\/png"}],"twitter_card":"summary_large_image","twitter_misc":{"Gesch\u00e4tzte Lesezeit":"2\u00a0Minuten"},"schema":{"@context":"https:\/\/schema.org","@graph":[{"@type":["WebPage","ItemPage"],"@id":"https:\/\/www.purejewels.com\/product\/floral-pendant-necklace-for-women\/","url":"https:\/\/www.purejewels.com\/product\/floral-pendant-necklace-for-women\/","name":"Florale Halsketten mit Anh\u00e4nger f\u00fcr Frauen - Online Shop | PureJewels UK","isPartOf":{"@id":"https:\/\/www.purejewels.com\/#website"},"primaryImageOfPage":{"@id":"https:\/\/www.purejewels.com\/product\/floral-pendant-necklace-for-women\/#primaryimage"},"image":{"@id":"https:\/\/www.purejewels.com\/product\/floral-pendant-necklace-for-women\/#primaryimage"},"thumbnailUrl":"https:\/\/static.purejewels.com\/wp-content\/uploads\/2025\/04\/51135.png","datePublished":"2025-04-04T12:10:23+00:00","dateModified":"2026-03-02T05:03:28+00:00","description":"Entdecken Sie eine sch\u00f6ne Kollektion von Blumen-Halsketten f\u00fcr Damen online bei PureJewels UK. Shoppen Sie einzigartige Designs und finden Sie die ideale Blumen-Halskette f\u00fcr sich selbst.","breadcrumb":{"@id":"https:\/\/www.purejewels.com\/product\/floral-pendant-necklace-for-women\/#breadcrumb"},"inLanguage":"de","potentialAction":[{"@type":"ReadAction","target":["https:\/\/www.purejewels.com\/product\/floral-pendant-necklace-for-women\/"]}]},{"@type":"ImageObject","inLanguage":"de","@id":"https:\/\/www.purejewels.com\/product\/floral-pendant-necklace-for-women\/#primaryimage","url":"https:\/\/static.purejewels.com\/wp-content\/uploads\/2025\/04\/51135.png","contentUrl":"https:\/\/static.purejewels.com\/wp-content\/uploads\/2025\/04\/51135.png","width":1000,"height":1000,"caption":"22ct Gold Pendant Necklace"},{"@type":"BreadcrumbList","@id":"https:\/\/www.purejewels.com\/product\/floral-pendant-necklace-for-women\/#breadcrumb","itemListElement":[{"@type":"ListItem","position":1,"name":"Home","item":"https:\/\/www.purejewels.com\/"},{"@type":"ListItem","position":2,"name":"Shop","item":"https:\/\/www.purejewels.com\/shop\/"},{"@type":"ListItem","position":3,"name":"Floral Pendant Necklace for Women"}]},{"@type":"WebSite","@id":"https:\/\/www.purejewels.com\/#website","url":"https:\/\/www.purejewels.com\/","name":"PureJewels UK","description":"Teile die Liebe","publisher":{"@id":"https:\/\/www.purejewels.com\/#organization"},"potentialAction":[{"@type":"SearchAction","target":{"@type":"EntryPoint","urlTemplate":"https:\/\/www.purejewels.com\/?s={search_term_string}"},"query-input":{"@type":"PropertyValueSpecification","valueRequired":true,"valueName":"search_term_string"}}],"inLanguage":"de"},{"@type":"Organization","@id":"https:\/\/www.purejewels.com\/#organization","name":"PureJewels UK","url":"https:\/\/www.purejewels.com\/","logo":{"@type":"ImageObject","inLanguage":"de","@id":"https:\/\/www.purejewels.com\/#\/schema\/logo\/image\/","url":"https:\/\/static.purejewels.com\/wp-content\/uploads\/2020\/11\/Logo-PJ-New-1.png","contentUrl":"https:\/\/static.purejewels.com\/wp-content\/uploads\/2020\/11\/Logo-PJ-New-1.png","width":150,"height":80,"caption":"PureJewels UK"},"image":{"@id":"https:\/\/www.purejewels.com\/#\/schema\/logo\/image\/"}}]}},"_links":{"self":[{"href":"https:\/\/www.purejewels.com\/de\/wp-json\/wp\/v2\/product\/392091","targetHints":{"allow":["GET"]}}],"collection":[{"href":"https:\/\/www.purejewels.com\/de\/wp-json\/wp\/v2\/product"}],"about":[{"href":"https:\/\/www.purejewels.com\/de\/wp-json\/wp\/v2\/types\/product"}],"replies":[{"embeddable":true,"href":"https:\/\/www.purejewels.com\/de\/wp-json\/wp\/v2\/comments?post=392091"}],"version-history":[{"count":4,"href":"https:\/\/www.purejewels.com\/de\/wp-json\/wp\/v2\/product\/392091\/revisions"}],"predecessor-version":[{"id":420966,"href":"https:\/\/www.purejewels.com\/de\/wp-json\/wp\/v2\/product\/392091\/revisions\/420966"}],"wp:featuredmedia":[{"embeddable":true,"href":"https:\/\/www.purejewels.com\/de\/wp-json\/wp\/v2\/media\/392092"}],"wp:attachment":[{"href":"https:\/\/www.purejewels.com\/de\/wp-json\/wp\/v2\/media?parent=392091"}],"wp:term":[{"taxonomy":"product_brand","embeddable":true,"href":"https:\/\/www.purejewels.com\/de\/wp-json\/wp\/v2\/product_brand?post=392091"},{"taxonomy":"product_cat","embeddable":true,"href":"https:\/\/www.purejewels.com\/de\/wp-json\/wp\/v2\/product_cat?post=392091"},{"taxonomy":"product_tag","embeddable":true,"href":"https:\/\/www.purejewels.com\/de\/wp-json\/wp\/v2\/product_tag?post=392091"}],"curies":[{"name":"wp","href":"https:\/\/api.w.org\/{rel}","templated":true}]}}