{"id":392576,"date":"2025-12-07T06:18:46","date_gmt":"2025-12-07T06:18:46","guid":{"rendered":"https:\/\/www.purejewels.com\/?post_type=product&#038;p=392576"},"modified":"2026-02-03T05:42:07","modified_gmt":"2026-02-03T05:42:07","slug":"22-karat-sonnenaufgang-gold-blumenring-51150","status":"publish","type":"product","link":"https:\/\/www.purejewels.com\/de\/product\/22ct-sunrise-gold-flower-ring-51150\/","title":{"rendered":"22ct Sunrise Gold Blume Ring | Gr\u00f6\u00dfe N"},"content":{"rendered":"<h3>Gestaltungskonzept:<\/h3>\n<p>Inspiriert von den zarten Schichten einer bl\u00fchenden Rosette ist das <strong>6mm florales Mittelst\u00fcck<\/strong> bietet eine st\u00e4rkere und anmutigere Pr\u00e4senz. Dieses durchdachte Design spiegelt die nat\u00fcrliche Sch\u00f6nheit auf eine Art und Weise wider, die sich zeitlos und unverwechselbar anf\u00fchlt und es zu einem gesch\u00e4tzten St\u00fcck in der K\u00fcche macht. <strong>Kollektion Rosetten<\/strong>.<\/p>\n<h3><strong>Handwerkliches K\u00f6nnen:<\/strong><\/h3>\n<p>Gefertigt von erfahrenen Handwerkern in <strong>22ct Sonnenaufgang Gold<\/strong> der Ring unterstreicht Pr\u00e4zision und Kunstfertigkeit. Die skulpturale Rosette weist klar definierte Bl\u00fctenbl\u00e4tter und eine glatte Oberfl\u00e4che auf, w\u00e4hrend das strukturierte Band das Gesamtbild aufwertet und f\u00fcr Langlebigkeit sorgt.<\/p>\n<h3>Stil:<\/h3>\n<p>Der etwas gr\u00f6\u00dfere <strong>6mm florales Mittelst\u00fcck<\/strong> bringt einen Hauch von Raffinesse mit sich, der sich nahtlos vom Alltag bis hin zu festlichen und feierlichen Anl\u00e4ssen \u00fcbertragen l\u00e4sst. Das leichte und bequeme Kleidungsst\u00fcck verbindet klassischen Charme mit modernem Stil und ist ein raffiniertes Statement.<\/p>","protected":false},"excerpt":{"rendered":"<p>Die <strong>22ct Sunrise Gold Rosette Solo Blume Ring<\/strong> mit seinem <strong>6mm florales Mittelst\u00fcck<\/strong> von der <strong>Kollektion Rosetten<\/strong> zeigt eine wundersch\u00f6n geformte Blume, die auf einem fein strukturierten Goldband ruht. Sein raffiniertes Design macht ihn zur idealen Wahl f\u00fcr besondere Anl\u00e4sse und f\u00fcr einen Hauch von Eleganz im Alltag.<\/p>\n<p><strong>Material<\/strong>: 22ct Sunrise Gold (91,6% reines Gold)<br \/>\n<strong>Wahrzeichen<\/strong>: Britisches G\u00fctesiegel<br \/>\n<strong>Gewicht <\/strong>: 2.0 Gms<br \/>\n<strong>Breite der Bl\u00fcte<\/strong>: Mitte Blume - 6mm<br \/>\n<strong>Ringgr\u00f6\u00dfe:<\/strong> N<br \/>\n<strong>SKU:<\/strong> 51150<\/p>\n<p><strong>Preis und Lieferung:<\/strong>\u00a0Inklusive Mehrwertsteuer und Lieferkosten<br \/>\n<a href=\"https:\/\/www.purejewels.com\/de\/ruckgabepolitik\/\"><strong>R\u00fcckgabepolitik<\/strong><\/a><\/p>","protected":false},"featured_media":392098,"comment_status":"closed","ping_status":"closed","template":"","meta":{"_eb_attr":"","_crsspst_to_jayantr4sg-hostcom":false},"product_brand":[],"product_cat":[1791,1559,236,1785,1793,5701,1229,1235,5343,1783,1786,5338,6155,1656,5276,1573,1574],"product_tag":[],"class_list":{"0":"post-392576","1":"product","2":"type-product","3":"status-publish","4":"has-post-thumbnail","6":"product_cat-anniversary-gifts","7":"product_cat-birthday-gifts","8":"product_cat-collections","9":"product_cat-daily-wear-rings","10":"product_cat-diwali-gifts","11":"product_cat-eid-jewellery","12":"product_cat-22ct-gold-jewellery","13":"product_cat-gold-rings","14":"product_cat-jewellery-under-550","15":"product_cat-ladies-rings","16":"product_cat-occasional-wear-rings","17":"product_cat-shop-by-price","18":"product_cat-rosette-zariya-rings","19":"product_cat-rosettes-collections","20":"product_cat-rosettes-ring","21":"product_cat-wedding-gifts","22":"product_cat-womens-jewellery","24":"first","25":"outofstock","26":"taxable","27":"shipping-taxable","28":"product-type-simple","29":"add-to-wishlist-before_image"},"yoast_head":"<!-- This site is optimized with the Yoast SEO plugin v27.3 - https:\/\/yoast.com\/product\/yoast-seo-wordpress\/ -->\n<title>Gold Flower Ring 22ct Sunrise | Size N | PureJewels UK<\/title>\n<meta name=\"description\" content=\"Discover the exquisite 22ct sunrise gold flower ring in size N from PureJewels UK. Experience the beauty and craftsmanship of this stunning piece. Shop now.\" \/>\n<meta name=\"robots\" content=\"index, follow, max-snippet:-1, max-image-preview:large, max-video-preview:-1\" \/>\n<link rel=\"canonical\" href=\"https:\/\/www.purejewels.com\/de\/produkt-2\/22-karat-sonnenaufgang-gold-blumenring-51150\/\" \/>\n<meta property=\"og:locale\" content=\"de_DE\" \/>\n<meta property=\"og:type\" content=\"article\" \/>\n<meta property=\"og:title\" content=\"Gold Flower Ring 22ct Sunrise | Size N | PureJewels UK\" \/>\n<meta property=\"og:description\" content=\"Discover the exquisite 22ct sunrise gold flower ring in size N from PureJewels UK. Experience the beauty and craftsmanship of this stunning piece. Shop now.\" \/>\n<meta property=\"og:url\" content=\"https:\/\/www.purejewels.com\/de\/produkt-2\/22-karat-sonnenaufgang-gold-blumenring-51150\/\" \/>\n<meta property=\"og:site_name\" content=\"PureJewels UK\" \/>\n<meta property=\"article:modified_time\" content=\"2026-02-03T05:42:07+00:00\" \/>\n<meta property=\"og:image\" content=\"https:\/\/static.purejewels.com\/wp-content\/uploads\/2025\/04\/51149.png\" \/>\n\t<meta property=\"og:image:width\" content=\"1000\" \/>\n\t<meta property=\"og:image:height\" content=\"1000\" \/>\n\t<meta property=\"og:image:type\" content=\"image\/png\" \/>\n<meta name=\"twitter:card\" content=\"summary_large_image\" \/>\n<meta name=\"twitter:label1\" content=\"Gesch\u00e4tzte Lesezeit\" \/>\n\t<meta name=\"twitter:data1\" content=\"1\u00a0Minute\" \/>\n<script type=\"application\/ld+json\" class=\"yoast-schema-graph\">{\"@context\":\"https:\\\/\\\/schema.org\",\"@graph\":[{\"@type\":[\"WebPage\",\"ItemPage\"],\"@id\":\"https:\\\/\\\/www.purejewels.com\\\/product\\\/22ct-sunrise-gold-flower-ring-51150\\\/\",\"url\":\"https:\\\/\\\/www.purejewels.com\\\/product\\\/22ct-sunrise-gold-flower-ring-51150\\\/\",\"name\":\"Gold Flower Ring 22ct Sunrise | Size N | PureJewels UK\",\"isPartOf\":{\"@id\":\"https:\\\/\\\/www.purejewels.com\\\/#website\"},\"primaryImageOfPage\":{\"@id\":\"https:\\\/\\\/www.purejewels.com\\\/product\\\/22ct-sunrise-gold-flower-ring-51150\\\/#primaryimage\"},\"image\":{\"@id\":\"https:\\\/\\\/www.purejewels.com\\\/product\\\/22ct-sunrise-gold-flower-ring-51150\\\/#primaryimage\"},\"thumbnailUrl\":\"https:\\\/\\\/static.purejewels.com\\\/wp-content\\\/uploads\\\/2025\\\/04\\\/51149.png\",\"datePublished\":\"2025-12-07T06:18:46+00:00\",\"dateModified\":\"2026-02-03T05:42:07+00:00\",\"description\":\"Discover the exquisite 22ct sunrise gold flower ring in size N from PureJewels UK. Experience the beauty and craftsmanship of this stunning piece. Shop now.\",\"breadcrumb\":{\"@id\":\"https:\\\/\\\/www.purejewels.com\\\/product\\\/22ct-sunrise-gold-flower-ring-51150\\\/#breadcrumb\"},\"inLanguage\":\"de\",\"potentialAction\":[{\"@type\":\"ReadAction\",\"target\":[\"https:\\\/\\\/www.purejewels.com\\\/product\\\/22ct-sunrise-gold-flower-ring-51150\\\/\"]}]},{\"@type\":\"ImageObject\",\"inLanguage\":\"de\",\"@id\":\"https:\\\/\\\/www.purejewels.com\\\/product\\\/22ct-sunrise-gold-flower-ring-51150\\\/#primaryimage\",\"url\":\"https:\\\/\\\/static.purejewels.com\\\/wp-content\\\/uploads\\\/2025\\\/04\\\/51149.png\",\"contentUrl\":\"https:\\\/\\\/static.purejewels.com\\\/wp-content\\\/uploads\\\/2025\\\/04\\\/51149.png\",\"width\":1000,\"height\":1000,\"caption\":\"22ct Sunrise Gold Rosette Zariya Ring\"},{\"@type\":\"BreadcrumbList\",\"@id\":\"https:\\\/\\\/www.purejewels.com\\\/product\\\/22ct-sunrise-gold-flower-ring-51150\\\/#breadcrumb\",\"itemListElement\":[{\"@type\":\"ListItem\",\"position\":1,\"name\":\"Home\",\"item\":\"https:\\\/\\\/www.purejewels.com\\\/\"},{\"@type\":\"ListItem\",\"position\":2,\"name\":\"Shop\",\"item\":\"https:\\\/\\\/www.purejewels.com\\\/shop\\\/\"},{\"@type\":\"ListItem\",\"position\":3,\"name\":\"22ct Sunrise Gold Flower Ring | Size N\"}]},{\"@type\":\"WebSite\",\"@id\":\"https:\\\/\\\/www.purejewels.com\\\/#website\",\"url\":\"https:\\\/\\\/www.purejewels.com\\\/\",\"name\":\"PureJewels UK\",\"description\":\"Share the Love\",\"publisher\":{\"@id\":\"https:\\\/\\\/www.purejewels.com\\\/#organization\"},\"potentialAction\":[{\"@type\":\"SearchAction\",\"target\":{\"@type\":\"EntryPoint\",\"urlTemplate\":\"https:\\\/\\\/www.purejewels.com\\\/?s={search_term_string}\"},\"query-input\":{\"@type\":\"PropertyValueSpecification\",\"valueRequired\":true,\"valueName\":\"search_term_string\"}}],\"inLanguage\":\"de\"},{\"@type\":\"Organization\",\"@id\":\"https:\\\/\\\/www.purejewels.com\\\/#organization\",\"name\":\"PureJewels UK\",\"url\":\"https:\\\/\\\/www.purejewels.com\\\/\",\"logo\":{\"@type\":\"ImageObject\",\"inLanguage\":\"de\",\"@id\":\"https:\\\/\\\/www.purejewels.com\\\/#\\\/schema\\\/logo\\\/image\\\/\",\"url\":\"https:\\\/\\\/static.purejewels.com\\\/wp-content\\\/uploads\\\/2020\\\/11\\\/Logo-PJ-New-1.png\",\"contentUrl\":\"https:\\\/\\\/static.purejewels.com\\\/wp-content\\\/uploads\\\/2020\\\/11\\\/Logo-PJ-New-1.png\",\"width\":150,\"height\":80,\"caption\":\"PureJewels UK\"},\"image\":{\"@id\":\"https:\\\/\\\/www.purejewels.com\\\/#\\\/schema\\\/logo\\\/image\\\/\"}}]}<\/script>\n<!-- \/ Yoast SEO plugin. -->","yoast_head_json":{"title":"Gold Blume Ring 22ct Sunrise | Gr\u00f6\u00dfe N | PureJewels UK","description":"Entdecken Sie den exquisiten 22ct Sunrise Gold Blumenring in Gr\u00f6\u00dfe N von PureJewels UK. Erleben Sie die Sch\u00f6nheit und Handwerkskunst dieser atemberaubenden St\u00fcck. Jetzt einkaufen.","robots":{"index":"index","follow":"follow","max-snippet":"max-snippet:-1","max-image-preview":"max-image-preview:large","max-video-preview":"max-video-preview:-1"},"canonical":"https:\/\/www.purejewels.com\/de\/produkt-2\/22-karat-sonnenaufgang-gold-blumenring-51150\/","og_locale":"de_DE","og_type":"article","og_title":"Gold Flower Ring 22ct Sunrise | Size N | PureJewels UK","og_description":"Discover the exquisite 22ct sunrise gold flower ring in size N from PureJewels UK. Experience the beauty and craftsmanship of this stunning piece. Shop now.","og_url":"https:\/\/www.purejewels.com\/de\/produkt-2\/22-karat-sonnenaufgang-gold-blumenring-51150\/","og_site_name":"PureJewels UK","article_modified_time":"2026-02-03T05:42:07+00:00","og_image":[{"width":1000,"height":1000,"url":"https:\/\/static.purejewels.com\/wp-content\/uploads\/2025\/04\/51149.png","type":"image\/png"}],"twitter_card":"summary_large_image","twitter_misc":{"Gesch\u00e4tzte Lesezeit":"1\u00a0Minute"},"schema":{"@context":"https:\/\/schema.org","@graph":[{"@type":["WebPage","ItemPage"],"@id":"https:\/\/www.purejewels.com\/product\/22ct-sunrise-gold-flower-ring-51150\/","url":"https:\/\/www.purejewels.com\/product\/22ct-sunrise-gold-flower-ring-51150\/","name":"Gold Blume Ring 22ct Sunrise | Gr\u00f6\u00dfe N | PureJewels UK","isPartOf":{"@id":"https:\/\/www.purejewels.com\/#website"},"primaryImageOfPage":{"@id":"https:\/\/www.purejewels.com\/product\/22ct-sunrise-gold-flower-ring-51150\/#primaryimage"},"image":{"@id":"https:\/\/www.purejewels.com\/product\/22ct-sunrise-gold-flower-ring-51150\/#primaryimage"},"thumbnailUrl":"https:\/\/static.purejewels.com\/wp-content\/uploads\/2025\/04\/51149.png","datePublished":"2025-12-07T06:18:46+00:00","dateModified":"2026-02-03T05:42:07+00:00","description":"Entdecken Sie den exquisiten 22ct Sunrise Gold Blumenring in Gr\u00f6\u00dfe N von PureJewels UK. Erleben Sie die Sch\u00f6nheit und Handwerkskunst dieser atemberaubenden St\u00fcck. Jetzt einkaufen.","breadcrumb":{"@id":"https:\/\/www.purejewels.com\/product\/22ct-sunrise-gold-flower-ring-51150\/#breadcrumb"},"inLanguage":"de","potentialAction":[{"@type":"ReadAction","target":["https:\/\/www.purejewels.com\/product\/22ct-sunrise-gold-flower-ring-51150\/"]}]},{"@type":"ImageObject","inLanguage":"de","@id":"https:\/\/www.purejewels.com\/product\/22ct-sunrise-gold-flower-ring-51150\/#primaryimage","url":"https:\/\/static.purejewels.com\/wp-content\/uploads\/2025\/04\/51149.png","contentUrl":"https:\/\/static.purejewels.com\/wp-content\/uploads\/2025\/04\/51149.png","width":1000,"height":1000,"caption":"22ct Sunrise Gold Rosette Zariya Ring"},{"@type":"BreadcrumbList","@id":"https:\/\/www.purejewels.com\/product\/22ct-sunrise-gold-flower-ring-51150\/#breadcrumb","itemListElement":[{"@type":"ListItem","position":1,"name":"Home","item":"https:\/\/www.purejewels.com\/"},{"@type":"ListItem","position":2,"name":"Shop","item":"https:\/\/www.purejewels.com\/shop\/"},{"@type":"ListItem","position":3,"name":"22ct Sunrise Gold Flower Ring | Size N"}]},{"@type":"WebSite","@id":"https:\/\/www.purejewels.com\/#website","url":"https:\/\/www.purejewels.com\/","name":"PureJewels UK","description":"Teile die Liebe","publisher":{"@id":"https:\/\/www.purejewels.com\/#organization"},"potentialAction":[{"@type":"SearchAction","target":{"@type":"EntryPoint","urlTemplate":"https:\/\/www.purejewels.com\/?s={search_term_string}"},"query-input":{"@type":"PropertyValueSpecification","valueRequired":true,"valueName":"search_term_string"}}],"inLanguage":"de"},{"@type":"Organization","@id":"https:\/\/www.purejewels.com\/#organization","name":"PureJewels UK","url":"https:\/\/www.purejewels.com\/","logo":{"@type":"ImageObject","inLanguage":"de","@id":"https:\/\/www.purejewels.com\/#\/schema\/logo\/image\/","url":"https:\/\/static.purejewels.com\/wp-content\/uploads\/2020\/11\/Logo-PJ-New-1.png","contentUrl":"https:\/\/static.purejewels.com\/wp-content\/uploads\/2020\/11\/Logo-PJ-New-1.png","width":150,"height":80,"caption":"PureJewels UK"},"image":{"@id":"https:\/\/www.purejewels.com\/#\/schema\/logo\/image\/"}}]}},"_links":{"self":[{"href":"https:\/\/www.purejewels.com\/de\/wp-json\/wp\/v2\/product\/392576","targetHints":{"allow":["GET"]}}],"collection":[{"href":"https:\/\/www.purejewels.com\/de\/wp-json\/wp\/v2\/product"}],"about":[{"href":"https:\/\/www.purejewels.com\/de\/wp-json\/wp\/v2\/types\/product"}],"replies":[{"embeddable":true,"href":"https:\/\/www.purejewels.com\/de\/wp-json\/wp\/v2\/comments?post=392576"}],"version-history":[{"count":5,"href":"https:\/\/www.purejewels.com\/de\/wp-json\/wp\/v2\/product\/392576\/revisions"}],"predecessor-version":[{"id":425530,"href":"https:\/\/www.purejewels.com\/de\/wp-json\/wp\/v2\/product\/392576\/revisions\/425530"}],"wp:featuredmedia":[{"embeddable":true,"href":"https:\/\/www.purejewels.com\/de\/wp-json\/wp\/v2\/media\/392098"}],"wp:attachment":[{"href":"https:\/\/www.purejewels.com\/de\/wp-json\/wp\/v2\/media?parent=392576"}],"wp:term":[{"taxonomy":"product_brand","embeddable":true,"href":"https:\/\/www.purejewels.com\/de\/wp-json\/wp\/v2\/product_brand?post=392576"},{"taxonomy":"product_cat","embeddable":true,"href":"https:\/\/www.purejewels.com\/de\/wp-json\/wp\/v2\/product_cat?post=392576"},{"taxonomy":"product_tag","embeddable":true,"href":"https:\/\/www.purejewels.com\/de\/wp-json\/wp\/v2\/product_tag?post=392576"}],"curies":[{"name":"wp","href":"https:\/\/api.w.org\/{rel}","templated":true}]}}