{"id":394789,"date":"2025-04-02T11:27:39","date_gmt":"2025-04-02T10:27:39","guid":{"rendered":"https:\/\/www.purejewels.com\/?post_type=product&#038;p=394789"},"modified":"2026-04-27T06:37:21","modified_gmt":"2026-04-27T05:37:21","slug":"22-kt-gold-herz-anhanger-mit-cz-steinen-51762","status":"publish","type":"product","link":"https:\/\/www.purejewels.com\/de\/product\/22ct-gold-heart-pendant-with-cz-stones-51762\/","title":{"rendered":"22ct Gold Herz-Anh\u00e4nger mit CZ-Steinen"},"content":{"rendered":"<p data-start=\"491\" data-end=\"1001\"><strong data-start=\"491\" data-end=\"509\">Designkonzept<\/strong><br data-start=\"509\" data-end=\"512\" \/>Dieser herzf\u00f6rmige Anh\u00e4nger ist als moderner Ausdruck der Liebe konzipiert und damit ein ideales Schmuckgeschenk zum Valentinstag. Das weich konturierte Herz aus Gold flie\u00dft mit sanften Kurven, w\u00e4hrend eine Spur aus funkelnden Zirkonia-Steinen die Form mit Licht und Bewegung nachzeichnet. Dezente rosafarbene Akzente sorgen f\u00fcr W\u00e4rme und Emotionen und spiegeln eine Romantik wider, die sich eher pers\u00f6nlich als performativ anf\u00fchlt. Die offene Mitte verleiht dem Design Atmungsaktivit\u00e4t und symbolisiert eine offene, sich entwickelnde und dauerhafte Liebe.<\/p>\n<p data-start=\"1003\" data-end=\"1518\"><strong data-start=\"1003\" data-end=\"1020\">Handwerkliches K\u00f6nnen<\/strong><br data-start=\"1020\" data-end=\"1023\" \/>Der aus strahlendem 22-kar\u00e4tigem Gold gefertigte Anh\u00e4nger zeichnet sich durch eine sorgf\u00e4ltige Formgebung und ausgewogene Proportionen aus, die Komfort und optische Harmonie gew\u00e4hrleisten. Jeder Zirkoniastein ist pr\u00e4zise gefasst, um die Brillanz zu verst\u00e4rken und gleichzeitig eine raffinierte Silhouette zu bewahren, die f\u00fcr das t\u00e4gliche Tragen geeignet ist. Die polierte Goldoberfl\u00e4che unterstreicht den nat\u00fcrlichen Reichtum des hochreinen Goldes, w\u00e4hrend die glatten Kanten f\u00fcr ein angenehmes Gef\u00fchl auf der Haut sorgen. Jedes St\u00fcck ist im Vereinigten K\u00f6nigreich mit einem Feingehaltsstempel versehen, der f\u00fcr vertrauensw\u00fcrdige Handwerkskunst und Qualit\u00e4t steht.<\/p>\n<p data-start=\"1520\" data-end=\"1918\"><strong data-start=\"1520\" data-end=\"1537\">Styling-Ideen<\/strong><br data-start=\"1537\" data-end=\"1540\" \/>Dieser Anh\u00e4nger eignet sich perfekt als Geschenk zum Valentinstag und l\u00e4sst sich wunderbar mit einer feinen Goldkette kombinieren, die f\u00fcr Eleganz im Alltag sorgt. Er kann allein als romantisches Statement getragen werden oder mit zarten Halsketten f\u00fcr einen modernen Look kombiniert werden. Er ist ideal f\u00fcr den Valentinstag, Jahrestage oder bedeutende Meilensteine und soll ein dauerhaftes Symbol der Liebe sein, das \u00fcber den Anlass hinausgeht.<\/p>","protected":false},"excerpt":{"rendered":"<div class=\"woocommerce-product-details__short-description\">\n<p class=\"\" data-start=\"1045\" data-end=\"1208\">22 Karat Gold Herz-Anh\u00e4nger mit CZ-Steinen - ein strahlendes Symbol der Liebe und Eleganz.<br data-start=\"1128\" data-end=\"1131\" \/>Perfekt zum t\u00e4glichen Tragen oder Verschenken, mit zeitlosem Glanz und herzlichem Charme.<\/p>\n<p><strong>Material:\u00a0<\/strong>22ct Gold (91,6% reines Gold)<br \/>\n<strong>Wahrzeichen:\u00a0<\/strong>Britisches G\u00fctesiegel<br \/>\n<strong>Bruttogewicht: <\/strong>2.9 Gms<br \/>\n<strong>SKU:<\/strong> 51111, 51762<\/p>\n<p><strong>Preis und Lieferung:\u00a0<\/strong>Inklusive Mehrwertsteuer und Lieferkosten<br \/>\nKette nicht enthalten.<br \/>\n<strong><a href=\"https:\/\/www.purejewels.com\/de\/ruckgabepolitik\/\">R\u00fcckgabepolitik<\/a><\/strong><\/p>\n<\/div>","protected":false},"featured_media":394790,"comment_status":"closed","ping_status":"closed","template":"","meta":{"_eb_attr":"","_crsspst_to_jayantr4sg-hostcom":true},"product_brand":[],"product_cat":[1791,1559,1794,1793,1770,1792,1790,1229,1255,5344,1767,1570,5338,1569,1573,1574,5349],"product_tag":[],"class_list":{"0":"post-394789","1":"product","2":"type-product","3":"status-publish","4":"has-post-thumbnail","6":"product_cat-anniversary-gifts","7":"product_cat-birthday-gifts","8":"product_cat-christmas-gifts","9":"product_cat-diwali-gifts","10":"product_cat-fancy-pendants","11":"product_cat-festival-gifts","12":"product_cat-for-whom-when","13":"product_cat-22ct-gold-jewellery","14":"product_cat-gold-pendants","15":"product_cat-jewellery-under-750","16":"product_cat-ladies-pendants","17":"product_cat-mothers-day-gifts","18":"product_cat-shop-by-price","19":"product_cat-valentine-day-gifts","20":"product_cat-wedding-gifts","21":"product_cat-womens-jewellery","22":"product_cat-yellow-gold-jewellery","24":"first","25":"instock","26":"taxable","27":"shipping-taxable","28":"purchasable","29":"product-type-simple","30":"add-to-wishlist-before_image"},"yoast_head":"<!-- This site is optimized with the Yoast SEO plugin v27.5 - https:\/\/yoast.com\/product\/yoast-seo-wordpress\/ -->\n<title>22ct Gold Heart Pendant | Fine Jewellery by PureJewels UK<\/title>\n<meta name=\"description\" content=\"A timeless symbol of love, our 22ct Gold Heart Pendant sparkles with CZ stones\u2014crafted in the UK by PureJewels for elegant everyday wear.\" \/>\n<meta name=\"robots\" content=\"index, follow, max-snippet:-1, max-image-preview:large, max-video-preview:-1\" \/>\n<link rel=\"canonical\" href=\"https:\/\/www.purejewels.com\/de\/produkt-2\/22-kt-gold-herz-anhanger-mit-cz-steinen-51762\/\" \/>\n<meta property=\"og:locale\" content=\"de_DE\" \/>\n<meta property=\"og:type\" content=\"article\" \/>\n<meta property=\"og:title\" content=\"22ct Gold Heart Pendant | Fine Jewellery by PureJewels UK\" \/>\n<meta property=\"og:description\" content=\"A timeless symbol of love, our 22ct Gold Heart Pendant sparkles with CZ stones\u2014crafted in the UK by PureJewels for elegant everyday wear.\" \/>\n<meta property=\"og:url\" content=\"https:\/\/www.purejewels.com\/de\/produkt-2\/22-kt-gold-herz-anhanger-mit-cz-steinen-51762\/\" \/>\n<meta property=\"og:site_name\" content=\"PureJewels UK\" \/>\n<meta property=\"article:modified_time\" content=\"2026-04-27T05:37:21+00:00\" \/>\n<meta property=\"og:image\" content=\"https:\/\/static.purejewels.com\/wp-content\/uploads\/2025\/05\/51762.png\" \/>\n\t<meta property=\"og:image:width\" content=\"1000\" \/>\n\t<meta property=\"og:image:height\" content=\"1000\" \/>\n\t<meta property=\"og:image:type\" content=\"image\/png\" \/>\n<meta name=\"twitter:card\" content=\"summary_large_image\" \/>\n<meta name=\"twitter:label1\" content=\"Gesch\u00e4tzte Lesezeit\" \/>\n\t<meta name=\"twitter:data1\" content=\"2\u00a0Minuten\" \/>\n<script type=\"application\/ld+json\" class=\"yoast-schema-graph\">{\"@context\":\"https:\\\/\\\/schema.org\",\"@graph\":[{\"@type\":[\"WebPage\",\"ItemPage\"],\"@id\":\"https:\\\/\\\/www.purejewels.com\\\/product\\\/22ct-gold-heart-pendant-with-cz-stones-51762\\\/\",\"url\":\"https:\\\/\\\/www.purejewels.com\\\/product\\\/22ct-gold-heart-pendant-with-cz-stones-51762\\\/\",\"name\":\"22ct Gold Heart Pendant | Fine Jewellery by PureJewels UK\",\"isPartOf\":{\"@id\":\"https:\\\/\\\/www.purejewels.com\\\/#website\"},\"primaryImageOfPage\":{\"@id\":\"https:\\\/\\\/www.purejewels.com\\\/product\\\/22ct-gold-heart-pendant-with-cz-stones-51762\\\/#primaryimage\"},\"image\":{\"@id\":\"https:\\\/\\\/www.purejewels.com\\\/product\\\/22ct-gold-heart-pendant-with-cz-stones-51762\\\/#primaryimage\"},\"thumbnailUrl\":\"https:\\\/\\\/static.purejewels.com\\\/wp-content\\\/uploads\\\/2025\\\/05\\\/51762.png\",\"datePublished\":\"2025-04-02T10:27:39+00:00\",\"dateModified\":\"2026-04-27T05:37:21+00:00\",\"description\":\"A timeless symbol of love, our 22ct Gold Heart Pendant sparkles with CZ stones\u2014crafted in the UK by PureJewels for elegant everyday wear.\",\"breadcrumb\":{\"@id\":\"https:\\\/\\\/www.purejewels.com\\\/product\\\/22ct-gold-heart-pendant-with-cz-stones-51762\\\/#breadcrumb\"},\"inLanguage\":\"de\",\"potentialAction\":[{\"@type\":\"ReadAction\",\"target\":[\"https:\\\/\\\/www.purejewels.com\\\/product\\\/22ct-gold-heart-pendant-with-cz-stones-51762\\\/\"]}]},{\"@type\":\"ImageObject\",\"inLanguage\":\"de\",\"@id\":\"https:\\\/\\\/www.purejewels.com\\\/product\\\/22ct-gold-heart-pendant-with-cz-stones-51762\\\/#primaryimage\",\"url\":\"https:\\\/\\\/static.purejewels.com\\\/wp-content\\\/uploads\\\/2025\\\/05\\\/51762.png\",\"contentUrl\":\"https:\\\/\\\/static.purejewels.com\\\/wp-content\\\/uploads\\\/2025\\\/05\\\/51762.png\",\"width\":1000,\"height\":1000,\"caption\":\"22ct Gold Heart Pendant with CZ Stones\"},{\"@type\":\"BreadcrumbList\",\"@id\":\"https:\\\/\\\/www.purejewels.com\\\/product\\\/22ct-gold-heart-pendant-with-cz-stones-51762\\\/#breadcrumb\",\"itemListElement\":[{\"@type\":\"ListItem\",\"position\":1,\"name\":\"Home\",\"item\":\"https:\\\/\\\/www.purejewels.com\\\/\"},{\"@type\":\"ListItem\",\"position\":2,\"name\":\"Shop\",\"item\":\"https:\\\/\\\/www.purejewels.com\\\/shop\\\/\"},{\"@type\":\"ListItem\",\"position\":3,\"name\":\"22ct Gold Heart Pendant with CZ Stones\"}]},{\"@type\":\"WebSite\",\"@id\":\"https:\\\/\\\/www.purejewels.com\\\/#website\",\"url\":\"https:\\\/\\\/www.purejewels.com\\\/\",\"name\":\"PureJewels UK\",\"description\":\"Share the Love\",\"publisher\":{\"@id\":\"https:\\\/\\\/www.purejewels.com\\\/#organization\"},\"potentialAction\":[{\"@type\":\"SearchAction\",\"target\":{\"@type\":\"EntryPoint\",\"urlTemplate\":\"https:\\\/\\\/www.purejewels.com\\\/?s={search_term_string}\"},\"query-input\":{\"@type\":\"PropertyValueSpecification\",\"valueRequired\":true,\"valueName\":\"search_term_string\"}}],\"inLanguage\":\"de\"},{\"@type\":\"Organization\",\"@id\":\"https:\\\/\\\/www.purejewels.com\\\/#organization\",\"name\":\"PureJewels UK\",\"url\":\"https:\\\/\\\/www.purejewels.com\\\/\",\"logo\":{\"@type\":\"ImageObject\",\"inLanguage\":\"de\",\"@id\":\"https:\\\/\\\/www.purejewels.com\\\/#\\\/schema\\\/logo\\\/image\\\/\",\"url\":\"https:\\\/\\\/static.purejewels.com\\\/wp-content\\\/uploads\\\/2020\\\/11\\\/Logo-PJ-New-1.png\",\"contentUrl\":\"https:\\\/\\\/static.purejewels.com\\\/wp-content\\\/uploads\\\/2020\\\/11\\\/Logo-PJ-New-1.png\",\"width\":150,\"height\":80,\"caption\":\"PureJewels UK\"},\"image\":{\"@id\":\"https:\\\/\\\/www.purejewels.com\\\/#\\\/schema\\\/logo\\\/image\\\/\"}}]}<\/script>\n<!-- \/ Yoast SEO plugin. -->","yoast_head_json":{"title":"22ct Gold Herz-Anh\u00e4nger | Feiner Schmuck von PureJewels UK","description":"Unser Herzanh\u00e4nger aus 22 Karat Gold ist ein zeitloses Symbol der Liebe und funkelt mit CZ-Steinen. Er wird von PureJewels in Gro\u00dfbritannien hergestellt und eignet sich hervorragend f\u00fcr den t\u00e4glichen Gebrauch.","robots":{"index":"index","follow":"follow","max-snippet":"max-snippet:-1","max-image-preview":"max-image-preview:large","max-video-preview":"max-video-preview:-1"},"canonical":"https:\/\/www.purejewels.com\/de\/produkt-2\/22-kt-gold-herz-anhanger-mit-cz-steinen-51762\/","og_locale":"de_DE","og_type":"article","og_title":"22ct Gold Heart Pendant | Fine Jewellery by PureJewels UK","og_description":"A timeless symbol of love, our 22ct Gold Heart Pendant sparkles with CZ stones\u2014crafted in the UK by PureJewels for elegant everyday wear.","og_url":"https:\/\/www.purejewels.com\/de\/produkt-2\/22-kt-gold-herz-anhanger-mit-cz-steinen-51762\/","og_site_name":"PureJewels UK","article_modified_time":"2026-04-27T05:37:21+00:00","og_image":[{"width":1000,"height":1000,"url":"https:\/\/static.purejewels.com\/wp-content\/uploads\/2025\/05\/51762.png","type":"image\/png"}],"twitter_card":"summary_large_image","twitter_misc":{"Gesch\u00e4tzte Lesezeit":"2\u00a0Minuten"},"schema":{"@context":"https:\/\/schema.org","@graph":[{"@type":["WebPage","ItemPage"],"@id":"https:\/\/www.purejewels.com\/product\/22ct-gold-heart-pendant-with-cz-stones-51762\/","url":"https:\/\/www.purejewels.com\/product\/22ct-gold-heart-pendant-with-cz-stones-51762\/","name":"22ct Gold Herz-Anh\u00e4nger | Feiner Schmuck von PureJewels UK","isPartOf":{"@id":"https:\/\/www.purejewels.com\/#website"},"primaryImageOfPage":{"@id":"https:\/\/www.purejewels.com\/product\/22ct-gold-heart-pendant-with-cz-stones-51762\/#primaryimage"},"image":{"@id":"https:\/\/www.purejewels.com\/product\/22ct-gold-heart-pendant-with-cz-stones-51762\/#primaryimage"},"thumbnailUrl":"https:\/\/static.purejewels.com\/wp-content\/uploads\/2025\/05\/51762.png","datePublished":"2025-04-02T10:27:39+00:00","dateModified":"2026-04-27T05:37:21+00:00","description":"Unser Herzanh\u00e4nger aus 22 Karat Gold ist ein zeitloses Symbol der Liebe und funkelt mit CZ-Steinen. Er wird von PureJewels in Gro\u00dfbritannien hergestellt und eignet sich hervorragend f\u00fcr den t\u00e4glichen Gebrauch.","breadcrumb":{"@id":"https:\/\/www.purejewels.com\/product\/22ct-gold-heart-pendant-with-cz-stones-51762\/#breadcrumb"},"inLanguage":"de","potentialAction":[{"@type":"ReadAction","target":["https:\/\/www.purejewels.com\/product\/22ct-gold-heart-pendant-with-cz-stones-51762\/"]}]},{"@type":"ImageObject","inLanguage":"de","@id":"https:\/\/www.purejewels.com\/product\/22ct-gold-heart-pendant-with-cz-stones-51762\/#primaryimage","url":"https:\/\/static.purejewels.com\/wp-content\/uploads\/2025\/05\/51762.png","contentUrl":"https:\/\/static.purejewels.com\/wp-content\/uploads\/2025\/05\/51762.png","width":1000,"height":1000,"caption":"22ct Gold Heart Pendant with CZ Stones"},{"@type":"BreadcrumbList","@id":"https:\/\/www.purejewels.com\/product\/22ct-gold-heart-pendant-with-cz-stones-51762\/#breadcrumb","itemListElement":[{"@type":"ListItem","position":1,"name":"Home","item":"https:\/\/www.purejewels.com\/"},{"@type":"ListItem","position":2,"name":"Shop","item":"https:\/\/www.purejewels.com\/shop\/"},{"@type":"ListItem","position":3,"name":"22ct Gold Heart Pendant with CZ Stones"}]},{"@type":"WebSite","@id":"https:\/\/www.purejewels.com\/#website","url":"https:\/\/www.purejewels.com\/","name":"PureJewels UK","description":"Teile die Liebe","publisher":{"@id":"https:\/\/www.purejewels.com\/#organization"},"potentialAction":[{"@type":"SearchAction","target":{"@type":"EntryPoint","urlTemplate":"https:\/\/www.purejewels.com\/?s={search_term_string}"},"query-input":{"@type":"PropertyValueSpecification","valueRequired":true,"valueName":"search_term_string"}}],"inLanguage":"de"},{"@type":"Organization","@id":"https:\/\/www.purejewels.com\/#organization","name":"PureJewels UK","url":"https:\/\/www.purejewels.com\/","logo":{"@type":"ImageObject","inLanguage":"de","@id":"https:\/\/www.purejewels.com\/#\/schema\/logo\/image\/","url":"https:\/\/static.purejewels.com\/wp-content\/uploads\/2020\/11\/Logo-PJ-New-1.png","contentUrl":"https:\/\/static.purejewels.com\/wp-content\/uploads\/2020\/11\/Logo-PJ-New-1.png","width":150,"height":80,"caption":"PureJewels UK"},"image":{"@id":"https:\/\/www.purejewels.com\/#\/schema\/logo\/image\/"}}]}},"_links":{"self":[{"href":"https:\/\/www.purejewels.com\/de\/wp-json\/wp\/v2\/product\/394789","targetHints":{"allow":["GET"]}}],"collection":[{"href":"https:\/\/www.purejewels.com\/de\/wp-json\/wp\/v2\/product"}],"about":[{"href":"https:\/\/www.purejewels.com\/de\/wp-json\/wp\/v2\/types\/product"}],"replies":[{"embeddable":true,"href":"https:\/\/www.purejewels.com\/de\/wp-json\/wp\/v2\/comments?post=394789"}],"version-history":[{"count":4,"href":"https:\/\/www.purejewels.com\/de\/wp-json\/wp\/v2\/product\/394789\/revisions"}],"predecessor-version":[{"id":424394,"href":"https:\/\/www.purejewels.com\/de\/wp-json\/wp\/v2\/product\/394789\/revisions\/424394"}],"wp:featuredmedia":[{"embeddable":true,"href":"https:\/\/www.purejewels.com\/de\/wp-json\/wp\/v2\/media\/394790"}],"wp:attachment":[{"href":"https:\/\/www.purejewels.com\/de\/wp-json\/wp\/v2\/media?parent=394789"}],"wp:term":[{"taxonomy":"product_brand","embeddable":true,"href":"https:\/\/www.purejewels.com\/de\/wp-json\/wp\/v2\/product_brand?post=394789"},{"taxonomy":"product_cat","embeddable":true,"href":"https:\/\/www.purejewels.com\/de\/wp-json\/wp\/v2\/product_cat?post=394789"},{"taxonomy":"product_tag","embeddable":true,"href":"https:\/\/www.purejewels.com\/de\/wp-json\/wp\/v2\/product_tag?post=394789"}],"curies":[{"name":"wp","href":"https:\/\/api.w.org\/{rel}","templated":true}]}}