{"id":394813,"date":"2025-02-02T13:33:15","date_gmt":"2025-02-02T13:33:15","guid":{"rendered":"https:\/\/www.purejewels.com\/?post_type=product&#038;p=394813"},"modified":"2026-04-27T06:56:11","modified_gmt":"2026-04-27T05:56:11","slug":"22ct-gold-pfau-anhanger-51686","status":"publish","type":"product","link":"https:\/\/www.purejewels.com\/de\/product\/22ct-gold-peacock-pendant-51686\/","title":{"rendered":"22ct Gold Pfau-Anh\u00e4nger"},"content":{"rendered":"<p>Zelebrieren Sie k\u00f6nigliche Sch\u00f6nheit mit unserem <strong data-start=\"289\" data-end=\"326\">Gold Pfau Anh\u00e4nger in 22ct Gold<\/strong>und mit traditioneller Technik gegossen und bearbeitet. <strong data-start=\"375\" data-end=\"400\">Meenakari-Emaillearbeiten<\/strong>. Dieser Anh\u00e4nger zeigt das ikonische Pfauenmotiv, das Anmut, Sch\u00f6nheit und Wohlstand symbolisiert. Gefertigt aus hochreinem <strong data-start=\"517\" data-end=\"537\">22 Karat Gelbgold<\/strong>spiegelt das St\u00fcck den Reichtum der <strong data-start=\"574\" data-end=\"603\">Schmuck mit indischem Erbe<\/strong> und seine komplizierten Details setzen ein k\u00fchnes, aber elegantes Statement. Ideal f\u00fcr Hochzeiten, festliche Anl\u00e4sse oder zum Verschenken, ist diese <strong data-start=\"727\" data-end=\"748\">Goldguss-Anh\u00e4nger<\/strong> bringt zeitlosen Charme in jede Schmucksammlung. Eine perfekte Mischung aus <strong data-start=\"821\" data-end=\"865\">kulturelle Symbolik und Pr\u00e4zisionsguss<\/strong>mit dem Ziel, Ihre pers\u00f6nliche Geschichte aufzuwerten.<\/p>\n<p><b>Bereich<\/b>JWPNPFCB005APCS<br \/>\n<b>SKU:<\/b> 51686, 30132, 53109, 53110, 53111<\/p>","protected":false},"excerpt":{"rendered":"<div class=\"woocommerce-product-details__short-description\">\n<p>Eine auff\u00e4llige <strong data-start=\"1082\" data-end=\"1111\">22ct Gold Pfau-Anh\u00e4nger<\/strong> mit lebendiger Meenakari-Emaille und feinen Gussdetails. Inspiriert vom Erbe, gemacht, um gesch\u00e4tzt zu werden.<\/p>\n<p><strong>Material:<\/strong> 22ct Gold<strong><br \/>\nWahrzeichen:\u00a0<\/strong>Britisches G\u00fctesiegel<strong><br \/>\n<\/strong><strong>Bruttogewicht: <\/strong>1,24 Gramm<strong><br \/>\nSKU: <\/strong>51686, 30132, 53109, 53110, 53111, 30135<\/p>\n<p><strong>Preis und Lieferung: <\/strong>Kette nicht im Preis enthalten<strong>, <\/strong>Inklusive Mehrwertsteuer und Lieferkosten<strong><br \/>\n<a href=\"https:\/\/www.purejewels.com\/de\/ruckgabepolitik\/\">R\u00fcckgabepolitik<\/a><\/strong><\/p>\n<\/div>\n<div class=\"btn-atc atc-slide\"><\/div>\n<div class=\"product_meta\"><\/div>","protected":false},"featured_media":309619,"comment_status":"closed","ping_status":"closed","template":"","meta":{"_eb_attr":"","_crsspst_to_jayantr4sg-hostcom":true},"product_brand":[],"product_cat":[1791,1559,1794,1793,1770,1792,1790,1229,1255,5343,1767,1570,5338,1569,1573,1574,5349],"product_tag":[],"class_list":{"0":"post-394813","1":"product","2":"type-product","3":"status-publish","4":"has-post-thumbnail","6":"product_cat-anniversary-gifts","7":"product_cat-birthday-gifts","8":"product_cat-christmas-gifts","9":"product_cat-diwali-gifts","10":"product_cat-fancy-pendants","11":"product_cat-festival-gifts","12":"product_cat-for-whom-when","13":"product_cat-22ct-gold-jewellery","14":"product_cat-gold-pendants","15":"product_cat-jewellery-under-550","16":"product_cat-ladies-pendants","17":"product_cat-mothers-day-gifts","18":"product_cat-shop-by-price","19":"product_cat-valentine-day-gifts","20":"product_cat-wedding-gifts","21":"product_cat-womens-jewellery","22":"product_cat-yellow-gold-jewellery","24":"first","25":"instock","26":"taxable","27":"shipping-taxable","28":"purchasable","29":"product-type-simple","30":"add-to-wishlist-before_image"},"yoast_head":"<!-- This site is optimized with the Yoast SEO plugin v27.5 - https:\/\/yoast.com\/product\/yoast-seo-wordpress\/ -->\n<title>Shop Fancy Peacock Pendant with Rhodium Finish &amp; Enamel<\/title>\n<meta name=\"description\" content=\"Shop online for our 22ct Fancy Peacock Pendant, adorned with enamel and a radiant rhodium finish\u2014an artistic Statement Jewellery by PureJewels.\" \/>\n<meta name=\"robots\" content=\"index, follow, max-snippet:-1, max-image-preview:large, max-video-preview:-1\" \/>\n<link rel=\"canonical\" href=\"https:\/\/www.purejewels.com\/de\/produkt-2\/22ct-gold-pfau-anhanger-51686\/\" \/>\n<meta property=\"og:locale\" content=\"de_DE\" \/>\n<meta property=\"og:type\" content=\"article\" \/>\n<meta property=\"og:title\" content=\"Shop Fancy Peacock Pendant with Rhodium Finish &amp; Enamel\" \/>\n<meta property=\"og:description\" content=\"Shop online for our 22ct Fancy Peacock Pendant, adorned with enamel and a radiant rhodium finish\u2014an artistic Statement Jewellery by PureJewels.\" \/>\n<meta property=\"og:url\" content=\"https:\/\/www.purejewels.com\/de\/produkt-2\/22ct-gold-pfau-anhanger-51686\/\" \/>\n<meta property=\"og:site_name\" content=\"PureJewels UK\" \/>\n<meta property=\"article:modified_time\" content=\"2026-04-27T05:56:11+00:00\" \/>\n<meta property=\"og:image\" content=\"https:\/\/static.purejewels.com\/wp-content\/uploads\/2019\/04\/30135_1.png\" \/>\n\t<meta property=\"og:image:width\" content=\"1000\" \/>\n\t<meta property=\"og:image:height\" content=\"1000\" \/>\n\t<meta property=\"og:image:type\" content=\"image\/png\" \/>\n<meta name=\"twitter:card\" content=\"summary_large_image\" \/>\n<meta name=\"twitter:label1\" content=\"Gesch\u00e4tzte Lesezeit\" \/>\n\t<meta name=\"twitter:data1\" content=\"1\u00a0Minute\" \/>\n<script type=\"application\/ld+json\" class=\"yoast-schema-graph\">{\"@context\":\"https:\\\/\\\/schema.org\",\"@graph\":[{\"@type\":[\"WebPage\",\"ItemPage\"],\"@id\":\"https:\\\/\\\/www.purejewels.com\\\/product\\\/22ct-gold-peacock-pendant-51686\\\/\",\"url\":\"https:\\\/\\\/www.purejewels.com\\\/product\\\/22ct-gold-peacock-pendant-51686\\\/\",\"name\":\"Shop Fancy Peacock Pendant with Rhodium Finish & Enamel\",\"isPartOf\":{\"@id\":\"https:\\\/\\\/www.purejewels.com\\\/#website\"},\"primaryImageOfPage\":{\"@id\":\"https:\\\/\\\/www.purejewels.com\\\/product\\\/22ct-gold-peacock-pendant-51686\\\/#primaryimage\"},\"image\":{\"@id\":\"https:\\\/\\\/www.purejewels.com\\\/product\\\/22ct-gold-peacock-pendant-51686\\\/#primaryimage\"},\"thumbnailUrl\":\"https:\\\/\\\/static.purejewels.com\\\/wp-content\\\/uploads\\\/2019\\\/04\\\/30135_1.png\",\"datePublished\":\"2025-02-02T13:33:15+00:00\",\"dateModified\":\"2026-04-27T05:56:11+00:00\",\"description\":\"Shop online for our 22ct Fancy Peacock Pendant, adorned with enamel and a radiant rhodium finish\u2014an artistic Statement Jewellery by PureJewels.\",\"breadcrumb\":{\"@id\":\"https:\\\/\\\/www.purejewels.com\\\/product\\\/22ct-gold-peacock-pendant-51686\\\/#breadcrumb\"},\"inLanguage\":\"de\",\"potentialAction\":[{\"@type\":\"ReadAction\",\"target\":[\"https:\\\/\\\/www.purejewels.com\\\/product\\\/22ct-gold-peacock-pendant-51686\\\/\"]}]},{\"@type\":\"ImageObject\",\"inLanguage\":\"de\",\"@id\":\"https:\\\/\\\/www.purejewels.com\\\/product\\\/22ct-gold-peacock-pendant-51686\\\/#primaryimage\",\"url\":\"https:\\\/\\\/static.purejewels.com\\\/wp-content\\\/uploads\\\/2019\\\/04\\\/30135_1.png\",\"contentUrl\":\"https:\\\/\\\/static.purejewels.com\\\/wp-content\\\/uploads\\\/2019\\\/04\\\/30135_1.png\",\"width\":1000,\"height\":1000,\"caption\":\"30135_1\"},{\"@type\":\"BreadcrumbList\",\"@id\":\"https:\\\/\\\/www.purejewels.com\\\/product\\\/22ct-gold-peacock-pendant-51686\\\/#breadcrumb\",\"itemListElement\":[{\"@type\":\"ListItem\",\"position\":1,\"name\":\"Home\",\"item\":\"https:\\\/\\\/www.purejewels.com\\\/\"},{\"@type\":\"ListItem\",\"position\":2,\"name\":\"Shop\",\"item\":\"https:\\\/\\\/www.purejewels.com\\\/shop\\\/\"},{\"@type\":\"ListItem\",\"position\":3,\"name\":\"22ct Gold Peacock Pendant\"}]},{\"@type\":\"WebSite\",\"@id\":\"https:\\\/\\\/www.purejewels.com\\\/#website\",\"url\":\"https:\\\/\\\/www.purejewels.com\\\/\",\"name\":\"PureJewels UK\",\"description\":\"Share the Love\",\"publisher\":{\"@id\":\"https:\\\/\\\/www.purejewels.com\\\/#organization\"},\"potentialAction\":[{\"@type\":\"SearchAction\",\"target\":{\"@type\":\"EntryPoint\",\"urlTemplate\":\"https:\\\/\\\/www.purejewels.com\\\/?s={search_term_string}\"},\"query-input\":{\"@type\":\"PropertyValueSpecification\",\"valueRequired\":true,\"valueName\":\"search_term_string\"}}],\"inLanguage\":\"de\"},{\"@type\":\"Organization\",\"@id\":\"https:\\\/\\\/www.purejewels.com\\\/#organization\",\"name\":\"PureJewels UK\",\"url\":\"https:\\\/\\\/www.purejewels.com\\\/\",\"logo\":{\"@type\":\"ImageObject\",\"inLanguage\":\"de\",\"@id\":\"https:\\\/\\\/www.purejewels.com\\\/#\\\/schema\\\/logo\\\/image\\\/\",\"url\":\"https:\\\/\\\/static.purejewels.com\\\/wp-content\\\/uploads\\\/2020\\\/11\\\/Logo-PJ-New-1.png\",\"contentUrl\":\"https:\\\/\\\/static.purejewels.com\\\/wp-content\\\/uploads\\\/2020\\\/11\\\/Logo-PJ-New-1.png\",\"width\":150,\"height\":80,\"caption\":\"PureJewels UK\"},\"image\":{\"@id\":\"https:\\\/\\\/www.purejewels.com\\\/#\\\/schema\\\/logo\\\/image\\\/\"}}]}<\/script>\n<!-- \/ Yoast SEO plugin. -->","yoast_head_json":{"title":"Shop Fancy Peacock Anh\u00e4nger mit Rhodium Finish &amp; Emaille","description":"Shoppen Sie online f\u00fcr unseren 22ct Fancy Peacock Anh\u00e4nger, verziert mit Emaille und einem strahlenden Rhodium-Finish - ein k\u00fcnstlerisches Statement-Schmuckst\u00fcck von PureJewels.","robots":{"index":"index","follow":"follow","max-snippet":"max-snippet:-1","max-image-preview":"max-image-preview:large","max-video-preview":"max-video-preview:-1"},"canonical":"https:\/\/www.purejewels.com\/de\/produkt-2\/22ct-gold-pfau-anhanger-51686\/","og_locale":"de_DE","og_type":"article","og_title":"Shop Fancy Peacock Pendant with Rhodium Finish & Enamel","og_description":"Shop online for our 22ct Fancy Peacock Pendant, adorned with enamel and a radiant rhodium finish\u2014an artistic Statement Jewellery by PureJewels.","og_url":"https:\/\/www.purejewels.com\/de\/produkt-2\/22ct-gold-pfau-anhanger-51686\/","og_site_name":"PureJewels UK","article_modified_time":"2026-04-27T05:56:11+00:00","og_image":[{"width":1000,"height":1000,"url":"https:\/\/static.purejewels.com\/wp-content\/uploads\/2019\/04\/30135_1.png","type":"image\/png"}],"twitter_card":"summary_large_image","twitter_misc":{"Gesch\u00e4tzte Lesezeit":"1\u00a0Minute"},"schema":{"@context":"https:\/\/schema.org","@graph":[{"@type":["WebPage","ItemPage"],"@id":"https:\/\/www.purejewels.com\/product\/22ct-gold-peacock-pendant-51686\/","url":"https:\/\/www.purejewels.com\/product\/22ct-gold-peacock-pendant-51686\/","name":"Shop Fancy Peacock Anh\u00e4nger mit Rhodium Finish &amp; Emaille","isPartOf":{"@id":"https:\/\/www.purejewels.com\/#website"},"primaryImageOfPage":{"@id":"https:\/\/www.purejewels.com\/product\/22ct-gold-peacock-pendant-51686\/#primaryimage"},"image":{"@id":"https:\/\/www.purejewels.com\/product\/22ct-gold-peacock-pendant-51686\/#primaryimage"},"thumbnailUrl":"https:\/\/static.purejewels.com\/wp-content\/uploads\/2019\/04\/30135_1.png","datePublished":"2025-02-02T13:33:15+00:00","dateModified":"2026-04-27T05:56:11+00:00","description":"Shoppen Sie online f\u00fcr unseren 22ct Fancy Peacock Anh\u00e4nger, verziert mit Emaille und einem strahlenden Rhodium-Finish - ein k\u00fcnstlerisches Statement-Schmuckst\u00fcck von PureJewels.","breadcrumb":{"@id":"https:\/\/www.purejewels.com\/product\/22ct-gold-peacock-pendant-51686\/#breadcrumb"},"inLanguage":"de","potentialAction":[{"@type":"ReadAction","target":["https:\/\/www.purejewels.com\/product\/22ct-gold-peacock-pendant-51686\/"]}]},{"@type":"ImageObject","inLanguage":"de","@id":"https:\/\/www.purejewels.com\/product\/22ct-gold-peacock-pendant-51686\/#primaryimage","url":"https:\/\/static.purejewels.com\/wp-content\/uploads\/2019\/04\/30135_1.png","contentUrl":"https:\/\/static.purejewels.com\/wp-content\/uploads\/2019\/04\/30135_1.png","width":1000,"height":1000,"caption":"30135_1"},{"@type":"BreadcrumbList","@id":"https:\/\/www.purejewels.com\/product\/22ct-gold-peacock-pendant-51686\/#breadcrumb","itemListElement":[{"@type":"ListItem","position":1,"name":"Home","item":"https:\/\/www.purejewels.com\/"},{"@type":"ListItem","position":2,"name":"Shop","item":"https:\/\/www.purejewels.com\/shop\/"},{"@type":"ListItem","position":3,"name":"22ct Gold Peacock Pendant"}]},{"@type":"WebSite","@id":"https:\/\/www.purejewels.com\/#website","url":"https:\/\/www.purejewels.com\/","name":"PureJewels UK","description":"Teile die Liebe","publisher":{"@id":"https:\/\/www.purejewels.com\/#organization"},"potentialAction":[{"@type":"SearchAction","target":{"@type":"EntryPoint","urlTemplate":"https:\/\/www.purejewels.com\/?s={search_term_string}"},"query-input":{"@type":"PropertyValueSpecification","valueRequired":true,"valueName":"search_term_string"}}],"inLanguage":"de"},{"@type":"Organization","@id":"https:\/\/www.purejewels.com\/#organization","name":"PureJewels UK","url":"https:\/\/www.purejewels.com\/","logo":{"@type":"ImageObject","inLanguage":"de","@id":"https:\/\/www.purejewels.com\/#\/schema\/logo\/image\/","url":"https:\/\/static.purejewels.com\/wp-content\/uploads\/2020\/11\/Logo-PJ-New-1.png","contentUrl":"https:\/\/static.purejewels.com\/wp-content\/uploads\/2020\/11\/Logo-PJ-New-1.png","width":150,"height":80,"caption":"PureJewels UK"},"image":{"@id":"https:\/\/www.purejewels.com\/#\/schema\/logo\/image\/"}}]}},"_links":{"self":[{"href":"https:\/\/www.purejewels.com\/de\/wp-json\/wp\/v2\/product\/394813","targetHints":{"allow":["GET"]}}],"collection":[{"href":"https:\/\/www.purejewels.com\/de\/wp-json\/wp\/v2\/product"}],"about":[{"href":"https:\/\/www.purejewels.com\/de\/wp-json\/wp\/v2\/types\/product"}],"replies":[{"embeddable":true,"href":"https:\/\/www.purejewels.com\/de\/wp-json\/wp\/v2\/comments?post=394813"}],"version-history":[{"count":5,"href":"https:\/\/www.purejewels.com\/de\/wp-json\/wp\/v2\/product\/394813\/revisions"}],"predecessor-version":[{"id":416976,"href":"https:\/\/www.purejewels.com\/de\/wp-json\/wp\/v2\/product\/394813\/revisions\/416976"}],"wp:featuredmedia":[{"embeddable":true,"href":"https:\/\/www.purejewels.com\/de\/wp-json\/wp\/v2\/media\/309619"}],"wp:attachment":[{"href":"https:\/\/www.purejewels.com\/de\/wp-json\/wp\/v2\/media?parent=394813"}],"wp:term":[{"taxonomy":"product_brand","embeddable":true,"href":"https:\/\/www.purejewels.com\/de\/wp-json\/wp\/v2\/product_brand?post=394813"},{"taxonomy":"product_cat","embeddable":true,"href":"https:\/\/www.purejewels.com\/de\/wp-json\/wp\/v2\/product_cat?post=394813"},{"taxonomy":"product_tag","embeddable":true,"href":"https:\/\/www.purejewels.com\/de\/wp-json\/wp\/v2\/product_tag?post=394813"}],"curies":[{"name":"wp","href":"https:\/\/api.w.org\/{rel}","templated":true}]}}