{"id":394913,"date":"2025-06-29T07:22:27","date_gmt":"2025-06-29T06:22:27","guid":{"rendered":"https:\/\/www.purejewels.com\/?post_type=product&#038;p=394913"},"modified":"2026-01-29T09:14:30","modified_gmt":"2026-01-29T09:14:30","slug":"22ct-gold-tirupati-balaji-anhanger-51691","status":"publish","type":"product","link":"https:\/\/www.purejewels.com\/de\/product\/22ct-gold-tirupati-balaji-pendant-51691\/","title":{"rendered":"Sankalpa Balaji Gold-Anh\u00e4nger"},"content":{"rendered":"<p>Rufen Sie g\u00f6ttlichen Segen und strahlende Eleganz mit unserem 22 Karat Gold Tirupati Balaji Anh\u00e4nger mit CZ Steinen geschm\u00fcckt. Fachm\u00e4nnisch in reinem 22 Karat Gelbgold gefertigt, zeigt dieser heilige Anh\u00e4nger die verehrte Form von Lord Venkateshwara (Balaji), wundersch\u00f6n verziert mit funkelnden Zirkonia, um g\u00f6ttliches Licht und Herrlichkeit zu reflektieren. Als kraftvolles Symbol des Glaubens und des Schutzes ist es ideal f\u00fcr die t\u00e4gliche Andacht, religi\u00f6se Zeremonien oder festliche Anl\u00e4sse. Mit seinen aufwendigen Details und seiner leuchtenden Oberfl\u00e4che verbindet dieser spirituelle Anh\u00e4nger das Erbe mit modernem Glanz.<\/p>\n<p>&nbsp;<\/p>","protected":false},"excerpt":{"rendered":"<p>22 Karat Gold Tirupati Balaji Anh\u00e4nger mit CZ Steinen - eine leuchtende Hommage an g\u00f6ttliche Kraft und Glauben.<br data-start=\"1178\" data-end=\"1181\" \/>Sie eignet sich perfekt f\u00fcr Andachten und Geschenke und verbindet heilige Tradition mit funkelnder Eleganz.<\/p>\n<p><strong>Material:<\/strong>\u00a022ct Gold<strong><br \/>\nWahrzeichen:\u00a0<\/strong>Britisches G\u00fctesiegel<strong><br \/>\n<\/strong><strong>Bruttogewicht: <\/strong>4.1 Gms<strong><br \/>\nSKU: <\/strong>51691, 51108<\/p>\n<p><strong>Preis und Lieferung: <\/strong>Der Kettenpreis ist nicht inbegriffen, inklusive Mehrwertsteuer und Lieferkosten.<strong><br \/>\n<a href=\"https:\/\/www.purejewels.com\/de\/ruckgabepolitik\/\">R\u00fcckgabepolitik<\/a><\/strong><\/p>","protected":false},"featured_media":407880,"comment_status":"closed","ping_status":"closed","template":"","meta":{"_eb_attr":"","_crsspst_to_jayantr4sg-hostcom":true},"product_brand":[],"product_cat":[1793,1571,1229,1255,1767,1572,1768,1701,5349],"product_tag":[],"class_list":{"0":"post-394913","1":"product","2":"type-product","3":"status-publish","4":"has-post-thumbnail","6":"product_cat-diwali-gifts","7":"product_cat-fathers-day-gifts","8":"product_cat-22ct-gold-jewellery","9":"product_cat-gold-pendants","10":"product_cat-ladies-pendants","11":"product_cat-mens-jewellery","12":"product_cat-mens-pendants","13":"product_cat-religious-pendants","14":"product_cat-yellow-gold-jewellery","16":"first","17":"instock","18":"taxable","19":"shipping-taxable","20":"purchasable","21":"product-type-simple","22":"add-to-wishlist-before_image"},"yoast_head":"<!-- This site is optimized with the Yoast SEO plugin v27.3 - https:\/\/yoast.com\/product\/yoast-seo-wordpress\/ -->\n<title>22ct Gold Tirupati Balaji Pendant | Divine Hindu Jewellery<\/title>\n<meta name=\"description\" content=\"Discover the 22ct Gold Tirupati Balaji Pendant from PureJewels \u2013 a finely crafted symbol of devotion, featuring exquisite detail and timeless elegance.\" \/>\n<meta name=\"robots\" content=\"index, follow, max-snippet:-1, max-image-preview:large, max-video-preview:-1\" \/>\n<link rel=\"canonical\" href=\"https:\/\/www.purejewels.com\/de\/produkt-2\/22ct-gold-tirupati-balaji-anhanger-51691\/\" \/>\n<meta property=\"og:locale\" content=\"de_DE\" \/>\n<meta property=\"og:type\" content=\"article\" \/>\n<meta property=\"og:title\" content=\"22ct Gold Tirupati Balaji Pendant | Divine Hindu Jewellery\" \/>\n<meta property=\"og:description\" content=\"Discover the 22ct Gold Tirupati Balaji Pendant from PureJewels \u2013 a finely crafted symbol of devotion, featuring exquisite detail and timeless elegance.\" \/>\n<meta property=\"og:url\" content=\"https:\/\/www.purejewels.com\/de\/produkt-2\/22ct-gold-tirupati-balaji-anhanger-51691\/\" \/>\n<meta property=\"og:site_name\" content=\"PureJewels UK\" \/>\n<meta property=\"article:modified_time\" content=\"2026-01-29T09:14:30+00:00\" \/>\n<meta property=\"og:image\" content=\"https:\/\/static.purejewels.com\/wp-content\/uploads\/2025\/04\/SKU-51691-1.jpg\" \/>\n\t<meta property=\"og:image:width\" content=\"1000\" \/>\n\t<meta property=\"og:image:height\" content=\"1000\" \/>\n\t<meta property=\"og:image:type\" content=\"image\/jpeg\" \/>\n<meta name=\"twitter:card\" content=\"summary_large_image\" \/>\n<meta name=\"twitter:label1\" content=\"Gesch\u00e4tzte Lesezeit\" \/>\n\t<meta name=\"twitter:data1\" content=\"1\u00a0Minute\" \/>\n<script type=\"application\/ld+json\" class=\"yoast-schema-graph\">{\"@context\":\"https:\\\/\\\/schema.org\",\"@graph\":[{\"@type\":[\"WebPage\",\"ItemPage\"],\"@id\":\"https:\\\/\\\/www.purejewels.com\\\/product\\\/22ct-gold-tirupati-balaji-pendant-51691\\\/\",\"url\":\"https:\\\/\\\/www.purejewels.com\\\/product\\\/22ct-gold-tirupati-balaji-pendant-51691\\\/\",\"name\":\"22ct Gold Tirupati Balaji Pendant | Divine Hindu Jewellery\",\"isPartOf\":{\"@id\":\"https:\\\/\\\/www.purejewels.com\\\/#website\"},\"primaryImageOfPage\":{\"@id\":\"https:\\\/\\\/www.purejewels.com\\\/product\\\/22ct-gold-tirupati-balaji-pendant-51691\\\/#primaryimage\"},\"image\":{\"@id\":\"https:\\\/\\\/www.purejewels.com\\\/product\\\/22ct-gold-tirupati-balaji-pendant-51691\\\/#primaryimage\"},\"thumbnailUrl\":\"https:\\\/\\\/static.purejewels.com\\\/wp-content\\\/uploads\\\/2025\\\/04\\\/SKU-51691-1.jpg\",\"datePublished\":\"2025-06-29T06:22:27+00:00\",\"dateModified\":\"2026-01-29T09:14:30+00:00\",\"description\":\"Discover the 22ct Gold Tirupati Balaji Pendant from PureJewels \u2013 a finely crafted symbol of devotion, featuring exquisite detail and timeless elegance.\",\"breadcrumb\":{\"@id\":\"https:\\\/\\\/www.purejewels.com\\\/product\\\/22ct-gold-tirupati-balaji-pendant-51691\\\/#breadcrumb\"},\"inLanguage\":\"de\",\"potentialAction\":[{\"@type\":\"ReadAction\",\"target\":[\"https:\\\/\\\/www.purejewels.com\\\/product\\\/22ct-gold-tirupati-balaji-pendant-51691\\\/\"]}]},{\"@type\":\"ImageObject\",\"inLanguage\":\"de\",\"@id\":\"https:\\\/\\\/www.purejewels.com\\\/product\\\/22ct-gold-tirupati-balaji-pendant-51691\\\/#primaryimage\",\"url\":\"https:\\\/\\\/static.purejewels.com\\\/wp-content\\\/uploads\\\/2025\\\/04\\\/SKU-51691-1.jpg\",\"contentUrl\":\"https:\\\/\\\/static.purejewels.com\\\/wp-content\\\/uploads\\\/2025\\\/04\\\/SKU-51691-1.jpg\",\"width\":1000,\"height\":1000,\"caption\":\"51691\"},{\"@type\":\"BreadcrumbList\",\"@id\":\"https:\\\/\\\/www.purejewels.com\\\/product\\\/22ct-gold-tirupati-balaji-pendant-51691\\\/#breadcrumb\",\"itemListElement\":[{\"@type\":\"ListItem\",\"position\":1,\"name\":\"Home\",\"item\":\"https:\\\/\\\/www.purejewels.com\\\/\"},{\"@type\":\"ListItem\",\"position\":2,\"name\":\"Shop\",\"item\":\"https:\\\/\\\/www.purejewels.com\\\/shop\\\/\"},{\"@type\":\"ListItem\",\"position\":3,\"name\":\"Sankalpa Balaji Gold Pendant\"}]},{\"@type\":\"WebSite\",\"@id\":\"https:\\\/\\\/www.purejewels.com\\\/#website\",\"url\":\"https:\\\/\\\/www.purejewels.com\\\/\",\"name\":\"PureJewels UK\",\"description\":\"Share the Love\",\"publisher\":{\"@id\":\"https:\\\/\\\/www.purejewels.com\\\/#organization\"},\"potentialAction\":[{\"@type\":\"SearchAction\",\"target\":{\"@type\":\"EntryPoint\",\"urlTemplate\":\"https:\\\/\\\/www.purejewels.com\\\/?s={search_term_string}\"},\"query-input\":{\"@type\":\"PropertyValueSpecification\",\"valueRequired\":true,\"valueName\":\"search_term_string\"}}],\"inLanguage\":\"de\"},{\"@type\":\"Organization\",\"@id\":\"https:\\\/\\\/www.purejewels.com\\\/#organization\",\"name\":\"PureJewels UK\",\"url\":\"https:\\\/\\\/www.purejewels.com\\\/\",\"logo\":{\"@type\":\"ImageObject\",\"inLanguage\":\"de\",\"@id\":\"https:\\\/\\\/www.purejewels.com\\\/#\\\/schema\\\/logo\\\/image\\\/\",\"url\":\"https:\\\/\\\/static.purejewels.com\\\/wp-content\\\/uploads\\\/2020\\\/11\\\/Logo-PJ-New-1.png\",\"contentUrl\":\"https:\\\/\\\/static.purejewels.com\\\/wp-content\\\/uploads\\\/2020\\\/11\\\/Logo-PJ-New-1.png\",\"width\":150,\"height\":80,\"caption\":\"PureJewels UK\"},\"image\":{\"@id\":\"https:\\\/\\\/www.purejewels.com\\\/#\\\/schema\\\/logo\\\/image\\\/\"}}]}<\/script>\n<!-- \/ Yoast SEO plugin. -->","yoast_head_json":{"title":"22ct Gold Tirupati Balaji Anh\u00e4nger | G\u00f6ttlicher Hindu-Schmuck","description":"Entdecken Sie den Tirupati Balaji Anh\u00e4nger aus 22 Karat Gold von PureJewels - ein fein gearbeitetes Symbol der Hingabe, das sich durch exquisite Details und zeitlose Eleganz auszeichnet.","robots":{"index":"index","follow":"follow","max-snippet":"max-snippet:-1","max-image-preview":"max-image-preview:large","max-video-preview":"max-video-preview:-1"},"canonical":"https:\/\/www.purejewels.com\/de\/produkt-2\/22ct-gold-tirupati-balaji-anhanger-51691\/","og_locale":"de_DE","og_type":"article","og_title":"22ct Gold Tirupati Balaji Pendant | Divine Hindu Jewellery","og_description":"Discover the 22ct Gold Tirupati Balaji Pendant from PureJewels \u2013 a finely crafted symbol of devotion, featuring exquisite detail and timeless elegance.","og_url":"https:\/\/www.purejewels.com\/de\/produkt-2\/22ct-gold-tirupati-balaji-anhanger-51691\/","og_site_name":"PureJewels UK","article_modified_time":"2026-01-29T09:14:30+00:00","og_image":[{"width":1000,"height":1000,"url":"https:\/\/static.purejewels.com\/wp-content\/uploads\/2025\/04\/SKU-51691-1.jpg","type":"image\/jpeg"}],"twitter_card":"summary_large_image","twitter_misc":{"Gesch\u00e4tzte Lesezeit":"1\u00a0Minute"},"schema":{"@context":"https:\/\/schema.org","@graph":[{"@type":["WebPage","ItemPage"],"@id":"https:\/\/www.purejewels.com\/product\/22ct-gold-tirupati-balaji-pendant-51691\/","url":"https:\/\/www.purejewels.com\/product\/22ct-gold-tirupati-balaji-pendant-51691\/","name":"22ct Gold Tirupati Balaji Anh\u00e4nger | G\u00f6ttlicher Hindu-Schmuck","isPartOf":{"@id":"https:\/\/www.purejewels.com\/#website"},"primaryImageOfPage":{"@id":"https:\/\/www.purejewels.com\/product\/22ct-gold-tirupati-balaji-pendant-51691\/#primaryimage"},"image":{"@id":"https:\/\/www.purejewels.com\/product\/22ct-gold-tirupati-balaji-pendant-51691\/#primaryimage"},"thumbnailUrl":"https:\/\/static.purejewels.com\/wp-content\/uploads\/2025\/04\/SKU-51691-1.jpg","datePublished":"2025-06-29T06:22:27+00:00","dateModified":"2026-01-29T09:14:30+00:00","description":"Entdecken Sie den Tirupati Balaji Anh\u00e4nger aus 22 Karat Gold von PureJewels - ein fein gearbeitetes Symbol der Hingabe, das sich durch exquisite Details und zeitlose Eleganz auszeichnet.","breadcrumb":{"@id":"https:\/\/www.purejewels.com\/product\/22ct-gold-tirupati-balaji-pendant-51691\/#breadcrumb"},"inLanguage":"de","potentialAction":[{"@type":"ReadAction","target":["https:\/\/www.purejewels.com\/product\/22ct-gold-tirupati-balaji-pendant-51691\/"]}]},{"@type":"ImageObject","inLanguage":"de","@id":"https:\/\/www.purejewels.com\/product\/22ct-gold-tirupati-balaji-pendant-51691\/#primaryimage","url":"https:\/\/static.purejewels.com\/wp-content\/uploads\/2025\/04\/SKU-51691-1.jpg","contentUrl":"https:\/\/static.purejewels.com\/wp-content\/uploads\/2025\/04\/SKU-51691-1.jpg","width":1000,"height":1000,"caption":"51691"},{"@type":"BreadcrumbList","@id":"https:\/\/www.purejewels.com\/product\/22ct-gold-tirupati-balaji-pendant-51691\/#breadcrumb","itemListElement":[{"@type":"ListItem","position":1,"name":"Home","item":"https:\/\/www.purejewels.com\/"},{"@type":"ListItem","position":2,"name":"Shop","item":"https:\/\/www.purejewels.com\/shop\/"},{"@type":"ListItem","position":3,"name":"Sankalpa Balaji Gold Pendant"}]},{"@type":"WebSite","@id":"https:\/\/www.purejewels.com\/#website","url":"https:\/\/www.purejewels.com\/","name":"PureJewels UK","description":"Teile die Liebe","publisher":{"@id":"https:\/\/www.purejewels.com\/#organization"},"potentialAction":[{"@type":"SearchAction","target":{"@type":"EntryPoint","urlTemplate":"https:\/\/www.purejewels.com\/?s={search_term_string}"},"query-input":{"@type":"PropertyValueSpecification","valueRequired":true,"valueName":"search_term_string"}}],"inLanguage":"de"},{"@type":"Organization","@id":"https:\/\/www.purejewels.com\/#organization","name":"PureJewels UK","url":"https:\/\/www.purejewels.com\/","logo":{"@type":"ImageObject","inLanguage":"de","@id":"https:\/\/www.purejewels.com\/#\/schema\/logo\/image\/","url":"https:\/\/static.purejewels.com\/wp-content\/uploads\/2020\/11\/Logo-PJ-New-1.png","contentUrl":"https:\/\/static.purejewels.com\/wp-content\/uploads\/2020\/11\/Logo-PJ-New-1.png","width":150,"height":80,"caption":"PureJewels UK"},"image":{"@id":"https:\/\/www.purejewels.com\/#\/schema\/logo\/image\/"}}]}},"_links":{"self":[{"href":"https:\/\/www.purejewels.com\/de\/wp-json\/wp\/v2\/product\/394913","targetHints":{"allow":["GET"]}}],"collection":[{"href":"https:\/\/www.purejewels.com\/de\/wp-json\/wp\/v2\/product"}],"about":[{"href":"https:\/\/www.purejewels.com\/de\/wp-json\/wp\/v2\/types\/product"}],"replies":[{"embeddable":true,"href":"https:\/\/www.purejewels.com\/de\/wp-json\/wp\/v2\/comments?post=394913"}],"version-history":[{"count":4,"href":"https:\/\/www.purejewels.com\/de\/wp-json\/wp\/v2\/product\/394913\/revisions"}],"predecessor-version":[{"id":407885,"href":"https:\/\/www.purejewels.com\/de\/wp-json\/wp\/v2\/product\/394913\/revisions\/407885"}],"wp:featuredmedia":[{"embeddable":true,"href":"https:\/\/www.purejewels.com\/de\/wp-json\/wp\/v2\/media\/407880"}],"wp:attachment":[{"href":"https:\/\/www.purejewels.com\/de\/wp-json\/wp\/v2\/media?parent=394913"}],"wp:term":[{"taxonomy":"product_brand","embeddable":true,"href":"https:\/\/www.purejewels.com\/de\/wp-json\/wp\/v2\/product_brand?post=394913"},{"taxonomy":"product_cat","embeddable":true,"href":"https:\/\/www.purejewels.com\/de\/wp-json\/wp\/v2\/product_cat?post=394913"},{"taxonomy":"product_tag","embeddable":true,"href":"https:\/\/www.purejewels.com\/de\/wp-json\/wp\/v2\/product_tag?post=394913"}],"curies":[{"name":"wp","href":"https:\/\/api.w.org\/{rel}","templated":true}]}}