{"id":394919,"date":"2025-01-05T07:52:40","date_gmt":"2025-01-05T07:52:40","guid":{"rendered":"https:\/\/www.purejewels.com\/?post_type=product&#038;p=394919"},"modified":"2026-04-27T09:35:30","modified_gmt":"2026-04-27T08:35:30","slug":"22ct-gold-murugan-anhanger-51682","status":"publish","type":"product","link":"https:\/\/www.purejewels.com\/de\/product\/22ct-gold-murugan-pendant-51682\/","title":{"rendered":"22ct Gold Murugan Anh\u00e4nger"},"content":{"rendered":"<p>Zelebrieren Sie Glaube und Tradition mit diesem Murugan-Anh\u00e4nger aus 22 Karat Gold zu Ehren von Lord Murugan, der Gottheit des Krieges, der Weisheit und der Tugend. Er ist aus strahlendem, reinem Gold gefertigt und verf\u00fcgt \u00fcber komplizierte Details, die g\u00f6ttliche St\u00e4rke und Schutz symbolisieren. Dieser Anh\u00e4nger wird in der tamilischen und s\u00fcdindischen Kultur verehrt und verk\u00f6rpert Mut und Sieg. Er eignet sich ideal f\u00fcr den t\u00e4glichen Gebrauch oder als festliches Geschenk und ist eine heilige Erg\u00e4nzung f\u00fcr jede spirituelle Goldschmuck-Kollektion - er bietet Hingabe in einem raffinierten Design.<\/p>\n<p><b>Bereichs-ID <\/b>JWPNPRCB025OTCS<br \/>\n<b>SKU:<\/b> 51682, 51046<\/p>","protected":false},"excerpt":{"rendered":"<p>Verehren Sie das G\u00f6ttliche mit diesem Murugan-Anh\u00e4nger aus 22 Karat Gold, einem heiligen Symbol f\u00fcr Mut, Weisheit und Sieg. Perfekt f\u00fcr spirituelle Hingabe und t\u00e4glichen Schutz.<\/p>\n<p><strong>Material:<\/strong>\u00a022ct Gold<strong><br \/>\nWahrzeichen:\u00a0<\/strong>Britisches G\u00fctesiegel<strong><br \/>\n<\/strong><strong>Bruttogewicht: <\/strong>1,9 Gramm<strong><br \/>\nSKU: <\/strong>51046, 51682<\/p>\n<p><strong>Preis und Lieferung:<\/strong>Inklusive Mehrwertsteuer und Lieferkosten<strong><br \/>\n<a href=\"https:\/\/www.purejewels.com\/de\/ruckgabepolitik\/\">R\u00fcckgabepolitik<\/a><\/strong><\/p>","protected":false},"featured_media":407886,"comment_status":"closed","ping_status":"closed","template":"","meta":{"_eb_attr":"","_crsspst_to_jayantr4sg-hostcom":false},"product_brand":[],"product_cat":[1571,1229,1255,5343,1767,1572,1768,5338,1701,5349],"product_tag":[],"class_list":{"0":"post-394919","1":"product","2":"type-product","3":"status-publish","4":"has-post-thumbnail","6":"product_cat-fathers-day-gifts","7":"product_cat-22ct-gold-jewellery","8":"product_cat-gold-pendants","9":"product_cat-jewellery-under-550","10":"product_cat-ladies-pendants","11":"product_cat-mens-jewellery","12":"product_cat-mens-pendants","13":"product_cat-shop-by-price","14":"product_cat-religious-pendants","15":"product_cat-yellow-gold-jewellery","17":"first","18":"instock","19":"taxable","20":"shipping-taxable","21":"purchasable","22":"product-type-simple","23":"add-to-wishlist-before_image"},"yoast_head":"<!-- This site is optimized with the Yoast SEO plugin v27.5 - https:\/\/yoast.com\/product\/yoast-seo-wordpress\/ -->\n<title>22ct Gold Murugan Pendant | Sacred South Indian Jewellery<\/title>\n<meta name=\"description\" content=\"Celebrate strength with the 22ct Gold Murugan Pendant from PureJewels. Handcrafted in radiant gold, this sacred South Indian piece honours Lord Murugan\u2019s spiritual legacy.\" \/>\n<meta name=\"robots\" content=\"index, follow, max-snippet:-1, max-image-preview:large, max-video-preview:-1\" \/>\n<link rel=\"canonical\" href=\"https:\/\/www.purejewels.com\/de\/produkt-2\/22ct-gold-murugan-anhanger-51682\/\" \/>\n<meta property=\"og:locale\" content=\"de_DE\" \/>\n<meta property=\"og:type\" content=\"article\" \/>\n<meta property=\"og:title\" content=\"22ct Gold Murugan Pendant | Sacred South Indian Jewellery\" \/>\n<meta property=\"og:description\" content=\"Celebrate strength with the 22ct Gold Murugan Pendant from PureJewels. Handcrafted in radiant gold, this sacred South Indian piece honours Lord Murugan\u2019s spiritual legacy.\" \/>\n<meta property=\"og:url\" content=\"https:\/\/www.purejewels.com\/de\/produkt-2\/22ct-gold-murugan-anhanger-51682\/\" \/>\n<meta property=\"og:site_name\" content=\"PureJewels UK\" \/>\n<meta property=\"article:modified_time\" content=\"2026-04-27T08:35:30+00:00\" \/>\n<meta property=\"og:image\" content=\"https:\/\/static.purejewels.com\/wp-content\/uploads\/2025\/01\/SKU-51682.jpg\" \/>\n\t<meta property=\"og:image:width\" content=\"1000\" \/>\n\t<meta property=\"og:image:height\" content=\"1000\" \/>\n\t<meta property=\"og:image:type\" content=\"image\/jpeg\" \/>\n<meta name=\"twitter:card\" content=\"summary_large_image\" \/>\n<meta name=\"twitter:label1\" content=\"Gesch\u00e4tzte Lesezeit\" \/>\n\t<meta name=\"twitter:data1\" content=\"1\u00a0Minute\" \/>\n<script type=\"application\/ld+json\" class=\"yoast-schema-graph\">{\"@context\":\"https:\\\/\\\/schema.org\",\"@graph\":[{\"@type\":[\"WebPage\",\"ItemPage\"],\"@id\":\"https:\\\/\\\/www.purejewels.com\\\/product\\\/22ct-gold-murugan-pendant-51682\\\/\",\"url\":\"https:\\\/\\\/www.purejewels.com\\\/product\\\/22ct-gold-murugan-pendant-51682\\\/\",\"name\":\"22ct Gold Murugan Pendant | Sacred South Indian Jewellery\",\"isPartOf\":{\"@id\":\"https:\\\/\\\/www.purejewels.com\\\/#website\"},\"primaryImageOfPage\":{\"@id\":\"https:\\\/\\\/www.purejewels.com\\\/product\\\/22ct-gold-murugan-pendant-51682\\\/#primaryimage\"},\"image\":{\"@id\":\"https:\\\/\\\/www.purejewels.com\\\/product\\\/22ct-gold-murugan-pendant-51682\\\/#primaryimage\"},\"thumbnailUrl\":\"https:\\\/\\\/static.purejewels.com\\\/wp-content\\\/uploads\\\/2025\\\/01\\\/SKU-51682.jpg\",\"datePublished\":\"2025-01-05T07:52:40+00:00\",\"dateModified\":\"2026-04-27T08:35:30+00:00\",\"description\":\"Celebrate strength with the 22ct Gold Murugan Pendant from PureJewels. Handcrafted in radiant gold, this sacred South Indian piece honours Lord Murugan\u2019s spiritual legacy.\",\"breadcrumb\":{\"@id\":\"https:\\\/\\\/www.purejewels.com\\\/product\\\/22ct-gold-murugan-pendant-51682\\\/#breadcrumb\"},\"inLanguage\":\"de\",\"potentialAction\":[{\"@type\":\"ReadAction\",\"target\":[\"https:\\\/\\\/www.purejewels.com\\\/product\\\/22ct-gold-murugan-pendant-51682\\\/\"]}]},{\"@type\":\"ImageObject\",\"inLanguage\":\"de\",\"@id\":\"https:\\\/\\\/www.purejewels.com\\\/product\\\/22ct-gold-murugan-pendant-51682\\\/#primaryimage\",\"url\":\"https:\\\/\\\/static.purejewels.com\\\/wp-content\\\/uploads\\\/2025\\\/01\\\/SKU-51682.jpg\",\"contentUrl\":\"https:\\\/\\\/static.purejewels.com\\\/wp-content\\\/uploads\\\/2025\\\/01\\\/SKU-51682.jpg\",\"width\":1000,\"height\":1000,\"caption\":\"51682\"},{\"@type\":\"BreadcrumbList\",\"@id\":\"https:\\\/\\\/www.purejewels.com\\\/product\\\/22ct-gold-murugan-pendant-51682\\\/#breadcrumb\",\"itemListElement\":[{\"@type\":\"ListItem\",\"position\":1,\"name\":\"Home\",\"item\":\"https:\\\/\\\/www.purejewels.com\\\/\"},{\"@type\":\"ListItem\",\"position\":2,\"name\":\"Shop\",\"item\":\"https:\\\/\\\/www.purejewels.com\\\/shop\\\/\"},{\"@type\":\"ListItem\",\"position\":3,\"name\":\"22ct Gold Murugan Pendant\"}]},{\"@type\":\"WebSite\",\"@id\":\"https:\\\/\\\/www.purejewels.com\\\/#website\",\"url\":\"https:\\\/\\\/www.purejewels.com\\\/\",\"name\":\"PureJewels UK\",\"description\":\"Share the Love\",\"publisher\":{\"@id\":\"https:\\\/\\\/www.purejewels.com\\\/#organization\"},\"potentialAction\":[{\"@type\":\"SearchAction\",\"target\":{\"@type\":\"EntryPoint\",\"urlTemplate\":\"https:\\\/\\\/www.purejewels.com\\\/?s={search_term_string}\"},\"query-input\":{\"@type\":\"PropertyValueSpecification\",\"valueRequired\":true,\"valueName\":\"search_term_string\"}}],\"inLanguage\":\"de\"},{\"@type\":\"Organization\",\"@id\":\"https:\\\/\\\/www.purejewels.com\\\/#organization\",\"name\":\"PureJewels UK\",\"url\":\"https:\\\/\\\/www.purejewels.com\\\/\",\"logo\":{\"@type\":\"ImageObject\",\"inLanguage\":\"de\",\"@id\":\"https:\\\/\\\/www.purejewels.com\\\/#\\\/schema\\\/logo\\\/image\\\/\",\"url\":\"https:\\\/\\\/static.purejewels.com\\\/wp-content\\\/uploads\\\/2020\\\/11\\\/Logo-PJ-New-1.png\",\"contentUrl\":\"https:\\\/\\\/static.purejewels.com\\\/wp-content\\\/uploads\\\/2020\\\/11\\\/Logo-PJ-New-1.png\",\"width\":150,\"height\":80,\"caption\":\"PureJewels UK\"},\"image\":{\"@id\":\"https:\\\/\\\/www.purejewels.com\\\/#\\\/schema\\\/logo\\\/image\\\/\"}}]}<\/script>\n<!-- \/ Yoast SEO plugin. -->","yoast_head_json":{"title":"22ct Gold Murugan Anh\u00e4nger | Sacred South Indian Jewellery","description":"Zelebrieren Sie St\u00e4rke mit dem 22ct Gold Murugan Anh\u00e4nger von PureJewels. Handgefertigt in strahlendem Gold, ehrt dieses heilige s\u00fcdindische St\u00fcck das spirituelle Erbe von Lord Murugan.","robots":{"index":"index","follow":"follow","max-snippet":"max-snippet:-1","max-image-preview":"max-image-preview:large","max-video-preview":"max-video-preview:-1"},"canonical":"https:\/\/www.purejewels.com\/de\/produkt-2\/22ct-gold-murugan-anhanger-51682\/","og_locale":"de_DE","og_type":"article","og_title":"22ct Gold Murugan Pendant | Sacred South Indian Jewellery","og_description":"Celebrate strength with the 22ct Gold Murugan Pendant from PureJewels. Handcrafted in radiant gold, this sacred South Indian piece honours Lord Murugan\u2019s spiritual legacy.","og_url":"https:\/\/www.purejewels.com\/de\/produkt-2\/22ct-gold-murugan-anhanger-51682\/","og_site_name":"PureJewels UK","article_modified_time":"2026-04-27T08:35:30+00:00","og_image":[{"width":1000,"height":1000,"url":"https:\/\/static.purejewels.com\/wp-content\/uploads\/2025\/01\/SKU-51682.jpg","type":"image\/jpeg"}],"twitter_card":"summary_large_image","twitter_misc":{"Gesch\u00e4tzte Lesezeit":"1\u00a0Minute"},"schema":{"@context":"https:\/\/schema.org","@graph":[{"@type":["WebPage","ItemPage"],"@id":"https:\/\/www.purejewels.com\/product\/22ct-gold-murugan-pendant-51682\/","url":"https:\/\/www.purejewels.com\/product\/22ct-gold-murugan-pendant-51682\/","name":"22ct Gold Murugan Anh\u00e4nger | Sacred South Indian Jewellery","isPartOf":{"@id":"https:\/\/www.purejewels.com\/#website"},"primaryImageOfPage":{"@id":"https:\/\/www.purejewels.com\/product\/22ct-gold-murugan-pendant-51682\/#primaryimage"},"image":{"@id":"https:\/\/www.purejewels.com\/product\/22ct-gold-murugan-pendant-51682\/#primaryimage"},"thumbnailUrl":"https:\/\/static.purejewels.com\/wp-content\/uploads\/2025\/01\/SKU-51682.jpg","datePublished":"2025-01-05T07:52:40+00:00","dateModified":"2026-04-27T08:35:30+00:00","description":"Zelebrieren Sie St\u00e4rke mit dem 22ct Gold Murugan Anh\u00e4nger von PureJewels. Handgefertigt in strahlendem Gold, ehrt dieses heilige s\u00fcdindische St\u00fcck das spirituelle Erbe von Lord Murugan.","breadcrumb":{"@id":"https:\/\/www.purejewels.com\/product\/22ct-gold-murugan-pendant-51682\/#breadcrumb"},"inLanguage":"de","potentialAction":[{"@type":"ReadAction","target":["https:\/\/www.purejewels.com\/product\/22ct-gold-murugan-pendant-51682\/"]}]},{"@type":"ImageObject","inLanguage":"de","@id":"https:\/\/www.purejewels.com\/product\/22ct-gold-murugan-pendant-51682\/#primaryimage","url":"https:\/\/static.purejewels.com\/wp-content\/uploads\/2025\/01\/SKU-51682.jpg","contentUrl":"https:\/\/static.purejewels.com\/wp-content\/uploads\/2025\/01\/SKU-51682.jpg","width":1000,"height":1000,"caption":"51682"},{"@type":"BreadcrumbList","@id":"https:\/\/www.purejewels.com\/product\/22ct-gold-murugan-pendant-51682\/#breadcrumb","itemListElement":[{"@type":"ListItem","position":1,"name":"Home","item":"https:\/\/www.purejewels.com\/"},{"@type":"ListItem","position":2,"name":"Shop","item":"https:\/\/www.purejewels.com\/shop\/"},{"@type":"ListItem","position":3,"name":"22ct Gold Murugan Pendant"}]},{"@type":"WebSite","@id":"https:\/\/www.purejewels.com\/#website","url":"https:\/\/www.purejewels.com\/","name":"PureJewels UK","description":"Teile die Liebe","publisher":{"@id":"https:\/\/www.purejewels.com\/#organization"},"potentialAction":[{"@type":"SearchAction","target":{"@type":"EntryPoint","urlTemplate":"https:\/\/www.purejewels.com\/?s={search_term_string}"},"query-input":{"@type":"PropertyValueSpecification","valueRequired":true,"valueName":"search_term_string"}}],"inLanguage":"de"},{"@type":"Organization","@id":"https:\/\/www.purejewels.com\/#organization","name":"PureJewels UK","url":"https:\/\/www.purejewels.com\/","logo":{"@type":"ImageObject","inLanguage":"de","@id":"https:\/\/www.purejewels.com\/#\/schema\/logo\/image\/","url":"https:\/\/static.purejewels.com\/wp-content\/uploads\/2020\/11\/Logo-PJ-New-1.png","contentUrl":"https:\/\/static.purejewels.com\/wp-content\/uploads\/2020\/11\/Logo-PJ-New-1.png","width":150,"height":80,"caption":"PureJewels UK"},"image":{"@id":"https:\/\/www.purejewels.com\/#\/schema\/logo\/image\/"}}]}},"_links":{"self":[{"href":"https:\/\/www.purejewels.com\/de\/wp-json\/wp\/v2\/product\/394919","targetHints":{"allow":["GET"]}}],"collection":[{"href":"https:\/\/www.purejewels.com\/de\/wp-json\/wp\/v2\/product"}],"about":[{"href":"https:\/\/www.purejewels.com\/de\/wp-json\/wp\/v2\/types\/product"}],"replies":[{"embeddable":true,"href":"https:\/\/www.purejewels.com\/de\/wp-json\/wp\/v2\/comments?post=394919"}],"version-history":[{"count":3,"href":"https:\/\/www.purejewels.com\/de\/wp-json\/wp\/v2\/product\/394919\/revisions"}],"predecessor-version":[{"id":395261,"href":"https:\/\/www.purejewels.com\/de\/wp-json\/wp\/v2\/product\/394919\/revisions\/395261"}],"wp:featuredmedia":[{"embeddable":true,"href":"https:\/\/www.purejewels.com\/de\/wp-json\/wp\/v2\/media\/407886"}],"wp:attachment":[{"href":"https:\/\/www.purejewels.com\/de\/wp-json\/wp\/v2\/media?parent=394919"}],"wp:term":[{"taxonomy":"product_brand","embeddable":true,"href":"https:\/\/www.purejewels.com\/de\/wp-json\/wp\/v2\/product_brand?post=394919"},{"taxonomy":"product_cat","embeddable":true,"href":"https:\/\/www.purejewels.com\/de\/wp-json\/wp\/v2\/product_cat?post=394919"},{"taxonomy":"product_tag","embeddable":true,"href":"https:\/\/www.purejewels.com\/de\/wp-json\/wp\/v2\/product_tag?post=394919"}],"curies":[{"name":"wp","href":"https:\/\/api.w.org\/{rel}","templated":true}]}}