{"id":394950,"date":"2025-01-05T09:16:42","date_gmt":"2025-01-05T09:16:42","guid":{"rendered":"https:\/\/www.purejewels.com\/?post_type=product&#038;p=394950"},"modified":"2026-01-29T10:39:09","modified_gmt":"2026-01-29T10:39:09","slug":"22ct-gold-krishna-anhanger-51647","status":"publish","type":"product","link":"https:\/\/www.purejewels.com\/de\/product\/22ct-gold-krishna-pendant-51647\/","title":{"rendered":"Mohan Murli Anh\u00e4nger"},"content":{"rendered":"<p>Zelebrieren Sie g\u00f6ttliche Liebe, Anmut und ewigen Charme mit unserem 22 Karat Gold Divine Krishna Anh\u00e4nger. Dieser kunstvoll gearbeitete Anh\u00e4nger aus reinem 22-kar\u00e4tigem Gelbgold zeigt Lord Krishna in seiner ikonischen Form, die Gelassenheit und spirituelle Weisheit ausstrahlt. Er ist ideal f\u00fcr die t\u00e4gliche Andacht oder festliche Anl\u00e4sse und verk\u00f6rpert sowohl k\u00fcnstlerische Exzellenz als auch tiefe religi\u00f6se Symbolik. Ob als Geschenk oder f\u00fcr den pers\u00f6nlichen Gebrauch, dieser Anh\u00e4nger bereichert jede Goldschmuckkollektion mit seiner sakralen Eleganz. Er ist leicht und spirituell bedeutungsvoll und eignet sich perfekt f\u00fcr alle, die Krishnas g\u00f6ttliche Gegenwart verehren und Segnungen aus der N\u00e4he des Herzens suchen.<\/p>\n<p><b>Bereichs-ID <\/b>JWPNPRCB018OTCS<br \/>\n<b>SKU:<\/b> 51647, 51016<\/p>","protected":false},"excerpt":{"rendered":"<p>Exquisiter Krishna-Anh\u00e4nger aus 22 Karat Gold, der Liebe, G\u00f6ttlichkeit und spirituelle Weisheit symbolisiert.<br data-start=\"1158\" data-end=\"1161\" \/>Ein heiliges goldenes Andenken, ideal f\u00fcr die t\u00e4gliche Andacht, zum Verschenken oder f\u00fcr festliche Anl\u00e4sse.<\/p>\n<p><strong>Material:<\/strong>\u00a022ct Gold<strong><br \/>\nWahrzeichen:\u00a0<\/strong>Britisches G\u00fctesiegel<strong><br \/>\n<\/strong><strong>Bruttogewicht: <\/strong>2.7 Gms<strong><br \/>\nSKU: <\/strong>51647, 51016<\/p>\n<p><strong>Preis und Lieferung:<\/strong>Inklusive Mehrwertsteuer und Lieferkosten<strong><br \/>\n<a href=\"https:\/\/www.purejewels.com\/de\/ruckgabepolitik\/\">R\u00fcckgabepolitik<\/a><\/strong><\/p>","protected":false},"featured_media":407934,"comment_status":"closed","ping_status":"closed","template":"","meta":{"_eb_attr":"","_crsspst_to_jayantr4sg-hostcom":true},"product_brand":[],"product_cat":[1793,1571,1792,1229,1255,5343,1767,1572,1768,5338,1701,1574,5349],"product_tag":[],"class_list":{"0":"post-394950","1":"product","2":"type-product","3":"status-publish","4":"has-post-thumbnail","6":"product_cat-diwali-gifts","7":"product_cat-fathers-day-gifts","8":"product_cat-festival-gifts","9":"product_cat-22ct-gold-jewellery","10":"product_cat-gold-pendants","11":"product_cat-jewellery-under-550","12":"product_cat-ladies-pendants","13":"product_cat-mens-jewellery","14":"product_cat-mens-pendants","15":"product_cat-shop-by-price","16":"product_cat-religious-pendants","17":"product_cat-womens-jewellery","18":"product_cat-yellow-gold-jewellery","20":"first","21":"instock","22":"taxable","23":"shipping-taxable","24":"purchasable","25":"product-type-simple","26":"add-to-wishlist-before_image"},"yoast_head":"<!-- This site is optimized with the Yoast SEO plugin v27.3 - https:\/\/yoast.com\/product\/yoast-seo-wordpress\/ -->\n<title>22ct Gold Krishna Pendant | Hindu God Jewellery UK<\/title>\n<meta name=\"description\" content=\"Shop online for a 22ct Gold Krishna Pendant at PureJewels UK\u2014a symbol of love and devotion. A timeless choice in Hindu Jewellery and thoughtful Diwali gift ideas.\" \/>\n<meta name=\"robots\" content=\"index, follow, max-snippet:-1, max-image-preview:large, max-video-preview:-1\" \/>\n<link rel=\"canonical\" href=\"https:\/\/www.purejewels.com\/de\/produkt-2\/22ct-gold-krishna-anhanger-51647\/\" \/>\n<meta property=\"og:locale\" content=\"de_DE\" \/>\n<meta property=\"og:type\" content=\"article\" \/>\n<meta property=\"og:title\" content=\"22ct Gold Krishna Pendant | Hindu God Jewellery UK\" \/>\n<meta property=\"og:description\" content=\"Shop online for a 22ct Gold Krishna Pendant at PureJewels UK\u2014a symbol of love and devotion. A timeless choice in Hindu Jewellery and thoughtful Diwali gift ideas.\" \/>\n<meta property=\"og:url\" content=\"https:\/\/www.purejewels.com\/de\/produkt-2\/22ct-gold-krishna-anhanger-51647\/\" \/>\n<meta property=\"og:site_name\" content=\"PureJewels UK\" \/>\n<meta property=\"article:modified_time\" content=\"2026-01-29T10:39:09+00:00\" \/>\n<meta property=\"og:image\" content=\"https:\/\/static.purejewels.com\/wp-content\/uploads\/2025\/01\/SKU-51016.jpg\" \/>\n\t<meta property=\"og:image:width\" content=\"1000\" \/>\n\t<meta property=\"og:image:height\" content=\"1000\" \/>\n\t<meta property=\"og:image:type\" content=\"image\/jpeg\" \/>\n<meta name=\"twitter:card\" content=\"summary_large_image\" \/>\n<meta name=\"twitter:label1\" content=\"Gesch\u00e4tzte Lesezeit\" \/>\n\t<meta name=\"twitter:data1\" content=\"1\u00a0Minute\" \/>\n<script type=\"application\/ld+json\" class=\"yoast-schema-graph\">{\"@context\":\"https:\\\/\\\/schema.org\",\"@graph\":[{\"@type\":[\"WebPage\",\"ItemPage\"],\"@id\":\"https:\\\/\\\/www.purejewels.com\\\/product\\\/22ct-gold-krishna-pendant-51647\\\/\",\"url\":\"https:\\\/\\\/www.purejewels.com\\\/product\\\/22ct-gold-krishna-pendant-51647\\\/\",\"name\":\"22ct Gold Krishna Pendant | Hindu God Jewellery UK\",\"isPartOf\":{\"@id\":\"https:\\\/\\\/www.purejewels.com\\\/#website\"},\"primaryImageOfPage\":{\"@id\":\"https:\\\/\\\/www.purejewels.com\\\/product\\\/22ct-gold-krishna-pendant-51647\\\/#primaryimage\"},\"image\":{\"@id\":\"https:\\\/\\\/www.purejewels.com\\\/product\\\/22ct-gold-krishna-pendant-51647\\\/#primaryimage\"},\"thumbnailUrl\":\"https:\\\/\\\/static.purejewels.com\\\/wp-content\\\/uploads\\\/2025\\\/01\\\/SKU-51016.jpg\",\"datePublished\":\"2025-01-05T09:16:42+00:00\",\"dateModified\":\"2026-01-29T10:39:09+00:00\",\"description\":\"Shop online for a 22ct Gold Krishna Pendant at PureJewels UK\u2014a symbol of love and devotion. A timeless choice in Hindu Jewellery and thoughtful Diwali gift ideas.\",\"breadcrumb\":{\"@id\":\"https:\\\/\\\/www.purejewels.com\\\/product\\\/22ct-gold-krishna-pendant-51647\\\/#breadcrumb\"},\"inLanguage\":\"de\",\"potentialAction\":[{\"@type\":\"ReadAction\",\"target\":[\"https:\\\/\\\/www.purejewels.com\\\/product\\\/22ct-gold-krishna-pendant-51647\\\/\"]}]},{\"@type\":\"ImageObject\",\"inLanguage\":\"de\",\"@id\":\"https:\\\/\\\/www.purejewels.com\\\/product\\\/22ct-gold-krishna-pendant-51647\\\/#primaryimage\",\"url\":\"https:\\\/\\\/static.purejewels.com\\\/wp-content\\\/uploads\\\/2025\\\/01\\\/SKU-51016.jpg\",\"contentUrl\":\"https:\\\/\\\/static.purejewels.com\\\/wp-content\\\/uploads\\\/2025\\\/01\\\/SKU-51016.jpg\",\"width\":1000,\"height\":1000,\"caption\":\"51016\"},{\"@type\":\"BreadcrumbList\",\"@id\":\"https:\\\/\\\/www.purejewels.com\\\/product\\\/22ct-gold-krishna-pendant-51647\\\/#breadcrumb\",\"itemListElement\":[{\"@type\":\"ListItem\",\"position\":1,\"name\":\"Home\",\"item\":\"https:\\\/\\\/www.purejewels.com\\\/\"},{\"@type\":\"ListItem\",\"position\":2,\"name\":\"Shop\",\"item\":\"https:\\\/\\\/www.purejewels.com\\\/shop\\\/\"},{\"@type\":\"ListItem\",\"position\":3,\"name\":\"Mohan Murli Pendant\"}]},{\"@type\":\"WebSite\",\"@id\":\"https:\\\/\\\/www.purejewels.com\\\/#website\",\"url\":\"https:\\\/\\\/www.purejewels.com\\\/\",\"name\":\"PureJewels UK\",\"description\":\"Share the Love\",\"publisher\":{\"@id\":\"https:\\\/\\\/www.purejewels.com\\\/#organization\"},\"potentialAction\":[{\"@type\":\"SearchAction\",\"target\":{\"@type\":\"EntryPoint\",\"urlTemplate\":\"https:\\\/\\\/www.purejewels.com\\\/?s={search_term_string}\"},\"query-input\":{\"@type\":\"PropertyValueSpecification\",\"valueRequired\":true,\"valueName\":\"search_term_string\"}}],\"inLanguage\":\"de\"},{\"@type\":\"Organization\",\"@id\":\"https:\\\/\\\/www.purejewels.com\\\/#organization\",\"name\":\"PureJewels UK\",\"url\":\"https:\\\/\\\/www.purejewels.com\\\/\",\"logo\":{\"@type\":\"ImageObject\",\"inLanguage\":\"de\",\"@id\":\"https:\\\/\\\/www.purejewels.com\\\/#\\\/schema\\\/logo\\\/image\\\/\",\"url\":\"https:\\\/\\\/static.purejewels.com\\\/wp-content\\\/uploads\\\/2020\\\/11\\\/Logo-PJ-New-1.png\",\"contentUrl\":\"https:\\\/\\\/static.purejewels.com\\\/wp-content\\\/uploads\\\/2020\\\/11\\\/Logo-PJ-New-1.png\",\"width\":150,\"height\":80,\"caption\":\"PureJewels UK\"},\"image\":{\"@id\":\"https:\\\/\\\/www.purejewels.com\\\/#\\\/schema\\\/logo\\\/image\\\/\"}}]}<\/script>\n<!-- \/ Yoast SEO plugin. -->","yoast_head_json":{"title":"22ct Gold Krishna Anh\u00e4nger | Hindu God Jewellery UK","description":"Kaufen Sie online einen 22ct Gold Krishna Anh\u00e4nger bei PureJewels UK - ein Symbol der Liebe und Hingabe. Eine zeitlose Wahl in Hindu-Schmuck und nachdenklich Diwali Geschenkideen.","robots":{"index":"index","follow":"follow","max-snippet":"max-snippet:-1","max-image-preview":"max-image-preview:large","max-video-preview":"max-video-preview:-1"},"canonical":"https:\/\/www.purejewels.com\/de\/produkt-2\/22ct-gold-krishna-anhanger-51647\/","og_locale":"de_DE","og_type":"article","og_title":"22ct Gold Krishna Pendant | Hindu God Jewellery UK","og_description":"Shop online for a 22ct Gold Krishna Pendant at PureJewels UK\u2014a symbol of love and devotion. A timeless choice in Hindu Jewellery and thoughtful Diwali gift ideas.","og_url":"https:\/\/www.purejewels.com\/de\/produkt-2\/22ct-gold-krishna-anhanger-51647\/","og_site_name":"PureJewels UK","article_modified_time":"2026-01-29T10:39:09+00:00","og_image":[{"width":1000,"height":1000,"url":"https:\/\/static.purejewels.com\/wp-content\/uploads\/2025\/01\/SKU-51016.jpg","type":"image\/jpeg"}],"twitter_card":"summary_large_image","twitter_misc":{"Gesch\u00e4tzte Lesezeit":"1\u00a0Minute"},"schema":{"@context":"https:\/\/schema.org","@graph":[{"@type":["WebPage","ItemPage"],"@id":"https:\/\/www.purejewels.com\/product\/22ct-gold-krishna-pendant-51647\/","url":"https:\/\/www.purejewels.com\/product\/22ct-gold-krishna-pendant-51647\/","name":"22ct Gold Krishna Anh\u00e4nger | Hindu God Jewellery UK","isPartOf":{"@id":"https:\/\/www.purejewels.com\/#website"},"primaryImageOfPage":{"@id":"https:\/\/www.purejewels.com\/product\/22ct-gold-krishna-pendant-51647\/#primaryimage"},"image":{"@id":"https:\/\/www.purejewels.com\/product\/22ct-gold-krishna-pendant-51647\/#primaryimage"},"thumbnailUrl":"https:\/\/static.purejewels.com\/wp-content\/uploads\/2025\/01\/SKU-51016.jpg","datePublished":"2025-01-05T09:16:42+00:00","dateModified":"2026-01-29T10:39:09+00:00","description":"Kaufen Sie online einen 22ct Gold Krishna Anh\u00e4nger bei PureJewels UK - ein Symbol der Liebe und Hingabe. Eine zeitlose Wahl in Hindu-Schmuck und nachdenklich Diwali Geschenkideen.","breadcrumb":{"@id":"https:\/\/www.purejewels.com\/product\/22ct-gold-krishna-pendant-51647\/#breadcrumb"},"inLanguage":"de","potentialAction":[{"@type":"ReadAction","target":["https:\/\/www.purejewels.com\/product\/22ct-gold-krishna-pendant-51647\/"]}]},{"@type":"ImageObject","inLanguage":"de","@id":"https:\/\/www.purejewels.com\/product\/22ct-gold-krishna-pendant-51647\/#primaryimage","url":"https:\/\/static.purejewels.com\/wp-content\/uploads\/2025\/01\/SKU-51016.jpg","contentUrl":"https:\/\/static.purejewels.com\/wp-content\/uploads\/2025\/01\/SKU-51016.jpg","width":1000,"height":1000,"caption":"51016"},{"@type":"BreadcrumbList","@id":"https:\/\/www.purejewels.com\/product\/22ct-gold-krishna-pendant-51647\/#breadcrumb","itemListElement":[{"@type":"ListItem","position":1,"name":"Home","item":"https:\/\/www.purejewels.com\/"},{"@type":"ListItem","position":2,"name":"Shop","item":"https:\/\/www.purejewels.com\/shop\/"},{"@type":"ListItem","position":3,"name":"Mohan Murli Pendant"}]},{"@type":"WebSite","@id":"https:\/\/www.purejewels.com\/#website","url":"https:\/\/www.purejewels.com\/","name":"PureJewels UK","description":"Teile die Liebe","publisher":{"@id":"https:\/\/www.purejewels.com\/#organization"},"potentialAction":[{"@type":"SearchAction","target":{"@type":"EntryPoint","urlTemplate":"https:\/\/www.purejewels.com\/?s={search_term_string}"},"query-input":{"@type":"PropertyValueSpecification","valueRequired":true,"valueName":"search_term_string"}}],"inLanguage":"de"},{"@type":"Organization","@id":"https:\/\/www.purejewels.com\/#organization","name":"PureJewels UK","url":"https:\/\/www.purejewels.com\/","logo":{"@type":"ImageObject","inLanguage":"de","@id":"https:\/\/www.purejewels.com\/#\/schema\/logo\/image\/","url":"https:\/\/static.purejewels.com\/wp-content\/uploads\/2020\/11\/Logo-PJ-New-1.png","contentUrl":"https:\/\/static.purejewels.com\/wp-content\/uploads\/2020\/11\/Logo-PJ-New-1.png","width":150,"height":80,"caption":"PureJewels UK"},"image":{"@id":"https:\/\/www.purejewels.com\/#\/schema\/logo\/image\/"}}]}},"_links":{"self":[{"href":"https:\/\/www.purejewels.com\/de\/wp-json\/wp\/v2\/product\/394950","targetHints":{"allow":["GET"]}}],"collection":[{"href":"https:\/\/www.purejewels.com\/de\/wp-json\/wp\/v2\/product"}],"about":[{"href":"https:\/\/www.purejewels.com\/de\/wp-json\/wp\/v2\/types\/product"}],"replies":[{"embeddable":true,"href":"https:\/\/www.purejewels.com\/de\/wp-json\/wp\/v2\/comments?post=394950"}],"version-history":[{"count":3,"href":"https:\/\/www.purejewels.com\/de\/wp-json\/wp\/v2\/product\/394950\/revisions"}],"predecessor-version":[{"id":407936,"href":"https:\/\/www.purejewels.com\/de\/wp-json\/wp\/v2\/product\/394950\/revisions\/407936"}],"wp:featuredmedia":[{"embeddable":true,"href":"https:\/\/www.purejewels.com\/de\/wp-json\/wp\/v2\/media\/407934"}],"wp:attachment":[{"href":"https:\/\/www.purejewels.com\/de\/wp-json\/wp\/v2\/media?parent=394950"}],"wp:term":[{"taxonomy":"product_brand","embeddable":true,"href":"https:\/\/www.purejewels.com\/de\/wp-json\/wp\/v2\/product_brand?post=394950"},{"taxonomy":"product_cat","embeddable":true,"href":"https:\/\/www.purejewels.com\/de\/wp-json\/wp\/v2\/product_cat?post=394950"},{"taxonomy":"product_tag","embeddable":true,"href":"https:\/\/www.purejewels.com\/de\/wp-json\/wp\/v2\/product_tag?post=394950"}],"curies":[{"name":"wp","href":"https:\/\/api.w.org\/{rel}","templated":true}]}}