{"id":394995,"date":"2025-07-24T12:13:20","date_gmt":"2025-07-24T11:13:20","guid":{"rendered":"https:\/\/www.purejewels.com\/?post_type=product&#038;p=394995"},"modified":"2026-01-29T08:12:59","modified_gmt":"2026-01-29T08:12:59","slug":"22ct-gold-lord-venkateshwara-anhanger-51643","status":"publish","type":"product","link":"https:\/\/www.purejewels.com\/de\/product\/22ct-gold-lord-venkateshwara-pendant-51643\/","title":{"rendered":"22ct Gold Lord Venkateshwara Anh\u00e4nger"},"content":{"rendered":"<p>Umarmen Sie g\u00f6ttliche Gnade und spirituellen Reichtum mit unserem 22 Karat Gold Lord Venkateshwara Anh\u00e4nger - eine strahlende Hommage an den Herrn des Reichtums und des Wohlstandes. Dieser wundersch\u00f6n aus reinem 22-kar\u00e4tigem Gelbgold gefertigte Anh\u00e4nger zeigt ein feines, detailliertes Bild von Lord Venkateshwara, der von Anh\u00e4ngern \u00fcber Generationen hinweg verehrt wird. Er ist ideal f\u00fcr die t\u00e4gliche Andacht oder besondere religi\u00f6se Anl\u00e4sse und tr\u00e4gt eine tiefe spirituelle Symbolik, die zeitlose Kunstfertigkeit widerspiegelt. Der leichte und doch bedeutungsvolle Anh\u00e4nger eignet sich hervorragend als Geschenk oder pers\u00f6nliches Andenken. Tragen Sie diesen heiligen Goldanh\u00e4nger als Symbol des Glaubens, des Segens und der inneren St\u00e4rke eng an Ihrem Herzen.<\/p>\n<p><b>Bereichs-ID <\/b>JWPNPRCB012OTCS<br \/>\n<b>SKU:<\/b> 51643, 51007<\/p>","protected":false},"excerpt":{"rendered":"<p>22 Karat Gold Venkateshwara Anh\u00e4nger in g\u00f6ttlicher Detailarbeit gefertigt - ein Symbol f\u00fcr Wohlstand und Hingabe.<br data-start=\"1157\" data-end=\"1160\" \/>Ideal zum t\u00e4glichen Tragen oder Verschenken mit heiliger Bedeutung und zeitloser Sch\u00f6nheit<\/p>\n<p><strong>Material:<\/strong>\u00a022ct Gold<strong><br \/>\nWahrzeichen:\u00a0<\/strong>Britisches G\u00fctesiegel<strong><br \/>\n<\/strong><strong>Bruttogewicht: <\/strong>5.27 Gms<strong><br \/>\nSKU: <\/strong>51643, 51007<\/p>\n<p><strong>Preis und Lieferung: <\/strong>Der Kettenpreis ist nicht inbegriffen, inklusive Mehrwertsteuer und Versandkosten.<strong><br \/>\n<a href=\"https:\/\/www.purejewels.com\/de\/ruckgabepolitik\/\">R\u00fcckgabepolitik<\/a><\/strong><\/p>","protected":false},"featured_media":407173,"comment_status":"closed","ping_status":"closed","template":"","meta":{"_eb_attr":"","_crsspst_to_jayantr4sg-hostcom":true},"product_brand":[],"product_cat":[1571,1229,1255,1767,1572,1768,1701,5349],"product_tag":[],"class_list":{"0":"post-394995","1":"product","2":"type-product","3":"status-publish","4":"has-post-thumbnail","6":"product_cat-fathers-day-gifts","7":"product_cat-22ct-gold-jewellery","8":"product_cat-gold-pendants","9":"product_cat-ladies-pendants","10":"product_cat-mens-jewellery","11":"product_cat-mens-pendants","12":"product_cat-religious-pendants","13":"product_cat-yellow-gold-jewellery","15":"first","16":"instock","17":"taxable","18":"shipping-taxable","19":"purchasable","20":"product-type-simple","21":"add-to-wishlist-before_image"},"yoast_head":"<!-- This site is optimized with the Yoast SEO plugin v27.3 - https:\/\/yoast.com\/product\/yoast-seo-wordpress\/ -->\n<title>Shop 22ct Gold Lord Venkateshwara Pendant | PureJewels<\/title>\n<meta name=\"description\" content=\"Shop 22ct Gold Lord Venkateshwara Pendant at PureJewels UK \u2013 a sacred South Indian symbol of divine protection, exquisitely crafted in pure gold.\" \/>\n<meta name=\"robots\" content=\"index, follow, max-snippet:-1, max-image-preview:large, max-video-preview:-1\" \/>\n<link rel=\"canonical\" href=\"https:\/\/www.purejewels.com\/de\/produkt-2\/22ct-gold-lord-venkateshwara-anhanger-51643\/\" \/>\n<meta property=\"og:locale\" content=\"de_DE\" \/>\n<meta property=\"og:type\" content=\"article\" \/>\n<meta property=\"og:title\" content=\"Shop 22ct Gold Lord Venkateshwara Pendant | PureJewels\" \/>\n<meta property=\"og:description\" content=\"Shop 22ct Gold Lord Venkateshwara Pendant at PureJewels UK \u2013 a sacred South Indian symbol of divine protection, exquisitely crafted in pure gold.\" \/>\n<meta property=\"og:url\" content=\"https:\/\/www.purejewels.com\/de\/produkt-2\/22ct-gold-lord-venkateshwara-anhanger-51643\/\" \/>\n<meta property=\"og:site_name\" content=\"PureJewels UK\" \/>\n<meta property=\"article:modified_time\" content=\"2026-01-29T08:12:59+00:00\" \/>\n<meta property=\"og:image\" content=\"https:\/\/static.purejewels.com\/wp-content\/uploads\/2025\/04\/SKU-51007-1.jpg\" \/>\n\t<meta property=\"og:image:width\" content=\"1000\" \/>\n\t<meta property=\"og:image:height\" content=\"1000\" \/>\n\t<meta property=\"og:image:type\" content=\"image\/jpeg\" \/>\n<meta name=\"twitter:card\" content=\"summary_large_image\" \/>\n<meta name=\"twitter:label1\" content=\"Gesch\u00e4tzte Lesezeit\" \/>\n\t<meta name=\"twitter:data1\" content=\"1\u00a0Minute\" \/>\n<script type=\"application\/ld+json\" class=\"yoast-schema-graph\">{\"@context\":\"https:\\\/\\\/schema.org\",\"@graph\":[{\"@type\":[\"WebPage\",\"ItemPage\"],\"@id\":\"https:\\\/\\\/www.purejewels.com\\\/product\\\/22ct-gold-lord-venkateshwara-pendant-51643\\\/\",\"url\":\"https:\\\/\\\/www.purejewels.com\\\/product\\\/22ct-gold-lord-venkateshwara-pendant-51643\\\/\",\"name\":\"Shop 22ct Gold Lord Venkateshwara Pendant | PureJewels\",\"isPartOf\":{\"@id\":\"https:\\\/\\\/www.purejewels.com\\\/#website\"},\"primaryImageOfPage\":{\"@id\":\"https:\\\/\\\/www.purejewels.com\\\/product\\\/22ct-gold-lord-venkateshwara-pendant-51643\\\/#primaryimage\"},\"image\":{\"@id\":\"https:\\\/\\\/www.purejewels.com\\\/product\\\/22ct-gold-lord-venkateshwara-pendant-51643\\\/#primaryimage\"},\"thumbnailUrl\":\"https:\\\/\\\/static.purejewels.com\\\/wp-content\\\/uploads\\\/2025\\\/04\\\/SKU-51007-1.jpg\",\"datePublished\":\"2025-07-24T11:13:20+00:00\",\"dateModified\":\"2026-01-29T08:12:59+00:00\",\"description\":\"Shop 22ct Gold Lord Venkateshwara Pendant at PureJewels UK \u2013 a sacred South Indian symbol of divine protection, exquisitely crafted in pure gold.\",\"breadcrumb\":{\"@id\":\"https:\\\/\\\/www.purejewels.com\\\/product\\\/22ct-gold-lord-venkateshwara-pendant-51643\\\/#breadcrumb\"},\"inLanguage\":\"de\",\"potentialAction\":[{\"@type\":\"ReadAction\",\"target\":[\"https:\\\/\\\/www.purejewels.com\\\/product\\\/22ct-gold-lord-venkateshwara-pendant-51643\\\/\"]}]},{\"@type\":\"ImageObject\",\"inLanguage\":\"de\",\"@id\":\"https:\\\/\\\/www.purejewels.com\\\/product\\\/22ct-gold-lord-venkateshwara-pendant-51643\\\/#primaryimage\",\"url\":\"https:\\\/\\\/static.purejewels.com\\\/wp-content\\\/uploads\\\/2025\\\/04\\\/SKU-51007-1.jpg\",\"contentUrl\":\"https:\\\/\\\/static.purejewels.com\\\/wp-content\\\/uploads\\\/2025\\\/04\\\/SKU-51007-1.jpg\",\"width\":1000,\"height\":1000,\"caption\":\"22ct Gold Lord Venkateshwara Pendant\"},{\"@type\":\"BreadcrumbList\",\"@id\":\"https:\\\/\\\/www.purejewels.com\\\/product\\\/22ct-gold-lord-venkateshwara-pendant-51643\\\/#breadcrumb\",\"itemListElement\":[{\"@type\":\"ListItem\",\"position\":1,\"name\":\"Home\",\"item\":\"https:\\\/\\\/www.purejewels.com\\\/\"},{\"@type\":\"ListItem\",\"position\":2,\"name\":\"Shop\",\"item\":\"https:\\\/\\\/www.purejewels.com\\\/shop\\\/\"},{\"@type\":\"ListItem\",\"position\":3,\"name\":\"22ct Gold Lord Venkateshwara Pendant\"}]},{\"@type\":\"WebSite\",\"@id\":\"https:\\\/\\\/www.purejewels.com\\\/#website\",\"url\":\"https:\\\/\\\/www.purejewels.com\\\/\",\"name\":\"PureJewels UK\",\"description\":\"Share the Love\",\"publisher\":{\"@id\":\"https:\\\/\\\/www.purejewels.com\\\/#organization\"},\"potentialAction\":[{\"@type\":\"SearchAction\",\"target\":{\"@type\":\"EntryPoint\",\"urlTemplate\":\"https:\\\/\\\/www.purejewels.com\\\/?s={search_term_string}\"},\"query-input\":{\"@type\":\"PropertyValueSpecification\",\"valueRequired\":true,\"valueName\":\"search_term_string\"}}],\"inLanguage\":\"de\"},{\"@type\":\"Organization\",\"@id\":\"https:\\\/\\\/www.purejewels.com\\\/#organization\",\"name\":\"PureJewels UK\",\"url\":\"https:\\\/\\\/www.purejewels.com\\\/\",\"logo\":{\"@type\":\"ImageObject\",\"inLanguage\":\"de\",\"@id\":\"https:\\\/\\\/www.purejewels.com\\\/#\\\/schema\\\/logo\\\/image\\\/\",\"url\":\"https:\\\/\\\/static.purejewels.com\\\/wp-content\\\/uploads\\\/2020\\\/11\\\/Logo-PJ-New-1.png\",\"contentUrl\":\"https:\\\/\\\/static.purejewels.com\\\/wp-content\\\/uploads\\\/2020\\\/11\\\/Logo-PJ-New-1.png\",\"width\":150,\"height\":80,\"caption\":\"PureJewels UK\"},\"image\":{\"@id\":\"https:\\\/\\\/www.purejewels.com\\\/#\\\/schema\\\/logo\\\/image\\\/\"}}]}<\/script>\n<!-- \/ Yoast SEO plugin. -->","yoast_head_json":{"title":"Shop 22ct Gold Lord Venkateshwara Anh\u00e4nger | PureJewels","description":"Shop 22ct Gold Lord Venkateshwara Anh\u00e4nger bei PureJewels UK - ein heiliges s\u00fcdindisches Symbol des g\u00f6ttlichen Schutzes, exquisit in reinem Gold gefertigt.","robots":{"index":"index","follow":"follow","max-snippet":"max-snippet:-1","max-image-preview":"max-image-preview:large","max-video-preview":"max-video-preview:-1"},"canonical":"https:\/\/www.purejewels.com\/de\/produkt-2\/22ct-gold-lord-venkateshwara-anhanger-51643\/","og_locale":"de_DE","og_type":"article","og_title":"Shop 22ct Gold Lord Venkateshwara Pendant | PureJewels","og_description":"Shop 22ct Gold Lord Venkateshwara Pendant at PureJewels UK \u2013 a sacred South Indian symbol of divine protection, exquisitely crafted in pure gold.","og_url":"https:\/\/www.purejewels.com\/de\/produkt-2\/22ct-gold-lord-venkateshwara-anhanger-51643\/","og_site_name":"PureJewels UK","article_modified_time":"2026-01-29T08:12:59+00:00","og_image":[{"width":1000,"height":1000,"url":"https:\/\/static.purejewels.com\/wp-content\/uploads\/2025\/04\/SKU-51007-1.jpg","type":"image\/jpeg"}],"twitter_card":"summary_large_image","twitter_misc":{"Gesch\u00e4tzte Lesezeit":"1\u00a0Minute"},"schema":{"@context":"https:\/\/schema.org","@graph":[{"@type":["WebPage","ItemPage"],"@id":"https:\/\/www.purejewels.com\/product\/22ct-gold-lord-venkateshwara-pendant-51643\/","url":"https:\/\/www.purejewels.com\/product\/22ct-gold-lord-venkateshwara-pendant-51643\/","name":"Shop 22ct Gold Lord Venkateshwara Anh\u00e4nger | PureJewels","isPartOf":{"@id":"https:\/\/www.purejewels.com\/#website"},"primaryImageOfPage":{"@id":"https:\/\/www.purejewels.com\/product\/22ct-gold-lord-venkateshwara-pendant-51643\/#primaryimage"},"image":{"@id":"https:\/\/www.purejewels.com\/product\/22ct-gold-lord-venkateshwara-pendant-51643\/#primaryimage"},"thumbnailUrl":"https:\/\/static.purejewels.com\/wp-content\/uploads\/2025\/04\/SKU-51007-1.jpg","datePublished":"2025-07-24T11:13:20+00:00","dateModified":"2026-01-29T08:12:59+00:00","description":"Shop 22ct Gold Lord Venkateshwara Anh\u00e4nger bei PureJewels UK - ein heiliges s\u00fcdindisches Symbol des g\u00f6ttlichen Schutzes, exquisit in reinem Gold gefertigt.","breadcrumb":{"@id":"https:\/\/www.purejewels.com\/product\/22ct-gold-lord-venkateshwara-pendant-51643\/#breadcrumb"},"inLanguage":"de","potentialAction":[{"@type":"ReadAction","target":["https:\/\/www.purejewels.com\/product\/22ct-gold-lord-venkateshwara-pendant-51643\/"]}]},{"@type":"ImageObject","inLanguage":"de","@id":"https:\/\/www.purejewels.com\/product\/22ct-gold-lord-venkateshwara-pendant-51643\/#primaryimage","url":"https:\/\/static.purejewels.com\/wp-content\/uploads\/2025\/04\/SKU-51007-1.jpg","contentUrl":"https:\/\/static.purejewels.com\/wp-content\/uploads\/2025\/04\/SKU-51007-1.jpg","width":1000,"height":1000,"caption":"22ct Gold Lord Venkateshwara Pendant"},{"@type":"BreadcrumbList","@id":"https:\/\/www.purejewels.com\/product\/22ct-gold-lord-venkateshwara-pendant-51643\/#breadcrumb","itemListElement":[{"@type":"ListItem","position":1,"name":"Home","item":"https:\/\/www.purejewels.com\/"},{"@type":"ListItem","position":2,"name":"Shop","item":"https:\/\/www.purejewels.com\/shop\/"},{"@type":"ListItem","position":3,"name":"22ct Gold Lord Venkateshwara Pendant"}]},{"@type":"WebSite","@id":"https:\/\/www.purejewels.com\/#website","url":"https:\/\/www.purejewels.com\/","name":"PureJewels UK","description":"Teile die Liebe","publisher":{"@id":"https:\/\/www.purejewels.com\/#organization"},"potentialAction":[{"@type":"SearchAction","target":{"@type":"EntryPoint","urlTemplate":"https:\/\/www.purejewels.com\/?s={search_term_string}"},"query-input":{"@type":"PropertyValueSpecification","valueRequired":true,"valueName":"search_term_string"}}],"inLanguage":"de"},{"@type":"Organization","@id":"https:\/\/www.purejewels.com\/#organization","name":"PureJewels UK","url":"https:\/\/www.purejewels.com\/","logo":{"@type":"ImageObject","inLanguage":"de","@id":"https:\/\/www.purejewels.com\/#\/schema\/logo\/image\/","url":"https:\/\/static.purejewels.com\/wp-content\/uploads\/2020\/11\/Logo-PJ-New-1.png","contentUrl":"https:\/\/static.purejewels.com\/wp-content\/uploads\/2020\/11\/Logo-PJ-New-1.png","width":150,"height":80,"caption":"PureJewels UK"},"image":{"@id":"https:\/\/www.purejewels.com\/#\/schema\/logo\/image\/"}}]}},"_links":{"self":[{"href":"https:\/\/www.purejewels.com\/de\/wp-json\/wp\/v2\/product\/394995","targetHints":{"allow":["GET"]}}],"collection":[{"href":"https:\/\/www.purejewels.com\/de\/wp-json\/wp\/v2\/product"}],"about":[{"href":"https:\/\/www.purejewels.com\/de\/wp-json\/wp\/v2\/types\/product"}],"replies":[{"embeddable":true,"href":"https:\/\/www.purejewels.com\/de\/wp-json\/wp\/v2\/comments?post=394995"}],"version-history":[{"count":3,"href":"https:\/\/www.purejewels.com\/de\/wp-json\/wp\/v2\/product\/394995\/revisions"}],"predecessor-version":[{"id":407190,"href":"https:\/\/www.purejewels.com\/de\/wp-json\/wp\/v2\/product\/394995\/revisions\/407190"}],"wp:featuredmedia":[{"embeddable":true,"href":"https:\/\/www.purejewels.com\/de\/wp-json\/wp\/v2\/media\/407173"}],"wp:attachment":[{"href":"https:\/\/www.purejewels.com\/de\/wp-json\/wp\/v2\/media?parent=394995"}],"wp:term":[{"taxonomy":"product_brand","embeddable":true,"href":"https:\/\/www.purejewels.com\/de\/wp-json\/wp\/v2\/product_brand?post=394995"},{"taxonomy":"product_cat","embeddable":true,"href":"https:\/\/www.purejewels.com\/de\/wp-json\/wp\/v2\/product_cat?post=394995"},{"taxonomy":"product_tag","embeddable":true,"href":"https:\/\/www.purejewels.com\/de\/wp-json\/wp\/v2\/product_tag?post=394995"}],"curies":[{"name":"wp","href":"https:\/\/api.w.org\/{rel}","templated":true}]}}