{"id":395003,"date":"2025-01-05T13:07:16","date_gmt":"2025-01-05T13:07:16","guid":{"rendered":"https:\/\/www.purejewels.com\/?post_type=product&#038;p=395003"},"modified":"2026-04-27T09:19:55","modified_gmt":"2026-04-27T08:19:55","slug":"lord-ganesha-anhanger-aus-22-karat-gold-51641","status":"publish","type":"product","link":"https:\/\/www.purejewels.com\/de\/product\/lord-ganesha-pendant-in-22-carat-gold-51641\/","title":{"rendered":"Lord Ganesha-Anh\u00e4nger aus 22 Karat Gold"},"content":{"rendered":"<p>Bitten Sie um Segen und g\u00f6ttlichen Schutz mit unserem Ganesh-Anh\u00e4nger aus 22 Karat Gold, einem heiligen Symbol f\u00fcr Weisheit, Wohlstand und Neuanf\u00e4nge. Dieser aufwendig gearbeitete Anh\u00e4nger aus reinem 22-kar\u00e4tigem Gelbgold zeigt Lord Ganesha in einer strahlenden Form und eignet sich perfekt f\u00fcr die t\u00e4gliche Andacht oder festliche Anl\u00e4sse. Seine spirituelle Bedeutung und zeitlose Handwerkskunst machen ihn zu einem idealen Geschenk f\u00fcr besondere Anl\u00e4sse oder pers\u00f6nliche Meilensteine. Das leichte und vielseitige Schmuckst\u00fcck l\u00e4sst sich wunderbar mit Goldketten jeder L\u00e4nge kombinieren. Ob am Herzen getragen oder mit Liebe verschenkt, dieser Ganesh-Anh\u00e4nger verk\u00f6rpert Glauben, Tradition und Anmut in jedem Detail<\/p>\n<p><b>Bereichs-ID <\/b>JWPNPRCB003TG<br \/>\n<b>SKU:<\/b> 51641, 50997<\/p>","protected":false},"excerpt":{"rendered":"<p>Eleganter Ganesh-Anh\u00e4nger aus 22 Karat Gold, der Weisheit, Wohlstand und g\u00f6ttliche Segnungen symbolisiert.<br \/>\nIdeal f\u00fcr die t\u00e4gliche Andacht, zum Verschenken oder um Ihrer Schmucksammlung einen sakralen Touch zu verleihen.<\/p>\n<p><strong>Material:<\/strong>\u00a022ct Gold<strong><br \/>\nWahrzeichen:\u00a0<\/strong>Britisches G\u00fctesiegel<strong><br \/>\n<\/strong><strong>Bruttogewicht: <\/strong>4,69 Gramm<strong><br \/>\nSKU: <\/strong>50997, 51641<\/p>\n<p><strong>Preis und Lieferung:<\/strong>Inklusive Mehrwertsteuer und Lieferkosten<strong><br \/>\n<a href=\"https:\/\/www.purejewels.com\/de\/ruckgabepolitik\/\">R\u00fcckgabepolitik<\/a><\/strong><\/p>","protected":false},"featured_media":395005,"comment_status":"closed","ping_status":"closed","template":"","meta":{"_eb_attr":"","_crsspst_to_jayantr4sg-hostcom":true},"product_brand":[],"product_cat":[1571,5601,1229,1255,1767,1572,1768,1701,5349],"product_tag":[],"class_list":{"0":"post-395003","1":"product","2":"type-product","3":"status-publish","4":"has-post-thumbnail","6":"product_cat-fathers-day-gifts","7":"product_cat-ganesh-pendants","8":"product_cat-22ct-gold-jewellery","9":"product_cat-gold-pendants","10":"product_cat-ladies-pendants","11":"product_cat-mens-jewellery","12":"product_cat-mens-pendants","13":"product_cat-religious-pendants","14":"product_cat-yellow-gold-jewellery","16":"first","17":"instock","18":"taxable","19":"shipping-taxable","20":"purchasable","21":"product-type-simple","22":"add-to-wishlist-before_image"},"yoast_head":"<!-- This site is optimized with the Yoast SEO plugin v27.6 - https:\/\/yoast.com\/product\/yoast-seo-wordpress\/ -->\n<title>Shop online Lord Ganesha Pendant in 22 Carat Gold<\/title>\n<meta name=\"description\" content=\"Celebrate wisdom and auspicious beginnings with our 22ct Gold Lord Ganesha Pendant\u2014crafted with devotion and perfect for thoughtful Diwali gifts.\" \/>\n<meta name=\"robots\" content=\"index, follow, max-snippet:-1, max-image-preview:large, max-video-preview:-1\" \/>\n<link rel=\"canonical\" href=\"https:\/\/www.purejewels.com\/de\/produkt-2\/lord-ganesha-anhanger-aus-22-karat-gold-51641\/\" \/>\n<meta property=\"og:locale\" content=\"de_DE\" \/>\n<meta property=\"og:type\" content=\"article\" \/>\n<meta property=\"og:title\" content=\"Shop online Lord Ganesha Pendant in 22 Carat Gold\" \/>\n<meta property=\"og:description\" content=\"Celebrate wisdom and auspicious beginnings with our 22ct Gold Lord Ganesha Pendant\u2014crafted with devotion and perfect for thoughtful Diwali gifts.\" \/>\n<meta property=\"og:url\" content=\"https:\/\/www.purejewels.com\/de\/produkt-2\/lord-ganesha-anhanger-aus-22-karat-gold-51641\/\" \/>\n<meta property=\"og:site_name\" content=\"PureJewels UK\" \/>\n<meta property=\"article:modified_time\" content=\"2026-04-27T08:19:55+00:00\" \/>\n<meta property=\"og:image\" content=\"https:\/\/static.purejewels.com\/wp-content\/uploads\/2025\/05\/50997.png\" \/>\n\t<meta property=\"og:image:width\" content=\"1000\" \/>\n\t<meta property=\"og:image:height\" content=\"1000\" \/>\n\t<meta property=\"og:image:type\" content=\"image\/png\" \/>\n<meta name=\"twitter:card\" content=\"summary_large_image\" \/>\n<meta name=\"twitter:label1\" content=\"Gesch\u00e4tzte Lesezeit\" \/>\n\t<meta name=\"twitter:data1\" content=\"1\u00a0Minute\" \/>\n<script type=\"application\/ld+json\" class=\"yoast-schema-graph\">{\"@context\":\"https:\\\/\\\/schema.org\",\"@graph\":[{\"@type\":[\"WebPage\",\"ItemPage\"],\"@id\":\"https:\\\/\\\/www.purejewels.com\\\/product\\\/lord-ganesha-pendant-in-22-carat-gold-51641\\\/\",\"url\":\"https:\\\/\\\/www.purejewels.com\\\/product\\\/lord-ganesha-pendant-in-22-carat-gold-51641\\\/\",\"name\":\"Shop online Lord Ganesha Pendant in 22 Carat Gold\",\"isPartOf\":{\"@id\":\"https:\\\/\\\/www.purejewels.com\\\/#website\"},\"primaryImageOfPage\":{\"@id\":\"https:\\\/\\\/www.purejewels.com\\\/product\\\/lord-ganesha-pendant-in-22-carat-gold-51641\\\/#primaryimage\"},\"image\":{\"@id\":\"https:\\\/\\\/www.purejewels.com\\\/product\\\/lord-ganesha-pendant-in-22-carat-gold-51641\\\/#primaryimage\"},\"thumbnailUrl\":\"https:\\\/\\\/static.purejewels.com\\\/wp-content\\\/uploads\\\/2025\\\/05\\\/50997.png\",\"datePublished\":\"2025-01-05T13:07:16+00:00\",\"dateModified\":\"2026-04-27T08:19:55+00:00\",\"description\":\"Celebrate wisdom and auspicious beginnings with our 22ct Gold Lord Ganesha Pendant\u2014crafted with devotion and perfect for thoughtful Diwali gifts.\",\"breadcrumb\":{\"@id\":\"https:\\\/\\\/www.purejewels.com\\\/product\\\/lord-ganesha-pendant-in-22-carat-gold-51641\\\/#breadcrumb\"},\"inLanguage\":\"de\",\"potentialAction\":[{\"@type\":\"ReadAction\",\"target\":[\"https:\\\/\\\/www.purejewels.com\\\/product\\\/lord-ganesha-pendant-in-22-carat-gold-51641\\\/\"]}]},{\"@type\":\"ImageObject\",\"inLanguage\":\"de\",\"@id\":\"https:\\\/\\\/www.purejewels.com\\\/product\\\/lord-ganesha-pendant-in-22-carat-gold-51641\\\/#primaryimage\",\"url\":\"https:\\\/\\\/static.purejewels.com\\\/wp-content\\\/uploads\\\/2025\\\/05\\\/50997.png\",\"contentUrl\":\"https:\\\/\\\/static.purejewels.com\\\/wp-content\\\/uploads\\\/2025\\\/05\\\/50997.png\",\"width\":1000,\"height\":1000,\"caption\":\"Lord Ganesha Pendant in 22 Carat Gold\"},{\"@type\":\"BreadcrumbList\",\"@id\":\"https:\\\/\\\/www.purejewels.com\\\/product\\\/lord-ganesha-pendant-in-22-carat-gold-51641\\\/#breadcrumb\",\"itemListElement\":[{\"@type\":\"ListItem\",\"position\":1,\"name\":\"Home\",\"item\":\"https:\\\/\\\/www.purejewels.com\\\/\"},{\"@type\":\"ListItem\",\"position\":2,\"name\":\"Shop\",\"item\":\"https:\\\/\\\/www.purejewels.com\\\/shop\\\/\"},{\"@type\":\"ListItem\",\"position\":3,\"name\":\"Lord Ganesha Pendant in 22 Carat Gold\"}]},{\"@type\":\"WebSite\",\"@id\":\"https:\\\/\\\/www.purejewels.com\\\/#website\",\"url\":\"https:\\\/\\\/www.purejewels.com\\\/\",\"name\":\"PureJewels UK\",\"description\":\"Share the Love\",\"publisher\":{\"@id\":\"https:\\\/\\\/www.purejewels.com\\\/#organization\"},\"potentialAction\":[{\"@type\":\"SearchAction\",\"target\":{\"@type\":\"EntryPoint\",\"urlTemplate\":\"https:\\\/\\\/www.purejewels.com\\\/?s={search_term_string}\"},\"query-input\":{\"@type\":\"PropertyValueSpecification\",\"valueRequired\":true,\"valueName\":\"search_term_string\"}}],\"inLanguage\":\"de\"},{\"@type\":\"Organization\",\"@id\":\"https:\\\/\\\/www.purejewels.com\\\/#organization\",\"name\":\"PureJewels UK\",\"url\":\"https:\\\/\\\/www.purejewels.com\\\/\",\"logo\":{\"@type\":\"ImageObject\",\"inLanguage\":\"de\",\"@id\":\"https:\\\/\\\/www.purejewels.com\\\/#\\\/schema\\\/logo\\\/image\\\/\",\"url\":\"https:\\\/\\\/static.purejewels.com\\\/wp-content\\\/uploads\\\/2020\\\/11\\\/Logo-PJ-New-1.png\",\"contentUrl\":\"https:\\\/\\\/static.purejewels.com\\\/wp-content\\\/uploads\\\/2020\\\/11\\\/Logo-PJ-New-1.png\",\"width\":150,\"height\":80,\"caption\":\"PureJewels UK\"},\"image\":{\"@id\":\"https:\\\/\\\/www.purejewels.com\\\/#\\\/schema\\\/logo\\\/image\\\/\"}}]}<\/script>\n<!-- \/ Yoast SEO plugin. -->","yoast_head_json":{"title":"Shop online Lord Ganesha Anh\u00e4nger in 22 Karat Gold","description":"Feiern Sie Weisheit und gl\u00fcckverhei\u00dfende Anf\u00e4nge mit unserem Lord Ganesha-Anh\u00e4nger aus 22 Karat Gold - mit Hingabe gefertigt und perfekt f\u00fcr durchdachte Diwali-Geschenke.","robots":{"index":"index","follow":"follow","max-snippet":"max-snippet:-1","max-image-preview":"max-image-preview:large","max-video-preview":"max-video-preview:-1"},"canonical":"https:\/\/www.purejewels.com\/de\/produkt-2\/lord-ganesha-anhanger-aus-22-karat-gold-51641\/","og_locale":"de_DE","og_type":"article","og_title":"Shop online Lord Ganesha Pendant in 22 Carat Gold","og_description":"Celebrate wisdom and auspicious beginnings with our 22ct Gold Lord Ganesha Pendant\u2014crafted with devotion and perfect for thoughtful Diwali gifts.","og_url":"https:\/\/www.purejewels.com\/de\/produkt-2\/lord-ganesha-anhanger-aus-22-karat-gold-51641\/","og_site_name":"PureJewels UK","article_modified_time":"2026-04-27T08:19:55+00:00","og_image":[{"width":1000,"height":1000,"url":"https:\/\/static.purejewels.com\/wp-content\/uploads\/2025\/05\/50997.png","type":"image\/png"}],"twitter_card":"summary_large_image","twitter_misc":{"Gesch\u00e4tzte Lesezeit":"1\u00a0Minute"},"schema":{"@context":"https:\/\/schema.org","@graph":[{"@type":["WebPage","ItemPage"],"@id":"https:\/\/www.purejewels.com\/product\/lord-ganesha-pendant-in-22-carat-gold-51641\/","url":"https:\/\/www.purejewels.com\/product\/lord-ganesha-pendant-in-22-carat-gold-51641\/","name":"Shop online Lord Ganesha Anh\u00e4nger in 22 Karat Gold","isPartOf":{"@id":"https:\/\/www.purejewels.com\/#website"},"primaryImageOfPage":{"@id":"https:\/\/www.purejewels.com\/product\/lord-ganesha-pendant-in-22-carat-gold-51641\/#primaryimage"},"image":{"@id":"https:\/\/www.purejewels.com\/product\/lord-ganesha-pendant-in-22-carat-gold-51641\/#primaryimage"},"thumbnailUrl":"https:\/\/static.purejewels.com\/wp-content\/uploads\/2025\/05\/50997.png","datePublished":"2025-01-05T13:07:16+00:00","dateModified":"2026-04-27T08:19:55+00:00","description":"Feiern Sie Weisheit und gl\u00fcckverhei\u00dfende Anf\u00e4nge mit unserem Lord Ganesha-Anh\u00e4nger aus 22 Karat Gold - mit Hingabe gefertigt und perfekt f\u00fcr durchdachte Diwali-Geschenke.","breadcrumb":{"@id":"https:\/\/www.purejewels.com\/product\/lord-ganesha-pendant-in-22-carat-gold-51641\/#breadcrumb"},"inLanguage":"de","potentialAction":[{"@type":"ReadAction","target":["https:\/\/www.purejewels.com\/product\/lord-ganesha-pendant-in-22-carat-gold-51641\/"]}]},{"@type":"ImageObject","inLanguage":"de","@id":"https:\/\/www.purejewels.com\/product\/lord-ganesha-pendant-in-22-carat-gold-51641\/#primaryimage","url":"https:\/\/static.purejewels.com\/wp-content\/uploads\/2025\/05\/50997.png","contentUrl":"https:\/\/static.purejewels.com\/wp-content\/uploads\/2025\/05\/50997.png","width":1000,"height":1000,"caption":"Lord Ganesha Pendant in 22 Carat Gold"},{"@type":"BreadcrumbList","@id":"https:\/\/www.purejewels.com\/product\/lord-ganesha-pendant-in-22-carat-gold-51641\/#breadcrumb","itemListElement":[{"@type":"ListItem","position":1,"name":"Home","item":"https:\/\/www.purejewels.com\/"},{"@type":"ListItem","position":2,"name":"Shop","item":"https:\/\/www.purejewels.com\/shop\/"},{"@type":"ListItem","position":3,"name":"Lord Ganesha Pendant in 22 Carat Gold"}]},{"@type":"WebSite","@id":"https:\/\/www.purejewels.com\/#website","url":"https:\/\/www.purejewels.com\/","name":"PureJewels UK","description":"Teile die Liebe","publisher":{"@id":"https:\/\/www.purejewels.com\/#organization"},"potentialAction":[{"@type":"SearchAction","target":{"@type":"EntryPoint","urlTemplate":"https:\/\/www.purejewels.com\/?s={search_term_string}"},"query-input":{"@type":"PropertyValueSpecification","valueRequired":true,"valueName":"search_term_string"}}],"inLanguage":"de"},{"@type":"Organization","@id":"https:\/\/www.purejewels.com\/#organization","name":"PureJewels UK","url":"https:\/\/www.purejewels.com\/","logo":{"@type":"ImageObject","inLanguage":"de","@id":"https:\/\/www.purejewels.com\/#\/schema\/logo\/image\/","url":"https:\/\/static.purejewels.com\/wp-content\/uploads\/2020\/11\/Logo-PJ-New-1.png","contentUrl":"https:\/\/static.purejewels.com\/wp-content\/uploads\/2020\/11\/Logo-PJ-New-1.png","width":150,"height":80,"caption":"PureJewels UK"},"image":{"@id":"https:\/\/www.purejewels.com\/#\/schema\/logo\/image\/"}}]}},"_links":{"self":[{"href":"https:\/\/www.purejewels.com\/de\/wp-json\/wp\/v2\/product\/395003","targetHints":{"allow":["GET"]}}],"collection":[{"href":"https:\/\/www.purejewels.com\/de\/wp-json\/wp\/v2\/product"}],"about":[{"href":"https:\/\/www.purejewels.com\/de\/wp-json\/wp\/v2\/types\/product"}],"replies":[{"embeddable":true,"href":"https:\/\/www.purejewels.com\/de\/wp-json\/wp\/v2\/comments?post=395003"}],"version-history":[{"count":3,"href":"https:\/\/www.purejewels.com\/de\/wp-json\/wp\/v2\/product\/395003\/revisions"}],"predecessor-version":[{"id":416892,"href":"https:\/\/www.purejewels.com\/de\/wp-json\/wp\/v2\/product\/395003\/revisions\/416892"}],"wp:featuredmedia":[{"embeddable":true,"href":"https:\/\/www.purejewels.com\/de\/wp-json\/wp\/v2\/media\/395005"}],"wp:attachment":[{"href":"https:\/\/www.purejewels.com\/de\/wp-json\/wp\/v2\/media?parent=395003"}],"wp:term":[{"taxonomy":"product_brand","embeddable":true,"href":"https:\/\/www.purejewels.com\/de\/wp-json\/wp\/v2\/product_brand?post=395003"},{"taxonomy":"product_cat","embeddable":true,"href":"https:\/\/www.purejewels.com\/de\/wp-json\/wp\/v2\/product_cat?post=395003"},{"taxonomy":"product_tag","embeddable":true,"href":"https:\/\/www.purejewels.com\/de\/wp-json\/wp\/v2\/product_tag?post=395003"}],"curies":[{"name":"wp","href":"https:\/\/api.w.org\/{rel}","templated":true}]}}