{"id":395007,"date":"2025-09-29T13:29:49","date_gmt":"2025-09-29T12:29:49","guid":{"rendered":"https:\/\/www.purejewels.com\/?post_type=product&#038;p=395007"},"modified":"2026-01-06T07:30:20","modified_gmt":"2026-01-06T07:30:20","slug":"22ct-gold-ganesh-anhanger-uk-51640","status":"publish","type":"product","link":"https:\/\/www.purejewels.com\/de\/product\/22ct-gold-ganesh-pendant-uk-51640\/","title":{"rendered":"22ct Gold Ganesh-Anh\u00e4nger UK"},"content":{"rendered":"<p data-start=\"126\" data-end=\"388\"><strong data-start=\"126\" data-end=\"136\">Gestaltung<\/strong><br data-start=\"136\" data-end=\"139\" \/>Der Ganesh-Anh\u00e4nger aus 22 Karat Gold f\u00e4ngt die g\u00f6ttliche Pr\u00e4senz von Lord Ganesha mit raffinierter Kunstfertigkeit ein. Der aus reinem Gold gefertigte Anh\u00e4nger weist zarte Konturen auf, die Ganeshas ruhige Form hervorheben - ein Symbol f\u00fcr Weisheit, Schutz und Neubeginn.<\/p>\n<p data-start=\"390\" data-end=\"647\"><strong data-start=\"390\" data-end=\"407\">Handwerkliches K\u00f6nnen<\/strong><br data-start=\"407\" data-end=\"410\" \/>Jeder Anh\u00e4nger ist aus 22-kar\u00e4tigem Gold gefertigt und in London gestempelt. Er wurde mit Pr\u00e4zision gefertigt, um seinen strahlenden Glanz und seine feinen Details hervorzuheben. Er ist leicht und angenehm zu tragen und spiegelt die Balance zwischen Tradition und moderner Handwerkskunst wider.<\/p>\n<p data-start=\"649\" data-end=\"883\"><strong data-start=\"649\" data-end=\"670\">Styling &amp; Geschenkartikel<\/strong><br data-start=\"670\" data-end=\"673\" \/>Perfekt f\u00fcr verhei\u00dfungsvolle Anl\u00e4sse wie <strong data-start=\"714\" data-end=\"755\">Ganesh Chaturthi, Diwali oder Hochzeiten<\/strong>Dieser Anh\u00e4nger passt wunderbar zu Sarees und festlicher Kleidung. Ein sinnvolles Geschenk, um Segen, Wohlstand und Hingabe zu markieren.<\/p>\n<p><b>Bereichs-ID <\/b>JWPNPRCB001TGCS<br \/>\n<b>SKU:<\/b> 51640, 50995<\/p>","protected":false},"excerpt":{"rendered":"<p>Eleganter Ganesh-Anh\u00e4nger aus 22 Karat Gold, der Weisheit, Wohlstand und g\u00f6ttliche Segnungen symbolisiert.<br data-start=\"1134\" data-end=\"1137\" \/>Ideal f\u00fcr die t\u00e4gliche Andacht, zum Verschenken oder um Ihrer Schmucksammlung einen sakralen Touch zu verleihen.<\/p>\n<p><strong>Material:<\/strong>\u00a022ct Gold<strong><br \/>\nWahrzeichen:\u00a0<\/strong>Britisches G\u00fctesiegel<strong><br \/>\n<\/strong><strong>Bruttogewicht: <\/strong>1,08 Gramm<strong><br \/>\nSKU: <\/strong>50995, 51640<\/p>\n<p><strong>Preis und Lieferung: <\/strong>Der Kettenpreis ist nicht inbegriffen, inklusive Mehrwertsteuer und Versandkosten.<strong><br \/>\n<a href=\"https:\/\/www.purejewels.com\/de\/ruckgabepolitik\/\">R\u00fcckgabepolitik<\/a><\/strong><\/p>","protected":false},"featured_media":407897,"comment_status":"closed","ping_status":"closed","template":"","meta":{"_eb_attr":"","_crsspst_to_jayantr4sg-hostcom":false},"product_brand":[],"product_cat":[1793,1792,5601,1229,1255,5342,1767,1572,1768,5338,1701,5349],"product_tag":[],"class_list":{"0":"post-395007","1":"product","2":"type-product","3":"status-publish","4":"has-post-thumbnail","6":"product_cat-diwali-gifts","7":"product_cat-festival-gifts","8":"product_cat-ganesh-pendants","9":"product_cat-22ct-gold-jewellery","10":"product_cat-gold-pendants","11":"product_cat-jewellery-under-250","12":"product_cat-ladies-pendants","13":"product_cat-mens-jewellery","14":"product_cat-mens-pendants","15":"product_cat-shop-by-price","16":"product_cat-religious-pendants","17":"product_cat-yellow-gold-jewellery","19":"first","20":"outofstock","21":"taxable","22":"shipping-taxable","23":"product-type-simple","24":"add-to-wishlist-before_image"},"yoast_head":"<!-- This site is optimized with the Yoast SEO plugin v27.5 - https:\/\/yoast.com\/product\/yoast-seo-wordpress\/ -->\n<title>Purchase online 22ct Gold Ganesh Pendant UK | PureJewels<\/title>\n<meta name=\"description\" content=\"Shop your 22ct Gold Ganesh Pendant online at PureJewels UK\u2014a sacred symbol of wisdom and protection, beautifully handcrafted and perfect for Diwali gift ideas.\" \/>\n<meta name=\"robots\" content=\"index, follow, max-snippet:-1, max-image-preview:large, max-video-preview:-1\" \/>\n<link rel=\"canonical\" href=\"https:\/\/www.purejewels.com\/de\/produkt-2\/22ct-gold-ganesh-anhanger-uk-51640\/\" \/>\n<meta property=\"og:locale\" content=\"de_DE\" \/>\n<meta property=\"og:type\" content=\"article\" \/>\n<meta property=\"og:title\" content=\"Purchase online 22ct Gold Ganesh Pendant UK | PureJewels\" \/>\n<meta property=\"og:description\" content=\"Shop your 22ct Gold Ganesh Pendant online at PureJewels UK\u2014a sacred symbol of wisdom and protection, beautifully handcrafted and perfect for Diwali gift ideas.\" \/>\n<meta property=\"og:url\" content=\"https:\/\/www.purejewels.com\/de\/produkt-2\/22ct-gold-ganesh-anhanger-uk-51640\/\" \/>\n<meta property=\"og:site_name\" content=\"PureJewels UK\" \/>\n<meta property=\"article:modified_time\" content=\"2026-01-06T07:30:20+00:00\" \/>\n<meta property=\"og:image\" content=\"https:\/\/www.purejewels.com\/wp-content\/uploads\/2025\/02\/SKU-51640.jpg\" \/>\n\t<meta property=\"og:image:width\" content=\"1000\" \/>\n\t<meta property=\"og:image:height\" content=\"1000\" \/>\n\t<meta property=\"og:image:type\" content=\"image\/jpeg\" \/>\n<meta name=\"twitter:card\" content=\"summary_large_image\" \/>\n<meta name=\"twitter:label1\" content=\"Gesch\u00e4tzte Lesezeit\" \/>\n\t<meta name=\"twitter:data1\" content=\"1\u00a0Minute\" \/>\n<script type=\"application\/ld+json\" class=\"yoast-schema-graph\">{\"@context\":\"https:\\\/\\\/schema.org\",\"@graph\":[{\"@type\":[\"WebPage\",\"ItemPage\"],\"@id\":\"https:\\\/\\\/www.purejewels.com\\\/product\\\/22ct-gold-ganesh-pendant-uk-51640\\\/\",\"url\":\"https:\\\/\\\/www.purejewels.com\\\/product\\\/22ct-gold-ganesh-pendant-uk-51640\\\/\",\"name\":\"Purchase online 22ct Gold Ganesh Pendant UK | PureJewels\",\"isPartOf\":{\"@id\":\"https:\\\/\\\/www.purejewels.com\\\/#website\"},\"primaryImageOfPage\":{\"@id\":\"https:\\\/\\\/www.purejewels.com\\\/product\\\/22ct-gold-ganesh-pendant-uk-51640\\\/#primaryimage\"},\"image\":{\"@id\":\"https:\\\/\\\/www.purejewels.com\\\/product\\\/22ct-gold-ganesh-pendant-uk-51640\\\/#primaryimage\"},\"thumbnailUrl\":\"https:\\\/\\\/static.purejewels.com\\\/wp-content\\\/uploads\\\/2025\\\/02\\\/SKU-51640.jpg\",\"datePublished\":\"2025-09-29T12:29:49+00:00\",\"dateModified\":\"2026-01-06T07:30:20+00:00\",\"description\":\"Shop your 22ct Gold Ganesh Pendant online at PureJewels UK\u2014a sacred symbol of wisdom and protection, beautifully handcrafted and perfect for Diwali gift ideas.\",\"breadcrumb\":{\"@id\":\"https:\\\/\\\/www.purejewels.com\\\/product\\\/22ct-gold-ganesh-pendant-uk-51640\\\/#breadcrumb\"},\"inLanguage\":\"de\",\"potentialAction\":[{\"@type\":\"ReadAction\",\"target\":[\"https:\\\/\\\/www.purejewels.com\\\/product\\\/22ct-gold-ganesh-pendant-uk-51640\\\/\"]}]},{\"@type\":\"ImageObject\",\"inLanguage\":\"de\",\"@id\":\"https:\\\/\\\/www.purejewels.com\\\/product\\\/22ct-gold-ganesh-pendant-uk-51640\\\/#primaryimage\",\"url\":\"https:\\\/\\\/static.purejewels.com\\\/wp-content\\\/uploads\\\/2025\\\/02\\\/SKU-51640.jpg\",\"contentUrl\":\"https:\\\/\\\/static.purejewels.com\\\/wp-content\\\/uploads\\\/2025\\\/02\\\/SKU-51640.jpg\",\"width\":1000,\"height\":1000,\"caption\":\"51640\"},{\"@type\":\"BreadcrumbList\",\"@id\":\"https:\\\/\\\/www.purejewels.com\\\/product\\\/22ct-gold-ganesh-pendant-uk-51640\\\/#breadcrumb\",\"itemListElement\":[{\"@type\":\"ListItem\",\"position\":1,\"name\":\"Home\",\"item\":\"https:\\\/\\\/www.purejewels.com\\\/\"},{\"@type\":\"ListItem\",\"position\":2,\"name\":\"Shop\",\"item\":\"https:\\\/\\\/www.purejewels.com\\\/shop\\\/\"},{\"@type\":\"ListItem\",\"position\":3,\"name\":\"22ct Gold Ganesh Pendant UK\"}]},{\"@type\":\"WebSite\",\"@id\":\"https:\\\/\\\/www.purejewels.com\\\/#website\",\"url\":\"https:\\\/\\\/www.purejewels.com\\\/\",\"name\":\"PureJewels UK\",\"description\":\"Share the Love\",\"publisher\":{\"@id\":\"https:\\\/\\\/www.purejewels.com\\\/#organization\"},\"potentialAction\":[{\"@type\":\"SearchAction\",\"target\":{\"@type\":\"EntryPoint\",\"urlTemplate\":\"https:\\\/\\\/www.purejewels.com\\\/?s={search_term_string}\"},\"query-input\":{\"@type\":\"PropertyValueSpecification\",\"valueRequired\":true,\"valueName\":\"search_term_string\"}}],\"inLanguage\":\"de\"},{\"@type\":\"Organization\",\"@id\":\"https:\\\/\\\/www.purejewels.com\\\/#organization\",\"name\":\"PureJewels UK\",\"url\":\"https:\\\/\\\/www.purejewels.com\\\/\",\"logo\":{\"@type\":\"ImageObject\",\"inLanguage\":\"de\",\"@id\":\"https:\\\/\\\/www.purejewels.com\\\/#\\\/schema\\\/logo\\\/image\\\/\",\"url\":\"https:\\\/\\\/static.purejewels.com\\\/wp-content\\\/uploads\\\/2020\\\/11\\\/Logo-PJ-New-1.png\",\"contentUrl\":\"https:\\\/\\\/static.purejewels.com\\\/wp-content\\\/uploads\\\/2020\\\/11\\\/Logo-PJ-New-1.png\",\"width\":150,\"height\":80,\"caption\":\"PureJewels UK\"},\"image\":{\"@id\":\"https:\\\/\\\/www.purejewels.com\\\/#\\\/schema\\\/logo\\\/image\\\/\"}}]}<\/script>\n<!-- \/ Yoast SEO plugin. -->","yoast_head_json":{"title":"Online kaufen 22ct Gold Ganesh Anh\u00e4nger UK | PureJewels","description":"Kaufen Sie Ihren 22ct Gold Ganesh Anh\u00e4nger online bei PureJewels UK-ein heiliges Symbol der Weisheit und des Schutzes, wundersch\u00f6n handgefertigt und perfekt f\u00fcr Diwali Geschenkideen.","robots":{"index":"index","follow":"follow","max-snippet":"max-snippet:-1","max-image-preview":"max-image-preview:large","max-video-preview":"max-video-preview:-1"},"canonical":"https:\/\/www.purejewels.com\/de\/produkt-2\/22ct-gold-ganesh-anhanger-uk-51640\/","og_locale":"de_DE","og_type":"article","og_title":"Purchase online 22ct Gold Ganesh Pendant UK | PureJewels","og_description":"Shop your 22ct Gold Ganesh Pendant online at PureJewels UK\u2014a sacred symbol of wisdom and protection, beautifully handcrafted and perfect for Diwali gift ideas.","og_url":"https:\/\/www.purejewels.com\/de\/produkt-2\/22ct-gold-ganesh-anhanger-uk-51640\/","og_site_name":"PureJewels UK","article_modified_time":"2026-01-06T07:30:20+00:00","og_image":[{"width":1000,"height":1000,"url":"https:\/\/www.purejewels.com\/wp-content\/uploads\/2025\/02\/SKU-51640.jpg","type":"image\/jpeg"}],"twitter_card":"summary_large_image","twitter_misc":{"Gesch\u00e4tzte Lesezeit":"1\u00a0Minute"},"schema":{"@context":"https:\/\/schema.org","@graph":[{"@type":["WebPage","ItemPage"],"@id":"https:\/\/www.purejewels.com\/product\/22ct-gold-ganesh-pendant-uk-51640\/","url":"https:\/\/www.purejewels.com\/product\/22ct-gold-ganesh-pendant-uk-51640\/","name":"Online kaufen 22ct Gold Ganesh Anh\u00e4nger UK | PureJewels","isPartOf":{"@id":"https:\/\/www.purejewels.com\/#website"},"primaryImageOfPage":{"@id":"https:\/\/www.purejewels.com\/product\/22ct-gold-ganesh-pendant-uk-51640\/#primaryimage"},"image":{"@id":"https:\/\/www.purejewels.com\/product\/22ct-gold-ganesh-pendant-uk-51640\/#primaryimage"},"thumbnailUrl":"https:\/\/static.purejewels.com\/wp-content\/uploads\/2025\/02\/SKU-51640.jpg","datePublished":"2025-09-29T12:29:49+00:00","dateModified":"2026-01-06T07:30:20+00:00","description":"Kaufen Sie Ihren 22ct Gold Ganesh Anh\u00e4nger online bei PureJewels UK-ein heiliges Symbol der Weisheit und des Schutzes, wundersch\u00f6n handgefertigt und perfekt f\u00fcr Diwali Geschenkideen.","breadcrumb":{"@id":"https:\/\/www.purejewels.com\/product\/22ct-gold-ganesh-pendant-uk-51640\/#breadcrumb"},"inLanguage":"de","potentialAction":[{"@type":"ReadAction","target":["https:\/\/www.purejewels.com\/product\/22ct-gold-ganesh-pendant-uk-51640\/"]}]},{"@type":"ImageObject","inLanguage":"de","@id":"https:\/\/www.purejewels.com\/product\/22ct-gold-ganesh-pendant-uk-51640\/#primaryimage","url":"https:\/\/static.purejewels.com\/wp-content\/uploads\/2025\/02\/SKU-51640.jpg","contentUrl":"https:\/\/static.purejewels.com\/wp-content\/uploads\/2025\/02\/SKU-51640.jpg","width":1000,"height":1000,"caption":"51640"},{"@type":"BreadcrumbList","@id":"https:\/\/www.purejewels.com\/product\/22ct-gold-ganesh-pendant-uk-51640\/#breadcrumb","itemListElement":[{"@type":"ListItem","position":1,"name":"Home","item":"https:\/\/www.purejewels.com\/"},{"@type":"ListItem","position":2,"name":"Shop","item":"https:\/\/www.purejewels.com\/shop\/"},{"@type":"ListItem","position":3,"name":"22ct Gold Ganesh Pendant UK"}]},{"@type":"WebSite","@id":"https:\/\/www.purejewels.com\/#website","url":"https:\/\/www.purejewels.com\/","name":"PureJewels UK","description":"Teile die Liebe","publisher":{"@id":"https:\/\/www.purejewels.com\/#organization"},"potentialAction":[{"@type":"SearchAction","target":{"@type":"EntryPoint","urlTemplate":"https:\/\/www.purejewels.com\/?s={search_term_string}"},"query-input":{"@type":"PropertyValueSpecification","valueRequired":true,"valueName":"search_term_string"}}],"inLanguage":"de"},{"@type":"Organization","@id":"https:\/\/www.purejewels.com\/#organization","name":"PureJewels UK","url":"https:\/\/www.purejewels.com\/","logo":{"@type":"ImageObject","inLanguage":"de","@id":"https:\/\/www.purejewels.com\/#\/schema\/logo\/image\/","url":"https:\/\/static.purejewels.com\/wp-content\/uploads\/2020\/11\/Logo-PJ-New-1.png","contentUrl":"https:\/\/static.purejewels.com\/wp-content\/uploads\/2020\/11\/Logo-PJ-New-1.png","width":150,"height":80,"caption":"PureJewels UK"},"image":{"@id":"https:\/\/www.purejewels.com\/#\/schema\/logo\/image\/"}}]}},"_links":{"self":[{"href":"https:\/\/www.purejewels.com\/de\/wp-json\/wp\/v2\/product\/395007","targetHints":{"allow":["GET"]}}],"collection":[{"href":"https:\/\/www.purejewels.com\/de\/wp-json\/wp\/v2\/product"}],"about":[{"href":"https:\/\/www.purejewels.com\/de\/wp-json\/wp\/v2\/types\/product"}],"replies":[{"embeddable":true,"href":"https:\/\/www.purejewels.com\/de\/wp-json\/wp\/v2\/comments?post=395007"}],"version-history":[{"count":4,"href":"https:\/\/www.purejewels.com\/de\/wp-json\/wp\/v2\/product\/395007\/revisions"}],"predecessor-version":[{"id":418498,"href":"https:\/\/www.purejewels.com\/de\/wp-json\/wp\/v2\/product\/395007\/revisions\/418498"}],"wp:featuredmedia":[{"embeddable":true,"href":"https:\/\/www.purejewels.com\/de\/wp-json\/wp\/v2\/media\/407897"}],"wp:attachment":[{"href":"https:\/\/www.purejewels.com\/de\/wp-json\/wp\/v2\/media?parent=395007"}],"wp:term":[{"taxonomy":"product_brand","embeddable":true,"href":"https:\/\/www.purejewels.com\/de\/wp-json\/wp\/v2\/product_brand?post=395007"},{"taxonomy":"product_cat","embeddable":true,"href":"https:\/\/www.purejewels.com\/de\/wp-json\/wp\/v2\/product_cat?post=395007"},{"taxonomy":"product_tag","embeddable":true,"href":"https:\/\/www.purejewels.com\/de\/wp-json\/wp\/v2\/product_tag?post=395007"}],"curies":[{"name":"wp","href":"https:\/\/api.w.org\/{rel}","templated":true}]}}