{"id":395013,"date":"2025-02-05T13:55:48","date_gmt":"2025-02-05T13:55:48","guid":{"rendered":"https:\/\/www.purejewels.com\/?post_type=product&#038;p=395013"},"modified":"2026-01-06T07:30:21","modified_gmt":"2026-01-06T07:30:21","slug":"trishul-und-rudraksha-anhanger-aus-22-karat-gold-51109","status":"publish","type":"product","link":"https:\/\/www.purejewels.com\/de\/product\/22ct-gold-trishul-and-rudraksha-pendant-51109\/","title":{"rendered":"22ct Gold Trishul und Rudraksha-Anh\u00e4nger"},"content":{"rendered":"<p>Diese <strong data-start=\"521\" data-end=\"564\">22ct Gold Trishul und Rudraksha-Anh\u00e4nger<\/strong> ist ein starker Ausdruck des Glaubens und des Erbes. Die <strong data-start=\"617\" data-end=\"628\">Trishul<\/strong>die die g\u00f6ttliche Kraft Lord Shivas symbolisiert, ist aus reinem Gold gefertigt und mit einem authentischen <strong data-start=\"731\" data-end=\"749\">Rudraksha-Perle<\/strong> bekannt f\u00fcr seine spirituellen und heilenden Eigenschaften. Ein verehrtes St\u00fcck der <strong data-start=\"816\" data-end=\"845\">Religi\u00f6ser Hindu-Schmuck<\/strong>Er bietet Schutz, Positivit\u00e4t und inneres Gleichgewicht. Ideal f\u00fcr das t\u00e4gliche Tragen oder als bedeutungsvolles Geschenk, ist dieser Anh\u00e4nger perfekt f\u00fcr Anh\u00e4nger und Suchende gleicherma\u00dfen. Teil unseres exklusiven <strong data-start=\"1024\" data-end=\"1061\" data-is-only-node=\"\">Kollektion spiritueller Goldanh\u00e4nger<\/strong>Er verbindet nahtlos Tradition, Eleganz und tief verwurzelte Symbolik.<\/p>\n<p><b>Bereichs-ID <\/b>JWPNPRCB037OTCS<br \/>\n<b>SKU:<\/b> 51109, 53059<\/p>","protected":false},"excerpt":{"rendered":"<p>G\u00f6ttlicher Schutz mit diesem Trishul- und Rudraksha-Anh\u00e4nger aus 22 Karat Gold, einer heiligen Mischung aus Kraft und Reinheit. Ein spirituelles Emblem f\u00fcr St\u00e4rke, Hingabe und inneren Frieden.<\/p>\n<p><strong>Material:<\/strong>\u00a022ct Gold<strong><br \/>\nWahrzeichen:\u00a0<\/strong>Britisches G\u00fctesiegel<strong><br \/>\n<\/strong><strong>Bruttogewicht: <\/strong>5,06 Gramm<strong><br \/>\nSKU: <\/strong>51109, 53059<\/p>\n<p><strong>Preis und Lieferung:<\/strong>Inklusive Mehrwertsteuer und Lieferkosten<strong><br \/>\n<a href=\"https:\/\/www.purejewels.com\/de\/ruckgabepolitik\/\">R\u00fcckgabepolitik<\/a><\/strong><\/p>","protected":false},"featured_media":395020,"comment_status":"closed","ping_status":"closed","template":"","meta":{"_eb_attr":"","_crsspst_to_jayantr4sg-hostcom":true},"product_brand":[],"product_cat":[1793,1571,1229,1255,1767,1572,1768,1701,5349],"product_tag":[],"class_list":{"0":"post-395013","1":"product","2":"type-product","3":"status-publish","4":"has-post-thumbnail","6":"product_cat-diwali-gifts","7":"product_cat-fathers-day-gifts","8":"product_cat-22ct-gold-jewellery","9":"product_cat-gold-pendants","10":"product_cat-ladies-pendants","11":"product_cat-mens-jewellery","12":"product_cat-mens-pendants","13":"product_cat-religious-pendants","14":"product_cat-yellow-gold-jewellery","16":"first","17":"outofstock","18":"taxable","19":"shipping-taxable","20":"product-type-simple","21":"add-to-wishlist-before_image"},"yoast_head":"<!-- This site is optimized with the Yoast SEO plugin v27.5 - https:\/\/yoast.com\/product\/yoast-seo-wordpress\/ -->\n<title>22ct Gold Trishul and Rudraksha Pendant UK<\/title>\n<meta name=\"description\" content=\"Explore divine symbolism with our 22ct Gold Trishul and Rudraksha Pendant \u2013 a sacred blend of strength and serenity, crafted with devotion at PureJewels UK.\" \/>\n<meta name=\"robots\" content=\"index, follow, max-snippet:-1, max-image-preview:large, max-video-preview:-1\" \/>\n<link rel=\"canonical\" href=\"https:\/\/www.purejewels.com\/de\/produkt-2\/trishul-und-rudraksha-anhanger-aus-22-karat-gold-51109\/\" \/>\n<meta property=\"og:locale\" content=\"de_DE\" \/>\n<meta property=\"og:type\" content=\"article\" \/>\n<meta property=\"og:title\" content=\"22ct Gold Trishul and Rudraksha Pendant UK\" \/>\n<meta property=\"og:description\" content=\"Explore divine symbolism with our 22ct Gold Trishul and Rudraksha Pendant \u2013 a sacred blend of strength and serenity, crafted with devotion at PureJewels UK.\" \/>\n<meta property=\"og:url\" content=\"https:\/\/www.purejewels.com\/de\/produkt-2\/trishul-und-rudraksha-anhanger-aus-22-karat-gold-51109\/\" \/>\n<meta property=\"og:site_name\" content=\"PureJewels UK\" \/>\n<meta property=\"article:modified_time\" content=\"2026-01-06T07:30:21+00:00\" \/>\n<meta property=\"og:image\" content=\"https:\/\/static.purejewels.com\/wp-content\/uploads\/2025\/05\/51109.png\" \/>\n\t<meta property=\"og:image:width\" content=\"1000\" \/>\n\t<meta property=\"og:image:height\" content=\"1000\" \/>\n\t<meta property=\"og:image:type\" content=\"image\/png\" \/>\n<meta name=\"twitter:card\" content=\"summary_large_image\" \/>\n<meta name=\"twitter:label1\" content=\"Gesch\u00e4tzte Lesezeit\" \/>\n\t<meta name=\"twitter:data1\" content=\"1\u00a0Minute\" \/>\n<script type=\"application\/ld+json\" class=\"yoast-schema-graph\">{\"@context\":\"https:\\\/\\\/schema.org\",\"@graph\":[{\"@type\":[\"WebPage\",\"ItemPage\"],\"@id\":\"https:\\\/\\\/www.purejewels.com\\\/product\\\/22ct-gold-trishul-and-rudraksha-pendant-51109\\\/\",\"url\":\"https:\\\/\\\/www.purejewels.com\\\/product\\\/22ct-gold-trishul-and-rudraksha-pendant-51109\\\/\",\"name\":\"22ct Gold Trishul and Rudraksha Pendant UK\",\"isPartOf\":{\"@id\":\"https:\\\/\\\/www.purejewels.com\\\/#website\"},\"primaryImageOfPage\":{\"@id\":\"https:\\\/\\\/www.purejewels.com\\\/product\\\/22ct-gold-trishul-and-rudraksha-pendant-51109\\\/#primaryimage\"},\"image\":{\"@id\":\"https:\\\/\\\/www.purejewels.com\\\/product\\\/22ct-gold-trishul-and-rudraksha-pendant-51109\\\/#primaryimage\"},\"thumbnailUrl\":\"https:\\\/\\\/static.purejewels.com\\\/wp-content\\\/uploads\\\/2025\\\/05\\\/51109.png\",\"datePublished\":\"2025-02-05T13:55:48+00:00\",\"dateModified\":\"2026-01-06T07:30:21+00:00\",\"description\":\"Explore divine symbolism with our 22ct Gold Trishul and Rudraksha Pendant \u2013 a sacred blend of strength and serenity, crafted with devotion at PureJewels UK.\",\"breadcrumb\":{\"@id\":\"https:\\\/\\\/www.purejewels.com\\\/product\\\/22ct-gold-trishul-and-rudraksha-pendant-51109\\\/#breadcrumb\"},\"inLanguage\":\"de\",\"potentialAction\":[{\"@type\":\"ReadAction\",\"target\":[\"https:\\\/\\\/www.purejewels.com\\\/product\\\/22ct-gold-trishul-and-rudraksha-pendant-51109\\\/\"]}]},{\"@type\":\"ImageObject\",\"inLanguage\":\"de\",\"@id\":\"https:\\\/\\\/www.purejewels.com\\\/product\\\/22ct-gold-trishul-and-rudraksha-pendant-51109\\\/#primaryimage\",\"url\":\"https:\\\/\\\/static.purejewels.com\\\/wp-content\\\/uploads\\\/2025\\\/05\\\/51109.png\",\"contentUrl\":\"https:\\\/\\\/static.purejewels.com\\\/wp-content\\\/uploads\\\/2025\\\/05\\\/51109.png\",\"width\":1000,\"height\":1000,\"caption\":\"22ct Gold Trishul and Rudraksha Pendant\"},{\"@type\":\"BreadcrumbList\",\"@id\":\"https:\\\/\\\/www.purejewels.com\\\/product\\\/22ct-gold-trishul-and-rudraksha-pendant-51109\\\/#breadcrumb\",\"itemListElement\":[{\"@type\":\"ListItem\",\"position\":1,\"name\":\"Home\",\"item\":\"https:\\\/\\\/www.purejewels.com\\\/\"},{\"@type\":\"ListItem\",\"position\":2,\"name\":\"Shop\",\"item\":\"https:\\\/\\\/www.purejewels.com\\\/shop\\\/\"},{\"@type\":\"ListItem\",\"position\":3,\"name\":\"22ct Gold Trishul and Rudraksha Pendant\"}]},{\"@type\":\"WebSite\",\"@id\":\"https:\\\/\\\/www.purejewels.com\\\/#website\",\"url\":\"https:\\\/\\\/www.purejewels.com\\\/\",\"name\":\"PureJewels UK\",\"description\":\"Share the Love\",\"publisher\":{\"@id\":\"https:\\\/\\\/www.purejewels.com\\\/#organization\"},\"potentialAction\":[{\"@type\":\"SearchAction\",\"target\":{\"@type\":\"EntryPoint\",\"urlTemplate\":\"https:\\\/\\\/www.purejewels.com\\\/?s={search_term_string}\"},\"query-input\":{\"@type\":\"PropertyValueSpecification\",\"valueRequired\":true,\"valueName\":\"search_term_string\"}}],\"inLanguage\":\"de\"},{\"@type\":\"Organization\",\"@id\":\"https:\\\/\\\/www.purejewels.com\\\/#organization\",\"name\":\"PureJewels UK\",\"url\":\"https:\\\/\\\/www.purejewels.com\\\/\",\"logo\":{\"@type\":\"ImageObject\",\"inLanguage\":\"de\",\"@id\":\"https:\\\/\\\/www.purejewels.com\\\/#\\\/schema\\\/logo\\\/image\\\/\",\"url\":\"https:\\\/\\\/static.purejewels.com\\\/wp-content\\\/uploads\\\/2020\\\/11\\\/Logo-PJ-New-1.png\",\"contentUrl\":\"https:\\\/\\\/static.purejewels.com\\\/wp-content\\\/uploads\\\/2020\\\/11\\\/Logo-PJ-New-1.png\",\"width\":150,\"height\":80,\"caption\":\"PureJewels UK\"},\"image\":{\"@id\":\"https:\\\/\\\/www.purejewels.com\\\/#\\\/schema\\\/logo\\\/image\\\/\"}}]}<\/script>\n<!-- \/ Yoast SEO plugin. -->","yoast_head_json":{"title":"22ct Gold Trishul und Rudraksha Anh\u00e4nger UK","description":"Entdecken Sie die g\u00f6ttliche Symbolik mit unserem 22ct Gold Trishul und Rudraksha Anh\u00e4nger - eine heilige Mischung aus St\u00e4rke und Gelassenheit, mit Hingabe bei PureJewels UK gefertigt.","robots":{"index":"index","follow":"follow","max-snippet":"max-snippet:-1","max-image-preview":"max-image-preview:large","max-video-preview":"max-video-preview:-1"},"canonical":"https:\/\/www.purejewels.com\/de\/produkt-2\/trishul-und-rudraksha-anhanger-aus-22-karat-gold-51109\/","og_locale":"de_DE","og_type":"article","og_title":"22ct Gold Trishul and Rudraksha Pendant UK","og_description":"Explore divine symbolism with our 22ct Gold Trishul and Rudraksha Pendant \u2013 a sacred blend of strength and serenity, crafted with devotion at PureJewels UK.","og_url":"https:\/\/www.purejewels.com\/de\/produkt-2\/trishul-und-rudraksha-anhanger-aus-22-karat-gold-51109\/","og_site_name":"PureJewels UK","article_modified_time":"2026-01-06T07:30:21+00:00","og_image":[{"width":1000,"height":1000,"url":"https:\/\/static.purejewels.com\/wp-content\/uploads\/2025\/05\/51109.png","type":"image\/png"}],"twitter_card":"summary_large_image","twitter_misc":{"Gesch\u00e4tzte Lesezeit":"1\u00a0Minute"},"schema":{"@context":"https:\/\/schema.org","@graph":[{"@type":["WebPage","ItemPage"],"@id":"https:\/\/www.purejewels.com\/product\/22ct-gold-trishul-and-rudraksha-pendant-51109\/","url":"https:\/\/www.purejewels.com\/product\/22ct-gold-trishul-and-rudraksha-pendant-51109\/","name":"22ct Gold Trishul und Rudraksha Anh\u00e4nger UK","isPartOf":{"@id":"https:\/\/www.purejewels.com\/#website"},"primaryImageOfPage":{"@id":"https:\/\/www.purejewels.com\/product\/22ct-gold-trishul-and-rudraksha-pendant-51109\/#primaryimage"},"image":{"@id":"https:\/\/www.purejewels.com\/product\/22ct-gold-trishul-and-rudraksha-pendant-51109\/#primaryimage"},"thumbnailUrl":"https:\/\/static.purejewels.com\/wp-content\/uploads\/2025\/05\/51109.png","datePublished":"2025-02-05T13:55:48+00:00","dateModified":"2026-01-06T07:30:21+00:00","description":"Entdecken Sie die g\u00f6ttliche Symbolik mit unserem 22ct Gold Trishul und Rudraksha Anh\u00e4nger - eine heilige Mischung aus St\u00e4rke und Gelassenheit, mit Hingabe bei PureJewels UK gefertigt.","breadcrumb":{"@id":"https:\/\/www.purejewels.com\/product\/22ct-gold-trishul-and-rudraksha-pendant-51109\/#breadcrumb"},"inLanguage":"de","potentialAction":[{"@type":"ReadAction","target":["https:\/\/www.purejewels.com\/product\/22ct-gold-trishul-and-rudraksha-pendant-51109\/"]}]},{"@type":"ImageObject","inLanguage":"de","@id":"https:\/\/www.purejewels.com\/product\/22ct-gold-trishul-and-rudraksha-pendant-51109\/#primaryimage","url":"https:\/\/static.purejewels.com\/wp-content\/uploads\/2025\/05\/51109.png","contentUrl":"https:\/\/static.purejewels.com\/wp-content\/uploads\/2025\/05\/51109.png","width":1000,"height":1000,"caption":"22ct Gold Trishul and Rudraksha Pendant"},{"@type":"BreadcrumbList","@id":"https:\/\/www.purejewels.com\/product\/22ct-gold-trishul-and-rudraksha-pendant-51109\/#breadcrumb","itemListElement":[{"@type":"ListItem","position":1,"name":"Home","item":"https:\/\/www.purejewels.com\/"},{"@type":"ListItem","position":2,"name":"Shop","item":"https:\/\/www.purejewels.com\/shop\/"},{"@type":"ListItem","position":3,"name":"22ct Gold Trishul and Rudraksha Pendant"}]},{"@type":"WebSite","@id":"https:\/\/www.purejewels.com\/#website","url":"https:\/\/www.purejewels.com\/","name":"PureJewels UK","description":"Teile die Liebe","publisher":{"@id":"https:\/\/www.purejewels.com\/#organization"},"potentialAction":[{"@type":"SearchAction","target":{"@type":"EntryPoint","urlTemplate":"https:\/\/www.purejewels.com\/?s={search_term_string}"},"query-input":{"@type":"PropertyValueSpecification","valueRequired":true,"valueName":"search_term_string"}}],"inLanguage":"de"},{"@type":"Organization","@id":"https:\/\/www.purejewels.com\/#organization","name":"PureJewels UK","url":"https:\/\/www.purejewels.com\/","logo":{"@type":"ImageObject","inLanguage":"de","@id":"https:\/\/www.purejewels.com\/#\/schema\/logo\/image\/","url":"https:\/\/static.purejewels.com\/wp-content\/uploads\/2020\/11\/Logo-PJ-New-1.png","contentUrl":"https:\/\/static.purejewels.com\/wp-content\/uploads\/2020\/11\/Logo-PJ-New-1.png","width":150,"height":80,"caption":"PureJewels UK"},"image":{"@id":"https:\/\/www.purejewels.com\/#\/schema\/logo\/image\/"}}]}},"_links":{"self":[{"href":"https:\/\/www.purejewels.com\/de\/wp-json\/wp\/v2\/product\/395013","targetHints":{"allow":["GET"]}}],"collection":[{"href":"https:\/\/www.purejewels.com\/de\/wp-json\/wp\/v2\/product"}],"about":[{"href":"https:\/\/www.purejewels.com\/de\/wp-json\/wp\/v2\/types\/product"}],"replies":[{"embeddable":true,"href":"https:\/\/www.purejewels.com\/de\/wp-json\/wp\/v2\/comments?post=395013"}],"version-history":[{"count":4,"href":"https:\/\/www.purejewels.com\/de\/wp-json\/wp\/v2\/product\/395013\/revisions"}],"predecessor-version":[{"id":419214,"href":"https:\/\/www.purejewels.com\/de\/wp-json\/wp\/v2\/product\/395013\/revisions\/419214"}],"wp:featuredmedia":[{"embeddable":true,"href":"https:\/\/www.purejewels.com\/de\/wp-json\/wp\/v2\/media\/395020"}],"wp:attachment":[{"href":"https:\/\/www.purejewels.com\/de\/wp-json\/wp\/v2\/media?parent=395013"}],"wp:term":[{"taxonomy":"product_brand","embeddable":true,"href":"https:\/\/www.purejewels.com\/de\/wp-json\/wp\/v2\/product_brand?post=395013"},{"taxonomy":"product_cat","embeddable":true,"href":"https:\/\/www.purejewels.com\/de\/wp-json\/wp\/v2\/product_cat?post=395013"},{"taxonomy":"product_tag","embeddable":true,"href":"https:\/\/www.purejewels.com\/de\/wp-json\/wp\/v2\/product_tag?post=395013"}],"curies":[{"name":"wp","href":"https:\/\/api.w.org\/{rel}","templated":true}]}}