{"id":395123,"date":"2025-02-06T08:13:40","date_gmt":"2025-02-06T08:13:40","guid":{"rendered":"https:\/\/www.purejewels.com\/?post_type=product&#038;p=395123"},"modified":"2026-03-11T06:12:27","modified_gmt":"2026-03-11T06:12:27","slug":"feder-anhanger-aus-22-karat-gold-51022","status":"publish","type":"product","link":"https:\/\/www.purejewels.com\/de\/product\/22ct-gold-feather-pendant-51022\/","title":{"rendered":"22ct Gold Feder-Anh\u00e4nger"},"content":{"rendered":"<p>Erh\u00f6hen Sie Ihren Stil mit diesem exquisiten 22ct Gold Feather Anh\u00e4nger von PureJewels UK. Mit Pr\u00e4zision und Sorgfalt gefertigt, symbolisiert dieser Anh\u00e4nger Leichtigkeit und spirituelles Wachstum, was ihn zu einer sinnvollen Erg\u00e4nzung Ihrer Schmucksammlung macht. Das zeitlose Design des Federanh\u00e4ngers strahlt Eleganz und Anmut aus, perfekt f\u00fcr den t\u00e4glichen Gebrauch oder als durchdachtes Geschenk f\u00fcr einen geliebten Menschen.<\/p>\n<p>Aus hochwertigem 22-kar\u00e4tigem Gold gefertigt und mit einer britischen Punze versehen, ist dieser Anh\u00e4nger ein Symbol f\u00fcr Luxus und Raffinesse. Mit einem Bruttogewicht von 1,67 Gramm ist dieser Anh\u00e4nger leicht und bequem den ganzen Tag zu tragen. Die aufwendigen Details und die handwerkliche Verarbeitung machen ihn zu einem au\u00dfergew\u00f6hnlichen Accessoire, das jedes Outfit erg\u00e4nzt.<\/p>\n<p>Verleihen Sie Ihrem Look einen Hauch von Glamour und machen Sie sich die Symbolik des spirituellen Wachstums zu eigen mit diesem sch\u00f6nen Schmuckst\u00fcck.<\/p>","protected":false},"excerpt":{"rendered":"<p>Dieser Federanh\u00e4nger aus 22-kar\u00e4tigem Gold symbolisiert Leichtigkeit und spirituelles Wachstum und ist ein zeitloser Hauch von Eleganz.<br data-start=\"292\" data-end=\"295\" \/>Anmutig gestaltet f\u00fcr das t\u00e4gliche Tragen oder als sinnvolles Geschenk.<\/p>\n<p><strong>Material:<\/strong>\u00a022ct Gold<strong><br \/>\nWahrzeichen:\u00a0<\/strong>Britisches G\u00fctesiegel<strong><br \/>\n<\/strong><strong>Bruttogewicht: <\/strong>1,67 Gramm<strong><br \/>\nSKU: <\/strong>51022<\/p>\n<p><strong>Preis und Lieferung: <\/strong>Inklusive Mehrwertsteuer und Lieferkosten<strong><br \/>\n<a href=\"https:\/\/www.purejewels.com\/de\/ruckgabepolitik\/\">R\u00fcckgabepolitik<\/a><\/strong><\/p>","protected":false},"featured_media":395124,"comment_status":"closed","ping_status":"closed","template":"","meta":{"_eb_attr":"","_crsspst_to_jayantr4sg-hostcom":true},"product_brand":[],"product_cat":[1559,1793,6190,1770,1229,1255,5343,1767,1570,5338,1574,5349],"product_tag":[],"class_list":{"0":"post-395123","1":"product","2":"type-product","3":"status-publish","4":"has-post-thumbnail","6":"product_cat-birthday-gifts","7":"product_cat-diwali-gifts","8":"product_cat-easter-jewellery","9":"product_cat-fancy-pendants","10":"product_cat-22ct-gold-jewellery","11":"product_cat-gold-pendants","12":"product_cat-jewellery-under-550","13":"product_cat-ladies-pendants","14":"product_cat-mothers-day-gifts","15":"product_cat-shop-by-price","16":"product_cat-womens-jewellery","17":"product_cat-yellow-gold-jewellery","19":"first","20":"instock","21":"taxable","22":"shipping-taxable","23":"purchasable","24":"product-type-simple","25":"add-to-wishlist-before_image"},"yoast_head":"<!-- This site is optimized with the Yoast SEO plugin v27.3 - https:\/\/yoast.com\/product\/yoast-seo-wordpress\/ -->\n<title>Shop online 22ct Gold Feather Pendant from PureJewels UK<\/title>\n<meta name=\"description\" content=\"Shop the 22ct Gold Feather Pendant online at PureJewels UK. Delicately handcrafted in pure gold, this graceful piece symbolises lightness, freedom, and refined elegance.\" \/>\n<meta name=\"robots\" content=\"index, follow, max-snippet:-1, max-image-preview:large, max-video-preview:-1\" \/>\n<link rel=\"canonical\" href=\"https:\/\/www.purejewels.com\/de\/produkt-2\/feder-anhanger-aus-22-karat-gold-51022\/\" \/>\n<meta property=\"og:locale\" content=\"de_DE\" \/>\n<meta property=\"og:type\" content=\"article\" \/>\n<meta property=\"og:title\" content=\"Shop online 22ct Gold Feather Pendant from PureJewels UK\" \/>\n<meta property=\"og:description\" content=\"Shop the 22ct Gold Feather Pendant online at PureJewels UK. Delicately handcrafted in pure gold, this graceful piece symbolises lightness, freedom, and refined elegance.\" \/>\n<meta property=\"og:url\" content=\"https:\/\/www.purejewels.com\/de\/produkt-2\/feder-anhanger-aus-22-karat-gold-51022\/\" \/>\n<meta property=\"og:site_name\" content=\"PureJewels UK\" \/>\n<meta property=\"article:modified_time\" content=\"2026-03-11T06:12:27+00:00\" \/>\n<meta property=\"og:image\" content=\"https:\/\/static.purejewels.com\/wp-content\/uploads\/2025\/05\/51022.png\" \/>\n\t<meta property=\"og:image:width\" content=\"1000\" \/>\n\t<meta property=\"og:image:height\" content=\"1000\" \/>\n\t<meta property=\"og:image:type\" content=\"image\/png\" \/>\n<meta name=\"twitter:card\" content=\"summary_large_image\" \/>\n<meta name=\"twitter:label1\" content=\"Gesch\u00e4tzte Lesezeit\" \/>\n\t<meta name=\"twitter:data1\" content=\"1\u00a0Minute\" \/>\n<script type=\"application\/ld+json\" class=\"yoast-schema-graph\">{\"@context\":\"https:\\\/\\\/schema.org\",\"@graph\":[{\"@type\":[\"WebPage\",\"ItemPage\"],\"@id\":\"https:\\\/\\\/www.purejewels.com\\\/product\\\/22ct-gold-feather-pendant-51022\\\/\",\"url\":\"https:\\\/\\\/www.purejewels.com\\\/product\\\/22ct-gold-feather-pendant-51022\\\/\",\"name\":\"Shop online 22ct Gold Feather Pendant from PureJewels UK\",\"isPartOf\":{\"@id\":\"https:\\\/\\\/www.purejewels.com\\\/#website\"},\"primaryImageOfPage\":{\"@id\":\"https:\\\/\\\/www.purejewels.com\\\/product\\\/22ct-gold-feather-pendant-51022\\\/#primaryimage\"},\"image\":{\"@id\":\"https:\\\/\\\/www.purejewels.com\\\/product\\\/22ct-gold-feather-pendant-51022\\\/#primaryimage\"},\"thumbnailUrl\":\"https:\\\/\\\/static.purejewels.com\\\/wp-content\\\/uploads\\\/2025\\\/05\\\/51022.png\",\"datePublished\":\"2025-02-06T08:13:40+00:00\",\"dateModified\":\"2026-03-11T06:12:27+00:00\",\"description\":\"Shop the 22ct Gold Feather Pendant online at PureJewels UK. Delicately handcrafted in pure gold, this graceful piece symbolises lightness, freedom, and refined elegance.\",\"breadcrumb\":{\"@id\":\"https:\\\/\\\/www.purejewels.com\\\/product\\\/22ct-gold-feather-pendant-51022\\\/#breadcrumb\"},\"inLanguage\":\"de\",\"potentialAction\":[{\"@type\":\"ReadAction\",\"target\":[\"https:\\\/\\\/www.purejewels.com\\\/product\\\/22ct-gold-feather-pendant-51022\\\/\"]}]},{\"@type\":\"ImageObject\",\"inLanguage\":\"de\",\"@id\":\"https:\\\/\\\/www.purejewels.com\\\/product\\\/22ct-gold-feather-pendant-51022\\\/#primaryimage\",\"url\":\"https:\\\/\\\/static.purejewels.com\\\/wp-content\\\/uploads\\\/2025\\\/05\\\/51022.png\",\"contentUrl\":\"https:\\\/\\\/static.purejewels.com\\\/wp-content\\\/uploads\\\/2025\\\/05\\\/51022.png\",\"width\":1000,\"height\":1000,\"caption\":\"22ct Gold Feather Pendant\"},{\"@type\":\"BreadcrumbList\",\"@id\":\"https:\\\/\\\/www.purejewels.com\\\/product\\\/22ct-gold-feather-pendant-51022\\\/#breadcrumb\",\"itemListElement\":[{\"@type\":\"ListItem\",\"position\":1,\"name\":\"Home\",\"item\":\"https:\\\/\\\/www.purejewels.com\\\/\"},{\"@type\":\"ListItem\",\"position\":2,\"name\":\"Shop\",\"item\":\"https:\\\/\\\/www.purejewels.com\\\/shop\\\/\"},{\"@type\":\"ListItem\",\"position\":3,\"name\":\"22ct Gold Feather Pendant\"}]},{\"@type\":\"WebSite\",\"@id\":\"https:\\\/\\\/www.purejewels.com\\\/#website\",\"url\":\"https:\\\/\\\/www.purejewels.com\\\/\",\"name\":\"PureJewels UK\",\"description\":\"Share the Love\",\"publisher\":{\"@id\":\"https:\\\/\\\/www.purejewels.com\\\/#organization\"},\"potentialAction\":[{\"@type\":\"SearchAction\",\"target\":{\"@type\":\"EntryPoint\",\"urlTemplate\":\"https:\\\/\\\/www.purejewels.com\\\/?s={search_term_string}\"},\"query-input\":{\"@type\":\"PropertyValueSpecification\",\"valueRequired\":true,\"valueName\":\"search_term_string\"}}],\"inLanguage\":\"de\"},{\"@type\":\"Organization\",\"@id\":\"https:\\\/\\\/www.purejewels.com\\\/#organization\",\"name\":\"PureJewels UK\",\"url\":\"https:\\\/\\\/www.purejewels.com\\\/\",\"logo\":{\"@type\":\"ImageObject\",\"inLanguage\":\"de\",\"@id\":\"https:\\\/\\\/www.purejewels.com\\\/#\\\/schema\\\/logo\\\/image\\\/\",\"url\":\"https:\\\/\\\/static.purejewels.com\\\/wp-content\\\/uploads\\\/2020\\\/11\\\/Logo-PJ-New-1.png\",\"contentUrl\":\"https:\\\/\\\/static.purejewels.com\\\/wp-content\\\/uploads\\\/2020\\\/11\\\/Logo-PJ-New-1.png\",\"width\":150,\"height\":80,\"caption\":\"PureJewels UK\"},\"image\":{\"@id\":\"https:\\\/\\\/www.purejewels.com\\\/#\\\/schema\\\/logo\\\/image\\\/\"}}]}<\/script>\n<!-- \/ Yoast SEO plugin. -->","yoast_head_json":{"title":"Shop online 22ct Gold Feder-Anh\u00e4nger von PureJewels UK","description":"Kaufen Sie den 22ct Gold Feather Anh\u00e4nger online bei PureJewels UK. Zart handgefertigt in reinem Gold, symbolisiert dieses anmutige St\u00fcck Leichtigkeit, Freiheit und raffinierte Eleganz.","robots":{"index":"index","follow":"follow","max-snippet":"max-snippet:-1","max-image-preview":"max-image-preview:large","max-video-preview":"max-video-preview:-1"},"canonical":"https:\/\/www.purejewels.com\/de\/produkt-2\/feder-anhanger-aus-22-karat-gold-51022\/","og_locale":"de_DE","og_type":"article","og_title":"Shop online 22ct Gold Feather Pendant from PureJewels UK","og_description":"Shop the 22ct Gold Feather Pendant online at PureJewels UK. Delicately handcrafted in pure gold, this graceful piece symbolises lightness, freedom, and refined elegance.","og_url":"https:\/\/www.purejewels.com\/de\/produkt-2\/feder-anhanger-aus-22-karat-gold-51022\/","og_site_name":"PureJewels UK","article_modified_time":"2026-03-11T06:12:27+00:00","og_image":[{"width":1000,"height":1000,"url":"https:\/\/static.purejewels.com\/wp-content\/uploads\/2025\/05\/51022.png","type":"image\/png"}],"twitter_card":"summary_large_image","twitter_misc":{"Gesch\u00e4tzte Lesezeit":"1\u00a0Minute"},"schema":{"@context":"https:\/\/schema.org","@graph":[{"@type":["WebPage","ItemPage"],"@id":"https:\/\/www.purejewels.com\/product\/22ct-gold-feather-pendant-51022\/","url":"https:\/\/www.purejewels.com\/product\/22ct-gold-feather-pendant-51022\/","name":"Shop online 22ct Gold Feder-Anh\u00e4nger von PureJewels UK","isPartOf":{"@id":"https:\/\/www.purejewels.com\/#website"},"primaryImageOfPage":{"@id":"https:\/\/www.purejewels.com\/product\/22ct-gold-feather-pendant-51022\/#primaryimage"},"image":{"@id":"https:\/\/www.purejewels.com\/product\/22ct-gold-feather-pendant-51022\/#primaryimage"},"thumbnailUrl":"https:\/\/static.purejewels.com\/wp-content\/uploads\/2025\/05\/51022.png","datePublished":"2025-02-06T08:13:40+00:00","dateModified":"2026-03-11T06:12:27+00:00","description":"Kaufen Sie den 22ct Gold Feather Anh\u00e4nger online bei PureJewels UK. Zart handgefertigt in reinem Gold, symbolisiert dieses anmutige St\u00fcck Leichtigkeit, Freiheit und raffinierte Eleganz.","breadcrumb":{"@id":"https:\/\/www.purejewels.com\/product\/22ct-gold-feather-pendant-51022\/#breadcrumb"},"inLanguage":"de","potentialAction":[{"@type":"ReadAction","target":["https:\/\/www.purejewels.com\/product\/22ct-gold-feather-pendant-51022\/"]}]},{"@type":"ImageObject","inLanguage":"de","@id":"https:\/\/www.purejewels.com\/product\/22ct-gold-feather-pendant-51022\/#primaryimage","url":"https:\/\/static.purejewels.com\/wp-content\/uploads\/2025\/05\/51022.png","contentUrl":"https:\/\/static.purejewels.com\/wp-content\/uploads\/2025\/05\/51022.png","width":1000,"height":1000,"caption":"22ct Gold Feather Pendant"},{"@type":"BreadcrumbList","@id":"https:\/\/www.purejewels.com\/product\/22ct-gold-feather-pendant-51022\/#breadcrumb","itemListElement":[{"@type":"ListItem","position":1,"name":"Home","item":"https:\/\/www.purejewels.com\/"},{"@type":"ListItem","position":2,"name":"Shop","item":"https:\/\/www.purejewels.com\/shop\/"},{"@type":"ListItem","position":3,"name":"22ct Gold Feather Pendant"}]},{"@type":"WebSite","@id":"https:\/\/www.purejewels.com\/#website","url":"https:\/\/www.purejewels.com\/","name":"PureJewels UK","description":"Teile die Liebe","publisher":{"@id":"https:\/\/www.purejewels.com\/#organization"},"potentialAction":[{"@type":"SearchAction","target":{"@type":"EntryPoint","urlTemplate":"https:\/\/www.purejewels.com\/?s={search_term_string}"},"query-input":{"@type":"PropertyValueSpecification","valueRequired":true,"valueName":"search_term_string"}}],"inLanguage":"de"},{"@type":"Organization","@id":"https:\/\/www.purejewels.com\/#organization","name":"PureJewels UK","url":"https:\/\/www.purejewels.com\/","logo":{"@type":"ImageObject","inLanguage":"de","@id":"https:\/\/www.purejewels.com\/#\/schema\/logo\/image\/","url":"https:\/\/static.purejewels.com\/wp-content\/uploads\/2020\/11\/Logo-PJ-New-1.png","contentUrl":"https:\/\/static.purejewels.com\/wp-content\/uploads\/2020\/11\/Logo-PJ-New-1.png","width":150,"height":80,"caption":"PureJewels UK"},"image":{"@id":"https:\/\/www.purejewels.com\/#\/schema\/logo\/image\/"}}]}},"_links":{"self":[{"href":"https:\/\/www.purejewels.com\/de\/wp-json\/wp\/v2\/product\/395123","targetHints":{"allow":["GET"]}}],"collection":[{"href":"https:\/\/www.purejewels.com\/de\/wp-json\/wp\/v2\/product"}],"about":[{"href":"https:\/\/www.purejewels.com\/de\/wp-json\/wp\/v2\/types\/product"}],"replies":[{"embeddable":true,"href":"https:\/\/www.purejewels.com\/de\/wp-json\/wp\/v2\/comments?post=395123"}],"version-history":[{"count":4,"href":"https:\/\/www.purejewels.com\/de\/wp-json\/wp\/v2\/product\/395123\/revisions"}],"predecessor-version":[{"id":420788,"href":"https:\/\/www.purejewels.com\/de\/wp-json\/wp\/v2\/product\/395123\/revisions\/420788"}],"wp:featuredmedia":[{"embeddable":true,"href":"https:\/\/www.purejewels.com\/de\/wp-json\/wp\/v2\/media\/395124"}],"wp:attachment":[{"href":"https:\/\/www.purejewels.com\/de\/wp-json\/wp\/v2\/media?parent=395123"}],"wp:term":[{"taxonomy":"product_brand","embeddable":true,"href":"https:\/\/www.purejewels.com\/de\/wp-json\/wp\/v2\/product_brand?post=395123"},{"taxonomy":"product_cat","embeddable":true,"href":"https:\/\/www.purejewels.com\/de\/wp-json\/wp\/v2\/product_cat?post=395123"},{"taxonomy":"product_tag","embeddable":true,"href":"https:\/\/www.purejewels.com\/de\/wp-json\/wp\/v2\/product_tag?post=395123"}],"curies":[{"name":"wp","href":"https:\/\/api.w.org\/{rel}","templated":true}]}}