{"id":395160,"date":"2025-02-06T11:37:36","date_gmt":"2025-02-06T11:37:36","guid":{"rendered":"https:\/\/www.purejewels.com\/?post_type=product&#038;p=395160"},"modified":"2026-01-06T07:30:21","modified_gmt":"2026-01-06T07:30:21","slug":"22ct-gold-ganesh-anhanger-51011","status":"publish","type":"product","link":"https:\/\/www.purejewels.com\/de\/product\/22ct-gold-ganesh-pendant-51011\/","title":{"rendered":"Ganesh-Anh\u00e4nger aus 22 Karat Gold"},"content":{"rendered":"<p>Verk\u00f6rpern Sie die g\u00f6ttliche Gnade mit dieser <strong data-start=\"294\" data-end=\"322\">Ganesh-Anh\u00e4nger aus 22 Karat Gold<\/strong>Dieser Anh\u00e4nger wurde in sorgf\u00e4ltiger Handarbeit aus reinem Gold gefertigt. Mit Lord Ganesha, der Gottheit der Weisheit und des Erfolgs, vereint dieser Anh\u00e4nger spirituelle Energie und zeitlose Eleganz. Ideal als <strong data-start=\"500\" data-end=\"526\">religi\u00f6ser Anh\u00e4nger aus Gold<\/strong>, <strong data-start=\"528\" data-end=\"551\">spirituelles Goldgeschenk<\/strong>oder ein wertvolles Andenken, es verleiht jeder Schmucksammlung Bedeutung. Sowohl f\u00fcr M\u00e4nner als auch f\u00fcr Frauen entworfen, ist dieses <strong data-start=\"659\" data-end=\"687\">Ganesh-Anh\u00e4nger aus reinem Gold<\/strong> ist ein wundersch\u00f6nes Symbol des Glaubens, perfekt f\u00fcr den t\u00e4glichen Segen.<\/p>\n<p><b>Bereichs-ID <\/b>JWPNPRCB016TGCS<br \/>\n<b>SKU:<\/b>\u00a051011<\/p>","protected":false},"excerpt":{"rendered":"<p>Dieser Ganesh-Anh\u00e4nger aus 22-kar\u00e4tigem Gold zeichnet sich durch exquisite Handwerkskunst in reinem Gold aus und symbolisiert Weisheit, Wohlstand und Schutz. Eine perfekte Mischung aus Hingabe und Eleganz f\u00fcr das t\u00e4gliche Tragen oder Verschenken.<\/p>\n<p><strong>Material:<\/strong>\u00a022ct Gold<strong><br \/>\nWahrzeichen:\u00a0<\/strong>Britisches G\u00fctesiegel<strong><br \/>\n<\/strong><strong>Bruttogewicht: <\/strong>0,86 Gramm<strong><br \/>\nSKU: <\/strong>51011<\/p>\n<p><strong>Preis und Lieferung:<\/strong>Inklusive Mehrwertsteuer und Lieferkosten<strong><br \/>\n<a href=\"https:\/\/www.purejewels.com\/de\/ruckgabepolitik\/\">R\u00fcckgabepolitik<\/a><\/strong><\/p>","protected":false},"featured_media":395161,"comment_status":"closed","ping_status":"closed","template":"","meta":{"_eb_attr":"","_crsspst_to_jayantr4sg-hostcom":true},"product_brand":[],"product_cat":[5601,1229,1255,5342,1767,1572,1768,5338,1701,5349],"product_tag":[],"class_list":{"0":"post-395160","1":"product","2":"type-product","3":"status-publish","4":"has-post-thumbnail","6":"product_cat-ganesh-pendants","7":"product_cat-22ct-gold-jewellery","8":"product_cat-gold-pendants","9":"product_cat-jewellery-under-250","10":"product_cat-ladies-pendants","11":"product_cat-mens-jewellery","12":"product_cat-mens-pendants","13":"product_cat-shop-by-price","14":"product_cat-religious-pendants","15":"product_cat-yellow-gold-jewellery","17":"first","18":"outofstock","19":"taxable","20":"shipping-taxable","21":"product-type-simple","22":"add-to-wishlist-before_image"},"yoast_head":"<!-- This site is optimized with the Yoast SEO plugin v27.5 - https:\/\/yoast.com\/product\/yoast-seo-wordpress\/ -->\n<title>22ct Gold Ganesh Pendant \u2013 Divine Diwali Jewellery Gift<\/title>\n<meta name=\"description\" content=\"Celebrate Diwali with divine grace. This 22ct Gold Ganesh Pendant blends spiritual elegance and tradition\u2014an auspicious choice for meaningful Diwali gifting.\" \/>\n<meta name=\"robots\" content=\"index, follow, max-snippet:-1, max-image-preview:large, max-video-preview:-1\" \/>\n<link rel=\"canonical\" href=\"https:\/\/www.purejewels.com\/de\/produkt-2\/22ct-gold-ganesh-anhanger-51011\/\" \/>\n<meta property=\"og:locale\" content=\"de_DE\" \/>\n<meta property=\"og:type\" content=\"article\" \/>\n<meta property=\"og:title\" content=\"22ct Gold Ganesh Pendant \u2013 Divine Diwali Jewellery Gift\" \/>\n<meta property=\"og:description\" content=\"Celebrate Diwali with divine grace. This 22ct Gold Ganesh Pendant blends spiritual elegance and tradition\u2014an auspicious choice for meaningful Diwali gifting.\" \/>\n<meta property=\"og:url\" content=\"https:\/\/www.purejewels.com\/de\/produkt-2\/22ct-gold-ganesh-anhanger-51011\/\" \/>\n<meta property=\"og:site_name\" content=\"PureJewels UK\" \/>\n<meta property=\"article:modified_time\" content=\"2026-01-06T07:30:21+00:00\" \/>\n<meta property=\"og:image\" content=\"https:\/\/www.purejewels.com\/wp-content\/uploads\/2025\/05\/51011.png\" \/>\n\t<meta property=\"og:image:width\" content=\"1000\" \/>\n\t<meta property=\"og:image:height\" content=\"1000\" \/>\n\t<meta property=\"og:image:type\" content=\"image\/png\" \/>\n<meta name=\"twitter:card\" content=\"summary_large_image\" \/>\n<script type=\"application\/ld+json\" class=\"yoast-schema-graph\">{\"@context\":\"https:\\\/\\\/schema.org\",\"@graph\":[{\"@type\":[\"WebPage\",\"ItemPage\"],\"@id\":\"https:\\\/\\\/www.purejewels.com\\\/product\\\/22ct-gold-ganesh-pendant-51011\\\/\",\"url\":\"https:\\\/\\\/www.purejewels.com\\\/product\\\/22ct-gold-ganesh-pendant-51011\\\/\",\"name\":\"22ct Gold Ganesh Pendant \u2013 Divine Diwali Jewellery Gift\",\"isPartOf\":{\"@id\":\"https:\\\/\\\/www.purejewels.com\\\/#website\"},\"primaryImageOfPage\":{\"@id\":\"https:\\\/\\\/www.purejewels.com\\\/product\\\/22ct-gold-ganesh-pendant-51011\\\/#primaryimage\"},\"image\":{\"@id\":\"https:\\\/\\\/www.purejewels.com\\\/product\\\/22ct-gold-ganesh-pendant-51011\\\/#primaryimage\"},\"thumbnailUrl\":\"https:\\\/\\\/static.purejewels.com\\\/wp-content\\\/uploads\\\/2025\\\/05\\\/51011.png\",\"datePublished\":\"2025-02-06T11:37:36+00:00\",\"dateModified\":\"2026-01-06T07:30:21+00:00\",\"description\":\"Celebrate Diwali with divine grace. This 22ct Gold Ganesh Pendant blends spiritual elegance and tradition\u2014an auspicious choice for meaningful Diwali gifting.\",\"breadcrumb\":{\"@id\":\"https:\\\/\\\/www.purejewels.com\\\/product\\\/22ct-gold-ganesh-pendant-51011\\\/#breadcrumb\"},\"inLanguage\":\"de\",\"potentialAction\":[{\"@type\":\"ReadAction\",\"target\":[\"https:\\\/\\\/www.purejewels.com\\\/product\\\/22ct-gold-ganesh-pendant-51011\\\/\"]}]},{\"@type\":\"ImageObject\",\"inLanguage\":\"de\",\"@id\":\"https:\\\/\\\/www.purejewels.com\\\/product\\\/22ct-gold-ganesh-pendant-51011\\\/#primaryimage\",\"url\":\"https:\\\/\\\/static.purejewels.com\\\/wp-content\\\/uploads\\\/2025\\\/05\\\/51011.png\",\"contentUrl\":\"https:\\\/\\\/static.purejewels.com\\\/wp-content\\\/uploads\\\/2025\\\/05\\\/51011.png\",\"width\":1000,\"height\":1000,\"caption\":\"22ct Gold Ganesh Pendant\"},{\"@type\":\"BreadcrumbList\",\"@id\":\"https:\\\/\\\/www.purejewels.com\\\/product\\\/22ct-gold-ganesh-pendant-51011\\\/#breadcrumb\",\"itemListElement\":[{\"@type\":\"ListItem\",\"position\":1,\"name\":\"Home\",\"item\":\"https:\\\/\\\/www.purejewels.com\\\/\"},{\"@type\":\"ListItem\",\"position\":2,\"name\":\"Shop\",\"item\":\"https:\\\/\\\/www.purejewels.com\\\/shop\\\/\"},{\"@type\":\"ListItem\",\"position\":3,\"name\":\"22ct Gold Ganesh Pendant\"}]},{\"@type\":\"WebSite\",\"@id\":\"https:\\\/\\\/www.purejewels.com\\\/#website\",\"url\":\"https:\\\/\\\/www.purejewels.com\\\/\",\"name\":\"PureJewels UK\",\"description\":\"Share the Love\",\"publisher\":{\"@id\":\"https:\\\/\\\/www.purejewels.com\\\/#organization\"},\"potentialAction\":[{\"@type\":\"SearchAction\",\"target\":{\"@type\":\"EntryPoint\",\"urlTemplate\":\"https:\\\/\\\/www.purejewels.com\\\/?s={search_term_string}\"},\"query-input\":{\"@type\":\"PropertyValueSpecification\",\"valueRequired\":true,\"valueName\":\"search_term_string\"}}],\"inLanguage\":\"de\"},{\"@type\":\"Organization\",\"@id\":\"https:\\\/\\\/www.purejewels.com\\\/#organization\",\"name\":\"PureJewels UK\",\"url\":\"https:\\\/\\\/www.purejewels.com\\\/\",\"logo\":{\"@type\":\"ImageObject\",\"inLanguage\":\"de\",\"@id\":\"https:\\\/\\\/www.purejewels.com\\\/#\\\/schema\\\/logo\\\/image\\\/\",\"url\":\"https:\\\/\\\/static.purejewels.com\\\/wp-content\\\/uploads\\\/2020\\\/11\\\/Logo-PJ-New-1.png\",\"contentUrl\":\"https:\\\/\\\/static.purejewels.com\\\/wp-content\\\/uploads\\\/2020\\\/11\\\/Logo-PJ-New-1.png\",\"width\":150,\"height\":80,\"caption\":\"PureJewels UK\"},\"image\":{\"@id\":\"https:\\\/\\\/www.purejewels.com\\\/#\\\/schema\\\/logo\\\/image\\\/\"}}]}<\/script>\n<!-- \/ Yoast SEO plugin. -->","yoast_head_json":{"title":"22ct Gold Ganesh Anh\u00e4nger - Divine Diwali Schmuck Geschenk","description":"Feiern Sie Diwali mit g\u00f6ttlicher Anmut. Dieser Ganesh-Anh\u00e4nger aus 22 Karat Gold vereint spirituelle Eleganz und Tradition - eine vielversprechende Wahl f\u00fcr ein sinnvolles Diwali-Geschenk.","robots":{"index":"index","follow":"follow","max-snippet":"max-snippet:-1","max-image-preview":"max-image-preview:large","max-video-preview":"max-video-preview:-1"},"canonical":"https:\/\/www.purejewels.com\/de\/produkt-2\/22ct-gold-ganesh-anhanger-51011\/","og_locale":"de_DE","og_type":"article","og_title":"22ct Gold Ganesh Pendant \u2013 Divine Diwali Jewellery Gift","og_description":"Celebrate Diwali with divine grace. This 22ct Gold Ganesh Pendant blends spiritual elegance and tradition\u2014an auspicious choice for meaningful Diwali gifting.","og_url":"https:\/\/www.purejewels.com\/de\/produkt-2\/22ct-gold-ganesh-anhanger-51011\/","og_site_name":"PureJewels UK","article_modified_time":"2026-01-06T07:30:21+00:00","og_image":[{"width":1000,"height":1000,"url":"https:\/\/www.purejewels.com\/wp-content\/uploads\/2025\/05\/51011.png","type":"image\/png"}],"twitter_card":"summary_large_image","schema":{"@context":"https:\/\/schema.org","@graph":[{"@type":["WebPage","ItemPage"],"@id":"https:\/\/www.purejewels.com\/product\/22ct-gold-ganesh-pendant-51011\/","url":"https:\/\/www.purejewels.com\/product\/22ct-gold-ganesh-pendant-51011\/","name":"22ct Gold Ganesh Anh\u00e4nger - Divine Diwali Schmuck Geschenk","isPartOf":{"@id":"https:\/\/www.purejewels.com\/#website"},"primaryImageOfPage":{"@id":"https:\/\/www.purejewels.com\/product\/22ct-gold-ganesh-pendant-51011\/#primaryimage"},"image":{"@id":"https:\/\/www.purejewels.com\/product\/22ct-gold-ganesh-pendant-51011\/#primaryimage"},"thumbnailUrl":"https:\/\/static.purejewels.com\/wp-content\/uploads\/2025\/05\/51011.png","datePublished":"2025-02-06T11:37:36+00:00","dateModified":"2026-01-06T07:30:21+00:00","description":"Feiern Sie Diwali mit g\u00f6ttlicher Anmut. Dieser Ganesh-Anh\u00e4nger aus 22 Karat Gold vereint spirituelle Eleganz und Tradition - eine vielversprechende Wahl f\u00fcr ein sinnvolles Diwali-Geschenk.","breadcrumb":{"@id":"https:\/\/www.purejewels.com\/product\/22ct-gold-ganesh-pendant-51011\/#breadcrumb"},"inLanguage":"de","potentialAction":[{"@type":"ReadAction","target":["https:\/\/www.purejewels.com\/product\/22ct-gold-ganesh-pendant-51011\/"]}]},{"@type":"ImageObject","inLanguage":"de","@id":"https:\/\/www.purejewels.com\/product\/22ct-gold-ganesh-pendant-51011\/#primaryimage","url":"https:\/\/static.purejewels.com\/wp-content\/uploads\/2025\/05\/51011.png","contentUrl":"https:\/\/static.purejewels.com\/wp-content\/uploads\/2025\/05\/51011.png","width":1000,"height":1000,"caption":"22ct Gold Ganesh Pendant"},{"@type":"BreadcrumbList","@id":"https:\/\/www.purejewels.com\/product\/22ct-gold-ganesh-pendant-51011\/#breadcrumb","itemListElement":[{"@type":"ListItem","position":1,"name":"Home","item":"https:\/\/www.purejewels.com\/"},{"@type":"ListItem","position":2,"name":"Shop","item":"https:\/\/www.purejewels.com\/shop\/"},{"@type":"ListItem","position":3,"name":"22ct Gold Ganesh Pendant"}]},{"@type":"WebSite","@id":"https:\/\/www.purejewels.com\/#website","url":"https:\/\/www.purejewels.com\/","name":"PureJewels UK","description":"Teile die Liebe","publisher":{"@id":"https:\/\/www.purejewels.com\/#organization"},"potentialAction":[{"@type":"SearchAction","target":{"@type":"EntryPoint","urlTemplate":"https:\/\/www.purejewels.com\/?s={search_term_string}"},"query-input":{"@type":"PropertyValueSpecification","valueRequired":true,"valueName":"search_term_string"}}],"inLanguage":"de"},{"@type":"Organization","@id":"https:\/\/www.purejewels.com\/#organization","name":"PureJewels UK","url":"https:\/\/www.purejewels.com\/","logo":{"@type":"ImageObject","inLanguage":"de","@id":"https:\/\/www.purejewels.com\/#\/schema\/logo\/image\/","url":"https:\/\/static.purejewels.com\/wp-content\/uploads\/2020\/11\/Logo-PJ-New-1.png","contentUrl":"https:\/\/static.purejewels.com\/wp-content\/uploads\/2020\/11\/Logo-PJ-New-1.png","width":150,"height":80,"caption":"PureJewels UK"},"image":{"@id":"https:\/\/www.purejewels.com\/#\/schema\/logo\/image\/"}}]}},"_links":{"self":[{"href":"https:\/\/www.purejewels.com\/de\/wp-json\/wp\/v2\/product\/395160","targetHints":{"allow":["GET"]}}],"collection":[{"href":"https:\/\/www.purejewels.com\/de\/wp-json\/wp\/v2\/product"}],"about":[{"href":"https:\/\/www.purejewels.com\/de\/wp-json\/wp\/v2\/types\/product"}],"replies":[{"embeddable":true,"href":"https:\/\/www.purejewels.com\/de\/wp-json\/wp\/v2\/comments?post=395160"}],"version-history":[{"count":3,"href":"https:\/\/www.purejewels.com\/de\/wp-json\/wp\/v2\/product\/395160\/revisions"}],"predecessor-version":[{"id":395281,"href":"https:\/\/www.purejewels.com\/de\/wp-json\/wp\/v2\/product\/395160\/revisions\/395281"}],"wp:featuredmedia":[{"embeddable":true,"href":"https:\/\/www.purejewels.com\/de\/wp-json\/wp\/v2\/media\/395161"}],"wp:attachment":[{"href":"https:\/\/www.purejewels.com\/de\/wp-json\/wp\/v2\/media?parent=395160"}],"wp:term":[{"taxonomy":"product_brand","embeddable":true,"href":"https:\/\/www.purejewels.com\/de\/wp-json\/wp\/v2\/product_brand?post=395160"},{"taxonomy":"product_cat","embeddable":true,"href":"https:\/\/www.purejewels.com\/de\/wp-json\/wp\/v2\/product_cat?post=395160"},{"taxonomy":"product_tag","embeddable":true,"href":"https:\/\/www.purejewels.com\/de\/wp-json\/wp\/v2\/product_tag?post=395160"}],"curies":[{"name":"wp","href":"https:\/\/api.w.org\/{rel}","templated":true}]}}