{"id":395271,"date":"2025-04-07T07:58:40","date_gmt":"2025-04-07T06:58:40","guid":{"rendered":"https:\/\/www.purejewels.com\/?post_type=product&#038;p=395271"},"modified":"2026-04-27T06:34:50","modified_gmt":"2026-04-27T05:34:50","slug":"22ct-gold-radha-krishna-anhanger-51003","status":"publish","type":"product","link":"https:\/\/www.purejewels.com\/de\/product\/22ct-gold-radha-krishna-pendant-51003\/","title":{"rendered":"22ct Gold Radha Krishna Anh\u00e4nger"},"content":{"rendered":"<p>Feiern Sie g\u00f6ttliche Liebe und ewige Hingabe mit diesem exquisiten <strong data-start=\"118\" data-end=\"148\" data-is-only-node=\"\">Radha Krishna Gold-Anh\u00e4nger<\/strong> hergestellt in <strong data-start=\"160\" data-end=\"178\">22ct reines Gold<\/strong>. Aufwendig gestaltet mit lebendigen <strong data-start=\"214\" data-end=\"229\">Emaillearbeiten<\/strong>diese <strong data-start=\"236\" data-end=\"257\">spiritueller Schmuck<\/strong> Dieses St\u00fcck verk\u00f6rpert sakrale Eleganz und traditionellen Charme. Ideal f\u00fcr festliche Kleidung oder zum Verschenken, dieses <strong data-start=\"352\" data-end=\"381\">Radha Krishna Medaillon aus Gold<\/strong> spiegelt zeitlose Kunstfertigkeit wider. Erh\u00f6hen Sie Ihren spirituellen Stil mit diesem handgefertigten <strong data-start=\"461\" data-end=\"488\">Religi\u00f6ser Hindu-Anh\u00e4nger<\/strong>, eine perfekte Mischung aus <strong data-start=\"509\" data-end=\"528\">Indisches Erbe<\/strong> und feine Handwerkskunst.<\/p>\n<p><b>Bereichs-ID <\/b>JWPNPRCB009OTCS<br \/>\n<b>SKU:<\/b> 51003, 53048, 53541<\/p>","protected":false},"excerpt":{"rendered":"<p>Ein g\u00f6ttlicher Radha-Krishna-Anh\u00e4nger aus 22-kar\u00e4tigem Gold, verziert mit aufw\u00e4ndiger Emaillearbeit. Ein perfektes Symbol f\u00fcr Liebe, Hingabe und traditionelle Eleganz.<\/p>\n<p><strong>Material:<\/strong>\u00a022ct Gold<strong><br \/>\nWahrzeichen:\u00a0<\/strong>Britisches G\u00fctesiegel<strong><br \/>\n<\/strong><strong>Bruttogewicht: <\/strong>2,40 Gramm<strong><br \/>\nSKU: <\/strong>51003, 53048, 53541<\/p>\n<p><strong>Preis und Lieferung: <\/strong>Der Kettenpreis ist nicht inbegriffen, inklusive Mehrwertsteuer und Versandkosten.<strong><br \/>\n<a href=\"https:\/\/www.purejewels.com\/de\/ruckgabepolitik\/\">R\u00fcckgabepolitik<\/a><\/strong><\/p>","protected":false},"featured_media":407168,"comment_status":"closed","ping_status":"closed","template":"","meta":{"_eb_attr":"","_crsspst_to_jayantr4sg-hostcom":true},"product_brand":[],"product_cat":[1229,1255,5344,1767,1572,1768,5338,1701,1573,5349],"product_tag":[],"class_list":{"0":"post-395271","1":"product","2":"type-product","3":"status-publish","4":"has-post-thumbnail","6":"product_cat-22ct-gold-jewellery","7":"product_cat-gold-pendants","8":"product_cat-jewellery-under-750","9":"product_cat-ladies-pendants","10":"product_cat-mens-jewellery","11":"product_cat-mens-pendants","12":"product_cat-shop-by-price","13":"product_cat-religious-pendants","14":"product_cat-wedding-gifts","15":"product_cat-yellow-gold-jewellery","17":"first","18":"instock","19":"taxable","20":"shipping-taxable","21":"purchasable","22":"product-type-simple","23":"add-to-wishlist-before_image"},"yoast_head":"<!-- This site is optimized with the Yoast SEO plugin v27.5 - https:\/\/yoast.com\/product\/yoast-seo-wordpress\/ -->\n<title>22ct Gold Radha Krishna Pendant | Gold Pendant UK<\/title>\n<meta name=\"description\" content=\"Embrace devotion and beauty with a 22ct Gold Radha Krishna Pendant from PureJewels\u2014crafted with care and steeped in sacred tradition.\" \/>\n<meta name=\"robots\" content=\"index, follow, max-snippet:-1, max-image-preview:large, max-video-preview:-1\" \/>\n<link rel=\"canonical\" href=\"https:\/\/www.purejewels.com\/de\/produkt-2\/22ct-gold-radha-krishna-anhanger-51003\/\" \/>\n<meta property=\"og:locale\" content=\"de_DE\" \/>\n<meta property=\"og:type\" content=\"article\" \/>\n<meta property=\"og:title\" content=\"22ct Gold Radha Krishna Pendant | Gold Pendant UK\" \/>\n<meta property=\"og:description\" content=\"Embrace devotion and beauty with a 22ct Gold Radha Krishna Pendant from PureJewels\u2014crafted with care and steeped in sacred tradition.\" \/>\n<meta property=\"og:url\" content=\"https:\/\/www.purejewels.com\/de\/produkt-2\/22ct-gold-radha-krishna-anhanger-51003\/\" \/>\n<meta property=\"og:site_name\" content=\"PureJewels UK\" \/>\n<meta property=\"article:modified_time\" content=\"2026-04-27T05:34:50+00:00\" \/>\n<meta property=\"og:image\" content=\"https:\/\/static.purejewels.com\/wp-content\/uploads\/2025\/04\/SKU-51003-2.jpg\" \/>\n\t<meta property=\"og:image:width\" content=\"1000\" \/>\n\t<meta property=\"og:image:height\" content=\"1000\" \/>\n\t<meta property=\"og:image:type\" content=\"image\/jpeg\" \/>\n<meta name=\"twitter:card\" content=\"summary_large_image\" \/>\n<meta name=\"twitter:label1\" content=\"Gesch\u00e4tzte Lesezeit\" \/>\n\t<meta name=\"twitter:data1\" content=\"1\u00a0Minute\" \/>\n<script type=\"application\/ld+json\" class=\"yoast-schema-graph\">{\"@context\":\"https:\\\/\\\/schema.org\",\"@graph\":[{\"@type\":[\"WebPage\",\"ItemPage\"],\"@id\":\"https:\\\/\\\/www.purejewels.com\\\/product\\\/22ct-gold-radha-krishna-pendant-51003\\\/\",\"url\":\"https:\\\/\\\/www.purejewels.com\\\/product\\\/22ct-gold-radha-krishna-pendant-51003\\\/\",\"name\":\"22ct Gold Radha Krishna Pendant | Gold Pendant UK\",\"isPartOf\":{\"@id\":\"https:\\\/\\\/www.purejewels.com\\\/#website\"},\"primaryImageOfPage\":{\"@id\":\"https:\\\/\\\/www.purejewels.com\\\/product\\\/22ct-gold-radha-krishna-pendant-51003\\\/#primaryimage\"},\"image\":{\"@id\":\"https:\\\/\\\/www.purejewels.com\\\/product\\\/22ct-gold-radha-krishna-pendant-51003\\\/#primaryimage\"},\"thumbnailUrl\":\"https:\\\/\\\/static.purejewels.com\\\/wp-content\\\/uploads\\\/2025\\\/04\\\/SKU-51003-2.jpg\",\"datePublished\":\"2025-04-07T06:58:40+00:00\",\"dateModified\":\"2026-04-27T05:34:50+00:00\",\"description\":\"Embrace devotion and beauty with a 22ct Gold Radha Krishna Pendant from PureJewels\u2014crafted with care and steeped in sacred tradition.\",\"breadcrumb\":{\"@id\":\"https:\\\/\\\/www.purejewels.com\\\/product\\\/22ct-gold-radha-krishna-pendant-51003\\\/#breadcrumb\"},\"inLanguage\":\"de\",\"potentialAction\":[{\"@type\":\"ReadAction\",\"target\":[\"https:\\\/\\\/www.purejewels.com\\\/product\\\/22ct-gold-radha-krishna-pendant-51003\\\/\"]}]},{\"@type\":\"ImageObject\",\"inLanguage\":\"de\",\"@id\":\"https:\\\/\\\/www.purejewels.com\\\/product\\\/22ct-gold-radha-krishna-pendant-51003\\\/#primaryimage\",\"url\":\"https:\\\/\\\/static.purejewels.com\\\/wp-content\\\/uploads\\\/2025\\\/04\\\/SKU-51003-2.jpg\",\"contentUrl\":\"https:\\\/\\\/static.purejewels.com\\\/wp-content\\\/uploads\\\/2025\\\/04\\\/SKU-51003-2.jpg\",\"width\":1000,\"height\":1000,\"caption\":\"22ct Gold Radha Krishna Pendant\"},{\"@type\":\"BreadcrumbList\",\"@id\":\"https:\\\/\\\/www.purejewels.com\\\/product\\\/22ct-gold-radha-krishna-pendant-51003\\\/#breadcrumb\",\"itemListElement\":[{\"@type\":\"ListItem\",\"position\":1,\"name\":\"Home\",\"item\":\"https:\\\/\\\/www.purejewels.com\\\/\"},{\"@type\":\"ListItem\",\"position\":2,\"name\":\"Shop\",\"item\":\"https:\\\/\\\/www.purejewels.com\\\/shop\\\/\"},{\"@type\":\"ListItem\",\"position\":3,\"name\":\"22ct Gold Radha Krishna Pendant\"}]},{\"@type\":\"WebSite\",\"@id\":\"https:\\\/\\\/www.purejewels.com\\\/#website\",\"url\":\"https:\\\/\\\/www.purejewels.com\\\/\",\"name\":\"PureJewels UK\",\"description\":\"Share the Love\",\"publisher\":{\"@id\":\"https:\\\/\\\/www.purejewels.com\\\/#organization\"},\"potentialAction\":[{\"@type\":\"SearchAction\",\"target\":{\"@type\":\"EntryPoint\",\"urlTemplate\":\"https:\\\/\\\/www.purejewels.com\\\/?s={search_term_string}\"},\"query-input\":{\"@type\":\"PropertyValueSpecification\",\"valueRequired\":true,\"valueName\":\"search_term_string\"}}],\"inLanguage\":\"de\"},{\"@type\":\"Organization\",\"@id\":\"https:\\\/\\\/www.purejewels.com\\\/#organization\",\"name\":\"PureJewels UK\",\"url\":\"https:\\\/\\\/www.purejewels.com\\\/\",\"logo\":{\"@type\":\"ImageObject\",\"inLanguage\":\"de\",\"@id\":\"https:\\\/\\\/www.purejewels.com\\\/#\\\/schema\\\/logo\\\/image\\\/\",\"url\":\"https:\\\/\\\/static.purejewels.com\\\/wp-content\\\/uploads\\\/2020\\\/11\\\/Logo-PJ-New-1.png\",\"contentUrl\":\"https:\\\/\\\/static.purejewels.com\\\/wp-content\\\/uploads\\\/2020\\\/11\\\/Logo-PJ-New-1.png\",\"width\":150,\"height\":80,\"caption\":\"PureJewels UK\"},\"image\":{\"@id\":\"https:\\\/\\\/www.purejewels.com\\\/#\\\/schema\\\/logo\\\/image\\\/\"}}]}<\/script>\n<!-- \/ Yoast SEO plugin. -->","yoast_head_json":{"title":"22ct Gold Radha Krishna Anh\u00e4nger | Gold Anh\u00e4nger UK","description":"Umarmen Sie Hingabe und Sch\u00f6nheit mit einem 22ct Gold Radha Krishna Anh\u00e4nger von PureJewels-gefertigt mit Sorgfalt und durchdrungen von heiliger Tradition.","robots":{"index":"index","follow":"follow","max-snippet":"max-snippet:-1","max-image-preview":"max-image-preview:large","max-video-preview":"max-video-preview:-1"},"canonical":"https:\/\/www.purejewels.com\/de\/produkt-2\/22ct-gold-radha-krishna-anhanger-51003\/","og_locale":"de_DE","og_type":"article","og_title":"22ct Gold Radha Krishna Pendant | Gold Pendant UK","og_description":"Embrace devotion and beauty with a 22ct Gold Radha Krishna Pendant from PureJewels\u2014crafted with care and steeped in sacred tradition.","og_url":"https:\/\/www.purejewels.com\/de\/produkt-2\/22ct-gold-radha-krishna-anhanger-51003\/","og_site_name":"PureJewels UK","article_modified_time":"2026-04-27T05:34:50+00:00","og_image":[{"width":1000,"height":1000,"url":"https:\/\/static.purejewels.com\/wp-content\/uploads\/2025\/04\/SKU-51003-2.jpg","type":"image\/jpeg"}],"twitter_card":"summary_large_image","twitter_misc":{"Gesch\u00e4tzte Lesezeit":"1\u00a0Minute"},"schema":{"@context":"https:\/\/schema.org","@graph":[{"@type":["WebPage","ItemPage"],"@id":"https:\/\/www.purejewels.com\/product\/22ct-gold-radha-krishna-pendant-51003\/","url":"https:\/\/www.purejewels.com\/product\/22ct-gold-radha-krishna-pendant-51003\/","name":"22ct Gold Radha Krishna Anh\u00e4nger | Gold Anh\u00e4nger UK","isPartOf":{"@id":"https:\/\/www.purejewels.com\/#website"},"primaryImageOfPage":{"@id":"https:\/\/www.purejewels.com\/product\/22ct-gold-radha-krishna-pendant-51003\/#primaryimage"},"image":{"@id":"https:\/\/www.purejewels.com\/product\/22ct-gold-radha-krishna-pendant-51003\/#primaryimage"},"thumbnailUrl":"https:\/\/static.purejewels.com\/wp-content\/uploads\/2025\/04\/SKU-51003-2.jpg","datePublished":"2025-04-07T06:58:40+00:00","dateModified":"2026-04-27T05:34:50+00:00","description":"Umarmen Sie Hingabe und Sch\u00f6nheit mit einem 22ct Gold Radha Krishna Anh\u00e4nger von PureJewels-gefertigt mit Sorgfalt und durchdrungen von heiliger Tradition.","breadcrumb":{"@id":"https:\/\/www.purejewels.com\/product\/22ct-gold-radha-krishna-pendant-51003\/#breadcrumb"},"inLanguage":"de","potentialAction":[{"@type":"ReadAction","target":["https:\/\/www.purejewels.com\/product\/22ct-gold-radha-krishna-pendant-51003\/"]}]},{"@type":"ImageObject","inLanguage":"de","@id":"https:\/\/www.purejewels.com\/product\/22ct-gold-radha-krishna-pendant-51003\/#primaryimage","url":"https:\/\/static.purejewels.com\/wp-content\/uploads\/2025\/04\/SKU-51003-2.jpg","contentUrl":"https:\/\/static.purejewels.com\/wp-content\/uploads\/2025\/04\/SKU-51003-2.jpg","width":1000,"height":1000,"caption":"22ct Gold Radha Krishna Pendant"},{"@type":"BreadcrumbList","@id":"https:\/\/www.purejewels.com\/product\/22ct-gold-radha-krishna-pendant-51003\/#breadcrumb","itemListElement":[{"@type":"ListItem","position":1,"name":"Home","item":"https:\/\/www.purejewels.com\/"},{"@type":"ListItem","position":2,"name":"Shop","item":"https:\/\/www.purejewels.com\/shop\/"},{"@type":"ListItem","position":3,"name":"22ct Gold Radha Krishna Pendant"}]},{"@type":"WebSite","@id":"https:\/\/www.purejewels.com\/#website","url":"https:\/\/www.purejewels.com\/","name":"PureJewels UK","description":"Teile die Liebe","publisher":{"@id":"https:\/\/www.purejewels.com\/#organization"},"potentialAction":[{"@type":"SearchAction","target":{"@type":"EntryPoint","urlTemplate":"https:\/\/www.purejewels.com\/?s={search_term_string}"},"query-input":{"@type":"PropertyValueSpecification","valueRequired":true,"valueName":"search_term_string"}}],"inLanguage":"de"},{"@type":"Organization","@id":"https:\/\/www.purejewels.com\/#organization","name":"PureJewels UK","url":"https:\/\/www.purejewels.com\/","logo":{"@type":"ImageObject","inLanguage":"de","@id":"https:\/\/www.purejewels.com\/#\/schema\/logo\/image\/","url":"https:\/\/static.purejewels.com\/wp-content\/uploads\/2020\/11\/Logo-PJ-New-1.png","contentUrl":"https:\/\/static.purejewels.com\/wp-content\/uploads\/2020\/11\/Logo-PJ-New-1.png","width":150,"height":80,"caption":"PureJewels UK"},"image":{"@id":"https:\/\/www.purejewels.com\/#\/schema\/logo\/image\/"}}]}},"_links":{"self":[{"href":"https:\/\/www.purejewels.com\/de\/wp-json\/wp\/v2\/product\/395271","targetHints":{"allow":["GET"]}}],"collection":[{"href":"https:\/\/www.purejewels.com\/de\/wp-json\/wp\/v2\/product"}],"about":[{"href":"https:\/\/www.purejewels.com\/de\/wp-json\/wp\/v2\/types\/product"}],"replies":[{"embeddable":true,"href":"https:\/\/www.purejewels.com\/de\/wp-json\/wp\/v2\/comments?post=395271"}],"version-history":[{"count":4,"href":"https:\/\/www.purejewels.com\/de\/wp-json\/wp\/v2\/product\/395271\/revisions"}],"predecessor-version":[{"id":427040,"href":"https:\/\/www.purejewels.com\/de\/wp-json\/wp\/v2\/product\/395271\/revisions\/427040"}],"wp:featuredmedia":[{"embeddable":true,"href":"https:\/\/www.purejewels.com\/de\/wp-json\/wp\/v2\/media\/407168"}],"wp:attachment":[{"href":"https:\/\/www.purejewels.com\/de\/wp-json\/wp\/v2\/media?parent=395271"}],"wp:term":[{"taxonomy":"product_brand","embeddable":true,"href":"https:\/\/www.purejewels.com\/de\/wp-json\/wp\/v2\/product_brand?post=395271"},{"taxonomy":"product_cat","embeddable":true,"href":"https:\/\/www.purejewels.com\/de\/wp-json\/wp\/v2\/product_cat?post=395271"},{"taxonomy":"product_tag","embeddable":true,"href":"https:\/\/www.purejewels.com\/de\/wp-json\/wp\/v2\/product_tag?post=395271"}],"curies":[{"name":"wp","href":"https:\/\/api.w.org\/{rel}","templated":true}]}}