{"id":395275,"date":"2025-08-30T08:23:50","date_gmt":"2025-08-30T07:23:50","guid":{"rendered":"https:\/\/www.purejewels.com\/?post_type=product&#038;p=395275"},"modified":"2026-01-29T07:47:58","modified_gmt":"2026-01-29T07:47:58","slug":"ganpati-anhanger-aus-22-karat-gold-51002","status":"publish","type":"product","link":"https:\/\/www.purejewels.com\/de\/product\/22ct-gold-ganpati-pendant-51002\/","title":{"rendered":"22ct Gold Ganpati-Anh\u00e4nger"},"content":{"rendered":"<p>Bitten Sie um Segen und g\u00f6ttlichen Schutz mit unserem Ganesh-Anh\u00e4nger aus 22 Karat Gold, einem heiligen Symbol f\u00fcr Weisheit, Wohlstand und Neuanf\u00e4nge. Dieser aufwendig gearbeitete Anh\u00e4nger aus reinem 22-kar\u00e4tigem Gelbgold zeigt Lord Ganesha in einer strahlenden Form und eignet sich perfekt f\u00fcr die t\u00e4gliche Andacht oder festliche Anl\u00e4sse. Seine spirituelle Bedeutung und zeitlose Handwerkskunst machen ihn zu einem idealen Geschenk f\u00fcr besondere Anl\u00e4sse oder pers\u00f6nliche Meilensteine. Das leichte und vielseitige Schmuckst\u00fcck l\u00e4sst sich wunderbar mit Goldketten jeder L\u00e4nge kombinieren. Ob am Herzen getragen oder mit Liebe verschenkt, dieser Ganesh-Anh\u00e4nger verk\u00f6rpert Glauben, Tradition und Anmut in jedem Detail<\/p>\n<p><b>Bereichs-ID <\/b>JWPNPRCB008TGCS<br \/>\n<b>SKU:<\/b>\u00a051002<\/p>","protected":false},"excerpt":{"rendered":"<p>Eleganter Ganesh-Anh\u00e4nger aus 22 Karat Gold, der Weisheit, Wohlstand und g\u00f6ttliche Segnungen symbolisiert.<br \/>\nIdeal f\u00fcr die t\u00e4gliche Andacht, zum Verschenken oder um Ihrer Schmucksammlung einen sakralen Touch zu verleihen.<\/p>\n<p><strong>Material:<\/strong>\u00a022ct Gold<strong><br \/>\nWahrzeichen:\u00a0<\/strong>Britisches G\u00fctesiegel<strong><br \/>\n<\/strong><strong>Bruttogewicht: <\/strong>2,62 Gramm<strong><br \/>\nSKU: <\/strong>51002<\/p>\n<p><strong>Preis und Lieferung: <\/strong>Der Kettenpreis ist nicht inbegriffen, inklusive Mehrwertsteuer und Versandkosten.<strong><br \/>\n<a href=\"https:\/\/www.purejewels.com\/de\/ruckgabepolitik\/\">R\u00fcckgabepolitik<\/a><\/strong><\/p>","protected":false},"featured_media":407162,"comment_status":"closed","ping_status":"closed","template":"","meta":{"_eb_attr":"","_crsspst_to_jayantr4sg-hostcom":true},"product_brand":[],"product_cat":[1793,1571,5601,1229,1255,5343,1767,1572,1768,5338,1701,5349],"product_tag":[],"class_list":{"0":"post-395275","1":"product","2":"type-product","3":"status-publish","4":"has-post-thumbnail","6":"product_cat-diwali-gifts","7":"product_cat-fathers-day-gifts","8":"product_cat-ganesh-pendants","9":"product_cat-22ct-gold-jewellery","10":"product_cat-gold-pendants","11":"product_cat-jewellery-under-550","12":"product_cat-ladies-pendants","13":"product_cat-mens-jewellery","14":"product_cat-mens-pendants","15":"product_cat-shop-by-price","16":"product_cat-religious-pendants","17":"product_cat-yellow-gold-jewellery","19":"first","20":"instock","21":"taxable","22":"shipping-taxable","23":"purchasable","24":"product-type-simple","25":"add-to-wishlist-before_image"},"yoast_head":"<!-- This site is optimized with the Yoast SEO plugin v27.4 - https:\/\/yoast.com\/product\/yoast-seo-wordpress\/ -->\n<title>Divine 22ct Gold Ganpati Pendant | PureJewels UK<\/title>\n<meta name=\"description\" content=\"Discover pure devotion with our 22ct Gold Ganpati Pendant from PureJewels UK \u2013 a perfect blend of tradition and elegance, ideal for Diwali gift ideas.\" \/>\n<meta name=\"robots\" content=\"index, follow, max-snippet:-1, max-image-preview:large, max-video-preview:-1\" \/>\n<link rel=\"canonical\" href=\"https:\/\/www.purejewels.com\/de\/produkt-2\/ganpati-anhanger-aus-22-karat-gold-51002\/\" \/>\n<meta property=\"og:locale\" content=\"de_DE\" \/>\n<meta property=\"og:type\" content=\"article\" \/>\n<meta property=\"og:title\" content=\"Divine 22ct Gold Ganpati Pendant | PureJewels UK\" \/>\n<meta property=\"og:description\" content=\"Discover pure devotion with our 22ct Gold Ganpati Pendant from PureJewels UK \u2013 a perfect blend of tradition and elegance, ideal for Diwali gift ideas.\" \/>\n<meta property=\"og:url\" content=\"https:\/\/www.purejewels.com\/de\/produkt-2\/ganpati-anhanger-aus-22-karat-gold-51002\/\" \/>\n<meta property=\"og:site_name\" content=\"PureJewels UK\" \/>\n<meta property=\"article:modified_time\" content=\"2026-01-29T07:47:58+00:00\" \/>\n<meta property=\"og:image\" content=\"https:\/\/static.purejewels.com\/wp-content\/uploads\/2025\/04\/SKU-51002.jpg\" \/>\n\t<meta property=\"og:image:width\" content=\"1000\" \/>\n\t<meta property=\"og:image:height\" content=\"1000\" \/>\n\t<meta property=\"og:image:type\" content=\"image\/jpeg\" \/>\n<meta name=\"twitter:card\" content=\"summary_large_image\" \/>\n<meta name=\"twitter:label1\" content=\"Gesch\u00e4tzte Lesezeit\" \/>\n\t<meta name=\"twitter:data1\" content=\"1\u00a0Minute\" \/>\n<script type=\"application\/ld+json\" class=\"yoast-schema-graph\">{\"@context\":\"https:\\\/\\\/schema.org\",\"@graph\":[{\"@type\":[\"WebPage\",\"ItemPage\"],\"@id\":\"https:\\\/\\\/www.purejewels.com\\\/product\\\/22ct-gold-ganpati-pendant-51002\\\/\",\"url\":\"https:\\\/\\\/www.purejewels.com\\\/product\\\/22ct-gold-ganpati-pendant-51002\\\/\",\"name\":\"Divine 22ct Gold Ganpati Pendant | PureJewels UK\",\"isPartOf\":{\"@id\":\"https:\\\/\\\/www.purejewels.com\\\/#website\"},\"primaryImageOfPage\":{\"@id\":\"https:\\\/\\\/www.purejewels.com\\\/product\\\/22ct-gold-ganpati-pendant-51002\\\/#primaryimage\"},\"image\":{\"@id\":\"https:\\\/\\\/www.purejewels.com\\\/product\\\/22ct-gold-ganpati-pendant-51002\\\/#primaryimage\"},\"thumbnailUrl\":\"https:\\\/\\\/static.purejewels.com\\\/wp-content\\\/uploads\\\/2025\\\/04\\\/SKU-51002.jpg\",\"datePublished\":\"2025-08-30T07:23:50+00:00\",\"dateModified\":\"2026-01-29T07:47:58+00:00\",\"description\":\"Discover pure devotion with our 22ct Gold Ganpati Pendant from PureJewels UK \u2013 a perfect blend of tradition and elegance, ideal for Diwali gift ideas.\",\"breadcrumb\":{\"@id\":\"https:\\\/\\\/www.purejewels.com\\\/product\\\/22ct-gold-ganpati-pendant-51002\\\/#breadcrumb\"},\"inLanguage\":\"de\",\"potentialAction\":[{\"@type\":\"ReadAction\",\"target\":[\"https:\\\/\\\/www.purejewels.com\\\/product\\\/22ct-gold-ganpati-pendant-51002\\\/\"]}]},{\"@type\":\"ImageObject\",\"inLanguage\":\"de\",\"@id\":\"https:\\\/\\\/www.purejewels.com\\\/product\\\/22ct-gold-ganpati-pendant-51002\\\/#primaryimage\",\"url\":\"https:\\\/\\\/static.purejewels.com\\\/wp-content\\\/uploads\\\/2025\\\/04\\\/SKU-51002.jpg\",\"contentUrl\":\"https:\\\/\\\/static.purejewels.com\\\/wp-content\\\/uploads\\\/2025\\\/04\\\/SKU-51002.jpg\",\"width\":1000,\"height\":1000,\"caption\":\"22ct Gold Ganpati Pendant\"},{\"@type\":\"BreadcrumbList\",\"@id\":\"https:\\\/\\\/www.purejewels.com\\\/product\\\/22ct-gold-ganpati-pendant-51002\\\/#breadcrumb\",\"itemListElement\":[{\"@type\":\"ListItem\",\"position\":1,\"name\":\"Home\",\"item\":\"https:\\\/\\\/www.purejewels.com\\\/\"},{\"@type\":\"ListItem\",\"position\":2,\"name\":\"Shop\",\"item\":\"https:\\\/\\\/www.purejewels.com\\\/shop\\\/\"},{\"@type\":\"ListItem\",\"position\":3,\"name\":\"22ct Gold Ganpati Pendant\"}]},{\"@type\":\"WebSite\",\"@id\":\"https:\\\/\\\/www.purejewels.com\\\/#website\",\"url\":\"https:\\\/\\\/www.purejewels.com\\\/\",\"name\":\"PureJewels UK\",\"description\":\"Share the Love\",\"publisher\":{\"@id\":\"https:\\\/\\\/www.purejewels.com\\\/#organization\"},\"potentialAction\":[{\"@type\":\"SearchAction\",\"target\":{\"@type\":\"EntryPoint\",\"urlTemplate\":\"https:\\\/\\\/www.purejewels.com\\\/?s={search_term_string}\"},\"query-input\":{\"@type\":\"PropertyValueSpecification\",\"valueRequired\":true,\"valueName\":\"search_term_string\"}}],\"inLanguage\":\"de\"},{\"@type\":\"Organization\",\"@id\":\"https:\\\/\\\/www.purejewels.com\\\/#organization\",\"name\":\"PureJewels UK\",\"url\":\"https:\\\/\\\/www.purejewels.com\\\/\",\"logo\":{\"@type\":\"ImageObject\",\"inLanguage\":\"de\",\"@id\":\"https:\\\/\\\/www.purejewels.com\\\/#\\\/schema\\\/logo\\\/image\\\/\",\"url\":\"https:\\\/\\\/static.purejewels.com\\\/wp-content\\\/uploads\\\/2020\\\/11\\\/Logo-PJ-New-1.png\",\"contentUrl\":\"https:\\\/\\\/static.purejewels.com\\\/wp-content\\\/uploads\\\/2020\\\/11\\\/Logo-PJ-New-1.png\",\"width\":150,\"height\":80,\"caption\":\"PureJewels UK\"},\"image\":{\"@id\":\"https:\\\/\\\/www.purejewels.com\\\/#\\\/schema\\\/logo\\\/image\\\/\"}}]}<\/script>\n<!-- \/ Yoast SEO plugin. -->","yoast_head_json":{"title":"Divine 22ct Gold Ganpati Anh\u00e4nger | PureJewels UK","description":"Entdecken Sie pure Hingabe mit unserem 22ct Gold Ganpati Anh\u00e4nger von PureJewels UK - eine perfekte Mischung aus Tradition und Eleganz, ideal f\u00fcr Diwali Geschenkideen.","robots":{"index":"index","follow":"follow","max-snippet":"max-snippet:-1","max-image-preview":"max-image-preview:large","max-video-preview":"max-video-preview:-1"},"canonical":"https:\/\/www.purejewels.com\/de\/produkt-2\/ganpati-anhanger-aus-22-karat-gold-51002\/","og_locale":"de_DE","og_type":"article","og_title":"Divine 22ct Gold Ganpati Pendant | PureJewels UK","og_description":"Discover pure devotion with our 22ct Gold Ganpati Pendant from PureJewels UK \u2013 a perfect blend of tradition and elegance, ideal for Diwali gift ideas.","og_url":"https:\/\/www.purejewels.com\/de\/produkt-2\/ganpati-anhanger-aus-22-karat-gold-51002\/","og_site_name":"PureJewels UK","article_modified_time":"2026-01-29T07:47:58+00:00","og_image":[{"width":1000,"height":1000,"url":"https:\/\/static.purejewels.com\/wp-content\/uploads\/2025\/04\/SKU-51002.jpg","type":"image\/jpeg"}],"twitter_card":"summary_large_image","twitter_misc":{"Gesch\u00e4tzte Lesezeit":"1\u00a0Minute"},"schema":{"@context":"https:\/\/schema.org","@graph":[{"@type":["WebPage","ItemPage"],"@id":"https:\/\/www.purejewels.com\/product\/22ct-gold-ganpati-pendant-51002\/","url":"https:\/\/www.purejewels.com\/product\/22ct-gold-ganpati-pendant-51002\/","name":"Divine 22ct Gold Ganpati Anh\u00e4nger | PureJewels UK","isPartOf":{"@id":"https:\/\/www.purejewels.com\/#website"},"primaryImageOfPage":{"@id":"https:\/\/www.purejewels.com\/product\/22ct-gold-ganpati-pendant-51002\/#primaryimage"},"image":{"@id":"https:\/\/www.purejewels.com\/product\/22ct-gold-ganpati-pendant-51002\/#primaryimage"},"thumbnailUrl":"https:\/\/static.purejewels.com\/wp-content\/uploads\/2025\/04\/SKU-51002.jpg","datePublished":"2025-08-30T07:23:50+00:00","dateModified":"2026-01-29T07:47:58+00:00","description":"Entdecken Sie pure Hingabe mit unserem 22ct Gold Ganpati Anh\u00e4nger von PureJewels UK - eine perfekte Mischung aus Tradition und Eleganz, ideal f\u00fcr Diwali Geschenkideen.","breadcrumb":{"@id":"https:\/\/www.purejewels.com\/product\/22ct-gold-ganpati-pendant-51002\/#breadcrumb"},"inLanguage":"de","potentialAction":[{"@type":"ReadAction","target":["https:\/\/www.purejewels.com\/product\/22ct-gold-ganpati-pendant-51002\/"]}]},{"@type":"ImageObject","inLanguage":"de","@id":"https:\/\/www.purejewels.com\/product\/22ct-gold-ganpati-pendant-51002\/#primaryimage","url":"https:\/\/static.purejewels.com\/wp-content\/uploads\/2025\/04\/SKU-51002.jpg","contentUrl":"https:\/\/static.purejewels.com\/wp-content\/uploads\/2025\/04\/SKU-51002.jpg","width":1000,"height":1000,"caption":"22ct Gold Ganpati Pendant"},{"@type":"BreadcrumbList","@id":"https:\/\/www.purejewels.com\/product\/22ct-gold-ganpati-pendant-51002\/#breadcrumb","itemListElement":[{"@type":"ListItem","position":1,"name":"Home","item":"https:\/\/www.purejewels.com\/"},{"@type":"ListItem","position":2,"name":"Shop","item":"https:\/\/www.purejewels.com\/shop\/"},{"@type":"ListItem","position":3,"name":"22ct Gold Ganpati Pendant"}]},{"@type":"WebSite","@id":"https:\/\/www.purejewels.com\/#website","url":"https:\/\/www.purejewels.com\/","name":"PureJewels UK","description":"Teile die Liebe","publisher":{"@id":"https:\/\/www.purejewels.com\/#organization"},"potentialAction":[{"@type":"SearchAction","target":{"@type":"EntryPoint","urlTemplate":"https:\/\/www.purejewels.com\/?s={search_term_string}"},"query-input":{"@type":"PropertyValueSpecification","valueRequired":true,"valueName":"search_term_string"}}],"inLanguage":"de"},{"@type":"Organization","@id":"https:\/\/www.purejewels.com\/#organization","name":"PureJewels UK","url":"https:\/\/www.purejewels.com\/","logo":{"@type":"ImageObject","inLanguage":"de","@id":"https:\/\/www.purejewels.com\/#\/schema\/logo\/image\/","url":"https:\/\/static.purejewels.com\/wp-content\/uploads\/2020\/11\/Logo-PJ-New-1.png","contentUrl":"https:\/\/static.purejewels.com\/wp-content\/uploads\/2020\/11\/Logo-PJ-New-1.png","width":150,"height":80,"caption":"PureJewels UK"},"image":{"@id":"https:\/\/www.purejewels.com\/#\/schema\/logo\/image\/"}}]}},"_links":{"self":[{"href":"https:\/\/www.purejewels.com\/de\/wp-json\/wp\/v2\/product\/395275","targetHints":{"allow":["GET"]}}],"collection":[{"href":"https:\/\/www.purejewels.com\/de\/wp-json\/wp\/v2\/product"}],"about":[{"href":"https:\/\/www.purejewels.com\/de\/wp-json\/wp\/v2\/types\/product"}],"replies":[{"embeddable":true,"href":"https:\/\/www.purejewels.com\/de\/wp-json\/wp\/v2\/comments?post=395275"}],"version-history":[{"count":4,"href":"https:\/\/www.purejewels.com\/de\/wp-json\/wp\/v2\/product\/395275\/revisions"}],"predecessor-version":[{"id":407187,"href":"https:\/\/www.purejewels.com\/de\/wp-json\/wp\/v2\/product\/395275\/revisions\/407187"}],"wp:featuredmedia":[{"embeddable":true,"href":"https:\/\/www.purejewels.com\/de\/wp-json\/wp\/v2\/media\/407162"}],"wp:attachment":[{"href":"https:\/\/www.purejewels.com\/de\/wp-json\/wp\/v2\/media?parent=395275"}],"wp:term":[{"taxonomy":"product_brand","embeddable":true,"href":"https:\/\/www.purejewels.com\/de\/wp-json\/wp\/v2\/product_brand?post=395275"},{"taxonomy":"product_cat","embeddable":true,"href":"https:\/\/www.purejewels.com\/de\/wp-json\/wp\/v2\/product_cat?post=395275"},{"taxonomy":"product_tag","embeddable":true,"href":"https:\/\/www.purejewels.com\/de\/wp-json\/wp\/v2\/product_tag?post=395275"}],"curies":[{"name":"wp","href":"https:\/\/api.w.org\/{rel}","templated":true}]}}