{"id":395288,"date":"2025-08-11T08:57:55","date_gmt":"2025-08-11T07:57:55","guid":{"rendered":"https:\/\/www.purejewels.com\/?post_type=product&#038;p=395288"},"modified":"2026-01-06T07:30:22","modified_gmt":"2026-01-06T07:30:22","slug":"gottlicher-ganesh-anhanger-aus-22-kt-gold-51000","status":"publish","type":"product","link":"https:\/\/www.purejewels.com\/de\/product\/divine-ganesh-pendant-in-22ct-gold-51000\/","title":{"rendered":"G\u00f6ttlicher Ganesh-Anh\u00e4nger aus 22 Karat Gold"},"content":{"rendered":"<p data-start=\"121\" data-end=\"777\">Bitten Sie um Segen und g\u00f6ttlichen Schutz mit unserem Ganesh-Anh\u00e4nger aus 22 Karat Gold, einem heiligen Symbol f\u00fcr Weisheit, Wohlstand und Neuanf\u00e4nge. Dieser aufwendig gearbeitete Anh\u00e4nger aus reinem 22-kar\u00e4tigem Gelbgold zeigt Lord Ganesha in einer strahlenden Form und eignet sich perfekt f\u00fcr die t\u00e4gliche Andacht oder f\u00fcr festliche Anl\u00e4sse. Seine spirituelle Bedeutung und zeitlose Handwerkskunst machen ihn zu einem idealen Geschenk f\u00fcr besondere Anl\u00e4sse, ein durchdachtes Geschenk zu Diwali oder pers\u00f6nliche Meilensteine. Das leichte und vielseitige Schmuckst\u00fcck l\u00e4sst sich wunderbar mit Goldketten jeder L\u00e4nge kombinieren. Ob am Herzen getragen oder mit Liebe verschenkt, dieser Ganesh-Anh\u00e4nger verk\u00f6rpert Glauben, Tradition und Anmut in jedem Detail.<\/p>\n<p>&nbsp;<\/p>","protected":false},"excerpt":{"rendered":"<p>Eleganter Ganesh-Anh\u00e4nger aus 22 Karat Gold, der Weisheit, Wohlstand und g\u00f6ttliche Segnungen symbolisiert.<br \/>\nPerfekt f\u00fcr die t\u00e4gliche Andacht, zum Verschenken oder um Ihrer Schmucksammlung eine sakrale Note zu verleihen<\/p>\n<p><strong>Material:<\/strong>\u00a022ct Gold<strong><br \/>\nWahrzeichen:\u00a0<\/strong>Britisches G\u00fctesiegel<strong><br \/>\n<\/strong><strong>Bruttogewicht: <\/strong>0,98 Gramm<strong><br \/>\nSKU: <\/strong>51000<\/p>\n<p><strong>Preis und Lieferung: <\/strong>Der Kettenpreis ist nicht inbegriffen, inklusive Mehrwertsteuer und Versandkosten.<strong><br \/>\n<a href=\"https:\/\/www.purejewels.com\/de\/ruckgabepolitik\/\">R\u00fcckgabepolitik<\/a><\/strong><\/p>","protected":false},"featured_media":407157,"comment_status":"closed","ping_status":"closed","template":"","meta":{"_eb_attr":"","_crsspst_to_jayantr4sg-hostcom":true},"product_brand":[],"product_cat":[1793,5601,1229,1255,5342,1767,1572,1768,5338,1701,1574,5349],"product_tag":[],"class_list":{"0":"post-395288","1":"product","2":"type-product","3":"status-publish","4":"has-post-thumbnail","6":"product_cat-diwali-gifts","7":"product_cat-ganesh-pendants","8":"product_cat-22ct-gold-jewellery","9":"product_cat-gold-pendants","10":"product_cat-jewellery-under-250","11":"product_cat-ladies-pendants","12":"product_cat-mens-jewellery","13":"product_cat-mens-pendants","14":"product_cat-shop-by-price","15":"product_cat-religious-pendants","16":"product_cat-womens-jewellery","17":"product_cat-yellow-gold-jewellery","19":"first","20":"outofstock","21":"taxable","22":"shipping-taxable","23":"product-type-simple","24":"add-to-wishlist-before_image"},"yoast_head":"<!-- This site is optimized with the Yoast SEO plugin v27.5 - https:\/\/yoast.com\/product\/yoast-seo-wordpress\/ -->\n<title>Divine 22ct Gold Ganesha Pendant | PureJewels UK<\/title>\n<meta name=\"description\" content=\"Shop the 22ct Gold Ganesha Pendant at PureJewels UK \u2013 a handcrafted symbol of tradition and spiritual grace, perfect for meaningful Diwali gifts.\" \/>\n<meta name=\"robots\" content=\"index, follow, max-snippet:-1, max-image-preview:large, max-video-preview:-1\" \/>\n<link rel=\"canonical\" href=\"https:\/\/www.purejewels.com\/de\/produkt-2\/gottlicher-ganesh-anhanger-aus-22-kt-gold-51000\/\" \/>\n<meta property=\"og:locale\" content=\"de_DE\" \/>\n<meta property=\"og:type\" content=\"article\" \/>\n<meta property=\"og:title\" content=\"Divine 22ct Gold Ganesha Pendant | PureJewels UK\" \/>\n<meta property=\"og:description\" content=\"Shop the 22ct Gold Ganesha Pendant at PureJewels UK \u2013 a handcrafted symbol of tradition and spiritual grace, perfect for meaningful Diwali gifts.\" \/>\n<meta property=\"og:url\" content=\"https:\/\/www.purejewels.com\/de\/produkt-2\/gottlicher-ganesh-anhanger-aus-22-kt-gold-51000\/\" \/>\n<meta property=\"og:site_name\" content=\"PureJewels UK\" \/>\n<meta property=\"article:modified_time\" content=\"2026-01-06T07:30:22+00:00\" \/>\n<meta property=\"og:image\" content=\"https:\/\/www.purejewels.com\/wp-content\/uploads\/2025\/01\/SKU-51000.jpg\" \/>\n\t<meta property=\"og:image:width\" content=\"1000\" \/>\n\t<meta property=\"og:image:height\" content=\"1000\" \/>\n\t<meta property=\"og:image:type\" content=\"image\/jpeg\" \/>\n<meta name=\"twitter:card\" content=\"summary_large_image\" \/>\n<meta name=\"twitter:label1\" content=\"Gesch\u00e4tzte Lesezeit\" \/>\n\t<meta name=\"twitter:data1\" content=\"1\u00a0Minute\" \/>\n<script type=\"application\/ld+json\" class=\"yoast-schema-graph\">{\"@context\":\"https:\\\/\\\/schema.org\",\"@graph\":[{\"@type\":[\"WebPage\",\"ItemPage\"],\"@id\":\"https:\\\/\\\/www.purejewels.com\\\/product\\\/divine-ganesh-pendant-in-22ct-gold-51000\\\/\",\"url\":\"https:\\\/\\\/www.purejewels.com\\\/product\\\/divine-ganesh-pendant-in-22ct-gold-51000\\\/\",\"name\":\"Divine 22ct Gold Ganesha Pendant | PureJewels UK\",\"isPartOf\":{\"@id\":\"https:\\\/\\\/www.purejewels.com\\\/#website\"},\"primaryImageOfPage\":{\"@id\":\"https:\\\/\\\/www.purejewels.com\\\/product\\\/divine-ganesh-pendant-in-22ct-gold-51000\\\/#primaryimage\"},\"image\":{\"@id\":\"https:\\\/\\\/www.purejewels.com\\\/product\\\/divine-ganesh-pendant-in-22ct-gold-51000\\\/#primaryimage\"},\"thumbnailUrl\":\"https:\\\/\\\/static.purejewels.com\\\/wp-content\\\/uploads\\\/2025\\\/01\\\/SKU-51000.jpg\",\"datePublished\":\"2025-08-11T07:57:55+00:00\",\"dateModified\":\"2026-01-06T07:30:22+00:00\",\"description\":\"Shop the 22ct Gold Ganesha Pendant at PureJewels UK \u2013 a handcrafted symbol of tradition and spiritual grace, perfect for meaningful Diwali gifts.\",\"breadcrumb\":{\"@id\":\"https:\\\/\\\/www.purejewels.com\\\/product\\\/divine-ganesh-pendant-in-22ct-gold-51000\\\/#breadcrumb\"},\"inLanguage\":\"de\",\"potentialAction\":[{\"@type\":\"ReadAction\",\"target\":[\"https:\\\/\\\/www.purejewels.com\\\/product\\\/divine-ganesh-pendant-in-22ct-gold-51000\\\/\"]}]},{\"@type\":\"ImageObject\",\"inLanguage\":\"de\",\"@id\":\"https:\\\/\\\/www.purejewels.com\\\/product\\\/divine-ganesh-pendant-in-22ct-gold-51000\\\/#primaryimage\",\"url\":\"https:\\\/\\\/static.purejewels.com\\\/wp-content\\\/uploads\\\/2025\\\/01\\\/SKU-51000.jpg\",\"contentUrl\":\"https:\\\/\\\/static.purejewels.com\\\/wp-content\\\/uploads\\\/2025\\\/01\\\/SKU-51000.jpg\",\"width\":1000,\"height\":1000,\"caption\":\"51000\"},{\"@type\":\"BreadcrumbList\",\"@id\":\"https:\\\/\\\/www.purejewels.com\\\/product\\\/divine-ganesh-pendant-in-22ct-gold-51000\\\/#breadcrumb\",\"itemListElement\":[{\"@type\":\"ListItem\",\"position\":1,\"name\":\"Home\",\"item\":\"https:\\\/\\\/www.purejewels.com\\\/\"},{\"@type\":\"ListItem\",\"position\":2,\"name\":\"Shop\",\"item\":\"https:\\\/\\\/www.purejewels.com\\\/shop\\\/\"},{\"@type\":\"ListItem\",\"position\":3,\"name\":\"Divine Ganesh Pendant in 22ct Gold\"}]},{\"@type\":\"WebSite\",\"@id\":\"https:\\\/\\\/www.purejewels.com\\\/#website\",\"url\":\"https:\\\/\\\/www.purejewels.com\\\/\",\"name\":\"PureJewels UK\",\"description\":\"Share the Love\",\"publisher\":{\"@id\":\"https:\\\/\\\/www.purejewels.com\\\/#organization\"},\"potentialAction\":[{\"@type\":\"SearchAction\",\"target\":{\"@type\":\"EntryPoint\",\"urlTemplate\":\"https:\\\/\\\/www.purejewels.com\\\/?s={search_term_string}\"},\"query-input\":{\"@type\":\"PropertyValueSpecification\",\"valueRequired\":true,\"valueName\":\"search_term_string\"}}],\"inLanguage\":\"de\"},{\"@type\":\"Organization\",\"@id\":\"https:\\\/\\\/www.purejewels.com\\\/#organization\",\"name\":\"PureJewels UK\",\"url\":\"https:\\\/\\\/www.purejewels.com\\\/\",\"logo\":{\"@type\":\"ImageObject\",\"inLanguage\":\"de\",\"@id\":\"https:\\\/\\\/www.purejewels.com\\\/#\\\/schema\\\/logo\\\/image\\\/\",\"url\":\"https:\\\/\\\/static.purejewels.com\\\/wp-content\\\/uploads\\\/2020\\\/11\\\/Logo-PJ-New-1.png\",\"contentUrl\":\"https:\\\/\\\/static.purejewels.com\\\/wp-content\\\/uploads\\\/2020\\\/11\\\/Logo-PJ-New-1.png\",\"width\":150,\"height\":80,\"caption\":\"PureJewels UK\"},\"image\":{\"@id\":\"https:\\\/\\\/www.purejewels.com\\\/#\\\/schema\\\/logo\\\/image\\\/\"}}]}<\/script>\n<!-- \/ Yoast SEO plugin. -->","yoast_head_json":{"title":"Divine 22ct Gold Ganesha Anh\u00e4nger | PureJewels UK","description":"Kaufen Sie den 22ct Gold Ganesha Anh\u00e4nger bei PureJewels UK - ein handgefertigtes Symbol der Tradition und der spirituellen Anmut, perfekt f\u00fcr sinnvolle Diwali Geschenke.","robots":{"index":"index","follow":"follow","max-snippet":"max-snippet:-1","max-image-preview":"max-image-preview:large","max-video-preview":"max-video-preview:-1"},"canonical":"https:\/\/www.purejewels.com\/de\/produkt-2\/gottlicher-ganesh-anhanger-aus-22-kt-gold-51000\/","og_locale":"de_DE","og_type":"article","og_title":"Divine 22ct Gold Ganesha Pendant | PureJewels UK","og_description":"Shop the 22ct Gold Ganesha Pendant at PureJewels UK \u2013 a handcrafted symbol of tradition and spiritual grace, perfect for meaningful Diwali gifts.","og_url":"https:\/\/www.purejewels.com\/de\/produkt-2\/gottlicher-ganesh-anhanger-aus-22-kt-gold-51000\/","og_site_name":"PureJewels UK","article_modified_time":"2026-01-06T07:30:22+00:00","og_image":[{"width":1000,"height":1000,"url":"https:\/\/www.purejewels.com\/wp-content\/uploads\/2025\/01\/SKU-51000.jpg","type":"image\/jpeg"}],"twitter_card":"summary_large_image","twitter_misc":{"Gesch\u00e4tzte Lesezeit":"1\u00a0Minute"},"schema":{"@context":"https:\/\/schema.org","@graph":[{"@type":["WebPage","ItemPage"],"@id":"https:\/\/www.purejewels.com\/product\/divine-ganesh-pendant-in-22ct-gold-51000\/","url":"https:\/\/www.purejewels.com\/product\/divine-ganesh-pendant-in-22ct-gold-51000\/","name":"Divine 22ct Gold Ganesha Anh\u00e4nger | PureJewels UK","isPartOf":{"@id":"https:\/\/www.purejewels.com\/#website"},"primaryImageOfPage":{"@id":"https:\/\/www.purejewels.com\/product\/divine-ganesh-pendant-in-22ct-gold-51000\/#primaryimage"},"image":{"@id":"https:\/\/www.purejewels.com\/product\/divine-ganesh-pendant-in-22ct-gold-51000\/#primaryimage"},"thumbnailUrl":"https:\/\/static.purejewels.com\/wp-content\/uploads\/2025\/01\/SKU-51000.jpg","datePublished":"2025-08-11T07:57:55+00:00","dateModified":"2026-01-06T07:30:22+00:00","description":"Kaufen Sie den 22ct Gold Ganesha Anh\u00e4nger bei PureJewels UK - ein handgefertigtes Symbol der Tradition und der spirituellen Anmut, perfekt f\u00fcr sinnvolle Diwali Geschenke.","breadcrumb":{"@id":"https:\/\/www.purejewels.com\/product\/divine-ganesh-pendant-in-22ct-gold-51000\/#breadcrumb"},"inLanguage":"de","potentialAction":[{"@type":"ReadAction","target":["https:\/\/www.purejewels.com\/product\/divine-ganesh-pendant-in-22ct-gold-51000\/"]}]},{"@type":"ImageObject","inLanguage":"de","@id":"https:\/\/www.purejewels.com\/product\/divine-ganesh-pendant-in-22ct-gold-51000\/#primaryimage","url":"https:\/\/static.purejewels.com\/wp-content\/uploads\/2025\/01\/SKU-51000.jpg","contentUrl":"https:\/\/static.purejewels.com\/wp-content\/uploads\/2025\/01\/SKU-51000.jpg","width":1000,"height":1000,"caption":"51000"},{"@type":"BreadcrumbList","@id":"https:\/\/www.purejewels.com\/product\/divine-ganesh-pendant-in-22ct-gold-51000\/#breadcrumb","itemListElement":[{"@type":"ListItem","position":1,"name":"Home","item":"https:\/\/www.purejewels.com\/"},{"@type":"ListItem","position":2,"name":"Shop","item":"https:\/\/www.purejewels.com\/shop\/"},{"@type":"ListItem","position":3,"name":"Divine Ganesh Pendant in 22ct Gold"}]},{"@type":"WebSite","@id":"https:\/\/www.purejewels.com\/#website","url":"https:\/\/www.purejewels.com\/","name":"PureJewels UK","description":"Teile die Liebe","publisher":{"@id":"https:\/\/www.purejewels.com\/#organization"},"potentialAction":[{"@type":"SearchAction","target":{"@type":"EntryPoint","urlTemplate":"https:\/\/www.purejewels.com\/?s={search_term_string}"},"query-input":{"@type":"PropertyValueSpecification","valueRequired":true,"valueName":"search_term_string"}}],"inLanguage":"de"},{"@type":"Organization","@id":"https:\/\/www.purejewels.com\/#organization","name":"PureJewels UK","url":"https:\/\/www.purejewels.com\/","logo":{"@type":"ImageObject","inLanguage":"de","@id":"https:\/\/www.purejewels.com\/#\/schema\/logo\/image\/","url":"https:\/\/static.purejewels.com\/wp-content\/uploads\/2020\/11\/Logo-PJ-New-1.png","contentUrl":"https:\/\/static.purejewels.com\/wp-content\/uploads\/2020\/11\/Logo-PJ-New-1.png","width":150,"height":80,"caption":"PureJewels UK"},"image":{"@id":"https:\/\/www.purejewels.com\/#\/schema\/logo\/image\/"}}]}},"_links":{"self":[{"href":"https:\/\/www.purejewels.com\/de\/wp-json\/wp\/v2\/product\/395288","targetHints":{"allow":["GET"]}}],"collection":[{"href":"https:\/\/www.purejewels.com\/de\/wp-json\/wp\/v2\/product"}],"about":[{"href":"https:\/\/www.purejewels.com\/de\/wp-json\/wp\/v2\/types\/product"}],"replies":[{"embeddable":true,"href":"https:\/\/www.purejewels.com\/de\/wp-json\/wp\/v2\/comments?post=395288"}],"version-history":[{"count":4,"href":"https:\/\/www.purejewels.com\/de\/wp-json\/wp\/v2\/product\/395288\/revisions"}],"predecessor-version":[{"id":418949,"href":"https:\/\/www.purejewels.com\/de\/wp-json\/wp\/v2\/product\/395288\/revisions\/418949"}],"wp:featuredmedia":[{"embeddable":true,"href":"https:\/\/www.purejewels.com\/de\/wp-json\/wp\/v2\/media\/407157"}],"wp:attachment":[{"href":"https:\/\/www.purejewels.com\/de\/wp-json\/wp\/v2\/media?parent=395288"}],"wp:term":[{"taxonomy":"product_brand","embeddable":true,"href":"https:\/\/www.purejewels.com\/de\/wp-json\/wp\/v2\/product_brand?post=395288"},{"taxonomy":"product_cat","embeddable":true,"href":"https:\/\/www.purejewels.com\/de\/wp-json\/wp\/v2\/product_cat?post=395288"},{"taxonomy":"product_tag","embeddable":true,"href":"https:\/\/www.purejewels.com\/de\/wp-json\/wp\/v2\/product_tag?post=395288"}],"curies":[{"name":"wp","href":"https:\/\/api.w.org\/{rel}","templated":true}]}}