{"id":395360,"date":"2025-01-23T12:11:20","date_gmt":"2025-01-23T12:11:20","guid":{"rendered":"https:\/\/www.purejewels.com\/?post_type=product&#038;p=395360"},"modified":"2026-04-27T06:57:01","modified_gmt":"2026-04-27T05:57:01","slug":"skorpion-anhanger-aus-22-karat-gold-51040","status":"publish","type":"product","link":"https:\/\/www.purejewels.com\/de\/product\/22ct-gold-scorpio-pendant-51040\/","title":{"rendered":"22ct Gold Skorpion-Anh\u00e4nger"},"content":{"rendered":"<p>Unser k\u00fchner Skorpion-Anh\u00e4nger aus 22-kar\u00e4tigem Gold steht f\u00fcr Intensit\u00e4t und Transformation. Mit seinem klaren, symbolischen Design, das den wilden Geist des Skorpions repr\u00e4sentiert, ist dieses gepunzte St\u00fcck perfekt f\u00fcr den t\u00e4glichen Gebrauch oder als bedeutungsvolles Geschenk geeignet. Es zelebriert Loyalit\u00e4t, Intuition und Widerstandsf\u00e4higkeit und ist ein kraftvolles Symbol f\u00fcr Identit\u00e4t und Tiefe. Das mit Sorgfalt handgefertigte St\u00fcck ist ideal f\u00fcr Astrologie-Liebhaber oder Geburtstagsgeschenke.<\/p>\n<p><span data-sheets-root=\"1\">Dieser exquisite Skorpion-Anh\u00e4nger aus 22 Karat Gold ist ein Muss f\u00fcr alle, die im Sternzeichen Skorpion geboren sind. Das komplizierte Design f\u00e4ngt die Essenz der Skorpion-Pers\u00f6nlichkeit ein - geheimnisvoll, leidenschaftlich und kraftvoll. Der aus hochwertigem 22-kar\u00e4tigem Gold gefertigte und mit einer britischen Punze versehene Anh\u00e4nger ist ein Symbol f\u00fcr innere St\u00e4rke und Intuition.<\/span><\/p>\n<p>Ob Sie sich selbst verw\u00f6hnen oder das perfekte Geschenk f\u00fcr einen Skorpion in Ihrem Leben suchen, dieser Anh\u00e4nger wird Sie sicher beeindrucken. Der Anh\u00e4nger wiegt 2,04 Gramm und kommt mit kostenloser Lieferung f\u00fcr Ihre Bequemlichkeit verfolgt. Mit einer 30-t\u00e4gigen Geld-zur\u00fcck-Garantie k\u00f6nnen Sie beruhigt einkaufen, denn Ihre Zufriedenheit hat f\u00fcr uns oberste Priorit\u00e4t.<\/p>\n<p>Verpassen Sie nicht die Gelegenheit, diese atemberaubende Skorpion-Halskette zu besitzen. Bestellen Sie jetzt und erleben Sie den Zauber, ein Schmuckst\u00fcck zu tragen, das Ihre einzigartige Pers\u00f6nlichkeit und Ihre St\u00e4rken widerspiegelt.<\/p>","protected":false},"excerpt":{"rendered":"<div class=\"woocommerce-product-details__short-description\">\n<p class=\"\" data-start=\"191\" data-end=\"343\">Dieser geheimnisvolle und kraftvolle Skorpion-Anh\u00e4nger aus 22-kar\u00e4tigem Gold verk\u00f6rpert Leidenschaft, Tiefe und innere St\u00e4rke.<br data-start=\"291\" data-end=\"294\" \/>Ein eindrucksvolles Symbol f\u00fcr die Furchtlosen und Intuitiven.<\/p>\n<p><strong>Material:<\/strong> 22ct Gold<strong><br \/>\nWahrzeichen:\u00a0<\/strong>Britisches G\u00fctesiegel<strong><br \/>\n<\/strong><strong>Bruttogewicht: <\/strong>2.04 Gms<strong><br \/>\nSKU: <\/strong>51040<\/p>\n<p><strong>Preis und Lieferung:<\/strong>Inklusive Mehrwertsteuer und Lieferkosten<strong><br \/>\n<a href=\"https:\/\/www.purejewels.com\/de\/ruckgabepolitik\/\">R\u00fcckgabepolitik<\/a><\/strong><\/p>\n<\/div>\n<div class=\"btn-atc atc-slide\"><\/div>\n<div class=\"product_meta\"><\/div>","protected":false},"featured_media":409054,"comment_status":"closed","ping_status":"closed","template":"","meta":{"_eb_attr":"","_crsspst_to_jayantr4sg-hostcom":false},"product_brand":[],"product_cat":[1770,1790,1229,1255,5343,1767,1572,1768,5338,1574,5349,6019],"product_tag":[],"class_list":{"0":"post-395360","1":"product","2":"type-product","3":"status-publish","4":"has-post-thumbnail","6":"product_cat-fancy-pendants","7":"product_cat-for-whom-when","8":"product_cat-22ct-gold-jewellery","9":"product_cat-gold-pendants","10":"product_cat-jewellery-under-550","11":"product_cat-ladies-pendants","12":"product_cat-mens-jewellery","13":"product_cat-mens-pendants","14":"product_cat-shop-by-price","15":"product_cat-womens-jewellery","16":"product_cat-yellow-gold-jewellery","17":"product_cat-zodiac-sign-pendant","19":"first","20":"instock","21":"taxable","22":"shipping-taxable","23":"purchasable","24":"product-type-simple","25":"add-to-wishlist-before_image"},"yoast_head":"<!-- This site is optimized with the Yoast SEO plugin v27.6 - https:\/\/yoast.com\/product\/yoast-seo-wordpress\/ -->\n<title>Scorpio Zodiac Pendant in 22ct Gold | PureJewels London<\/title>\n<meta name=\"description\" content=\"Express your cosmic identity with our Scorpio Pendant in hallmarked 22ct gold. Handcrafted in London, it\u2019s a powerful symbol of passion, depth, and resilience.\" \/>\n<meta name=\"robots\" content=\"index, follow, max-snippet:-1, max-image-preview:large, max-video-preview:-1\" \/>\n<link rel=\"canonical\" href=\"https:\/\/www.purejewels.com\/de\/produkt-2\/skorpion-anhanger-aus-22-karat-gold-51040\/\" \/>\n<meta property=\"og:locale\" content=\"de_DE\" \/>\n<meta property=\"og:type\" content=\"article\" \/>\n<meta property=\"og:title\" content=\"Scorpio Zodiac Pendant in 22ct Gold | PureJewels London\" \/>\n<meta property=\"og:description\" content=\"Express your cosmic identity with our Scorpio Pendant in hallmarked 22ct gold. Handcrafted in London, it\u2019s a powerful symbol of passion, depth, and resilience.\" \/>\n<meta property=\"og:url\" content=\"https:\/\/www.purejewels.com\/de\/produkt-2\/skorpion-anhanger-aus-22-karat-gold-51040\/\" \/>\n<meta property=\"og:site_name\" content=\"PureJewels UK\" \/>\n<meta property=\"article:modified_time\" content=\"2026-04-27T05:57:01+00:00\" \/>\n<meta property=\"og:image\" content=\"https:\/\/static.purejewels.com\/wp-content\/uploads\/2025\/01\/SKU-51040-1.jpg\" \/>\n\t<meta property=\"og:image:width\" content=\"1000\" \/>\n\t<meta property=\"og:image:height\" content=\"1000\" \/>\n\t<meta property=\"og:image:type\" content=\"image\/jpeg\" \/>\n<meta name=\"twitter:card\" content=\"summary_large_image\" \/>\n<meta name=\"twitter:label1\" content=\"Gesch\u00e4tzte Lesezeit\" \/>\n\t<meta name=\"twitter:data1\" content=\"2\u00a0Minuten\" \/>\n<script type=\"application\/ld+json\" class=\"yoast-schema-graph\">{\"@context\":\"https:\\\/\\\/schema.org\",\"@graph\":[{\"@type\":[\"WebPage\",\"ItemPage\"],\"@id\":\"https:\\\/\\\/www.purejewels.com\\\/product\\\/22ct-gold-scorpio-pendant-51040\\\/\",\"url\":\"https:\\\/\\\/www.purejewels.com\\\/product\\\/22ct-gold-scorpio-pendant-51040\\\/\",\"name\":\"Scorpio Zodiac Pendant in 22ct Gold | PureJewels London\",\"isPartOf\":{\"@id\":\"https:\\\/\\\/www.purejewels.com\\\/#website\"},\"primaryImageOfPage\":{\"@id\":\"https:\\\/\\\/www.purejewels.com\\\/product\\\/22ct-gold-scorpio-pendant-51040\\\/#primaryimage\"},\"image\":{\"@id\":\"https:\\\/\\\/www.purejewels.com\\\/product\\\/22ct-gold-scorpio-pendant-51040\\\/#primaryimage\"},\"thumbnailUrl\":\"https:\\\/\\\/static.purejewels.com\\\/wp-content\\\/uploads\\\/2025\\\/01\\\/SKU-51040-1.jpg\",\"datePublished\":\"2025-01-23T12:11:20+00:00\",\"dateModified\":\"2026-04-27T05:57:01+00:00\",\"description\":\"Express your cosmic identity with our Scorpio Pendant in hallmarked 22ct gold. Handcrafted in London, it\u2019s a powerful symbol of passion, depth, and resilience.\",\"breadcrumb\":{\"@id\":\"https:\\\/\\\/www.purejewels.com\\\/product\\\/22ct-gold-scorpio-pendant-51040\\\/#breadcrumb\"},\"inLanguage\":\"de\",\"potentialAction\":[{\"@type\":\"ReadAction\",\"target\":[\"https:\\\/\\\/www.purejewels.com\\\/product\\\/22ct-gold-scorpio-pendant-51040\\\/\"]}]},{\"@type\":\"ImageObject\",\"inLanguage\":\"de\",\"@id\":\"https:\\\/\\\/www.purejewels.com\\\/product\\\/22ct-gold-scorpio-pendant-51040\\\/#primaryimage\",\"url\":\"https:\\\/\\\/static.purejewels.com\\\/wp-content\\\/uploads\\\/2025\\\/01\\\/SKU-51040-1.jpg\",\"contentUrl\":\"https:\\\/\\\/static.purejewels.com\\\/wp-content\\\/uploads\\\/2025\\\/01\\\/SKU-51040-1.jpg\",\"width\":1000,\"height\":1000,\"caption\":\"Stacked from 6 images. Method=B (R=8,S=4)\"},{\"@type\":\"BreadcrumbList\",\"@id\":\"https:\\\/\\\/www.purejewels.com\\\/product\\\/22ct-gold-scorpio-pendant-51040\\\/#breadcrumb\",\"itemListElement\":[{\"@type\":\"ListItem\",\"position\":1,\"name\":\"Home\",\"item\":\"https:\\\/\\\/www.purejewels.com\\\/\"},{\"@type\":\"ListItem\",\"position\":2,\"name\":\"Shop\",\"item\":\"https:\\\/\\\/www.purejewels.com\\\/shop\\\/\"},{\"@type\":\"ListItem\",\"position\":3,\"name\":\"22ct Gold Scorpio Pendant\"}]},{\"@type\":\"WebSite\",\"@id\":\"https:\\\/\\\/www.purejewels.com\\\/#website\",\"url\":\"https:\\\/\\\/www.purejewels.com\\\/\",\"name\":\"PureJewels UK\",\"description\":\"Share the Love\",\"publisher\":{\"@id\":\"https:\\\/\\\/www.purejewels.com\\\/#organization\"},\"potentialAction\":[{\"@type\":\"SearchAction\",\"target\":{\"@type\":\"EntryPoint\",\"urlTemplate\":\"https:\\\/\\\/www.purejewels.com\\\/?s={search_term_string}\"},\"query-input\":{\"@type\":\"PropertyValueSpecification\",\"valueRequired\":true,\"valueName\":\"search_term_string\"}}],\"inLanguage\":\"de\"},{\"@type\":\"Organization\",\"@id\":\"https:\\\/\\\/www.purejewels.com\\\/#organization\",\"name\":\"PureJewels UK\",\"url\":\"https:\\\/\\\/www.purejewels.com\\\/\",\"logo\":{\"@type\":\"ImageObject\",\"inLanguage\":\"de\",\"@id\":\"https:\\\/\\\/www.purejewels.com\\\/#\\\/schema\\\/logo\\\/image\\\/\",\"url\":\"https:\\\/\\\/static.purejewels.com\\\/wp-content\\\/uploads\\\/2020\\\/11\\\/Logo-PJ-New-1.png\",\"contentUrl\":\"https:\\\/\\\/static.purejewels.com\\\/wp-content\\\/uploads\\\/2020\\\/11\\\/Logo-PJ-New-1.png\",\"width\":150,\"height\":80,\"caption\":\"PureJewels UK\"},\"image\":{\"@id\":\"https:\\\/\\\/www.purejewels.com\\\/#\\\/schema\\\/logo\\\/image\\\/\"}}]}<\/script>\n<!-- \/ Yoast SEO plugin. -->","yoast_head_json":{"title":"Skorpion-Sternzeichen-Anh\u00e4nger in 22ct Gold | PureJewels London","description":"Bringen Sie Ihre kosmische Identit\u00e4t mit unserem Skorpion-Anh\u00e4nger aus gepunztem 22-kar\u00e4tigem Gold zum Ausdruck. Er wird in London handgefertigt und ist ein kraftvolles Symbol f\u00fcr Leidenschaft, Tiefe und Widerstandsf\u00e4higkeit.","robots":{"index":"index","follow":"follow","max-snippet":"max-snippet:-1","max-image-preview":"max-image-preview:large","max-video-preview":"max-video-preview:-1"},"canonical":"https:\/\/www.purejewels.com\/de\/produkt-2\/skorpion-anhanger-aus-22-karat-gold-51040\/","og_locale":"de_DE","og_type":"article","og_title":"Scorpio Zodiac Pendant in 22ct Gold | PureJewels London","og_description":"Express your cosmic identity with our Scorpio Pendant in hallmarked 22ct gold. Handcrafted in London, it\u2019s a powerful symbol of passion, depth, and resilience.","og_url":"https:\/\/www.purejewels.com\/de\/produkt-2\/skorpion-anhanger-aus-22-karat-gold-51040\/","og_site_name":"PureJewels UK","article_modified_time":"2026-04-27T05:57:01+00:00","og_image":[{"width":1000,"height":1000,"url":"https:\/\/static.purejewels.com\/wp-content\/uploads\/2025\/01\/SKU-51040-1.jpg","type":"image\/jpeg"}],"twitter_card":"summary_large_image","twitter_misc":{"Gesch\u00e4tzte Lesezeit":"2\u00a0Minuten"},"schema":{"@context":"https:\/\/schema.org","@graph":[{"@type":["WebPage","ItemPage"],"@id":"https:\/\/www.purejewels.com\/product\/22ct-gold-scorpio-pendant-51040\/","url":"https:\/\/www.purejewels.com\/product\/22ct-gold-scorpio-pendant-51040\/","name":"Skorpion-Sternzeichen-Anh\u00e4nger in 22ct Gold | PureJewels London","isPartOf":{"@id":"https:\/\/www.purejewels.com\/#website"},"primaryImageOfPage":{"@id":"https:\/\/www.purejewels.com\/product\/22ct-gold-scorpio-pendant-51040\/#primaryimage"},"image":{"@id":"https:\/\/www.purejewels.com\/product\/22ct-gold-scorpio-pendant-51040\/#primaryimage"},"thumbnailUrl":"https:\/\/static.purejewels.com\/wp-content\/uploads\/2025\/01\/SKU-51040-1.jpg","datePublished":"2025-01-23T12:11:20+00:00","dateModified":"2026-04-27T05:57:01+00:00","description":"Bringen Sie Ihre kosmische Identit\u00e4t mit unserem Skorpion-Anh\u00e4nger aus gepunztem 22-kar\u00e4tigem Gold zum Ausdruck. Er wird in London handgefertigt und ist ein kraftvolles Symbol f\u00fcr Leidenschaft, Tiefe und Widerstandsf\u00e4higkeit.","breadcrumb":{"@id":"https:\/\/www.purejewels.com\/product\/22ct-gold-scorpio-pendant-51040\/#breadcrumb"},"inLanguage":"de","potentialAction":[{"@type":"ReadAction","target":["https:\/\/www.purejewels.com\/product\/22ct-gold-scorpio-pendant-51040\/"]}]},{"@type":"ImageObject","inLanguage":"de","@id":"https:\/\/www.purejewels.com\/product\/22ct-gold-scorpio-pendant-51040\/#primaryimage","url":"https:\/\/static.purejewels.com\/wp-content\/uploads\/2025\/01\/SKU-51040-1.jpg","contentUrl":"https:\/\/static.purejewels.com\/wp-content\/uploads\/2025\/01\/SKU-51040-1.jpg","width":1000,"height":1000,"caption":"Stacked from 6 images. Method=B (R=8,S=4)"},{"@type":"BreadcrumbList","@id":"https:\/\/www.purejewels.com\/product\/22ct-gold-scorpio-pendant-51040\/#breadcrumb","itemListElement":[{"@type":"ListItem","position":1,"name":"Home","item":"https:\/\/www.purejewels.com\/"},{"@type":"ListItem","position":2,"name":"Shop","item":"https:\/\/www.purejewels.com\/shop\/"},{"@type":"ListItem","position":3,"name":"22ct Gold Scorpio Pendant"}]},{"@type":"WebSite","@id":"https:\/\/www.purejewels.com\/#website","url":"https:\/\/www.purejewels.com\/","name":"PureJewels UK","description":"Teile die Liebe","publisher":{"@id":"https:\/\/www.purejewels.com\/#organization"},"potentialAction":[{"@type":"SearchAction","target":{"@type":"EntryPoint","urlTemplate":"https:\/\/www.purejewels.com\/?s={search_term_string}"},"query-input":{"@type":"PropertyValueSpecification","valueRequired":true,"valueName":"search_term_string"}}],"inLanguage":"de"},{"@type":"Organization","@id":"https:\/\/www.purejewels.com\/#organization","name":"PureJewels UK","url":"https:\/\/www.purejewels.com\/","logo":{"@type":"ImageObject","inLanguage":"de","@id":"https:\/\/www.purejewels.com\/#\/schema\/logo\/image\/","url":"https:\/\/static.purejewels.com\/wp-content\/uploads\/2020\/11\/Logo-PJ-New-1.png","contentUrl":"https:\/\/static.purejewels.com\/wp-content\/uploads\/2020\/11\/Logo-PJ-New-1.png","width":150,"height":80,"caption":"PureJewels UK"},"image":{"@id":"https:\/\/www.purejewels.com\/#\/schema\/logo\/image\/"}}]}},"_links":{"self":[{"href":"https:\/\/www.purejewels.com\/de\/wp-json\/wp\/v2\/product\/395360","targetHints":{"allow":["GET"]}}],"collection":[{"href":"https:\/\/www.purejewels.com\/de\/wp-json\/wp\/v2\/product"}],"about":[{"href":"https:\/\/www.purejewels.com\/de\/wp-json\/wp\/v2\/types\/product"}],"replies":[{"embeddable":true,"href":"https:\/\/www.purejewels.com\/de\/wp-json\/wp\/v2\/comments?post=395360"}],"version-history":[{"count":4,"href":"https:\/\/www.purejewels.com\/de\/wp-json\/wp\/v2\/product\/395360\/revisions"}],"predecessor-version":[{"id":425394,"href":"https:\/\/www.purejewels.com\/de\/wp-json\/wp\/v2\/product\/395360\/revisions\/425394"}],"wp:featuredmedia":[{"embeddable":true,"href":"https:\/\/www.purejewels.com\/de\/wp-json\/wp\/v2\/media\/409054"}],"wp:attachment":[{"href":"https:\/\/www.purejewels.com\/de\/wp-json\/wp\/v2\/media?parent=395360"}],"wp:term":[{"taxonomy":"product_brand","embeddable":true,"href":"https:\/\/www.purejewels.com\/de\/wp-json\/wp\/v2\/product_brand?post=395360"},{"taxonomy":"product_cat","embeddable":true,"href":"https:\/\/www.purejewels.com\/de\/wp-json\/wp\/v2\/product_cat?post=395360"},{"taxonomy":"product_tag","embeddable":true,"href":"https:\/\/www.purejewels.com\/de\/wp-json\/wp\/v2\/product_tag?post=395360"}],"curies":[{"name":"wp","href":"https:\/\/api.w.org\/{rel}","templated":true}]}}