{"id":395384,"date":"2025-01-07T12:39:35","date_gmt":"2025-01-07T12:39:35","guid":{"rendered":"https:\/\/www.purejewels.com\/?post_type=product&#038;p=395384"},"modified":"2026-02-09T08:13:31","modified_gmt":"2026-02-09T08:13:31","slug":"22ct-gold-sagittarius-anhanger-51038","status":"publish","type":"product","link":"https:\/\/www.purejewels.com\/de\/product\/22ct-gold-sagittarius-pendant-51038\/","title":{"rendered":"22ct Gold Sch\u00fctze-Anh\u00e4nger"},"content":{"rendered":"<p>Unser Sch\u00fctze-Anh\u00e4nger aus gl\u00e4nzendem 22-kar\u00e4tigem Gold ist eine Hommage an das abenteuerlustigste Tierkreiszeichen. Mit seinem eleganten und modernen Symbol spiegelt dieses St\u00fcck den Optimismus, die Weisheit und die Unabh\u00e4ngigkeit wider, die die Seele des Sch\u00fctzen ausmachen. Das mit einer Punzierung versehene und handgefertigte Schmuckst\u00fcck ist ideal f\u00fcr den t\u00e4glichen Gebrauch oder als bedeutungsvolles Geschenk. Eine strahlende Art, deine himmlische Geschichte zu ehren.<\/p>\n<p><b>Bereichs-ID <\/b>JWPNPZCB008<br \/>\n<b>SKU:<\/b> 51038, 51653<\/p>","protected":false},"excerpt":{"rendered":"<div class=\"woocommerce-product-details__short-description\">\n<p class=\"\" data-start=\"188\" data-end=\"352\">Dieser k\u00fchne und abenteuerlustige Sch\u00fctze-Anh\u00e4nger aus 22-kar\u00e4tigem Gold zelebriert den Geist der Freiheit und der Entdeckung.<br data-start=\"292\" data-end=\"295\" \/>Perfekt f\u00fcr Wahrheitssuchende, die den Weg des Lebens lieben.<\/p>\n<p><strong>Material:<\/strong> 22ct Gold<strong><br \/>\nWahrzeichen:\u00a0<\/strong>Britisches G\u00fctesiegel<strong><br \/>\n<\/strong><strong>Bruttogewicht: <\/strong>2.14 Gms<strong><br \/>\nSKU: <\/strong>51653, 51038<\/p>\n<p><strong>Preis und Lieferung:<\/strong>Inklusive Mehrwertsteuer und Lieferkosten<strong><br \/>\n<a href=\"https:\/\/www.purejewels.com\/de\/ruckgabepolitik\/\">R\u00fcckgabepolitik<\/a><\/strong><\/p>\n<\/div>\n<div class=\"btn-atc atc-slide\"><\/div>\n<div class=\"product_meta\"><\/div>","protected":false},"featured_media":409046,"comment_status":"closed","ping_status":"closed","template":"","meta":{"_eb_attr":"","_crsspst_to_jayantr4sg-hostcom":true},"product_brand":[],"product_cat":[1770,1790,1229,1255,5343,1767,1572,1768,5338,1574,5349,6019],"product_tag":[],"class_list":{"0":"post-395384","1":"product","2":"type-product","3":"status-publish","4":"has-post-thumbnail","6":"product_cat-fancy-pendants","7":"product_cat-for-whom-when","8":"product_cat-22ct-gold-jewellery","9":"product_cat-gold-pendants","10":"product_cat-jewellery-under-550","11":"product_cat-ladies-pendants","12":"product_cat-mens-jewellery","13":"product_cat-mens-pendants","14":"product_cat-shop-by-price","15":"product_cat-womens-jewellery","16":"product_cat-yellow-gold-jewellery","17":"product_cat-zodiac-sign-pendant","19":"first","20":"instock","21":"taxable","22":"shipping-taxable","23":"purchasable","24":"product-type-simple","25":"add-to-wishlist-before_image"},"yoast_head":"<!-- This site is optimized with the Yoast SEO plugin v27.3 - https:\/\/yoast.com\/product\/yoast-seo-wordpress\/ -->\n<title>22ct Gold Sagittarius Pendant | PureJewels UK<\/title>\n<meta name=\"description\" content=\"Embrace your Sagittarius identity with this radiant 22ct Gold Pendant\u2014where astrological meaning meets timeless craftsmanship at PureJewels UK.\" \/>\n<meta name=\"robots\" content=\"index, follow, max-snippet:-1, max-image-preview:large, max-video-preview:-1\" \/>\n<link rel=\"canonical\" href=\"https:\/\/www.purejewels.com\/de\/produkt-2\/22ct-gold-sagittarius-anhanger-51038\/\" \/>\n<meta property=\"og:locale\" content=\"de_DE\" \/>\n<meta property=\"og:type\" content=\"article\" \/>\n<meta property=\"og:title\" content=\"22ct Gold Sagittarius Pendant | PureJewels UK\" \/>\n<meta property=\"og:description\" content=\"Embrace your Sagittarius identity with this radiant 22ct Gold Pendant\u2014where astrological meaning meets timeless craftsmanship at PureJewels UK.\" \/>\n<meta property=\"og:url\" content=\"https:\/\/www.purejewels.com\/de\/produkt-2\/22ct-gold-sagittarius-anhanger-51038\/\" \/>\n<meta property=\"og:site_name\" content=\"PureJewels UK\" \/>\n<meta property=\"article:modified_time\" content=\"2026-02-09T08:13:31+00:00\" \/>\n<meta property=\"og:image\" content=\"https:\/\/static.purejewels.com\/wp-content\/uploads\/2025\/01\/SKU-51038-1.jpg\" \/>\n\t<meta property=\"og:image:width\" content=\"1000\" \/>\n\t<meta property=\"og:image:height\" content=\"1000\" \/>\n\t<meta property=\"og:image:type\" content=\"image\/jpeg\" \/>\n<meta name=\"twitter:card\" content=\"summary_large_image\" \/>\n<meta name=\"twitter:label1\" content=\"Gesch\u00e4tzte Lesezeit\" \/>\n\t<meta name=\"twitter:data1\" content=\"1\u00a0Minute\" \/>\n<script type=\"application\/ld+json\" class=\"yoast-schema-graph\">{\"@context\":\"https:\\\/\\\/schema.org\",\"@graph\":[{\"@type\":[\"WebPage\",\"ItemPage\"],\"@id\":\"https:\\\/\\\/www.purejewels.com\\\/product\\\/22ct-gold-sagittarius-pendant-51038\\\/\",\"url\":\"https:\\\/\\\/www.purejewels.com\\\/product\\\/22ct-gold-sagittarius-pendant-51038\\\/\",\"name\":\"22ct Gold Sagittarius Pendant | PureJewels UK\",\"isPartOf\":{\"@id\":\"https:\\\/\\\/www.purejewels.com\\\/#website\"},\"primaryImageOfPage\":{\"@id\":\"https:\\\/\\\/www.purejewels.com\\\/product\\\/22ct-gold-sagittarius-pendant-51038\\\/#primaryimage\"},\"image\":{\"@id\":\"https:\\\/\\\/www.purejewels.com\\\/product\\\/22ct-gold-sagittarius-pendant-51038\\\/#primaryimage\"},\"thumbnailUrl\":\"https:\\\/\\\/static.purejewels.com\\\/wp-content\\\/uploads\\\/2025\\\/01\\\/SKU-51038-1.jpg\",\"datePublished\":\"2025-01-07T12:39:35+00:00\",\"dateModified\":\"2026-02-09T08:13:31+00:00\",\"description\":\"Embrace your Sagittarius identity with this radiant 22ct Gold Pendant\u2014where astrological meaning meets timeless craftsmanship at PureJewels UK.\",\"breadcrumb\":{\"@id\":\"https:\\\/\\\/www.purejewels.com\\\/product\\\/22ct-gold-sagittarius-pendant-51038\\\/#breadcrumb\"},\"inLanguage\":\"de\",\"potentialAction\":[{\"@type\":\"ReadAction\",\"target\":[\"https:\\\/\\\/www.purejewels.com\\\/product\\\/22ct-gold-sagittarius-pendant-51038\\\/\"]}]},{\"@type\":\"ImageObject\",\"inLanguage\":\"de\",\"@id\":\"https:\\\/\\\/www.purejewels.com\\\/product\\\/22ct-gold-sagittarius-pendant-51038\\\/#primaryimage\",\"url\":\"https:\\\/\\\/static.purejewels.com\\\/wp-content\\\/uploads\\\/2025\\\/01\\\/SKU-51038-1.jpg\",\"contentUrl\":\"https:\\\/\\\/static.purejewels.com\\\/wp-content\\\/uploads\\\/2025\\\/01\\\/SKU-51038-1.jpg\",\"width\":1000,\"height\":1000,\"caption\":\"Stacked from 6 images. Method=B (R=8,S=4)\"},{\"@type\":\"BreadcrumbList\",\"@id\":\"https:\\\/\\\/www.purejewels.com\\\/product\\\/22ct-gold-sagittarius-pendant-51038\\\/#breadcrumb\",\"itemListElement\":[{\"@type\":\"ListItem\",\"position\":1,\"name\":\"Home\",\"item\":\"https:\\\/\\\/www.purejewels.com\\\/\"},{\"@type\":\"ListItem\",\"position\":2,\"name\":\"Shop\",\"item\":\"https:\\\/\\\/www.purejewels.com\\\/shop\\\/\"},{\"@type\":\"ListItem\",\"position\":3,\"name\":\"22ct Gold Sagittarius Pendant\"}]},{\"@type\":\"WebSite\",\"@id\":\"https:\\\/\\\/www.purejewels.com\\\/#website\",\"url\":\"https:\\\/\\\/www.purejewels.com\\\/\",\"name\":\"PureJewels UK\",\"description\":\"Share the Love\",\"publisher\":{\"@id\":\"https:\\\/\\\/www.purejewels.com\\\/#organization\"},\"potentialAction\":[{\"@type\":\"SearchAction\",\"target\":{\"@type\":\"EntryPoint\",\"urlTemplate\":\"https:\\\/\\\/www.purejewels.com\\\/?s={search_term_string}\"},\"query-input\":{\"@type\":\"PropertyValueSpecification\",\"valueRequired\":true,\"valueName\":\"search_term_string\"}}],\"inLanguage\":\"de\"},{\"@type\":\"Organization\",\"@id\":\"https:\\\/\\\/www.purejewels.com\\\/#organization\",\"name\":\"PureJewels UK\",\"url\":\"https:\\\/\\\/www.purejewels.com\\\/\",\"logo\":{\"@type\":\"ImageObject\",\"inLanguage\":\"de\",\"@id\":\"https:\\\/\\\/www.purejewels.com\\\/#\\\/schema\\\/logo\\\/image\\\/\",\"url\":\"https:\\\/\\\/static.purejewels.com\\\/wp-content\\\/uploads\\\/2020\\\/11\\\/Logo-PJ-New-1.png\",\"contentUrl\":\"https:\\\/\\\/static.purejewels.com\\\/wp-content\\\/uploads\\\/2020\\\/11\\\/Logo-PJ-New-1.png\",\"width\":150,\"height\":80,\"caption\":\"PureJewels UK\"},\"image\":{\"@id\":\"https:\\\/\\\/www.purejewels.com\\\/#\\\/schema\\\/logo\\\/image\\\/\"}}]}<\/script>\n<!-- \/ Yoast SEO plugin. -->","yoast_head_json":{"title":"22ct Gold Sagittarius Anh\u00e4nger | PureJewels UK","description":"Umarmen Sie Ihre Sch\u00fctze-Identit\u00e4t mit diesem strahlenden 22 Karat Gold-Anh\u00e4nger - hier trifft astrologische Bedeutung auf zeitlose Handwerkskunst bei PureJewels UK.","robots":{"index":"index","follow":"follow","max-snippet":"max-snippet:-1","max-image-preview":"max-image-preview:large","max-video-preview":"max-video-preview:-1"},"canonical":"https:\/\/www.purejewels.com\/de\/produkt-2\/22ct-gold-sagittarius-anhanger-51038\/","og_locale":"de_DE","og_type":"article","og_title":"22ct Gold Sagittarius Pendant | PureJewels UK","og_description":"Embrace your Sagittarius identity with this radiant 22ct Gold Pendant\u2014where astrological meaning meets timeless craftsmanship at PureJewels UK.","og_url":"https:\/\/www.purejewels.com\/de\/produkt-2\/22ct-gold-sagittarius-anhanger-51038\/","og_site_name":"PureJewels UK","article_modified_time":"2026-02-09T08:13:31+00:00","og_image":[{"width":1000,"height":1000,"url":"https:\/\/static.purejewels.com\/wp-content\/uploads\/2025\/01\/SKU-51038-1.jpg","type":"image\/jpeg"}],"twitter_card":"summary_large_image","twitter_misc":{"Gesch\u00e4tzte Lesezeit":"1\u00a0Minute"},"schema":{"@context":"https:\/\/schema.org","@graph":[{"@type":["WebPage","ItemPage"],"@id":"https:\/\/www.purejewels.com\/product\/22ct-gold-sagittarius-pendant-51038\/","url":"https:\/\/www.purejewels.com\/product\/22ct-gold-sagittarius-pendant-51038\/","name":"22ct Gold Sagittarius Anh\u00e4nger | PureJewels UK","isPartOf":{"@id":"https:\/\/www.purejewels.com\/#website"},"primaryImageOfPage":{"@id":"https:\/\/www.purejewels.com\/product\/22ct-gold-sagittarius-pendant-51038\/#primaryimage"},"image":{"@id":"https:\/\/www.purejewels.com\/product\/22ct-gold-sagittarius-pendant-51038\/#primaryimage"},"thumbnailUrl":"https:\/\/static.purejewels.com\/wp-content\/uploads\/2025\/01\/SKU-51038-1.jpg","datePublished":"2025-01-07T12:39:35+00:00","dateModified":"2026-02-09T08:13:31+00:00","description":"Umarmen Sie Ihre Sch\u00fctze-Identit\u00e4t mit diesem strahlenden 22 Karat Gold-Anh\u00e4nger - hier trifft astrologische Bedeutung auf zeitlose Handwerkskunst bei PureJewels UK.","breadcrumb":{"@id":"https:\/\/www.purejewels.com\/product\/22ct-gold-sagittarius-pendant-51038\/#breadcrumb"},"inLanguage":"de","potentialAction":[{"@type":"ReadAction","target":["https:\/\/www.purejewels.com\/product\/22ct-gold-sagittarius-pendant-51038\/"]}]},{"@type":"ImageObject","inLanguage":"de","@id":"https:\/\/www.purejewels.com\/product\/22ct-gold-sagittarius-pendant-51038\/#primaryimage","url":"https:\/\/static.purejewels.com\/wp-content\/uploads\/2025\/01\/SKU-51038-1.jpg","contentUrl":"https:\/\/static.purejewels.com\/wp-content\/uploads\/2025\/01\/SKU-51038-1.jpg","width":1000,"height":1000,"caption":"Stacked from 6 images. Method=B (R=8,S=4)"},{"@type":"BreadcrumbList","@id":"https:\/\/www.purejewels.com\/product\/22ct-gold-sagittarius-pendant-51038\/#breadcrumb","itemListElement":[{"@type":"ListItem","position":1,"name":"Home","item":"https:\/\/www.purejewels.com\/"},{"@type":"ListItem","position":2,"name":"Shop","item":"https:\/\/www.purejewels.com\/shop\/"},{"@type":"ListItem","position":3,"name":"22ct Gold Sagittarius Pendant"}]},{"@type":"WebSite","@id":"https:\/\/www.purejewels.com\/#website","url":"https:\/\/www.purejewels.com\/","name":"PureJewels UK","description":"Teile die Liebe","publisher":{"@id":"https:\/\/www.purejewels.com\/#organization"},"potentialAction":[{"@type":"SearchAction","target":{"@type":"EntryPoint","urlTemplate":"https:\/\/www.purejewels.com\/?s={search_term_string}"},"query-input":{"@type":"PropertyValueSpecification","valueRequired":true,"valueName":"search_term_string"}}],"inLanguage":"de"},{"@type":"Organization","@id":"https:\/\/www.purejewels.com\/#organization","name":"PureJewels UK","url":"https:\/\/www.purejewels.com\/","logo":{"@type":"ImageObject","inLanguage":"de","@id":"https:\/\/www.purejewels.com\/#\/schema\/logo\/image\/","url":"https:\/\/static.purejewels.com\/wp-content\/uploads\/2020\/11\/Logo-PJ-New-1.png","contentUrl":"https:\/\/static.purejewels.com\/wp-content\/uploads\/2020\/11\/Logo-PJ-New-1.png","width":150,"height":80,"caption":"PureJewels UK"},"image":{"@id":"https:\/\/www.purejewels.com\/#\/schema\/logo\/image\/"}}]}},"_links":{"self":[{"href":"https:\/\/www.purejewels.com\/de\/wp-json\/wp\/v2\/product\/395384","targetHints":{"allow":["GET"]}}],"collection":[{"href":"https:\/\/www.purejewels.com\/de\/wp-json\/wp\/v2\/product"}],"about":[{"href":"https:\/\/www.purejewels.com\/de\/wp-json\/wp\/v2\/types\/product"}],"replies":[{"embeddable":true,"href":"https:\/\/www.purejewels.com\/de\/wp-json\/wp\/v2\/comments?post=395384"}],"version-history":[{"count":5,"href":"https:\/\/www.purejewels.com\/de\/wp-json\/wp\/v2\/product\/395384\/revisions"}],"predecessor-version":[{"id":409044,"href":"https:\/\/www.purejewels.com\/de\/wp-json\/wp\/v2\/product\/395384\/revisions\/409044"}],"wp:featuredmedia":[{"embeddable":true,"href":"https:\/\/www.purejewels.com\/de\/wp-json\/wp\/v2\/media\/409046"}],"wp:attachment":[{"href":"https:\/\/www.purejewels.com\/de\/wp-json\/wp\/v2\/media?parent=395384"}],"wp:term":[{"taxonomy":"product_brand","embeddable":true,"href":"https:\/\/www.purejewels.com\/de\/wp-json\/wp\/v2\/product_brand?post=395384"},{"taxonomy":"product_cat","embeddable":true,"href":"https:\/\/www.purejewels.com\/de\/wp-json\/wp\/v2\/product_cat?post=395384"},{"taxonomy":"product_tag","embeddable":true,"href":"https:\/\/www.purejewels.com\/de\/wp-json\/wp\/v2\/product_tag?post=395384"}],"curies":[{"name":"wp","href":"https:\/\/api.w.org\/{rel}","templated":true}]}}