{"id":395395,"date":"2025-03-07T13:05:14","date_gmt":"2025-03-07T13:05:14","guid":{"rendered":"https:\/\/www.purejewels.com\/?post_type=product&#038;p=395395"},"modified":"2026-01-06T08:33:28","modified_gmt":"2026-01-06T08:33:28","slug":"22ct-gold-fische-anhanger-51037","status":"publish","type":"product","link":"https:\/\/www.purejewels.com\/de\/product\/22ct-gold-pisces-pendant-51037\/","title":{"rendered":"22ct Gold Fische-Anh\u00e4nger"},"content":{"rendered":"<p>Unser 22kt Gold Pisces Anh\u00e4nger ist eine anmutige Hommage an alle, die im Zeichen der Fische geboren sind. Mit seinem klaren, symbolischen Design spiegelt er Kreativit\u00e4t, Emotion und Intuition wider. Der handgefertigte und gepunzte Anh\u00e4nger eignet sich perfekt f\u00fcr den t\u00e4glichen Gebrauch oder als aufmerksames Geschenk f\u00fcr das Sternzeichen.<\/p>\n<p><b>Bereichs-ID <\/b>JWPNPZCB007<br \/>\n<b>SKU:<\/b>\u00a051037<\/p>","protected":false},"excerpt":{"rendered":"<div class=\"woocommerce-product-details__short-description\">\n<p>Dieser vertr\u00e4umte und intuitive Anh\u00e4nger aus 22-kar\u00e4tigem Gold f\u00e4ngt den poetischen Geist des letzten Tierkreiszeichens ein.<br data-start=\"289\" data-end=\"292\" \/>Ein perfekter Talisman f\u00fcr die Mitf\u00fchlenden und Kreativen.<\/p>\n<p><strong>Material:<\/strong> 22ct Gold<strong><br \/>\nWahrzeichen:\u00a0<\/strong>Britisches G\u00fctesiegel<strong><br \/>\n<\/strong><strong>Bruttogewicht: <\/strong>2.13 Gms<strong><br \/>\nSKU: <\/strong>51037<\/p>\n<p><strong>Preis und Lieferung:<\/strong>Inklusive Mehrwertsteuer und Lieferkosten<strong><br \/>\n<a href=\"https:\/\/www.purejewels.com\/de\/ruckgabepolitik\/\">R\u00fcckgabepolitik<\/a><\/strong><\/p>\n<\/div>\n<div class=\"btn-atc atc-slide\"><\/div>\n<div class=\"product_meta\"><\/div>","protected":false},"featured_media":395399,"comment_status":"closed","ping_status":"closed","template":"","meta":{"_eb_attr":"","_crsspst_to_jayantr4sg-hostcom":true},"product_brand":[],"product_cat":[1770,1790,1229,1255,5343,1767,1572,1768,5338,1574,5349,6019],"product_tag":[],"class_list":{"0":"post-395395","1":"product","2":"type-product","3":"status-publish","4":"has-post-thumbnail","6":"product_cat-fancy-pendants","7":"product_cat-for-whom-when","8":"product_cat-22ct-gold-jewellery","9":"product_cat-gold-pendants","10":"product_cat-jewellery-under-550","11":"product_cat-ladies-pendants","12":"product_cat-mens-jewellery","13":"product_cat-mens-pendants","14":"product_cat-shop-by-price","15":"product_cat-womens-jewellery","16":"product_cat-yellow-gold-jewellery","17":"product_cat-zodiac-sign-pendant","19":"first","20":"outofstock","21":"taxable","22":"shipping-taxable","23":"product-type-simple","24":"add-to-wishlist-before_image"},"yoast_head":"<!-- This site is optimized with the Yoast SEO plugin v27.3 - https:\/\/yoast.com\/product\/yoast-seo-wordpress\/ -->\n<title>22ct Gold Pisces Pendant | Zodiac Pendants UK<\/title>\n<meta name=\"description\" content=\"PureJewels presents the 22ct Gold Pisces Pendant\u2014where celestial symbolism meets timeless gold craftsmanship for the soulful dreamer.\" \/>\n<meta name=\"robots\" content=\"index, follow, max-snippet:-1, max-image-preview:large, max-video-preview:-1\" \/>\n<link rel=\"canonical\" href=\"https:\/\/www.purejewels.com\/de\/produkt-2\/22ct-gold-fische-anhanger-51037\/\" \/>\n<meta property=\"og:locale\" content=\"de_DE\" \/>\n<meta property=\"og:type\" content=\"article\" \/>\n<meta property=\"og:title\" content=\"22ct Gold Pisces Pendant | Zodiac Pendants UK\" \/>\n<meta property=\"og:description\" content=\"PureJewels presents the 22ct Gold Pisces Pendant\u2014where celestial symbolism meets timeless gold craftsmanship for the soulful dreamer.\" \/>\n<meta property=\"og:url\" content=\"https:\/\/www.purejewels.com\/de\/produkt-2\/22ct-gold-fische-anhanger-51037\/\" \/>\n<meta property=\"og:site_name\" content=\"PureJewels UK\" \/>\n<meta property=\"article:modified_time\" content=\"2026-01-06T08:33:28+00:00\" \/>\n<meta property=\"og:image\" content=\"https:\/\/www.purejewels.com\/wp-content\/uploads\/2025\/05\/51037.png\" \/>\n\t<meta property=\"og:image:width\" content=\"1000\" \/>\n\t<meta property=\"og:image:height\" content=\"1000\" \/>\n\t<meta property=\"og:image:type\" content=\"image\/png\" \/>\n<meta name=\"twitter:card\" content=\"summary_large_image\" \/>\n<meta name=\"twitter:label1\" content=\"Gesch\u00e4tzte Lesezeit\" \/>\n\t<meta name=\"twitter:data1\" content=\"1\u00a0Minute\" \/>\n<script type=\"application\/ld+json\" class=\"yoast-schema-graph\">{\"@context\":\"https:\\\/\\\/schema.org\",\"@graph\":[{\"@type\":[\"WebPage\",\"ItemPage\"],\"@id\":\"https:\\\/\\\/www.purejewels.com\\\/product\\\/22ct-gold-pisces-pendant-51037\\\/\",\"url\":\"https:\\\/\\\/www.purejewels.com\\\/product\\\/22ct-gold-pisces-pendant-51037\\\/\",\"name\":\"22ct Gold Pisces Pendant | Zodiac Pendants UK\",\"isPartOf\":{\"@id\":\"https:\\\/\\\/www.purejewels.com\\\/#website\"},\"primaryImageOfPage\":{\"@id\":\"https:\\\/\\\/www.purejewels.com\\\/product\\\/22ct-gold-pisces-pendant-51037\\\/#primaryimage\"},\"image\":{\"@id\":\"https:\\\/\\\/www.purejewels.com\\\/product\\\/22ct-gold-pisces-pendant-51037\\\/#primaryimage\"},\"thumbnailUrl\":\"https:\\\/\\\/static.purejewels.com\\\/wp-content\\\/uploads\\\/2025\\\/05\\\/51037.png\",\"datePublished\":\"2025-03-07T13:05:14+00:00\",\"dateModified\":\"2026-01-06T08:33:28+00:00\",\"description\":\"PureJewels presents the 22ct Gold Pisces Pendant\u2014where celestial symbolism meets timeless gold craftsmanship for the soulful dreamer.\",\"breadcrumb\":{\"@id\":\"https:\\\/\\\/www.purejewels.com\\\/product\\\/22ct-gold-pisces-pendant-51037\\\/#breadcrumb\"},\"inLanguage\":\"de\",\"potentialAction\":[{\"@type\":\"ReadAction\",\"target\":[\"https:\\\/\\\/www.purejewels.com\\\/product\\\/22ct-gold-pisces-pendant-51037\\\/\"]}]},{\"@type\":\"ImageObject\",\"inLanguage\":\"de\",\"@id\":\"https:\\\/\\\/www.purejewels.com\\\/product\\\/22ct-gold-pisces-pendant-51037\\\/#primaryimage\",\"url\":\"https:\\\/\\\/static.purejewels.com\\\/wp-content\\\/uploads\\\/2025\\\/05\\\/51037.png\",\"contentUrl\":\"https:\\\/\\\/static.purejewels.com\\\/wp-content\\\/uploads\\\/2025\\\/05\\\/51037.png\",\"width\":1000,\"height\":1000,\"caption\":\"22ct Gold Pisces Pendant\"},{\"@type\":\"BreadcrumbList\",\"@id\":\"https:\\\/\\\/www.purejewels.com\\\/product\\\/22ct-gold-pisces-pendant-51037\\\/#breadcrumb\",\"itemListElement\":[{\"@type\":\"ListItem\",\"position\":1,\"name\":\"Home\",\"item\":\"https:\\\/\\\/www.purejewels.com\\\/\"},{\"@type\":\"ListItem\",\"position\":2,\"name\":\"Shop\",\"item\":\"https:\\\/\\\/www.purejewels.com\\\/shop\\\/\"},{\"@type\":\"ListItem\",\"position\":3,\"name\":\"22ct Gold Pisces Pendant\"}]},{\"@type\":\"WebSite\",\"@id\":\"https:\\\/\\\/www.purejewels.com\\\/#website\",\"url\":\"https:\\\/\\\/www.purejewels.com\\\/\",\"name\":\"PureJewels UK\",\"description\":\"Share the Love\",\"publisher\":{\"@id\":\"https:\\\/\\\/www.purejewels.com\\\/#organization\"},\"potentialAction\":[{\"@type\":\"SearchAction\",\"target\":{\"@type\":\"EntryPoint\",\"urlTemplate\":\"https:\\\/\\\/www.purejewels.com\\\/?s={search_term_string}\"},\"query-input\":{\"@type\":\"PropertyValueSpecification\",\"valueRequired\":true,\"valueName\":\"search_term_string\"}}],\"inLanguage\":\"de\"},{\"@type\":\"Organization\",\"@id\":\"https:\\\/\\\/www.purejewels.com\\\/#organization\",\"name\":\"PureJewels UK\",\"url\":\"https:\\\/\\\/www.purejewels.com\\\/\",\"logo\":{\"@type\":\"ImageObject\",\"inLanguage\":\"de\",\"@id\":\"https:\\\/\\\/www.purejewels.com\\\/#\\\/schema\\\/logo\\\/image\\\/\",\"url\":\"https:\\\/\\\/static.purejewels.com\\\/wp-content\\\/uploads\\\/2020\\\/11\\\/Logo-PJ-New-1.png\",\"contentUrl\":\"https:\\\/\\\/static.purejewels.com\\\/wp-content\\\/uploads\\\/2020\\\/11\\\/Logo-PJ-New-1.png\",\"width\":150,\"height\":80,\"caption\":\"PureJewels UK\"},\"image\":{\"@id\":\"https:\\\/\\\/www.purejewels.com\\\/#\\\/schema\\\/logo\\\/image\\\/\"}}]}<\/script>\n<!-- \/ Yoast SEO plugin. -->","yoast_head_json":{"title":"22ct Gold Pisces Anh\u00e4nger | Zodiac Anh\u00e4nger UK","description":"PureJewels pr\u00e4sentiert den 22ct Gold Pisces Anh\u00e4nger - hier trifft himmlische Symbolik auf zeitloses Goldhandwerk f\u00fcr den seelenvollen Tr\u00e4umer.","robots":{"index":"index","follow":"follow","max-snippet":"max-snippet:-1","max-image-preview":"max-image-preview:large","max-video-preview":"max-video-preview:-1"},"canonical":"https:\/\/www.purejewels.com\/de\/produkt-2\/22ct-gold-fische-anhanger-51037\/","og_locale":"de_DE","og_type":"article","og_title":"22ct Gold Pisces Pendant | Zodiac Pendants UK","og_description":"PureJewels presents the 22ct Gold Pisces Pendant\u2014where celestial symbolism meets timeless gold craftsmanship for the soulful dreamer.","og_url":"https:\/\/www.purejewels.com\/de\/produkt-2\/22ct-gold-fische-anhanger-51037\/","og_site_name":"PureJewels UK","article_modified_time":"2026-01-06T08:33:28+00:00","og_image":[{"width":1000,"height":1000,"url":"https:\/\/www.purejewels.com\/wp-content\/uploads\/2025\/05\/51037.png","type":"image\/png"}],"twitter_card":"summary_large_image","twitter_misc":{"Gesch\u00e4tzte Lesezeit":"1\u00a0Minute"},"schema":{"@context":"https:\/\/schema.org","@graph":[{"@type":["WebPage","ItemPage"],"@id":"https:\/\/www.purejewels.com\/product\/22ct-gold-pisces-pendant-51037\/","url":"https:\/\/www.purejewels.com\/product\/22ct-gold-pisces-pendant-51037\/","name":"22ct Gold Pisces Anh\u00e4nger | Zodiac Anh\u00e4nger UK","isPartOf":{"@id":"https:\/\/www.purejewels.com\/#website"},"primaryImageOfPage":{"@id":"https:\/\/www.purejewels.com\/product\/22ct-gold-pisces-pendant-51037\/#primaryimage"},"image":{"@id":"https:\/\/www.purejewels.com\/product\/22ct-gold-pisces-pendant-51037\/#primaryimage"},"thumbnailUrl":"https:\/\/static.purejewels.com\/wp-content\/uploads\/2025\/05\/51037.png","datePublished":"2025-03-07T13:05:14+00:00","dateModified":"2026-01-06T08:33:28+00:00","description":"PureJewels pr\u00e4sentiert den 22ct Gold Pisces Anh\u00e4nger - hier trifft himmlische Symbolik auf zeitloses Goldhandwerk f\u00fcr den seelenvollen Tr\u00e4umer.","breadcrumb":{"@id":"https:\/\/www.purejewels.com\/product\/22ct-gold-pisces-pendant-51037\/#breadcrumb"},"inLanguage":"de","potentialAction":[{"@type":"ReadAction","target":["https:\/\/www.purejewels.com\/product\/22ct-gold-pisces-pendant-51037\/"]}]},{"@type":"ImageObject","inLanguage":"de","@id":"https:\/\/www.purejewels.com\/product\/22ct-gold-pisces-pendant-51037\/#primaryimage","url":"https:\/\/static.purejewels.com\/wp-content\/uploads\/2025\/05\/51037.png","contentUrl":"https:\/\/static.purejewels.com\/wp-content\/uploads\/2025\/05\/51037.png","width":1000,"height":1000,"caption":"22ct Gold Pisces Pendant"},{"@type":"BreadcrumbList","@id":"https:\/\/www.purejewels.com\/product\/22ct-gold-pisces-pendant-51037\/#breadcrumb","itemListElement":[{"@type":"ListItem","position":1,"name":"Home","item":"https:\/\/www.purejewels.com\/"},{"@type":"ListItem","position":2,"name":"Shop","item":"https:\/\/www.purejewels.com\/shop\/"},{"@type":"ListItem","position":3,"name":"22ct Gold Pisces Pendant"}]},{"@type":"WebSite","@id":"https:\/\/www.purejewels.com\/#website","url":"https:\/\/www.purejewels.com\/","name":"PureJewels UK","description":"Teile die Liebe","publisher":{"@id":"https:\/\/www.purejewels.com\/#organization"},"potentialAction":[{"@type":"SearchAction","target":{"@type":"EntryPoint","urlTemplate":"https:\/\/www.purejewels.com\/?s={search_term_string}"},"query-input":{"@type":"PropertyValueSpecification","valueRequired":true,"valueName":"search_term_string"}}],"inLanguage":"de"},{"@type":"Organization","@id":"https:\/\/www.purejewels.com\/#organization","name":"PureJewels UK","url":"https:\/\/www.purejewels.com\/","logo":{"@type":"ImageObject","inLanguage":"de","@id":"https:\/\/www.purejewels.com\/#\/schema\/logo\/image\/","url":"https:\/\/static.purejewels.com\/wp-content\/uploads\/2020\/11\/Logo-PJ-New-1.png","contentUrl":"https:\/\/static.purejewels.com\/wp-content\/uploads\/2020\/11\/Logo-PJ-New-1.png","width":150,"height":80,"caption":"PureJewels UK"},"image":{"@id":"https:\/\/www.purejewels.com\/#\/schema\/logo\/image\/"}}]}},"_links":{"self":[{"href":"https:\/\/www.purejewels.com\/de\/wp-json\/wp\/v2\/product\/395395","targetHints":{"allow":["GET"]}}],"collection":[{"href":"https:\/\/www.purejewels.com\/de\/wp-json\/wp\/v2\/product"}],"about":[{"href":"https:\/\/www.purejewels.com\/de\/wp-json\/wp\/v2\/types\/product"}],"replies":[{"embeddable":true,"href":"https:\/\/www.purejewels.com\/de\/wp-json\/wp\/v2\/comments?post=395395"}],"version-history":[{"count":3,"href":"https:\/\/www.purejewels.com\/de\/wp-json\/wp\/v2\/product\/395395\/revisions"}],"predecessor-version":[{"id":395780,"href":"https:\/\/www.purejewels.com\/de\/wp-json\/wp\/v2\/product\/395395\/revisions\/395780"}],"wp:featuredmedia":[{"embeddable":true,"href":"https:\/\/www.purejewels.com\/de\/wp-json\/wp\/v2\/media\/395399"}],"wp:attachment":[{"href":"https:\/\/www.purejewels.com\/de\/wp-json\/wp\/v2\/media?parent=395395"}],"wp:term":[{"taxonomy":"product_brand","embeddable":true,"href":"https:\/\/www.purejewels.com\/de\/wp-json\/wp\/v2\/product_brand?post=395395"},{"taxonomy":"product_cat","embeddable":true,"href":"https:\/\/www.purejewels.com\/de\/wp-json\/wp\/v2\/product_cat?post=395395"},{"taxonomy":"product_tag","embeddable":true,"href":"https:\/\/www.purejewels.com\/de\/wp-json\/wp\/v2\/product_tag?post=395395"}],"curies":[{"name":"wp","href":"https:\/\/api.w.org\/{rel}","templated":true}]}}