{"id":396351,"date":"2025-01-12T10:28:23","date_gmt":"2025-01-12T10:28:23","guid":{"rendered":"https:\/\/www.purejewels.com\/?post_type=product&#038;p=396351"},"modified":"2026-01-06T08:09:34","modified_gmt":"2026-01-06T08:09:34","slug":"22ct-gold-initial-s-anhanger-mit-cz-steinen-51062","status":"publish","type":"product","link":"https:\/\/www.purejewels.com\/de\/product\/22ct-gold-initial-s-pendant-with-cz-stones-51062\/","title":{"rendered":"22ct Gold Initial S Anh\u00e4nger mit CZ Steinen"},"content":{"rendered":"<h3>Designkonzept<\/h3>\n<p>Das Design verbindet pers\u00f6nlichen Ausdruck mit zeitlosem Stil. Die Initiale S verleiht ihm eine einzigartige Note, w\u00e4hrend die Zirkoniasteine die Brillanz verst\u00e4rken und einen Anh\u00e4nger schaffen, der sowohl bedeutungsvoll als auch modisch ist.<\/p>\n<h3>Handwerkliches K\u00f6nnen<\/h3>\n<p>Dieser Anh\u00e4nger wurde in fachm\u00e4nnischer Handarbeit aus 22 Karat Gelbgold gefertigt und zeichnet sich durch feine Details und eine pr\u00e4zise Steinfassung aus. Jedes St\u00fcck ist vom London Assay Office gestempelt und garantiert Reinheit und Authentizit\u00e4t.<\/p>\n<h3>Styling-Tipps<\/h3>\n<p>Kombinieren Sie diesen Anh\u00e4nger mit einer schmalen Goldkette f\u00fcr einen minimalistischen Look oder kombinieren Sie ihn mit anderen Anh\u00e4ngern f\u00fcr ein trendiges Statement. Er ist so vielseitig, dass er sowohl zu Freizeit- als auch zu Abendgarderobe passt und somit ein perfektes Alltags-Accessoire ist.<\/p>","protected":false},"excerpt":{"rendered":"<div class=\"woocommerce-product-details__short-description\">\n<p>Personalisierte 22ct Gold Initial S Anh\u00e4nger mit funkelnden CZ-Steinen verziert. Ein aussagekr\u00e4ftiges Design f\u00fcr Reinheit gestempelt und f\u00fcr dauerhafte Eleganz gefertigt.<\/p>\n<p><strong>Material:<\/strong> 22ct Gold<strong><br \/>\nWahrzeichen:\u00a0<\/strong>Britisches G\u00fctesiegel<strong><br \/>\n<\/strong><strong>Bruttogewicht: <\/strong>1,53 Gramm<strong><br \/>\nSKU: <\/strong>51062, 53100, 53101, 53015<\/p>\n<p><strong>Preis und Lieferung:<\/strong> Inklusive Mehrwertsteuer und Lieferkosten<strong><br \/>\n<a href=\"https:\/\/www.purejewels.com\/de\/ruckgabepolitik\/\">R\u00fcckgabepolitik<\/a><\/strong><\/p>\n<\/div>\n<div class=\"btn-atc atc-slide\"><\/div>\n<div class=\"product_meta\"><\/div>","protected":false},"featured_media":396353,"comment_status":"closed","ping_status":"closed","template":"","meta":{"_eb_attr":"","_crsspst_to_jayantr4sg-hostcom":true},"product_brand":[],"product_cat":[1576,1793,1770,1792,1790,1229,1255,5598,1767,1572,1768,5338,1575,1574,5349],"product_tag":[],"class_list":{"0":"post-396351","1":"product","2":"type-product","3":"status-publish","4":"has-post-thumbnail","6":"product_cat-childrens-jewellery","7":"product_cat-diwali-gifts","8":"product_cat-fancy-pendants","9":"product_cat-festival-gifts","10":"product_cat-for-whom-when","11":"product_cat-22ct-gold-jewellery","12":"product_cat-gold-pendants","13":"product_cat-initial-pendant","14":"product_cat-ladies-pendants","15":"product_cat-mens-jewellery","16":"product_cat-mens-pendants","17":"product_cat-shop-by-price","18":"product_cat-teenage-jewellery","19":"product_cat-womens-jewellery","20":"product_cat-yellow-gold-jewellery","22":"first","23":"outofstock","24":"sale","25":"taxable","26":"shipping-taxable","27":"product-type-simple","28":"add-to-wishlist-before_image"},"yoast_head":"<!-- This site is optimized with the Yoast SEO plugin v27.6 - https:\/\/yoast.com\/product\/yoast-seo-wordpress\/ -->\n<title>22ct Gold Initial S Pendant with CZ Stones \u2013 Personalised Pendant<\/title>\n<meta name=\"description\" content=\"Add a touch of personal elegance with this 22ct Gold Initial S Pendant, accented with sparkling CZ stones. A perfect gift that blends style and individuality.\" \/>\n<meta name=\"robots\" content=\"index, follow, max-snippet:-1, max-image-preview:large, max-video-preview:-1\" \/>\n<link rel=\"canonical\" href=\"https:\/\/www.purejewels.com\/de\/produkt-2\/22ct-gold-initial-s-anhanger-mit-cz-steinen-51062\/\" \/>\n<meta property=\"og:locale\" content=\"de_DE\" \/>\n<meta property=\"og:type\" content=\"article\" \/>\n<meta property=\"og:title\" content=\"22ct Gold Initial S Pendant with CZ Stones \u2013 Personalised Pendant\" \/>\n<meta property=\"og:description\" content=\"Add a touch of personal elegance with this 22ct Gold Initial S Pendant, accented with sparkling CZ stones. A perfect gift that blends style and individuality.\" \/>\n<meta property=\"og:url\" content=\"https:\/\/www.purejewels.com\/de\/produkt-2\/22ct-gold-initial-s-anhanger-mit-cz-steinen-51062\/\" \/>\n<meta property=\"og:site_name\" content=\"PureJewels UK\" \/>\n<meta property=\"article:modified_time\" content=\"2026-01-06T08:09:34+00:00\" \/>\n<meta property=\"og:image\" content=\"https:\/\/static.purejewels.com\/wp-content\/uploads\/2025\/05\/51062.png\" \/>\n\t<meta property=\"og:image:width\" content=\"1000\" \/>\n\t<meta property=\"og:image:height\" content=\"1000\" \/>\n\t<meta property=\"og:image:type\" content=\"image\/png\" \/>\n<meta name=\"twitter:card\" content=\"summary_large_image\" \/>\n<meta name=\"twitter:label1\" content=\"Gesch\u00e4tzte Lesezeit\" \/>\n\t<meta name=\"twitter:data1\" content=\"1\u00a0Minute\" \/>\n<script type=\"application\/ld+json\" class=\"yoast-schema-graph\">{\"@context\":\"https:\\\/\\\/schema.org\",\"@graph\":[{\"@type\":[\"WebPage\",\"ItemPage\"],\"@id\":\"https:\\\/\\\/www.purejewels.com\\\/product\\\/22ct-gold-initial-s-pendant-with-cz-stones-51062\\\/\",\"url\":\"https:\\\/\\\/www.purejewels.com\\\/product\\\/22ct-gold-initial-s-pendant-with-cz-stones-51062\\\/\",\"name\":\"22ct Gold Initial S Pendant with CZ Stones \u2013 Personalised Pendant\",\"isPartOf\":{\"@id\":\"https:\\\/\\\/www.purejewels.com\\\/#website\"},\"primaryImageOfPage\":{\"@id\":\"https:\\\/\\\/www.purejewels.com\\\/product\\\/22ct-gold-initial-s-pendant-with-cz-stones-51062\\\/#primaryimage\"},\"image\":{\"@id\":\"https:\\\/\\\/www.purejewels.com\\\/product\\\/22ct-gold-initial-s-pendant-with-cz-stones-51062\\\/#primaryimage\"},\"thumbnailUrl\":\"https:\\\/\\\/static.purejewels.com\\\/wp-content\\\/uploads\\\/2025\\\/05\\\/51062.png\",\"datePublished\":\"2025-01-12T10:28:23+00:00\",\"dateModified\":\"2026-01-06T08:09:34+00:00\",\"description\":\"Add a touch of personal elegance with this 22ct Gold Initial S Pendant, accented with sparkling CZ stones. A perfect gift that blends style and individuality.\",\"breadcrumb\":{\"@id\":\"https:\\\/\\\/www.purejewels.com\\\/product\\\/22ct-gold-initial-s-pendant-with-cz-stones-51062\\\/#breadcrumb\"},\"inLanguage\":\"de\",\"potentialAction\":[{\"@type\":\"ReadAction\",\"target\":[\"https:\\\/\\\/www.purejewels.com\\\/product\\\/22ct-gold-initial-s-pendant-with-cz-stones-51062\\\/\"]}]},{\"@type\":\"ImageObject\",\"inLanguage\":\"de\",\"@id\":\"https:\\\/\\\/www.purejewels.com\\\/product\\\/22ct-gold-initial-s-pendant-with-cz-stones-51062\\\/#primaryimage\",\"url\":\"https:\\\/\\\/static.purejewels.com\\\/wp-content\\\/uploads\\\/2025\\\/05\\\/51062.png\",\"contentUrl\":\"https:\\\/\\\/static.purejewels.com\\\/wp-content\\\/uploads\\\/2025\\\/05\\\/51062.png\",\"width\":1000,\"height\":1000,\"caption\":\"22ct Gold Initial S Pendant with CZ Stones\"},{\"@type\":\"BreadcrumbList\",\"@id\":\"https:\\\/\\\/www.purejewels.com\\\/product\\\/22ct-gold-initial-s-pendant-with-cz-stones-51062\\\/#breadcrumb\",\"itemListElement\":[{\"@type\":\"ListItem\",\"position\":1,\"name\":\"Home\",\"item\":\"https:\\\/\\\/www.purejewels.com\\\/\"},{\"@type\":\"ListItem\",\"position\":2,\"name\":\"Shop\",\"item\":\"https:\\\/\\\/www.purejewels.com\\\/shop\\\/\"},{\"@type\":\"ListItem\",\"position\":3,\"name\":\"22ct Gold Initial S Pendant with CZ Stones\"}]},{\"@type\":\"WebSite\",\"@id\":\"https:\\\/\\\/www.purejewels.com\\\/#website\",\"url\":\"https:\\\/\\\/www.purejewels.com\\\/\",\"name\":\"PureJewels UK\",\"description\":\"Share the Love\",\"publisher\":{\"@id\":\"https:\\\/\\\/www.purejewels.com\\\/#organization\"},\"potentialAction\":[{\"@type\":\"SearchAction\",\"target\":{\"@type\":\"EntryPoint\",\"urlTemplate\":\"https:\\\/\\\/www.purejewels.com\\\/?s={search_term_string}\"},\"query-input\":{\"@type\":\"PropertyValueSpecification\",\"valueRequired\":true,\"valueName\":\"search_term_string\"}}],\"inLanguage\":\"de\"},{\"@type\":\"Organization\",\"@id\":\"https:\\\/\\\/www.purejewels.com\\\/#organization\",\"name\":\"PureJewels UK\",\"url\":\"https:\\\/\\\/www.purejewels.com\\\/\",\"logo\":{\"@type\":\"ImageObject\",\"inLanguage\":\"de\",\"@id\":\"https:\\\/\\\/www.purejewels.com\\\/#\\\/schema\\\/logo\\\/image\\\/\",\"url\":\"https:\\\/\\\/static.purejewels.com\\\/wp-content\\\/uploads\\\/2020\\\/11\\\/Logo-PJ-New-1.png\",\"contentUrl\":\"https:\\\/\\\/static.purejewels.com\\\/wp-content\\\/uploads\\\/2020\\\/11\\\/Logo-PJ-New-1.png\",\"width\":150,\"height\":80,\"caption\":\"PureJewels UK\"},\"image\":{\"@id\":\"https:\\\/\\\/www.purejewels.com\\\/#\\\/schema\\\/logo\\\/image\\\/\"}}]}<\/script>\n<!-- \/ Yoast SEO plugin. -->","yoast_head_json":{"title":"22ct Gold Initial S Anh\u00e4nger mit CZ Steinen - Personalisierte Anh\u00e4nger","description":"Verleihen Sie Ihrer Pers\u00f6nlichkeit einen Hauch von Eleganz mit diesem Anh\u00e4nger mit der Initiale S aus 22 Karat Gold, der mit funkelnden CZ-Steinen verziert ist. Ein perfektes Geschenk, das Stil und Individualit\u00e4t miteinander verbindet.","robots":{"index":"index","follow":"follow","max-snippet":"max-snippet:-1","max-image-preview":"max-image-preview:large","max-video-preview":"max-video-preview:-1"},"canonical":"https:\/\/www.purejewels.com\/de\/produkt-2\/22ct-gold-initial-s-anhanger-mit-cz-steinen-51062\/","og_locale":"de_DE","og_type":"article","og_title":"22ct Gold Initial S Pendant with CZ Stones \u2013 Personalised Pendant","og_description":"Add a touch of personal elegance with this 22ct Gold Initial S Pendant, accented with sparkling CZ stones. A perfect gift that blends style and individuality.","og_url":"https:\/\/www.purejewels.com\/de\/produkt-2\/22ct-gold-initial-s-anhanger-mit-cz-steinen-51062\/","og_site_name":"PureJewels UK","article_modified_time":"2026-01-06T08:09:34+00:00","og_image":[{"width":1000,"height":1000,"url":"https:\/\/static.purejewels.com\/wp-content\/uploads\/2025\/05\/51062.png","type":"image\/png"}],"twitter_card":"summary_large_image","twitter_misc":{"Gesch\u00e4tzte Lesezeit":"1\u00a0Minute"},"schema":{"@context":"https:\/\/schema.org","@graph":[{"@type":["WebPage","ItemPage"],"@id":"https:\/\/www.purejewels.com\/product\/22ct-gold-initial-s-pendant-with-cz-stones-51062\/","url":"https:\/\/www.purejewels.com\/product\/22ct-gold-initial-s-pendant-with-cz-stones-51062\/","name":"22ct Gold Initial S Anh\u00e4nger mit CZ Steinen - Personalisierte Anh\u00e4nger","isPartOf":{"@id":"https:\/\/www.purejewels.com\/#website"},"primaryImageOfPage":{"@id":"https:\/\/www.purejewels.com\/product\/22ct-gold-initial-s-pendant-with-cz-stones-51062\/#primaryimage"},"image":{"@id":"https:\/\/www.purejewels.com\/product\/22ct-gold-initial-s-pendant-with-cz-stones-51062\/#primaryimage"},"thumbnailUrl":"https:\/\/static.purejewels.com\/wp-content\/uploads\/2025\/05\/51062.png","datePublished":"2025-01-12T10:28:23+00:00","dateModified":"2026-01-06T08:09:34+00:00","description":"Verleihen Sie Ihrer Pers\u00f6nlichkeit einen Hauch von Eleganz mit diesem Anh\u00e4nger mit der Initiale S aus 22 Karat Gold, der mit funkelnden CZ-Steinen verziert ist. Ein perfektes Geschenk, das Stil und Individualit\u00e4t miteinander verbindet.","breadcrumb":{"@id":"https:\/\/www.purejewels.com\/product\/22ct-gold-initial-s-pendant-with-cz-stones-51062\/#breadcrumb"},"inLanguage":"de","potentialAction":[{"@type":"ReadAction","target":["https:\/\/www.purejewels.com\/product\/22ct-gold-initial-s-pendant-with-cz-stones-51062\/"]}]},{"@type":"ImageObject","inLanguage":"de","@id":"https:\/\/www.purejewels.com\/product\/22ct-gold-initial-s-pendant-with-cz-stones-51062\/#primaryimage","url":"https:\/\/static.purejewels.com\/wp-content\/uploads\/2025\/05\/51062.png","contentUrl":"https:\/\/static.purejewels.com\/wp-content\/uploads\/2025\/05\/51062.png","width":1000,"height":1000,"caption":"22ct Gold Initial S Pendant with CZ Stones"},{"@type":"BreadcrumbList","@id":"https:\/\/www.purejewels.com\/product\/22ct-gold-initial-s-pendant-with-cz-stones-51062\/#breadcrumb","itemListElement":[{"@type":"ListItem","position":1,"name":"Home","item":"https:\/\/www.purejewels.com\/"},{"@type":"ListItem","position":2,"name":"Shop","item":"https:\/\/www.purejewels.com\/shop\/"},{"@type":"ListItem","position":3,"name":"22ct Gold Initial S Pendant with CZ Stones"}]},{"@type":"WebSite","@id":"https:\/\/www.purejewels.com\/#website","url":"https:\/\/www.purejewels.com\/","name":"PureJewels UK","description":"Teile die Liebe","publisher":{"@id":"https:\/\/www.purejewels.com\/#organization"},"potentialAction":[{"@type":"SearchAction","target":{"@type":"EntryPoint","urlTemplate":"https:\/\/www.purejewels.com\/?s={search_term_string}"},"query-input":{"@type":"PropertyValueSpecification","valueRequired":true,"valueName":"search_term_string"}}],"inLanguage":"de"},{"@type":"Organization","@id":"https:\/\/www.purejewels.com\/#organization","name":"PureJewels UK","url":"https:\/\/www.purejewels.com\/","logo":{"@type":"ImageObject","inLanguage":"de","@id":"https:\/\/www.purejewels.com\/#\/schema\/logo\/image\/","url":"https:\/\/static.purejewels.com\/wp-content\/uploads\/2020\/11\/Logo-PJ-New-1.png","contentUrl":"https:\/\/static.purejewels.com\/wp-content\/uploads\/2020\/11\/Logo-PJ-New-1.png","width":150,"height":80,"caption":"PureJewels UK"},"image":{"@id":"https:\/\/www.purejewels.com\/#\/schema\/logo\/image\/"}}]}},"_links":{"self":[{"href":"https:\/\/www.purejewels.com\/de\/wp-json\/wp\/v2\/product\/396351","targetHints":{"allow":["GET"]}}],"collection":[{"href":"https:\/\/www.purejewels.com\/de\/wp-json\/wp\/v2\/product"}],"about":[{"href":"https:\/\/www.purejewels.com\/de\/wp-json\/wp\/v2\/types\/product"}],"replies":[{"embeddable":true,"href":"https:\/\/www.purejewels.com\/de\/wp-json\/wp\/v2\/comments?post=396351"}],"version-history":[{"count":3,"href":"https:\/\/www.purejewels.com\/de\/wp-json\/wp\/v2\/product\/396351\/revisions"}],"predecessor-version":[{"id":419035,"href":"https:\/\/www.purejewels.com\/de\/wp-json\/wp\/v2\/product\/396351\/revisions\/419035"}],"wp:featuredmedia":[{"embeddable":true,"href":"https:\/\/www.purejewels.com\/de\/wp-json\/wp\/v2\/media\/396353"}],"wp:attachment":[{"href":"https:\/\/www.purejewels.com\/de\/wp-json\/wp\/v2\/media?parent=396351"}],"wp:term":[{"taxonomy":"product_brand","embeddable":true,"href":"https:\/\/www.purejewels.com\/de\/wp-json\/wp\/v2\/product_brand?post=396351"},{"taxonomy":"product_cat","embeddable":true,"href":"https:\/\/www.purejewels.com\/de\/wp-json\/wp\/v2\/product_cat?post=396351"},{"taxonomy":"product_tag","embeddable":true,"href":"https:\/\/www.purejewels.com\/de\/wp-json\/wp\/v2\/product_tag?post=396351"}],"curies":[{"name":"wp","href":"https:\/\/api.w.org\/{rel}","templated":true}]}}