{"id":396571,"date":"2025-01-13T08:04:45","date_gmt":"2025-01-13T08:04:45","guid":{"rendered":"https:\/\/www.purejewels.com\/?post_type=product&#038;p=396571"},"modified":"2026-04-27T09:08:34","modified_gmt":"2026-04-27T08:08:34","slug":"alphabet-anhanger-aus-22-karat-gold-51056","status":"publish","type":"product","link":"https:\/\/www.purejewels.com\/de\/product\/alphabet-pendant-in-22ct-gold-51056\/","title":{"rendered":"Alphabet F Anh\u00e4nger in 22ct Gold"},"content":{"rendered":"<p>Der Anh\u00e4nger mit der Initiale F aus 22-kar\u00e4tigem Gold ist ein elegantes Fest der Individualit\u00e4t - ein eleganter Ausdruck des eigenen Namens, der Erinnerung oder eines pers\u00f6nlichen Gef\u00fchls. Ob Sie ihn f\u00fcr sich selbst oder f\u00fcr einen lieben Menschen w\u00e4hlen, er ist mehr als nur eine Zierde - er wird Teil Ihrer Geschichte.<\/p>\n<p>Der aus 22-kar\u00e4tigem Gold handgefertigte Anh\u00e4nger zeigt den Buchstaben \"F\" in einer raffinierten Serifenform, deren Konturen die sanften Kurven der charakteristischen Designsprache von PureJewels widerspiegeln. Die subtilen Verzierungen und die Hochglanzpolitur spiegeln unsere traditionelle Handwerkskunst wider und verleihen dem Schmuckst\u00fcck eine moderne Raffinesse.<\/p>","protected":false},"excerpt":{"rendered":"<p>Der elegante und pers\u00f6nliche Anh\u00e4nger mit der Initiale F aus gepunztem 22-kar\u00e4tigem Gold zelebriert die Identit\u00e4t mit zeitlosem Stil - perfekt f\u00fcr den t\u00e4glichen Gebrauch oder als Geschenk, das von Herzen kommt.<\/p>\n<p><strong>Material:<\/strong> 22ct Gold<strong><br \/>\nWahrzeichen:\u00a0<\/strong>Britisches G\u00fctesiegel<strong><br \/>\n<\/strong><strong>Bruttogewicht: <\/strong>1,85 Gramm<strong><br \/>\nSKU: <\/strong>51056<br \/>\n<strong>Kette:<\/strong> Kette nicht inbegriffen - mit einer 22-kar\u00e4tigen Goldkette aus unserer Kollektion kombinieren<\/p>\n<p><strong>Preis und Lieferung:<\/strong>Inklusive Mehrwertsteuer und Lieferkosten<strong><br \/>\n<a href=\"https:\/\/www.purejewels.com\/de\/ruckgabepolitik\/\">R\u00fcckgabepolitik<\/a><\/strong><\/p>","protected":false},"featured_media":409079,"comment_status":"closed","ping_status":"closed","template":"","meta":{"_eb_attr":"","_crsspst_to_jayantr4sg-hostcom":true},"product_brand":[],"product_cat":[1576,1793,1770,1792,1790,1229,1255,5598,5343,1767,1572,1768,5338,1575,1574,5349],"product_tag":[],"class_list":{"0":"post-396571","1":"product","2":"type-product","3":"status-publish","4":"has-post-thumbnail","6":"product_cat-childrens-jewellery","7":"product_cat-diwali-gifts","8":"product_cat-fancy-pendants","9":"product_cat-festival-gifts","10":"product_cat-for-whom-when","11":"product_cat-22ct-gold-jewellery","12":"product_cat-gold-pendants","13":"product_cat-initial-pendant","14":"product_cat-jewellery-under-550","15":"product_cat-ladies-pendants","16":"product_cat-mens-jewellery","17":"product_cat-mens-pendants","18":"product_cat-shop-by-price","19":"product_cat-teenage-jewellery","20":"product_cat-womens-jewellery","21":"product_cat-yellow-gold-jewellery","23":"first","24":"instock","25":"taxable","26":"shipping-taxable","27":"purchasable","28":"product-type-simple","29":"add-to-wishlist-before_image"},"yoast_head":"<!-- This site is optimized with the Yoast SEO plugin v27.6 - https:\/\/yoast.com\/product\/yoast-seo-wordpress\/ -->\n<title>Alphabet Pendant in 22ct Gold | Personalised Letter Jewellery<\/title>\n<meta name=\"description\" content=\"Celebrate your story with our 22ct Gold Alphabet Pendant \u2013 a personalised letter jewellery piece crafted in radiant gold. A timeless keepsake from PureJewels London.\" \/>\n<meta name=\"robots\" content=\"index, follow, max-snippet:-1, max-image-preview:large, max-video-preview:-1\" \/>\n<link rel=\"canonical\" href=\"https:\/\/www.purejewels.com\/de\/produkt-2\/alphabet-anhanger-aus-22-karat-gold-51056\/\" \/>\n<meta property=\"og:locale\" content=\"de_DE\" \/>\n<meta property=\"og:type\" content=\"article\" \/>\n<meta property=\"og:title\" content=\"Alphabet Pendant in 22ct Gold | Personalised Letter Jewellery\" \/>\n<meta property=\"og:description\" content=\"Celebrate your story with our 22ct Gold Alphabet Pendant \u2013 a personalised letter jewellery piece crafted in radiant gold. A timeless keepsake from PureJewels London.\" \/>\n<meta property=\"og:url\" content=\"https:\/\/www.purejewels.com\/de\/produkt-2\/alphabet-anhanger-aus-22-karat-gold-51056\/\" \/>\n<meta property=\"og:site_name\" content=\"PureJewels UK\" \/>\n<meta property=\"article:modified_time\" content=\"2026-04-27T08:08:34+00:00\" \/>\n<meta property=\"og:image\" content=\"https:\/\/static.purejewels.com\/wp-content\/uploads\/2025\/01\/SKU-51056.jpg\" \/>\n\t<meta property=\"og:image:width\" content=\"1000\" \/>\n\t<meta property=\"og:image:height\" content=\"1000\" \/>\n\t<meta property=\"og:image:type\" content=\"image\/jpeg\" \/>\n<meta name=\"twitter:card\" content=\"summary_large_image\" \/>\n<meta name=\"twitter:label1\" content=\"Gesch\u00e4tzte Lesezeit\" \/>\n\t<meta name=\"twitter:data1\" content=\"1\u00a0Minute\" \/>\n<script type=\"application\/ld+json\" class=\"yoast-schema-graph\">{\"@context\":\"https:\\\/\\\/schema.org\",\"@graph\":[{\"@type\":[\"WebPage\",\"ItemPage\"],\"@id\":\"https:\\\/\\\/www.purejewels.com\\\/product\\\/alphabet-pendant-in-22ct-gold-51056\\\/\",\"url\":\"https:\\\/\\\/www.purejewels.com\\\/product\\\/alphabet-pendant-in-22ct-gold-51056\\\/\",\"name\":\"Alphabet Pendant in 22ct Gold | Personalised Letter Jewellery\",\"isPartOf\":{\"@id\":\"https:\\\/\\\/www.purejewels.com\\\/#website\"},\"primaryImageOfPage\":{\"@id\":\"https:\\\/\\\/www.purejewels.com\\\/product\\\/alphabet-pendant-in-22ct-gold-51056\\\/#primaryimage\"},\"image\":{\"@id\":\"https:\\\/\\\/www.purejewels.com\\\/product\\\/alphabet-pendant-in-22ct-gold-51056\\\/#primaryimage\"},\"thumbnailUrl\":\"https:\\\/\\\/static.purejewels.com\\\/wp-content\\\/uploads\\\/2025\\\/01\\\/SKU-51056.jpg\",\"datePublished\":\"2025-01-13T08:04:45+00:00\",\"dateModified\":\"2026-04-27T08:08:34+00:00\",\"description\":\"Celebrate your story with our 22ct Gold Alphabet Pendant \u2013 a personalised letter jewellery piece crafted in radiant gold. A timeless keepsake from PureJewels London.\",\"breadcrumb\":{\"@id\":\"https:\\\/\\\/www.purejewels.com\\\/product\\\/alphabet-pendant-in-22ct-gold-51056\\\/#breadcrumb\"},\"inLanguage\":\"de\",\"potentialAction\":[{\"@type\":\"ReadAction\",\"target\":[\"https:\\\/\\\/www.purejewels.com\\\/product\\\/alphabet-pendant-in-22ct-gold-51056\\\/\"]}]},{\"@type\":\"ImageObject\",\"inLanguage\":\"de\",\"@id\":\"https:\\\/\\\/www.purejewels.com\\\/product\\\/alphabet-pendant-in-22ct-gold-51056\\\/#primaryimage\",\"url\":\"https:\\\/\\\/static.purejewels.com\\\/wp-content\\\/uploads\\\/2025\\\/01\\\/SKU-51056.jpg\",\"contentUrl\":\"https:\\\/\\\/static.purejewels.com\\\/wp-content\\\/uploads\\\/2025\\\/01\\\/SKU-51056.jpg\",\"width\":1000,\"height\":1000,\"caption\":\"Stacked from 6 images. Method=B (R=8,S=4)\"},{\"@type\":\"BreadcrumbList\",\"@id\":\"https:\\\/\\\/www.purejewels.com\\\/product\\\/alphabet-pendant-in-22ct-gold-51056\\\/#breadcrumb\",\"itemListElement\":[{\"@type\":\"ListItem\",\"position\":1,\"name\":\"Home\",\"item\":\"https:\\\/\\\/www.purejewels.com\\\/\"},{\"@type\":\"ListItem\",\"position\":2,\"name\":\"Shop\",\"item\":\"https:\\\/\\\/www.purejewels.com\\\/shop\\\/\"},{\"@type\":\"ListItem\",\"position\":3,\"name\":\"Alphabet F Pendant in 22ct Gold\"}]},{\"@type\":\"WebSite\",\"@id\":\"https:\\\/\\\/www.purejewels.com\\\/#website\",\"url\":\"https:\\\/\\\/www.purejewels.com\\\/\",\"name\":\"PureJewels UK\",\"description\":\"Share the Love\",\"publisher\":{\"@id\":\"https:\\\/\\\/www.purejewels.com\\\/#organization\"},\"potentialAction\":[{\"@type\":\"SearchAction\",\"target\":{\"@type\":\"EntryPoint\",\"urlTemplate\":\"https:\\\/\\\/www.purejewels.com\\\/?s={search_term_string}\"},\"query-input\":{\"@type\":\"PropertyValueSpecification\",\"valueRequired\":true,\"valueName\":\"search_term_string\"}}],\"inLanguage\":\"de\"},{\"@type\":\"Organization\",\"@id\":\"https:\\\/\\\/www.purejewels.com\\\/#organization\",\"name\":\"PureJewels UK\",\"url\":\"https:\\\/\\\/www.purejewels.com\\\/\",\"logo\":{\"@type\":\"ImageObject\",\"inLanguage\":\"de\",\"@id\":\"https:\\\/\\\/www.purejewels.com\\\/#\\\/schema\\\/logo\\\/image\\\/\",\"url\":\"https:\\\/\\\/static.purejewels.com\\\/wp-content\\\/uploads\\\/2020\\\/11\\\/Logo-PJ-New-1.png\",\"contentUrl\":\"https:\\\/\\\/static.purejewels.com\\\/wp-content\\\/uploads\\\/2020\\\/11\\\/Logo-PJ-New-1.png\",\"width\":150,\"height\":80,\"caption\":\"PureJewels UK\"},\"image\":{\"@id\":\"https:\\\/\\\/www.purejewels.com\\\/#\\\/schema\\\/logo\\\/image\\\/\"}}]}<\/script>\n<!-- \/ Yoast SEO plugin. -->","yoast_head_json":{"title":"Alphabet-Anh\u00e4nger in 22ct Gold | Personalisierter Buchstabenschmuck","description":"Feiern Sie Ihre Geschichte mit unserem Alphabet-Anh\u00e4nger aus 22 Karat Gold - ein personalisiertes Schmuckst\u00fcck mit Buchstaben aus strahlendem Gold. Ein zeitloses Andenken von PureJewels London.","robots":{"index":"index","follow":"follow","max-snippet":"max-snippet:-1","max-image-preview":"max-image-preview:large","max-video-preview":"max-video-preview:-1"},"canonical":"https:\/\/www.purejewels.com\/de\/produkt-2\/alphabet-anhanger-aus-22-karat-gold-51056\/","og_locale":"de_DE","og_type":"article","og_title":"Alphabet Pendant in 22ct Gold | Personalised Letter Jewellery","og_description":"Celebrate your story with our 22ct Gold Alphabet Pendant \u2013 a personalised letter jewellery piece crafted in radiant gold. A timeless keepsake from PureJewels London.","og_url":"https:\/\/www.purejewels.com\/de\/produkt-2\/alphabet-anhanger-aus-22-karat-gold-51056\/","og_site_name":"PureJewels UK","article_modified_time":"2026-04-27T08:08:34+00:00","og_image":[{"width":1000,"height":1000,"url":"https:\/\/static.purejewels.com\/wp-content\/uploads\/2025\/01\/SKU-51056.jpg","type":"image\/jpeg"}],"twitter_card":"summary_large_image","twitter_misc":{"Gesch\u00e4tzte Lesezeit":"1\u00a0Minute"},"schema":{"@context":"https:\/\/schema.org","@graph":[{"@type":["WebPage","ItemPage"],"@id":"https:\/\/www.purejewels.com\/product\/alphabet-pendant-in-22ct-gold-51056\/","url":"https:\/\/www.purejewels.com\/product\/alphabet-pendant-in-22ct-gold-51056\/","name":"Alphabet-Anh\u00e4nger in 22ct Gold | Personalisierter Buchstabenschmuck","isPartOf":{"@id":"https:\/\/www.purejewels.com\/#website"},"primaryImageOfPage":{"@id":"https:\/\/www.purejewels.com\/product\/alphabet-pendant-in-22ct-gold-51056\/#primaryimage"},"image":{"@id":"https:\/\/www.purejewels.com\/product\/alphabet-pendant-in-22ct-gold-51056\/#primaryimage"},"thumbnailUrl":"https:\/\/static.purejewels.com\/wp-content\/uploads\/2025\/01\/SKU-51056.jpg","datePublished":"2025-01-13T08:04:45+00:00","dateModified":"2026-04-27T08:08:34+00:00","description":"Feiern Sie Ihre Geschichte mit unserem Alphabet-Anh\u00e4nger aus 22 Karat Gold - ein personalisiertes Schmuckst\u00fcck mit Buchstaben aus strahlendem Gold. Ein zeitloses Andenken von PureJewels London.","breadcrumb":{"@id":"https:\/\/www.purejewels.com\/product\/alphabet-pendant-in-22ct-gold-51056\/#breadcrumb"},"inLanguage":"de","potentialAction":[{"@type":"ReadAction","target":["https:\/\/www.purejewels.com\/product\/alphabet-pendant-in-22ct-gold-51056\/"]}]},{"@type":"ImageObject","inLanguage":"de","@id":"https:\/\/www.purejewels.com\/product\/alphabet-pendant-in-22ct-gold-51056\/#primaryimage","url":"https:\/\/static.purejewels.com\/wp-content\/uploads\/2025\/01\/SKU-51056.jpg","contentUrl":"https:\/\/static.purejewels.com\/wp-content\/uploads\/2025\/01\/SKU-51056.jpg","width":1000,"height":1000,"caption":"Stacked from 6 images. Method=B (R=8,S=4)"},{"@type":"BreadcrumbList","@id":"https:\/\/www.purejewels.com\/product\/alphabet-pendant-in-22ct-gold-51056\/#breadcrumb","itemListElement":[{"@type":"ListItem","position":1,"name":"Home","item":"https:\/\/www.purejewels.com\/"},{"@type":"ListItem","position":2,"name":"Shop","item":"https:\/\/www.purejewels.com\/shop\/"},{"@type":"ListItem","position":3,"name":"Alphabet F Pendant in 22ct Gold"}]},{"@type":"WebSite","@id":"https:\/\/www.purejewels.com\/#website","url":"https:\/\/www.purejewels.com\/","name":"PureJewels UK","description":"Teile die Liebe","publisher":{"@id":"https:\/\/www.purejewels.com\/#organization"},"potentialAction":[{"@type":"SearchAction","target":{"@type":"EntryPoint","urlTemplate":"https:\/\/www.purejewels.com\/?s={search_term_string}"},"query-input":{"@type":"PropertyValueSpecification","valueRequired":true,"valueName":"search_term_string"}}],"inLanguage":"de"},{"@type":"Organization","@id":"https:\/\/www.purejewels.com\/#organization","name":"PureJewels UK","url":"https:\/\/www.purejewels.com\/","logo":{"@type":"ImageObject","inLanguage":"de","@id":"https:\/\/www.purejewels.com\/#\/schema\/logo\/image\/","url":"https:\/\/static.purejewels.com\/wp-content\/uploads\/2020\/11\/Logo-PJ-New-1.png","contentUrl":"https:\/\/static.purejewels.com\/wp-content\/uploads\/2020\/11\/Logo-PJ-New-1.png","width":150,"height":80,"caption":"PureJewels UK"},"image":{"@id":"https:\/\/www.purejewels.com\/#\/schema\/logo\/image\/"}}]}},"_links":{"self":[{"href":"https:\/\/www.purejewels.com\/de\/wp-json\/wp\/v2\/product\/396571","targetHints":{"allow":["GET"]}}],"collection":[{"href":"https:\/\/www.purejewels.com\/de\/wp-json\/wp\/v2\/product"}],"about":[{"href":"https:\/\/www.purejewels.com\/de\/wp-json\/wp\/v2\/types\/product"}],"replies":[{"embeddable":true,"href":"https:\/\/www.purejewels.com\/de\/wp-json\/wp\/v2\/comments?post=396571"}],"version-history":[{"count":3,"href":"https:\/\/www.purejewels.com\/de\/wp-json\/wp\/v2\/product\/396571\/revisions"}],"predecessor-version":[{"id":409083,"href":"https:\/\/www.purejewels.com\/de\/wp-json\/wp\/v2\/product\/396571\/revisions\/409083"}],"wp:featuredmedia":[{"embeddable":true,"href":"https:\/\/www.purejewels.com\/de\/wp-json\/wp\/v2\/media\/409079"}],"wp:attachment":[{"href":"https:\/\/www.purejewels.com\/de\/wp-json\/wp\/v2\/media?parent=396571"}],"wp:term":[{"taxonomy":"product_brand","embeddable":true,"href":"https:\/\/www.purejewels.com\/de\/wp-json\/wp\/v2\/product_brand?post=396571"},{"taxonomy":"product_cat","embeddable":true,"href":"https:\/\/www.purejewels.com\/de\/wp-json\/wp\/v2\/product_cat?post=396571"},{"taxonomy":"product_tag","embeddable":true,"href":"https:\/\/www.purejewels.com\/de\/wp-json\/wp\/v2\/product_tag?post=396571"}],"curies":[{"name":"wp","href":"https:\/\/api.w.org\/{rel}","templated":true}]}}