{"id":396580,"date":"2025-02-13T08:16:02","date_gmt":"2025-02-13T08:16:02","guid":{"rendered":"https:\/\/www.purejewels.com\/?post_type=product&#038;p=396580"},"modified":"2026-04-27T06:45:15","modified_gmt":"2026-04-27T05:45:15","slug":"22ct-intitial-w-anhanger-51054","status":"publish","type":"product","link":"https:\/\/www.purejewels.com\/de\/product\/22ct-intitial-w-pendant-51054\/","title":{"rendered":"22ct Initial W Anh\u00e4nger"},"content":{"rendered":"<p>Der mit Pr\u00e4zision und Leidenschaft gefertigte 22-Karat-Gold-Anh\u00e4nger mit der Initiale \u201cW\u201d von PureJewels ist ein Fest der Individualit\u00e4t und zeitlosen Eleganz. Handgefertigt in unserer Londoner Werkstatt aus 22-kar\u00e4tigem Gold von h\u00f6chster Reinheit, zeichnet sich dieser Anh\u00e4nger durch ein anmutiges, flie\u00dfendes Design aus, das den Geist Ihrer pers\u00f6nlichen Reise verk\u00f6rpert.Perfekt als bedeutungsvolles Geschenk oder als Signaturst\u00fcck zeigt dieser Anh\u00e4nger das Engagement von PureJewels f\u00fcr ma\u00dfgeschneiderte Kunst und modernen Luxus. Ein strahlendes Symbol f\u00fcr Identit\u00e4t, Stil und dauerhafte Sch\u00f6nheit.<\/p>\n<p>Eine polierte 22ct Gold W Initial Anh\u00e4nger mit hellen CZ Detaillierung, in Gro\u00dfbritannien f\u00fcr Reinheit gestempelt. Pers\u00f6nliche und leicht zu tragen jeden Tag, f\u00fcgt es eine nachdenkliche Note zu Ihrem Weihnachtsschmuck bearbeiten und macht eine sch\u00f6ne Auswahl f\u00fcr Geschenke UK Weihnachten. Sch\u00f6n auf einem feinen Fuchsschwanz oder Box-Kette.<\/p>\n<p><b>Bereichs-ID <\/b>JWPNIWCB001<br \/>\n<b>SKU:<\/b>\u00a051054<\/p>","protected":false},"excerpt":{"rendered":"<div class=\"woocommerce-product-details__short-description\">\n<p>Zelebrieren Sie Ihre Geschichte mit dem 22ct Gold Initial \"W\" Anh\u00e4nger von PureJewels , ein zeitloses Emblem der Individualit\u00e4t und Luxus.<\/p>\n<p><strong>Material:<\/strong> 22ct Gold<strong><br \/>\nWahrzeichen:\u00a0<\/strong>Britisches G\u00fctesiegel<strong><br \/>\n<\/strong><strong>Bruttogewicht: <\/strong>1,70 Gramm<strong><br \/>\nSKU: <\/strong>51054<\/p>\n<p><strong>Preis und Lieferung: <\/strong>Inklusive Mehrwertsteuer und Lieferkosten<br \/>\nKette nicht enthalten.<\/p>\n<p><strong><a href=\"https:\/\/www.purejewels.com\/de\/ruckgabepolitik\/\">R\u00fcckgabepolitik<\/a><\/strong><\/p>\n<\/div>\n<div class=\"btn-atc atc-slide\"><\/div>\n<div class=\"product_meta\"><\/div>","protected":false},"featured_media":409069,"comment_status":"closed","ping_status":"closed","template":"","meta":{"_eb_attr":"","_crsspst_to_jayantr4sg-hostcom":true},"product_brand":[],"product_cat":[1576,1793,1770,1792,1790,1229,1255,6122,5598,5343,1767,1572,1768,5906,6051,5338,6120,1575,1574,5349],"product_tag":[],"class_list":{"0":"post-396580","1":"product","2":"type-product","3":"status-publish","4":"has-post-thumbnail","6":"product_cat-childrens-jewellery","7":"product_cat-diwali-gifts","8":"product_cat-fancy-pendants","9":"product_cat-festival-gifts","10":"product_cat-for-whom-when","11":"product_cat-22ct-gold-jewellery","12":"product_cat-gold-pendants","13":"product_cat-initial","14":"product_cat-initial-pendant","15":"product_cat-jewellery-under-550","16":"product_cat-ladies-pendants","17":"product_cat-mens-jewellery","18":"product_cat-mens-pendants","19":"product_cat-personalised-jewellery","20":"product_cat-personalised-pendant","21":"product_cat-shop-by-price","22":"product_cat-shop-by-style","23":"product_cat-teenage-jewellery","24":"product_cat-womens-jewellery","25":"product_cat-yellow-gold-jewellery","27":"first","28":"instock","29":"taxable","30":"shipping-taxable","31":"purchasable","32":"product-type-simple","33":"add-to-wishlist-before_image"},"yoast_head":"<!-- This site is optimized with the Yoast SEO plugin v27.6 - https:\/\/yoast.com\/product\/yoast-seo-wordpress\/ -->\n<title>22ct Gold Initial W Pendant | PureJewels London<\/title>\n<meta name=\"description\" content=\"Express your individuality with our 22ct Gold Initial W Pendant \u2013 a radiant personalised letter necklace crafted in pure gold. A refined treasure from PureJewels London.\" \/>\n<meta name=\"robots\" content=\"index, follow, max-snippet:-1, max-image-preview:large, max-video-preview:-1\" \/>\n<link rel=\"canonical\" href=\"https:\/\/www.purejewels.com\/de\/produkt-2\/22ct-intitial-w-anhanger-51054\/\" \/>\n<meta property=\"og:locale\" content=\"de_DE\" \/>\n<meta property=\"og:type\" content=\"article\" \/>\n<meta property=\"og:title\" content=\"22ct Gold Initial W Pendant | PureJewels London\" \/>\n<meta property=\"og:description\" content=\"Express your individuality with our 22ct Gold Initial W Pendant \u2013 a radiant personalised letter necklace crafted in pure gold. A refined treasure from PureJewels London.\" \/>\n<meta property=\"og:url\" content=\"https:\/\/www.purejewels.com\/de\/produkt-2\/22ct-intitial-w-anhanger-51054\/\" \/>\n<meta property=\"og:site_name\" content=\"PureJewels UK\" \/>\n<meta property=\"article:modified_time\" content=\"2026-04-27T05:45:15+00:00\" \/>\n<meta property=\"og:image\" content=\"https:\/\/static.purejewels.com\/wp-content\/uploads\/2025\/02\/SKU-51054.jpg\" \/>\n\t<meta property=\"og:image:width\" content=\"1000\" \/>\n\t<meta property=\"og:image:height\" content=\"1000\" \/>\n\t<meta property=\"og:image:type\" content=\"image\/jpeg\" \/>\n<meta name=\"twitter:card\" content=\"summary_large_image\" \/>\n<meta name=\"twitter:label1\" content=\"Gesch\u00e4tzte Lesezeit\" \/>\n\t<meta name=\"twitter:data1\" content=\"1\u00a0Minute\" \/>\n<script type=\"application\/ld+json\" class=\"yoast-schema-graph\">{\"@context\":\"https:\\\/\\\/schema.org\",\"@graph\":[{\"@type\":[\"WebPage\",\"ItemPage\"],\"@id\":\"https:\\\/\\\/www.purejewels.com\\\/product\\\/22ct-intitial-w-pendant-51054\\\/\",\"url\":\"https:\\\/\\\/www.purejewels.com\\\/product\\\/22ct-intitial-w-pendant-51054\\\/\",\"name\":\"22ct Gold Initial W Pendant | PureJewels London\",\"isPartOf\":{\"@id\":\"https:\\\/\\\/www.purejewels.com\\\/#website\"},\"primaryImageOfPage\":{\"@id\":\"https:\\\/\\\/www.purejewels.com\\\/product\\\/22ct-intitial-w-pendant-51054\\\/#primaryimage\"},\"image\":{\"@id\":\"https:\\\/\\\/www.purejewels.com\\\/product\\\/22ct-intitial-w-pendant-51054\\\/#primaryimage\"},\"thumbnailUrl\":\"https:\\\/\\\/static.purejewels.com\\\/wp-content\\\/uploads\\\/2025\\\/02\\\/SKU-51054.jpg\",\"datePublished\":\"2025-02-13T08:16:02+00:00\",\"dateModified\":\"2026-04-27T05:45:15+00:00\",\"description\":\"Express your individuality with our 22ct Gold Initial W Pendant \u2013 a radiant personalised letter necklace crafted in pure gold. A refined treasure from PureJewels London.\",\"breadcrumb\":{\"@id\":\"https:\\\/\\\/www.purejewels.com\\\/product\\\/22ct-intitial-w-pendant-51054\\\/#breadcrumb\"},\"inLanguage\":\"de\",\"potentialAction\":[{\"@type\":\"ReadAction\",\"target\":[\"https:\\\/\\\/www.purejewels.com\\\/product\\\/22ct-intitial-w-pendant-51054\\\/\"]}]},{\"@type\":\"ImageObject\",\"inLanguage\":\"de\",\"@id\":\"https:\\\/\\\/www.purejewels.com\\\/product\\\/22ct-intitial-w-pendant-51054\\\/#primaryimage\",\"url\":\"https:\\\/\\\/static.purejewels.com\\\/wp-content\\\/uploads\\\/2025\\\/02\\\/SKU-51054.jpg\",\"contentUrl\":\"https:\\\/\\\/static.purejewels.com\\\/wp-content\\\/uploads\\\/2025\\\/02\\\/SKU-51054.jpg\",\"width\":1000,\"height\":1000,\"caption\":\"Stacked from 6 images. Method=B (R=8,S=4)\"},{\"@type\":\"BreadcrumbList\",\"@id\":\"https:\\\/\\\/www.purejewels.com\\\/product\\\/22ct-intitial-w-pendant-51054\\\/#breadcrumb\",\"itemListElement\":[{\"@type\":\"ListItem\",\"position\":1,\"name\":\"Home\",\"item\":\"https:\\\/\\\/www.purejewels.com\\\/\"},{\"@type\":\"ListItem\",\"position\":2,\"name\":\"Shop\",\"item\":\"https:\\\/\\\/www.purejewels.com\\\/shop\\\/\"},{\"@type\":\"ListItem\",\"position\":3,\"name\":\"22ct Initial W Pendant\"}]},{\"@type\":\"WebSite\",\"@id\":\"https:\\\/\\\/www.purejewels.com\\\/#website\",\"url\":\"https:\\\/\\\/www.purejewels.com\\\/\",\"name\":\"PureJewels UK\",\"description\":\"Share the Love\",\"publisher\":{\"@id\":\"https:\\\/\\\/www.purejewels.com\\\/#organization\"},\"potentialAction\":[{\"@type\":\"SearchAction\",\"target\":{\"@type\":\"EntryPoint\",\"urlTemplate\":\"https:\\\/\\\/www.purejewels.com\\\/?s={search_term_string}\"},\"query-input\":{\"@type\":\"PropertyValueSpecification\",\"valueRequired\":true,\"valueName\":\"search_term_string\"}}],\"inLanguage\":\"de\"},{\"@type\":\"Organization\",\"@id\":\"https:\\\/\\\/www.purejewels.com\\\/#organization\",\"name\":\"PureJewels UK\",\"url\":\"https:\\\/\\\/www.purejewels.com\\\/\",\"logo\":{\"@type\":\"ImageObject\",\"inLanguage\":\"de\",\"@id\":\"https:\\\/\\\/www.purejewels.com\\\/#\\\/schema\\\/logo\\\/image\\\/\",\"url\":\"https:\\\/\\\/static.purejewels.com\\\/wp-content\\\/uploads\\\/2020\\\/11\\\/Logo-PJ-New-1.png\",\"contentUrl\":\"https:\\\/\\\/static.purejewels.com\\\/wp-content\\\/uploads\\\/2020\\\/11\\\/Logo-PJ-New-1.png\",\"width\":150,\"height\":80,\"caption\":\"PureJewels UK\"},\"image\":{\"@id\":\"https:\\\/\\\/www.purejewels.com\\\/#\\\/schema\\\/logo\\\/image\\\/\"}}]}<\/script>\n<!-- \/ Yoast SEO plugin. -->","yoast_head_json":{"title":"22ct Gold Initial W Anh\u00e4nger | PureJewels London","description":"Bringen Sie Ihre Individualit\u00e4t mit unserem 22ct Gold Initial W Anh\u00e4nger zum Ausdruck - eine strahlende, personalisierte Buchstabenkette aus reinem Gold. Ein raffinierter Schatz von PureJewels London.","robots":{"index":"index","follow":"follow","max-snippet":"max-snippet:-1","max-image-preview":"max-image-preview:large","max-video-preview":"max-video-preview:-1"},"canonical":"https:\/\/www.purejewels.com\/de\/produkt-2\/22ct-intitial-w-anhanger-51054\/","og_locale":"de_DE","og_type":"article","og_title":"22ct Gold Initial W Pendant | PureJewels London","og_description":"Express your individuality with our 22ct Gold Initial W Pendant \u2013 a radiant personalised letter necklace crafted in pure gold. A refined treasure from PureJewels London.","og_url":"https:\/\/www.purejewels.com\/de\/produkt-2\/22ct-intitial-w-anhanger-51054\/","og_site_name":"PureJewels UK","article_modified_time":"2026-04-27T05:45:15+00:00","og_image":[{"width":1000,"height":1000,"url":"https:\/\/static.purejewels.com\/wp-content\/uploads\/2025\/02\/SKU-51054.jpg","type":"image\/jpeg"}],"twitter_card":"summary_large_image","twitter_misc":{"Gesch\u00e4tzte Lesezeit":"1\u00a0Minute"},"schema":{"@context":"https:\/\/schema.org","@graph":[{"@type":["WebPage","ItemPage"],"@id":"https:\/\/www.purejewels.com\/product\/22ct-intitial-w-pendant-51054\/","url":"https:\/\/www.purejewels.com\/product\/22ct-intitial-w-pendant-51054\/","name":"22ct Gold Initial W Anh\u00e4nger | PureJewels London","isPartOf":{"@id":"https:\/\/www.purejewels.com\/#website"},"primaryImageOfPage":{"@id":"https:\/\/www.purejewels.com\/product\/22ct-intitial-w-pendant-51054\/#primaryimage"},"image":{"@id":"https:\/\/www.purejewels.com\/product\/22ct-intitial-w-pendant-51054\/#primaryimage"},"thumbnailUrl":"https:\/\/static.purejewels.com\/wp-content\/uploads\/2025\/02\/SKU-51054.jpg","datePublished":"2025-02-13T08:16:02+00:00","dateModified":"2026-04-27T05:45:15+00:00","description":"Bringen Sie Ihre Individualit\u00e4t mit unserem 22ct Gold Initial W Anh\u00e4nger zum Ausdruck - eine strahlende, personalisierte Buchstabenkette aus reinem Gold. Ein raffinierter Schatz von PureJewels London.","breadcrumb":{"@id":"https:\/\/www.purejewels.com\/product\/22ct-intitial-w-pendant-51054\/#breadcrumb"},"inLanguage":"de","potentialAction":[{"@type":"ReadAction","target":["https:\/\/www.purejewels.com\/product\/22ct-intitial-w-pendant-51054\/"]}]},{"@type":"ImageObject","inLanguage":"de","@id":"https:\/\/www.purejewels.com\/product\/22ct-intitial-w-pendant-51054\/#primaryimage","url":"https:\/\/static.purejewels.com\/wp-content\/uploads\/2025\/02\/SKU-51054.jpg","contentUrl":"https:\/\/static.purejewels.com\/wp-content\/uploads\/2025\/02\/SKU-51054.jpg","width":1000,"height":1000,"caption":"Stacked from 6 images. Method=B (R=8,S=4)"},{"@type":"BreadcrumbList","@id":"https:\/\/www.purejewels.com\/product\/22ct-intitial-w-pendant-51054\/#breadcrumb","itemListElement":[{"@type":"ListItem","position":1,"name":"Home","item":"https:\/\/www.purejewels.com\/"},{"@type":"ListItem","position":2,"name":"Shop","item":"https:\/\/www.purejewels.com\/shop\/"},{"@type":"ListItem","position":3,"name":"22ct Initial W Pendant"}]},{"@type":"WebSite","@id":"https:\/\/www.purejewels.com\/#website","url":"https:\/\/www.purejewels.com\/","name":"PureJewels UK","description":"Teile die Liebe","publisher":{"@id":"https:\/\/www.purejewels.com\/#organization"},"potentialAction":[{"@type":"SearchAction","target":{"@type":"EntryPoint","urlTemplate":"https:\/\/www.purejewels.com\/?s={search_term_string}"},"query-input":{"@type":"PropertyValueSpecification","valueRequired":true,"valueName":"search_term_string"}}],"inLanguage":"de"},{"@type":"Organization","@id":"https:\/\/www.purejewels.com\/#organization","name":"PureJewels UK","url":"https:\/\/www.purejewels.com\/","logo":{"@type":"ImageObject","inLanguage":"de","@id":"https:\/\/www.purejewels.com\/#\/schema\/logo\/image\/","url":"https:\/\/static.purejewels.com\/wp-content\/uploads\/2020\/11\/Logo-PJ-New-1.png","contentUrl":"https:\/\/static.purejewels.com\/wp-content\/uploads\/2020\/11\/Logo-PJ-New-1.png","width":150,"height":80,"caption":"PureJewels UK"},"image":{"@id":"https:\/\/www.purejewels.com\/#\/schema\/logo\/image\/"}}]}},"_links":{"self":[{"href":"https:\/\/www.purejewels.com\/de\/wp-json\/wp\/v2\/product\/396580","targetHints":{"allow":["GET"]}}],"collection":[{"href":"https:\/\/www.purejewels.com\/de\/wp-json\/wp\/v2\/product"}],"about":[{"href":"https:\/\/www.purejewels.com\/de\/wp-json\/wp\/v2\/types\/product"}],"replies":[{"embeddable":true,"href":"https:\/\/www.purejewels.com\/de\/wp-json\/wp\/v2\/comments?post=396580"}],"version-history":[{"count":5,"href":"https:\/\/www.purejewels.com\/de\/wp-json\/wp\/v2\/product\/396580\/revisions"}],"predecessor-version":[{"id":419924,"href":"https:\/\/www.purejewels.com\/de\/wp-json\/wp\/v2\/product\/396580\/revisions\/419924"}],"wp:featuredmedia":[{"embeddable":true,"href":"https:\/\/www.purejewels.com\/de\/wp-json\/wp\/v2\/media\/409069"}],"wp:attachment":[{"href":"https:\/\/www.purejewels.com\/de\/wp-json\/wp\/v2\/media?parent=396580"}],"wp:term":[{"taxonomy":"product_brand","embeddable":true,"href":"https:\/\/www.purejewels.com\/de\/wp-json\/wp\/v2\/product_brand?post=396580"},{"taxonomy":"product_cat","embeddable":true,"href":"https:\/\/www.purejewels.com\/de\/wp-json\/wp\/v2\/product_cat?post=396580"},{"taxonomy":"product_tag","embeddable":true,"href":"https:\/\/www.purejewels.com\/de\/wp-json\/wp\/v2\/product_tag?post=396580"}],"curies":[{"name":"wp","href":"https:\/\/api.w.org\/{rel}","templated":true}]}}