{"id":396852,"date":"2025-01-14T06:03:59","date_gmt":"2025-01-14T06:03:59","guid":{"rendered":"https:\/\/www.purejewels.com\/?post_type=product&#038;p=396852"},"modified":"2026-02-13T12:58:42","modified_gmt":"2026-02-13T12:58:42","slug":"om-anhanger-aus-22-karat-gold-44708","status":"publish","type":"product","link":"https:\/\/www.purejewels.com\/de\/product\/om-pendant-in-22ct-gold-44708\/","title":{"rendered":"Shakti Flamme OM-Anh\u00e4nger"},"content":{"rendered":"<p>Der Shakti Flame OM-Anh\u00e4nger ist ein anmutiger Ausdruck von Hingabe und innerer Kraft. Das Design aus leuchtendem 22-kar\u00e4tigem Gold zeigt eine flie\u00dfende, von einer Flamme inspirierte Form, die ein stilisiertes OM-Symbol umschlie\u00dft - ein uraltes Mantra f\u00fcr das universelle Bewusstsein. Mit Brillanten und einer eleganten Spitze aus Wei\u00dfgold versehen, verbindet das Schmuckst\u00fcck heilige Geometrie mit zeitgen\u00f6ssischer Eleganz. Dieser Anh\u00e4nger ist eine Hommage an spirituelle Energie und ein achtsames Leben und dient als Schmuck und Amulett zugleich.<\/p>","protected":false},"excerpt":{"rendered":"<p data-start=\"45\" data-end=\"265\">Dieser strahlende OM-Anh\u00e4nger kanalisiert spirituelle Energie durch eine flie\u00dfende, flammenartige Silhouette. Gefertigt aus 22-kar\u00e4tigem Gold mit Diamantakzenten, symbolisiert er g\u00f6ttliche Pr\u00e4senz, Klarheit und innere St\u00e4rke.<\/p>\n<p><strong>Material:<\/strong>\u00a022ct Gold<strong><br \/>\nWahrzeichen:\u00a0<\/strong>Britisches G\u00fctesiegel<strong><br \/>\n<\/strong><strong>Bruttogewicht: <\/strong>3.06 Gms<strong><br \/>\nSKU: <\/strong>44708<\/p>\n<p><strong>Preis und Lieferung: <\/strong>Der Kettenpreis ist nicht inbegriffen, inklusive Mehrwertsteuer und Versandkosten.<strong><br \/>\n<a href=\"https:\/\/www.purejewels.com\/de\/ruckgabepolitik\/\">R\u00fcckgabepolitik<\/a><\/strong><\/p>","protected":false},"featured_media":407146,"comment_status":"closed","ping_status":"closed","template":"","meta":{"_eb_attr":"","_crsspst_to_jayantr4sg-hostcom":true},"product_brand":[],"product_cat":[1793,1571,1229,1255,5344,1767,1572,1768,5600,5338,1701,5349],"product_tag":[],"class_list":{"0":"post-396852","1":"product","2":"type-product","3":"status-publish","4":"has-post-thumbnail","6":"product_cat-diwali-gifts","7":"product_cat-fathers-day-gifts","8":"product_cat-22ct-gold-jewellery","9":"product_cat-gold-pendants","10":"product_cat-jewellery-under-750","11":"product_cat-ladies-pendants","12":"product_cat-mens-jewellery","13":"product_cat-mens-pendants","14":"product_cat-om-pendants","15":"product_cat-shop-by-price","16":"product_cat-religious-pendants","17":"product_cat-yellow-gold-jewellery","19":"first","20":"instock","21":"taxable","22":"shipping-taxable","23":"purchasable","24":"product-type-simple","25":"add-to-wishlist-before_image"},"yoast_head":"<!-- This site is optimized with the Yoast SEO plugin v27.3 - https:\/\/yoast.com\/product\/yoast-seo-wordpress\/ -->\n<title>22 Carat Gold Om Pendant \u2013 Indian Heritage Jewellery<\/title>\n<meta name=\"description\" content=\"Celebrate spiritual heritage with our 22ct Gold Om Pendant, handcrafted with traditional Indian artistry. Hallmarked and made in London. Shop now at PureJewels.\" \/>\n<meta name=\"robots\" content=\"index, follow, max-snippet:-1, max-image-preview:large, max-video-preview:-1\" \/>\n<link rel=\"canonical\" href=\"https:\/\/www.purejewels.com\/de\/produkt-2\/om-anhanger-aus-22-karat-gold-44708\/\" \/>\n<meta property=\"og:locale\" content=\"de_DE\" \/>\n<meta property=\"og:type\" content=\"article\" \/>\n<meta property=\"og:title\" content=\"22 Carat Gold Om Pendant \u2013 Indian Heritage Jewellery\" \/>\n<meta property=\"og:description\" content=\"Celebrate spiritual heritage with our 22ct Gold Om Pendant, handcrafted with traditional Indian artistry. Hallmarked and made in London. Shop now at PureJewels.\" \/>\n<meta property=\"og:url\" content=\"https:\/\/www.purejewels.com\/de\/produkt-2\/om-anhanger-aus-22-karat-gold-44708\/\" \/>\n<meta property=\"og:site_name\" content=\"PureJewels UK\" \/>\n<meta property=\"article:modified_time\" content=\"2026-02-13T12:58:42+00:00\" \/>\n<meta property=\"og:image\" content=\"https:\/\/static.purejewels.com\/wp-content\/uploads\/2025\/01\/SKU-44708.jpg\" \/>\n\t<meta property=\"og:image:width\" content=\"1000\" \/>\n\t<meta property=\"og:image:height\" content=\"1000\" \/>\n\t<meta property=\"og:image:type\" content=\"image\/jpeg\" \/>\n<meta name=\"twitter:card\" content=\"summary_large_image\" \/>\n<meta name=\"twitter:label1\" content=\"Gesch\u00e4tzte Lesezeit\" \/>\n\t<meta name=\"twitter:data1\" content=\"1\u00a0Minute\" \/>\n<script type=\"application\/ld+json\" class=\"yoast-schema-graph\">{\"@context\":\"https:\\\/\\\/schema.org\",\"@graph\":[{\"@type\":[\"WebPage\",\"ItemPage\"],\"@id\":\"https:\\\/\\\/www.purejewels.com\\\/product\\\/om-pendant-in-22ct-gold-44708\\\/\",\"url\":\"https:\\\/\\\/www.purejewels.com\\\/product\\\/om-pendant-in-22ct-gold-44708\\\/\",\"name\":\"22 Carat Gold Om Pendant \u2013 Indian Heritage Jewellery\",\"isPartOf\":{\"@id\":\"https:\\\/\\\/www.purejewels.com\\\/#website\"},\"primaryImageOfPage\":{\"@id\":\"https:\\\/\\\/www.purejewels.com\\\/product\\\/om-pendant-in-22ct-gold-44708\\\/#primaryimage\"},\"image\":{\"@id\":\"https:\\\/\\\/www.purejewels.com\\\/product\\\/om-pendant-in-22ct-gold-44708\\\/#primaryimage\"},\"thumbnailUrl\":\"https:\\\/\\\/static.purejewels.com\\\/wp-content\\\/uploads\\\/2025\\\/01\\\/SKU-44708.jpg\",\"datePublished\":\"2025-01-14T06:03:59+00:00\",\"dateModified\":\"2026-02-13T12:58:42+00:00\",\"description\":\"Celebrate spiritual heritage with our 22ct Gold Om Pendant, handcrafted with traditional Indian artistry. Hallmarked and made in London. Shop now at PureJewels.\",\"breadcrumb\":{\"@id\":\"https:\\\/\\\/www.purejewels.com\\\/product\\\/om-pendant-in-22ct-gold-44708\\\/#breadcrumb\"},\"inLanguage\":\"de\",\"potentialAction\":[{\"@type\":\"ReadAction\",\"target\":[\"https:\\\/\\\/www.purejewels.com\\\/product\\\/om-pendant-in-22ct-gold-44708\\\/\"]}]},{\"@type\":\"ImageObject\",\"inLanguage\":\"de\",\"@id\":\"https:\\\/\\\/www.purejewels.com\\\/product\\\/om-pendant-in-22ct-gold-44708\\\/#primaryimage\",\"url\":\"https:\\\/\\\/static.purejewels.com\\\/wp-content\\\/uploads\\\/2025\\\/01\\\/SKU-44708.jpg\",\"contentUrl\":\"https:\\\/\\\/static.purejewels.com\\\/wp-content\\\/uploads\\\/2025\\\/01\\\/SKU-44708.jpg\",\"width\":1000,\"height\":1000,\"caption\":\"Om Pendant in 22ct Gold\"},{\"@type\":\"BreadcrumbList\",\"@id\":\"https:\\\/\\\/www.purejewels.com\\\/product\\\/om-pendant-in-22ct-gold-44708\\\/#breadcrumb\",\"itemListElement\":[{\"@type\":\"ListItem\",\"position\":1,\"name\":\"Home\",\"item\":\"https:\\\/\\\/www.purejewels.com\\\/\"},{\"@type\":\"ListItem\",\"position\":2,\"name\":\"Shop\",\"item\":\"https:\\\/\\\/www.purejewels.com\\\/shop\\\/\"},{\"@type\":\"ListItem\",\"position\":3,\"name\":\"Shakti Flame OM Pendant\"}]},{\"@type\":\"WebSite\",\"@id\":\"https:\\\/\\\/www.purejewels.com\\\/#website\",\"url\":\"https:\\\/\\\/www.purejewels.com\\\/\",\"name\":\"PureJewels UK\",\"description\":\"Share the Love\",\"publisher\":{\"@id\":\"https:\\\/\\\/www.purejewels.com\\\/#organization\"},\"potentialAction\":[{\"@type\":\"SearchAction\",\"target\":{\"@type\":\"EntryPoint\",\"urlTemplate\":\"https:\\\/\\\/www.purejewels.com\\\/?s={search_term_string}\"},\"query-input\":{\"@type\":\"PropertyValueSpecification\",\"valueRequired\":true,\"valueName\":\"search_term_string\"}}],\"inLanguage\":\"de\"},{\"@type\":\"Organization\",\"@id\":\"https:\\\/\\\/www.purejewels.com\\\/#organization\",\"name\":\"PureJewels UK\",\"url\":\"https:\\\/\\\/www.purejewels.com\\\/\",\"logo\":{\"@type\":\"ImageObject\",\"inLanguage\":\"de\",\"@id\":\"https:\\\/\\\/www.purejewels.com\\\/#\\\/schema\\\/logo\\\/image\\\/\",\"url\":\"https:\\\/\\\/static.purejewels.com\\\/wp-content\\\/uploads\\\/2020\\\/11\\\/Logo-PJ-New-1.png\",\"contentUrl\":\"https:\\\/\\\/static.purejewels.com\\\/wp-content\\\/uploads\\\/2020\\\/11\\\/Logo-PJ-New-1.png\",\"width\":150,\"height\":80,\"caption\":\"PureJewels UK\"},\"image\":{\"@id\":\"https:\\\/\\\/www.purejewels.com\\\/#\\\/schema\\\/logo\\\/image\\\/\"}}]}<\/script>\n<!-- \/ Yoast SEO plugin. -->","yoast_head_json":{"title":"22 Karat Gold Om-Anh\u00e4nger - Indisches Erbe Schmuck","description":"Feiern Sie Ihr spirituelles Erbe mit unserem Om-Anh\u00e4nger aus 22-kar\u00e4tigem Gold, der nach traditioneller indischer Handwerkskunst gefertigt wurde. Gepunzt und hergestellt in London. Jetzt kaufen bei PureJewels.","robots":{"index":"index","follow":"follow","max-snippet":"max-snippet:-1","max-image-preview":"max-image-preview:large","max-video-preview":"max-video-preview:-1"},"canonical":"https:\/\/www.purejewels.com\/de\/produkt-2\/om-anhanger-aus-22-karat-gold-44708\/","og_locale":"de_DE","og_type":"article","og_title":"22 Carat Gold Om Pendant \u2013 Indian Heritage Jewellery","og_description":"Celebrate spiritual heritage with our 22ct Gold Om Pendant, handcrafted with traditional Indian artistry. Hallmarked and made in London. Shop now at PureJewels.","og_url":"https:\/\/www.purejewels.com\/de\/produkt-2\/om-anhanger-aus-22-karat-gold-44708\/","og_site_name":"PureJewels UK","article_modified_time":"2026-02-13T12:58:42+00:00","og_image":[{"width":1000,"height":1000,"url":"https:\/\/static.purejewels.com\/wp-content\/uploads\/2025\/01\/SKU-44708.jpg","type":"image\/jpeg"}],"twitter_card":"summary_large_image","twitter_misc":{"Gesch\u00e4tzte Lesezeit":"1\u00a0Minute"},"schema":{"@context":"https:\/\/schema.org","@graph":[{"@type":["WebPage","ItemPage"],"@id":"https:\/\/www.purejewels.com\/product\/om-pendant-in-22ct-gold-44708\/","url":"https:\/\/www.purejewels.com\/product\/om-pendant-in-22ct-gold-44708\/","name":"22 Karat Gold Om-Anh\u00e4nger - Indisches Erbe Schmuck","isPartOf":{"@id":"https:\/\/www.purejewels.com\/#website"},"primaryImageOfPage":{"@id":"https:\/\/www.purejewels.com\/product\/om-pendant-in-22ct-gold-44708\/#primaryimage"},"image":{"@id":"https:\/\/www.purejewels.com\/product\/om-pendant-in-22ct-gold-44708\/#primaryimage"},"thumbnailUrl":"https:\/\/static.purejewels.com\/wp-content\/uploads\/2025\/01\/SKU-44708.jpg","datePublished":"2025-01-14T06:03:59+00:00","dateModified":"2026-02-13T12:58:42+00:00","description":"Feiern Sie Ihr spirituelles Erbe mit unserem Om-Anh\u00e4nger aus 22-kar\u00e4tigem Gold, der nach traditioneller indischer Handwerkskunst gefertigt wurde. Gepunzt und hergestellt in London. Jetzt kaufen bei PureJewels.","breadcrumb":{"@id":"https:\/\/www.purejewels.com\/product\/om-pendant-in-22ct-gold-44708\/#breadcrumb"},"inLanguage":"de","potentialAction":[{"@type":"ReadAction","target":["https:\/\/www.purejewels.com\/product\/om-pendant-in-22ct-gold-44708\/"]}]},{"@type":"ImageObject","inLanguage":"de","@id":"https:\/\/www.purejewels.com\/product\/om-pendant-in-22ct-gold-44708\/#primaryimage","url":"https:\/\/static.purejewels.com\/wp-content\/uploads\/2025\/01\/SKU-44708.jpg","contentUrl":"https:\/\/static.purejewels.com\/wp-content\/uploads\/2025\/01\/SKU-44708.jpg","width":1000,"height":1000,"caption":"Om Pendant in 22ct Gold"},{"@type":"BreadcrumbList","@id":"https:\/\/www.purejewels.com\/product\/om-pendant-in-22ct-gold-44708\/#breadcrumb","itemListElement":[{"@type":"ListItem","position":1,"name":"Home","item":"https:\/\/www.purejewels.com\/"},{"@type":"ListItem","position":2,"name":"Shop","item":"https:\/\/www.purejewels.com\/shop\/"},{"@type":"ListItem","position":3,"name":"Shakti Flame OM Pendant"}]},{"@type":"WebSite","@id":"https:\/\/www.purejewels.com\/#website","url":"https:\/\/www.purejewels.com\/","name":"PureJewels UK","description":"Teile die Liebe","publisher":{"@id":"https:\/\/www.purejewels.com\/#organization"},"potentialAction":[{"@type":"SearchAction","target":{"@type":"EntryPoint","urlTemplate":"https:\/\/www.purejewels.com\/?s={search_term_string}"},"query-input":{"@type":"PropertyValueSpecification","valueRequired":true,"valueName":"search_term_string"}}],"inLanguage":"de"},{"@type":"Organization","@id":"https:\/\/www.purejewels.com\/#organization","name":"PureJewels UK","url":"https:\/\/www.purejewels.com\/","logo":{"@type":"ImageObject","inLanguage":"de","@id":"https:\/\/www.purejewels.com\/#\/schema\/logo\/image\/","url":"https:\/\/static.purejewels.com\/wp-content\/uploads\/2020\/11\/Logo-PJ-New-1.png","contentUrl":"https:\/\/static.purejewels.com\/wp-content\/uploads\/2020\/11\/Logo-PJ-New-1.png","width":150,"height":80,"caption":"PureJewels UK"},"image":{"@id":"https:\/\/www.purejewels.com\/#\/schema\/logo\/image\/"}}]}},"_links":{"self":[{"href":"https:\/\/www.purejewels.com\/de\/wp-json\/wp\/v2\/product\/396852","targetHints":{"allow":["GET"]}}],"collection":[{"href":"https:\/\/www.purejewels.com\/de\/wp-json\/wp\/v2\/product"}],"about":[{"href":"https:\/\/www.purejewels.com\/de\/wp-json\/wp\/v2\/types\/product"}],"replies":[{"embeddable":true,"href":"https:\/\/www.purejewels.com\/de\/wp-json\/wp\/v2\/comments?post=396852"}],"version-history":[{"count":3,"href":"https:\/\/www.purejewels.com\/de\/wp-json\/wp\/v2\/product\/396852\/revisions"}],"predecessor-version":[{"id":407182,"href":"https:\/\/www.purejewels.com\/de\/wp-json\/wp\/v2\/product\/396852\/revisions\/407182"}],"wp:featuredmedia":[{"embeddable":true,"href":"https:\/\/www.purejewels.com\/de\/wp-json\/wp\/v2\/media\/407146"}],"wp:attachment":[{"href":"https:\/\/www.purejewels.com\/de\/wp-json\/wp\/v2\/media?parent=396852"}],"wp:term":[{"taxonomy":"product_brand","embeddable":true,"href":"https:\/\/www.purejewels.com\/de\/wp-json\/wp\/v2\/product_brand?post=396852"},{"taxonomy":"product_cat","embeddable":true,"href":"https:\/\/www.purejewels.com\/de\/wp-json\/wp\/v2\/product_cat?post=396852"},{"taxonomy":"product_tag","embeddable":true,"href":"https:\/\/www.purejewels.com\/de\/wp-json\/wp\/v2\/product_tag?post=396852"}],"curies":[{"name":"wp","href":"https:\/\/api.w.org\/{rel}","templated":true}]}}