{"id":397710,"date":"2025-07-24T10:45:01","date_gmt":"2025-07-24T09:45:01","guid":{"rendered":"https:\/\/www.purejewels.com\/?post_type=product&#038;p=397710"},"modified":"2026-04-29T08:44:35","modified_gmt":"2026-04-29T07:44:35","slug":"22ct-gold-herzformige-ohrstecker-cz-steine","status":"publish","type":"product","link":"https:\/\/www.purejewels.com\/de\/product\/22ct-gold-heart-shaped-stud-earrings-cz-stones\/","title":{"rendered":"Glintleaf Herz Ohrstecker"},"content":{"rendered":"<p data-start=\"0\" data-end=\"472\"><strong data-start=\"0\" data-end=\"18\">Designkonzept<\/strong><br data-start=\"18\" data-end=\"21\" \/>Die Glintleaf Heart Studs vereinen die Zartheit eines Herzmotivs mit der nat\u00fcrlichen Eleganz einer Blattform. Die offene Herzkontur ist mit einer sanften Glitzerlinie nachgezeichnet, w\u00e4hrend das innere Blattdetail Tiefe und organischen Charakter verleiht. Dieses Zusammenspiel der Formen symbolisiert eine wachsende und best\u00e4ndige Liebe, die sich in einem romantischen und doch ruhigen Design ausdr\u00fcckt. Die ausgewogenen und raffinierten Ohrstecker sind ausdrucksstark, ohne \u00fcbertrieben zu wirken.<\/p>\n<p data-start=\"474\" data-end=\"983\"><strong data-start=\"474\" data-end=\"491\">Handwerkliches K\u00f6nnen<\/strong><br data-start=\"491\" data-end=\"494\" \/>Diese aus gl\u00e4nzendem 22-kar\u00e4tigem Gold gefertigten Ohrstecker sind sorgf\u00e4ltig geformt, um klare Konturen und einen bequemen, ausgewogenen Sitz am Ohr zu erzielen. Die Cubic-Zirkonia-Steine sind pr\u00e4zise gefasst, um Licht und Brillanz zu verst\u00e4rken und gleichzeitig ein glattes, raffiniertes Profil zu erhalten. Die polierte Goldoberfl\u00e4che unterstreicht die W\u00e4rme des hochreinen Goldes, und es wurde darauf geachtet, dass die Kanten weich sind und sich im Alltag gut tragen lassen. Jedes Paar ist im Vereinigten K\u00f6nigreich mit einem Feingehaltssiegel versehen, das f\u00fcr die vertrauensw\u00fcrdige Handwerkskunst und Qualit\u00e4t steht.<\/p>\n<p data-start=\"985\" data-end=\"1445\" data-is-last-node=\"\" data-is-only-node=\"\"><strong data-start=\"985\" data-end=\"1006\">Styling &amp; Geschenkartikel<\/strong><br data-start=\"1006\" data-end=\"1009\" \/>Die vielseitig einsetzbaren Glintleaf Heart Studs sind ideal f\u00fcr das t\u00e4gliche Tragen und verleihen sowohl l\u00e4ssigen als auch raffinierten Looks einen subtilen Glanz. Sie lassen sich wunderbar mit einer zarten Goldkette oder einem Herzanh\u00e4nger kombinieren, um einen koordinierten Stil zu erzielen, k\u00f6nnen aber auch alleine getragen werden, um ein ruhiges Statement zu setzen. Sie eignen sich perfekt f\u00fcr Geburtstage, Jahrestage oder sinnvolle Geschenke. Diese Ohrstecker sind daf\u00fcr gemacht, oft getragen zu werden und mit der Zeit als Symbol der Zuneigung und des durchdachten Designs in Ehren zu halten.<\/p>","protected":false},"excerpt":{"rendered":"<p>Diese zarten Ohrstecker aus 22 Karat Gold verbinden von der Natur inspirierte Eleganz mit raffiniertem Funkeln. Mit ihrem herzf\u00f6rmigen Motiv, das von einem diamantbesetzten Wirbel und einem filigranen Blatt umschlungen wird, sind sie ein anmutiger Hinweis auf Liebe und Erneuerung.<\/p>\n<ul>\n<li><strong>Material:<\/strong> 22ct Gold<\/li>\n<li><strong>Wahrzeichen: <\/strong>Britisches G\u00fctesiegel<\/li>\n<li><strong>Bruttogewicht: <\/strong>3.23 Gms<\/li>\n<li><strong>SKU: <\/strong>51194<\/li>\n<\/ul>\n<p><strong><br \/>\nPreis und Lieferung: <\/strong>Inklusive Mehrwertsteuer und Lieferkosten<br \/>\n<strong><a href=\"https:\/\/www.purejewels.com\/de\/ruckgabepolitik\/\">R\u00fcckgabepolitik<\/a><\/strong><\/p>","protected":false},"featured_media":407131,"comment_status":"closed","ping_status":"closed","template":"","meta":{"_eb_attr":"","_crsspst_to_jayantr4sg-hostcom":true},"product_brand":[],"product_cat":[1793,6190,1792,1790,1254,1229,5344,1570,5338,1577,1573,1574,5349],"product_tag":[],"class_list":{"0":"post-397710","1":"product","2":"type-product","3":"status-publish","4":"has-post-thumbnail","6":"product_cat-diwali-gifts","7":"product_cat-easter-jewellery","8":"product_cat-festival-gifts","9":"product_cat-for-whom-when","10":"product_cat-gold-earrings","11":"product_cat-22ct-gold-jewellery","12":"product_cat-jewellery-under-750","13":"product_cat-mothers-day-gifts","14":"product_cat-shop-by-price","15":"product_cat-stud-earrings","16":"product_cat-wedding-gifts","17":"product_cat-womens-jewellery","18":"product_cat-yellow-gold-jewellery","20":"first","21":"instock","22":"taxable","23":"shipping-taxable","24":"purchasable","25":"product-type-simple","26":"add-to-wishlist-before_image"},"yoast_head":"<!-- This site is optimized with the Yoast SEO plugin v27.5 - https:\/\/yoast.com\/product\/yoast-seo-wordpress\/ -->\n<title>Valentine\u2019s Day Heart Stud Earrings in 22ct Gold | Gift for Her<\/title>\n<meta name=\"description\" content=\"Make Valentine\u2019s Day unforgettable with these 22ct gold heart stud earrings, accented with sparkling cubic zirconia and leaf detailing.\" \/>\n<meta name=\"robots\" content=\"index, follow, max-snippet:-1, max-image-preview:large, max-video-preview:-1\" \/>\n<link rel=\"canonical\" href=\"https:\/\/www.purejewels.com\/de\/produkt-2\/22ct-gold-herzformige-ohrstecker-cz-steine\/\" \/>\n<meta property=\"og:locale\" content=\"de_DE\" \/>\n<meta property=\"og:type\" content=\"article\" \/>\n<meta property=\"og:title\" content=\"Valentine\u2019s Day Heart Stud Earrings in 22ct Gold | Gift for Her\" \/>\n<meta property=\"og:description\" content=\"Make Valentine\u2019s Day unforgettable with these 22ct gold heart stud earrings, accented with sparkling cubic zirconia and leaf detailing.\" \/>\n<meta property=\"og:url\" content=\"https:\/\/www.purejewels.com\/de\/produkt-2\/22ct-gold-herzformige-ohrstecker-cz-steine\/\" \/>\n<meta property=\"og:site_name\" content=\"PureJewels UK\" \/>\n<meta property=\"article:modified_time\" content=\"2026-04-29T07:44:35+00:00\" \/>\n<meta property=\"og:image\" content=\"https:\/\/static.purejewels.com\/wp-content\/uploads\/2024\/05\/SKU-51194.jpg\" \/>\n\t<meta property=\"og:image:width\" content=\"1000\" \/>\n\t<meta property=\"og:image:height\" content=\"1000\" \/>\n\t<meta property=\"og:image:type\" content=\"image\/jpeg\" \/>\n<meta name=\"twitter:card\" content=\"summary_large_image\" \/>\n<meta name=\"twitter:label1\" content=\"Gesch\u00e4tzte Lesezeit\" \/>\n\t<meta name=\"twitter:data1\" content=\"2\u00a0Minuten\" \/>\n<script type=\"application\/ld+json\" class=\"yoast-schema-graph\">{\"@context\":\"https:\\\/\\\/schema.org\",\"@graph\":[{\"@type\":[\"WebPage\",\"ItemPage\"],\"@id\":\"https:\\\/\\\/www.purejewels.com\\\/product\\\/22ct-gold-heart-shaped-stud-earrings-cz-stones\\\/\",\"url\":\"https:\\\/\\\/www.purejewels.com\\\/product\\\/22ct-gold-heart-shaped-stud-earrings-cz-stones\\\/\",\"name\":\"Valentine\u2019s Day Heart Stud Earrings in 22ct Gold | Gift for Her\",\"isPartOf\":{\"@id\":\"https:\\\/\\\/www.purejewels.com\\\/#website\"},\"primaryImageOfPage\":{\"@id\":\"https:\\\/\\\/www.purejewels.com\\\/product\\\/22ct-gold-heart-shaped-stud-earrings-cz-stones\\\/#primaryimage\"},\"image\":{\"@id\":\"https:\\\/\\\/www.purejewels.com\\\/product\\\/22ct-gold-heart-shaped-stud-earrings-cz-stones\\\/#primaryimage\"},\"thumbnailUrl\":\"https:\\\/\\\/static.purejewels.com\\\/wp-content\\\/uploads\\\/2024\\\/05\\\/SKU-51194.jpg\",\"datePublished\":\"2025-07-24T09:45:01+00:00\",\"dateModified\":\"2026-04-29T07:44:35+00:00\",\"description\":\"Make Valentine\u2019s Day unforgettable with these 22ct gold heart stud earrings, accented with sparkling cubic zirconia and leaf detailing.\",\"breadcrumb\":{\"@id\":\"https:\\\/\\\/www.purejewels.com\\\/product\\\/22ct-gold-heart-shaped-stud-earrings-cz-stones\\\/#breadcrumb\"},\"inLanguage\":\"de\",\"potentialAction\":[{\"@type\":\"ReadAction\",\"target\":[\"https:\\\/\\\/www.purejewels.com\\\/product\\\/22ct-gold-heart-shaped-stud-earrings-cz-stones\\\/\"]}]},{\"@type\":\"ImageObject\",\"inLanguage\":\"de\",\"@id\":\"https:\\\/\\\/www.purejewels.com\\\/product\\\/22ct-gold-heart-shaped-stud-earrings-cz-stones\\\/#primaryimage\",\"url\":\"https:\\\/\\\/static.purejewels.com\\\/wp-content\\\/uploads\\\/2024\\\/05\\\/SKU-51194.jpg\",\"contentUrl\":\"https:\\\/\\\/static.purejewels.com\\\/wp-content\\\/uploads\\\/2024\\\/05\\\/SKU-51194.jpg\",\"width\":1000,\"height\":1000,\"caption\":\"51194\"},{\"@type\":\"BreadcrumbList\",\"@id\":\"https:\\\/\\\/www.purejewels.com\\\/product\\\/22ct-gold-heart-shaped-stud-earrings-cz-stones\\\/#breadcrumb\",\"itemListElement\":[{\"@type\":\"ListItem\",\"position\":1,\"name\":\"Home\",\"item\":\"https:\\\/\\\/www.purejewels.com\\\/\"},{\"@type\":\"ListItem\",\"position\":2,\"name\":\"Shop\",\"item\":\"https:\\\/\\\/www.purejewels.com\\\/shop\\\/\"},{\"@type\":\"ListItem\",\"position\":3,\"name\":\"Glintleaf Heart Studs\"}]},{\"@type\":\"WebSite\",\"@id\":\"https:\\\/\\\/www.purejewels.com\\\/#website\",\"url\":\"https:\\\/\\\/www.purejewels.com\\\/\",\"name\":\"PureJewels UK\",\"description\":\"Share the Love\",\"publisher\":{\"@id\":\"https:\\\/\\\/www.purejewels.com\\\/#organization\"},\"potentialAction\":[{\"@type\":\"SearchAction\",\"target\":{\"@type\":\"EntryPoint\",\"urlTemplate\":\"https:\\\/\\\/www.purejewels.com\\\/?s={search_term_string}\"},\"query-input\":{\"@type\":\"PropertyValueSpecification\",\"valueRequired\":true,\"valueName\":\"search_term_string\"}}],\"inLanguage\":\"de\"},{\"@type\":\"Organization\",\"@id\":\"https:\\\/\\\/www.purejewels.com\\\/#organization\",\"name\":\"PureJewels UK\",\"url\":\"https:\\\/\\\/www.purejewels.com\\\/\",\"logo\":{\"@type\":\"ImageObject\",\"inLanguage\":\"de\",\"@id\":\"https:\\\/\\\/www.purejewels.com\\\/#\\\/schema\\\/logo\\\/image\\\/\",\"url\":\"https:\\\/\\\/static.purejewels.com\\\/wp-content\\\/uploads\\\/2020\\\/11\\\/Logo-PJ-New-1.png\",\"contentUrl\":\"https:\\\/\\\/static.purejewels.com\\\/wp-content\\\/uploads\\\/2020\\\/11\\\/Logo-PJ-New-1.png\",\"width\":150,\"height\":80,\"caption\":\"PureJewels UK\"},\"image\":{\"@id\":\"https:\\\/\\\/www.purejewels.com\\\/#\\\/schema\\\/logo\\\/image\\\/\"}}]}<\/script>\n<!-- \/ Yoast SEO plugin. -->","yoast_head_json":{"title":"Valentinstag Herz Ohrstecker in 22ct Gold | Geschenk f\u00fcr Sie","description":"Machen Sie den Valentinstag unvergesslich mit diesen Herz-Ohrsteckern aus 22 Karat Gold, die mit funkelnden Zirkonia und Bl\u00e4ttern verziert sind.","robots":{"index":"index","follow":"follow","max-snippet":"max-snippet:-1","max-image-preview":"max-image-preview:large","max-video-preview":"max-video-preview:-1"},"canonical":"https:\/\/www.purejewels.com\/de\/produkt-2\/22ct-gold-herzformige-ohrstecker-cz-steine\/","og_locale":"de_DE","og_type":"article","og_title":"Valentine\u2019s Day Heart Stud Earrings in 22ct Gold | Gift for Her","og_description":"Make Valentine\u2019s Day unforgettable with these 22ct gold heart stud earrings, accented with sparkling cubic zirconia and leaf detailing.","og_url":"https:\/\/www.purejewels.com\/de\/produkt-2\/22ct-gold-herzformige-ohrstecker-cz-steine\/","og_site_name":"PureJewels UK","article_modified_time":"2026-04-29T07:44:35+00:00","og_image":[{"width":1000,"height":1000,"url":"https:\/\/static.purejewels.com\/wp-content\/uploads\/2024\/05\/SKU-51194.jpg","type":"image\/jpeg"}],"twitter_card":"summary_large_image","twitter_misc":{"Gesch\u00e4tzte Lesezeit":"2\u00a0Minuten"},"schema":{"@context":"https:\/\/schema.org","@graph":[{"@type":["WebPage","ItemPage"],"@id":"https:\/\/www.purejewels.com\/product\/22ct-gold-heart-shaped-stud-earrings-cz-stones\/","url":"https:\/\/www.purejewels.com\/product\/22ct-gold-heart-shaped-stud-earrings-cz-stones\/","name":"Valentinstag Herz Ohrstecker in 22ct Gold | Geschenk f\u00fcr Sie","isPartOf":{"@id":"https:\/\/www.purejewels.com\/#website"},"primaryImageOfPage":{"@id":"https:\/\/www.purejewels.com\/product\/22ct-gold-heart-shaped-stud-earrings-cz-stones\/#primaryimage"},"image":{"@id":"https:\/\/www.purejewels.com\/product\/22ct-gold-heart-shaped-stud-earrings-cz-stones\/#primaryimage"},"thumbnailUrl":"https:\/\/static.purejewels.com\/wp-content\/uploads\/2024\/05\/SKU-51194.jpg","datePublished":"2025-07-24T09:45:01+00:00","dateModified":"2026-04-29T07:44:35+00:00","description":"Machen Sie den Valentinstag unvergesslich mit diesen Herz-Ohrsteckern aus 22 Karat Gold, die mit funkelnden Zirkonia und Bl\u00e4ttern verziert sind.","breadcrumb":{"@id":"https:\/\/www.purejewels.com\/product\/22ct-gold-heart-shaped-stud-earrings-cz-stones\/#breadcrumb"},"inLanguage":"de","potentialAction":[{"@type":"ReadAction","target":["https:\/\/www.purejewels.com\/product\/22ct-gold-heart-shaped-stud-earrings-cz-stones\/"]}]},{"@type":"ImageObject","inLanguage":"de","@id":"https:\/\/www.purejewels.com\/product\/22ct-gold-heart-shaped-stud-earrings-cz-stones\/#primaryimage","url":"https:\/\/static.purejewels.com\/wp-content\/uploads\/2024\/05\/SKU-51194.jpg","contentUrl":"https:\/\/static.purejewels.com\/wp-content\/uploads\/2024\/05\/SKU-51194.jpg","width":1000,"height":1000,"caption":"51194"},{"@type":"BreadcrumbList","@id":"https:\/\/www.purejewels.com\/product\/22ct-gold-heart-shaped-stud-earrings-cz-stones\/#breadcrumb","itemListElement":[{"@type":"ListItem","position":1,"name":"Home","item":"https:\/\/www.purejewels.com\/"},{"@type":"ListItem","position":2,"name":"Shop","item":"https:\/\/www.purejewels.com\/shop\/"},{"@type":"ListItem","position":3,"name":"Glintleaf Heart Studs"}]},{"@type":"WebSite","@id":"https:\/\/www.purejewels.com\/#website","url":"https:\/\/www.purejewels.com\/","name":"PureJewels UK","description":"Teile die Liebe","publisher":{"@id":"https:\/\/www.purejewels.com\/#organization"},"potentialAction":[{"@type":"SearchAction","target":{"@type":"EntryPoint","urlTemplate":"https:\/\/www.purejewels.com\/?s={search_term_string}"},"query-input":{"@type":"PropertyValueSpecification","valueRequired":true,"valueName":"search_term_string"}}],"inLanguage":"de"},{"@type":"Organization","@id":"https:\/\/www.purejewels.com\/#organization","name":"PureJewels UK","url":"https:\/\/www.purejewels.com\/","logo":{"@type":"ImageObject","inLanguage":"de","@id":"https:\/\/www.purejewels.com\/#\/schema\/logo\/image\/","url":"https:\/\/static.purejewels.com\/wp-content\/uploads\/2020\/11\/Logo-PJ-New-1.png","contentUrl":"https:\/\/static.purejewels.com\/wp-content\/uploads\/2020\/11\/Logo-PJ-New-1.png","width":150,"height":80,"caption":"PureJewels UK"},"image":{"@id":"https:\/\/www.purejewels.com\/#\/schema\/logo\/image\/"}}]}},"_links":{"self":[{"href":"https:\/\/www.purejewels.com\/de\/wp-json\/wp\/v2\/product\/397710","targetHints":{"allow":["GET"]}}],"collection":[{"href":"https:\/\/www.purejewels.com\/de\/wp-json\/wp\/v2\/product"}],"about":[{"href":"https:\/\/www.purejewels.com\/de\/wp-json\/wp\/v2\/types\/product"}],"replies":[{"embeddable":true,"href":"https:\/\/www.purejewels.com\/de\/wp-json\/wp\/v2\/comments?post=397710"}],"version-history":[{"count":3,"href":"https:\/\/www.purejewels.com\/de\/wp-json\/wp\/v2\/product\/397710\/revisions"}],"predecessor-version":[{"id":424413,"href":"https:\/\/www.purejewels.com\/de\/wp-json\/wp\/v2\/product\/397710\/revisions\/424413"}],"wp:featuredmedia":[{"embeddable":true,"href":"https:\/\/www.purejewels.com\/de\/wp-json\/wp\/v2\/media\/407131"}],"wp:attachment":[{"href":"https:\/\/www.purejewels.com\/de\/wp-json\/wp\/v2\/media?parent=397710"}],"wp:term":[{"taxonomy":"product_brand","embeddable":true,"href":"https:\/\/www.purejewels.com\/de\/wp-json\/wp\/v2\/product_brand?post=397710"},{"taxonomy":"product_cat","embeddable":true,"href":"https:\/\/www.purejewels.com\/de\/wp-json\/wp\/v2\/product_cat?post=397710"},{"taxonomy":"product_tag","embeddable":true,"href":"https:\/\/www.purejewels.com\/de\/wp-json\/wp\/v2\/product_tag?post=397710"}],"curies":[{"name":"wp","href":"https:\/\/api.w.org\/{rel}","templated":true}]}}