{"id":398377,"date":"2025-04-26T05:43:44","date_gmt":"2025-04-26T04:43:44","guid":{"rendered":"https:\/\/www.purejewels.com\/?post_type=product&#038;p=398377"},"modified":"2026-01-06T05:33:52","modified_gmt":"2026-01-06T05:33:52","slug":"baby-ohrstecker-aus-22-karat-gold-51225","status":"publish","type":"product","link":"https:\/\/www.purejewels.com\/de\/product\/22ct-gold-baby-stud-earring-51225\/","title":{"rendered":"Baby-Ohrstecker aus 22 Karat Gold"},"content":{"rendered":"<p><strong>Gestaltung<\/strong><\/p>\n<p>Verspielt und elegant: Diese zierlichen Ohrstecker mit Blumenmotiv sind mit einem strahlenden Zirkonia-Stein in der Mitte einer goldenen Bl\u00fcte mit sechs Bl\u00fctenbl\u00e4ttern verziert. Die weichen, abgerundeten Bl\u00fctenbl\u00e4tter reflektieren das Licht wundersch\u00f6n und sorgen f\u00fcr eine fr\u00f6hliche, feminine Silhouette. Sie wurden entworfen, um Ihrem Alltagsstil einen zarten Glanz zu verleihen, und sind eine reizende Erg\u00e4nzung f\u00fcr jede Schmuckkollektion.<\/p>\n<p><strong>Handwerkliches K\u00f6nnen<\/strong><\/p>\n<p>Die Ohrringe sind fachm\u00e4nnisch aus 22 Karat Gold gefertigt und mit Zirkonia in einer sicheren Krappenfassung versehen, die f\u00fcr dauerhaften Glanz sorgt. Sie sind leicht und bequem, sodass sie den ganzen Tag \u00fcber getragen werden k\u00f6nnen, und werden mit einem traditionellen Steckverschluss und einem Schmetterlingsverschluss befestigt, der einen sicheren Halt gew\u00e4hrleistet. Jedes Paar ist in Gro\u00dfbritannien unabh\u00e4ngig punziert, was die Reinheit und Echtheit des Goldes best\u00e4tigt.<\/p>\n<p><strong>Styling &amp; Geschenkartikel<\/strong><\/p>\n<p>Diese floralen Ohrstecker eignen sich perfekt f\u00fcr den Alltag und passen sowohl zu traditionellen als auch zu modernen Outfits \u2013 ideal f\u00fcr die Arbeit, die Schule oder besondere Anl\u00e4sse. Sie sind auch ein sch\u00f6nes Geschenk zum Geburtstag, zu einem Meilenstein oder als erstes Paar Ohrringe f\u00fcr junge Menschen, da sie Freude und Neuanfang symbolisieren.<\/p>\n<p><b>Bereichs-ID <\/b>JWERSTCB027<br \/>\n<b>SKU:<\/b>\u00a051225<\/p>","protected":false},"excerpt":{"rendered":"<p>Bezaubernde Ohrstecker mit Blumenmotiv aus 22 Karat Gold und funkelndem Zirkonia in der Mitte. Mit einem britischen Feingehaltsstempel versehen, verleihen sie Ihrem Alltag einen Hauch von Eleganz und eignen sich hervorragend als Geschenk.<\/p>\n<p><strong>Material:<\/strong> 22ct Gold<br \/>\n<strong>Wahrzeichen: <\/strong>Britisches G\u00fctesiegel<br \/>\n<strong>Bruttogewicht: <\/strong>1.1 Gms<br \/>\n<strong>SKU: <\/strong>51225, 53028, 53155, 53157<\/p>\n<p><strong><br \/>\nPreis und Lieferung: <\/strong>Inklusive Mehrwertsteuer und Lieferkosten<\/p>\n<p><strong><a href=\"https:\/\/www.purejewels.com\/de\/ruckgabepolitik\/\">R\u00fcckgabepolitik<\/a><\/strong><\/p>","protected":false},"featured_media":398385,"comment_status":"closed","ping_status":"closed","template":"","meta":{"_eb_attr":"","_crsspst_to_jayantr4sg-hostcom":true},"product_brand":[],"product_cat":[1576,1793,1792,1790,1254,1229,5342,5599,5943,5338,1577,5349],"product_tag":[5933,5922,66,5919],"class_list":{"0":"post-398377","1":"product","2":"type-product","3":"status-publish","4":"has-post-thumbnail","6":"product_cat-childrens-jewellery","7":"product_cat-diwali-gifts","8":"product_cat-festival-gifts","9":"product_cat-for-whom-when","10":"product_cat-gold-earrings","11":"product_cat-22ct-gold-jewellery","12":"product_cat-jewellery-under-250","13":"product_cat-baby-earring","14":"product_cat-kids-jewellery","15":"product_cat-shop-by-price","16":"product_cat-stud-earrings","17":"product_cat-yellow-gold-jewellery","18":"product_tag-22ct-gold","19":"product_tag-22ct-gold-earrings","20":"product_tag-earrings","21":"product_tag-stud","23":"first","24":"outofstock","25":"taxable","26":"shipping-taxable","27":"product-type-simple","28":"add-to-wishlist-before_image"},"yoast_head":"<!-- This site is optimized with the Yoast SEO plugin v27.4 - https:\/\/yoast.com\/product\/yoast-seo-wordpress\/ -->\n<title>22ct Gold Baby Stud Earrings | PureJewels London<\/title>\n<meta name=\"description\" content=\"Delicately handcrafted in 22ct gold, our baby stud earrings are perfect for cherished moments. Hallmarked in London. Purity, and comfort for little ones.\" \/>\n<meta name=\"robots\" content=\"index, follow, max-snippet:-1, max-image-preview:large, max-video-preview:-1\" \/>\n<link rel=\"canonical\" href=\"https:\/\/www.purejewels.com\/de\/produkt-2\/baby-ohrstecker-aus-22-karat-gold-51225\/\" \/>\n<meta property=\"og:locale\" content=\"de_DE\" \/>\n<meta property=\"og:type\" content=\"article\" \/>\n<meta property=\"og:title\" content=\"22ct Gold Baby Stud Earrings | PureJewels London\" \/>\n<meta property=\"og:description\" content=\"Delicately handcrafted in 22ct gold, our baby stud earrings are perfect for cherished moments. Hallmarked in London. Purity, and comfort for little ones.\" \/>\n<meta property=\"og:url\" content=\"https:\/\/www.purejewels.com\/de\/produkt-2\/baby-ohrstecker-aus-22-karat-gold-51225\/\" \/>\n<meta property=\"og:site_name\" content=\"PureJewels UK\" \/>\n<meta property=\"article:modified_time\" content=\"2026-01-06T05:33:52+00:00\" \/>\n<meta property=\"og:image\" content=\"https:\/\/static.purejewels.com\/wp-content\/uploads\/2025\/05\/SST425-27.png\" \/>\n\t<meta property=\"og:image:width\" content=\"1000\" \/>\n\t<meta property=\"og:image:height\" content=\"1000\" \/>\n\t<meta property=\"og:image:type\" content=\"image\/png\" \/>\n<meta name=\"twitter:card\" content=\"summary_large_image\" \/>\n<meta name=\"twitter:label1\" content=\"Gesch\u00e4tzte Lesezeit\" \/>\n\t<meta name=\"twitter:data1\" content=\"1\u00a0Minute\" \/>\n<script type=\"application\/ld+json\" class=\"yoast-schema-graph\">{\"@context\":\"https:\\\/\\\/schema.org\",\"@graph\":[{\"@type\":[\"WebPage\",\"ItemPage\"],\"@id\":\"https:\\\/\\\/www.purejewels.com\\\/product\\\/22ct-gold-baby-stud-earring-51225\\\/\",\"url\":\"https:\\\/\\\/www.purejewels.com\\\/product\\\/22ct-gold-baby-stud-earring-51225\\\/\",\"name\":\"22ct Gold Baby Stud Earrings | PureJewels London\",\"isPartOf\":{\"@id\":\"https:\\\/\\\/www.purejewels.com\\\/#website\"},\"primaryImageOfPage\":{\"@id\":\"https:\\\/\\\/www.purejewels.com\\\/product\\\/22ct-gold-baby-stud-earring-51225\\\/#primaryimage\"},\"image\":{\"@id\":\"https:\\\/\\\/www.purejewels.com\\\/product\\\/22ct-gold-baby-stud-earring-51225\\\/#primaryimage\"},\"thumbnailUrl\":\"https:\\\/\\\/static.purejewels.com\\\/wp-content\\\/uploads\\\/2025\\\/05\\\/SST425-27.png\",\"datePublished\":\"2025-04-26T04:43:44+00:00\",\"dateModified\":\"2026-01-06T05:33:52+00:00\",\"description\":\"Delicately handcrafted in 22ct gold, our baby stud earrings are perfect for cherished moments. Hallmarked in London. Purity, and comfort for little ones.\",\"breadcrumb\":{\"@id\":\"https:\\\/\\\/www.purejewels.com\\\/product\\\/22ct-gold-baby-stud-earring-51225\\\/#breadcrumb\"},\"inLanguage\":\"de\",\"potentialAction\":[{\"@type\":\"ReadAction\",\"target\":[\"https:\\\/\\\/www.purejewels.com\\\/product\\\/22ct-gold-baby-stud-earring-51225\\\/\"]}]},{\"@type\":\"ImageObject\",\"inLanguage\":\"de\",\"@id\":\"https:\\\/\\\/www.purejewels.com\\\/product\\\/22ct-gold-baby-stud-earring-51225\\\/#primaryimage\",\"url\":\"https:\\\/\\\/static.purejewels.com\\\/wp-content\\\/uploads\\\/2025\\\/05\\\/SST425-27.png\",\"contentUrl\":\"https:\\\/\\\/static.purejewels.com\\\/wp-content\\\/uploads\\\/2025\\\/05\\\/SST425-27.png\",\"width\":1000,\"height\":1000,\"caption\":\"22ct Gold Baby Stud Earring\"},{\"@type\":\"BreadcrumbList\",\"@id\":\"https:\\\/\\\/www.purejewels.com\\\/product\\\/22ct-gold-baby-stud-earring-51225\\\/#breadcrumb\",\"itemListElement\":[{\"@type\":\"ListItem\",\"position\":1,\"name\":\"Home\",\"item\":\"https:\\\/\\\/www.purejewels.com\\\/\"},{\"@type\":\"ListItem\",\"position\":2,\"name\":\"Shop\",\"item\":\"https:\\\/\\\/www.purejewels.com\\\/shop\\\/\"},{\"@type\":\"ListItem\",\"position\":3,\"name\":\"22ct Gold Baby Stud Earring\"}]},{\"@type\":\"WebSite\",\"@id\":\"https:\\\/\\\/www.purejewels.com\\\/#website\",\"url\":\"https:\\\/\\\/www.purejewels.com\\\/\",\"name\":\"PureJewels UK\",\"description\":\"Share the Love\",\"publisher\":{\"@id\":\"https:\\\/\\\/www.purejewels.com\\\/#organization\"},\"potentialAction\":[{\"@type\":\"SearchAction\",\"target\":{\"@type\":\"EntryPoint\",\"urlTemplate\":\"https:\\\/\\\/www.purejewels.com\\\/?s={search_term_string}\"},\"query-input\":{\"@type\":\"PropertyValueSpecification\",\"valueRequired\":true,\"valueName\":\"search_term_string\"}}],\"inLanguage\":\"de\"},{\"@type\":\"Organization\",\"@id\":\"https:\\\/\\\/www.purejewels.com\\\/#organization\",\"name\":\"PureJewels UK\",\"url\":\"https:\\\/\\\/www.purejewels.com\\\/\",\"logo\":{\"@type\":\"ImageObject\",\"inLanguage\":\"de\",\"@id\":\"https:\\\/\\\/www.purejewels.com\\\/#\\\/schema\\\/logo\\\/image\\\/\",\"url\":\"https:\\\/\\\/static.purejewels.com\\\/wp-content\\\/uploads\\\/2020\\\/11\\\/Logo-PJ-New-1.png\",\"contentUrl\":\"https:\\\/\\\/static.purejewels.com\\\/wp-content\\\/uploads\\\/2020\\\/11\\\/Logo-PJ-New-1.png\",\"width\":150,\"height\":80,\"caption\":\"PureJewels UK\"},\"image\":{\"@id\":\"https:\\\/\\\/www.purejewels.com\\\/#\\\/schema\\\/logo\\\/image\\\/\"}}]}<\/script>\n<!-- \/ Yoast SEO plugin. -->","yoast_head_json":{"title":"22ct Gold Baby Ohrstecker | PureJewels London","description":"Unsere handgefertigten Baby-Ohrstecker aus 22-kar\u00e4tigem Gold sind perfekt f\u00fcr sch\u00f6ne Momente. In London gestempelt. Reinheit und Komfort f\u00fcr die Kleinen.","robots":{"index":"index","follow":"follow","max-snippet":"max-snippet:-1","max-image-preview":"max-image-preview:large","max-video-preview":"max-video-preview:-1"},"canonical":"https:\/\/www.purejewels.com\/de\/produkt-2\/baby-ohrstecker-aus-22-karat-gold-51225\/","og_locale":"de_DE","og_type":"article","og_title":"22ct Gold Baby Stud Earrings | PureJewels London","og_description":"Delicately handcrafted in 22ct gold, our baby stud earrings are perfect for cherished moments. Hallmarked in London. Purity, and comfort for little ones.","og_url":"https:\/\/www.purejewels.com\/de\/produkt-2\/baby-ohrstecker-aus-22-karat-gold-51225\/","og_site_name":"PureJewels UK","article_modified_time":"2026-01-06T05:33:52+00:00","og_image":[{"width":1000,"height":1000,"url":"https:\/\/static.purejewels.com\/wp-content\/uploads\/2025\/05\/SST425-27.png","type":"image\/png"}],"twitter_card":"summary_large_image","twitter_misc":{"Gesch\u00e4tzte Lesezeit":"1\u00a0Minute"},"schema":{"@context":"https:\/\/schema.org","@graph":[{"@type":["WebPage","ItemPage"],"@id":"https:\/\/www.purejewels.com\/product\/22ct-gold-baby-stud-earring-51225\/","url":"https:\/\/www.purejewels.com\/product\/22ct-gold-baby-stud-earring-51225\/","name":"22ct Gold Baby Ohrstecker | PureJewels London","isPartOf":{"@id":"https:\/\/www.purejewels.com\/#website"},"primaryImageOfPage":{"@id":"https:\/\/www.purejewels.com\/product\/22ct-gold-baby-stud-earring-51225\/#primaryimage"},"image":{"@id":"https:\/\/www.purejewels.com\/product\/22ct-gold-baby-stud-earring-51225\/#primaryimage"},"thumbnailUrl":"https:\/\/static.purejewels.com\/wp-content\/uploads\/2025\/05\/SST425-27.png","datePublished":"2025-04-26T04:43:44+00:00","dateModified":"2026-01-06T05:33:52+00:00","description":"Unsere handgefertigten Baby-Ohrstecker aus 22-kar\u00e4tigem Gold sind perfekt f\u00fcr sch\u00f6ne Momente. In London gestempelt. Reinheit und Komfort f\u00fcr die Kleinen.","breadcrumb":{"@id":"https:\/\/www.purejewels.com\/product\/22ct-gold-baby-stud-earring-51225\/#breadcrumb"},"inLanguage":"de","potentialAction":[{"@type":"ReadAction","target":["https:\/\/www.purejewels.com\/product\/22ct-gold-baby-stud-earring-51225\/"]}]},{"@type":"ImageObject","inLanguage":"de","@id":"https:\/\/www.purejewels.com\/product\/22ct-gold-baby-stud-earring-51225\/#primaryimage","url":"https:\/\/static.purejewels.com\/wp-content\/uploads\/2025\/05\/SST425-27.png","contentUrl":"https:\/\/static.purejewels.com\/wp-content\/uploads\/2025\/05\/SST425-27.png","width":1000,"height":1000,"caption":"22ct Gold Baby Stud Earring"},{"@type":"BreadcrumbList","@id":"https:\/\/www.purejewels.com\/product\/22ct-gold-baby-stud-earring-51225\/#breadcrumb","itemListElement":[{"@type":"ListItem","position":1,"name":"Home","item":"https:\/\/www.purejewels.com\/"},{"@type":"ListItem","position":2,"name":"Shop","item":"https:\/\/www.purejewels.com\/shop\/"},{"@type":"ListItem","position":3,"name":"22ct Gold Baby Stud Earring"}]},{"@type":"WebSite","@id":"https:\/\/www.purejewels.com\/#website","url":"https:\/\/www.purejewels.com\/","name":"PureJewels UK","description":"Teile die Liebe","publisher":{"@id":"https:\/\/www.purejewels.com\/#organization"},"potentialAction":[{"@type":"SearchAction","target":{"@type":"EntryPoint","urlTemplate":"https:\/\/www.purejewels.com\/?s={search_term_string}"},"query-input":{"@type":"PropertyValueSpecification","valueRequired":true,"valueName":"search_term_string"}}],"inLanguage":"de"},{"@type":"Organization","@id":"https:\/\/www.purejewels.com\/#organization","name":"PureJewels UK","url":"https:\/\/www.purejewels.com\/","logo":{"@type":"ImageObject","inLanguage":"de","@id":"https:\/\/www.purejewels.com\/#\/schema\/logo\/image\/","url":"https:\/\/static.purejewels.com\/wp-content\/uploads\/2020\/11\/Logo-PJ-New-1.png","contentUrl":"https:\/\/static.purejewels.com\/wp-content\/uploads\/2020\/11\/Logo-PJ-New-1.png","width":150,"height":80,"caption":"PureJewels UK"},"image":{"@id":"https:\/\/www.purejewels.com\/#\/schema\/logo\/image\/"}}]}},"_links":{"self":[{"href":"https:\/\/www.purejewels.com\/de\/wp-json\/wp\/v2\/product\/398377","targetHints":{"allow":["GET"]}}],"collection":[{"href":"https:\/\/www.purejewels.com\/de\/wp-json\/wp\/v2\/product"}],"about":[{"href":"https:\/\/www.purejewels.com\/de\/wp-json\/wp\/v2\/types\/product"}],"replies":[{"embeddable":true,"href":"https:\/\/www.purejewels.com\/de\/wp-json\/wp\/v2\/comments?post=398377"}],"version-history":[{"count":4,"href":"https:\/\/www.purejewels.com\/de\/wp-json\/wp\/v2\/product\/398377\/revisions"}],"predecessor-version":[{"id":422440,"href":"https:\/\/www.purejewels.com\/de\/wp-json\/wp\/v2\/product\/398377\/revisions\/422440"}],"wp:featuredmedia":[{"embeddable":true,"href":"https:\/\/www.purejewels.com\/de\/wp-json\/wp\/v2\/media\/398385"}],"wp:attachment":[{"href":"https:\/\/www.purejewels.com\/de\/wp-json\/wp\/v2\/media?parent=398377"}],"wp:term":[{"taxonomy":"product_brand","embeddable":true,"href":"https:\/\/www.purejewels.com\/de\/wp-json\/wp\/v2\/product_brand?post=398377"},{"taxonomy":"product_cat","embeddable":true,"href":"https:\/\/www.purejewels.com\/de\/wp-json\/wp\/v2\/product_cat?post=398377"},{"taxonomy":"product_tag","embeddable":true,"href":"https:\/\/www.purejewels.com\/de\/wp-json\/wp\/v2\/product_tag?post=398377"}],"curies":[{"name":"wp","href":"https:\/\/api.w.org\/{rel}","templated":true}]}}