{"id":398626,"date":"2024-05-27T12:25:38","date_gmt":"2024-05-27T11:25:38","guid":{"rendered":"https:\/\/www.purejewels.com\/?post_type=product&#038;p=398626"},"modified":"2026-04-29T06:23:52","modified_gmt":"2026-04-29T05:23:52","slug":"22-kt-gold-zweireihige-cz-reifen-ohrringe-mit-rhodium-finish-fur-frauen","status":"publish","type":"product","link":"https:\/\/www.purejewels.com\/de\/product\/22ct-gold-twin-row-cz-hoop-earrings-with-rhodium-finish-for-women\/","title":{"rendered":"22ct Hoop Twin Row CZ Ohrringe"},"content":{"rendered":"<p data-start=\"702\" data-end=\"953\"><strong data-start=\"702\" data-end=\"721\">Designkonzept<\/strong><\/p>\n<p data-start=\"702\" data-end=\"953\">Dieses Design ist eine zeitgem\u00e4\u00dfe Interpretation des zeitlosen Reifs und verdoppelt mit seinen zwei Brillantreihen den Glamour. Das schlanke Profil sorgt f\u00fcr Vielseitigkeit, w\u00e4hrend die symmetrische Anordnung der CZ-Steine f\u00fcr Raffinesse und Ausgewogenheit sorgt.<\/p>\n<p data-start=\"960\" data-end=\"1250\"><strong data-start=\"960\" data-end=\"978\">Handwerkliches K\u00f6nnen<\/strong><\/p>\n<p data-start=\"960\" data-end=\"1250\">Jeder einzelne Zirkoniastein wurde mit Pr\u00e4zision aus 22-kar\u00e4tigem Gelbgold gefertigt und ist sicher in einem polierten Kanal gefasst, um Haltbarkeit und nahtlosen Glanz zu gew\u00e4hrleisten. Diese leichten und dennoch strahlenden Reifen sind vom London Assay Office vollst\u00e4ndig gepunzt und garantieren Reinheit und Authentizit\u00e4t.<\/p>\n<p data-start=\"1257\" data-end=\"1277\"><strong data-start=\"1257\" data-end=\"1275\">Styling-Ideen<\/strong><\/p>\n<ul>\n<li data-start=\"1280\" data-end=\"1323\">Tragen Sie ihn solo als glitzernden Alltagsbegleiter.<\/li>\n<li data-start=\"1326\" data-end=\"1391\">Kombiniert mit einem zarten Goldanh\u00e4nger ergibt sich ein schickes, abgestimmtes Gesamtbild.<\/li>\n<li data-start=\"1394\" data-end=\"1466\">Kombinieren Sie sie mit einem CZ-Armband oder einem Cocktailring, um die Abendgarderobe aufzuwerten.<\/li>\n<\/ul>","protected":false},"excerpt":{"rendered":"<p>Verleihen Sie Ihrem Alltagslook Glanz mit diesen 22-kar\u00e4tigen Goldohrringen, die mit zwei Reihen funkelnder Zirkonia besetzt sind. Sie sind elegant, raffiniert und voller Ausstrahlung. Sie kombinieren klassisches Reifendesign mit modernem Glamour - perfekt f\u00fcr den Tag und die Nacht.<\/p>\n<ul>\n<li><strong>Material:<\/strong> 22ct Gold<\/li>\n<li><strong>Wahrzeichen: <\/strong>Britisches G\u00fctesiegel<\/li>\n<li><strong>Bruttogewicht: <\/strong>2.27 Gms<\/li>\n<li><strong>SKU: <\/strong>51218, 52016<\/li>\n<\/ul>\n<p><strong><br \/>\nPreis und Lieferung: <\/strong>Inklusive Mehrwertsteuer und Lieferkosten<\/p>\n<p><strong><a href=\"https:\/\/www.purejewels.com\/de\/ruckgabepolitik\/\">R\u00fcckgabepolitik<\/a><\/strong><\/p>","protected":false},"featured_media":398630,"comment_status":"closed","ping_status":"closed","template":"","meta":{"_eb_attr":"","_crsspst_to_jayantr4sg-hostcom":false},"product_brand":[],"product_cat":[1793,1792,1790,1254,1229,1579,5343,5338,1573,1574,5349],"product_tag":[5933,5922,66],"class_list":{"0":"post-398626","1":"product","2":"type-product","3":"status-publish","4":"has-post-thumbnail","6":"product_cat-diwali-gifts","7":"product_cat-festival-gifts","8":"product_cat-for-whom-when","9":"product_cat-gold-earrings","10":"product_cat-22ct-gold-jewellery","11":"product_cat-hoop-earrings","12":"product_cat-jewellery-under-550","13":"product_cat-shop-by-price","14":"product_cat-wedding-gifts","15":"product_cat-womens-jewellery","16":"product_cat-yellow-gold-jewellery","17":"product_tag-22ct-gold","18":"product_tag-22ct-gold-earrings","19":"product_tag-earrings","21":"first","22":"instock","23":"taxable","24":"shipping-taxable","25":"purchasable","26":"product-type-simple","27":"add-to-wishlist-before_image"},"yoast_head":"<!-- This site is optimized with the Yoast SEO plugin v27.5 - https:\/\/yoast.com\/product\/yoast-seo-wordpress\/ -->\n<title>22ct Gold CZ Hoop Earrings | Sparkling Elegance | Online UK<\/title>\n<meta name=\"description\" content=\"Enhance your style with 22ct Gold Hoop Earrings, adorned with twin rows of CZ stones\u2014radiant design and timeless beauty from PureJewels UK.\" \/>\n<meta name=\"robots\" content=\"index, follow, max-snippet:-1, max-image-preview:large, max-video-preview:-1\" \/>\n<link rel=\"canonical\" href=\"https:\/\/www.purejewels.com\/de\/produkt-2\/22-kt-gold-zweireihige-cz-reifen-ohrringe-mit-rhodium-finish-fur-frauen\/\" \/>\n<meta property=\"og:locale\" content=\"de_DE\" \/>\n<meta property=\"og:type\" content=\"article\" \/>\n<meta property=\"og:title\" content=\"22ct Gold CZ Hoop Earrings | Sparkling Elegance | Online UK\" \/>\n<meta property=\"og:description\" content=\"Enhance your style with 22ct Gold Hoop Earrings, adorned with twin rows of CZ stones\u2014radiant design and timeless beauty from PureJewels UK.\" \/>\n<meta property=\"og:url\" content=\"https:\/\/www.purejewels.com\/de\/produkt-2\/22-kt-gold-zweireihige-cz-reifen-ohrringe-mit-rhodium-finish-fur-frauen\/\" \/>\n<meta property=\"og:site_name\" content=\"PureJewels UK\" \/>\n<meta property=\"article:modified_time\" content=\"2026-04-29T05:23:52+00:00\" \/>\n<meta property=\"og:image\" content=\"https:\/\/static.purejewels.com\/wp-content\/uploads\/2025\/05\/SST381-01I2.png\" \/>\n\t<meta property=\"og:image:width\" content=\"1000\" \/>\n\t<meta property=\"og:image:height\" content=\"1000\" \/>\n\t<meta property=\"og:image:type\" content=\"image\/png\" \/>\n<meta name=\"twitter:card\" content=\"summary_large_image\" \/>\n<meta name=\"twitter:label1\" content=\"Gesch\u00e4tzte Lesezeit\" \/>\n\t<meta name=\"twitter:data1\" content=\"1\u00a0Minute\" \/>\n<script type=\"application\/ld+json\" class=\"yoast-schema-graph\">{\"@context\":\"https:\\\/\\\/schema.org\",\"@graph\":[{\"@type\":[\"WebPage\",\"ItemPage\"],\"@id\":\"https:\\\/\\\/www.purejewels.com\\\/product\\\/22ct-gold-twin-row-cz-hoop-earrings-with-rhodium-finish-for-women\\\/\",\"url\":\"https:\\\/\\\/www.purejewels.com\\\/product\\\/22ct-gold-twin-row-cz-hoop-earrings-with-rhodium-finish-for-women\\\/\",\"name\":\"22ct Gold CZ Hoop Earrings | Sparkling Elegance | Online UK\",\"isPartOf\":{\"@id\":\"https:\\\/\\\/www.purejewels.com\\\/#website\"},\"primaryImageOfPage\":{\"@id\":\"https:\\\/\\\/www.purejewels.com\\\/product\\\/22ct-gold-twin-row-cz-hoop-earrings-with-rhodium-finish-for-women\\\/#primaryimage\"},\"image\":{\"@id\":\"https:\\\/\\\/www.purejewels.com\\\/product\\\/22ct-gold-twin-row-cz-hoop-earrings-with-rhodium-finish-for-women\\\/#primaryimage\"},\"thumbnailUrl\":\"https:\\\/\\\/static.purejewels.com\\\/wp-content\\\/uploads\\\/2025\\\/05\\\/SST381-01I2.png\",\"datePublished\":\"2024-05-27T11:25:38+00:00\",\"dateModified\":\"2026-04-29T05:23:52+00:00\",\"description\":\"Enhance your style with 22ct Gold Hoop Earrings, adorned with twin rows of CZ stones\u2014radiant design and timeless beauty from PureJewels UK.\",\"breadcrumb\":{\"@id\":\"https:\\\/\\\/www.purejewels.com\\\/product\\\/22ct-gold-twin-row-cz-hoop-earrings-with-rhodium-finish-for-women\\\/#breadcrumb\"},\"inLanguage\":\"de\",\"potentialAction\":[{\"@type\":\"ReadAction\",\"target\":[\"https:\\\/\\\/www.purejewels.com\\\/product\\\/22ct-gold-twin-row-cz-hoop-earrings-with-rhodium-finish-for-women\\\/\"]}]},{\"@type\":\"ImageObject\",\"inLanguage\":\"de\",\"@id\":\"https:\\\/\\\/www.purejewels.com\\\/product\\\/22ct-gold-twin-row-cz-hoop-earrings-with-rhodium-finish-for-women\\\/#primaryimage\",\"url\":\"https:\\\/\\\/static.purejewels.com\\\/wp-content\\\/uploads\\\/2025\\\/05\\\/SST381-01I2.png\",\"contentUrl\":\"https:\\\/\\\/static.purejewels.com\\\/wp-content\\\/uploads\\\/2025\\\/05\\\/SST381-01I2.png\",\"width\":1000,\"height\":1000},{\"@type\":\"BreadcrumbList\",\"@id\":\"https:\\\/\\\/www.purejewels.com\\\/product\\\/22ct-gold-twin-row-cz-hoop-earrings-with-rhodium-finish-for-women\\\/#breadcrumb\",\"itemListElement\":[{\"@type\":\"ListItem\",\"position\":1,\"name\":\"Home\",\"item\":\"https:\\\/\\\/www.purejewels.com\\\/\"},{\"@type\":\"ListItem\",\"position\":2,\"name\":\"Shop\",\"item\":\"https:\\\/\\\/www.purejewels.com\\\/shop\\\/\"},{\"@type\":\"ListItem\",\"position\":3,\"name\":\"22ct Hoop Twin Row CZ Earrings\"}]},{\"@type\":\"WebSite\",\"@id\":\"https:\\\/\\\/www.purejewels.com\\\/#website\",\"url\":\"https:\\\/\\\/www.purejewels.com\\\/\",\"name\":\"PureJewels UK\",\"description\":\"Share the Love\",\"publisher\":{\"@id\":\"https:\\\/\\\/www.purejewels.com\\\/#organization\"},\"potentialAction\":[{\"@type\":\"SearchAction\",\"target\":{\"@type\":\"EntryPoint\",\"urlTemplate\":\"https:\\\/\\\/www.purejewels.com\\\/?s={search_term_string}\"},\"query-input\":{\"@type\":\"PropertyValueSpecification\",\"valueRequired\":true,\"valueName\":\"search_term_string\"}}],\"inLanguage\":\"de\"},{\"@type\":\"Organization\",\"@id\":\"https:\\\/\\\/www.purejewels.com\\\/#organization\",\"name\":\"PureJewels UK\",\"url\":\"https:\\\/\\\/www.purejewels.com\\\/\",\"logo\":{\"@type\":\"ImageObject\",\"inLanguage\":\"de\",\"@id\":\"https:\\\/\\\/www.purejewels.com\\\/#\\\/schema\\\/logo\\\/image\\\/\",\"url\":\"https:\\\/\\\/static.purejewels.com\\\/wp-content\\\/uploads\\\/2020\\\/11\\\/Logo-PJ-New-1.png\",\"contentUrl\":\"https:\\\/\\\/static.purejewels.com\\\/wp-content\\\/uploads\\\/2020\\\/11\\\/Logo-PJ-New-1.png\",\"width\":150,\"height\":80,\"caption\":\"PureJewels UK\"},\"image\":{\"@id\":\"https:\\\/\\\/www.purejewels.com\\\/#\\\/schema\\\/logo\\\/image\\\/\"}}]}<\/script>\n<!-- \/ Yoast SEO plugin. -->","yoast_head_json":{"title":"22ct Gold CZ Hoop Ohrringe | Sparkling Elegance | Online UK","description":"Verbessern Sie Ihren Stil mit 22ct Gold Hoop Earrings, verziert mit zwei Reihen von CZ Steinen - strahlendes Design und zeitlose Sch\u00f6nheit von PureJewels UK.","robots":{"index":"index","follow":"follow","max-snippet":"max-snippet:-1","max-image-preview":"max-image-preview:large","max-video-preview":"max-video-preview:-1"},"canonical":"https:\/\/www.purejewels.com\/de\/produkt-2\/22-kt-gold-zweireihige-cz-reifen-ohrringe-mit-rhodium-finish-fur-frauen\/","og_locale":"de_DE","og_type":"article","og_title":"22ct Gold CZ Hoop Earrings | Sparkling Elegance | Online UK","og_description":"Enhance your style with 22ct Gold Hoop Earrings, adorned with twin rows of CZ stones\u2014radiant design and timeless beauty from PureJewels UK.","og_url":"https:\/\/www.purejewels.com\/de\/produkt-2\/22-kt-gold-zweireihige-cz-reifen-ohrringe-mit-rhodium-finish-fur-frauen\/","og_site_name":"PureJewels UK","article_modified_time":"2026-04-29T05:23:52+00:00","og_image":[{"width":1000,"height":1000,"url":"https:\/\/static.purejewels.com\/wp-content\/uploads\/2025\/05\/SST381-01I2.png","type":"image\/png"}],"twitter_card":"summary_large_image","twitter_misc":{"Gesch\u00e4tzte Lesezeit":"1\u00a0Minute"},"schema":{"@context":"https:\/\/schema.org","@graph":[{"@type":["WebPage","ItemPage"],"@id":"https:\/\/www.purejewels.com\/product\/22ct-gold-twin-row-cz-hoop-earrings-with-rhodium-finish-for-women\/","url":"https:\/\/www.purejewels.com\/product\/22ct-gold-twin-row-cz-hoop-earrings-with-rhodium-finish-for-women\/","name":"22ct Gold CZ Hoop Ohrringe | Sparkling Elegance | Online UK","isPartOf":{"@id":"https:\/\/www.purejewels.com\/#website"},"primaryImageOfPage":{"@id":"https:\/\/www.purejewels.com\/product\/22ct-gold-twin-row-cz-hoop-earrings-with-rhodium-finish-for-women\/#primaryimage"},"image":{"@id":"https:\/\/www.purejewels.com\/product\/22ct-gold-twin-row-cz-hoop-earrings-with-rhodium-finish-for-women\/#primaryimage"},"thumbnailUrl":"https:\/\/static.purejewels.com\/wp-content\/uploads\/2025\/05\/SST381-01I2.png","datePublished":"2024-05-27T11:25:38+00:00","dateModified":"2026-04-29T05:23:52+00:00","description":"Verbessern Sie Ihren Stil mit 22ct Gold Hoop Earrings, verziert mit zwei Reihen von CZ Steinen - strahlendes Design und zeitlose Sch\u00f6nheit von PureJewels UK.","breadcrumb":{"@id":"https:\/\/www.purejewels.com\/product\/22ct-gold-twin-row-cz-hoop-earrings-with-rhodium-finish-for-women\/#breadcrumb"},"inLanguage":"de","potentialAction":[{"@type":"ReadAction","target":["https:\/\/www.purejewels.com\/product\/22ct-gold-twin-row-cz-hoop-earrings-with-rhodium-finish-for-women\/"]}]},{"@type":"ImageObject","inLanguage":"de","@id":"https:\/\/www.purejewels.com\/product\/22ct-gold-twin-row-cz-hoop-earrings-with-rhodium-finish-for-women\/#primaryimage","url":"https:\/\/static.purejewels.com\/wp-content\/uploads\/2025\/05\/SST381-01I2.png","contentUrl":"https:\/\/static.purejewels.com\/wp-content\/uploads\/2025\/05\/SST381-01I2.png","width":1000,"height":1000},{"@type":"BreadcrumbList","@id":"https:\/\/www.purejewels.com\/product\/22ct-gold-twin-row-cz-hoop-earrings-with-rhodium-finish-for-women\/#breadcrumb","itemListElement":[{"@type":"ListItem","position":1,"name":"Home","item":"https:\/\/www.purejewels.com\/"},{"@type":"ListItem","position":2,"name":"Shop","item":"https:\/\/www.purejewels.com\/shop\/"},{"@type":"ListItem","position":3,"name":"22ct Hoop Twin Row CZ Earrings"}]},{"@type":"WebSite","@id":"https:\/\/www.purejewels.com\/#website","url":"https:\/\/www.purejewels.com\/","name":"PureJewels UK","description":"Teile die Liebe","publisher":{"@id":"https:\/\/www.purejewels.com\/#organization"},"potentialAction":[{"@type":"SearchAction","target":{"@type":"EntryPoint","urlTemplate":"https:\/\/www.purejewels.com\/?s={search_term_string}"},"query-input":{"@type":"PropertyValueSpecification","valueRequired":true,"valueName":"search_term_string"}}],"inLanguage":"de"},{"@type":"Organization","@id":"https:\/\/www.purejewels.com\/#organization","name":"PureJewels UK","url":"https:\/\/www.purejewels.com\/","logo":{"@type":"ImageObject","inLanguage":"de","@id":"https:\/\/www.purejewels.com\/#\/schema\/logo\/image\/","url":"https:\/\/static.purejewels.com\/wp-content\/uploads\/2020\/11\/Logo-PJ-New-1.png","contentUrl":"https:\/\/static.purejewels.com\/wp-content\/uploads\/2020\/11\/Logo-PJ-New-1.png","width":150,"height":80,"caption":"PureJewels UK"},"image":{"@id":"https:\/\/www.purejewels.com\/#\/schema\/logo\/image\/"}}]}},"_links":{"self":[{"href":"https:\/\/www.purejewels.com\/de\/wp-json\/wp\/v2\/product\/398626","targetHints":{"allow":["GET"]}}],"collection":[{"href":"https:\/\/www.purejewels.com\/de\/wp-json\/wp\/v2\/product"}],"about":[{"href":"https:\/\/www.purejewels.com\/de\/wp-json\/wp\/v2\/types\/product"}],"replies":[{"embeddable":true,"href":"https:\/\/www.purejewels.com\/de\/wp-json\/wp\/v2\/comments?post=398626"}],"version-history":[{"count":5,"href":"https:\/\/www.purejewels.com\/de\/wp-json\/wp\/v2\/product\/398626\/revisions"}],"predecessor-version":[{"id":419056,"href":"https:\/\/www.purejewels.com\/de\/wp-json\/wp\/v2\/product\/398626\/revisions\/419056"}],"wp:featuredmedia":[{"embeddable":true,"href":"https:\/\/www.purejewels.com\/de\/wp-json\/wp\/v2\/media\/398630"}],"wp:attachment":[{"href":"https:\/\/www.purejewels.com\/de\/wp-json\/wp\/v2\/media?parent=398626"}],"wp:term":[{"taxonomy":"product_brand","embeddable":true,"href":"https:\/\/www.purejewels.com\/de\/wp-json\/wp\/v2\/product_brand?post=398626"},{"taxonomy":"product_cat","embeddable":true,"href":"https:\/\/www.purejewels.com\/de\/wp-json\/wp\/v2\/product_cat?post=398626"},{"taxonomy":"product_tag","embeddable":true,"href":"https:\/\/www.purejewels.com\/de\/wp-json\/wp\/v2\/product_tag?post=398626"}],"curies":[{"name":"wp","href":"https:\/\/api.w.org\/{rel}","templated":true}]}}