{"id":398655,"date":"2024-05-27T13:46:09","date_gmt":"2024-05-27T12:46:09","guid":{"rendered":"https:\/\/www.purejewels.com\/?post_type=product&#038;p=398655"},"modified":"2026-01-06T05:08:56","modified_gmt":"2026-01-06T05:08:56","slug":"22-kt-gold-cz-zweireihige-reifen-ohrringe-mit-rhodium-finish-fur-frauen","status":"publish","type":"product","link":"https:\/\/www.purejewels.com\/de\/product\/22ct-gold-cz-twin-row-hoop-earrings-with-rhodium-finish-for-women\/","title":{"rendered":"22ct Gold CZ Twin Row Hoop Ohrringe"},"content":{"rendered":"<p data-start=\"580\" data-end=\"995\"><strong data-start=\"580\" data-end=\"598\">Designkonzept<\/strong><\/p>\n<p data-start=\"580\" data-end=\"995\">Inspiriert von der dauerhaften Eleganz klassischer Ohrringe, interpretiert dieses Design die Tradition neu mit zwei B\u00e4ndern, die das Licht auf sich ziehen. Die beiden Reihen aus Zirkonia imitieren das Aussehen von gepflasterten Diamanten und bieten eine anmutige Balance aus Opulenz und Zur\u00fcckhaltung. Das aus reichhaltigem 22-kar\u00e4tigem Gold gefertigte Design ist flie\u00dfend und leicht - perfekt f\u00fcr moderne Geschm\u00e4cker mit einer Vorliebe f\u00fcr traditionelle Formen.<\/p>\n<p data-start=\"1002\" data-end=\"1431\"><strong data-start=\"1002\" data-end=\"1019\">Handwerkliches K\u00f6nnen<\/strong><\/p>\n<p data-start=\"1002\" data-end=\"1431\">Jeder der fachm\u00e4nnisch aus 22-kar\u00e4tigem Gelbgold gefertigten Reifchen ist mit pr\u00e4zisionsgefassten Zirkonia in einer zweireihigen Anordnung versehen, die Tiefe und Dimension verst\u00e4rkt. Die Steine wurden sorgf\u00e4ltig nach ihrer diamant\u00e4hnlichen Klarheit und ihrem Glanz ausgew\u00e4hlt und nahtlos eingesetzt, um einen durchgehenden Schimmer zu erzeugen. Die leichten und ausgewogenen Reifchen sind mit einem glatten Scharnierverschluss versehen, der ein m\u00fcheloses Tragen und einen sicheren Sitz erm\u00f6glicht - ideal f\u00fcr den t\u00e4glichen Luxus.<\/p>\n<p data-start=\"1438\" data-end=\"1872\"><strong data-start=\"1438\" data-end=\"1455\">Styling-Ideen<\/strong><\/p>\n<p data-start=\"1438\" data-end=\"1872\">Diese Creolen verleihen sowohl Tages- als auch Abendlooks einen anmutigen Glanz. Kombinieren Sie sie mit ma\u00dfgeschneiderter Arbeitskleidung f\u00fcr einen gl\u00e4nzenden Auftritt oder mit einem weichen Seiden-Kurti oder Sari f\u00fcr dezente festliche Eleganz. Ihr mittelgro\u00dfes Profil l\u00e4sst sich auch wunderbar mit einem diamantenen Nasenstecker oder einem goldenen Anh\u00e4nger kombinieren und bietet vielseitige Stylingm\u00f6glichkeiten f\u00fcr moderne Garderoben. Egal, ob man sie verschenkt oder f\u00fcr sich selbst w\u00e4hlt, sie verleihen jedem Anlass zeitlosen Charme.<\/p>","protected":false},"excerpt":{"rendered":"<p>Diese Ohrringe aus 22-kar\u00e4tigem Gold strahlen unaufdringlichen Glanz aus und sind mit zwei Reihen funkelnder Zirkonia verziert - zeitloses Design mit modernem Touch. Leicht und doch leuchtend, sind sie ein raffinierter Begleiter f\u00fcr den eleganten Alltag oder f\u00fcr festliche Anl\u00e4sse.<\/p>\n<ul>\n<li><strong>Material:<\/strong> 22ct Gold<\/li>\n<li><strong>Wahrzeichen: <\/strong>Britisches G\u00fctesiegel<\/li>\n<li><strong>Bruttogewicht: <\/strong>1,5 Gramm<\/li>\n<li><strong>SKU: <\/strong>51219<\/li>\n<\/ul>\n<p><strong><br \/>\nPreis und Lieferung: <\/strong>Inklusive Mehrwertsteuer und Lieferkosten<\/p>\n<p><strong><a href=\"https:\/\/www.purejewels.com\/de\/ruckgabepolitik\/\">R\u00fcckgabepolitik<\/a><\/strong><\/p>","protected":false},"featured_media":398658,"comment_status":"closed","ping_status":"closed","template":"","meta":{"_eb_attr":"","_crsspst_to_jayantr4sg-hostcom":true},"product_brand":[],"product_cat":[1793,1792,1790,1254,1229,1579,5342,1573,1574,5349],"product_tag":[5933,5922,66],"class_list":{"0":"post-398655","1":"product","2":"type-product","3":"status-publish","4":"has-post-thumbnail","6":"product_cat-diwali-gifts","7":"product_cat-festival-gifts","8":"product_cat-for-whom-when","9":"product_cat-gold-earrings","10":"product_cat-22ct-gold-jewellery","11":"product_cat-hoop-earrings","12":"product_cat-jewellery-under-250","13":"product_cat-wedding-gifts","14":"product_cat-womens-jewellery","15":"product_cat-yellow-gold-jewellery","16":"product_tag-22ct-gold","17":"product_tag-22ct-gold-earrings","18":"product_tag-earrings","20":"first","21":"outofstock","22":"taxable","23":"shipping-taxable","24":"product-type-simple","25":"add-to-wishlist-before_image"},"yoast_head":"<!-- This site is optimized with the Yoast SEO plugin v27.5 - https:\/\/yoast.com\/product\/yoast-seo-wordpress\/ -->\n<title>Shop Twin Row CZ Hoop Earrings in 22ct Gold | PureJewels UK<\/title>\n<meta name=\"description\" content=\"Add sparkle to your look with 22ct Gold Twin Row CZ Hoop Earrings\u2014crafted for brilliance, comfort, and timeless charm at PureJewels UK.\" \/>\n<meta name=\"robots\" content=\"index, follow, max-snippet:-1, max-image-preview:large, max-video-preview:-1\" \/>\n<link rel=\"canonical\" href=\"https:\/\/www.purejewels.com\/de\/produkt-2\/22-kt-gold-cz-zweireihige-reifen-ohrringe-mit-rhodium-finish-fur-frauen\/\" \/>\n<meta property=\"og:locale\" content=\"de_DE\" \/>\n<meta property=\"og:type\" content=\"article\" \/>\n<meta property=\"og:title\" content=\"Shop Twin Row CZ Hoop Earrings in 22ct Gold | PureJewels UK\" \/>\n<meta property=\"og:description\" content=\"Add sparkle to your look with 22ct Gold Twin Row CZ Hoop Earrings\u2014crafted for brilliance, comfort, and timeless charm at PureJewels UK.\" \/>\n<meta property=\"og:url\" content=\"https:\/\/www.purejewels.com\/de\/produkt-2\/22-kt-gold-cz-zweireihige-reifen-ohrringe-mit-rhodium-finish-fur-frauen\/\" \/>\n<meta property=\"og:site_name\" content=\"PureJewels UK\" \/>\n<meta property=\"article:modified_time\" content=\"2026-01-06T05:08:56+00:00\" \/>\n<meta property=\"og:image\" content=\"https:\/\/www.purejewels.com\/wp-content\/uploads\/2025\/05\/SST381-01I3.png\" \/>\n\t<meta property=\"og:image:width\" content=\"1000\" \/>\n\t<meta property=\"og:image:height\" content=\"1000\" \/>\n\t<meta property=\"og:image:type\" content=\"image\/png\" \/>\n<meta name=\"twitter:card\" content=\"summary_large_image\" \/>\n<meta name=\"twitter:label1\" content=\"Gesch\u00e4tzte Lesezeit\" \/>\n\t<meta name=\"twitter:data1\" content=\"1\u00a0Minute\" \/>\n<script type=\"application\/ld+json\" class=\"yoast-schema-graph\">{\"@context\":\"https:\\\/\\\/schema.org\",\"@graph\":[{\"@type\":[\"WebPage\",\"ItemPage\"],\"@id\":\"https:\\\/\\\/www.purejewels.com\\\/product\\\/22ct-gold-cz-twin-row-hoop-earrings-with-rhodium-finish-for-women\\\/\",\"url\":\"https:\\\/\\\/www.purejewels.com\\\/product\\\/22ct-gold-cz-twin-row-hoop-earrings-with-rhodium-finish-for-women\\\/\",\"name\":\"Shop Twin Row CZ Hoop Earrings in 22ct Gold | PureJewels UK\",\"isPartOf\":{\"@id\":\"https:\\\/\\\/www.purejewels.com\\\/#website\"},\"primaryImageOfPage\":{\"@id\":\"https:\\\/\\\/www.purejewels.com\\\/product\\\/22ct-gold-cz-twin-row-hoop-earrings-with-rhodium-finish-for-women\\\/#primaryimage\"},\"image\":{\"@id\":\"https:\\\/\\\/www.purejewels.com\\\/product\\\/22ct-gold-cz-twin-row-hoop-earrings-with-rhodium-finish-for-women\\\/#primaryimage\"},\"thumbnailUrl\":\"https:\\\/\\\/static.purejewels.com\\\/wp-content\\\/uploads\\\/2025\\\/05\\\/SST381-01I3.png\",\"datePublished\":\"2024-05-27T12:46:09+00:00\",\"dateModified\":\"2026-01-06T05:08:56+00:00\",\"description\":\"Add sparkle to your look with 22ct Gold Twin Row CZ Hoop Earrings\u2014crafted for brilliance, comfort, and timeless charm at PureJewels UK.\",\"breadcrumb\":{\"@id\":\"https:\\\/\\\/www.purejewels.com\\\/product\\\/22ct-gold-cz-twin-row-hoop-earrings-with-rhodium-finish-for-women\\\/#breadcrumb\"},\"inLanguage\":\"de\",\"potentialAction\":[{\"@type\":\"ReadAction\",\"target\":[\"https:\\\/\\\/www.purejewels.com\\\/product\\\/22ct-gold-cz-twin-row-hoop-earrings-with-rhodium-finish-for-women\\\/\"]}]},{\"@type\":\"ImageObject\",\"inLanguage\":\"de\",\"@id\":\"https:\\\/\\\/www.purejewels.com\\\/product\\\/22ct-gold-cz-twin-row-hoop-earrings-with-rhodium-finish-for-women\\\/#primaryimage\",\"url\":\"https:\\\/\\\/static.purejewels.com\\\/wp-content\\\/uploads\\\/2025\\\/05\\\/SST381-01I3.png\",\"contentUrl\":\"https:\\\/\\\/static.purejewels.com\\\/wp-content\\\/uploads\\\/2025\\\/05\\\/SST381-01I3.png\",\"width\":1000,\"height\":1000},{\"@type\":\"BreadcrumbList\",\"@id\":\"https:\\\/\\\/www.purejewels.com\\\/product\\\/22ct-gold-cz-twin-row-hoop-earrings-with-rhodium-finish-for-women\\\/#breadcrumb\",\"itemListElement\":[{\"@type\":\"ListItem\",\"position\":1,\"name\":\"Home\",\"item\":\"https:\\\/\\\/www.purejewels.com\\\/\"},{\"@type\":\"ListItem\",\"position\":2,\"name\":\"Shop\",\"item\":\"https:\\\/\\\/www.purejewels.com\\\/shop\\\/\"},{\"@type\":\"ListItem\",\"position\":3,\"name\":\"22ct Gold CZ Twin Row Hoop Earrings\"}]},{\"@type\":\"WebSite\",\"@id\":\"https:\\\/\\\/www.purejewels.com\\\/#website\",\"url\":\"https:\\\/\\\/www.purejewels.com\\\/\",\"name\":\"PureJewels UK\",\"description\":\"Share the Love\",\"publisher\":{\"@id\":\"https:\\\/\\\/www.purejewels.com\\\/#organization\"},\"potentialAction\":[{\"@type\":\"SearchAction\",\"target\":{\"@type\":\"EntryPoint\",\"urlTemplate\":\"https:\\\/\\\/www.purejewels.com\\\/?s={search_term_string}\"},\"query-input\":{\"@type\":\"PropertyValueSpecification\",\"valueRequired\":true,\"valueName\":\"search_term_string\"}}],\"inLanguage\":\"de\"},{\"@type\":\"Organization\",\"@id\":\"https:\\\/\\\/www.purejewels.com\\\/#organization\",\"name\":\"PureJewels UK\",\"url\":\"https:\\\/\\\/www.purejewels.com\\\/\",\"logo\":{\"@type\":\"ImageObject\",\"inLanguage\":\"de\",\"@id\":\"https:\\\/\\\/www.purejewels.com\\\/#\\\/schema\\\/logo\\\/image\\\/\",\"url\":\"https:\\\/\\\/static.purejewels.com\\\/wp-content\\\/uploads\\\/2020\\\/11\\\/Logo-PJ-New-1.png\",\"contentUrl\":\"https:\\\/\\\/static.purejewels.com\\\/wp-content\\\/uploads\\\/2020\\\/11\\\/Logo-PJ-New-1.png\",\"width\":150,\"height\":80,\"caption\":\"PureJewels UK\"},\"image\":{\"@id\":\"https:\\\/\\\/www.purejewels.com\\\/#\\\/schema\\\/logo\\\/image\\\/\"}}]}<\/script>\n<!-- \/ Yoast SEO plugin. -->","yoast_head_json":{"title":"Shop Twin Row CZ Hoop Ohrringe in 22ct Gold | PureJewels UK","description":"Bringen Sie Ihren Look zum Funkeln mit 22ct Gold Twin Row CZ Hoop Earrings-gefertigt f\u00fcr Brillanz, Komfort und zeitlosen Charme bei PureJewels UK.","robots":{"index":"index","follow":"follow","max-snippet":"max-snippet:-1","max-image-preview":"max-image-preview:large","max-video-preview":"max-video-preview:-1"},"canonical":"https:\/\/www.purejewels.com\/de\/produkt-2\/22-kt-gold-cz-zweireihige-reifen-ohrringe-mit-rhodium-finish-fur-frauen\/","og_locale":"de_DE","og_type":"article","og_title":"Shop Twin Row CZ Hoop Earrings in 22ct Gold | PureJewels UK","og_description":"Add sparkle to your look with 22ct Gold Twin Row CZ Hoop Earrings\u2014crafted for brilliance, comfort, and timeless charm at PureJewels UK.","og_url":"https:\/\/www.purejewels.com\/de\/produkt-2\/22-kt-gold-cz-zweireihige-reifen-ohrringe-mit-rhodium-finish-fur-frauen\/","og_site_name":"PureJewels UK","article_modified_time":"2026-01-06T05:08:56+00:00","og_image":[{"width":1000,"height":1000,"url":"https:\/\/www.purejewels.com\/wp-content\/uploads\/2025\/05\/SST381-01I3.png","type":"image\/png"}],"twitter_card":"summary_large_image","twitter_misc":{"Gesch\u00e4tzte Lesezeit":"1\u00a0Minute"},"schema":{"@context":"https:\/\/schema.org","@graph":[{"@type":["WebPage","ItemPage"],"@id":"https:\/\/www.purejewels.com\/product\/22ct-gold-cz-twin-row-hoop-earrings-with-rhodium-finish-for-women\/","url":"https:\/\/www.purejewels.com\/product\/22ct-gold-cz-twin-row-hoop-earrings-with-rhodium-finish-for-women\/","name":"Shop Twin Row CZ Hoop Ohrringe in 22ct Gold | PureJewels UK","isPartOf":{"@id":"https:\/\/www.purejewels.com\/#website"},"primaryImageOfPage":{"@id":"https:\/\/www.purejewels.com\/product\/22ct-gold-cz-twin-row-hoop-earrings-with-rhodium-finish-for-women\/#primaryimage"},"image":{"@id":"https:\/\/www.purejewels.com\/product\/22ct-gold-cz-twin-row-hoop-earrings-with-rhodium-finish-for-women\/#primaryimage"},"thumbnailUrl":"https:\/\/static.purejewels.com\/wp-content\/uploads\/2025\/05\/SST381-01I3.png","datePublished":"2024-05-27T12:46:09+00:00","dateModified":"2026-01-06T05:08:56+00:00","description":"Bringen Sie Ihren Look zum Funkeln mit 22ct Gold Twin Row CZ Hoop Earrings-gefertigt f\u00fcr Brillanz, Komfort und zeitlosen Charme bei PureJewels UK.","breadcrumb":{"@id":"https:\/\/www.purejewels.com\/product\/22ct-gold-cz-twin-row-hoop-earrings-with-rhodium-finish-for-women\/#breadcrumb"},"inLanguage":"de","potentialAction":[{"@type":"ReadAction","target":["https:\/\/www.purejewels.com\/product\/22ct-gold-cz-twin-row-hoop-earrings-with-rhodium-finish-for-women\/"]}]},{"@type":"ImageObject","inLanguage":"de","@id":"https:\/\/www.purejewels.com\/product\/22ct-gold-cz-twin-row-hoop-earrings-with-rhodium-finish-for-women\/#primaryimage","url":"https:\/\/static.purejewels.com\/wp-content\/uploads\/2025\/05\/SST381-01I3.png","contentUrl":"https:\/\/static.purejewels.com\/wp-content\/uploads\/2025\/05\/SST381-01I3.png","width":1000,"height":1000},{"@type":"BreadcrumbList","@id":"https:\/\/www.purejewels.com\/product\/22ct-gold-cz-twin-row-hoop-earrings-with-rhodium-finish-for-women\/#breadcrumb","itemListElement":[{"@type":"ListItem","position":1,"name":"Home","item":"https:\/\/www.purejewels.com\/"},{"@type":"ListItem","position":2,"name":"Shop","item":"https:\/\/www.purejewels.com\/shop\/"},{"@type":"ListItem","position":3,"name":"22ct Gold CZ Twin Row Hoop Earrings"}]},{"@type":"WebSite","@id":"https:\/\/www.purejewels.com\/#website","url":"https:\/\/www.purejewels.com\/","name":"PureJewels UK","description":"Teile die Liebe","publisher":{"@id":"https:\/\/www.purejewels.com\/#organization"},"potentialAction":[{"@type":"SearchAction","target":{"@type":"EntryPoint","urlTemplate":"https:\/\/www.purejewels.com\/?s={search_term_string}"},"query-input":{"@type":"PropertyValueSpecification","valueRequired":true,"valueName":"search_term_string"}}],"inLanguage":"de"},{"@type":"Organization","@id":"https:\/\/www.purejewels.com\/#organization","name":"PureJewels UK","url":"https:\/\/www.purejewels.com\/","logo":{"@type":"ImageObject","inLanguage":"de","@id":"https:\/\/www.purejewels.com\/#\/schema\/logo\/image\/","url":"https:\/\/static.purejewels.com\/wp-content\/uploads\/2020\/11\/Logo-PJ-New-1.png","contentUrl":"https:\/\/static.purejewels.com\/wp-content\/uploads\/2020\/11\/Logo-PJ-New-1.png","width":150,"height":80,"caption":"PureJewels UK"},"image":{"@id":"https:\/\/www.purejewels.com\/#\/schema\/logo\/image\/"}}]}},"_links":{"self":[{"href":"https:\/\/www.purejewels.com\/de\/wp-json\/wp\/v2\/product\/398655","targetHints":{"allow":["GET"]}}],"collection":[{"href":"https:\/\/www.purejewels.com\/de\/wp-json\/wp\/v2\/product"}],"about":[{"href":"https:\/\/www.purejewels.com\/de\/wp-json\/wp\/v2\/types\/product"}],"replies":[{"embeddable":true,"href":"https:\/\/www.purejewels.com\/de\/wp-json\/wp\/v2\/comments?post=398655"}],"version-history":[{"count":3,"href":"https:\/\/www.purejewels.com\/de\/wp-json\/wp\/v2\/product\/398655\/revisions"}],"predecessor-version":[{"id":418229,"href":"https:\/\/www.purejewels.com\/de\/wp-json\/wp\/v2\/product\/398655\/revisions\/418229"}],"wp:featuredmedia":[{"embeddable":true,"href":"https:\/\/www.purejewels.com\/de\/wp-json\/wp\/v2\/media\/398658"}],"wp:attachment":[{"href":"https:\/\/www.purejewels.com\/de\/wp-json\/wp\/v2\/media?parent=398655"}],"wp:term":[{"taxonomy":"product_brand","embeddable":true,"href":"https:\/\/www.purejewels.com\/de\/wp-json\/wp\/v2\/product_brand?post=398655"},{"taxonomy":"product_cat","embeddable":true,"href":"https:\/\/www.purejewels.com\/de\/wp-json\/wp\/v2\/product_cat?post=398655"},{"taxonomy":"product_tag","embeddable":true,"href":"https:\/\/www.purejewels.com\/de\/wp-json\/wp\/v2\/product_tag?post=398655"}],"curies":[{"name":"wp","href":"https:\/\/api.w.org\/{rel}","templated":true}]}}