{"id":398714,"date":"2024-05-27T14:48:32","date_gmt":"2024-05-27T13:48:32","guid":{"rendered":"https:\/\/www.purejewels.com\/?post_type=product&#038;p=398714"},"modified":"2026-01-06T05:33:52","modified_gmt":"2026-01-06T05:33:52","slug":"22ct-gold-kugel-ohrstecker-mit-schraube-zuruck-sicheren-halt-uk","status":"publish","type":"product","link":"https:\/\/www.purejewels.com\/de\/product\/22ct-gold-ball-stud-earrings-with-screw-back-secure-fitting-uk\/","title":{"rendered":"Sph\u00e4rische Ohrstecker aus 22ct Gold mit Schraubverschluss"},"content":{"rendered":"<p>Diese exquisiten Kugel-Ohrstecker aus 22 Karat Gold mit sicherem Schraubverschluss sind die perfekte Erg\u00e4nzung f\u00fcr jede Schmucksammlung. Gefertigt aus hochwertigem 22-kar\u00e4tigem Gold sind diese kugelf\u00f6rmigen Ohrstecker nicht nur sch\u00f6n, sondern auch haltbar und langlebig. Der Schraubverschluss sorgt f\u00fcr einen sicheren Sitz und macht sie ideal f\u00fcr das t\u00e4gliche Tragen, ohne dass man sich Sorgen machen muss, sie zu verlieren.<\/p>\n<p>Das zeitlose Design dieser goldenen Ohrringe macht sie vielseitig einsetzbar und eignet sich f\u00fcr jeden Anlass, sei es ein l\u00e4ssiger Tag oder ein besonderes Ereignis. Der Durchmesser von 5 mm verleiht jedem Outfit einen subtilen Hauch von Eleganz und macht sie zu einem Must-Have-Accessoire f\u00fcr jede Frau.<\/p>\n<p>PureJewels garantiert die Echtheit dieser Ohrringe mit dem britischen Feingehaltsstempel, um sicherzustellen, dass Sie ein echtes Schmuckst\u00fcck erhalten. Verpassen Sie nicht diese atemberaubenden 22ct Gold Ball Stud Earrings und f\u00fcgen Sie einen Hauch von Luxus zu Ihrer Sammlung heute.<\/p>","protected":false},"excerpt":{"rendered":"<p>Die 22-kar\u00e4tigen Goldkugel-Ohrstecker von PureJewels kombinieren zeitloses Design mit einem sicheren Schraubverschluss f\u00fcr m\u00fchelosen, allt\u00e4glichen Luxus.<\/p>\n<ul>\n<li><strong>Material:<\/strong> 22ct Gold<\/li>\n<li><strong>Wahrzeichen: <\/strong>Britisches G\u00fctesiegel<\/li>\n<li><strong>Bruttogewicht: <\/strong>1.2 Gms<\/li>\n<li><strong>Durchmesser:<\/strong> 5 mm<\/li>\n<li><strong>SKU: <\/strong>51265<\/li>\n<\/ul>\n<p><strong><br \/>\nPreis und Lieferung: <\/strong>Inklusive Mehrwertsteuer und Lieferkosten<br \/>\n<strong><a href=\"https:\/\/www.purejewels.com\/de\/ruckgabepolitik\/\">R\u00fcckgabepolitik<\/a><\/strong><\/p>","protected":false},"featured_media":398715,"comment_status":"closed","ping_status":"closed","template":"","meta":{"_eb_attr":"","_crsspst_to_jayantr4sg-hostcom":true},"product_brand":[],"product_cat":[1793,1792,1790,1254,1229,5342,1577,1573,1574,5349],"product_tag":[5933,5922,66],"class_list":{"0":"post-398714","1":"product","2":"type-product","3":"status-publish","4":"has-post-thumbnail","6":"product_cat-diwali-gifts","7":"product_cat-festival-gifts","8":"product_cat-for-whom-when","9":"product_cat-gold-earrings","10":"product_cat-22ct-gold-jewellery","11":"product_cat-jewellery-under-250","12":"product_cat-stud-earrings","13":"product_cat-wedding-gifts","14":"product_cat-womens-jewellery","15":"product_cat-yellow-gold-jewellery","16":"product_tag-22ct-gold","17":"product_tag-22ct-gold-earrings","18":"product_tag-earrings","20":"first","21":"outofstock","22":"taxable","23":"shipping-taxable","24":"product-type-simple","25":"add-to-wishlist-before_image"},"yoast_head":"<!-- This site is optimized with the Yoast SEO plugin v27.5 - https:\/\/yoast.com\/product\/yoast-seo-wordpress\/ -->\n<title>22ct Gold Ball Stud Earring | Screw Back for Secure Fit<\/title>\n<meta name=\"description\" content=\"Discover elegant 22ct Gold Ball Stud Earrings with a secure screw-back design\u2014crafted for daily wear, comfort, and timeless beauty.\" \/>\n<meta name=\"robots\" content=\"index, follow, max-snippet:-1, max-image-preview:large, max-video-preview:-1\" \/>\n<link rel=\"canonical\" href=\"https:\/\/www.purejewels.com\/de\/produkt-2\/22ct-gold-kugel-ohrstecker-mit-schraube-zuruck-sicheren-halt-uk\/\" \/>\n<meta property=\"og:locale\" content=\"de_DE\" \/>\n<meta property=\"og:type\" content=\"article\" \/>\n<meta property=\"og:title\" content=\"22ct Gold Ball Stud Earring | Screw Back for Secure Fit\" \/>\n<meta property=\"og:description\" content=\"Discover elegant 22ct Gold Ball Stud Earrings with a secure screw-back design\u2014crafted for daily wear, comfort, and timeless beauty.\" \/>\n<meta property=\"og:url\" content=\"https:\/\/www.purejewels.com\/de\/produkt-2\/22ct-gold-kugel-ohrstecker-mit-schraube-zuruck-sicheren-halt-uk\/\" \/>\n<meta property=\"og:site_name\" content=\"PureJewels UK\" \/>\n<meta property=\"article:modified_time\" content=\"2026-01-06T05:33:52+00:00\" \/>\n<meta property=\"og:image\" content=\"https:\/\/www.purejewels.com\/wp-content\/uploads\/2025\/05\/UK4588-12.png\" \/>\n\t<meta property=\"og:image:width\" content=\"1000\" \/>\n\t<meta property=\"og:image:height\" content=\"1000\" \/>\n\t<meta property=\"og:image:type\" content=\"image\/png\" \/>\n<meta name=\"twitter:card\" content=\"summary_large_image\" \/>\n<meta name=\"twitter:label1\" content=\"Gesch\u00e4tzte Lesezeit\" \/>\n\t<meta name=\"twitter:data1\" content=\"1\u00a0Minute\" \/>\n<script type=\"application\/ld+json\" class=\"yoast-schema-graph\">{\"@context\":\"https:\\\/\\\/schema.org\",\"@graph\":[{\"@type\":[\"WebPage\",\"ItemPage\"],\"@id\":\"https:\\\/\\\/www.purejewels.com\\\/product\\\/22ct-gold-ball-stud-earrings-with-screw-back-secure-fitting-uk\\\/\",\"url\":\"https:\\\/\\\/www.purejewels.com\\\/product\\\/22ct-gold-ball-stud-earrings-with-screw-back-secure-fitting-uk\\\/\",\"name\":\"22ct Gold Ball Stud Earring | Screw Back for Secure Fit\",\"isPartOf\":{\"@id\":\"https:\\\/\\\/www.purejewels.com\\\/#website\"},\"primaryImageOfPage\":{\"@id\":\"https:\\\/\\\/www.purejewels.com\\\/product\\\/22ct-gold-ball-stud-earrings-with-screw-back-secure-fitting-uk\\\/#primaryimage\"},\"image\":{\"@id\":\"https:\\\/\\\/www.purejewels.com\\\/product\\\/22ct-gold-ball-stud-earrings-with-screw-back-secure-fitting-uk\\\/#primaryimage\"},\"thumbnailUrl\":\"https:\\\/\\\/static.purejewels.com\\\/wp-content\\\/uploads\\\/2025\\\/05\\\/UK4588-12.png\",\"datePublished\":\"2024-05-27T13:48:32+00:00\",\"dateModified\":\"2026-01-06T05:33:52+00:00\",\"description\":\"Discover elegant 22ct Gold Ball Stud Earrings with a secure screw-back design\u2014crafted for daily wear, comfort, and timeless beauty.\",\"breadcrumb\":{\"@id\":\"https:\\\/\\\/www.purejewels.com\\\/product\\\/22ct-gold-ball-stud-earrings-with-screw-back-secure-fitting-uk\\\/#breadcrumb\"},\"inLanguage\":\"de\",\"potentialAction\":[{\"@type\":\"ReadAction\",\"target\":[\"https:\\\/\\\/www.purejewels.com\\\/product\\\/22ct-gold-ball-stud-earrings-with-screw-back-secure-fitting-uk\\\/\"]}]},{\"@type\":\"ImageObject\",\"inLanguage\":\"de\",\"@id\":\"https:\\\/\\\/www.purejewels.com\\\/product\\\/22ct-gold-ball-stud-earrings-with-screw-back-secure-fitting-uk\\\/#primaryimage\",\"url\":\"https:\\\/\\\/static.purejewels.com\\\/wp-content\\\/uploads\\\/2025\\\/05\\\/UK4588-12.png\",\"contentUrl\":\"https:\\\/\\\/static.purejewels.com\\\/wp-content\\\/uploads\\\/2025\\\/05\\\/UK4588-12.png\",\"width\":1000,\"height\":1000},{\"@type\":\"BreadcrumbList\",\"@id\":\"https:\\\/\\\/www.purejewels.com\\\/product\\\/22ct-gold-ball-stud-earrings-with-screw-back-secure-fitting-uk\\\/#breadcrumb\",\"itemListElement\":[{\"@type\":\"ListItem\",\"position\":1,\"name\":\"Home\",\"item\":\"https:\\\/\\\/www.purejewels.com\\\/\"},{\"@type\":\"ListItem\",\"position\":2,\"name\":\"Shop\",\"item\":\"https:\\\/\\\/www.purejewels.com\\\/shop\\\/\"},{\"@type\":\"ListItem\",\"position\":3,\"name\":\"22ct Gold Spherical Stud Earrings with Screw Back\"}]},{\"@type\":\"WebSite\",\"@id\":\"https:\\\/\\\/www.purejewels.com\\\/#website\",\"url\":\"https:\\\/\\\/www.purejewels.com\\\/\",\"name\":\"PureJewels UK\",\"description\":\"Share the Love\",\"publisher\":{\"@id\":\"https:\\\/\\\/www.purejewels.com\\\/#organization\"},\"potentialAction\":[{\"@type\":\"SearchAction\",\"target\":{\"@type\":\"EntryPoint\",\"urlTemplate\":\"https:\\\/\\\/www.purejewels.com\\\/?s={search_term_string}\"},\"query-input\":{\"@type\":\"PropertyValueSpecification\",\"valueRequired\":true,\"valueName\":\"search_term_string\"}}],\"inLanguage\":\"de\"},{\"@type\":\"Organization\",\"@id\":\"https:\\\/\\\/www.purejewels.com\\\/#organization\",\"name\":\"PureJewels UK\",\"url\":\"https:\\\/\\\/www.purejewels.com\\\/\",\"logo\":{\"@type\":\"ImageObject\",\"inLanguage\":\"de\",\"@id\":\"https:\\\/\\\/www.purejewels.com\\\/#\\\/schema\\\/logo\\\/image\\\/\",\"url\":\"https:\\\/\\\/static.purejewels.com\\\/wp-content\\\/uploads\\\/2020\\\/11\\\/Logo-PJ-New-1.png\",\"contentUrl\":\"https:\\\/\\\/static.purejewels.com\\\/wp-content\\\/uploads\\\/2020\\\/11\\\/Logo-PJ-New-1.png\",\"width\":150,\"height\":80,\"caption\":\"PureJewels UK\"},\"image\":{\"@id\":\"https:\\\/\\\/www.purejewels.com\\\/#\\\/schema\\\/logo\\\/image\\\/\"}}]}<\/script>\n<!-- \/ Yoast SEO plugin. -->","yoast_head_json":{"title":"22ct Gold Kugel-Ohrstecker | Schraube zur\u00fcck f\u00fcr sicheren Sitz","description":"Entdecken Sie elegante 22-kar\u00e4tige Goldkugel-Ohrstecker mit sicherem Schraubverschluss, die f\u00fcr das t\u00e4gliche Tragen, den Komfort und die zeitlose Sch\u00f6nheit geschaffen wurden.","robots":{"index":"index","follow":"follow","max-snippet":"max-snippet:-1","max-image-preview":"max-image-preview:large","max-video-preview":"max-video-preview:-1"},"canonical":"https:\/\/www.purejewels.com\/de\/produkt-2\/22ct-gold-kugel-ohrstecker-mit-schraube-zuruck-sicheren-halt-uk\/","og_locale":"de_DE","og_type":"article","og_title":"22ct Gold Ball Stud Earring | Screw Back for Secure Fit","og_description":"Discover elegant 22ct Gold Ball Stud Earrings with a secure screw-back design\u2014crafted for daily wear, comfort, and timeless beauty.","og_url":"https:\/\/www.purejewels.com\/de\/produkt-2\/22ct-gold-kugel-ohrstecker-mit-schraube-zuruck-sicheren-halt-uk\/","og_site_name":"PureJewels UK","article_modified_time":"2026-01-06T05:33:52+00:00","og_image":[{"width":1000,"height":1000,"url":"https:\/\/www.purejewels.com\/wp-content\/uploads\/2025\/05\/UK4588-12.png","type":"image\/png"}],"twitter_card":"summary_large_image","twitter_misc":{"Gesch\u00e4tzte Lesezeit":"1\u00a0Minute"},"schema":{"@context":"https:\/\/schema.org","@graph":[{"@type":["WebPage","ItemPage"],"@id":"https:\/\/www.purejewels.com\/product\/22ct-gold-ball-stud-earrings-with-screw-back-secure-fitting-uk\/","url":"https:\/\/www.purejewels.com\/product\/22ct-gold-ball-stud-earrings-with-screw-back-secure-fitting-uk\/","name":"22ct Gold Kugel-Ohrstecker | Schraube zur\u00fcck f\u00fcr sicheren Sitz","isPartOf":{"@id":"https:\/\/www.purejewels.com\/#website"},"primaryImageOfPage":{"@id":"https:\/\/www.purejewels.com\/product\/22ct-gold-ball-stud-earrings-with-screw-back-secure-fitting-uk\/#primaryimage"},"image":{"@id":"https:\/\/www.purejewels.com\/product\/22ct-gold-ball-stud-earrings-with-screw-back-secure-fitting-uk\/#primaryimage"},"thumbnailUrl":"https:\/\/static.purejewels.com\/wp-content\/uploads\/2025\/05\/UK4588-12.png","datePublished":"2024-05-27T13:48:32+00:00","dateModified":"2026-01-06T05:33:52+00:00","description":"Entdecken Sie elegante 22-kar\u00e4tige Goldkugel-Ohrstecker mit sicherem Schraubverschluss, die f\u00fcr das t\u00e4gliche Tragen, den Komfort und die zeitlose Sch\u00f6nheit geschaffen wurden.","breadcrumb":{"@id":"https:\/\/www.purejewels.com\/product\/22ct-gold-ball-stud-earrings-with-screw-back-secure-fitting-uk\/#breadcrumb"},"inLanguage":"de","potentialAction":[{"@type":"ReadAction","target":["https:\/\/www.purejewels.com\/product\/22ct-gold-ball-stud-earrings-with-screw-back-secure-fitting-uk\/"]}]},{"@type":"ImageObject","inLanguage":"de","@id":"https:\/\/www.purejewels.com\/product\/22ct-gold-ball-stud-earrings-with-screw-back-secure-fitting-uk\/#primaryimage","url":"https:\/\/static.purejewels.com\/wp-content\/uploads\/2025\/05\/UK4588-12.png","contentUrl":"https:\/\/static.purejewels.com\/wp-content\/uploads\/2025\/05\/UK4588-12.png","width":1000,"height":1000},{"@type":"BreadcrumbList","@id":"https:\/\/www.purejewels.com\/product\/22ct-gold-ball-stud-earrings-with-screw-back-secure-fitting-uk\/#breadcrumb","itemListElement":[{"@type":"ListItem","position":1,"name":"Home","item":"https:\/\/www.purejewels.com\/"},{"@type":"ListItem","position":2,"name":"Shop","item":"https:\/\/www.purejewels.com\/shop\/"},{"@type":"ListItem","position":3,"name":"22ct Gold Spherical Stud Earrings with Screw Back"}]},{"@type":"WebSite","@id":"https:\/\/www.purejewels.com\/#website","url":"https:\/\/www.purejewels.com\/","name":"PureJewels UK","description":"Teile die Liebe","publisher":{"@id":"https:\/\/www.purejewels.com\/#organization"},"potentialAction":[{"@type":"SearchAction","target":{"@type":"EntryPoint","urlTemplate":"https:\/\/www.purejewels.com\/?s={search_term_string}"},"query-input":{"@type":"PropertyValueSpecification","valueRequired":true,"valueName":"search_term_string"}}],"inLanguage":"de"},{"@type":"Organization","@id":"https:\/\/www.purejewels.com\/#organization","name":"PureJewels UK","url":"https:\/\/www.purejewels.com\/","logo":{"@type":"ImageObject","inLanguage":"de","@id":"https:\/\/www.purejewels.com\/#\/schema\/logo\/image\/","url":"https:\/\/static.purejewels.com\/wp-content\/uploads\/2020\/11\/Logo-PJ-New-1.png","contentUrl":"https:\/\/static.purejewels.com\/wp-content\/uploads\/2020\/11\/Logo-PJ-New-1.png","width":150,"height":80,"caption":"PureJewels UK"},"image":{"@id":"https:\/\/www.purejewels.com\/#\/schema\/logo\/image\/"}}]}},"_links":{"self":[{"href":"https:\/\/www.purejewels.com\/de\/wp-json\/wp\/v2\/product\/398714","targetHints":{"allow":["GET"]}}],"collection":[{"href":"https:\/\/www.purejewels.com\/de\/wp-json\/wp\/v2\/product"}],"about":[{"href":"https:\/\/www.purejewels.com\/de\/wp-json\/wp\/v2\/types\/product"}],"replies":[{"embeddable":true,"href":"https:\/\/www.purejewels.com\/de\/wp-json\/wp\/v2\/comments?post=398714"}],"version-history":[{"count":4,"href":"https:\/\/www.purejewels.com\/de\/wp-json\/wp\/v2\/product\/398714\/revisions"}],"predecessor-version":[{"id":420781,"href":"https:\/\/www.purejewels.com\/de\/wp-json\/wp\/v2\/product\/398714\/revisions\/420781"}],"wp:featuredmedia":[{"embeddable":true,"href":"https:\/\/www.purejewels.com\/de\/wp-json\/wp\/v2\/media\/398715"}],"wp:attachment":[{"href":"https:\/\/www.purejewels.com\/de\/wp-json\/wp\/v2\/media?parent=398714"}],"wp:term":[{"taxonomy":"product_brand","embeddable":true,"href":"https:\/\/www.purejewels.com\/de\/wp-json\/wp\/v2\/product_brand?post=398714"},{"taxonomy":"product_cat","embeddable":true,"href":"https:\/\/www.purejewels.com\/de\/wp-json\/wp\/v2\/product_cat?post=398714"},{"taxonomy":"product_tag","embeddable":true,"href":"https:\/\/www.purejewels.com\/de\/wp-json\/wp\/v2\/product_tag?post=398714"}],"curies":[{"name":"wp","href":"https:\/\/api.w.org\/{rel}","templated":true}]}}